 {"id":2838,"date":"2021-02-17T04:05:16","date_gmt":"2021-02-17T04:05:16","guid":{"rendered":"https:\/\/www.feyalegria.org\/argentina\/?page_id=2838"},"modified":"2025-08-20T15:51:24","modified_gmt":"2025-08-20T15:51:24","slug":"sanjuan","status":"publish","type":"page","link":"https:\/\/www.feyalegria.org\/argentina\/sanjuan\/","title":{"rendered":"CENTRO EDUCATIVO FE Y ALEGRIA SAN JUAN"},"content":{"rendered":"<div class=\"wpb-content-wrapper\"><p>[vc_row][vc_column width=&#8221;2\/3&#8243;][vc_column_text]<\/p>\n<h1>FE Y ALEGRIA SAN JUAN<\/h1>\n<p>[\/vc_column_text][\/vc_column][vc_column width=&#8221;1\/3&#8243;]<a href=\"https:\/\/www.feyalegria.org\/argentina\/donde-estamos\/\" title=\"D\u00f3nde estamos\"  data-id=\"mpc_button-3169d7317f4f464\" class=\"mpc-button mpc-init mpc-transition mpc-typography--default \" ><div class=\"mpc-button__content mpc-effect-type--stay mpc-effect-side--left\"><i class=\"mpc-button__icon mpc-transition  fa fa-caret-left\"><\/i><span class=\"mpc-button__title mpc-transition\">Regresar al mapa<\/span><\/div><div class=\"mpc-button__background mpc-transition mpc-effect-type--fade mpc-effect-side--in\"><\/div><\/a>[\/vc_column][\/vc_row][vc_row content_placement=&#8221;middle&#8221; css=&#8221;.vc_custom_1613527971484{padding-top: 20px !important;}&#8221;][vc_column][vc_column_text][\/vc_column_text][vc_column_text css=&#8221;&#8221;]<strong>Desde 2017<\/strong><\/p>\n<p><span style=\"font-weight: 400\">Fe y Alegr\u00eda San Juan inici\u00f3 sus actividades en 2017. En sus comienzos<\/span> brindaba acompa\u00f1amiento y talleres de formaci\u00f3n para el trabajo exclusivamente a mujeres que cumpl\u00edan penas privativas de la libertad. Su objetivo era contribuir a la rehabilitaci\u00f3n y reducir la reincidencia a trav\u00e9s de la oferta de actividades que permitieran a estas mujeres, adquirir conocimientos y aptitudes que favorezcan oportunidades de empleo y reinserci\u00f3n en la sociedad.<\/p>\n<p><span style=\"font-weight: 400\">En la actualidad, Fe y Alegr\u00eda San Juan cuenta con un equipo interdisciplinario formado por voluntarios y voluntarias que coordina dentro y fuera del servicio penitenciario <\/span><b>Talleres de Competencias Laborales<\/b><span style=\"font-weight: 400\"> y <\/span><b>Talleres de<\/b> <b>Inteligencia Emocional. <\/b><span style=\"font-weight: 400\">Estos talleres tienen el objetivo de favorecer la integraci\u00f3n laboral y social a trav\u00e9s de la construcci\u00f3n de un proyecto de vida.\u00a0<\/span><\/p>\n<p>Actualmente cuenta con presencia en el <strong data-start=\"526\" data-end=\"547\">Centro La Higuera<\/strong>, dentro del Servicio Penitenciario Provincial, y en el <strong data-start=\"603\" data-end=\"633\">Centro del barrio Aramburu<\/strong>, en Rivadavia.<\/p>\n<p data-start=\"1733\" data-end=\"1968\">En el <strong data-start=\"1739\" data-end=\"1771\">Centro Fe y Alegr\u00eda San Juan<\/strong>, ubicado en el barrio Aramburu, se dictan cada a\u00f1o <strong data-start=\"1823\" data-end=\"1871\">talleres gratuitos con certificaci\u00f3n oficial<\/strong> que permiten a j\u00f3venes y adultos acceder a nuevas oportunidades de formaci\u00f3n y salida laboral.<\/p>\n<p data-start=\"1970\" data-end=\"2040\">Algunas de las propuestas que ya forman parte de la experiencia son:<\/p>\n<ul data-start=\"2041\" data-end=\"2566\">\n<li data-start=\"2041\" data-end=\"2172\">\n<p data-start=\"2043\" data-end=\"2172\"><strong data-start=\"2043\" data-end=\"2076\">Reciclado textil y mu\u00f1equer\u00eda<\/strong>: creatividad, reutilizaci\u00f3n de textiles y dise\u00f1o de mu\u00f1ecos con mirada ambiental y de g\u00e9nero.<\/p>\n<\/li>\n<li data-start=\"2173\" data-end=\"2284\">\n<p data-start=\"2175\" data-end=\"2284\"><strong data-start=\"2175\" data-end=\"2205\">Dise\u00f1o y confecci\u00f3n textil<\/strong>: desde el uso de la m\u00e1quina de coser hasta la confecci\u00f3n de prendas propias.<\/p>\n<\/li>\n<li data-start=\"2285\" data-end=\"2358\">\n<p data-start=\"2287\" data-end=\"2358\"><strong data-start=\"2287\" data-end=\"2299\">Est\u00e9tica<\/strong>: exploraci\u00f3n art\u00edstica aplicada al peinado y maquillaje.<\/p>\n<\/li>\n<li data-start=\"2359\" data-end=\"2468\">\n<p data-start=\"2361\" data-end=\"2468\"><strong data-start=\"2361\" data-end=\"2388\">Gastronom\u00eda y panader\u00eda<\/strong>: t\u00e9cnicas b\u00e1sicas de cocina, panader\u00eda y pasteler\u00eda, con niveles progresivos.<\/p>\n<\/li>\n<li data-start=\"2469\" data-end=\"2566\">\n<p data-start=\"2471\" data-end=\"2566\"><strong data-start=\"2471\" data-end=\"2503\">Belleza de manos y manicur\u00eda<\/strong>: desde esmaltado semipermanente hasta nail art y esculpidas.<\/p>\n<\/li>\n<\/ul>\n<p data-start=\"2568\" data-end=\"2782\">Durante 2024, <strong data-start=\"2582\" data-end=\"2629\">134 personas participaron en estos talleres<\/strong>, de las cuales <strong data-start=\"2645\" data-end=\"2680\">105 fueron mujeres y 39 varones<\/strong>, lo que refleja el fuerte inter\u00e9s de la comunidad en formarse, emprender y abrir nuevos horizontes.<\/p>\n<p><span style=\"font-weight: 400\">Direcci\u00f3n: https:\/\/maps.app.goo.gl\/qJddiu6ApLp8i6Wr6\u00a0 \u00a0<\/span><\/p>\n<p><span style=\"font-weight: 400\">Tel: +54 9 2644 72-6551\u00a0 <\/span><a href=\"mailto:sanjuan@feyalegria.org.ar\"><span style=\"font-weight: 400\">sanjuan@feyalegria.org.ar<\/span><\/a><\/p>\n<p>Facebook: <a href=\"https:\/\/www.facebook.com\/sanjuanfeyalegria\" target=\"_blank\" rel=\"noopener\"><em><strong>https:\/\/www.facebook.com\/sanjuanfeyalegria <\/strong><\/em><\/a><\/p>\n<p><a href=\"https:\/\/preinscripcion.my.canva.site\/fya?fbclid=PAZXh0bgNhZW0CMTEAAafEo3dpWzcgKSl9H1q_byyiT9WXuVIeDsxfhsu2bJVGy35j6RTn9c9iywA_hQ_aem_qq7w-b0QbcF9QHfN_CfxdQ\">Pre Inscripciones<\/a>[\/vc_column_text][vc_row_inner content_placement=&#8221;middle&#8221;][vc_column_inner width=&#8221;1\/4&#8243;][vc_single_image image=&#8221;2670&#8243; img_size=&#8221;300&#8243; alignment=&#8221;center&#8221;][\/vc_column_inner][vc_column_inner width=&#8221;1\/4&#8243;][vc_single_image image=&#8221;2669&#8243; img_size=&#8221;300&#8243; alignment=&#8221;center&#8221;][\/vc_column_inner][vc_column_inner width=&#8221;1\/4&#8243;][vc_single_image image=&#8221;2671&#8243; img_size=&#8221;300&#8243; alignment=&#8221;center&#8221;][\/vc_column_inner][vc_column_inner width=&#8221;1\/4&#8243;][vc_single_image image=&#8221;2672&#8243; img_size=&#8221;300&#8243; alignment=&#8221;center&#8221;][\/vc_column_inner][\/vc_row_inner][vc_row_inner content_placement=&#8221;middle&#8221;][vc_column_inner width=&#8221;1\/4&#8243;][vc_single_image image=&#8221;3431&#8243; img_size=&#8221;300&#8243; alignment=&#8221;center&#8221;][\/vc_column_inner][vc_column_inner width=&#8221;1\/4&#8243;][vc_single_image image=&#8221;3426&#8243; img_size=&#8221;300&#8243; alignment=&#8221;center&#8221;][\/vc_column_inner][vc_column_inner width=&#8221;1\/4&#8243;][vc_single_image image=&#8221;3429&#8243; img_size=&#8221;300&#8243; alignment=&#8221;center&#8221;][\/vc_column_inner][vc_column_inner width=&#8221;1\/4&#8243;][vc_single_image image=&#8221;3430&#8243; img_size=&#8221;300&#8243; alignment=&#8221;center&#8221;][\/vc_column_inner][\/vc_row_inner][\/vc_column][\/vc_row][vc_row css=&#8221;.vc_custom_1613528167583{padding-top: 40px !important;}&#8221;][vc_column width=&#8221;1\/3&#8243;][vc_gmaps link=&#8221;#E-8_JTNDaWZyYW1lJTIwc3JjJTNEJTIyaHR0cHMlM0ElMkYlMkZ3d3cuZ29vZ2xlLmNvbSUyRm1hcHMlMkZlbWJlZCUzRnBiJTNEJTIxMW0xOCUyMTFtMTIlMjExbTMlMjExZDUwNS42MDg4MTg1Nzg5MjE1JTIxMmQtNjguNTYzOTk2MTY1MDExODYlMjEzZC0zMS41MTU0NDgzNzI0MzM0NCUyMTJtMyUyMTFmMCUyMTJmMCUyMTNmMCUyMTNtMiUyMTFpMTAyNCUyMTJpNzY4JTIxNGYxMy4xJTIxM20zJTIxMW0yJTIxMXMweDk2ODE0MWRhMzU3NTliZjElMjUzQTB4NWU3ODI4ZjAxNzU2ZjA0MiUyMTJzRmUlMjUyMHklMjUyMGFsZWdyaWElMjE1ZTAlMjEzbTIlMjExc2VzLTQxOSUyMTJzYXIlMjE0djE3NTU3MDQ4MjQ3MTIlMjE1bTIlMjExc2VzLTQxOSUyMTJzYXIlMjIlMjB3aWR0aCUzRCUyMjYwMCUyMiUyMGhlaWdodCUzRCUyMjQ1MCUyMiUyMHN0eWxlJTNEJTIyYm9yZGVyJTNBMCUzQiUyMiUyMGFsbG93ZnVsbHNjcmVlbiUzRCUyMiUyMiUyMGxvYWRpbmclM0QlMjJsYXp5JTIyJTIwcmVmZXJyZXJwb2xpY3klM0QlMjJuby1yZWZlcnJlci13aGVuLWRvd25ncmFkZSUyMiUzRSUzQyUyRmlmcmFtZSUzRQ==&#8221; css=&#8221;&#8221;][\/vc_column][\/vc_row][vc_row][vc_column]<div style=\"background-color:;height: 50px\" class=\"nicdark_section  \"><\/div>[\/vc_column][\/vc_row][vc_row][vc_column width=&#8221;1\/2&#8243;][vc_column_text]<span style=\"font-weight: 400\">Talleres Servicio Penitenciario<\/span><\/p>\n<ol>\n<li><span style=\"font-weight: 400\"> Taller de lenguajes audiovisuales (cine comunitario)<\/span><\/li>\n<li><span style=\"font-weight: 400\"> Mu\u00f1equeria<\/span><\/li>\n<li><span style=\"font-weight: 400\"> Costura B\u00e1sica<\/span><\/li>\n<li><span style=\"font-weight: 400\"> Autoconfianza<\/span><\/li>\n<li><span style=\"font-weight: 400\"> Autocontrol<\/span><\/li>\n<li><span style=\"font-weight: 400\"> Est\u00e9tica<\/span><\/li>\n<\/ol>\n<p>[\/vc_column_text][\/vc_column][vc_column width=&#8221;1\/2&#8243;][vc_column_text css=&#8221;&#8221;]<span style=\"font-weight: 400\">Talleres Casa Fe y Alegr\u00eda (Barrio Aramburu)<\/span><\/p>\n<ul>\n<li data-start=\"80\" data-end=\"118\">\n<p data-start=\"83\" data-end=\"118\"><strong data-start=\"83\" data-end=\"116\">Reciclado textil y mu\u00f1equer\u00eda<\/strong><\/p>\n<\/li>\n<li data-start=\"119\" data-end=\"154\">\n<p data-start=\"122\" data-end=\"154\"><strong data-start=\"122\" data-end=\"152\">Dise\u00f1o y confecci\u00f3n textil<\/strong><\/p>\n<\/li>\n<li data-start=\"155\" data-end=\"172\">\n<p data-start=\"158\" data-end=\"172\"><strong data-start=\"158\" data-end=\"170\">Est\u00e9tica<\/strong><\/p>\n<\/li>\n<li data-start=\"173\" data-end=\"205\">\n<p data-start=\"176\" data-end=\"205\"><strong data-start=\"176\" data-end=\"203\">Gastronom\u00eda y panader\u00eda<\/strong><\/p>\n<\/li>\n<li data-start=\"206\" data-end=\"243\">\n<p data-start=\"209\" data-end=\"243\"><strong data-start=\"209\" data-end=\"241\">Belleza de manos y manicur\u00eda<\/strong><\/p>\n<\/li>\n<\/ul>\n<p>[\/vc_column_text][\/vc_column][\/vc_row][vc_row][vc_column width=&#8221;1\/2&#8243;][vc_raw_html css=&#8221;&#8221;]JTNDZGl2JTIwaWQlM0QlMjJmYi1yb290JTIyJTNFJTNDJTJGZGl2JTNFJTBBJTNDc2NyaXB0JTIwYXN5bmMlMjBkZWZlciUyMGNyb3Nzb3JpZ2luJTNEJTIyYW5vbnltb3VzJTIyJTIwc3JjJTNEJTIyaHR0cHMlM0ElMkYlMkZjb25uZWN0LmZhY2Vib29rLm5ldCUyRmVzX0VTJTJGc2RrLmpzJTIzeGZibWwlM0QxJTI2dmVyc2lvbiUzRHYxMi4wJTIyJTIwbm9uY2UlM0QlMjJ1aGkxTGhJdiUyMiUzRSUzQyUyRnNjcmlwdCUzRSUwQSUzQ2RpdiUyMGNsYXNzJTNEJTIyZmItcGFnZSUyMiUyMGRhdGEtaHJlZiUzRCUyMmh0dHBzJTNBJTJGJTJGd3d3LmZhY2Vib29rLmNvbSUyRmZleWFsZWdyaWFzYW5qdWFuJTIyJTIwZGF0YS10YWJzJTNEJTIydGltZWxpbmUlMjIlMjBkYXRhLXdpZHRoJTNEJTIyJTIyJTIwZGF0YS1oZWlnaHQlM0QlMjIlMjIlMjBkYXRhLXNtYWxsLWhlYWRlciUzRCUyMmZhbHNlJTIyJTIwZGF0YS1hZGFwdC1jb250YWluZXItd2lkdGglM0QlMjJ0cnVlJTIyJTIwZGF0YS1oaWRlLWNvdmVyJTNEJTIyZmFsc2UlMjIlMjBkYXRhLXNob3ctZmFjZXBpbGUlM0QlMjJ0cnVlJTIyJTNFJTNDYmxvY2txdW90ZSUyMGNpdGUlM0QlMjJodHRwcyUzQSUyRiUyRnd3dy5mYWNlYm9vay5jb20lMkZmZXlhbGVncmlhc2FuanVhbiUyMiUyMGNsYXNzJTNEJTIyZmIteGZibWwtcGFyc2UtaWdub3JlJTIyJTNFJTNDYSUyMGhyZWYlM0QlMjJodHRwcyUzQSUyRiUyRnd3dy5mYWNlYm9vay5jb20lMkZmZXlhbGVncmlhc2FuanVhbiUyMiUzRUNhc2ElMjBGZSUyMHklMjBBbGVnciVDMyVBRGElMjAlM0MlMkZhJTNFJTNDJTJGYmxvY2txdW90ZSUzRSUzQyUyRmRpdiUzRQ==[\/vc_raw_html][\/vc_column][vc_column width=&#8221;1\/2&#8243;][\/vc_column][\/vc_row]<\/p>\n<\/div>","protected":false},"excerpt":{"rendered":"<p>[vc_row][vc_column width=&#8221;2\/3&#8243;][vc_column_text] FE Y ALEGRIA SAN JUAN [\/vc_column_text][\/vc_column][vc_column width=&#8221;1\/3&#8243;][\/vc_column][\/vc_row][vc_row content_placement=&#8221;middle&#8221; css=&#8221;.vc_custom_1613527971484{padding-top: 20px !important;}&#8221;][vc_column][vc_column_text][\/vc_column_text][vc_column_text css=&#8221;&#8221;]Desde 2017 Fe y Alegr\u00eda San Juan inici\u00f3 sus actividades en 2017. En sus comienzos brindaba acompa\u00f1amiento y talleres de formaci\u00f3n para el trabajo exclusivamente a mujeres que cumpl\u00edan penas privativas de la libertad. Su objetivo era contribuir a la rehabilitaci\u00f3n y<\/p>\n","protected":false},"author":19,"featured_media":0,"parent":0,"menu_order":0,"comment_status":"closed","ping_status":"closed","template":"","meta":{"_acf_changed":false,"footnotes":""},"folder":[],"class_list":["post-2838","page","type-page","status-publish","hentry"],"acf":[],"yoast_head":"<!-- This site is optimized with the Yoast SEO plugin v27.2 - https:\/\/yoast.com\/product\/yoast-seo-wordpress\/ -->\n<title>CENTRO EDUCATIVO FE Y ALEGRIA SAN JUAN - #SomosFeyAlegria en Argentina<\/title>\n<meta name=\"robots\" content=\"index, follow, max-snippet:-1, max-image-preview:large, max-video-preview:-1\" \/>\n<link rel=\"canonical\" href=\"https:\/\/www.feyalegria.org\/argentina\/sanjuan\/\" \/>\n<meta property=\"og:locale\" content=\"es_ES\" \/>\n<meta property=\"og:type\" content=\"article\" \/>\n<meta property=\"og:title\" content=\"CENTRO EDUCATIVO FE Y ALEGRIA SAN JUAN - #SomosFeyAlegria en Argentina\" \/>\n<meta property=\"og:description\" content=\"[vc_row][vc_column width=&#8221;2\/3&#8243;][vc_column_text] FE Y ALEGRIA SAN JUAN [\/vc_column_text][\/vc_column][vc_column width=&#8221;1\/3&#8243;][\/vc_column][\/vc_row][vc_row content_placement=&#8221;middle&#8221; css=&#8221;.vc_custom_1613527971484{padding-top: 20px !important;}&#8221;][vc_column][vc_column_text][\/vc_column_text][vc_column_text css=&#8221;&#8221;]Desde 2017 Fe y Alegr\u00eda San Juan inici\u00f3 sus actividades en 2017. En sus comienzos brindaba acompa\u00f1amiento y talleres de formaci\u00f3n para el trabajo exclusivamente a mujeres que cumpl\u00edan penas privativas de la libertad. Su objetivo era contribuir a la rehabilitaci\u00f3n y\" \/>\n<meta property=\"og:url\" content=\"https:\/\/www.feyalegria.org\/argentina\/sanjuan\/\" \/>\n<meta property=\"og:site_name\" content=\"#SomosFeyAlegria en Argentina\" \/>\n<meta property=\"article:modified_time\" content=\"2025-08-20T15:51:24+00:00\" \/>\n<meta name=\"twitter:card\" content=\"summary_large_image\" \/>\n<meta name=\"twitter:label1\" content=\"Tiempo de lectura\" \/>\n\t<meta name=\"twitter:data1\" content=\"3 minutos\" \/>\n<script type=\"application\/ld+json\" class=\"yoast-schema-graph\">{\"@context\":\"https:\/\/schema.org\",\"@graph\":[{\"@type\":\"WebPage\",\"@id\":\"https:\/\/www.feyalegria.org\/argentina\/sanjuan\/\",\"url\":\"https:\/\/www.feyalegria.org\/argentina\/sanjuan\/\",\"name\":\"CENTRO EDUCATIVO FE Y ALEGRIA SAN JUAN - #SomosFeyAlegria en Argentina\",\"isPartOf\":{\"@id\":\"https:\/\/www.feyalegria.org\/argentina\/#website\"},\"datePublished\":\"2021-02-17T04:05:16+00:00\",\"dateModified\":\"2025-08-20T15:51:24+00:00\",\"breadcrumb\":{\"@id\":\"https:\/\/www.feyalegria.org\/argentina\/sanjuan\/#breadcrumb\"},\"inLanguage\":\"es-CO\",\"potentialAction\":[{\"@type\":\"ReadAction\",\"target\":[\"https:\/\/www.feyalegria.org\/argentina\/sanjuan\/\"]}]},{\"@type\":\"BreadcrumbList\",\"@id\":\"https:\/\/www.feyalegria.org\/argentina\/sanjuan\/#breadcrumb\",\"itemListElement\":[{\"@type\":\"ListItem\",\"position\":1,\"name\":\"Home\",\"item\":\"https:\/\/www.feyalegria.org\/argentina\/\"},{\"@type\":\"ListItem\",\"position\":2,\"name\":\"CENTRO EDUCATIVO FE Y ALEGRIA SAN JUAN\"}]},{\"@type\":\"WebSite\",\"@id\":\"https:\/\/www.feyalegria.org\/argentina\/#website\",\"url\":\"https:\/\/www.feyalegria.org\/argentina\/\",\"name\":\"#SomosFeyAlegria en Argentina\",\"description\":\"\",\"potentialAction\":[{\"@type\":\"SearchAction\",\"target\":{\"@type\":\"EntryPoint\",\"urlTemplate\":\"https:\/\/www.feyalegria.org\/argentina\/?s={search_term_string}\"},\"query-input\":{\"@type\":\"PropertyValueSpecification\",\"valueRequired\":true,\"valueName\":\"search_term_string\"}}],\"inLanguage\":\"es-CO\"}]}<\/script>\n<!-- \/ Yoast SEO plugin. -->","yoast_head_json":{"title":"CENTRO EDUCATIVO FE Y ALEGRIA SAN JUAN - #SomosFeyAlegria en Argentina","robots":{"index":"index","follow":"follow","max-snippet":"max-snippet:-1","max-image-preview":"max-image-preview:large","max-video-preview":"max-video-preview:-1"},"canonical":"https:\/\/www.feyalegria.org\/argentina\/sanjuan\/","og_locale":"es_ES","og_type":"article","og_title":"CENTRO EDUCATIVO FE Y ALEGRIA SAN JUAN - #SomosFeyAlegria en Argentina","og_description":"[vc_row][vc_column width=&#8221;2\/3&#8243;][vc_column_text] FE Y ALEGRIA SAN JUAN [\/vc_column_text][\/vc_column][vc_column width=&#8221;1\/3&#8243;][\/vc_column][\/vc_row][vc_row content_placement=&#8221;middle&#8221; css=&#8221;.vc_custom_1613527971484{padding-top: 20px !important;}&#8221;][vc_column][vc_column_text][\/vc_column_text][vc_column_text css=&#8221;&#8221;]Desde 2017 Fe y Alegr\u00eda San Juan inici\u00f3 sus actividades en 2017. En sus comienzos brindaba acompa\u00f1amiento y talleres de formaci\u00f3n para el trabajo exclusivamente a mujeres que cumpl\u00edan penas privativas de la libertad. Su objetivo era contribuir a la rehabilitaci\u00f3n y","og_url":"https:\/\/www.feyalegria.org\/argentina\/sanjuan\/","og_site_name":"#SomosFeyAlegria en Argentina","article_modified_time":"2025-08-20T15:51:24+00:00","twitter_card":"summary_large_image","twitter_misc":{"Tiempo de lectura":"3 minutos"},"schema":{"@context":"https:\/\/schema.org","@graph":[{"@type":"WebPage","@id":"https:\/\/www.feyalegria.org\/argentina\/sanjuan\/","url":"https:\/\/www.feyalegria.org\/argentina\/sanjuan\/","name":"CENTRO EDUCATIVO FE Y ALEGRIA SAN JUAN - #SomosFeyAlegria en Argentina","isPartOf":{"@id":"https:\/\/www.feyalegria.org\/argentina\/#website"},"datePublished":"2021-02-17T04:05:16+00:00","dateModified":"2025-08-20T15:51:24+00:00","breadcrumb":{"@id":"https:\/\/www.feyalegria.org\/argentina\/sanjuan\/#breadcrumb"},"inLanguage":"es-CO","potentialAction":[{"@type":"ReadAction","target":["https:\/\/www.feyalegria.org\/argentina\/sanjuan\/"]}]},{"@type":"BreadcrumbList","@id":"https:\/\/www.feyalegria.org\/argentina\/sanjuan\/#breadcrumb","itemListElement":[{"@type":"ListItem","position":1,"name":"Home","item":"https:\/\/www.feyalegria.org\/argentina\/"},{"@type":"ListItem","position":2,"name":"CENTRO EDUCATIVO FE Y ALEGRIA SAN JUAN"}]},{"@type":"WebSite","@id":"https:\/\/www.feyalegria.org\/argentina\/#website","url":"https:\/\/www.feyalegria.org\/argentina\/","name":"#SomosFeyAlegria en Argentina","description":"","potentialAction":[{"@type":"SearchAction","target":{"@type":"EntryPoint","urlTemplate":"https:\/\/www.feyalegria.org\/argentina\/?s={search_term_string}"},"query-input":{"@type":"PropertyValueSpecification","valueRequired":true,"valueName":"search_term_string"}}],"inLanguage":"es-CO"}]}},"_links":{"self":[{"href":"https:\/\/www.feyalegria.org\/argentina\/wp-json\/wp\/v2\/pages\/2838","targetHints":{"allow":["GET"]}}],"collection":[{"href":"https:\/\/www.feyalegria.org\/argentina\/wp-json\/wp\/v2\/pages"}],"about":[{"href":"https:\/\/www.feyalegria.org\/argentina\/wp-json\/wp\/v2\/types\/page"}],"author":[{"embeddable":true,"href":"https:\/\/www.feyalegria.org\/argentina\/wp-json\/wp\/v2\/users\/19"}],"replies":[{"embeddable":true,"href":"https:\/\/www.feyalegria.org\/argentina\/wp-json\/wp\/v2\/comments?post=2838"}],"version-history":[{"count":3,"href":"https:\/\/www.feyalegria.org\/argentina\/wp-json\/wp\/v2\/pages\/2838\/revisions"}],"predecessor-version":[{"id":13466,"href":"https:\/\/www.feyalegria.org\/argentina\/wp-json\/wp\/v2\/pages\/2838\/revisions\/13466"}],"wp:attachment":[{"href":"https:\/\/www.feyalegria.org\/argentina\/wp-json\/wp\/v2\/media?parent=2838"}],"wp:term":[{"taxonomy":"folder","embeddable":true,"href":"https:\/\/www.feyalegria.org\/argentina\/wp-json\/wp\/v2\/folder?post=2838"}],"curies":[{"name":"wp","href":"https:\/\/api.w.org\/{rel}","templated":true}]}}