 {"id":2995,"date":"2021-03-11T20:51:56","date_gmt":"2021-03-11T20:51:56","guid":{"rendered":"https:\/\/www.feyalegria.org\/argentina\/?page_id=2995"},"modified":"2023-06-15T15:28:42","modified_gmt":"2023-06-15T15:28:42","slug":"centro-fe-y-alegria-boqueron","status":"publish","type":"page","link":"https:\/\/www.feyalegria.org\/argentina\/centro-fe-y-alegria-boqueron\/","title":{"rendered":"Centro Fe y Alegr\u00eda Boquer\u00f3n"},"content":{"rendered":"<div class=\"wpb-content-wrapper\"><p>[vc_row][vc_column width=&#8221;2\/3&#8243;][vc_column_text]<\/p>\n<h1>Centro Fe y Alegr\u00eda Boquer\u00f3n<\/h1>\n<p>[\/vc_column_text][\/vc_column][vc_column width=&#8221;1\/3&#8243;]<a href=\"https:\/\/www.feyalegria.org\/argentina\/donde-estamos\/\" title=\"D\u00f3nde estamos\"  data-id=\"mpc_button-869dfe2d9e616b\" class=\"mpc-button mpc-init mpc-transition mpc-typography--default \" ><div class=\"mpc-button__content mpc-effect-type--stay mpc-effect-side--left\"><i class=\"mpc-button__icon mpc-transition  fa fa-caret-left\"><\/i><span class=\"mpc-button__title mpc-transition\">Regresar al mapa<\/span><\/div><div class=\"mpc-button__background mpc-transition mpc-effect-type--fade mpc-effect-side--in\"><\/div><\/a>[\/vc_column][\/vc_row][vc_row][vc_column][vc_empty_space height=&#8221;20px&#8221;][vc_separator color=&#8221;custom&#8221; accent_color=&#8221;#aa0f16&#8243;][\/vc_column][\/vc_row][vc_row css=&#8221;.vc_custom_1615552581866{padding-top: 20px !important;}&#8221;][vc_column width=&#8221;2\/3&#8243;][vc_column_text]<strong>Desde 2021<\/strong><\/p>\n<p style=\"text-align: justify;\"><span style=\"font-weight: 400;\">En articulaci\u00f3n con el Ministerio de Trabajo y el INTA est\u00e1n pr\u00f3ximos a abrir talleres de Mec\u00e1nica de Motos, Carpinter\u00eda, Curtiembre y Talabarter\u00eda, Reposter\u00eda Artesanal y Telar Artesanal. Hace m\u00e1s de 250 a\u00f1os que los Jesuitas tienen presencia en la comunidad con la Parroquia San Jos\u00e9 de las Petacas y Fe y Alegr\u00eda se suma con este l\u00ednea fortaleciendo a\u00fan m\u00e1s la formaci\u00f3n para el trabajo. (<a href=\"http:\/\/jesuitasboqueron.com.ar\">http:\/\/jesuitasboqueron.com.ar<\/a> ) <\/span><\/p>\n<p>[\/vc_column_text][\/vc_column][vc_column width=&#8221;1\/3&#8243; alignment=&#8221;center&#8221;][vc_single_image image=&#8221;2999&#8243; img_size=&#8221;300&#8243;][\/vc_column][\/vc_row][vc_row][vc_column width=&#8221;1\/4&#8243;][\/vc_column][vc_column width=&#8221;1\/2&#8243;][vc_raw_html]JTNDc3R5bGUlM0UlMEF0YWJsZS5HZW5lcmF0ZWRUYWJsZSUyMCU3QiUwQSUyMCUyMHdpZHRoJTNBJTIwMTAwJTI1JTNCJTBBJTIwJTIwYm9yZGVyLWNvbGxhcHNlJTNBJTIwY29sbGFwc2UlM0IlMEElMjAlMjBjb2xvciUzQSUyMCUyMzAwMDAwMCUzQiUwQSU3RCUwQSUwQXRhYmxlLkdlbmVyYXRlZFRhYmxlJTIwdGQlMkMlMjB0YWJsZS5HZW5lcmF0ZWRUYWJsZSUyMHRoJTIwJTdCJTBBJTIwJTIwcGFkZGluZyUzQSUyMDNweCUzQiUwQSU3RCUwQSUwQXRhYmxlLkdlbmVyYXRlZFRhYmxlJTIwdGhlYWQlMjAlN0IlMEElMjAlMjBiYWNrZ3JvdW5kLWNvbG9yJTNBJTIwJTIzZTRlNGU0JTNCJTBBJTdEJTBBJTNDJTJGc3R5bGUlM0UlMEElM0N0YWJsZSUyMHN0eWxlJTNEJTIyaGVpZ2h0JTNBJTIwMjQycHglM0IlMjIlMjB3aWR0aCUzRCUyMjczMCUyMiUyMGNsYXNzJTNEJTIyR2VuZXJhdGVkVGFibGUlMjIlM0UlMEElM0N0Ym9keSUzRSUwQSUzQ3RyJTNFJTBBJTNDdGQlMjBzdHlsZSUzRCUyMnRleHQtYWxpZ24lM0ElMjBjZW50ZXIlM0IlMjIlMjB3aWR0aCUzRCUyMjE3OCUyMiUzRSUwQSUzQ2g1JTNFRm9ybWFjaSVDMyVCM24lMjBQcm9mZXNpb25hbCUyMEZvcm1hbCUzQyUyRmg1JTNFJTBBJTNDJTJGdGQlM0UlMEElM0N0ZCUyMHN0eWxlJTNEJTIydGV4dC1hbGlnbiUzQSUyMGNlbnRlciUzQiUyMiUyMHdpZHRoJTNEJTIyMTAwJTIyJTNFJTBBJTNDaDUlM0UyMDIyJTNDJTJGaDUlM0UlMEElM0MlMkZ0ZCUzRSUwQSUwQSUzQyUyRnRyJTNFJTBBJTNDdHIlM0UlMEElM0N0ZCUyMHN0eWxlJTNEJTIydGV4dC1hbGlnbiUzQSUyMGNlbnRlciUzQiUyMiUyMHdpZHRoJTNEJTIyMTc4JTIyJTNFJTBBJTNDaDUlM0VUb3RhbCUyMGFsdW1uYWRvJTNDJTJGaDUlM0UlMEElM0MlMkZ0ZCUzRSUwQSUzQ3RkJTIwc3R5bGUlM0QlMjJ0ZXh0LWFsaWduJTNBJTIwY2VudGVyJTNCJTIyJTIwd2lkdGglM0QlMjIxMDAlMjIlM0U5OCUzQyUyRnRkJTNFJTBBJTNDdHIlM0UlMEElM0N0ZCUyMHN0eWxlJTNEJTIydGV4dC1hbGlnbiUzQSUyMGNlbnRlciUzQiUyMiUyMHdpZHRoJTNEJTIyMTc4JTIyJTNFJTBBJTNDaDUlM0VWYXJvbmVzJTNDJTJGaDUlM0UlMEElM0MlMkZ0ZCUzRSUwQSUzQ3RkJTIwc3R5bGUlM0QlMjJ0ZXh0LWFsaWduJTNBJTIwY2VudGVyJTNCJTIyJTIwd2lkdGglM0QlMjIxMDAlMjIlM0UzNCUzQyUyRnRkJTNFJTBBJTNDdHIlM0UlMEElM0N0ZCUyMHN0eWxlJTNEJTIydGV4dC1hbGlnbiUzQSUyMGNlbnRlciUzQiUyMiUyMHdpZHRoJTNEJTIyMTc4JTIyJTNFJTBBJTNDaDUlM0VNdWplcmVzJTNDJTJGaDUlM0UlMEElM0MlMkZ0ZCUzRSUwQSUzQ3RkJTIwc3R5bGUlM0QlMjJ0ZXh0LWFsaWduJTNBJTIwY2VudGVyJTNCJTIyJTIwd2lkdGglM0QlMjIxMDAlMjIlM0U2NCUzQyUyRnRkJTNFJTBBJTNDJTJGdHIlM0UlMEElM0MlMkZ0Ym9keSUzRSUwQSUzQyUyRnRhYmxlJTNF[\/vc_raw_html][\/vc_column][vc_column width=&#8221;1\/4&#8243;][\/vc_column][\/vc_row][vc_row content_placement=&#8221;middle&#8221; css=&#8221;.vc_custom_1613527971484{padding-top: 20px !important;}&#8221;][vc_column]<div style=\"background-color:;height: 30px\" class=\"nicdark_section  \"><\/div>[vc_row_inner content_placement=&#8221;middle&#8221; css=&#8221;.vc_custom_1615497655283{background-color: #e4e4e4 !important;border-radius: 20px !important;}&#8221;][vc_column_inner width=&#8221;1\/4&#8243;][vc_single_image image=&#8221;3000&#8243; img_size=&#8221;300&#8243;][\/vc_column_inner][vc_column_inner width=&#8221;1\/4&#8243;][vc_single_image image=&#8221;3001&#8243; img_size=&#8221;300&#8243;][\/vc_column_inner][vc_column_inner width=&#8221;1\/4&#8243;][vc_single_image image=&#8221;3002&#8243; img_size=&#8221;300&#8243;][\/vc_column_inner][vc_column_inner width=&#8221;1\/4&#8243;][vc_single_image image=&#8221;3003&#8243; img_size=&#8221;300&#8243;][\/vc_column_inner][\/vc_row_inner][\/vc_column][\/vc_row][vc_row][vc_column]<div style=\"background-color:;height: 50px\" class=\"nicdark_section  \"><\/div>[\/vc_column][\/vc_row]<\/p>\n<\/div>","protected":false},"excerpt":{"rendered":"<p>[vc_row][vc_column width=&#8221;2\/3&#8243;][vc_column_text] Centro Fe y Alegr\u00eda Boquer\u00f3n [\/vc_column_text][\/vc_column][vc_column width=&#8221;1\/3&#8243;][\/vc_column][\/vc_row][vc_row][vc_column][vc_empty_space height=&#8221;20px&#8221;][vc_separator color=&#8221;custom&#8221; accent_color=&#8221;#aa0f16&#8243;][\/vc_column][\/vc_row][vc_row css=&#8221;.vc_custom_1615552581866{padding-top: 20px !important;}&#8221;][vc_column width=&#8221;2\/3&#8243;][vc_column_text]Desde 2021 En articulaci\u00f3n con el Ministerio de Trabajo y el INTA est\u00e1n pr\u00f3ximos a abrir talleres de Mec\u00e1nica de Motos, Carpinter\u00eda, Curtiembre y Talabarter\u00eda, Reposter\u00eda Artesanal y Telar Artesanal. Hace m\u00e1s de 250 a\u00f1os que los Jesuitas tienen presencia<\/p>\n","protected":false},"author":2,"featured_media":0,"parent":0,"menu_order":0,"comment_status":"closed","ping_status":"closed","template":"","meta":{"_acf_changed":false,"footnotes":""},"folder":[],"class_list":["post-2995","page","type-page","status-publish","hentry"],"acf":[],"yoast_head":"<!-- This site is optimized with the Yoast SEO plugin v27.2 - https:\/\/yoast.com\/product\/yoast-seo-wordpress\/ -->\n<title>Centro Fe y Alegr\u00eda Boquer\u00f3n - #SomosFeyAlegria en Argentina<\/title>\n<meta name=\"robots\" content=\"index, follow, max-snippet:-1, max-image-preview:large, max-video-preview:-1\" \/>\n<link rel=\"canonical\" href=\"https:\/\/www.feyalegria.org\/argentina\/centro-fe-y-alegria-boqueron\/\" \/>\n<meta property=\"og:locale\" content=\"es_ES\" \/>\n<meta property=\"og:type\" content=\"article\" \/>\n<meta property=\"og:title\" content=\"Centro Fe y Alegr\u00eda Boquer\u00f3n - #SomosFeyAlegria en Argentina\" \/>\n<meta property=\"og:description\" content=\"[vc_row][vc_column width=&#8221;2\/3&#8243;][vc_column_text] Centro Fe y Alegr\u00eda Boquer\u00f3n [\/vc_column_text][\/vc_column][vc_column width=&#8221;1\/3&#8243;][\/vc_column][\/vc_row][vc_row][vc_column][vc_empty_space height=&#8221;20px&#8221;][vc_separator color=&#8221;custom&#8221; accent_color=&#8221;#aa0f16&#8243;][\/vc_column][\/vc_row][vc_row css=&#8221;.vc_custom_1615552581866{padding-top: 20px !important;}&#8221;][vc_column width=&#8221;2\/3&#8243;][vc_column_text]Desde 2021 En articulaci\u00f3n con el Ministerio de Trabajo y el INTA est\u00e1n pr\u00f3ximos a abrir talleres de Mec\u00e1nica de Motos, Carpinter\u00eda, Curtiembre y Talabarter\u00eda, Reposter\u00eda Artesanal y Telar Artesanal. Hace m\u00e1s de 250 a\u00f1os que los Jesuitas tienen presencia\" \/>\n<meta property=\"og:url\" content=\"https:\/\/www.feyalegria.org\/argentina\/centro-fe-y-alegria-boqueron\/\" \/>\n<meta property=\"og:site_name\" content=\"#SomosFeyAlegria en Argentina\" \/>\n<meta property=\"article:modified_time\" content=\"2023-06-15T15:28:42+00:00\" \/>\n<meta name=\"twitter:card\" content=\"summary_large_image\" \/>\n<meta name=\"twitter:label1\" content=\"Tiempo de lectura\" \/>\n\t<meta name=\"twitter:data1\" content=\"3 minutos\" \/>\n<script type=\"application\/ld+json\" class=\"yoast-schema-graph\">{\"@context\":\"https:\/\/schema.org\",\"@graph\":[{\"@type\":\"WebPage\",\"@id\":\"https:\/\/www.feyalegria.org\/argentina\/centro-fe-y-alegria-boqueron\/\",\"url\":\"https:\/\/www.feyalegria.org\/argentina\/centro-fe-y-alegria-boqueron\/\",\"name\":\"Centro Fe y Alegr\u00eda Boquer\u00f3n - #SomosFeyAlegria en Argentina\",\"isPartOf\":{\"@id\":\"https:\/\/www.feyalegria.org\/argentina\/#website\"},\"datePublished\":\"2021-03-11T20:51:56+00:00\",\"dateModified\":\"2023-06-15T15:28:42+00:00\",\"breadcrumb\":{\"@id\":\"https:\/\/www.feyalegria.org\/argentina\/centro-fe-y-alegria-boqueron\/#breadcrumb\"},\"inLanguage\":\"es-CO\",\"potentialAction\":[{\"@type\":\"ReadAction\",\"target\":[\"https:\/\/www.feyalegria.org\/argentina\/centro-fe-y-alegria-boqueron\/\"]}]},{\"@type\":\"BreadcrumbList\",\"@id\":\"https:\/\/www.feyalegria.org\/argentina\/centro-fe-y-alegria-boqueron\/#breadcrumb\",\"itemListElement\":[{\"@type\":\"ListItem\",\"position\":1,\"name\":\"Home\",\"item\":\"https:\/\/www.feyalegria.org\/argentina\/\"},{\"@type\":\"ListItem\",\"position\":2,\"name\":\"Centro Fe y Alegr\u00eda Boquer\u00f3n\"}]},{\"@type\":\"WebSite\",\"@id\":\"https:\/\/www.feyalegria.org\/argentina\/#website\",\"url\":\"https:\/\/www.feyalegria.org\/argentina\/\",\"name\":\"#SomosFeyAlegria en Argentina\",\"description\":\"\",\"potentialAction\":[{\"@type\":\"SearchAction\",\"target\":{\"@type\":\"EntryPoint\",\"urlTemplate\":\"https:\/\/www.feyalegria.org\/argentina\/?s={search_term_string}\"},\"query-input\":{\"@type\":\"PropertyValueSpecification\",\"valueRequired\":true,\"valueName\":\"search_term_string\"}}],\"inLanguage\":\"es-CO\"}]}<\/script>\n<!-- \/ Yoast SEO plugin. -->","yoast_head_json":{"title":"Centro Fe y Alegr\u00eda Boquer\u00f3n - #SomosFeyAlegria en Argentina","robots":{"index":"index","follow":"follow","max-snippet":"max-snippet:-1","max-image-preview":"max-image-preview:large","max-video-preview":"max-video-preview:-1"},"canonical":"https:\/\/www.feyalegria.org\/argentina\/centro-fe-y-alegria-boqueron\/","og_locale":"es_ES","og_type":"article","og_title":"Centro Fe y Alegr\u00eda Boquer\u00f3n - #SomosFeyAlegria en Argentina","og_description":"[vc_row][vc_column width=&#8221;2\/3&#8243;][vc_column_text] Centro Fe y Alegr\u00eda Boquer\u00f3n [\/vc_column_text][\/vc_column][vc_column width=&#8221;1\/3&#8243;][\/vc_column][\/vc_row][vc_row][vc_column][vc_empty_space height=&#8221;20px&#8221;][vc_separator color=&#8221;custom&#8221; accent_color=&#8221;#aa0f16&#8243;][\/vc_column][\/vc_row][vc_row css=&#8221;.vc_custom_1615552581866{padding-top: 20px !important;}&#8221;][vc_column width=&#8221;2\/3&#8243;][vc_column_text]Desde 2021 En articulaci\u00f3n con el Ministerio de Trabajo y el INTA est\u00e1n pr\u00f3ximos a abrir talleres de Mec\u00e1nica de Motos, Carpinter\u00eda, Curtiembre y Talabarter\u00eda, Reposter\u00eda Artesanal y Telar Artesanal. Hace m\u00e1s de 250 a\u00f1os que los Jesuitas tienen presencia","og_url":"https:\/\/www.feyalegria.org\/argentina\/centro-fe-y-alegria-boqueron\/","og_site_name":"#SomosFeyAlegria en Argentina","article_modified_time":"2023-06-15T15:28:42+00:00","twitter_card":"summary_large_image","twitter_misc":{"Tiempo de lectura":"3 minutos"},"schema":{"@context":"https:\/\/schema.org","@graph":[{"@type":"WebPage","@id":"https:\/\/www.feyalegria.org\/argentina\/centro-fe-y-alegria-boqueron\/","url":"https:\/\/www.feyalegria.org\/argentina\/centro-fe-y-alegria-boqueron\/","name":"Centro Fe y Alegr\u00eda Boquer\u00f3n - #SomosFeyAlegria en Argentina","isPartOf":{"@id":"https:\/\/www.feyalegria.org\/argentina\/#website"},"datePublished":"2021-03-11T20:51:56+00:00","dateModified":"2023-06-15T15:28:42+00:00","breadcrumb":{"@id":"https:\/\/www.feyalegria.org\/argentina\/centro-fe-y-alegria-boqueron\/#breadcrumb"},"inLanguage":"es-CO","potentialAction":[{"@type":"ReadAction","target":["https:\/\/www.feyalegria.org\/argentina\/centro-fe-y-alegria-boqueron\/"]}]},{"@type":"BreadcrumbList","@id":"https:\/\/www.feyalegria.org\/argentina\/centro-fe-y-alegria-boqueron\/#breadcrumb","itemListElement":[{"@type":"ListItem","position":1,"name":"Home","item":"https:\/\/www.feyalegria.org\/argentina\/"},{"@type":"ListItem","position":2,"name":"Centro Fe y Alegr\u00eda Boquer\u00f3n"}]},{"@type":"WebSite","@id":"https:\/\/www.feyalegria.org\/argentina\/#website","url":"https:\/\/www.feyalegria.org\/argentina\/","name":"#SomosFeyAlegria en Argentina","description":"","potentialAction":[{"@type":"SearchAction","target":{"@type":"EntryPoint","urlTemplate":"https:\/\/www.feyalegria.org\/argentina\/?s={search_term_string}"},"query-input":{"@type":"PropertyValueSpecification","valueRequired":true,"valueName":"search_term_string"}}],"inLanguage":"es-CO"}]}},"_links":{"self":[{"href":"https:\/\/www.feyalegria.org\/argentina\/wp-json\/wp\/v2\/pages\/2995","targetHints":{"allow":["GET"]}}],"collection":[{"href":"https:\/\/www.feyalegria.org\/argentina\/wp-json\/wp\/v2\/pages"}],"about":[{"href":"https:\/\/www.feyalegria.org\/argentina\/wp-json\/wp\/v2\/types\/page"}],"author":[{"embeddable":true,"href":"https:\/\/www.feyalegria.org\/argentina\/wp-json\/wp\/v2\/users\/2"}],"replies":[{"embeddable":true,"href":"https:\/\/www.feyalegria.org\/argentina\/wp-json\/wp\/v2\/comments?post=2995"}],"version-history":[{"count":0,"href":"https:\/\/www.feyalegria.org\/argentina\/wp-json\/wp\/v2\/pages\/2995\/revisions"}],"wp:attachment":[{"href":"https:\/\/www.feyalegria.org\/argentina\/wp-json\/wp\/v2\/media?parent=2995"}],"wp:term":[{"taxonomy":"folder","embeddable":true,"href":"https:\/\/www.feyalegria.org\/argentina\/wp-json\/wp\/v2\/folder?post=2995"}],"curies":[{"name":"wp","href":"https:\/\/api.w.org\/{rel}","templated":true}]}}