 {"id":37,"date":"2020-01-20T19:40:09","date_gmt":"2020-01-20T19:40:09","guid":{"rendered":"https:\/\/www.feyalegria.org\/argentina\/?page_id=37"},"modified":"2021-03-20T22:40:16","modified_gmt":"2021-03-20T22:40:16","slug":"contactanos","status":"publish","type":"page","link":"https:\/\/www.feyalegria.org\/argentina\/contactanos\/","title":{"rendered":"Cont\u00e1ctanos"},"content":{"rendered":"<div class=\"wpb-content-wrapper\"><p>[vc_row content_placement=&#8221;top&#8221; css=&#8221;.vc_custom_1595365973658{padding-top: 40px !important;border-radius: 20px !important;}&#8221;][vc_column width=&#8221;1\/3&#8243; alignment=&#8221;center&#8221; css=&#8221;.vc_custom_1616280008851{background-color: #f3f3f3 !important;border-radius: 10px !important;}&#8221;][vc_column_text]<\/p>\n<h4 style=\"text-align: center\"><strong><span style=\"color: #aa0f16\">\u201c\u00bfHasta d\u00f3nde podr\u00e1n volar el Ingenio, la Ilusi\u00f3n y los Anhelos?\u201d Jos\u00e9 Mar\u00eda V\u00e9laz S.J.<\/span><\/strong><\/h4>\n<p>[\/vc_column_text]\n<div class=\"wpcf7 no-js\" id=\"wpcf7-f650-o1\" lang=\"es-CO\" dir=\"ltr\" data-wpcf7-id=\"650\">\n<div class=\"screen-reader-response\"><p role=\"status\" aria-live=\"polite\" aria-atomic=\"true\"><\/p> <ul><\/ul><\/div>\n<form action=\"\/argentina\/wp-json\/wp\/v2\/pages\/37#wpcf7-f650-o1\" method=\"post\" class=\"wpcf7-form init\" aria-label=\"Formulario de contacto\" novalidate=\"novalidate\" data-status=\"init\">\n<fieldset class=\"hidden-fields-container\"><input type=\"hidden\" name=\"_wpcf7\" value=\"650\" \/><input type=\"hidden\" name=\"_wpcf7_version\" value=\"6.1.5\" \/><input type=\"hidden\" name=\"_wpcf7_locale\" value=\"es_CO\" \/><input type=\"hidden\" name=\"_wpcf7_unit_tag\" value=\"wpcf7-f650-o1\" \/><input type=\"hidden\" name=\"_wpcf7_container_post\" value=\"0\" \/><input type=\"hidden\" name=\"_wpcf7_posted_data_hash\" value=\"\" \/><input type=\"hidden\" name=\"_wpcf7_recaptcha_response\" value=\"\" \/>\n<\/fieldset>\n<div class=\"row\">\n\t<div>\n\t\t<p><span class=\"wpcf7-form-control-wrap\" data-name=\"your-name\"><input size=\"40\" maxlength=\"400\" class=\"wpcf7-form-control wpcf7-text wpcf7-validates-as-required input_field\" aria-required=\"true\" aria-invalid=\"false\" placeholder=\"Nombre y Apellido*\" value=\"\" type=\"text\" name=\"your-name\" \/><\/span>\n\t\t<\/p>\n\t<\/div>\n\t<div>\n\t\t<p><span class=\"wpcf7-form-control-wrap\" data-name=\"your-email\"><input size=\"40\" maxlength=\"400\" class=\"wpcf7-form-control wpcf7-email wpcf7-validates-as-required wpcf7-text wpcf7-validates-as-email input_field\" aria-required=\"true\" aria-invalid=\"false\" placeholder=\"Email*\" value=\"\" type=\"email\" name=\"your-email\" \/><\/span>\n\t\t<\/p>\n\t<\/div>\n\t<div>\n\t\t<p><span class=\"wpcf7-form-control-wrap\" data-name=\"your-tel\"><input size=\"40\" maxlength=\"400\" class=\"wpcf7-form-control wpcf7-text input_field\" aria-invalid=\"false\" placeholder=\"Tel\u00e9fono\" value=\"\" type=\"text\" name=\"your-tel\" \/><\/span>\n\t\t<\/p>\n\t<\/div>\n\t<div>\n\t\t<p><span class=\"wpcf7-form-control-wrap\" data-name=\"your-message\"><textarea cols=\"40\" rows=\"8\" maxlength=\"2000\" class=\"wpcf7-form-control wpcf7-textarea wpcf7-validates-as-required input_field\" id=\"your-message\" aria-required=\"true\" aria-invalid=\"false\" placeholder=\"Mensaje*\" name=\"your-message\"><\/textarea><\/span>\n\t\t<\/p>\n\t<\/div>\n\t<div>\n\t\t<p><input class=\"wpcf7-form-control wpcf7-submit has-spinner radius0\" type=\"submit\" value=\"Enviar mensaje\" \/>\n\t\t<\/p>\n\t<\/div>\n<\/div><p style=\"display: none !important;\" class=\"akismet-fields-container\" data-prefix=\"_wpcf7_ak_\"><label>&#916;<textarea name=\"_wpcf7_ak_hp_textarea\" cols=\"45\" rows=\"8\" maxlength=\"100\"><\/textarea><\/label><input type=\"hidden\" id=\"ak_js_1\" name=\"_wpcf7_ak_js\" value=\"33\"\/><script>document.getElementById( \"ak_js_1\" ).setAttribute( \"value\", ( new Date() ).getTime() );<\/script><\/p><input type='hidden' class='wpcf7-pum' value='{\"closepopup\":false,\"closedelay\":0,\"openpopup\":false,\"openpopup_id\":0}' \/><div class=\"wpcf7-response-output\" aria-hidden=\"true\"><\/div>\n<\/form>\n<\/div>\n[vc_empty_space height=&#8221;30px&#8221;][\/vc_column][vc_column width=&#8221;2\/3&#8243;][vc_empty_space height=&#8221;30px&#8221;][vc_gmaps link=&#8221;#E-8_JTNDaWZyYW1lJTIwc3JjJTNEJTIyaHR0cHMlM0ElMkYlMkZ3d3cuZ29vZ2xlLmNvbSUyRm1hcHMlMkZlbWJlZCUzRnBiJTNEJTIxMW0xNCUyMTFtOCUyMTFtMyUyMTFkMjMyMi4xODQ2OTE4NjIyNzU1JTIxMmQtNTguMzk0NDI3Mjk5MTczNzMlMjEzZC0zNC42MDI1MTU2NjUwMTk3MyUyMTNtMiUyMTFpMTAyNCUyMTJpNzY4JTIxNGYxMy4xJTIxM20zJTIxMW0yJTIxMXMweDAlMjUzQTB4ZTk0YmQxMDI3ZjAyZThkZiUyMTJzRmUlMjUyMHklMjUyMEFsZWdyJTI1QzMlMjVBRGElMjUyMEFyZ2VudGluYSUyMTVlMCUyMTNtMiUyMTFzZXMlMjEyc2FyJTIxNHYxNjE2MDY0NTE4ODg5JTIxNW0yJTIxMXNlcyUyMTJzYXIlMjIlMjB3aWR0aCUzRCUyMjQ1MCUyMiUyMGhlaWdodCUzRCUyMjMwMCUyMiUyMHN0eWxlJTNEJTIyYm9yZGVyJTNBMCUzQiUyMiUyMGFsbG93ZnVsbHNjcmVlbiUzRCUyMiUyMiUyMGxvYWRpbmclM0QlMjJsYXp5JTIyJTNFJTNDJTJGaWZyYW1lJTNF&#8221; css=&#8221;.vc_custom_1616064547563{margin-top: -25px !important;}&#8221;][vc_column_text]<\/p>\n<h4 style=\"text-align: center\"><strong><span style=\"color: #aa0f16\">Oficina Nacional<\/span><\/strong><\/h4>\n<p>[\/vc_column_text][vc_row_inner][vc_column_inner width=&#8221;1\/2&#8243;][vc_column_text css=&#8221;.vc_custom_1616065018432{padding-top: 10px !important;padding-right: 10px !important;padding-bottom: 10px !important;padding-left: 10px !important;background-color: #f3f3f3 !important;border-radius: 10px !important;}&#8221;]<\/p>\n<p align=\"justify\">Avenida Callao 542, Piso 1\u00ba \u2013 C1022AAS, Ciudad de Buenos Aires, Argentina<\/p>\n<p>[\/vc_column_text][\/vc_column_inner][vc_column_inner width=&#8221;1\/2&#8243;][vc_column_text css=&#8221;.vc_custom_1616064984185{padding: 10px !important;background-color: #f3f3f3 !important;border-radius: 10px !important;}&#8221;]<\/p>\n<p align=\"justify\"><strong>Tel\u00e9fonos:<\/strong> (+54 11) 5199 9486<\/p>\n<p align=\"justify\"><strong>Email:<\/strong> info@feyalegria.org.ar<\/p>\n<p>[\/vc_column_text][\/vc_column_inner][\/vc_row_inner][\/vc_column][\/vc_row][vc_row][vc_column][vc_empty_space height=&#8221;50px&#8221;][\/vc_column][\/vc_row]<\/p>\n<\/div>","protected":false},"excerpt":{"rendered":"<p>[vc_row content_placement=&#8221;top&#8221; css=&#8221;.vc_custom_1595365973658{padding-top: 40px !important;border-radius: 20px !important;}&#8221;][vc_column width=&#8221;1\/3&#8243; alignment=&#8221;center&#8221; css=&#8221;.vc_custom_1616280008851{background-color: #f3f3f3 !important;border-radius: 10px !important;}&#8221;][vc_column_text] \u201c\u00bfHasta d\u00f3nde podr\u00e1n volar el Ingenio, la Ilusi\u00f3n y los Anhelos?\u201d Jos\u00e9 Mar\u00eda V\u00e9laz S.J. [\/vc_column_text][vc_empty_space height=&#8221;30px&#8221;][\/vc_column][vc_column width=&#8221;2\/3&#8243;][vc_empty_space height=&#8221;30px&#8221;][vc_gmaps link=&#8221;#E-8_JTNDaWZyYW1lJTIwc3JjJTNEJTIyaHR0cHMlM0ElMkYlMkZ3d3cuZ29vZ2xlLmNvbSUyRm1hcHMlMkZlbWJlZCUzRnBiJTNEJTIxMW0xNCUyMTFtOCUyMTFtMyUyMTFkMjMyMi4xODQ2OTE4NjIyNzU1JTIxMmQtNTguMzk0NDI3Mjk5MTczNzMlMjEzZC0zNC42MDI1MTU2NjUwMTk3MyUyMTNtMiUyMTFpMTAyNCUyMTJpNzY4JTIxNGYxMy4xJTIxM20zJTIxMW0yJTIxMXMweDAlMjUzQTB4ZTk0YmQxMDI3ZjAyZThkZiUyMTJzRmUlMjUyMHklMjUyMEFsZWdyJTI1QzMlMjVBRGElMjUyMEFyZ2VudGluYSUyMTVlMCUyMTNtMiUyMTFzZXMlMjEyc2FyJTIxNHYxNjE2MDY0NTE4ODg5JTIxNW0yJTIxMXNlcyUyMTJzYXIlMjIlMjB3aWR0aCUzRCUyMjQ1MCUyMiUyMGhlaWdodCUzRCUyMjMwMCUyMiUyMHN0eWxlJTNEJTIyYm9yZGVyJTNBMCUzQiUyMiUyMGFsbG93ZnVsbHNjcmVlbiUzRCUyMiUyMiUyMGxvYWRpbmclM0QlMjJsYXp5JTIyJTNFJTNDJTJGaWZyYW1lJTNF&#8221; css=&#8221;.vc_custom_1616064547563{margin-top: -25px !important;}&#8221;][vc_column_text] Oficina Nacional [\/vc_column_text][vc_row_inner][vc_column_inner width=&#8221;1\/2&#8243;][vc_column_text css=&#8221;.vc_custom_1616065018432{padding-top: 10px !important;padding-right: 10px !important;padding-bottom: 10px !important;padding-left: 10px !important;background-color: #f3f3f3 !important;border-radius: 10px !important;}&#8221;] Avenida<\/p>\n","protected":false},"author":6,"featured_media":0,"parent":0,"menu_order":0,"comment_status":"closed","ping_status":"closed","template":"","meta":{"_acf_changed":false,"footnotes":""},"folder":[],"class_list":["post-37","page","type-page","status-publish","hentry"],"acf":[],"yoast_head":"<!-- This site is optimized with the Yoast SEO plugin v27.2 - https:\/\/yoast.com\/product\/yoast-seo-wordpress\/ -->\n<title>Cont\u00e1ctanos - #SomosFeyAlegria en Argentina<\/title>\n<meta name=\"robots\" content=\"index, follow, max-snippet:-1, max-image-preview:large, max-video-preview:-1\" \/>\n<link rel=\"canonical\" href=\"https:\/\/www.feyalegria.org\/argentina\/contactanos\/\" \/>\n<meta property=\"og:locale\" content=\"es_ES\" \/>\n<meta property=\"og:type\" content=\"article\" \/>\n<meta property=\"og:title\" content=\"Cont\u00e1ctanos - #SomosFeyAlegria en Argentina\" \/>\n<meta property=\"og:description\" content=\"[vc_row content_placement=&#8221;top&#8221; css=&#8221;.vc_custom_1595365973658{padding-top: 40px !important;border-radius: 20px !important;}&#8221;][vc_column width=&#8221;1\/3&#8243; alignment=&#8221;center&#8221; css=&#8221;.vc_custom_1616280008851{background-color: #f3f3f3 !important;border-radius: 10px !important;}&#8221;][vc_column_text] \u201c\u00bfHasta d\u00f3nde podr\u00e1n volar el Ingenio, la Ilusi\u00f3n y los Anhelos?\u201d Jos\u00e9 Mar\u00eda V\u00e9laz S.J. [\/vc_column_text][vc_empty_space height=&#8221;30px&#8221;][\/vc_column][vc_column width=&#8221;2\/3&#8243;][vc_empty_space height=&#8221;30px&#8221;][vc_gmaps link=&#8221;#E-8_JTNDaWZyYW1lJTIwc3JjJTNEJTIyaHR0cHMlM0ElMkYlMkZ3d3cuZ29vZ2xlLmNvbSUyRm1hcHMlMkZlbWJlZCUzRnBiJTNEJTIxMW0xNCUyMTFtOCUyMTFtMyUyMTFkMjMyMi4xODQ2OTE4NjIyNzU1JTIxMmQtNTguMzk0NDI3Mjk5MTczNzMlMjEzZC0zNC42MDI1MTU2NjUwMTk3MyUyMTNtMiUyMTFpMTAyNCUyMTJpNzY4JTIxNGYxMy4xJTIxM20zJTIxMW0yJTIxMXMweDAlMjUzQTB4ZTk0YmQxMDI3ZjAyZThkZiUyMTJzRmUlMjUyMHklMjUyMEFsZWdyJTI1QzMlMjVBRGElMjUyMEFyZ2VudGluYSUyMTVlMCUyMTNtMiUyMTFzZXMlMjEyc2FyJTIxNHYxNjE2MDY0NTE4ODg5JTIxNW0yJTIxMXNlcyUyMTJzYXIlMjIlMjB3aWR0aCUzRCUyMjQ1MCUyMiUyMGhlaWdodCUzRCUyMjMwMCUyMiUyMHN0eWxlJTNEJTIyYm9yZGVyJTNBMCUzQiUyMiUyMGFsbG93ZnVsbHNjcmVlbiUzRCUyMiUyMiUyMGxvYWRpbmclM0QlMjJsYXp5JTIyJTNFJTNDJTJGaWZyYW1lJTNF&#8221; css=&#8221;.vc_custom_1616064547563{margin-top: -25px !important;}&#8221;][vc_column_text] Oficina Nacional [\/vc_column_text][vc_row_inner][vc_column_inner width=&#8221;1\/2&#8243;][vc_column_text css=&#8221;.vc_custom_1616065018432{padding-top: 10px !important;padding-right: 10px !important;padding-bottom: 10px !important;padding-left: 10px !important;background-color: #f3f3f3 !important;border-radius: 10px !important;}&#8221;] Avenida\" \/>\n<meta property=\"og:url\" content=\"https:\/\/www.feyalegria.org\/argentina\/contactanos\/\" \/>\n<meta property=\"og:site_name\" content=\"#SomosFeyAlegria en Argentina\" \/>\n<meta property=\"article:modified_time\" content=\"2021-03-20T22:40:16+00:00\" \/>\n<meta name=\"twitter:card\" content=\"summary_large_image\" \/>\n<meta name=\"twitter:label1\" content=\"Tiempo de lectura\" \/>\n\t<meta name=\"twitter:data1\" content=\"1 minuto\" \/>\n<script type=\"application\/ld+json\" class=\"yoast-schema-graph\">{\"@context\":\"https:\/\/schema.org\",\"@graph\":[{\"@type\":\"WebPage\",\"@id\":\"https:\/\/www.feyalegria.org\/argentina\/contactanos\/\",\"url\":\"https:\/\/www.feyalegria.org\/argentina\/contactanos\/\",\"name\":\"Cont\u00e1ctanos - #SomosFeyAlegria en Argentina\",\"isPartOf\":{\"@id\":\"https:\/\/www.feyalegria.org\/argentina\/#website\"},\"datePublished\":\"2020-01-20T19:40:09+00:00\",\"dateModified\":\"2021-03-20T22:40:16+00:00\",\"breadcrumb\":{\"@id\":\"https:\/\/www.feyalegria.org\/argentina\/contactanos\/#breadcrumb\"},\"inLanguage\":\"es-CO\",\"potentialAction\":[{\"@type\":\"ReadAction\",\"target\":[\"https:\/\/www.feyalegria.org\/argentina\/contactanos\/\"]}]},{\"@type\":\"BreadcrumbList\",\"@id\":\"https:\/\/www.feyalegria.org\/argentina\/contactanos\/#breadcrumb\",\"itemListElement\":[{\"@type\":\"ListItem\",\"position\":1,\"name\":\"Home\",\"item\":\"https:\/\/www.feyalegria.org\/argentina\/\"},{\"@type\":\"ListItem\",\"position\":2,\"name\":\"Cont\u00e1ctanos\"}]},{\"@type\":\"WebSite\",\"@id\":\"https:\/\/www.feyalegria.org\/argentina\/#website\",\"url\":\"https:\/\/www.feyalegria.org\/argentina\/\",\"name\":\"#SomosFeyAlegria en Argentina\",\"description\":\"\",\"potentialAction\":[{\"@type\":\"SearchAction\",\"target\":{\"@type\":\"EntryPoint\",\"urlTemplate\":\"https:\/\/www.feyalegria.org\/argentina\/?s={search_term_string}\"},\"query-input\":{\"@type\":\"PropertyValueSpecification\",\"valueRequired\":true,\"valueName\":\"search_term_string\"}}],\"inLanguage\":\"es-CO\"}]}<\/script>\n<!-- \/ Yoast SEO plugin. -->","yoast_head_json":{"title":"Cont\u00e1ctanos - #SomosFeyAlegria en Argentina","robots":{"index":"index","follow":"follow","max-snippet":"max-snippet:-1","max-image-preview":"max-image-preview:large","max-video-preview":"max-video-preview:-1"},"canonical":"https:\/\/www.feyalegria.org\/argentina\/contactanos\/","og_locale":"es_ES","og_type":"article","og_title":"Cont\u00e1ctanos - #SomosFeyAlegria en Argentina","og_description":"[vc_row content_placement=&#8221;top&#8221; css=&#8221;.vc_custom_1595365973658{padding-top: 40px !important;border-radius: 20px !important;}&#8221;][vc_column width=&#8221;1\/3&#8243; alignment=&#8221;center&#8221; css=&#8221;.vc_custom_1616280008851{background-color: #f3f3f3 !important;border-radius: 10px !important;}&#8221;][vc_column_text] \u201c\u00bfHasta d\u00f3nde podr\u00e1n volar el Ingenio, la Ilusi\u00f3n y los Anhelos?\u201d Jos\u00e9 Mar\u00eda V\u00e9laz S.J. [\/vc_column_text][vc_empty_space height=&#8221;30px&#8221;][\/vc_column][vc_column width=&#8221;2\/3&#8243;][vc_empty_space height=&#8221;30px&#8221;][vc_gmaps link=&#8221;#E-8_JTNDaWZyYW1lJTIwc3JjJTNEJTIyaHR0cHMlM0ElMkYlMkZ3d3cuZ29vZ2xlLmNvbSUyRm1hcHMlMkZlbWJlZCUzRnBiJTNEJTIxMW0xNCUyMTFtOCUyMTFtMyUyMTFkMjMyMi4xODQ2OTE4NjIyNzU1JTIxMmQtNTguMzk0NDI3Mjk5MTczNzMlMjEzZC0zNC42MDI1MTU2NjUwMTk3MyUyMTNtMiUyMTFpMTAyNCUyMTJpNzY4JTIxNGYxMy4xJTIxM20zJTIxMW0yJTIxMXMweDAlMjUzQTB4ZTk0YmQxMDI3ZjAyZThkZiUyMTJzRmUlMjUyMHklMjUyMEFsZWdyJTI1QzMlMjVBRGElMjUyMEFyZ2VudGluYSUyMTVlMCUyMTNtMiUyMTFzZXMlMjEyc2FyJTIxNHYxNjE2MDY0NTE4ODg5JTIxNW0yJTIxMXNlcyUyMTJzYXIlMjIlMjB3aWR0aCUzRCUyMjQ1MCUyMiUyMGhlaWdodCUzRCUyMjMwMCUyMiUyMHN0eWxlJTNEJTIyYm9yZGVyJTNBMCUzQiUyMiUyMGFsbG93ZnVsbHNjcmVlbiUzRCUyMiUyMiUyMGxvYWRpbmclM0QlMjJsYXp5JTIyJTNFJTNDJTJGaWZyYW1lJTNF&#8221; css=&#8221;.vc_custom_1616064547563{margin-top: -25px !important;}&#8221;][vc_column_text] Oficina Nacional [\/vc_column_text][vc_row_inner][vc_column_inner width=&#8221;1\/2&#8243;][vc_column_text css=&#8221;.vc_custom_1616065018432{padding-top: 10px !important;padding-right: 10px !important;padding-bottom: 10px !important;padding-left: 10px !important;background-color: #f3f3f3 !important;border-radius: 10px !important;}&#8221;] Avenida","og_url":"https:\/\/www.feyalegria.org\/argentina\/contactanos\/","og_site_name":"#SomosFeyAlegria en Argentina","article_modified_time":"2021-03-20T22:40:16+00:00","twitter_card":"summary_large_image","twitter_misc":{"Tiempo de lectura":"1 minuto"},"schema":{"@context":"https:\/\/schema.org","@graph":[{"@type":"WebPage","@id":"https:\/\/www.feyalegria.org\/argentina\/contactanos\/","url":"https:\/\/www.feyalegria.org\/argentina\/contactanos\/","name":"Cont\u00e1ctanos - #SomosFeyAlegria en Argentina","isPartOf":{"@id":"https:\/\/www.feyalegria.org\/argentina\/#website"},"datePublished":"2020-01-20T19:40:09+00:00","dateModified":"2021-03-20T22:40:16+00:00","breadcrumb":{"@id":"https:\/\/www.feyalegria.org\/argentina\/contactanos\/#breadcrumb"},"inLanguage":"es-CO","potentialAction":[{"@type":"ReadAction","target":["https:\/\/www.feyalegria.org\/argentina\/contactanos\/"]}]},{"@type":"BreadcrumbList","@id":"https:\/\/www.feyalegria.org\/argentina\/contactanos\/#breadcrumb","itemListElement":[{"@type":"ListItem","position":1,"name":"Home","item":"https:\/\/www.feyalegria.org\/argentina\/"},{"@type":"ListItem","position":2,"name":"Cont\u00e1ctanos"}]},{"@type":"WebSite","@id":"https:\/\/www.feyalegria.org\/argentina\/#website","url":"https:\/\/www.feyalegria.org\/argentina\/","name":"#SomosFeyAlegria en Argentina","description":"","potentialAction":[{"@type":"SearchAction","target":{"@type":"EntryPoint","urlTemplate":"https:\/\/www.feyalegria.org\/argentina\/?s={search_term_string}"},"query-input":{"@type":"PropertyValueSpecification","valueRequired":true,"valueName":"search_term_string"}}],"inLanguage":"es-CO"}]}},"_links":{"self":[{"href":"https:\/\/www.feyalegria.org\/argentina\/wp-json\/wp\/v2\/pages\/37","targetHints":{"allow":["GET"]}}],"collection":[{"href":"https:\/\/www.feyalegria.org\/argentina\/wp-json\/wp\/v2\/pages"}],"about":[{"href":"https:\/\/www.feyalegria.org\/argentina\/wp-json\/wp\/v2\/types\/page"}],"author":[{"embeddable":true,"href":"https:\/\/www.feyalegria.org\/argentina\/wp-json\/wp\/v2\/users\/6"}],"replies":[{"embeddable":true,"href":"https:\/\/www.feyalegria.org\/argentina\/wp-json\/wp\/v2\/comments?post=37"}],"version-history":[{"count":0,"href":"https:\/\/www.feyalegria.org\/argentina\/wp-json\/wp\/v2\/pages\/37\/revisions"}],"wp:attachment":[{"href":"https:\/\/www.feyalegria.org\/argentina\/wp-json\/wp\/v2\/media?parent=37"}],"wp:term":[{"taxonomy":"folder","embeddable":true,"href":"https:\/\/www.feyalegria.org\/argentina\/wp-json\/wp\/v2\/folder?post=37"}],"curies":[{"name":"wp","href":"https:\/\/api.w.org\/{rel}","templated":true}]}}