 {"id":3897,"date":"2024-06-26T14:59:28","date_gmt":"2024-06-26T14:59:28","guid":{"rendered":"https:\/\/www.feyalegria.org\/argentina\/?page_id=3897"},"modified":"2025-08-11T19:04:26","modified_gmt":"2025-08-11T19:04:26","slug":"proteccion-y-cuidado","status":"publish","type":"page","link":"https:\/\/www.feyalegria.org\/argentina\/proteccion-y-cuidado\/","title":{"rendered":"Protecci\u00f3n y cuidado"},"content":{"rendered":"<div class=\"wpb-content-wrapper\"><p>[vc_row][vc_column width=&#8221;2\/3&#8243;][\/vc_column][vc_column width=&#8221;1\/3&#8243; offset=&#8221;vc_hidden-md vc_hidden-sm vc_hidden-xs&#8221; css=&#8221;.vc_custom_1719587040428{margin-top: -80px !important;}&#8221;][vc_single_image image=&#8221;4012&#8243; css=&#8221;&#8221;][\/vc_column][\/vc_row][vc_row][vc_column offset=&#8221;vc_hidden-lg&#8221;][vc_empty_space][vc_column_text css=&#8221;&#8221;]<\/p>\n<h1><span class=\"OYPEnA text-decoration-none text-strikethrough-none\">Protecci\u00f3n y Cuidado<\/span><\/h1>\n<p>[\/vc_column_text][\/vc_column][\/vc_row][vc_row][vc_column offset=&#8221;vc_hidden-md vc_hidden-sm vc_hidden-xs&#8221; css=&#8221;.vc_custom_1719587219255{margin-top: -50px !important;}&#8221;][vc_column_text css=&#8221;&#8221;]<\/p>\n<h1><span class=\"OYPEnA text-decoration-none text-strikethrough-none\">Protecci\u00f3n y Cuidado<\/span><\/h1>\n<p>[\/vc_column_text][\/vc_column][\/vc_row][vc_row full_width=&#8221;stretch_row&#8221; enable_parallax=&#8221;true&#8221; parallax_background=&#8221;13011&#8243;][vc_column][vc_row_inner content_placement=&#8221;middle&#8221;][vc_column_inner width=&#8221;1\/4&#8243;][vc_empty_space][vc_single_image image=&#8221;13015&#8243; img_size=&#8221;medium&#8221; alignment=&#8221;center&#8221; css=&#8221;&#8221;][\/vc_column_inner][vc_column_inner width=&#8221;1\/2&#8243;][vc_column_text css=&#8221;&#8221;]<\/p>\n<h3 style=\"text-align: center;\">Fe y Alegr\u00eda Argentina cuenta con un marco integral que cumple con los est\u00e1ndares de KCS para proteger a ni\u00f1os y ni\u00f1as de da\u00f1o, y puede responder apropiadamente a preocupaciones si ocurrieran.<\/h3>\n<p>[\/vc_column_text][\/vc_column_inner][vc_column_inner width=&#8221;1\/4&#8243;][\/vc_column_inner][\/vc_row_inner][\/vc_column][\/vc_row][vc_row][vc_column alignment=&#8221;center&#8221;][vc_empty_space][\/vc_column][\/vc_row][vc_row][vc_column][vc_column_text css=&#8221;&#8221;]<\/p>\n<p class=\"cvGsUA direction-ltr align-start para-style-body\"><span class=\"OYPEnA text-decoration-none text-strikethrough-none\">Desde Fe y Alegr\u00eda Argentina compartimos el compromiso decidido con la protecci\u00f3n y cuidado de ni\u00f1os, ni\u00f1as, adolescentes, j\u00f3venes y personas adultas vulnerables. Desde \u201cProtecci\u00f3n y Cuidado\u201d nos comprometemos a promover una cultura de prevenci\u00f3n, cuidado y protecci\u00f3n en la que nuestro personal y voluntariado, as\u00ed como los miembros de las comunidades en las que trabajamos, incluidos ni\u00f1os, ni\u00f1as, adolescentes, j\u00f3venes y personas adultas vulnerables, sean bien informadas sobre prevenci\u00f3n y protecci\u00f3n, sepan c\u00f3mo responder a inquietudes o denuncias, y sepan c\u00f3mo proteger a personas en riesgo.<\/span><\/p>\n<p class=\"cvGsUA direction-ltr align-start para-style-body\"><span class=\"OYPEnA text-decoration-none text-strikethrough-none\">Nos comprometemos a adoptar e implementar las mejores pr\u00e1cticas en protecci\u00f3n y cuidado y revisar al menos una vez al a\u00f1o <strong><a href=\"https:\/\/d3pugrm67vf9n7.cloudfront.net\/wp-content\/uploads\/sites\/22\/2025\/02\/25190431\/Politica-y-protocolo-de-Proteccion_FyA-Argentina_VF.pdf\">NUESTRA POL\u00cdTICA DE PROTECCI\u00d3N<\/a><\/strong>, procedimientos y pr\u00e1cticas para lograrlo.<\/span><\/p>\n<p class=\"cvGsUA direction-ltr align-start para-style-body\"><span class=\"OYPEnA text-decoration-none text-strikethrough-none\">Esta responsabilidad es asumida por:<img loading=\"lazy\" decoding=\"async\" class=\"size-medium wp-image-3817 alignright\" src=\"https:\/\/d3pugrm67vf9n7.cloudfront.net\/wp-content\/uploads\/sites\/22\/2023\/12\/01134350\/Politica-y-protocolo-institucional-219x300.jpg\" alt=\"\" width=\"219\" height=\"300\" srcset=\"https:\/\/d3pugrm67vf9n7.cloudfront.net\/wp-content\/uploads\/sites\/22\/2023\/12\/01134350\/Politica-y-protocolo-institucional-219x300.jpg 219w, https:\/\/d3pugrm67vf9n7.cloudfront.net\/wp-content\/uploads\/sites\/22\/2023\/12\/01134350\/Politica-y-protocolo-institucional.jpg 392w\" sizes=\"auto, (max-width: 219px) 100vw, 219px\" \/><\/span><\/p>\n<ul>\n<li><span class=\"OYPEnA text-decoration-none text-strikethrough-none\">Todo el personal de la Instituci\u00f3n, tanto de Oficina Nacional, Equipos Nacionales, Equipos Regionales y Equipos de Centros Educativos y Comunitarios que desarrollen funciones en cualquiera de nuestros centros.<\/span><\/li>\n<li><span class=\"OYPEnA text-decoration-none text-strikethrough-none\">Todas las personas que colaboran o participan, a nivel voluntariado, pasant\u00edas u otras experiencias en la Instituci\u00f3n a nivel nacional o de Centros.<\/span><\/li>\n<li><span class=\"OYPEnA text-decoration-none text-strikethrough-none\">Todo el personal contratado para proyectos espec\u00edficos.<\/span><\/li>\n<li><span class=\"OYPEnA text-decoration-none text-strikethrough-none\">Padres, madres, tutores, tutoras y amistades cercanas a los centros.<\/span><\/li>\n<li><span class=\"OYPEnA text-decoration-none text-strikethrough-none\">Cualquier organizaci\u00f3n estatal, provincial, barrial, de redes, ONG, empresa etc. que se vincule directamente con nuestra Instituci\u00f3n.<\/span><\/li>\n<li><span class=\"OYPEnA text-decoration-none text-strikethrough-none\">Cualquier persona integrante de uno de los espacios de participaci\u00f3n educativa reconocidos.<\/span><\/li>\n<\/ul>\n<p>[\/vc_column_text][vc_column_text css=&#8221;&#8221;]<\/p>\n<h3><span class=\"OYPEnA text-decoration-none text-strikethrough-none\">Referentes de Protecci\u00f3n y Cuidado de Fe y Alegr\u00eda Argentina:<\/span><\/h3>\n<p>[\/vc_column_text][vc_column_text css=&#8221;&#8221;]<\/p>\n<p class=\"cvGsUA direction-ltr align-start para-style-body\"><span class=\"OYPEnA text-decoration-none text-strikethrough-none\"><strong>D\u00e9bora Moncadas<\/strong> &#8211; <em>Responsable Nacional<\/em><\/span><\/p>\n<p class=\"cvGsUA direction-ltr align-start para-style-body\"><span class=\"OYPEnA text-decoration-none text-strikethrough-none\"><strong>Fernando Anderlic<\/strong> &#8211; <em>Director Nacional<\/em><\/span><\/p>\n<p>[\/vc_column_text][vc_column_text css=&#8221;&#8221;]<\/p>\n<h3><span class=\"OYPEnA text-decoration-none text-strikethrough-none\">Canal de contacto<\/span><\/h3>\n<p>[\/vc_column_text][vc_column_text css=&#8221;&#8221;]<span class=\"OYPEnA text-decoration-none text-strikethrough-none\">Si conoc\u00e9s cualquier situaci\u00f3n en la que <\/span><strong><span class=\"OYPEnA text-decoration-none text-strikethrough-none\">NO se est\u00e1 potenciando el BUEN TRATO<\/span><\/strong><span class=\"OYPEnA text-decoration-none text-strikethrough-none\">; o en la que incluso una persona <\/span><strong><span class=\"OYPEnA text-decoration-none text-strikethrough-none\">pudiera estar sufriendo alg\u00fan tipo de maltrato y\/o abuso<\/span><\/strong><span class=\"OYPEnA text-decoration-none text-strikethrough-none\"> segu\u00ed los pasos establecidos en nuestra pol\u00edtica y protocolo nacional. Si dese\u00e1s comunicarte de manera confidencial pod\u00e9s hacerlo a:<\/span>[\/vc_column_text][vc_row_inner][vc_column_inner width=&#8221;1\/4&#8243;][\/vc_column_inner][vc_column_inner width=&#8221;1\/2&#8243;][vc_column_text css=&#8221;.vc_custom_1719413947134{background-color: #d10a10 !important;border-radius: 10px !important;}&#8221;]<\/p>\n<p style=\"text-align: center; color: #fff;\"><strong><span class=\"OYPEnA text-decoration-none text-strikethrough-none\">proteccion-cuidado@feyalegria.org.ar<\/span><\/strong><\/p>\n<p>[\/vc_column_text][\/vc_column_inner][vc_column_inner width=&#8221;1\/4&#8243;][\/vc_column_inner][\/vc_row_inner][vc_column_text css=&#8221;&#8221;]<\/p>\n<h3><span class=\"OYPEnA text-decoration-none text-strikethrough-none\">Apoyo a las v\u00edctimas<\/span><\/h3>\n<p>[\/vc_column_text][vc_column_text css=&#8221;&#8221;]<span class=\"OYPEnA text-decoration-none text-strikethrough-none\">Nos comprometemos a brindar y procurar apoyo espiritual, profesional e integral a las v\u00edctimas de abuso y el mayor esfuerzo por garantizar que esta provisi\u00f3n sea efectiva y responda a sus necesidades individuales.<\/span>[\/vc_column_text][vc_column_text css=&#8221;&#8221;]<\/p>\n<h3><span class=\"OYPEnA text-decoration-none text-strikethrough-none\">Prevenci\u00f3n<\/span><\/h3>\n<p>[\/vc_column_text][vc_column_text css=&#8221;&#8221;]<span class=\"OYPEnA text-decoration-none text-strikethrough-none\">En todos nuestros centros, el personal que se vaya incorporando a los planteles educativos y administrativos, como as\u00ed tambi\u00e9n el voluntariado, deber\u00e1n presentar documentaci\u00f3n pertinente cuando su trabajo involucre a ni\u00f1os, ni\u00f1as, adolescentes, j\u00f3venes o personas adultas vulnerables.<\/span>[\/vc_column_text][vc_column_text css=&#8221;&#8221;]<\/p>\n<h3><span class=\"OYPEnA text-decoration-none text-strikethrough-none\">Jesuitas | Provincia ARU<\/span><\/h3>\n<p>[\/vc_column_text][vc_column_text css=&#8221;&#8221;]<span class=\"OYPEnA text-decoration-none text-strikethrough-none\">Como miembros de la Compa\u00f1\u00eda de Jes\u00fas, asumimos tambi\u00e9n los compromisos de esta instituci\u00f3n. La Compa\u00f1\u00eda de Jes\u00fas, unida al Papa Francisco en su condena contra todo tipo de abusos a menores y personas vulnerables, contin\u00faa comprometida en la lucha contra este flagelo, con acciones concretas de prevenci\u00f3n y concientizaci\u00f3n en todas nuestras obras, y promoviendo la seguridad e integridad de todas las personas. El Protocolo de actuaci\u00f3n fue aprobado en 2010, revisado en 2017 y actualizado al 8 de diciembre de 2022, fecha en que entraron en vigencia importantes modificaciones al libro VI del C\u00f3digo de Derecho Can\u00f3nico. M\u00e1s en <a href=\"https:\/\/jesuitasaru.org\/prevencion\/\">https:\/\/jesuitasaru.org\/prevencion\/<\/a><\/span>[\/vc_column_text][\/vc_column][\/vc_row][vc_row][vc_column width=&#8221;1\/2&#8243; alignment=&#8221;center&#8221;][vc_single_image image=&#8221;13202&#8243; img_size=&#8221;medium&#8221; alignment=&#8221;center&#8221; style=&#8221;vc_box_rounded&#8221; css=&#8221;&#8221;]<a href=\"https:\/\/d3pugrm67vf9n7.cloudfront.net\/wp-content\/uploads\/sites\/22\/2025\/07\/16140732\/COMPROMISO-INSTITUCIONAL.pdf\" target=\"_blank\" title=\"Descargar\"  data-id=\"mpc_button-6569d118c253fc4\" class=\"mpc-button mpc-init mpc-transition mpc-typography--default \" ><div class=\"mpc-button__content mpc-effect-type--stay mpc-effect-side--right\"><span class=\"mpc-button__title mpc-transition\">Descargar<\/span><i class=\"mpc-button__icon mpc-transition  mi mi-file_download\"><\/i><\/div><div class=\"mpc-button__background mpc-transition mpc-effect-type--fade mpc-effect-side--in\"><\/div><\/a>[\/vc_column][vc_column width=&#8221;1\/2&#8243; alignment=&#8221;center&#8221;][vc_single_image image=&#8221;13201&#8243; img_size=&#8221;medium&#8221; alignment=&#8221;center&#8221; style=&#8221;vc_box_rounded&#8221; css=&#8221;&#8221;]<a href=\"https:\/\/d3pugrm67vf9n7.cloudfront.net\/wp-content\/uploads\/sites\/22\/2025\/07\/16140730\/CODIGO-DE-CONDUCTA.pdf\" target=\"_blank\" title=\"Descargar\"  data-id=\"mpc_button-1269d118c25409c\" class=\"mpc-button mpc-init mpc-transition mpc-typography--default \" ><div class=\"mpc-button__content mpc-effect-type--stay mpc-effect-side--right\"><span class=\"mpc-button__title mpc-transition\">Descargar<\/span><i class=\"mpc-button__icon mpc-transition  mi mi-file_download\"><\/i><\/div><div class=\"mpc-button__background mpc-transition mpc-effect-type--fade mpc-effect-side--in\"><\/div><\/a>[\/vc_column][\/vc_row][vc_row][vc_column alignment=&#8221;center&#8221;][vc_empty_space][\/vc_column][\/vc_row]<\/p>\n<\/div>","protected":false},"excerpt":{"rendered":"<p>[vc_row][vc_column width=&#8221;2\/3&#8243;][\/vc_column][vc_column width=&#8221;1\/3&#8243; offset=&#8221;vc_hidden-md vc_hidden-sm vc_hidden-xs&#8221; css=&#8221;.vc_custom_1719587040428{margin-top: -80px !important;}&#8221;][vc_single_image image=&#8221;4012&#8243; css=&#8221;&#8221;][\/vc_column][\/vc_row][vc_row][vc_column offset=&#8221;vc_hidden-lg&#8221;][vc_empty_space][vc_column_text css=&#8221;&#8221;] Protecci\u00f3n y Cuidado [\/vc_column_text][\/vc_column][\/vc_row][vc_row][vc_column offset=&#8221;vc_hidden-md vc_hidden-sm vc_hidden-xs&#8221; css=&#8221;.vc_custom_1719587219255{margin-top: -50px !important;}&#8221;][vc_column_text css=&#8221;&#8221;] Protecci\u00f3n y Cuidado [\/vc_column_text][\/vc_column][\/vc_row][vc_row full_width=&#8221;stretch_row&#8221; enable_parallax=&#8221;true&#8221; parallax_background=&#8221;13011&#8243;][vc_column][vc_row_inner content_placement=&#8221;middle&#8221;][vc_column_inner width=&#8221;1\/4&#8243;][vc_empty_space][vc_single_image image=&#8221;13015&#8243; img_size=&#8221;medium&#8221; alignment=&#8221;center&#8221; css=&#8221;&#8221;][\/vc_column_inner][vc_column_inner width=&#8221;1\/2&#8243;][vc_column_text css=&#8221;&#8221;] Fe y Alegr\u00eda Argentina cuenta con un marco integral que cumple con los est\u00e1ndares de KCS<\/p>\n","protected":false},"author":31,"featured_media":0,"parent":0,"menu_order":0,"comment_status":"closed","ping_status":"closed","template":"","meta":{"_acf_changed":false,"footnotes":""},"folder":[],"class_list":["post-3897","page","type-page","status-publish","hentry"],"acf":[],"yoast_head":"<!-- This site is optimized with the Yoast SEO plugin v27.2 - https:\/\/yoast.com\/product\/yoast-seo-wordpress\/ -->\n<title>Protecci\u00f3n y cuidado - #SomosFeyAlegria en Argentina<\/title>\n<meta name=\"robots\" content=\"index, follow, max-snippet:-1, max-image-preview:large, max-video-preview:-1\" \/>\n<link rel=\"canonical\" href=\"https:\/\/www.feyalegria.org\/argentina\/proteccion-y-cuidado\/\" \/>\n<meta property=\"og:locale\" content=\"es_ES\" \/>\n<meta property=\"og:type\" content=\"article\" \/>\n<meta property=\"og:title\" content=\"Protecci\u00f3n y cuidado - #SomosFeyAlegria en Argentina\" \/>\n<meta property=\"og:description\" content=\"[vc_row][vc_column width=&#8221;2\/3&#8243;][\/vc_column][vc_column width=&#8221;1\/3&#8243; offset=&#8221;vc_hidden-md vc_hidden-sm vc_hidden-xs&#8221; css=&#8221;.vc_custom_1719587040428{margin-top: -80px !important;}&#8221;][vc_single_image image=&#8221;4012&#8243; css=&#8221;&#8221;][\/vc_column][\/vc_row][vc_row][vc_column offset=&#8221;vc_hidden-lg&#8221;][vc_empty_space][vc_column_text css=&#8221;&#8221;] Protecci\u00f3n y Cuidado [\/vc_column_text][\/vc_column][\/vc_row][vc_row][vc_column offset=&#8221;vc_hidden-md vc_hidden-sm vc_hidden-xs&#8221; css=&#8221;.vc_custom_1719587219255{margin-top: -50px !important;}&#8221;][vc_column_text css=&#8221;&#8221;] Protecci\u00f3n y Cuidado [\/vc_column_text][\/vc_column][\/vc_row][vc_row full_width=&#8221;stretch_row&#8221; enable_parallax=&#8221;true&#8221; parallax_background=&#8221;13011&#8243;][vc_column][vc_row_inner content_placement=&#8221;middle&#8221;][vc_column_inner width=&#8221;1\/4&#8243;][vc_empty_space][vc_single_image image=&#8221;13015&#8243; img_size=&#8221;medium&#8221; alignment=&#8221;center&#8221; css=&#8221;&#8221;][\/vc_column_inner][vc_column_inner width=&#8221;1\/2&#8243;][vc_column_text css=&#8221;&#8221;] Fe y Alegr\u00eda Argentina cuenta con un marco integral que cumple con los est\u00e1ndares de KCS\" \/>\n<meta property=\"og:url\" content=\"https:\/\/www.feyalegria.org\/argentina\/proteccion-y-cuidado\/\" \/>\n<meta property=\"og:site_name\" content=\"#SomosFeyAlegria en Argentina\" \/>\n<meta property=\"article:modified_time\" content=\"2025-08-11T19:04:26+00:00\" \/>\n<meta property=\"og:image\" content=\"https:\/\/www.feyalegria.org\/argentina\/wp-content\/uploads\/sites\/22\/2023\/12\/Politica-y-protocolo-institucional-219x300.jpg\" \/>\n<meta name=\"twitter:card\" content=\"summary_large_image\" \/>\n<meta name=\"twitter:label1\" content=\"Tiempo de lectura\" \/>\n\t<meta name=\"twitter:data1\" content=\"5 minutos\" \/>\n<script type=\"application\/ld+json\" class=\"yoast-schema-graph\">{\"@context\":\"https:\/\/schema.org\",\"@graph\":[{\"@type\":\"WebPage\",\"@id\":\"https:\/\/www.feyalegria.org\/argentina\/proteccion-y-cuidado\/\",\"url\":\"https:\/\/www.feyalegria.org\/argentina\/proteccion-y-cuidado\/\",\"name\":\"Protecci\u00f3n y cuidado - #SomosFeyAlegria en Argentina\",\"isPartOf\":{\"@id\":\"https:\/\/www.feyalegria.org\/argentina\/#website\"},\"primaryImageOfPage\":{\"@id\":\"https:\/\/www.feyalegria.org\/argentina\/proteccion-y-cuidado\/#primaryimage\"},\"image\":{\"@id\":\"https:\/\/www.feyalegria.org\/argentina\/proteccion-y-cuidado\/#primaryimage\"},\"thumbnailUrl\":\"https:\/\/www.feyalegria.org\/argentina\/wp-content\/uploads\/sites\/22\/2023\/12\/Politica-y-protocolo-institucional-219x300.jpg\",\"datePublished\":\"2024-06-26T14:59:28+00:00\",\"dateModified\":\"2025-08-11T19:04:26+00:00\",\"breadcrumb\":{\"@id\":\"https:\/\/www.feyalegria.org\/argentina\/proteccion-y-cuidado\/#breadcrumb\"},\"inLanguage\":\"es-CO\",\"potentialAction\":[{\"@type\":\"ReadAction\",\"target\":[\"https:\/\/www.feyalegria.org\/argentina\/proteccion-y-cuidado\/\"]}]},{\"@type\":\"ImageObject\",\"inLanguage\":\"es-CO\",\"@id\":\"https:\/\/www.feyalegria.org\/argentina\/proteccion-y-cuidado\/#primaryimage\",\"url\":\"https:\/\/d3pugrm67vf9n7.cloudfront.net\/wp-content\/uploads\/sites\/22\/2023\/12\/01134350\/Politica-y-protocolo-institucional.jpg?ver=1754938976\",\"contentUrl\":\"https:\/\/d3pugrm67vf9n7.cloudfront.net\/wp-content\/uploads\/sites\/22\/2023\/12\/01134350\/Politica-y-protocolo-institucional.jpg?ver=1754938976\",\"width\":392,\"height\":536},{\"@type\":\"BreadcrumbList\",\"@id\":\"https:\/\/www.feyalegria.org\/argentina\/proteccion-y-cuidado\/#breadcrumb\",\"itemListElement\":[{\"@type\":\"ListItem\",\"position\":1,\"name\":\"Home\",\"item\":\"https:\/\/www.feyalegria.org\/argentina\/\"},{\"@type\":\"ListItem\",\"position\":2,\"name\":\"Protecci\u00f3n y cuidado\"}]},{\"@type\":\"WebSite\",\"@id\":\"https:\/\/www.feyalegria.org\/argentina\/#website\",\"url\":\"https:\/\/www.feyalegria.org\/argentina\/\",\"name\":\"#SomosFeyAlegria en Argentina\",\"description\":\"\",\"potentialAction\":[{\"@type\":\"SearchAction\",\"target\":{\"@type\":\"EntryPoint\",\"urlTemplate\":\"https:\/\/www.feyalegria.org\/argentina\/?s={search_term_string}\"},\"query-input\":{\"@type\":\"PropertyValueSpecification\",\"valueRequired\":true,\"valueName\":\"search_term_string\"}}],\"inLanguage\":\"es-CO\"}]}<\/script>\n<!-- \/ Yoast SEO plugin. -->","yoast_head_json":{"title":"Protecci\u00f3n y cuidado - #SomosFeyAlegria en Argentina","robots":{"index":"index","follow":"follow","max-snippet":"max-snippet:-1","max-image-preview":"max-image-preview:large","max-video-preview":"max-video-preview:-1"},"canonical":"https:\/\/www.feyalegria.org\/argentina\/proteccion-y-cuidado\/","og_locale":"es_ES","og_type":"article","og_title":"Protecci\u00f3n y cuidado - #SomosFeyAlegria en Argentina","og_description":"[vc_row][vc_column width=&#8221;2\/3&#8243;][\/vc_column][vc_column width=&#8221;1\/3&#8243; offset=&#8221;vc_hidden-md vc_hidden-sm vc_hidden-xs&#8221; css=&#8221;.vc_custom_1719587040428{margin-top: -80px !important;}&#8221;][vc_single_image image=&#8221;4012&#8243; css=&#8221;&#8221;][\/vc_column][\/vc_row][vc_row][vc_column offset=&#8221;vc_hidden-lg&#8221;][vc_empty_space][vc_column_text css=&#8221;&#8221;] Protecci\u00f3n y Cuidado [\/vc_column_text][\/vc_column][\/vc_row][vc_row][vc_column offset=&#8221;vc_hidden-md vc_hidden-sm vc_hidden-xs&#8221; css=&#8221;.vc_custom_1719587219255{margin-top: -50px !important;}&#8221;][vc_column_text css=&#8221;&#8221;] Protecci\u00f3n y Cuidado [\/vc_column_text][\/vc_column][\/vc_row][vc_row full_width=&#8221;stretch_row&#8221; enable_parallax=&#8221;true&#8221; parallax_background=&#8221;13011&#8243;][vc_column][vc_row_inner content_placement=&#8221;middle&#8221;][vc_column_inner width=&#8221;1\/4&#8243;][vc_empty_space][vc_single_image image=&#8221;13015&#8243; img_size=&#8221;medium&#8221; alignment=&#8221;center&#8221; css=&#8221;&#8221;][\/vc_column_inner][vc_column_inner width=&#8221;1\/2&#8243;][vc_column_text css=&#8221;&#8221;] Fe y Alegr\u00eda Argentina cuenta con un marco integral que cumple con los est\u00e1ndares de KCS","og_url":"https:\/\/www.feyalegria.org\/argentina\/proteccion-y-cuidado\/","og_site_name":"#SomosFeyAlegria en Argentina","article_modified_time":"2025-08-11T19:04:26+00:00","og_image":[{"url":"https:\/\/www.feyalegria.org\/argentina\/wp-content\/uploads\/sites\/22\/2023\/12\/Politica-y-protocolo-institucional-219x300.jpg","type":"","width":"","height":""}],"twitter_card":"summary_large_image","twitter_misc":{"Tiempo de lectura":"5 minutos"},"schema":{"@context":"https:\/\/schema.org","@graph":[{"@type":"WebPage","@id":"https:\/\/www.feyalegria.org\/argentina\/proteccion-y-cuidado\/","url":"https:\/\/www.feyalegria.org\/argentina\/proteccion-y-cuidado\/","name":"Protecci\u00f3n y cuidado - #SomosFeyAlegria en Argentina","isPartOf":{"@id":"https:\/\/www.feyalegria.org\/argentina\/#website"},"primaryImageOfPage":{"@id":"https:\/\/www.feyalegria.org\/argentina\/proteccion-y-cuidado\/#primaryimage"},"image":{"@id":"https:\/\/www.feyalegria.org\/argentina\/proteccion-y-cuidado\/#primaryimage"},"thumbnailUrl":"https:\/\/www.feyalegria.org\/argentina\/wp-content\/uploads\/sites\/22\/2023\/12\/Politica-y-protocolo-institucional-219x300.jpg","datePublished":"2024-06-26T14:59:28+00:00","dateModified":"2025-08-11T19:04:26+00:00","breadcrumb":{"@id":"https:\/\/www.feyalegria.org\/argentina\/proteccion-y-cuidado\/#breadcrumb"},"inLanguage":"es-CO","potentialAction":[{"@type":"ReadAction","target":["https:\/\/www.feyalegria.org\/argentina\/proteccion-y-cuidado\/"]}]},{"@type":"ImageObject","inLanguage":"es-CO","@id":"https:\/\/www.feyalegria.org\/argentina\/proteccion-y-cuidado\/#primaryimage","url":"https:\/\/d3pugrm67vf9n7.cloudfront.net\/wp-content\/uploads\/sites\/22\/2023\/12\/01134350\/Politica-y-protocolo-institucional.jpg?ver=1754938976","contentUrl":"https:\/\/d3pugrm67vf9n7.cloudfront.net\/wp-content\/uploads\/sites\/22\/2023\/12\/01134350\/Politica-y-protocolo-institucional.jpg?ver=1754938976","width":392,"height":536},{"@type":"BreadcrumbList","@id":"https:\/\/www.feyalegria.org\/argentina\/proteccion-y-cuidado\/#breadcrumb","itemListElement":[{"@type":"ListItem","position":1,"name":"Home","item":"https:\/\/www.feyalegria.org\/argentina\/"},{"@type":"ListItem","position":2,"name":"Protecci\u00f3n y cuidado"}]},{"@type":"WebSite","@id":"https:\/\/www.feyalegria.org\/argentina\/#website","url":"https:\/\/www.feyalegria.org\/argentina\/","name":"#SomosFeyAlegria en Argentina","description":"","potentialAction":[{"@type":"SearchAction","target":{"@type":"EntryPoint","urlTemplate":"https:\/\/www.feyalegria.org\/argentina\/?s={search_term_string}"},"query-input":{"@type":"PropertyValueSpecification","valueRequired":true,"valueName":"search_term_string"}}],"inLanguage":"es-CO"}]}},"_links":{"self":[{"href":"https:\/\/www.feyalegria.org\/argentina\/wp-json\/wp\/v2\/pages\/3897","targetHints":{"allow":["GET"]}}],"collection":[{"href":"https:\/\/www.feyalegria.org\/argentina\/wp-json\/wp\/v2\/pages"}],"about":[{"href":"https:\/\/www.feyalegria.org\/argentina\/wp-json\/wp\/v2\/types\/page"}],"author":[{"embeddable":true,"href":"https:\/\/www.feyalegria.org\/argentina\/wp-json\/wp\/v2\/users\/31"}],"replies":[{"embeddable":true,"href":"https:\/\/www.feyalegria.org\/argentina\/wp-json\/wp\/v2\/comments?post=3897"}],"version-history":[{"count":7,"href":"https:\/\/www.feyalegria.org\/argentina\/wp-json\/wp\/v2\/pages\/3897\/revisions"}],"predecessor-version":[{"id":13372,"href":"https:\/\/www.feyalegria.org\/argentina\/wp-json\/wp\/v2\/pages\/3897\/revisions\/13372"}],"wp:attachment":[{"href":"https:\/\/www.feyalegria.org\/argentina\/wp-json\/wp\/v2\/media?parent=3897"}],"wp:term":[{"taxonomy":"folder","embeddable":true,"href":"https:\/\/www.feyalegria.org\/argentina\/wp-json\/wp\/v2\/folder?post=3897"}],"curies":[{"name":"wp","href":"https:\/\/api.w.org\/{rel}","templated":true}]}}