 {"id":3912,"date":"2024-07-03T13:19:24","date_gmt":"2024-07-03T13:19:24","guid":{"rendered":"https:\/\/www.feyalegria.org\/argentina\/?page_id=3912"},"modified":"2025-12-22T21:34:39","modified_gmt":"2025-12-22T21:34:39","slug":"aprendiendo","status":"publish","type":"page","link":"https:\/\/www.feyalegria.org\/argentina\/aprendiendo\/","title":{"rendered":"Aprendiendo"},"content":{"rendered":"<div class=\"wpb-content-wrapper\"><p>[vc_row][vc_column width=&#8221;2\/3&#8243;][\/vc_column][vc_column width=&#8221;1\/3&#8243; offset=&#8221;vc_hidden-md vc_hidden-sm vc_hidden-xs&#8221; css=&#8221;.vc_custom_1719587040428{margin-top: -80px !important;}&#8221;][vc_single_image image=&#8221;4026&#8243; css=&#8221;&#8221;][\/vc_column][\/vc_row][vc_row][vc_column offset=&#8221;vc_hidden-lg&#8221;][vc_empty_space][vc_column_text css=&#8221;&#8221;]<\/p>\n<h1>Aprendiendo<\/h1>\n<p>[\/vc_column_text][vc_column_text css=&#8221;&#8221;]<em><span style=\"font-size: 20px;\">Noticias en pocas l\u00edneas.<\/span><\/em>[\/vc_column_text][\/vc_column][\/vc_row][vc_row][vc_column offset=&#8221;vc_hidden-md vc_hidden-sm vc_hidden-xs&#8221; css=&#8221;.vc_custom_1719587219255{margin-top: -50px !important;}&#8221;][vc_column_text css=&#8221;&#8221;]<\/p>\n<h1>Aprendiendo<\/h1>\n<p>[\/vc_column_text][vc_column_text css=&#8221;&#8221;]<em><span style=\"font-size: 20px;\">Noticias en pocas l\u00edneas.<\/span><\/em>[\/vc_column_text][vc_separator css=&#8221;&#8221;][\/vc_column][\/vc_row][vc_row css=&#8221;.vc_custom_1760316519376{border-radius: 5px !important;}&#8221;][vc_column width=&#8221;1\/6&#8243;][vc_single_image image=&#8221;3932&#8243; img_size=&#8221;medium&#8221; alignment=&#8221;center&#8221; css=&#8221;&#8221;][\/vc_column][vc_column width=&#8221;5\/6&#8243;][vc_column_text css=&#8221;&#8221;]<em><span style=\"font-size: 20px;\">Diciembre 2025<\/span><\/em>[\/vc_column_text][vc_column_text css=&#8221;&#8221;]<em id=\"m_1486202997590611410iw0h8\"><i id=\"m_1486202997590611410i0kps\">Celebramos la venida de Jes\u00fas, que vuelve a nacer pobre, peque\u00f1o y vulnerable, en un mundo que muchas veces exalta el individualismo y la indiferencia frente al dolor de los otros. Ante ese paradigma dominante, la Navidad nos recuerda que Dios elige otro camino: el de la sencillez, el encuentro y la entrega.\u00a0<\/i><\/em><\/p>\n<p><i id=\"m_1486202997590611410i72n4\">Fernando Anderlic, Director Nacional (Carta por la Navidad 2025)<\/i>[\/vc_column_text][vc_btn title=&#8221;VER BOLET\u00cdN&#8221; style=&#8221;custom&#8221; custom_background=&#8221;#d20a11&#8243; custom_text=&#8221;#ffffff&#8221; align=&#8221;center&#8221; css=&#8221;&#8221; link=&#8221;url:https%3A%2F%2Fv3.esmsv.com%2Fcampaign%2Fhtmlversion%3FAdministratorID%3D60181%26CampaignID%3D432%26StatisticID%3D373%26MemberID%3D2214%26s%3D82e6e78d8b2f96b84a700f8a65e7fe85%26isDemo%3D0|target:_blank&#8221;][\/vc_column][\/vc_row][vc_row css=&#8221;.vc_custom_1760316530237{background-color: #F9F9F9 !important;border-radius: 5px !important;}&#8221;][vc_column width=&#8221;1\/6&#8243;][vc_single_image image=&#8221;3932&#8243; img_size=&#8221;medium&#8221; alignment=&#8221;center&#8221; css=&#8221;&#8221;][\/vc_column][vc_column width=&#8221;5\/6&#8243;][vc_column_text css=&#8221;&#8221;]<em><span style=\"font-size: 20px;\">Octubre 2025<\/span><\/em>[\/vc_column_text][vc_column_text css=&#8221;&#8221;]<em id=\"iw0h8\"><i id=\"i0kps\">&#8220;La misi\u00f3n que compartimos no nos permite la mediocridad ni la resignaci\u00f3n. Necesitamos que cada maestro y maestra de Fe y Alegr\u00eda se atreva a poner el coraz\u00f3n entero en su tarea, con pasi\u00f3n, aun cuando cueste, aun cuando falten recursos, aun cuando parezca m\u00e1s f\u00e1cil bajar los brazos. Porque en esa entrega es donde nuestra vocaci\u00f3n se vuelve signo del Reino&#8221;.\u00a0<\/i><\/em><\/p>\n<p><i id=\"i72n4\">Fernando Anderlic, Director Nacional (Carta por el D\u00eda del Maestro 2025)<\/i>[\/vc_column_text][vc_btn title=&#8221;VER BOLET\u00cdN&#8221; style=&#8221;custom&#8221; custom_background=&#8221;#d20a11&#8243; custom_text=&#8221;#ffffff&#8221; align=&#8221;center&#8221; css=&#8221;&#8221; link=&#8221;url:https%3A%2F%2Fv3.esmsv.com%2Fcampaign%2Fhtmlversion%3FAdministratorID%3D60181%26CampaignID%3D420%26StatisticID%3D365%26MemberID%3D1%26s%3D06d6f4b5d7e841967cf4c7f63a8e61e2%26isDemo%3D0|target:_blank&#8221;][\/vc_column][\/vc_row][vc_row css=&#8221;.vc_custom_1760316519376{border-radius: 5px !important;}&#8221;][vc_column width=&#8221;1\/6&#8243;][vc_single_image image=&#8221;3932&#8243; img_size=&#8221;medium&#8221; alignment=&#8221;center&#8221; css=&#8221;&#8221;][\/vc_column][vc_column width=&#8221;5\/6&#8243;][vc_column_text css=&#8221;&#8221;]<em><span style=\"font-size: 20px;\">Agosto 2025<\/span><\/em>[\/vc_column_text][vc_column_text css=&#8221;&#8221;]<em id=\"iw0h8\"><i id=\"i0kps\">Abraham Reyes se adelant\u00f3 y le dijo: &#8220;Padre V\u00e9laz, si usted quiere este sal\u00f3n para Escuela, yo se lo regalo&#8221;. Se dieron un abrazo y acto seguido se colg\u00f3 en la puerta un cartel que dec\u00eda: &#8220;Escuela. Se admiten ni\u00f1os&#8221;. Hab\u00eda nacido Fe y Alegr\u00eda.\u00a0<\/i><\/em><\/p>\n<p><em id=\"iw0h8-2\"><i id=\"i8v8l\">(Dr. Alfredo Bastos, &#8220;Fe y Alegr\u00eda en el Pensamiento del Padre V\u00e9laz&#8221; 1981)<\/i><\/em>[\/vc_column_text][vc_btn title=&#8221;VER BOLET\u00cdN&#8221; style=&#8221;custom&#8221; custom_background=&#8221;#d20a11&#8243; custom_text=&#8221;#ffffff&#8221; align=&#8221;center&#8221; css=&#8221;&#8221; link=&#8221;url:https%3A%2F%2Fv3.esmsv.com%2Fcampaign%2Fhtmlversion%3FAdministratorID%3D60181%26CampaignID%3D414%26s%3D0331b3552971c35c316136b6a5a95107%26MemberID%3D2214%26isDemo%3D1|target:_blank&#8221;][\/vc_column][\/vc_row][vc_row css=&#8221;.vc_custom_1717593165345{background-color: #f9f9f9 !important;border-radius: 5px !important;}&#8221;][vc_column width=&#8221;1\/6&#8243;][vc_single_image image=&#8221;3932&#8243; img_size=&#8221;medium&#8221; alignment=&#8221;center&#8221; css=&#8221;&#8221;][\/vc_column][vc_column width=&#8221;5\/6&#8243;][vc_column_text css=&#8221;&#8221;]<em><span style=\"font-size: 20px;\">Julio 2024<\/span><\/em>[\/vc_column_text][vc_column_text css=&#8221;&#8221;]<em>&#8220;Cuando se dan la fe y la alegr\u00eda, se da tambi\u00e9n una comunidad que educa. Escuelas y centros abiertos a la comunidad que forman\u00a0con\u00a0la comunidad, desde una pedagog\u00eda transformadora&#8221;.<br \/>\nP. Rafael Velasco SJ.<\/em>[\/vc_column_text][vc_btn title=&#8221;VER BOLET\u00cdN&#8221; style=&#8221;custom&#8221; custom_background=&#8221;#d20a11&#8243; custom_text=&#8221;#ffffff&#8221; align=&#8221;center&#8221; css=&#8221;&#8221; link=&#8221;url:https%3A%2F%2Fv3.esmsv.com%2Fcampaign%2Fhtmlversion%3FAdministratorID%3D60181%26CampaignID%3D379%26s%3Dc71c1730069bcf8bd2f57aa38abd9599%26MemberID%3D1%26isDemo%3D1|target:_blank&#8221;][\/vc_column][\/vc_row][vc_row][vc_column][vc_separator css=&#8221;&#8221;][\/vc_column][\/vc_row][vc_row][vc_column width=&#8221;1\/6&#8243;][vc_single_image image=&#8221;3932&#8243; img_size=&#8221;medium&#8221; alignment=&#8221;center&#8221; css=&#8221;&#8221;][\/vc_column][vc_column width=&#8221;5\/6&#8243;][vc_column_text css=&#8221;&#8221;]<em><span style=\"font-size: 20px;\">Marzo 2024<\/span><\/em>[\/vc_column_text][vc_column_text css=&#8221;&#8221;]<em>&#8220;Queremos seguir construyendo \u00e1mbitos educativo en donde las personas aprendan, se sientan felices haci\u00e9ndolo, desarrollen capacidades y competencias para la vida y sean agentes de cambio capaces de transformar sus vidas y sus entornos&#8221;.<\/em><\/p>\n<p>Fernando Anderlic, Director Nacional<br \/>\nCarta de Inicio de Ciclo Lectivo[\/vc_column_text][vc_btn title=&#8221;VER BOLET\u00cdN&#8221; style=&#8221;custom&#8221; custom_background=&#8221;#d20a11&#8243; custom_text=&#8221;#ffffff&#8221; align=&#8221;center&#8221; css=&#8221;&#8221; link=&#8221;url:https%3A%2F%2Fv3.esmsv.com%2Fcampaign%2Fhtmlversion%3FAdministratorID%3D60181%26CampaignID%3D373%26StatisticID%3D315%26MemberID%3D2214%26s%3D7a3362045d33f1c7037992fc4b701a56%26isDemo%3D0|target:_blank&#8221;][\/vc_column][\/vc_row][vc_row][vc_column][vc_separator css=&#8221;&#8221;][\/vc_column][\/vc_row][vc_row css=&#8221;.vc_custom_1717593165345{background-color: #f9f9f9 !important;border-radius: 5px !important;}&#8221;][vc_column width=&#8221;1\/6&#8243;][vc_single_image image=&#8221;3932&#8243; img_size=&#8221;medium&#8221; alignment=&#8221;center&#8221; css=&#8221;&#8221;][\/vc_column][vc_column width=&#8221;5\/6&#8243;][vc_column_text css=&#8221;&#8221;]<em><span style=\"font-size: 20px;\">Noviembre 2023<\/span><\/em>[\/vc_column_text][vc_column_text css=&#8221;&#8221;]<em>&#8220;El compromiso es tomar la decisi\u00f3n de trabajar por la causa de los pobres. Para llegar a \u00e9l hay que\u00a0<strong>dejarse impactar<\/strong>\u00a0por la realidad de los empobrecidos, dejarse tocar y afectar por ella. De ah\u00ed surge la\u00a0<strong>indignaci\u00f3n \u00e9tica<\/strong>\u00a0que me mueve al compromiso&#8221;\u00a0 P. Fernando Cardenal SJ<\/em>[\/vc_column_text][vc_btn title=&#8221;VER BOLET\u00cdN&#8221; style=&#8221;custom&#8221; custom_background=&#8221;#d20a11&#8243; custom_text=&#8221;#ffffff&#8221; align=&#8221;center&#8221; css=&#8221;&#8221; link=&#8221;url:https%3A%2F%2Fv3.esmsv.com%2Fcampaign%2Fhtmlversion%3FAdministratorID%3D60181%26CampaignID%3D361%26StatisticID%3D302%26MemberID%3D10337%26s%3D12438d0050ba4b7f8b5876ccc8490f27%26isDemo%3D0|target:_blank&#8221;][\/vc_column][\/vc_row][vc_row][vc_column][vc_separator css=&#8221;&#8221;][\/vc_column][\/vc_row][vc_row][vc_column width=&#8221;1\/6&#8243;][vc_single_image image=&#8221;3932&#8243; img_size=&#8221;medium&#8221; alignment=&#8221;center&#8221; css=&#8221;&#8221;][\/vc_column][vc_column width=&#8221;5\/6&#8243;][vc_column_text css=&#8221;&#8221;]<em><span style=\"font-size: 20px;\">Marzo 2023<\/span><\/em>[\/vc_column_text][vc_column_text css=&#8221;&#8221;]<em>&#8220;Educar es ayudar a conocerse, comprenderse y valorarese para poder desarrollar plenamente todos los talentos y realizar la misi\u00f3n en la vida de los dem\u00e1s. Este es el sentido del empoderamiento: capacitar al educando para que sea sujeto de s\u00ed mismo, cap\u00e1z de comprometerse en la transformaci\u00f3n de la sociedad&#8221; (FiFyA 2001)<\/em>[\/vc_column_text][vc_btn title=&#8221;VER BOLET\u00cdN&#8221; style=&#8221;custom&#8221; custom_background=&#8221;#d20a11&#8243; custom_text=&#8221;#ffffff&#8221; align=&#8221;center&#8221; css=&#8221;&#8221; link=&#8221;url:https%3A%2F%2Fv3.esmsv.com%2Fcampaign%2Fhtmlversion%3FAdministratorID%3D60181%26CampaignID%3D339%26StatisticID%3D281%26MemberID%3D2113%26s%3Dfdac3cb162082d66b9d13693e998eae1%26isDemo%3D0|target:_blank&#8221;][\/vc_column][\/vc_row][vc_row][vc_column][vc_empty_space][\/vc_column][\/vc_row]<\/p>\n<\/div>","protected":false},"excerpt":{"rendered":"<p>[vc_row][vc_column width=&#8221;2\/3&#8243;][\/vc_column][vc_column width=&#8221;1\/3&#8243; offset=&#8221;vc_hidden-md vc_hidden-sm vc_hidden-xs&#8221; css=&#8221;.vc_custom_1719587040428{margin-top: -80px !important;}&#8221;][vc_single_image image=&#8221;4026&#8243; css=&#8221;&#8221;][\/vc_column][\/vc_row][vc_row][vc_column offset=&#8221;vc_hidden-lg&#8221;][vc_empty_space][vc_column_text css=&#8221;&#8221;] Aprendiendo [\/vc_column_text][vc_column_text css=&#8221;&#8221;]Noticias en pocas l\u00edneas.[\/vc_column_text][\/vc_column][\/vc_row][vc_row][vc_column offset=&#8221;vc_hidden-md vc_hidden-sm vc_hidden-xs&#8221; css=&#8221;.vc_custom_1719587219255{margin-top: -50px !important;}&#8221;][vc_column_text css=&#8221;&#8221;] Aprendiendo [\/vc_column_text][vc_column_text css=&#8221;&#8221;]Noticias en pocas l\u00edneas.[\/vc_column_text][vc_separator css=&#8221;&#8221;][\/vc_column][\/vc_row][vc_row css=&#8221;.vc_custom_1760316519376{border-radius: 5px !important;}&#8221;][vc_column width=&#8221;1\/6&#8243;][vc_single_image image=&#8221;3932&#8243; img_size=&#8221;medium&#8221; alignment=&#8221;center&#8221; css=&#8221;&#8221;][\/vc_column][vc_column width=&#8221;5\/6&#8243;][vc_column_text css=&#8221;&#8221;]Diciembre 2025[\/vc_column_text][vc_column_text css=&#8221;&#8221;]Celebramos la venida de Jes\u00fas, que vuelve a nacer pobre, peque\u00f1o<\/p>\n","protected":false},"author":82,"featured_media":0,"parent":0,"menu_order":0,"comment_status":"closed","ping_status":"closed","template":"","meta":{"_acf_changed":false,"footnotes":""},"folder":[],"class_list":["post-3912","page","type-page","status-publish","hentry"],"acf":[],"yoast_head":"<!-- This site is optimized with the Yoast SEO plugin v27.2 - https:\/\/yoast.com\/product\/yoast-seo-wordpress\/ -->\n<title>Aprendiendo - #SomosFeyAlegria en Argentina<\/title>\n<meta name=\"robots\" content=\"index, follow, max-snippet:-1, max-image-preview:large, max-video-preview:-1\" \/>\n<link rel=\"canonical\" href=\"https:\/\/www.feyalegria.org\/argentina\/aprendiendo\/\" \/>\n<meta property=\"og:locale\" content=\"es_ES\" \/>\n<meta property=\"og:type\" content=\"article\" \/>\n<meta property=\"og:title\" content=\"Aprendiendo - #SomosFeyAlegria en Argentina\" \/>\n<meta property=\"og:description\" content=\"[vc_row][vc_column width=&#8221;2\/3&#8243;][\/vc_column][vc_column width=&#8221;1\/3&#8243; offset=&#8221;vc_hidden-md vc_hidden-sm vc_hidden-xs&#8221; css=&#8221;.vc_custom_1719587040428{margin-top: -80px !important;}&#8221;][vc_single_image image=&#8221;4026&#8243; css=&#8221;&#8221;][\/vc_column][\/vc_row][vc_row][vc_column offset=&#8221;vc_hidden-lg&#8221;][vc_empty_space][vc_column_text css=&#8221;&#8221;] Aprendiendo [\/vc_column_text][vc_column_text css=&#8221;&#8221;]Noticias en pocas l\u00edneas.[\/vc_column_text][\/vc_column][\/vc_row][vc_row][vc_column offset=&#8221;vc_hidden-md vc_hidden-sm vc_hidden-xs&#8221; css=&#8221;.vc_custom_1719587219255{margin-top: -50px !important;}&#8221;][vc_column_text css=&#8221;&#8221;] Aprendiendo [\/vc_column_text][vc_column_text css=&#8221;&#8221;]Noticias en pocas l\u00edneas.[\/vc_column_text][vc_separator css=&#8221;&#8221;][\/vc_column][\/vc_row][vc_row css=&#8221;.vc_custom_1760316519376{border-radius: 5px !important;}&#8221;][vc_column width=&#8221;1\/6&#8243;][vc_single_image image=&#8221;3932&#8243; img_size=&#8221;medium&#8221; alignment=&#8221;center&#8221; css=&#8221;&#8221;][\/vc_column][vc_column width=&#8221;5\/6&#8243;][vc_column_text css=&#8221;&#8221;]Diciembre 2025[\/vc_column_text][vc_column_text css=&#8221;&#8221;]Celebramos la venida de Jes\u00fas, que vuelve a nacer pobre, peque\u00f1o\" \/>\n<meta property=\"og:url\" content=\"https:\/\/www.feyalegria.org\/argentina\/aprendiendo\/\" \/>\n<meta property=\"og:site_name\" content=\"#SomosFeyAlegria en Argentina\" \/>\n<meta property=\"article:modified_time\" content=\"2025-12-22T21:34:39+00:00\" \/>\n<meta name=\"twitter:card\" content=\"summary_large_image\" \/>\n<meta name=\"twitter:label1\" content=\"Tiempo de lectura\" \/>\n\t<meta name=\"twitter:data1\" content=\"5 minutos\" \/>\n<script type=\"application\/ld+json\" class=\"yoast-schema-graph\">{\"@context\":\"https:\/\/schema.org\",\"@graph\":[{\"@type\":\"WebPage\",\"@id\":\"https:\/\/www.feyalegria.org\/argentina\/aprendiendo\/\",\"url\":\"https:\/\/www.feyalegria.org\/argentina\/aprendiendo\/\",\"name\":\"Aprendiendo - #SomosFeyAlegria en Argentina\",\"isPartOf\":{\"@id\":\"https:\/\/www.feyalegria.org\/argentina\/#website\"},\"datePublished\":\"2024-07-03T13:19:24+00:00\",\"dateModified\":\"2025-12-22T21:34:39+00:00\",\"breadcrumb\":{\"@id\":\"https:\/\/www.feyalegria.org\/argentina\/aprendiendo\/#breadcrumb\"},\"inLanguage\":\"es-CO\",\"potentialAction\":[{\"@type\":\"ReadAction\",\"target\":[\"https:\/\/www.feyalegria.org\/argentina\/aprendiendo\/\"]}]},{\"@type\":\"BreadcrumbList\",\"@id\":\"https:\/\/www.feyalegria.org\/argentina\/aprendiendo\/#breadcrumb\",\"itemListElement\":[{\"@type\":\"ListItem\",\"position\":1,\"name\":\"Home\",\"item\":\"https:\/\/www.feyalegria.org\/argentina\/\"},{\"@type\":\"ListItem\",\"position\":2,\"name\":\"Aprendiendo\"}]},{\"@type\":\"WebSite\",\"@id\":\"https:\/\/www.feyalegria.org\/argentina\/#website\",\"url\":\"https:\/\/www.feyalegria.org\/argentina\/\",\"name\":\"#SomosFeyAlegria en Argentina\",\"description\":\"\",\"potentialAction\":[{\"@type\":\"SearchAction\",\"target\":{\"@type\":\"EntryPoint\",\"urlTemplate\":\"https:\/\/www.feyalegria.org\/argentina\/?s={search_term_string}\"},\"query-input\":{\"@type\":\"PropertyValueSpecification\",\"valueRequired\":true,\"valueName\":\"search_term_string\"}}],\"inLanguage\":\"es-CO\"}]}<\/script>\n<!-- \/ Yoast SEO plugin. -->","yoast_head_json":{"title":"Aprendiendo - #SomosFeyAlegria en Argentina","robots":{"index":"index","follow":"follow","max-snippet":"max-snippet:-1","max-image-preview":"max-image-preview:large","max-video-preview":"max-video-preview:-1"},"canonical":"https:\/\/www.feyalegria.org\/argentina\/aprendiendo\/","og_locale":"es_ES","og_type":"article","og_title":"Aprendiendo - #SomosFeyAlegria en Argentina","og_description":"[vc_row][vc_column width=&#8221;2\/3&#8243;][\/vc_column][vc_column width=&#8221;1\/3&#8243; offset=&#8221;vc_hidden-md vc_hidden-sm vc_hidden-xs&#8221; css=&#8221;.vc_custom_1719587040428{margin-top: -80px !important;}&#8221;][vc_single_image image=&#8221;4026&#8243; css=&#8221;&#8221;][\/vc_column][\/vc_row][vc_row][vc_column offset=&#8221;vc_hidden-lg&#8221;][vc_empty_space][vc_column_text css=&#8221;&#8221;] Aprendiendo [\/vc_column_text][vc_column_text css=&#8221;&#8221;]Noticias en pocas l\u00edneas.[\/vc_column_text][\/vc_column][\/vc_row][vc_row][vc_column offset=&#8221;vc_hidden-md vc_hidden-sm vc_hidden-xs&#8221; css=&#8221;.vc_custom_1719587219255{margin-top: -50px !important;}&#8221;][vc_column_text css=&#8221;&#8221;] Aprendiendo [\/vc_column_text][vc_column_text css=&#8221;&#8221;]Noticias en pocas l\u00edneas.[\/vc_column_text][vc_separator css=&#8221;&#8221;][\/vc_column][\/vc_row][vc_row css=&#8221;.vc_custom_1760316519376{border-radius: 5px !important;}&#8221;][vc_column width=&#8221;1\/6&#8243;][vc_single_image image=&#8221;3932&#8243; img_size=&#8221;medium&#8221; alignment=&#8221;center&#8221; css=&#8221;&#8221;][\/vc_column][vc_column width=&#8221;5\/6&#8243;][vc_column_text css=&#8221;&#8221;]Diciembre 2025[\/vc_column_text][vc_column_text css=&#8221;&#8221;]Celebramos la venida de Jes\u00fas, que vuelve a nacer pobre, peque\u00f1o","og_url":"https:\/\/www.feyalegria.org\/argentina\/aprendiendo\/","og_site_name":"#SomosFeyAlegria en Argentina","article_modified_time":"2025-12-22T21:34:39+00:00","twitter_card":"summary_large_image","twitter_misc":{"Tiempo de lectura":"5 minutos"},"schema":{"@context":"https:\/\/schema.org","@graph":[{"@type":"WebPage","@id":"https:\/\/www.feyalegria.org\/argentina\/aprendiendo\/","url":"https:\/\/www.feyalegria.org\/argentina\/aprendiendo\/","name":"Aprendiendo - #SomosFeyAlegria en Argentina","isPartOf":{"@id":"https:\/\/www.feyalegria.org\/argentina\/#website"},"datePublished":"2024-07-03T13:19:24+00:00","dateModified":"2025-12-22T21:34:39+00:00","breadcrumb":{"@id":"https:\/\/www.feyalegria.org\/argentina\/aprendiendo\/#breadcrumb"},"inLanguage":"es-CO","potentialAction":[{"@type":"ReadAction","target":["https:\/\/www.feyalegria.org\/argentina\/aprendiendo\/"]}]},{"@type":"BreadcrumbList","@id":"https:\/\/www.feyalegria.org\/argentina\/aprendiendo\/#breadcrumb","itemListElement":[{"@type":"ListItem","position":1,"name":"Home","item":"https:\/\/www.feyalegria.org\/argentina\/"},{"@type":"ListItem","position":2,"name":"Aprendiendo"}]},{"@type":"WebSite","@id":"https:\/\/www.feyalegria.org\/argentina\/#website","url":"https:\/\/www.feyalegria.org\/argentina\/","name":"#SomosFeyAlegria en Argentina","description":"","potentialAction":[{"@type":"SearchAction","target":{"@type":"EntryPoint","urlTemplate":"https:\/\/www.feyalegria.org\/argentina\/?s={search_term_string}"},"query-input":{"@type":"PropertyValueSpecification","valueRequired":true,"valueName":"search_term_string"}}],"inLanguage":"es-CO"}]}},"_links":{"self":[{"href":"https:\/\/www.feyalegria.org\/argentina\/wp-json\/wp\/v2\/pages\/3912","targetHints":{"allow":["GET"]}}],"collection":[{"href":"https:\/\/www.feyalegria.org\/argentina\/wp-json\/wp\/v2\/pages"}],"about":[{"href":"https:\/\/www.feyalegria.org\/argentina\/wp-json\/wp\/v2\/types\/page"}],"author":[{"embeddable":true,"href":"https:\/\/www.feyalegria.org\/argentina\/wp-json\/wp\/v2\/users\/82"}],"replies":[{"embeddable":true,"href":"https:\/\/www.feyalegria.org\/argentina\/wp-json\/wp\/v2\/comments?post=3912"}],"version-history":[{"count":6,"href":"https:\/\/www.feyalegria.org\/argentina\/wp-json\/wp\/v2\/pages\/3912\/revisions"}],"predecessor-version":[{"id":13956,"href":"https:\/\/www.feyalegria.org\/argentina\/wp-json\/wp\/v2\/pages\/3912\/revisions\/13956"}],"wp:attachment":[{"href":"https:\/\/www.feyalegria.org\/argentina\/wp-json\/wp\/v2\/media?parent=3912"}],"wp:term":[{"taxonomy":"folder","embeddable":true,"href":"https:\/\/www.feyalegria.org\/argentina\/wp-json\/wp\/v2\/folder?post=3912"}],"curies":[{"name":"wp","href":"https:\/\/api.w.org\/{rel}","templated":true}]}}