 {"id":11310,"date":"2026-04-09T10:20:56","date_gmt":"2026-04-09T15:20:56","guid":{"rendered":"https:\/\/www.feyalegria.org\/bolivia\/?page_id=11310"},"modified":"2026-04-09T11:25:53","modified_gmt":"2026-04-09T16:25:53","slug":"contactanos","status":"publish","type":"page","link":"https:\/\/www.feyalegria.org\/bolivia\/contactanos\/","title":{"rendered":"Cont\u00e1ctanos"},"content":{"rendered":"<p>&nbsp;<\/p>\n<p>&nbsp;<\/p>\n<p><span style=\"color: #d10a10; font-size: 24px;\"><strong>Direcci\u00f3n Nacional<\/strong><\/span><\/p>\n<p><strong>Tel\u00e9fonos Fijos:<\/strong> \u00a0244-4134 | 244-4136 |\u00a0 244-4139<\/p>\n<p><strong>N\u00famero de WhatsApp:<\/strong> + 591 64212404<\/p>\n<p>&nbsp;<\/p>\n<p><span style=\"color: #d10a10;\"><strong><span style=\"font-size: 20px;\">Direcci\u00f3n Departamental La Paz<\/span><\/strong><\/span><\/p>\n<p><strong>N\u00famero de WhatsApp:<\/strong> +591 72002361<\/p>\n<p>&nbsp;<\/p>\n<p><span style=\"color: #d10a10;\"><strong><span style=\"font-size: 20px;\">Direcci\u00f3n Departamental Santa Cruz\u00a0<\/span><\/strong><\/span><\/p>\n<p><strong>Tel\u00e9fono Fijo:<\/strong> 352-3536<\/p>\n<p><strong>N\u00famero de WhatsApp:<\/strong> +591 70806696<\/p>\n<p>&nbsp;<\/p>\n<p><strong><span style=\"font-size: 20px; color: #d10a10;\">Direcci\u00f3n Departamental Cochabamba<\/span><\/strong><\/p>\n<p><strong>N\u00famero de WhatsApp:<\/strong> + 591 67406118<\/p>\n<p>&nbsp;<\/p>\n<p><span style=\"color: #d10a10;\"><strong><span style=\"font-size: 20px;\">Direcci\u00f3n Departamental Chuquisaca<\/span><\/strong><\/span><\/p>\n<p><strong>Tel\u00e9fono Fijo:<\/strong> 464-61622<\/p>\n<p><strong>N\u00famero de WhatsApp:<\/strong> + 591 67650801<\/p>\n<p>&nbsp;<\/p>\n<p><span style=\"font-size: 20px; color: #d10a10;\"><strong>Direcci\u00f3n Departamental Oruro<\/strong><\/span><\/p>\n<p><strong>Tel\u00e9fono Fijo:<\/strong> 527-7894<\/p>\n<p><strong>N\u00famero de WhatsApp:<\/strong> +591 71852353<\/p>\n<p>&nbsp;<\/p>\n<p><span style=\"font-size: 20px; color: #d10a10;\"><strong>Direcci\u00f3n Departamental Pando<\/strong><\/span><\/p>\n<p><strong>N\u00famero de WhatsApp:<\/strong> +591 67662906<\/p>\n<p>&nbsp;<\/p>\n<p><span style=\"font-size: 20px; color: #d10a10;\"><strong>Direcci\u00f3n Departamental Potos\u00ed<\/strong><\/span><\/p>\n<p><strong>Tel\u00e9fono Fijo:<\/strong> 624-5669<\/p>\n<p><strong>N\u00famero de WhatsApp:<\/strong> +591 77476441<\/p>\n<p>&nbsp;<\/p>\n<p><span style=\"font-size: 20px; color: #d10a10;\"><strong>Direcci\u00f3n Departamental Beni<\/strong><\/span><\/p>\n<p><strong>N\u00famero de WhatsApp:<\/strong> +591 69392968<\/p>\n<p>&nbsp;<\/p>\n<p><span style=\"font-size: 20px; color: #d10a10;\"><strong>Direcci\u00f3n Departamental Tarija<\/strong><\/span><\/p>\n<p><strong>Tel\u00e9fonos Fijos:<\/strong>\u00a0 663-5410 | 663-4472<\/p>\n<p><strong>N\u00famero de WhatsApp:<\/strong> +591 79683842<\/p>\n<p>&nbsp;<\/p>\n","protected":false},"excerpt":{"rendered":"<p>&nbsp; &nbsp; Direcci\u00f3n Nacional Tel\u00e9fonos Fijos: \u00a0244-4134 | 244-4136 |\u00a0 244-4139 N\u00famero de WhatsApp: + 591 64212404 &nbsp; Direcci\u00f3n Departamental La Paz N\u00famero de WhatsApp: +591 72002361 &nbsp; Direcci\u00f3n Departamental Santa Cruz\u00a0 Tel\u00e9fono Fijo: 352-3536 N\u00famero de WhatsApp: +591 70806696 &nbsp; Direcci\u00f3n Departamental Cochabamba N\u00famero de WhatsApp: + 591 67406118 &nbsp; Direcci\u00f3n Departamental Chuquisaca Tel\u00e9fono<\/p>\n","protected":false},"author":73,"featured_media":0,"parent":0,"menu_order":0,"comment_status":"closed","ping_status":"closed","template":"","meta":{"_acf_changed":false,"footnotes":""},"folder":[],"class_list":["post-11310","page","type-page","status-publish","hentry"],"acf":[],"yoast_head":"<!-- This site is optimized with the Yoast SEO plugin v27.2 - https:\/\/yoast.com\/product\/yoast-seo-wordpress\/ -->\n<title>Cont\u00e1ctanos - #SomosFeyAlegria en Bolivia<\/title>\n<meta name=\"robots\" content=\"index, follow, max-snippet:-1, max-image-preview:large, max-video-preview:-1\" \/>\n<link rel=\"canonical\" href=\"https:\/\/www.feyalegria.org\/bolivia\/contactanos\/\" \/>\n<meta property=\"og:locale\" content=\"es_ES\" \/>\n<meta property=\"og:type\" content=\"article\" \/>\n<meta property=\"og:title\" content=\"Cont\u00e1ctanos - #SomosFeyAlegria en Bolivia\" \/>\n<meta property=\"og:description\" content=\"&nbsp; &nbsp; Direcci\u00f3n Nacional Tel\u00e9fonos Fijos: \u00a0244-4134 | 244-4136 |\u00a0 244-4139 N\u00famero de WhatsApp: + 591 64212404 &nbsp; Direcci\u00f3n Departamental La Paz N\u00famero de WhatsApp: +591 72002361 &nbsp; Direcci\u00f3n Departamental Santa Cruz\u00a0 Tel\u00e9fono Fijo: 352-3536 N\u00famero de WhatsApp: +591 70806696 &nbsp; Direcci\u00f3n Departamental Cochabamba N\u00famero de WhatsApp: + 591 67406118 &nbsp; Direcci\u00f3n Departamental Chuquisaca Tel\u00e9fono\" \/>\n<meta property=\"og:url\" content=\"https:\/\/www.feyalegria.org\/bolivia\/contactanos\/\" \/>\n<meta property=\"og:site_name\" content=\"#SomosFeyAlegria en Bolivia\" \/>\n<meta property=\"article:modified_time\" content=\"2026-04-09T16:25:53+00:00\" \/>\n<meta name=\"twitter:card\" content=\"summary_large_image\" \/>\n<meta name=\"twitter:label1\" content=\"Tiempo de lectura\" \/>\n\t<meta name=\"twitter:data1\" content=\"1 minuto\" \/>\n<script type=\"application\/ld+json\" class=\"yoast-schema-graph\">{\"@context\":\"https:\/\/schema.org\",\"@graph\":[{\"@type\":\"WebPage\",\"@id\":\"https:\/\/www.feyalegria.org\/bolivia\/contactanos\/\",\"url\":\"https:\/\/www.feyalegria.org\/bolivia\/contactanos\/\",\"name\":\"Cont\u00e1ctanos - #SomosFeyAlegria en Bolivia\",\"isPartOf\":{\"@id\":\"https:\/\/www.feyalegria.org\/bolivia\/#website\"},\"datePublished\":\"2026-04-09T15:20:56+00:00\",\"dateModified\":\"2026-04-09T16:25:53+00:00\",\"breadcrumb\":{\"@id\":\"https:\/\/www.feyalegria.org\/bolivia\/contactanos\/#breadcrumb\"},\"inLanguage\":\"es\",\"potentialAction\":[{\"@type\":\"ReadAction\",\"target\":[\"https:\/\/www.feyalegria.org\/bolivia\/contactanos\/\"]}]},{\"@type\":\"BreadcrumbList\",\"@id\":\"https:\/\/www.feyalegria.org\/bolivia\/contactanos\/#breadcrumb\",\"itemListElement\":[{\"@type\":\"ListItem\",\"position\":1,\"name\":\"Home\",\"item\":\"https:\/\/www.feyalegria.org\/bolivia\/\"},{\"@type\":\"ListItem\",\"position\":2,\"name\":\"Cont\u00e1ctanos\"}]},{\"@type\":\"WebSite\",\"@id\":\"https:\/\/www.feyalegria.org\/bolivia\/#website\",\"url\":\"https:\/\/www.feyalegria.org\/bolivia\/\",\"name\":\"#SomosFeyAlegria en Bolivia\",\"description\":\"Movimiento de Educaci\u00f3n Popular y Promoci\u00f3n Social\",\"potentialAction\":[{\"@type\":\"SearchAction\",\"target\":{\"@type\":\"EntryPoint\",\"urlTemplate\":\"https:\/\/www.feyalegria.org\/bolivia\/?s={search_term_string}\"},\"query-input\":{\"@type\":\"PropertyValueSpecification\",\"valueRequired\":true,\"valueName\":\"search_term_string\"}}],\"inLanguage\":\"es\"}]}<\/script>\n<!-- \/ Yoast SEO plugin. -->","yoast_head_json":{"title":"Cont\u00e1ctanos - #SomosFeyAlegria en Bolivia","robots":{"index":"index","follow":"follow","max-snippet":"max-snippet:-1","max-image-preview":"max-image-preview:large","max-video-preview":"max-video-preview:-1"},"canonical":"https:\/\/www.feyalegria.org\/bolivia\/contactanos\/","og_locale":"es_ES","og_type":"article","og_title":"Cont\u00e1ctanos - #SomosFeyAlegria en Bolivia","og_description":"&nbsp; &nbsp; Direcci\u00f3n Nacional Tel\u00e9fonos Fijos: \u00a0244-4134 | 244-4136 |\u00a0 244-4139 N\u00famero de WhatsApp: + 591 64212404 &nbsp; Direcci\u00f3n Departamental La Paz N\u00famero de WhatsApp: +591 72002361 &nbsp; Direcci\u00f3n Departamental Santa Cruz\u00a0 Tel\u00e9fono Fijo: 352-3536 N\u00famero de WhatsApp: +591 70806696 &nbsp; Direcci\u00f3n Departamental Cochabamba N\u00famero de WhatsApp: + 591 67406118 &nbsp; Direcci\u00f3n Departamental Chuquisaca Tel\u00e9fono","og_url":"https:\/\/www.feyalegria.org\/bolivia\/contactanos\/","og_site_name":"#SomosFeyAlegria en Bolivia","article_modified_time":"2026-04-09T16:25:53+00:00","twitter_card":"summary_large_image","twitter_misc":{"Tiempo de lectura":"1 minuto"},"schema":{"@context":"https:\/\/schema.org","@graph":[{"@type":"WebPage","@id":"https:\/\/www.feyalegria.org\/bolivia\/contactanos\/","url":"https:\/\/www.feyalegria.org\/bolivia\/contactanos\/","name":"Cont\u00e1ctanos - #SomosFeyAlegria en Bolivia","isPartOf":{"@id":"https:\/\/www.feyalegria.org\/bolivia\/#website"},"datePublished":"2026-04-09T15:20:56+00:00","dateModified":"2026-04-09T16:25:53+00:00","breadcrumb":{"@id":"https:\/\/www.feyalegria.org\/bolivia\/contactanos\/#breadcrumb"},"inLanguage":"es","potentialAction":[{"@type":"ReadAction","target":["https:\/\/www.feyalegria.org\/bolivia\/contactanos\/"]}]},{"@type":"BreadcrumbList","@id":"https:\/\/www.feyalegria.org\/bolivia\/contactanos\/#breadcrumb","itemListElement":[{"@type":"ListItem","position":1,"name":"Home","item":"https:\/\/www.feyalegria.org\/bolivia\/"},{"@type":"ListItem","position":2,"name":"Cont\u00e1ctanos"}]},{"@type":"WebSite","@id":"https:\/\/www.feyalegria.org\/bolivia\/#website","url":"https:\/\/www.feyalegria.org\/bolivia\/","name":"#SomosFeyAlegria en Bolivia","description":"Movimiento de Educaci\u00f3n Popular y Promoci\u00f3n Social","potentialAction":[{"@type":"SearchAction","target":{"@type":"EntryPoint","urlTemplate":"https:\/\/www.feyalegria.org\/bolivia\/?s={search_term_string}"},"query-input":{"@type":"PropertyValueSpecification","valueRequired":true,"valueName":"search_term_string"}}],"inLanguage":"es"}]}},"_links":{"self":[{"href":"https:\/\/www.feyalegria.org\/bolivia\/wp-json\/wp\/v2\/pages\/11310","targetHints":{"allow":["GET"]}}],"collection":[{"href":"https:\/\/www.feyalegria.org\/bolivia\/wp-json\/wp\/v2\/pages"}],"about":[{"href":"https:\/\/www.feyalegria.org\/bolivia\/wp-json\/wp\/v2\/types\/page"}],"author":[{"embeddable":true,"href":"https:\/\/www.feyalegria.org\/bolivia\/wp-json\/wp\/v2\/users\/73"}],"replies":[{"embeddable":true,"href":"https:\/\/www.feyalegria.org\/bolivia\/wp-json\/wp\/v2\/comments?post=11310"}],"version-history":[{"count":6,"href":"https:\/\/www.feyalegria.org\/bolivia\/wp-json\/wp\/v2\/pages\/11310\/revisions"}],"predecessor-version":[{"id":11321,"href":"https:\/\/www.feyalegria.org\/bolivia\/wp-json\/wp\/v2\/pages\/11310\/revisions\/11321"}],"wp:attachment":[{"href":"https:\/\/www.feyalegria.org\/bolivia\/wp-json\/wp\/v2\/media?parent=11310"}],"wp:term":[{"taxonomy":"folder","embeddable":true,"href":"https:\/\/www.feyalegria.org\/bolivia\/wp-json\/wp\/v2\/folder?post=11310"}],"curies":[{"name":"wp","href":"https:\/\/api.w.org\/{rel}","templated":true}]}}