{"id":2692,"date":"2021-01-08T21:42:52","date_gmt":"2021-01-09T02:42:52","guid":{"rendered":"https:\/\/www.feyalegria.org\/bolivia\/?page_id=2692"},"modified":"2023-07-07T08:02:56","modified_gmt":"2023-07-07T13:02:56","slug":"fifya","status":"publish","type":"page","link":"https:\/\/www.feyalegria.org\/bolivia\/fifya\/","title":{"rendered":"Federaci\u00f3n Internacional de Fe y Alegr\u00eda"},"content":{"rendered":"<div class=\"wpb-content-wrapper\"><p>[vc_row][vc_column css_animation=\u00bbleft-to-right\u00bb width=\u00bb2\/3&#8243;][vc_column_text]<\/p>\n<p align=\"justify\"><span style=\"font-family: 'Fira Sans';font-size: 12pt\">Fe y Alegr\u00eda dialoga desde su inspiraci\u00f3n cristiana, con m\u00faltiples culturas, creencias y grupos humanos en los pa\u00edses en los que tiene presencia con el prop\u00f3sito de ser un Movimiento de Educaci\u00f3n Popular Integral y de Promoci\u00f3n Social.<\/span><\/p>\n<p align=\"justify\"><span style=\"font-family: 'Fira Sans';font-size: 12pt\">Estas acciones son un motivante para seguir trabajando m\u00e1s y mejor, garantizando el derecho a una educaci\u00f3n de calidad para todas y todos porque en nuestro Movimiento transformamos personas para cambiar el mundo.<\/span><\/p>\n<p>[\/vc_column_text][\/vc_column][vc_column width=\u00bb1\/3&#8243;][vc_single_image image=\u00bb6489&#8243; img_size=\u00bbmedium\u00bb alignment=\u00bbcenter\u00bb style=\u00bbvc_box_outline_circle_2&#8243; border_color=\u00bbjuicy_pink\u00bb css_animation=\u00bbfadeIn\u00bb][\/vc_column][vc_column][\/vc_column][\/vc_row][vc_row][vc_column][vc_btn title=\u00bbEscuela Virtual\u00bb style=\u00bbcustom\u00bb custom_background=\u00bb#aa0f16&#8243; custom_text=\u00bb#ffffff\u00bb align=\u00bbcenter\u00bb css_animation=\u00bbfadeIn\u00bb link=\u00bburl:https%3A%2F%2Fescuelavirtual.feyalegria.org%2F|target:_blank\u00bb][vc_empty_space][\/vc_column][\/vc_row][vc_row][vc_column][vc_column_text]<\/p>\n<h2 style=\"text-align: center\">Somos parte de un movimiento global<\/h2>\n<p>[\/vc_column_text][\/vc_column][\/vc_row][vc_row css=\u00bb.vc_custom_1598377659376{margin-top: 40px !important;}\u00bb][vc_column width=\u00bb1\/5&#8243; css=\u00bb.vc_custom_1596065767376{margin-right: 40px !important;padding-top: 30px !important;}\u00bb]<div style=\"background-color:;height: 60px\" class=\"nicdark_section  \"><\/div>[vc_single_image image=\u00bb7721&#8243; img_size=\u00bbfull\u00bb alignment=\u00bbcenter\u00bb css_animation=\u00bbfadeIn\u00bb css=\u00bb.vc_custom_1676661935393{margin-top: -25px !important;}\u00bb]<div style=\"background-color:;height: 5px\" class=\"nicdark_section  \"><\/div>[vc_single_image image=\u00bb7717&#8243; alignment=\u00bbcenter\u00bb onclick=\u00bbcustom_link\u00bb img_link_target=\u00bb_blank\u00bb css_animation=\u00bbfadeIn\u00bb link=\u00bbhttps:\/\/www.jesuits.org\/es\/acerca-de-nosotros\/jesuitas-del-mundo-entero\/\u00bb css=\u00bb.vc_custom_1676661988475{margin-top: -25px !important;}\u00bb][\/vc_column][vc_column width=\u00bb3\/5&#8243;][vc_row_inner css=\u00bb.vc_custom_1596065607679{margin-top: -15px !important;}\u00bb][vc_column_inner][vc_column_text]<\/p>\n<p style=\"text-align: center\"><div class=\"select-map\"><a class=\"call-to\" data-menu=\"mapsvg-menu-regions\">Pa\u00edses donde estamos<\/a><i class=\"fa fa-sort-down\"><\/i><ul id=\"mapsvg-menu-regions\"><\/ul><\/div>\n<p>[\/vc_column_text][\/vc_column_inner][\/vc_row_inner][vc_column_text]<\/p>\n<p align=\"justify\"><div id=\"mapsvg\"><\/div>\n<p>[\/vc_column_text][\/vc_column][vc_column width=\u00bb1\/5&#8243;]<div style=\"background-color:;height: 30px\" class=\"nicdark_section  \"><\/div>[vc_single_image image=\u00bb6229&#8243; alignment=\u00bbcenter\u00bb onclick=\u00bbcustom_link\u00bb img_link_target=\u00bb_blank\u00bb css_animation=\u00bbfadeIn\u00bb link=\u00bbhttp:\/\/www.feyalegria.org\/\u00bb css=\u00bb.vc_custom_1676662070426{margin-bottom: -25px !important;}\u00bb]<div style=\"background-color:;height: 30px\" class=\"nicdark_section  \"><\/div>[vc_column_text]<\/p>\n<h3 style=\"text-align: center\">22 pa\u00edses<\/h3>\n<h3 style=\"text-align: center\">en tres continentes: Am\u00e9rica, \u00c1frica y Europa<\/h3>\n<p>[\/vc_column_text][\/vc_column][\/vc_row]<\/p>\n<\/div>","protected":false},"excerpt":{"rendered":"<p>[vc_row][vc_column css_animation=\u00bbleft-to-right\u00bb width=\u00bb2\/3&#8243;][vc_column_text] Fe y Alegr\u00eda dialoga desde su inspiraci\u00f3n cristiana, con m\u00faltiples culturas, creencias y grupos humanos en los pa\u00edses en los que tiene presencia con el prop\u00f3sito de ser un Movimiento de Educaci\u00f3n Popular Integral y de Promoci\u00f3n Social. Estas acciones son un motivante para seguir trabajando m\u00e1s y mejor, garantizando el derecho<\/p>\n","protected":false},"author":73,"featured_media":0,"parent":0,"menu_order":0,"comment_status":"closed","ping_status":"closed","template":"","meta":{"_acf_changed":false,"footnotes":""},"folder":[],"class_list":["post-2692","page","type-page","status-publish","hentry"],"acf":[],"yoast_head":"<!-- This site is optimized with the Yoast SEO plugin v27.5 - https:\/\/yoast.com\/product\/yoast-seo-wordpress\/ -->\n<title>Federaci\u00f3n Internacional de Fe y Alegr\u00eda - #SomosFeyAlegria en Bolivia<\/title>\n<meta name=\"robots\" content=\"index, follow, max-snippet:-1, max-image-preview:large, max-video-preview:-1\" \/>\n<link rel=\"canonical\" href=\"https:\/\/www.feyalegria.org\/bolivia\/fifya\/\" \/>\n<meta property=\"og:locale\" content=\"es_ES\" \/>\n<meta property=\"og:type\" content=\"article\" \/>\n<meta property=\"og:title\" content=\"Federaci\u00f3n Internacional de Fe y Alegr\u00eda - #SomosFeyAlegria en Bolivia\" \/>\n<meta property=\"og:description\" content=\"[vc_row][vc_column css_animation=\u00bbleft-to-right\u00bb width=\u00bb2\/3&#8243;][vc_column_text] Fe y Alegr\u00eda dialoga desde su inspiraci\u00f3n cristiana, con m\u00faltiples culturas, creencias y grupos humanos en los pa\u00edses en los que tiene presencia con el prop\u00f3sito de ser un Movimiento de Educaci\u00f3n Popular Integral y de Promoci\u00f3n Social. Estas acciones son un motivante para seguir trabajando m\u00e1s y mejor, garantizando el derecho\" \/>\n<meta property=\"og:url\" content=\"https:\/\/www.feyalegria.org\/bolivia\/fifya\/\" \/>\n<meta property=\"og:site_name\" content=\"#SomosFeyAlegria en Bolivia\" \/>\n<meta property=\"article:modified_time\" content=\"2023-07-07T13:02:56+00:00\" \/>\n<meta name=\"twitter:card\" content=\"summary_large_image\" \/>\n<meta name=\"twitter:label1\" content=\"Tiempo de lectura\" \/>\n\t<meta name=\"twitter:data1\" content=\"2 minutos\" \/>\n<script type=\"application\/ld+json\" class=\"yoast-schema-graph\">{\"@context\":\"https:\\\/\\\/schema.org\",\"@graph\":[{\"@type\":\"WebPage\",\"@id\":\"https:\\\/\\\/www.feyalegria.org\\\/bolivia\\\/fifya\\\/\",\"url\":\"https:\\\/\\\/www.feyalegria.org\\\/bolivia\\\/fifya\\\/\",\"name\":\"Federaci\u00f3n Internacional de Fe y Alegr\u00eda - #SomosFeyAlegria en Bolivia\",\"isPartOf\":{\"@id\":\"https:\\\/\\\/www.feyalegria.org\\\/bolivia\\\/#website\"},\"datePublished\":\"2021-01-09T02:42:52+00:00\",\"dateModified\":\"2023-07-07T13:02:56+00:00\",\"breadcrumb\":{\"@id\":\"https:\\\/\\\/www.feyalegria.org\\\/bolivia\\\/fifya\\\/#breadcrumb\"},\"inLanguage\":\"es\",\"potentialAction\":[{\"@type\":\"ReadAction\",\"target\":[\"https:\\\/\\\/www.feyalegria.org\\\/bolivia\\\/fifya\\\/\"]}]},{\"@type\":\"BreadcrumbList\",\"@id\":\"https:\\\/\\\/www.feyalegria.org\\\/bolivia\\\/fifya\\\/#breadcrumb\",\"itemListElement\":[{\"@type\":\"ListItem\",\"position\":1,\"name\":\"Home\",\"item\":\"https:\\\/\\\/www.feyalegria.org\\\/bolivia\\\/\"},{\"@type\":\"ListItem\",\"position\":2,\"name\":\"Federaci\u00f3n Internacional de Fe y Alegr\u00eda\"}]},{\"@type\":\"WebSite\",\"@id\":\"https:\\\/\\\/www.feyalegria.org\\\/bolivia\\\/#website\",\"url\":\"https:\\\/\\\/www.feyalegria.org\\\/bolivia\\\/\",\"name\":\"#SomosFeyAlegria en Bolivia\",\"description\":\"Movimiento de Educaci\u00f3n Popular y Promoci\u00f3n Social\",\"potentialAction\":[{\"@type\":\"SearchAction\",\"target\":{\"@type\":\"EntryPoint\",\"urlTemplate\":\"https:\\\/\\\/www.feyalegria.org\\\/bolivia\\\/?s={search_term_string}\"},\"query-input\":{\"@type\":\"PropertyValueSpecification\",\"valueRequired\":true,\"valueName\":\"search_term_string\"}}],\"inLanguage\":\"es\"}]}<\/script>\n<!-- \/ Yoast SEO plugin. -->","yoast_head_json":{"title":"Federaci\u00f3n Internacional de Fe y Alegr\u00eda - #SomosFeyAlegria en Bolivia","robots":{"index":"index","follow":"follow","max-snippet":"max-snippet:-1","max-image-preview":"max-image-preview:large","max-video-preview":"max-video-preview:-1"},"canonical":"https:\/\/www.feyalegria.org\/bolivia\/fifya\/","og_locale":"es_ES","og_type":"article","og_title":"Federaci\u00f3n Internacional de Fe y Alegr\u00eda - #SomosFeyAlegria en Bolivia","og_description":"[vc_row][vc_column css_animation=\u00bbleft-to-right\u00bb width=\u00bb2\/3&#8243;][vc_column_text] Fe y Alegr\u00eda dialoga desde su inspiraci\u00f3n cristiana, con m\u00faltiples culturas, creencias y grupos humanos en los pa\u00edses en los que tiene presencia con el prop\u00f3sito de ser un Movimiento de Educaci\u00f3n Popular Integral y de Promoci\u00f3n Social. Estas acciones son un motivante para seguir trabajando m\u00e1s y mejor, garantizando el derecho","og_url":"https:\/\/www.feyalegria.org\/bolivia\/fifya\/","og_site_name":"#SomosFeyAlegria en Bolivia","article_modified_time":"2023-07-07T13:02:56+00:00","twitter_card":"summary_large_image","twitter_misc":{"Tiempo de lectura":"2 minutos"},"schema":{"@context":"https:\/\/schema.org","@graph":[{"@type":"WebPage","@id":"https:\/\/www.feyalegria.org\/bolivia\/fifya\/","url":"https:\/\/www.feyalegria.org\/bolivia\/fifya\/","name":"Federaci\u00f3n Internacional de Fe y Alegr\u00eda - #SomosFeyAlegria en Bolivia","isPartOf":{"@id":"https:\/\/www.feyalegria.org\/bolivia\/#website"},"datePublished":"2021-01-09T02:42:52+00:00","dateModified":"2023-07-07T13:02:56+00:00","breadcrumb":{"@id":"https:\/\/www.feyalegria.org\/bolivia\/fifya\/#breadcrumb"},"inLanguage":"es","potentialAction":[{"@type":"ReadAction","target":["https:\/\/www.feyalegria.org\/bolivia\/fifya\/"]}]},{"@type":"BreadcrumbList","@id":"https:\/\/www.feyalegria.org\/bolivia\/fifya\/#breadcrumb","itemListElement":[{"@type":"ListItem","position":1,"name":"Home","item":"https:\/\/www.feyalegria.org\/bolivia\/"},{"@type":"ListItem","position":2,"name":"Federaci\u00f3n Internacional de Fe y Alegr\u00eda"}]},{"@type":"WebSite","@id":"https:\/\/www.feyalegria.org\/bolivia\/#website","url":"https:\/\/www.feyalegria.org\/bolivia\/","name":"#SomosFeyAlegria en Bolivia","description":"Movimiento de Educaci\u00f3n Popular y Promoci\u00f3n Social","potentialAction":[{"@type":"SearchAction","target":{"@type":"EntryPoint","urlTemplate":"https:\/\/www.feyalegria.org\/bolivia\/?s={search_term_string}"},"query-input":{"@type":"PropertyValueSpecification","valueRequired":true,"valueName":"search_term_string"}}],"inLanguage":"es"}]}},"_links":{"self":[{"href":"https:\/\/www.feyalegria.org\/bolivia\/wp-json\/wp\/v2\/pages\/2692","targetHints":{"allow":["GET"]}}],"collection":[{"href":"https:\/\/www.feyalegria.org\/bolivia\/wp-json\/wp\/v2\/pages"}],"about":[{"href":"https:\/\/www.feyalegria.org\/bolivia\/wp-json\/wp\/v2\/types\/page"}],"author":[{"embeddable":true,"href":"https:\/\/www.feyalegria.org\/bolivia\/wp-json\/wp\/v2\/users\/73"}],"replies":[{"embeddable":true,"href":"https:\/\/www.feyalegria.org\/bolivia\/wp-json\/wp\/v2\/comments?post=2692"}],"version-history":[{"count":0,"href":"https:\/\/www.feyalegria.org\/bolivia\/wp-json\/wp\/v2\/pages\/2692\/revisions"}],"wp:attachment":[{"href":"https:\/\/www.feyalegria.org\/bolivia\/wp-json\/wp\/v2\/media?parent=2692"}],"wp:term":[{"taxonomy":"folder","embeddable":true,"href":"https:\/\/www.feyalegria.org\/bolivia\/wp-json\/wp\/v2\/folder?post=2692"}],"curies":[{"name":"wp","href":"https:\/\/api.w.org\/{rel}","templated":true}]}}