 {"id":7758,"date":"2023-02-23T14:29:43","date_gmt":"2023-02-23T19:29:43","guid":{"rendered":"https:\/\/www.feyalegria.org\/bolivia\/?page_id=7758"},"modified":"2023-06-21T10:07:38","modified_gmt":"2023-06-21T15:07:38","slug":"educacion-inclusiva","status":"publish","type":"page","link":"https:\/\/www.feyalegria.org\/bolivia\/educacion-inclusiva\/","title":{"rendered":"Educaci\u00f3n Inclusiva"},"content":{"rendered":"<div class=\"wpb-content-wrapper\"><p>[vc_row][vc_column width=\u00bb5\/6&#8243;]<div style=\"background-color:;height: 50px\" class=\"nicdark_section  \"><\/div>[\/vc_column][vc_column width=\u00bb1\/6&#8243;]<a href=\"https:\/\/www.feyalegria.org\/bolivia\/lineas-estrategicas\/\" title=\"Fe y Alegr\u00eda Bolivia\"  data-id=\"mpc_button-3069e68e3f7efa0\" class=\"mpc-button mpc-init mpc-transition mpc-typography--default \" ><div class=\"mpc-button__content mpc-effect-type--stay mpc-effect-side--left\"><i class=\"mpc-button__icon mpc-transition  mi mi-pin_drop\"><\/i><span class=\"mpc-button__title mpc-transition\">Volver al inicio<\/span><\/div><div class=\"mpc-button__background mpc-transition mpc-effect-type--fade mpc-effect-side--in\"><\/div><\/a>[\/vc_column][\/vc_row][vc_row][vc_column][vc_empty_space height=\u00bb10px\u00bb]<div data-id=\"mpc_quote-3069e68e3f7f074\" class=\"mpc-quote mpc-init mpc-transition mpc-quote--style_1 mpc-icon--left \" ><div class=\"mpc-quote__wrapper\"><div class=\"mpc-quote__icon-wrapper\"><i class=\"mpc-quote__icon mpc-transition \"><\/i><\/div><div class=\"mpc-quote__content\"><div class=\"mpc-quote__description\"><h2 style=\"text-align: center\"><em>Valoramos la diversidad porque la diferencia nos enriquece<\/em><\/h2>\n<\/div><div class=\"mpc-quote__signature\"><span><\/span><\/div><\/div><\/div><\/div>[vc_empty_space height=\u00bb10px\u00bb][vc_column_text]<\/p>\n<p align=\"justify\"><span style=\"font-size: 12pt;font-family: 'Fira Sans'\">Brindamos educaci\u00f3n de calidad y servicios de rehabilitaci\u00f3n en los Centros de Educaci\u00f3n Especial a ni\u00f1os, ni\u00f1as y adolescentes con discapacidad intelectual y auditiva.<\/span><\/p>\n<p align=\"justify\"><span style=\"font-size: 12pt;font-family: 'Fira Sans'\">De esta manera, impulsamos la inclusi\u00f3n educativa de ni\u00f1os, ni\u00f1as y adolescentes con discapacidad en todos los niveles de la educaci\u00f3n regular, llegando a promover la inclusi\u00f3n de j\u00f3venes con discapacidad a centros de educaci\u00f3n t\u00e9cnica y al mercado laboral formal e informal.<\/span><\/p>\n<p align=\"justify\"><span style=\"font-size: 12pt;font-family: 'Fira Sans'\">Participamos, tambi\u00e9n, de redes Interinstitucionales para la promoci\u00f3n de los derechos y obligaciones de las Personas con Discapacidad, para incidir en las pol\u00edticas p\u00fablicas en pro de la inclusi\u00f3n.<\/span><\/p>\n<p>[\/vc_column_text][vc_empty_space height=\u00bb10px\u00bb][\/vc_column][\/vc_row][vc_row][vc_column]<div class=\"mpc-carousel__wrapper mpc-waypoint\"><div id=\"mpc_carousel_anything-1569e68e3f7f1c9\" class=\"mpc-carousel-anything mpc-init \"  data-mpcslick='{\"infinite\":true,\"autoplay\":true,\"slidesToShow\":3,\"slidesToScroll\":1,\"centerMode\":false,\"initialSlide\":0,\"autoplaySpeed\":3000}' data-slick-cols=\"3\"><div data-id=\"mpc_ihover-6269e68e3f7f275\" class=\"mpc-ihover-wrapper mpc-init \"><div class=\"mpc-ihover-item ih-item circle effect1  \" data-effect=\"effect1\"><a  href=\"#\" ><div class=\"spinner\"><\/div><div class=\"img\"><div class=\"mpc-image-box\" style=\"background-image: url(https:\/\/d3pugrm67vf9n7.cloudfront.net\/wp-content\/uploads\/sites\/28\/2023\/05\/29085018\/fotos-Bolivia-184-scaled.jpg);\"><\/div><\/div><div class=\"info\"><div class=\"info-wrap\"><\/div><\/div><\/a><\/div><\/div><div data-id=\"mpc_ihover-8969e68e3f7f780\" class=\"mpc-ihover-wrapper mpc-init \"><div class=\"mpc-ihover-item ih-item circle effect1  \" data-effect=\"effect1\"><a  href=\"#\" ><div class=\"spinner\"><\/div><div class=\"img\"><div class=\"mpc-image-box\" style=\"background-image: url(https:\/\/d3pugrm67vf9n7.cloudfront.net\/wp-content\/uploads\/sites\/28\/2023\/05\/29084951\/CapinteriaCEE.jpg);\"><\/div><\/div><div class=\"info\"><div class=\"info-wrap\"><\/div><\/div><\/a><\/div><\/div><div data-id=\"mpc_ihover-4469e68e3f7fba3\" class=\"mpc-ihover-wrapper mpc-init \"><div class=\"mpc-ihover-item ih-item circle effect1  \" data-effect=\"effect1\"><a  href=\"#\" ><div class=\"spinner\"><\/div><div class=\"img\"><div class=\"mpc-image-box\" style=\"background-image: url(https:\/\/d3pugrm67vf9n7.cloudfront.net\/wp-content\/uploads\/sites\/28\/2023\/05\/29085003\/fotos-Bolivia-168-2.jpg);\"><\/div><\/div><div class=\"info\"><div class=\"info-wrap\"><\/div><\/div><\/a><\/div><\/div><div data-id=\"mpc_ihover-7869e68e3f7ffb5\" class=\"mpc-ihover-wrapper mpc-init \"><div class=\"mpc-ihover-item ih-item circle effect1  \" data-effect=\"effect1\"><a  href=\"#\" ><div class=\"spinner\"><\/div><div class=\"img\"><div class=\"mpc-image-box\" style=\"background-image: url(https:\/\/d3pugrm67vf9n7.cloudfront.net\/wp-content\/uploads\/sites\/28\/2023\/05\/29085010\/fotos-Bolivia-175-scaled.jpg);\"><\/div><\/div><div class=\"info\"><div class=\"info-wrap\"><\/div><\/div><\/a><\/div><\/div><\/div><div class=\"mpc-navigation mpc-init mpc-align--left mpc-navigation--style_1  mpc-nav-preset--\" data-mpcslider=\"mpc_carousel_anything-1569e68e3f7f1c9\"><div class=\"mpc-nav__arrow mpcslick-prev\"><div class=\"mpc-nav__icon mpc-transition\"><i class=\"\"><div class=\"mpc-nav__background mpc-transition mpc-effect-type--fade mpc-effect-side--in\"><\/div><\/i><\/div><\/div><div class=\"mpc-nav__arrow mpcslick-next\"><div class=\"mpc-nav__icon mpc-transition\"><i class=\"\"><div class=\"mpc-nav__background mpc-transition mpc-effect-type--fade mpc-effect-side--in\"><\/div><\/i><\/div><\/div><\/div><\/div>[vc_empty_space height=\u00bb20px\u00bb][\/vc_column][\/vc_row][vc_row content_placement=\u00bbmiddle\u00bb css=\u00bb.vc_custom_1685371731801{background-color: rgba(116,156,57,0.5) !important;*background-color: rgb(116,156,57) !important;}\u00bb][vc_column alignment=\u00bbcenter\u00bb][vc_column_text]<\/p>\n<h3 style=\"text-align: center\"><span style=\"color: #ffffff\"><strong>Prop\u00f3sito educativo<\/strong><\/span><\/h3>\n<p>[\/vc_column_text][vc_column_text]<\/p>\n<p align=\"justify\"><span style=\"font-family: 'Fira Sans';font-size: 12pt;color: #ffffff\">-Desarrollar actitudes y pr\u00e1cticas educativas inclusivas pertinentes e innovadoras, aplicando nuevas tecnolog\u00edas para potenciar el desarrollo integral de ni\u00f1os, ni\u00f1as y adolescentes con discapacidad.<\/span><\/p>\n<p align=\"justify\"><span style=\"font-family: 'Fira Sans';font-size: 12pt;color: #ffffff\">-Impulsar la sostenibilidad de acciones educativas consolidando el trabajo de alianzas estrat\u00e9gicas y redes interinstitucionales para difundir y enriquecer los modelos de inclusi\u00f3n educativa y laboral.<\/span><\/p>\n<p align=\"justify\"><span style=\"font-family: 'Fira Sans';font-size: 12pt;color: #ffffff\">-Lograr mejores condiciones de inclusi\u00f3n socioeducativa y laboral a partir del liderazgo de las familias y j\u00f3venes con discapacidad, que a partir de asociaciones y organizaciones civiles, reivindican sus derechos y obligaciones.<\/span><\/p>\n<p align=\"justify\"><span style=\"font-family: 'Fira Sans';font-size: 12pt;color: #ffffff\">-Fortalecer la gesti\u00f3n institucional de los equipos directivos y pedag\u00f3gicos para mejorar la implementaci\u00f3n del modelo de inclusi\u00f3n socioeducativa y laboral de ni\u00f1os, ni\u00f1as y j\u00f3venes con discapacidad.<\/span>[\/vc_column_text][vc_single_image image=\u00bb6323&#8243; img_size=\u00bbmedium\u00bb alignment=\u00bbcenter\u00bb style=\u00bbvc_box_rounded\u00bb][vc_column_text]<\/p>\n<p style=\"text-align: left\"><span style=\"font-family: 'Fira Sans';color: #ffffff\">El \u00c1rea se preocupa por los estudiantes con discapacidad y de sus familias y entornos. De esta manera, se brinda apoyo psicol\u00f3gico a padres y madres de familia, se estudian sus necesidades y percepciones y se impulsa la inclusi\u00f3n laboral para una vida m\u00e1s aut\u00f3noma.<\/span><\/p>\n<p>[\/vc_column_text][\/vc_column][\/vc_row][vc_row][vc_column][vc_separator][vc_empty_space height=\u00bb20px\u00bb][\/vc_column][\/vc_row][vc_row][vc_column width=\u00bb1\/2&#8243;][vc_column_text]<\/p>\n<h3 style=\"text-align: center\"><span style=\"color: #aa0f16\"><strong>Aportes del \u00e1rea a la educaci\u00f3n del pa\u00eds<\/strong><\/span><\/h3>\n<p>[\/vc_column_text][vc_empty_space height=\u00bb10px\u00bb][vc_column_text]<\/p>\n<ul>\n<li>\n<p align=\"justify\"><span style=\"font-size: 12pt;font-family: 'Fira Sans'\">Validaci\u00f3n y sistematizaci\u00f3n de estrategias de apoyo para responder a las Necesidades Educativas Especiales asociadas o no a discapacidad en el aula regular.<\/span><\/p>\n<\/li>\n<li>\n<p align=\"justify\"><span style=\"font-size: 12pt;font-family: 'Fira Sans'\">Creaci\u00f3n de un nuevo perfil educativo, el Educador de Apoyo, formado para impulsar la inclusi\u00f3n de ni\u00f1os, ni\u00f1as y j\u00f3venes con discapacidad en la Educaci\u00f3n Regular.<\/span><\/p>\n<\/li>\n<li>\n<p align=\"justify\"><span style=\"font-size: 12pt;font-family: 'Fira Sans'\">Dise\u00f1o, validaci\u00f3n e implementaci\u00f3n del Curr\u00edculo de Formaci\u00f3n T\u00e9cnica en Mano de Obra Calificada y Operario para j\u00f3venes con discapacidad en Centros de Educaci\u00f3n Especial.<\/span><\/p>\n<\/li>\n<li>\n<p align=\"justify\"><span style=\"font-size: 12pt;font-family: 'Fira Sans'\">Sistematizaci\u00f3n de nuestras experiencias de Aulas de Apoyo, Integraci\u00f3n Escolar y la Inclusi\u00f3n a la Educaci\u00f3n T\u00e9cnica y Laboral de j\u00f3venes con discapacidad.<\/span><\/p>\n<\/li>\n<li>\n<p align=\"justify\"><span style=\"font-size: 12pt;font-family: 'Fira Sans'\">Elaboraci\u00f3n de normativas internas orientando el funcionamiento de las Unidades Educativas para la Inclusi\u00f3n de ni\u00f1os y ni\u00f1as con discapacidad.<\/span><\/p>\n<\/li>\n<li>\n<p align=\"justify\"><span style=\"font-size: 12pt;font-family: 'Fira Sans'\">Generaci\u00f3n de espacios de reflexi\u00f3n y construcci\u00f3n de conocimiento institucional para abordar la tem\u00e1tica de la inclusi\u00f3n con expertos internacionales.<\/span><\/p>\n<\/li>\n<li>\n<p align=\"justify\"><span style=\"font-size: 12pt;font-family: 'Fira Sans'\">Participaci\u00f3n en espacios de reflexi\u00f3n y construcci\u00f3n de la Nueva Ley Educativa organizados por el Ministerio de Educaci\u00f3n para compartir la experiencia institucional en el \u00e1rea de la Educaci\u00f3n Especial e Inclusi\u00f3n.<\/span><\/p>\n<\/li>\n<\/ul>\n<p>[\/vc_column_text][\/vc_column][vc_column width=\u00bb1\/2&#8243;][vc_column_text]<\/p>\n<h3 style=\"text-align: center\"><span style=\"color: #aa0f16\"><strong>Proyecciones y retos<\/strong><\/span><\/h3>\n<p>[\/vc_column_text][vc_empty_space height=\u00bb10px\u00bb][vc_column_text]<\/p>\n<ul>\n<li>\n<p align=\"justify\"><span style=\"font-family: 'Fira Sans';font-size: 12pt\">Extender los servicios de Educaci\u00f3n Especial e Inclusi\u00f3n a otras Unidades Educativas y otros departamentos (Oruro y Beni).<\/span><\/p>\n<\/li>\n<li>\n<p align=\"justify\"><span style=\"font-family: 'Fira Sans';font-size: 12pt\">Consolidar el paso a la inclusi\u00f3n educativa en las escuelas regulares, creando estrategias de apoyo a las Necesidades Educativas Especiales en el nivel Secundario. Tambi\u00e9n, impulsar el servicio en escuelas rurales.<\/span><\/p>\n<\/li>\n<li>\n<p align=\"justify\"><span style=\"font-family: 'Fira Sans';font-size: 12pt\">Fortalecer los procesos de inclusi\u00f3n a la Formaci\u00f3n para el Trabajo y la inserci\u00f3n al mercado laboral abierto, formal o informal e impulsar la creaci\u00f3n de microemprendimientos de Personas con Discapacidad.<\/span><\/p>\n<\/li>\n<li>\n<p align=\"justify\"><span style=\"font-family: 'Fira Sans';font-size: 12pt\">Acercarnos institucionalmente al trabajo con las Asociaciones de Personas con Discapacidad y sus familias.<\/span><\/p>\n<\/li>\n<li>\n<p align=\"justify\"><span style=\"font-family: 'Fira Sans';font-size: 12pt\">Impulsar la Red de Hom\u00f3logos en la inclusi\u00f3n de ni\u00f1os, ni\u00f1as y j\u00f3venes con discapacidad entre todas las Fe y Alegr\u00edas.<\/span><\/p>\n<\/li>\n<li>\n<p align=\"justify\"><span style=\"font-family: 'Fira Sans';font-size: 12pt\">Fortalecer nuestra participaci\u00f3n en las redes interinstitucionales que impulsan la inclusi\u00f3n de Personas con Discapacidad.<\/span><\/p>\n<\/li>\n<\/ul>\n<p>[\/vc_column_text][\/vc_column][\/vc_row]<\/p>\n<\/div>","protected":false},"excerpt":{"rendered":"<p>[vc_row][vc_column width=\u00bb5\/6&#8243;][\/vc_column][vc_column width=\u00bb1\/6&#8243;][\/vc_column][\/vc_row][vc_row][vc_column][vc_empty_space height=\u00bb10px\u00bb][vc_empty_space height=\u00bb10px\u00bb][vc_column_text] Brindamos educaci\u00f3n de calidad y servicios de rehabilitaci\u00f3n en los Centros de Educaci\u00f3n Especial a ni\u00f1os, ni\u00f1as y adolescentes con discapacidad intelectual y auditiva. De esta manera, impulsamos la inclusi\u00f3n educativa de ni\u00f1os, ni\u00f1as y adolescentes con discapacidad en todos los niveles de la educaci\u00f3n regular, llegando a promover la<\/p>\n","protected":false},"author":74,"featured_media":0,"parent":0,"menu_order":0,"comment_status":"closed","ping_status":"closed","template":"","meta":{"_acf_changed":false,"footnotes":""},"folder":[],"class_list":["post-7758","page","type-page","status-publish","hentry"],"acf":[],"yoast_head":"<!-- This site is optimized with the Yoast SEO plugin v27.2 - https:\/\/yoast.com\/product\/yoast-seo-wordpress\/ -->\n<title>Educaci\u00f3n Inclusiva - #SomosFeyAlegria en Bolivia<\/title>\n<meta name=\"robots\" content=\"index, follow, max-snippet:-1, max-image-preview:large, max-video-preview:-1\" \/>\n<link rel=\"canonical\" href=\"https:\/\/www.feyalegria.org\/bolivia\/educacion-inclusiva\/\" \/>\n<meta property=\"og:locale\" content=\"es_ES\" \/>\n<meta property=\"og:type\" content=\"article\" \/>\n<meta property=\"og:title\" content=\"Educaci\u00f3n Inclusiva - #SomosFeyAlegria en Bolivia\" \/>\n<meta property=\"og:description\" content=\"[vc_row][vc_column width=\u00bb5\/6&#8243;][\/vc_column][vc_column width=\u00bb1\/6&#8243;][\/vc_column][\/vc_row][vc_row][vc_column][vc_empty_space height=\u00bb10px\u00bb][vc_empty_space height=\u00bb10px\u00bb][vc_column_text] Brindamos educaci\u00f3n de calidad y servicios de rehabilitaci\u00f3n en los Centros de Educaci\u00f3n Especial a ni\u00f1os, ni\u00f1as y adolescentes con discapacidad intelectual y auditiva. De esta manera, impulsamos la inclusi\u00f3n educativa de ni\u00f1os, ni\u00f1as y adolescentes con discapacidad en todos los niveles de la educaci\u00f3n regular, llegando a promover la\" \/>\n<meta property=\"og:url\" content=\"https:\/\/www.feyalegria.org\/bolivia\/educacion-inclusiva\/\" \/>\n<meta property=\"og:site_name\" content=\"#SomosFeyAlegria en Bolivia\" \/>\n<meta property=\"article:modified_time\" content=\"2023-06-21T15:07:38+00:00\" \/>\n<meta name=\"twitter:card\" content=\"summary_large_image\" \/>\n<meta name=\"twitter:label1\" content=\"Tiempo de lectura\" \/>\n\t<meta name=\"twitter:data1\" content=\"6 minutos\" \/>\n<script type=\"application\/ld+json\" class=\"yoast-schema-graph\">{\"@context\":\"https:\/\/schema.org\",\"@graph\":[{\"@type\":\"WebPage\",\"@id\":\"https:\/\/www.feyalegria.org\/bolivia\/educacion-inclusiva\/\",\"url\":\"https:\/\/www.feyalegria.org\/bolivia\/educacion-inclusiva\/\",\"name\":\"Educaci\u00f3n Inclusiva - #SomosFeyAlegria en Bolivia\",\"isPartOf\":{\"@id\":\"https:\/\/www.feyalegria.org\/bolivia\/#website\"},\"datePublished\":\"2023-02-23T19:29:43+00:00\",\"dateModified\":\"2023-06-21T15:07:38+00:00\",\"breadcrumb\":{\"@id\":\"https:\/\/www.feyalegria.org\/bolivia\/educacion-inclusiva\/#breadcrumb\"},\"inLanguage\":\"es\",\"potentialAction\":[{\"@type\":\"ReadAction\",\"target\":[\"https:\/\/www.feyalegria.org\/bolivia\/educacion-inclusiva\/\"]}]},{\"@type\":\"BreadcrumbList\",\"@id\":\"https:\/\/www.feyalegria.org\/bolivia\/educacion-inclusiva\/#breadcrumb\",\"itemListElement\":[{\"@type\":\"ListItem\",\"position\":1,\"name\":\"Home\",\"item\":\"https:\/\/www.feyalegria.org\/bolivia\/\"},{\"@type\":\"ListItem\",\"position\":2,\"name\":\"Educaci\u00f3n Inclusiva\"}]},{\"@type\":\"WebSite\",\"@id\":\"https:\/\/www.feyalegria.org\/bolivia\/#website\",\"url\":\"https:\/\/www.feyalegria.org\/bolivia\/\",\"name\":\"#SomosFeyAlegria en Bolivia\",\"description\":\"Movimiento de Educaci\u00f3n Popular y Promoci\u00f3n Social\",\"potentialAction\":[{\"@type\":\"SearchAction\",\"target\":{\"@type\":\"EntryPoint\",\"urlTemplate\":\"https:\/\/www.feyalegria.org\/bolivia\/?s={search_term_string}\"},\"query-input\":{\"@type\":\"PropertyValueSpecification\",\"valueRequired\":true,\"valueName\":\"search_term_string\"}}],\"inLanguage\":\"es\"}]}<\/script>\n<!-- \/ Yoast SEO plugin. -->","yoast_head_json":{"title":"Educaci\u00f3n Inclusiva - #SomosFeyAlegria en Bolivia","robots":{"index":"index","follow":"follow","max-snippet":"max-snippet:-1","max-image-preview":"max-image-preview:large","max-video-preview":"max-video-preview:-1"},"canonical":"https:\/\/www.feyalegria.org\/bolivia\/educacion-inclusiva\/","og_locale":"es_ES","og_type":"article","og_title":"Educaci\u00f3n Inclusiva - #SomosFeyAlegria en Bolivia","og_description":"[vc_row][vc_column width=\u00bb5\/6&#8243;][\/vc_column][vc_column width=\u00bb1\/6&#8243;][\/vc_column][\/vc_row][vc_row][vc_column][vc_empty_space height=\u00bb10px\u00bb][vc_empty_space height=\u00bb10px\u00bb][vc_column_text] Brindamos educaci\u00f3n de calidad y servicios de rehabilitaci\u00f3n en los Centros de Educaci\u00f3n Especial a ni\u00f1os, ni\u00f1as y adolescentes con discapacidad intelectual y auditiva. De esta manera, impulsamos la inclusi\u00f3n educativa de ni\u00f1os, ni\u00f1as y adolescentes con discapacidad en todos los niveles de la educaci\u00f3n regular, llegando a promover la","og_url":"https:\/\/www.feyalegria.org\/bolivia\/educacion-inclusiva\/","og_site_name":"#SomosFeyAlegria en Bolivia","article_modified_time":"2023-06-21T15:07:38+00:00","twitter_card":"summary_large_image","twitter_misc":{"Tiempo de lectura":"6 minutos"},"schema":{"@context":"https:\/\/schema.org","@graph":[{"@type":"WebPage","@id":"https:\/\/www.feyalegria.org\/bolivia\/educacion-inclusiva\/","url":"https:\/\/www.feyalegria.org\/bolivia\/educacion-inclusiva\/","name":"Educaci\u00f3n Inclusiva - #SomosFeyAlegria en Bolivia","isPartOf":{"@id":"https:\/\/www.feyalegria.org\/bolivia\/#website"},"datePublished":"2023-02-23T19:29:43+00:00","dateModified":"2023-06-21T15:07:38+00:00","breadcrumb":{"@id":"https:\/\/www.feyalegria.org\/bolivia\/educacion-inclusiva\/#breadcrumb"},"inLanguage":"es","potentialAction":[{"@type":"ReadAction","target":["https:\/\/www.feyalegria.org\/bolivia\/educacion-inclusiva\/"]}]},{"@type":"BreadcrumbList","@id":"https:\/\/www.feyalegria.org\/bolivia\/educacion-inclusiva\/#breadcrumb","itemListElement":[{"@type":"ListItem","position":1,"name":"Home","item":"https:\/\/www.feyalegria.org\/bolivia\/"},{"@type":"ListItem","position":2,"name":"Educaci\u00f3n Inclusiva"}]},{"@type":"WebSite","@id":"https:\/\/www.feyalegria.org\/bolivia\/#website","url":"https:\/\/www.feyalegria.org\/bolivia\/","name":"#SomosFeyAlegria en Bolivia","description":"Movimiento de Educaci\u00f3n Popular y Promoci\u00f3n Social","potentialAction":[{"@type":"SearchAction","target":{"@type":"EntryPoint","urlTemplate":"https:\/\/www.feyalegria.org\/bolivia\/?s={search_term_string}"},"query-input":{"@type":"PropertyValueSpecification","valueRequired":true,"valueName":"search_term_string"}}],"inLanguage":"es"}]}},"_links":{"self":[{"href":"https:\/\/www.feyalegria.org\/bolivia\/wp-json\/wp\/v2\/pages\/7758","targetHints":{"allow":["GET"]}}],"collection":[{"href":"https:\/\/www.feyalegria.org\/bolivia\/wp-json\/wp\/v2\/pages"}],"about":[{"href":"https:\/\/www.feyalegria.org\/bolivia\/wp-json\/wp\/v2\/types\/page"}],"author":[{"embeddable":true,"href":"https:\/\/www.feyalegria.org\/bolivia\/wp-json\/wp\/v2\/users\/74"}],"replies":[{"embeddable":true,"href":"https:\/\/www.feyalegria.org\/bolivia\/wp-json\/wp\/v2\/comments?post=7758"}],"version-history":[{"count":1,"href":"https:\/\/www.feyalegria.org\/bolivia\/wp-json\/wp\/v2\/pages\/7758\/revisions"}],"predecessor-version":[{"id":11074,"href":"https:\/\/www.feyalegria.org\/bolivia\/wp-json\/wp\/v2\/pages\/7758\/revisions\/11074"}],"wp:attachment":[{"href":"https:\/\/www.feyalegria.org\/bolivia\/wp-json\/wp\/v2\/media?parent=7758"}],"wp:term":[{"taxonomy":"folder","embeddable":true,"href":"https:\/\/www.feyalegria.org\/bolivia\/wp-json\/wp\/v2\/folder?post=7758"}],"curies":[{"name":"wp","href":"https:\/\/api.w.org\/{rel}","templated":true}]}}