 {"id":7790,"date":"2023-02-23T15:18:14","date_gmt":"2023-02-23T20:18:14","guid":{"rendered":"https:\/\/www.feyalegria.org\/bolivia\/?page_id=7790"},"modified":"2023-06-21T10:09:37","modified_gmt":"2023-06-21T15:09:37","slug":"educacion-en-valores","status":"publish","type":"page","link":"https:\/\/www.feyalegria.org\/bolivia\/educacion-en-valores\/","title":{"rendered":"Educaci\u00f3n en Valores"},"content":{"rendered":"<div class=\"wpb-content-wrapper\"><p>[vc_row][vc_column width=\u00bb5\/6&#8243;]<div style=\"background-color:;height: 50px\" class=\"nicdark_section  \"><\/div>[\/vc_column][vc_column width=\u00bb1\/6&#8243;]<a href=\"https:\/\/www.feyalegria.org\/bolivia\/lineas-estrategicas\/\" title=\"Fe y Alegr\u00eda Bolivia\"  data-id=\"mpc_button-4069e67caccc5ac\" class=\"mpc-button mpc-init mpc-transition mpc-typography--default \" ><div class=\"mpc-button__content mpc-effect-type--stay mpc-effect-side--left\"><i class=\"mpc-button__icon mpc-transition  mi mi-pin_drop\"><\/i><span class=\"mpc-button__title mpc-transition\">Volver al inicio<\/span><\/div><div class=\"mpc-button__background mpc-transition mpc-effect-type--fade mpc-effect-side--in\"><\/div><\/a>[\/vc_column][\/vc_row][vc_row][vc_column][vc_column_text]<\/p>\n<p align=\"justify\"><span style=\"font-family: 'Fira Sans';font-size: 12pt\">El lineamiento estrat\u00e9gico de Educaci\u00f3n en Valores Humano Cristianos quiere coadyuvar a la construcci\u00f3n de una sociedad inclusiva, intercultural, democr\u00e1tica, productiva y en armon\u00eda con el medio ambiente. Para ello aporta en la generaci\u00f3n de procesos educativos comunitarios de reflexi\u00f3n, difusi\u00f3n y fortalecimiento de la experiencia de fe e identidad institucional, desde la formaci\u00f3n y vivencia de los valores humano cristianos, en di\u00e1logo con la diversidad cultural y ecum\u00e9nica para mejorar la calidad de vida de los sectores pobres y excluidos.<\/span><\/p>\n<p align=\"justify\"><span style=\"font-family: 'Fira Sans';font-size: 12pt\">El \u00e1rea trabaja en todos los departamentos del pa\u00eds y con todos los estudiantes de las Unidades y Centros Educativos de la instituci\u00f3n motivando en ellos la construcci\u00f3n y realizaci\u00f3n de proyectos de vida que, por un lado, los planifiquen y asemejen a Jesucristo y, por otro lado, hagan de nuestras sociedades escenarios de vivencia de santidad y justicia. En ese proceso, toda la comunidad educativa (tambi\u00e9n directores, profesores, padres y madres de familia) es invitada a descubrir y reafirmar su vocaci\u00f3n humana y cristiana.<\/span><\/p>\n<p>[\/vc_column_text][\/vc_column][\/vc_row][vc_row content_placement=\u00bbmiddle\u00bb enable_top_separator=\u00bbtrue\u00bb top_separator_style=\u00bbcircle-center\u00bb enable_bottom_separator=\u00bbtrue\u00bb bottom_separator_style=\u00bbcircle-center\u00bb][vc_column alignment=\u00bbcenter\u00bb]<div class=\"mpc-carousel__wrapper mpc-waypoint\"><div id=\"mpc_carousel_anything-2969e67caccc6b7\" class=\"mpc-carousel-anything mpc-init \"  data-mpcslick='{\"infinite\":true,\"autoplay\":true,\"slidesToShow\":3,\"slidesToScroll\":1,\"centerMode\":false,\"initialSlide\":0,\"autoplaySpeed\":3000}' data-slick-cols=\"3\"><div data-id=\"mpc_ihover-469e67caccc77e\" class=\"mpc-ihover-wrapper mpc-init \"><div class=\"mpc-ihover-item ih-item circle effect1  \" data-effect=\"effect1\"><a  href=\"#\" ><div class=\"spinner\"><\/div><div class=\"img\"><div class=\"mpc-image-box\" style=\"background-image: url(https:\/\/d3pugrm67vf9n7.cloudfront.net\/wp-content\/uploads\/sites\/28\/2023\/02\/17150819\/Imagen1.png);\"><\/div><\/div><div class=\"info\"><div class=\"info-wrap\"><\/div><\/div><\/a><\/div><\/div><div data-id=\"mpc_ihover-9469e67cacccfb5\" class=\"mpc-ihover-wrapper mpc-init \"><div class=\"mpc-ihover-item ih-item circle effect1  \" data-effect=\"effect1\"><a  href=\"#\" ><div class=\"spinner\"><\/div><div class=\"img\"><div class=\"mpc-image-box\" style=\"background-image: url(https:\/\/d3pugrm67vf9n7.cloudfront.net\/wp-content\/uploads\/sites\/28\/2023\/02\/09092009\/34.png);\"><\/div><\/div><div class=\"info\"><div class=\"info-wrap\"><\/div><\/div><\/a><\/div><\/div><div data-id=\"mpc_ihover-9269e67caccd570\" class=\"mpc-ihover-wrapper mpc-init \"><div class=\"mpc-ihover-item ih-item circle effect1  \" data-effect=\"effect1\"><a  href=\"#\" ><div class=\"spinner\"><\/div><div class=\"img\"><div class=\"mpc-image-box\" style=\"background-image: url(https:\/\/d3pugrm67vf9n7.cloudfront.net\/wp-content\/uploads\/sites\/28\/2023\/02\/10113524\/49.png);\"><\/div><\/div><div class=\"info\"><div class=\"info-wrap\"><\/div><\/div><\/a><\/div><\/div><div data-id=\"mpc_ihover-9769e67caccdb73\" class=\"mpc-ihover-wrapper mpc-init \"><div class=\"mpc-ihover-item ih-item circle effect1  \" data-effect=\"effect1\"><a  href=\"#\" ><div class=\"spinner\"><\/div><div class=\"img\"><div class=\"mpc-image-box\" style=\"background-image: url(https:\/\/d3pugrm67vf9n7.cloudfront.net\/wp-content\/uploads\/sites\/28\/2023\/02\/03141048\/6.png);\"><\/div><\/div><div class=\"info\"><div class=\"info-wrap\"><\/div><\/div><\/a><\/div><\/div><\/div><div class=\"mpc-navigation mpc-init mpc-align--left mpc-navigation--style_1  mpc-nav-preset--\" data-mpcslider=\"mpc_carousel_anything-2969e67caccc6b7\"><div class=\"mpc-nav__arrow mpcslick-prev\"><div class=\"mpc-nav__icon mpc-transition\"><i class=\"\"><div class=\"mpc-nav__background mpc-transition mpc-effect-type--fade mpc-effect-side--in\"><\/div><\/i><\/div><\/div><div class=\"mpc-nav__arrow mpcslick-next\"><div class=\"mpc-nav__icon mpc-transition\"><i class=\"\"><div class=\"mpc-nav__background mpc-transition mpc-effect-type--fade mpc-effect-side--in\"><\/div><\/i><\/div><\/div><\/div><\/div>[vc_empty_space height=\u00bb10px\u00bb][\/vc_column][\/vc_row][vc_row][vc_column][vc_empty_space height=\u00bb10px\u00bb][\/vc_column][\/vc_row][vc_row css=\u00bb.vc_custom_1685389663287{background-color: rgba(165,53,128,0.4) !important;*background-color: rgb(165,53,128) !important;}\u00bb][vc_column][vc_column_text]<\/p>\n<h3 style=\"text-align: center\"><span style=\"color: #ffffff\">Prop\u00f3sito educativo<\/span><\/h3>\n<p>[\/vc_column_text][vc_column_text]<\/p>\n<p align=\"justify\"><span style=\"font-family: 'Fira Sans';font-size: 12pt;color: #ffffff\">-Impulsar una propuesta de formaci\u00f3n en valores humano cristianos, para un di\u00e1logo con la diversidad cultural y ecum\u00e9nica.<\/span><\/p>\n<p align=\"justify\"><span style=\"font-family: 'Fira Sans';font-size: 12pt;color: #ffffff\">-Generar procesos de di\u00e1logo y convivencia ecum\u00e9nica e intercultural en la comunidad escolar y educativa, para aportar en la construcci\u00f3n de una sociedad inclusiva.<\/span><\/p>\n<p align=\"justify\"><span style=\"font-family: 'Fira Sans';font-size: 12pt;color: #ffffff\">-Promover la formaci\u00f3n en liderazgo comunitario, desde la identidad y valores institucionales para el ejercicio de la ciudadan\u00eda.<\/span><\/p>\n<p align=\"justify\"><span style=\"font-family: 'Fira Sans';font-size: 12pt;color: #ffffff\">-Fortalecer el compromiso de los miembros de la Instituci\u00f3n, a trav\u00e9s de procesos de relectura de la experiencia de la fe, para la pr\u00e1ctica de los valores Institucionales.<\/span><\/p>\n<p>[\/vc_column_text][vc_single_image image=\u00bb7838&#8243; img_size=\u00bbmedium\u00bb alignment=\u00bbcenter\u00bb style=\u00bbvc_box_rounded\u00bb][vc_column_text]<\/p>\n<p align=\"justify\"><span style=\"font-family: 'Fira Sans';font-size: 12pt;color: #ffffff\">Es un \u00e1rea que se identifica con la experiencia personal, comunitaria y eclesial de Jes\u00fas, que hace suya el desaf\u00edo de construir y vivir el Reino de Dios aqu\u00ed en la tierra y con una mirada de fe en la vida eterna. La alegr\u00eda de esta fe lleva a la instituci\u00f3n a ir en busca de los m\u00e1s excluidos y descartados de la sociedad.<\/span>[\/vc_column_text][\/vc_column][\/vc_row][vc_row][vc_column][vc_separator][\/vc_column][\/vc_row][vc_row][vc_column][vc_empty_space height=\u00bb20px\u00bb][vc_column_text]<\/p>\n<h3 style=\"text-align: center\"><span style=\"color: #aa0f16\"><strong>Aportes del \u00e1rea a la educaci\u00f3n del pa\u00eds<\/strong><\/span><\/h3>\n<p>[\/vc_column_text][vc_column_text]<\/p>\n<ul>\n<li>\n<p align=\"justify\"><span style=\"font-family: 'Fira Sans';font-size: 12pt\">Una educaci\u00f3n integral para la vida, formando el coraz\u00f3n, la mente y las manos, para que los estudiantes aprendan a vivir y convivir con este mundo y que sean capaces de transformarlo. <\/span><\/p>\n<\/li>\n<li>\n<p align=\"justify\"><span style=\"font-family: 'Fira Sans';font-size: 12pt\">Contribuye a que las personas se formen plenas, libres, en comunidad y como ciudadanos responsables, productivos, en equilibrio consigo mismo y con el entorno, valorando su cultura y desde la vivencia de los valores humano cristiano, para construir una sociedad inclusiva.<\/span><\/p>\n<\/li>\n<li>\n<p align=\"justify\"><span style=\"font-family: 'Fira Sans';font-size: 12pt\">Una Educaci\u00f3n Popular basada en los Valores Humano Cristianos en di\u00e1logo con las cosmovisiones y espiritualidades, en coherencia con la vivencia de los valores que sean apropiados desde sus creencias y desde y con los pobres y excluidos.<\/span><\/p>\n<\/li>\n<li>\n<p align=\"justify\"><span style=\"font-family: 'Fira Sans';font-size: 12pt\">Las acciones del \u00e1rea se asumen como transversales a las otras l\u00edneas estrat\u00e9gicas de la instituci\u00f3n porque fomentan transformaciones personales y colectivas favorables de la evangelizaci\u00f3n, el ejercicio de derechos, la convivencia escolar y social arm\u00f3nicas, y la innovaci\u00f3n educativa.<\/span><\/p>\n<\/li>\n<\/ul>\n<p>[\/vc_column_text][\/vc_column][\/vc_row]<\/p>\n<\/div>","protected":false},"excerpt":{"rendered":"<p>[vc_row][vc_column width=\u00bb5\/6&#8243;][\/vc_column][vc_column width=\u00bb1\/6&#8243;][\/vc_column][\/vc_row][vc_row][vc_column][vc_column_text] El lineamiento estrat\u00e9gico de Educaci\u00f3n en Valores Humano Cristianos quiere coadyuvar a la construcci\u00f3n de una sociedad inclusiva, intercultural, democr\u00e1tica, productiva y en armon\u00eda con el medio ambiente. Para ello aporta en la generaci\u00f3n de procesos educativos comunitarios de reflexi\u00f3n, difusi\u00f3n y fortalecimiento de la experiencia de fe e identidad institucional, desde<\/p>\n","protected":false},"author":74,"featured_media":0,"parent":0,"menu_order":0,"comment_status":"closed","ping_status":"closed","template":"","meta":{"_acf_changed":false,"footnotes":""},"folder":[],"class_list":["post-7790","page","type-page","status-publish","hentry"],"acf":[],"yoast_head":"<!-- This site is optimized with the Yoast SEO plugin v27.2 - https:\/\/yoast.com\/product\/yoast-seo-wordpress\/ -->\n<title>Educaci\u00f3n en Valores - #SomosFeyAlegria en Bolivia<\/title>\n<meta name=\"robots\" content=\"index, follow, max-snippet:-1, max-image-preview:large, max-video-preview:-1\" \/>\n<link rel=\"canonical\" href=\"https:\/\/www.feyalegria.org\/bolivia\/educacion-en-valores\/\" \/>\n<meta property=\"og:locale\" content=\"es_ES\" \/>\n<meta property=\"og:type\" content=\"article\" \/>\n<meta property=\"og:title\" content=\"Educaci\u00f3n en Valores - #SomosFeyAlegria en Bolivia\" \/>\n<meta property=\"og:description\" content=\"[vc_row][vc_column width=\u00bb5\/6&#8243;][\/vc_column][vc_column width=\u00bb1\/6&#8243;][\/vc_column][\/vc_row][vc_row][vc_column][vc_column_text] El lineamiento estrat\u00e9gico de Educaci\u00f3n en Valores Humano Cristianos quiere coadyuvar a la construcci\u00f3n de una sociedad inclusiva, intercultural, democr\u00e1tica, productiva y en armon\u00eda con el medio ambiente. Para ello aporta en la generaci\u00f3n de procesos educativos comunitarios de reflexi\u00f3n, difusi\u00f3n y fortalecimiento de la experiencia de fe e identidad institucional, desde\" \/>\n<meta property=\"og:url\" content=\"https:\/\/www.feyalegria.org\/bolivia\/educacion-en-valores\/\" \/>\n<meta property=\"og:site_name\" content=\"#SomosFeyAlegria en Bolivia\" \/>\n<meta property=\"article:modified_time\" content=\"2023-06-21T15:09:37+00:00\" \/>\n<meta name=\"twitter:card\" content=\"summary_large_image\" \/>\n<meta name=\"twitter:label1\" content=\"Tiempo de lectura\" \/>\n\t<meta name=\"twitter:data1\" content=\"5 minutos\" \/>\n<script type=\"application\/ld+json\" class=\"yoast-schema-graph\">{\"@context\":\"https:\/\/schema.org\",\"@graph\":[{\"@type\":\"WebPage\",\"@id\":\"https:\/\/www.feyalegria.org\/bolivia\/educacion-en-valores\/\",\"url\":\"https:\/\/www.feyalegria.org\/bolivia\/educacion-en-valores\/\",\"name\":\"Educaci\u00f3n en Valores - #SomosFeyAlegria en Bolivia\",\"isPartOf\":{\"@id\":\"https:\/\/www.feyalegria.org\/bolivia\/#website\"},\"datePublished\":\"2023-02-23T20:18:14+00:00\",\"dateModified\":\"2023-06-21T15:09:37+00:00\",\"breadcrumb\":{\"@id\":\"https:\/\/www.feyalegria.org\/bolivia\/educacion-en-valores\/#breadcrumb\"},\"inLanguage\":\"es\",\"potentialAction\":[{\"@type\":\"ReadAction\",\"target\":[\"https:\/\/www.feyalegria.org\/bolivia\/educacion-en-valores\/\"]}]},{\"@type\":\"BreadcrumbList\",\"@id\":\"https:\/\/www.feyalegria.org\/bolivia\/educacion-en-valores\/#breadcrumb\",\"itemListElement\":[{\"@type\":\"ListItem\",\"position\":1,\"name\":\"Home\",\"item\":\"https:\/\/www.feyalegria.org\/bolivia\/\"},{\"@type\":\"ListItem\",\"position\":2,\"name\":\"Educaci\u00f3n en Valores\"}]},{\"@type\":\"WebSite\",\"@id\":\"https:\/\/www.feyalegria.org\/bolivia\/#website\",\"url\":\"https:\/\/www.feyalegria.org\/bolivia\/\",\"name\":\"#SomosFeyAlegria en Bolivia\",\"description\":\"Movimiento de Educaci\u00f3n Popular y Promoci\u00f3n Social\",\"potentialAction\":[{\"@type\":\"SearchAction\",\"target\":{\"@type\":\"EntryPoint\",\"urlTemplate\":\"https:\/\/www.feyalegria.org\/bolivia\/?s={search_term_string}\"},\"query-input\":{\"@type\":\"PropertyValueSpecification\",\"valueRequired\":true,\"valueName\":\"search_term_string\"}}],\"inLanguage\":\"es\"}]}<\/script>\n<!-- \/ Yoast SEO plugin. -->","yoast_head_json":{"title":"Educaci\u00f3n en Valores - #SomosFeyAlegria en Bolivia","robots":{"index":"index","follow":"follow","max-snippet":"max-snippet:-1","max-image-preview":"max-image-preview:large","max-video-preview":"max-video-preview:-1"},"canonical":"https:\/\/www.feyalegria.org\/bolivia\/educacion-en-valores\/","og_locale":"es_ES","og_type":"article","og_title":"Educaci\u00f3n en Valores - #SomosFeyAlegria en Bolivia","og_description":"[vc_row][vc_column width=\u00bb5\/6&#8243;][\/vc_column][vc_column width=\u00bb1\/6&#8243;][\/vc_column][\/vc_row][vc_row][vc_column][vc_column_text] El lineamiento estrat\u00e9gico de Educaci\u00f3n en Valores Humano Cristianos quiere coadyuvar a la construcci\u00f3n de una sociedad inclusiva, intercultural, democr\u00e1tica, productiva y en armon\u00eda con el medio ambiente. Para ello aporta en la generaci\u00f3n de procesos educativos comunitarios de reflexi\u00f3n, difusi\u00f3n y fortalecimiento de la experiencia de fe e identidad institucional, desde","og_url":"https:\/\/www.feyalegria.org\/bolivia\/educacion-en-valores\/","og_site_name":"#SomosFeyAlegria en Bolivia","article_modified_time":"2023-06-21T15:09:37+00:00","twitter_card":"summary_large_image","twitter_misc":{"Tiempo de lectura":"5 minutos"},"schema":{"@context":"https:\/\/schema.org","@graph":[{"@type":"WebPage","@id":"https:\/\/www.feyalegria.org\/bolivia\/educacion-en-valores\/","url":"https:\/\/www.feyalegria.org\/bolivia\/educacion-en-valores\/","name":"Educaci\u00f3n en Valores - #SomosFeyAlegria en Bolivia","isPartOf":{"@id":"https:\/\/www.feyalegria.org\/bolivia\/#website"},"datePublished":"2023-02-23T20:18:14+00:00","dateModified":"2023-06-21T15:09:37+00:00","breadcrumb":{"@id":"https:\/\/www.feyalegria.org\/bolivia\/educacion-en-valores\/#breadcrumb"},"inLanguage":"es","potentialAction":[{"@type":"ReadAction","target":["https:\/\/www.feyalegria.org\/bolivia\/educacion-en-valores\/"]}]},{"@type":"BreadcrumbList","@id":"https:\/\/www.feyalegria.org\/bolivia\/educacion-en-valores\/#breadcrumb","itemListElement":[{"@type":"ListItem","position":1,"name":"Home","item":"https:\/\/www.feyalegria.org\/bolivia\/"},{"@type":"ListItem","position":2,"name":"Educaci\u00f3n en Valores"}]},{"@type":"WebSite","@id":"https:\/\/www.feyalegria.org\/bolivia\/#website","url":"https:\/\/www.feyalegria.org\/bolivia\/","name":"#SomosFeyAlegria en Bolivia","description":"Movimiento de Educaci\u00f3n Popular y Promoci\u00f3n Social","potentialAction":[{"@type":"SearchAction","target":{"@type":"EntryPoint","urlTemplate":"https:\/\/www.feyalegria.org\/bolivia\/?s={search_term_string}"},"query-input":{"@type":"PropertyValueSpecification","valueRequired":true,"valueName":"search_term_string"}}],"inLanguage":"es"}]}},"_links":{"self":[{"href":"https:\/\/www.feyalegria.org\/bolivia\/wp-json\/wp\/v2\/pages\/7790","targetHints":{"allow":["GET"]}}],"collection":[{"href":"https:\/\/www.feyalegria.org\/bolivia\/wp-json\/wp\/v2\/pages"}],"about":[{"href":"https:\/\/www.feyalegria.org\/bolivia\/wp-json\/wp\/v2\/types\/page"}],"author":[{"embeddable":true,"href":"https:\/\/www.feyalegria.org\/bolivia\/wp-json\/wp\/v2\/users\/74"}],"replies":[{"embeddable":true,"href":"https:\/\/www.feyalegria.org\/bolivia\/wp-json\/wp\/v2\/comments?post=7790"}],"version-history":[{"count":0,"href":"https:\/\/www.feyalegria.org\/bolivia\/wp-json\/wp\/v2\/pages\/7790\/revisions"}],"wp:attachment":[{"href":"https:\/\/www.feyalegria.org\/bolivia\/wp-json\/wp\/v2\/media?parent=7790"}],"wp:term":[{"taxonomy":"folder","embeddable":true,"href":"https:\/\/www.feyalegria.org\/bolivia\/wp-json\/wp\/v2\/folder?post=7790"}],"curies":[{"name":"wp","href":"https:\/\/api.w.org\/{rel}","templated":true}]}}