 {"id":8013,"date":"2023-03-01T14:04:52","date_gmt":"2023-03-01T19:04:52","guid":{"rendered":"https:\/\/www.feyalegria.org\/bolivia\/?page_id=8013"},"modified":"2025-07-04T11:28:28","modified_gmt":"2025-07-04T16:28:28","slug":"educacion-desescolarizada","status":"publish","type":"page","link":"https:\/\/www.feyalegria.org\/bolivia\/educacion-desescolarizada\/","title":{"rendered":"Educaci\u00f3n Superior"},"content":{"rendered":"<div class=\"wpb-content-wrapper\"><p>[vc_row][vc_column width=\u00bb5\/6&#8243;]<div style=\"background-color:;height: 50px\" class=\"nicdark_section  \"><\/div>[\/vc_column][vc_column width=\u00bb1\/6&#8243;]<a href=\"https:\/\/www.feyalegria.org\/bolivia\/lineas-estrategicas\/\" title=\"Fe y Alegr\u00eda Bolivia\"  data-id=\"mpc_button-7969d765cc22bce\" class=\"mpc-button mpc-init mpc-transition mpc-typography--default \" ><div class=\"mpc-button__content mpc-effect-type--stay mpc-effect-side--left\"><i class=\"mpc-button__icon mpc-transition  mi mi-pin_drop\"><\/i><span class=\"mpc-button__title mpc-transition\">Volver al inicio<\/span><\/div><div class=\"mpc-button__background mpc-transition mpc-effect-type--fade mpc-effect-side--in\"><\/div><\/a>[\/vc_column][\/vc_row][vc_row][vc_column][vc_empty_space height=\u00bb10px\u00bb]<div data-id=\"mpc_quote-2869d765cc22cc4\" class=\"mpc-quote mpc-init mpc-transition mpc-animation mpc-quote--style_1 mpc-icon--left \"  data-animation-in=\"transition.fadeIn||1300||0||100\"><div class=\"mpc-quote__wrapper\"><div class=\"mpc-quote__icon-wrapper\"><i class=\"mpc-quote__icon mpc-transition \"><\/i><\/div><div class=\"mpc-quote__content mpc-typography--preset_3\"><div class=\"mpc-quote__description\"><h2 style=\"text-align: center;\"><em>&#8230;<\/em><\/h2>\n<\/div><div class=\"mpc-quote__signature\"><span><\/span><\/div><\/div><\/div><\/div>[vc_empty_space height=\u00bb10px\u00bb][vc_column_text css=\u00bb\u00bb]<\/p>\n<p align=\"justify\"><span class=\"OYPEnA font-feature-liga-off font-feature-clig-off font-feature-calt-off text-decoration-none text-strikethrough-none\">Promueve la formaci\u00f3n actualizada docente-estudiantil, la producci\u00f3n de materiales y herramientas educativas, los procesos formativos en competencias blandas, transversales, de acceso al trabajo, econom\u00edas alternativas para el fortalecimiento de la pr\u00e1ctica e inserci\u00f3n laboral y el autoempleo\/emprendimiento<\/span><\/p>\n<p>[\/vc_column_text][\/vc_column][\/vc_row][vc_row content_placement=\u00bbmiddle\u00bb enable_top_separator=\u00bbtrue\u00bb top_separator_style=\u00bbcircle-center\u00bb enable_bottom_separator=\u00bbtrue\u00bb bottom_separator_style=\u00bbcircle-center\u00bb][vc_column alignment=\u00bbcenter\u00bb]<div class=\"mpc-carousel__wrapper mpc-waypoint\"><div id=\"mpc_carousel_anything-4869d765cc22e1c\" class=\"mpc-carousel-anything mpc-init \"  data-mpcslick='{\"infinite\":true,\"autoplay\":true,\"slidesToShow\":3,\"slidesToScroll\":1,\"centerMode\":false,\"initialSlide\":0,\"autoplaySpeed\":3000}' data-slick-cols=\"3\"><div data-id=\"mpc_ihover-3769d765cc22f0f\" class=\"mpc-ihover-wrapper mpc-init \"><div class=\"mpc-ihover-item ih-item circle effect1  \" data-effect=\"effect1\"><a  href=\"#\" ><div class=\"spinner\"><\/div><div class=\"img\"><div class=\"mpc-image-box\" style=\"background-image: url(https:\/\/d3pugrm67vf9n7.cloudfront.net\/wp-content\/uploads\/sites\/28\/2023\/02\/10113518\/47.png);\"><\/div><\/div><div class=\"info\"><div class=\"info-wrap\"><\/div><\/div><\/a><\/div><\/div><div data-id=\"mpc_ihover-5969d765cc23971\" class=\"mpc-ihover-wrapper mpc-init \"><div class=\"mpc-ihover-item ih-item circle effect1  \" data-effect=\"effect1\"><a  href=\"#\" ><div class=\"spinner\"><\/div><div class=\"img\"><div class=\"mpc-image-box\" style=\"background-image: url(https:\/\/d3pugrm67vf9n7.cloudfront.net\/wp-content\/uploads\/sites\/28\/2023\/02\/09092014\/36.png);\"><\/div><\/div><div class=\"info\"><div class=\"info-wrap\"><\/div><\/div><\/a><\/div><\/div><div data-id=\"mpc_ihover-9169d765cc2438b\" class=\"mpc-ihover-wrapper mpc-init \"><div class=\"mpc-ihover-item ih-item circle effect1  \" data-effect=\"effect1\"><a  href=\"#\" ><div class=\"spinner\"><\/div><div class=\"img\"><div class=\"mpc-image-box\" style=\"background-image: url(https:\/\/d3pugrm67vf9n7.cloudfront.net\/wp-content\/uploads\/sites\/28\/2023\/02\/09092012\/35.png);\"><\/div><\/div><div class=\"info\"><div class=\"info-wrap\"><\/div><\/div><\/a><\/div><\/div><div data-id=\"mpc_ihover-5469d765cc24c37\" class=\"mpc-ihover-wrapper mpc-init \"><div class=\"mpc-ihover-item ih-item circle effect1  \" data-effect=\"effect1\"><a  href=\"#\" ><div class=\"spinner\"><\/div><div class=\"img\"><div class=\"mpc-image-box\" style=\"background-image: url(https:\/\/d3pugrm67vf9n7.cloudfront.net\/wp-content\/uploads\/sites\/28\/2023\/02\/03141042\/4.png);\"><\/div><\/div><div class=\"info\"><div class=\"info-wrap\"><h3 class=\"mpc-ihover-title\"><\/h3><div class=\"mpc-ihover-divider-wrap\"><div class=\"mpc-ihover-divider\"><\/div><\/div><div class=\"mpc-ihover-content\"><\/div><\/div><\/div><\/a><\/div><\/div><\/div><div class=\"mpc-navigation mpc-init mpc-align--left mpc-navigation--style_1  mpc-nav-preset--\" data-mpcslider=\"mpc_carousel_anything-4869d765cc22e1c\"><div class=\"mpc-nav__arrow mpcslick-prev\"><div class=\"mpc-nav__icon mpc-transition\"><i class=\"\"><div class=\"mpc-nav__background mpc-transition mpc-effect-type--fade mpc-effect-side--in\"><\/div><\/i><\/div><\/div><div class=\"mpc-nav__arrow mpcslick-next\"><div class=\"mpc-nav__icon mpc-transition\"><i class=\"\"><div class=\"mpc-nav__background mpc-transition mpc-effect-type--fade mpc-effect-side--in\"><\/div><\/i><\/div><\/div><\/div><\/div>[vc_empty_space height=\u00bb10px\u00bb][\/vc_column][\/vc_row][vc_row][vc_column][vc_empty_space height=\u00bb10px\u00bb][\/vc_column][\/vc_row][vc_row css=\u00bb.vc_custom_1685385930338{background-color: rgba(27,135,143,0.4) !important;*background-color: rgb(27,135,143) !important;}\u00bb][vc_column alignment=\u00bbcenter\u00bb][vc_column_text]<\/p>\n<h3 style=\"text-align: center;\"><span style=\"color: #ffffff;\"><strong>Prop\u00f3sito educativo<\/strong><\/span><\/h3>\n<p>[\/vc_column_text][vc_column_text css=\u00bb\u00bb]&#8230;[\/vc_column_text][vc_single_image image=\u00bb7849&#8243; img_size=\u00bbmedium\u00bb alignment=\u00bbcenter\u00bb style=\u00bbvc_box_rounded\u00bb][\/vc_column][\/vc_row][vc_row][vc_column][vc_separator][vc_empty_space height=\u00bb20px\u00bb][\/vc_column][\/vc_row][vc_row][vc_column width=\u00bb1\/2&#8243;][vc_column_text]<\/p>\n<h3 style=\"text-align: center;\"><strong><span style=\"color: #aa0f16;\">Cobertura y Beneficiarios<\/span><\/strong><\/h3>\n<p>[\/vc_column_text][vc_column_text css=\u00bb\u00bb]<\/p>\n<p style=\"text-align: left;\" align=\"justify\"><span style=\"font-family: 'Fira Sans'; font-size: 12pt; color: #a00f16;\">11 Centros de Educaci\u00f3n Superior<\/span><\/p>\n<ul>\n<li><span style=\"font-size: 12pt; font-family: 'Fira Sans';\"><span style=\"color: #aa0f16;\"><strong>8<\/strong><\/span> en Chuquisaca<\/span><\/li>\n<li><span style=\"font-size: 12pt; font-family: 'Fira Sans';\"><span style=\"color: #aa0f16;\"><strong>1<\/strong><\/span> en La Paz<\/span><\/li>\n<li><span style=\"font-size: 12pt; font-family: 'Fira Sans';\"><span style=\"color: #aa0f16;\"><strong>11<\/strong><\/span> en Potos\u00ed<\/span><\/li>\n<\/ul>\n<p>[\/vc_column_text][vc_column_text css=\u00bb\u00bb]<\/p>\n<p align=\"justify\"><span style=\"font-family: 'Fira Sans'; font-size: 12pt; color: #a00f16;\">Total de participantes: <strong>440<\/strong><\/span><span style=\"font-family: 'Fira Sans'; font-size: 12pt;\">\u00a0estudiantes<\/span><\/p>\n<p>[\/vc_column_text][vc_column_text]<\/p>\n<p align=\"justify\"><span style=\"font-family: 'Fira Sans'; font-size: 12pt; color: #a00f16;\">Distritos: <\/span><span style=\"font-family: 'Fira Sans'; font-size: 12pt;\">Cobertura en <span style=\"color: #aa0f16;\"><strong>8<\/strong><\/span> principales distritos en los 3 departamentos: Mojocoya, Tarabuco, Zuda\u00f1ez, Coripata, Tomave, Nor L\u00edpez, Sud L\u00edpez y Nor Chicas<\/span><\/p>\n<p>[\/vc_column_text][vc_empty_space][vc_single_image image=\u00bb7817&#8243; img_size=\u00bbfull\u00bb alignment=\u00bbcenter\u00bb style=\u00bbvc_box_rounded\u00bb][vc_empty_space][\/vc_column][vc_column width=\u00bb1\/2&#8243;][vc_column_text]<\/p>\n<h3 style=\"text-align: center;\"><span style=\"color: #aa0f16;\"><strong>Aportes del \u00e1rea a la educaci\u00f3n del pa\u00eds<\/strong><\/span><\/h3>\n<p>[\/vc_column_text][vc_column_text css=\u00bb\u00bb]<\/p>\n<ul>\n<li><span class=\"OYPEnA font-feature-liga-off font-feature-clig-off font-feature-calt-off text-decoration-none text-strikethrough-none\">Dotaci\u00f3n de Capital Semilla en los departamentos de Beni, Oruro, Tarija, Cochabamba.<\/span><\/li>\n<\/ul>\n<ul>\n<li><span class=\"OYPEnA font-feature-liga-off font-feature-clig-off font-feature-calt-off text-decoration-none text-strikethrough-none\">Formaci\u00f3n y fortalecimiento en el Modelo de Emprendimiento institucional de FyA.<\/span><\/li>\n<\/ul>\n<ul>\n<li><span class=\"OYPEnA font-feature-liga-off font-feature-clig-off font-feature-calt-off text-decoration-none text-strikethrough-none\">Fortalecimiento y creaci\u00f3n de Unidades Productivas en los departamentos de Beni, Oruro, Tarija, Cochabamba, La Paz, Chuquisaca.<\/span><\/li>\n<\/ul>\n<p>[\/vc_column_text][\/vc_column][\/vc_row][vc_row][vc_column][vc_empty_space height=\u00bb12px\u00bb][\/vc_column][\/vc_row][vc_row][vc_column][vc_column_text]<\/p>\n<h3 style=\"text-align: center;\"><span style=\"color: #aa0f16;\"><strong>Proyecciones y retos<\/strong><\/span><\/h3>\n<p>[\/vc_column_text][vc_column_text]<\/p>\n<ul>\n<li>\n<p align=\"justify\"><span style=\"font-family: 'Fira Sans'; font-size: 12pt;\">La concepci\u00f3n educativa actual de la Propuesta Casas del Saber se ampl\u00eda hacia la creaci\u00f3n de un Centro de Formaci\u00f3n Integral-Comunitario. As\u00ed, se convierte en un espacio que tiene una clara y definida conexi\u00f3n entre la cultura local y su din\u00e1mica comunitaria; y esta fundamentalmente aliado al desarrollo local en los lugares donde tiene intervenci\u00f3n.<\/span><\/p>\n<\/li>\n<li>\n<p align=\"justify\"><span style=\"font-family: 'Fira Sans'; font-size: 12pt;\">Nuestra acci\u00f3n pretende favorecer el desarrollo comunitario socioecon\u00f3mico y cultural a trav\u00e9s del abordaje una propuesta educativa que promueva el desarrollo arm\u00f3nico de los participantes en la Propuesta Casas del Saber. Nuestra intervenci\u00f3n est\u00e1 centrada en el desarrollo de competencias (conocimientos, destrezas, habilidades y actitudes) mediante un curr\u00edculo pertinente al \u00e1mbito regional.<\/span><\/p>\n<\/li>\n<li>\n<p align=\"justify\"><span style=\"font-family: 'Fira Sans'; font-size: 12pt;\">Nuestra oferta educativa implica brindar a las comunidades:<\/span><\/p>\n<\/li>\n<\/ul>\n<p align=\"justify\"><span style=\"font-family: 'Fira Sans'; font-size: 12pt;\">\u00a0 \u00a0 \u00a01. Una formaci\u00f3n integral enfocada en la adquisici\u00f3n de competencias t\u00e9cnicas, habilidades para el trabajo, conocimientos productivos, desarrollo personal y comunitaria.<\/span><\/p>\n<p align=\"justify\"><span style=\"font-family: 'Fira Sans'; font-size: 12pt;\">\u00a0 \u00a0 \u00a0 \u00a0 2. Servicios educativos hacia los participantes de la propuesta Casas del Saber y tambi\u00e9n para las comunidades, que incluyen aulas telem\u00e1ticas, bibliotecas, videoteca, \u00e1reas de producci\u00f3n e investigaci\u00f3n agropecuaria (huertos, invernaderos, etc.) y\u00a0 espacios l\u00fadicos.<\/span><\/p>\n<p align=\"justify\"><span style=\"font-family: 'Fira Sans'; font-size: 12pt;\">\u00a0 \u00a0 \u00a03. Un espacio para el desarrollo y dialogo comunitario para que la comunidad planifique propuestas de desarrollo local tomando en cuenta las necesidades y expectativas de las comunidades rurales.<\/span><\/p>\n<ul>\n<li>\n<p align=\"justify\"><span style=\"font-family: 'Fira Sans'; font-size: 12pt;\">Queremos que los ni\u00f1os, ni\u00f1as y adolescentes, sean c<\/span><span style=\"font-family: 'Fira Sans'; font-size: 12pt;\">reativos, constructivos, l\u00edderes, reflexivos y anal\u00edticos. Que valoren su cultura y sean respetuosos con otras, que cuiden el medio ambiente, su salud y nutrici\u00f3n. Principalmente, que vivan y promuevan sus propios principios.<\/span><\/p>\n<\/li>\n<\/ul>\n<p>[\/vc_column_text][\/vc_column][\/vc_row]<\/p>\n<\/div>","protected":false},"excerpt":{"rendered":"<p>[vc_row][vc_column width=\u00bb5\/6&#8243;][\/vc_column][vc_column width=\u00bb1\/6&#8243;][\/vc_column][\/vc_row][vc_row][vc_column][vc_empty_space height=\u00bb10px\u00bb][vc_empty_space height=\u00bb10px\u00bb][vc_column_text css=\u00bb\u00bb] Promueve la formaci\u00f3n actualizada docente-estudiantil, la producci\u00f3n de materiales y herramientas educativas, los procesos formativos en competencias blandas, transversales, de acceso al trabajo, econom\u00edas alternativas para el fortalecimiento de la pr\u00e1ctica e inserci\u00f3n laboral y el autoempleo\/emprendimiento [\/vc_column_text][\/vc_column][\/vc_row][vc_row content_placement=\u00bbmiddle\u00bb enable_top_separator=\u00bbtrue\u00bb top_separator_style=\u00bbcircle-center\u00bb enable_bottom_separator=\u00bbtrue\u00bb bottom_separator_style=\u00bbcircle-center\u00bb][vc_column alignment=\u00bbcenter\u00bb][vc_empty_space height=\u00bb10px\u00bb][\/vc_column][\/vc_row][vc_row][vc_column][vc_empty_space height=\u00bb10px\u00bb][\/vc_column][\/vc_row][vc_row css=\u00bb.vc_custom_1685385930338{background-color: rgba(27,135,143,0.4) !important;*background-color:<\/p>\n","protected":false},"author":74,"featured_media":0,"parent":0,"menu_order":0,"comment_status":"closed","ping_status":"closed","template":"","meta":{"_acf_changed":false,"footnotes":""},"folder":[],"class_list":["post-8013","page","type-page","status-publish","hentry"],"acf":[],"yoast_head":"<!-- This site is optimized with the Yoast SEO plugin v27.2 - https:\/\/yoast.com\/product\/yoast-seo-wordpress\/ -->\n<title>Educaci\u00f3n Superior - #SomosFeyAlegria en Bolivia<\/title>\n<meta name=\"robots\" content=\"index, follow, max-snippet:-1, max-image-preview:large, max-video-preview:-1\" \/>\n<link rel=\"canonical\" href=\"https:\/\/www.feyalegria.org\/bolivia\/educacion-desescolarizada\/\" \/>\n<meta property=\"og:locale\" content=\"es_ES\" \/>\n<meta property=\"og:type\" content=\"article\" \/>\n<meta property=\"og:title\" content=\"Educaci\u00f3n Superior - #SomosFeyAlegria en Bolivia\" \/>\n<meta property=\"og:description\" content=\"[vc_row][vc_column width=\u00bb5\/6&#8243;][\/vc_column][vc_column width=\u00bb1\/6&#8243;][\/vc_column][\/vc_row][vc_row][vc_column][vc_empty_space height=\u00bb10px\u00bb][vc_empty_space height=\u00bb10px\u00bb][vc_column_text css=\u00bb\u00bb] Promueve la formaci\u00f3n actualizada docente-estudiantil, la producci\u00f3n de materiales y herramientas educativas, los procesos formativos en competencias blandas, transversales, de acceso al trabajo, econom\u00edas alternativas para el fortalecimiento de la pr\u00e1ctica e inserci\u00f3n laboral y el autoempleo\/emprendimiento [\/vc_column_text][\/vc_column][\/vc_row][vc_row content_placement=\u00bbmiddle\u00bb enable_top_separator=\u00bbtrue\u00bb top_separator_style=\u00bbcircle-center\u00bb enable_bottom_separator=\u00bbtrue\u00bb bottom_separator_style=\u00bbcircle-center\u00bb][vc_column alignment=\u00bbcenter\u00bb][vc_empty_space height=\u00bb10px\u00bb][\/vc_column][\/vc_row][vc_row][vc_column][vc_empty_space height=\u00bb10px\u00bb][\/vc_column][\/vc_row][vc_row css=\u00bb.vc_custom_1685385930338{background-color: rgba(27,135,143,0.4) !important;*background-color:\" \/>\n<meta property=\"og:url\" content=\"https:\/\/www.feyalegria.org\/bolivia\/educacion-desescolarizada\/\" \/>\n<meta property=\"og:site_name\" content=\"#SomosFeyAlegria en Bolivia\" \/>\n<meta property=\"article:modified_time\" content=\"2025-07-04T16:28:28+00:00\" \/>\n<meta name=\"twitter:card\" content=\"summary_large_image\" \/>\n<meta name=\"twitter:label1\" content=\"Tiempo de lectura\" \/>\n\t<meta name=\"twitter:data1\" content=\"4 minutos\" \/>\n<script type=\"application\/ld+json\" class=\"yoast-schema-graph\">{\"@context\":\"https:\/\/schema.org\",\"@graph\":[{\"@type\":\"WebPage\",\"@id\":\"https:\/\/www.feyalegria.org\/bolivia\/educacion-desescolarizada\/\",\"url\":\"https:\/\/www.feyalegria.org\/bolivia\/educacion-desescolarizada\/\",\"name\":\"Educaci\u00f3n Superior - #SomosFeyAlegria en Bolivia\",\"isPartOf\":{\"@id\":\"https:\/\/www.feyalegria.org\/bolivia\/#website\"},\"datePublished\":\"2023-03-01T19:04:52+00:00\",\"dateModified\":\"2025-07-04T16:28:28+00:00\",\"breadcrumb\":{\"@id\":\"https:\/\/www.feyalegria.org\/bolivia\/educacion-desescolarizada\/#breadcrumb\"},\"inLanguage\":\"es\",\"potentialAction\":[{\"@type\":\"ReadAction\",\"target\":[\"https:\/\/www.feyalegria.org\/bolivia\/educacion-desescolarizada\/\"]}]},{\"@type\":\"BreadcrumbList\",\"@id\":\"https:\/\/www.feyalegria.org\/bolivia\/educacion-desescolarizada\/#breadcrumb\",\"itemListElement\":[{\"@type\":\"ListItem\",\"position\":1,\"name\":\"Home\",\"item\":\"https:\/\/www.feyalegria.org\/bolivia\/\"},{\"@type\":\"ListItem\",\"position\":2,\"name\":\"Educaci\u00f3n Superior\"}]},{\"@type\":\"WebSite\",\"@id\":\"https:\/\/www.feyalegria.org\/bolivia\/#website\",\"url\":\"https:\/\/www.feyalegria.org\/bolivia\/\",\"name\":\"#SomosFeyAlegria en Bolivia\",\"description\":\"Movimiento de Educaci\u00f3n Popular y Promoci\u00f3n Social\",\"potentialAction\":[{\"@type\":\"SearchAction\",\"target\":{\"@type\":\"EntryPoint\",\"urlTemplate\":\"https:\/\/www.feyalegria.org\/bolivia\/?s={search_term_string}\"},\"query-input\":{\"@type\":\"PropertyValueSpecification\",\"valueRequired\":true,\"valueName\":\"search_term_string\"}}],\"inLanguage\":\"es\"}]}<\/script>\n<!-- \/ Yoast SEO plugin. -->","yoast_head_json":{"title":"Educaci\u00f3n Superior - #SomosFeyAlegria en Bolivia","robots":{"index":"index","follow":"follow","max-snippet":"max-snippet:-1","max-image-preview":"max-image-preview:large","max-video-preview":"max-video-preview:-1"},"canonical":"https:\/\/www.feyalegria.org\/bolivia\/educacion-desescolarizada\/","og_locale":"es_ES","og_type":"article","og_title":"Educaci\u00f3n Superior - #SomosFeyAlegria en Bolivia","og_description":"[vc_row][vc_column width=\u00bb5\/6&#8243;][\/vc_column][vc_column width=\u00bb1\/6&#8243;][\/vc_column][\/vc_row][vc_row][vc_column][vc_empty_space height=\u00bb10px\u00bb][vc_empty_space height=\u00bb10px\u00bb][vc_column_text css=\u00bb\u00bb] Promueve la formaci\u00f3n actualizada docente-estudiantil, la producci\u00f3n de materiales y herramientas educativas, los procesos formativos en competencias blandas, transversales, de acceso al trabajo, econom\u00edas alternativas para el fortalecimiento de la pr\u00e1ctica e inserci\u00f3n laboral y el autoempleo\/emprendimiento [\/vc_column_text][\/vc_column][\/vc_row][vc_row content_placement=\u00bbmiddle\u00bb enable_top_separator=\u00bbtrue\u00bb top_separator_style=\u00bbcircle-center\u00bb enable_bottom_separator=\u00bbtrue\u00bb bottom_separator_style=\u00bbcircle-center\u00bb][vc_column alignment=\u00bbcenter\u00bb][vc_empty_space height=\u00bb10px\u00bb][\/vc_column][\/vc_row][vc_row][vc_column][vc_empty_space height=\u00bb10px\u00bb][\/vc_column][\/vc_row][vc_row css=\u00bb.vc_custom_1685385930338{background-color: rgba(27,135,143,0.4) !important;*background-color:","og_url":"https:\/\/www.feyalegria.org\/bolivia\/educacion-desescolarizada\/","og_site_name":"#SomosFeyAlegria en Bolivia","article_modified_time":"2025-07-04T16:28:28+00:00","twitter_card":"summary_large_image","twitter_misc":{"Tiempo de lectura":"4 minutos"},"schema":{"@context":"https:\/\/schema.org","@graph":[{"@type":"WebPage","@id":"https:\/\/www.feyalegria.org\/bolivia\/educacion-desescolarizada\/","url":"https:\/\/www.feyalegria.org\/bolivia\/educacion-desescolarizada\/","name":"Educaci\u00f3n Superior - #SomosFeyAlegria en Bolivia","isPartOf":{"@id":"https:\/\/www.feyalegria.org\/bolivia\/#website"},"datePublished":"2023-03-01T19:04:52+00:00","dateModified":"2025-07-04T16:28:28+00:00","breadcrumb":{"@id":"https:\/\/www.feyalegria.org\/bolivia\/educacion-desescolarizada\/#breadcrumb"},"inLanguage":"es","potentialAction":[{"@type":"ReadAction","target":["https:\/\/www.feyalegria.org\/bolivia\/educacion-desescolarizada\/"]}]},{"@type":"BreadcrumbList","@id":"https:\/\/www.feyalegria.org\/bolivia\/educacion-desescolarizada\/#breadcrumb","itemListElement":[{"@type":"ListItem","position":1,"name":"Home","item":"https:\/\/www.feyalegria.org\/bolivia\/"},{"@type":"ListItem","position":2,"name":"Educaci\u00f3n Superior"}]},{"@type":"WebSite","@id":"https:\/\/www.feyalegria.org\/bolivia\/#website","url":"https:\/\/www.feyalegria.org\/bolivia\/","name":"#SomosFeyAlegria en Bolivia","description":"Movimiento de Educaci\u00f3n Popular y Promoci\u00f3n Social","potentialAction":[{"@type":"SearchAction","target":{"@type":"EntryPoint","urlTemplate":"https:\/\/www.feyalegria.org\/bolivia\/?s={search_term_string}"},"query-input":{"@type":"PropertyValueSpecification","valueRequired":true,"valueName":"search_term_string"}}],"inLanguage":"es"}]}},"_links":{"self":[{"href":"https:\/\/www.feyalegria.org\/bolivia\/wp-json\/wp\/v2\/pages\/8013","targetHints":{"allow":["GET"]}}],"collection":[{"href":"https:\/\/www.feyalegria.org\/bolivia\/wp-json\/wp\/v2\/pages"}],"about":[{"href":"https:\/\/www.feyalegria.org\/bolivia\/wp-json\/wp\/v2\/types\/page"}],"author":[{"embeddable":true,"href":"https:\/\/www.feyalegria.org\/bolivia\/wp-json\/wp\/v2\/users\/74"}],"replies":[{"embeddable":true,"href":"https:\/\/www.feyalegria.org\/bolivia\/wp-json\/wp\/v2\/comments?post=8013"}],"version-history":[{"count":3,"href":"https:\/\/www.feyalegria.org\/bolivia\/wp-json\/wp\/v2\/pages\/8013\/revisions"}],"predecessor-version":[{"id":10749,"href":"https:\/\/www.feyalegria.org\/bolivia\/wp-json\/wp\/v2\/pages\/8013\/revisions\/10749"}],"wp:attachment":[{"href":"https:\/\/www.feyalegria.org\/bolivia\/wp-json\/wp\/v2\/media?parent=8013"}],"wp:term":[{"taxonomy":"folder","embeddable":true,"href":"https:\/\/www.feyalegria.org\/bolivia\/wp-json\/wp\/v2\/folder?post=8013"}],"curies":[{"name":"wp","href":"https:\/\/api.w.org\/{rel}","templated":true}]}}