 {"id":8021,"date":"2023-03-01T14:21:04","date_gmt":"2023-03-01T19:21:04","guid":{"rendered":"https:\/\/www.feyalegria.org\/bolivia\/?page_id=8021"},"modified":"2023-06-21T10:10:26","modified_gmt":"2023-06-21T15:10:26","slug":"formacion-para-docentes","status":"publish","type":"page","link":"https:\/\/www.feyalegria.org\/bolivia\/formacion-para-docentes\/","title":{"rendered":"Formaci\u00f3n Docente"},"content":{"rendered":"<div class=\"wpb-content-wrapper\"><p>[vc_row][vc_column width=\u00bb5\/6&#8243;]<div style=\"background-color:;height: 50px\" class=\"nicdark_section  \"><\/div>[\/vc_column][vc_column width=\u00bb1\/6&#8243;]<a href=\"https:\/\/www.feyalegria.org\/bolivia\/lineas-estrategicas\/\" title=\"Fe y Alegr\u00eda Bolivia\"  data-id=\"mpc_button-2869e69261c295c\" class=\"mpc-button mpc-init mpc-transition mpc-typography--default \" ><div class=\"mpc-button__content mpc-effect-type--stay mpc-effect-side--left\"><i class=\"mpc-button__icon mpc-transition  mi mi-pin_drop\"><\/i><span class=\"mpc-button__title mpc-transition\">Volver al inicio<\/span><\/div><div class=\"mpc-button__background mpc-transition mpc-effect-type--fade mpc-effect-side--in\"><\/div><\/a>[\/vc_column][\/vc_row][vc_row][vc_column][vc_column_text]<\/p>\n<p align=\"justify\"><span style=\"font-family: 'Fira Sans';font-size: 12pt\">El lineamiento estrat\u00e9gico de Formaci\u00f3n Docente es un \u00e1rea que trabaja en todos los departamentos del pa\u00eds y con todos los educadores de las Unidades y Centros Educativos y personal de oficinas de la instituci\u00f3n, motivando en la formaci\u00f3n permanente y la capacitaci\u00f3n continua. <\/span><span style=\"font-family: 'Fira Sans';font-size: 12pt\">La formaci\u00f3n de educadores y de todo el personal de Fe y Alegr\u00eda (t\u00e9cnico, administrativo y directivo) siempre ha sido una prioridad de nuestro Movimiento a lo largo de su historia. <\/span><\/p>\n<p align=\"justify\"><span style=\"font-family: 'Fira Sans';font-size: 12pt\">Esta formaci\u00f3n permanente ha tomado diversas formas mediante reuniones, talleres, encuentros, cursos y otros espacios con corto, mediano y largo alcance; trav\u00e9s de distintas modalidades, plataformas y con los mejores recursos humanos, t\u00e9cnicos y tecnol\u00f3gicos posibles.<\/span><\/p>\n<p>[\/vc_column_text][\/vc_column][\/vc_row][vc_row content_placement=\u00bbmiddle\u00bb enable_top_separator=\u00bbtrue\u00bb top_separator_style=\u00bbcircle-center\u00bb enable_bottom_separator=\u00bbtrue\u00bb bottom_separator_style=\u00bbcircle-center\u00bb][vc_column alignment=\u00bbcenter\u00bb]<div class=\"mpc-carousel__wrapper mpc-waypoint\"><div id=\"mpc_carousel_anything-269e69261c2a5e\" class=\"mpc-carousel-anything mpc-init \"  data-mpcslick='{\"infinite\":true,\"autoplay\":true,\"slidesToShow\":3,\"slidesToScroll\":1,\"centerMode\":false,\"initialSlide\":0,\"autoplaySpeed\":3000}' data-slick-cols=\"3\"><div data-id=\"mpc_ihover-769e69261c2b30\" class=\"mpc-ihover-wrapper mpc-init \"><div class=\"mpc-ihover-item ih-item circle effect1  \" data-effect=\"effect1\"><a  href=\"#\" ><div class=\"spinner\"><\/div><div class=\"img\"><div class=\"mpc-image-box\" style=\"background-image: url(https:\/\/d3pugrm67vf9n7.cloudfront.net\/wp-content\/uploads\/sites\/28\/2023\/02\/09100716\/DSC_0113-scaled.jpg);\"><\/div><\/div><div class=\"info\"><div class=\"info-wrap\"><h3 class=\"mpc-ihover-title\"><\/h3><div class=\"mpc-ihover-divider-wrap\"><div class=\"mpc-ihover-divider\"><\/div><\/div><div class=\"mpc-ihover-content\"><\/div><\/div><\/div><\/a><\/div><\/div><div data-id=\"mpc_ihover-5269e69261c305c\" class=\"mpc-ihover-wrapper mpc-init \"><div class=\"mpc-ihover-item ih-item circle effect1  \" data-effect=\"effect1\"><a  href=\"#\" ><div class=\"spinner\"><\/div><div class=\"img\"><div class=\"mpc-image-box\" style=\"background-image: url(https:\/\/d3pugrm67vf9n7.cloudfront.net\/wp-content\/uploads\/sites\/28\/2023\/02\/17145902\/Sata-Cruz-Ciudad-Padres-de-familia-scaled.jpg);\"><\/div><\/div><div class=\"info\"><div class=\"info-wrap\"><h3 class=\"mpc-ihover-title\"><\/h3><div class=\"mpc-ihover-divider-wrap\"><div class=\"mpc-ihover-divider\"><\/div><\/div><div class=\"mpc-ihover-content\"><\/div><\/div><\/div><\/a><\/div><\/div><div data-id=\"mpc_ihover-7369e69261c34c5\" class=\"mpc-ihover-wrapper mpc-init \"><div class=\"mpc-ihover-item ih-item circle effect1  \" data-effect=\"effect1\"><a  href=\"#\" ><div class=\"spinner\"><\/div><div class=\"img\"><div class=\"mpc-image-box\" style=\"background-image: url(https:\/\/d3pugrm67vf9n7.cloudfront.net\/wp-content\/uploads\/sites\/28\/2023\/02\/09101143\/IMG_9115-scaled.jpg);\"><\/div><\/div><div class=\"info\"><div class=\"info-wrap\"><h3 class=\"mpc-ihover-title\"><\/h3><div class=\"mpc-ihover-divider-wrap\"><div class=\"mpc-ihover-divider\"><\/div><\/div><div class=\"mpc-ihover-content\"><\/div><\/div><\/div><\/a><\/div><\/div><div data-id=\"mpc_ihover-2669e69261c3929\" class=\"mpc-ihover-wrapper mpc-init \"><div class=\"mpc-ihover-item ih-item circle effect1  \" data-effect=\"effect1\"><a  href=\"#\" ><div class=\"spinner\"><\/div><div class=\"img\"><div class=\"mpc-image-box\" style=\"background-image: url(https:\/\/d3pugrm67vf9n7.cloudfront.net\/wp-content\/uploads\/sites\/28\/2023\/02\/24083348\/NOTA-188-FOTO-3.jpg);\"><\/div><\/div><div class=\"info\"><div class=\"info-wrap\"><h3 class=\"mpc-ihover-title\"><\/h3><div class=\"mpc-ihover-divider-wrap\"><div class=\"mpc-ihover-divider\"><\/div><\/div><div class=\"mpc-ihover-content\"><\/div><\/div><\/div><\/a><\/div><\/div><\/div><div class=\"mpc-navigation mpc-init mpc-align--left mpc-navigation--style_1  mpc-nav-preset--\" data-mpcslider=\"mpc_carousel_anything-269e69261c2a5e\"><div class=\"mpc-nav__arrow mpcslick-prev\"><div class=\"mpc-nav__icon mpc-transition\"><i class=\"\"><div class=\"mpc-nav__background mpc-transition mpc-effect-type--fade mpc-effect-side--in\"><\/div><\/i><\/div><\/div><div class=\"mpc-nav__arrow mpcslick-next\"><div class=\"mpc-nav__icon mpc-transition\"><i class=\"\"><div class=\"mpc-nav__background mpc-transition mpc-effect-type--fade mpc-effect-side--in\"><\/div><\/i><\/div><\/div><\/div><\/div>[vc_empty_space height=\u00bb10px\u00bb][\/vc_column][\/vc_row][vc_row][vc_column][vc_empty_space height=\u00bb10px\u00bb][\/vc_column][\/vc_row][vc_row css=\u00bb.vc_custom_1685636063684{background-color: rgba(215,172,20,0.6) !important;*background-color: rgb(215,172,20) !important;}\u00bb][vc_column][vc_column_text]<\/p>\n<h3 style=\"text-align: center\"><span style=\"color: #ffffff\">Prop\u00f3sito educativo<\/span><\/h3>\n<p>[\/vc_column_text][vc_column_text]<\/p>\n<p align=\"justify\"><span style=\"font-family: 'Fira Sans';font-size: 12pt;color: #ffffff\">El \u00e1rea trabaja con el objetivo de desarrollar propuestas de formaci\u00f3n permanente de docentes en innovaci\u00f3n y mejora de la calidad educativa con enfoques pedag\u00f3gicos renovados, intra e interculturalidad, biling\u00fcismo, g\u00e9nero y cuidado del medio ambiente; en modalidades virtual y presencial, de corta y mediana duraci\u00f3n.<\/span><\/p>\n<p align=\"justify\"><span style=\"font-family: 'Fira Sans';font-size: 12pt;color: #ffffff\">La acciones se asumen como transversales a las otras l\u00edneas estrat\u00e9gicas de la instituci\u00f3n porque fomentan transformaciones personales y colectivas favorables al ejercicio de derechos, la convivencia escolar y social arm\u00f3nica, y la innovaci\u00f3n educativa. En ese sentido, se da prioridad al fortalecimiento de centros de Educaci\u00f3n Inicial y Secundaria, Educaci\u00f3n Especial e Inclusiva de Personas con Discapacidad, Educaci\u00f3n T\u00e9cnica Alternativa y Casas del Saber, porque su labor est\u00e1 vinculada a los principales desaf\u00edos socioeducativos del pa\u00eds, involucrando a los docentes en los procesos de acompa\u00f1amiento e implementaci\u00f3n de innovaciones educativas.<\/span><\/p>\n<p>[\/vc_column_text][vc_single_image image=\u00bb6377&#8243; img_size=\u00bbmedium\u00bb alignment=\u00bbcenter\u00bb style=\u00bbvc_box_rounded\u00bb][\/vc_column][\/vc_row][vc_row][vc_column][vc_empty_space height=\u00bb20px\u00bb][vc_separator][\/vc_column][\/vc_row][vc_row][vc_column][vc_column_text]<\/p>\n<h3 style=\"text-align: center\">Aportes del \u00e1rea a la educaci\u00f3n del pa\u00eds<\/h3>\n<p>[\/vc_column_text][vc_column_text]<\/p>\n<p align=\"justify\"><span style=\"font-family: 'Fira Sans';font-size: 16px\">Entendemos que toda propuesta formativa debe pretender, en primer lugar, construir la identidad de educador. La mayor\u00eda de los docentes ejercen su profesi\u00f3n como educadores de clases y programas sin haber tenido la oportunidad de asomarse a lo que significa educar. La necesidad de trabajar con ellos la construcci\u00f3n de su identidad como personas y como educadores se apoya en la calidad de la capacidad de ense\u00f1anza que pueden llegar a adquirir fortaleciendo su autopercepci\u00f3n y prop\u00f3sitos de vida.<\/span><\/p>\n<p align=\"justify\"><span style=\"font-family: 'Fira Sans';font-size: 12pt\">El \u00e1rea tambi\u00e9n procura apoyar a los profesores a que tomen conciencia de la trascendencia de su misi\u00f3n, que no se perciba como un educador de contenidos y rutinas, sino como uno que ilumine caminos, forje voluntades y se entregue por su profesi\u00f3n.<\/span><\/p>\n<p>[\/vc_column_text][\/vc_column][\/vc_row]<\/p>\n<\/div>","protected":false},"excerpt":{"rendered":"<p>[vc_row][vc_column width=\u00bb5\/6&#8243;][\/vc_column][vc_column width=\u00bb1\/6&#8243;][\/vc_column][\/vc_row][vc_row][vc_column][vc_column_text] El lineamiento estrat\u00e9gico de Formaci\u00f3n Docente es un \u00e1rea que trabaja en todos los departamentos del pa\u00eds y con todos los educadores de las Unidades y Centros Educativos y personal de oficinas de la instituci\u00f3n, motivando en la formaci\u00f3n permanente y la capacitaci\u00f3n continua. La formaci\u00f3n de educadores y de todo el<\/p>\n","protected":false},"author":74,"featured_media":0,"parent":0,"menu_order":0,"comment_status":"closed","ping_status":"closed","template":"","meta":{"_acf_changed":false,"footnotes":""},"folder":[],"class_list":["post-8021","page","type-page","status-publish","hentry"],"acf":[],"yoast_head":"<!-- This site is optimized with the Yoast SEO plugin v27.2 - https:\/\/yoast.com\/product\/yoast-seo-wordpress\/ -->\n<title>Formaci\u00f3n Docente - #SomosFeyAlegria en Bolivia<\/title>\n<meta name=\"robots\" content=\"index, follow, max-snippet:-1, max-image-preview:large, max-video-preview:-1\" \/>\n<link rel=\"canonical\" href=\"https:\/\/www.feyalegria.org\/bolivia\/formacion-para-docentes\/\" \/>\n<meta property=\"og:locale\" content=\"es_ES\" \/>\n<meta property=\"og:type\" content=\"article\" \/>\n<meta property=\"og:title\" content=\"Formaci\u00f3n Docente - #SomosFeyAlegria en Bolivia\" \/>\n<meta property=\"og:description\" content=\"[vc_row][vc_column width=\u00bb5\/6&#8243;][\/vc_column][vc_column width=\u00bb1\/6&#8243;][\/vc_column][\/vc_row][vc_row][vc_column][vc_column_text] El lineamiento estrat\u00e9gico de Formaci\u00f3n Docente es un \u00e1rea que trabaja en todos los departamentos del pa\u00eds y con todos los educadores de las Unidades y Centros Educativos y personal de oficinas de la instituci\u00f3n, motivando en la formaci\u00f3n permanente y la capacitaci\u00f3n continua. La formaci\u00f3n de educadores y de todo el\" \/>\n<meta property=\"og:url\" content=\"https:\/\/www.feyalegria.org\/bolivia\/formacion-para-docentes\/\" \/>\n<meta property=\"og:site_name\" content=\"#SomosFeyAlegria en Bolivia\" \/>\n<meta property=\"article:modified_time\" content=\"2023-06-21T15:10:26+00:00\" \/>\n<meta name=\"twitter:card\" content=\"summary_large_image\" \/>\n<meta name=\"twitter:label1\" content=\"Tiempo de lectura\" \/>\n\t<meta name=\"twitter:data1\" content=\"4 minutos\" \/>\n<script type=\"application\/ld+json\" class=\"yoast-schema-graph\">{\"@context\":\"https:\/\/schema.org\",\"@graph\":[{\"@type\":\"WebPage\",\"@id\":\"https:\/\/www.feyalegria.org\/bolivia\/formacion-para-docentes\/\",\"url\":\"https:\/\/www.feyalegria.org\/bolivia\/formacion-para-docentes\/\",\"name\":\"Formaci\u00f3n Docente - #SomosFeyAlegria en Bolivia\",\"isPartOf\":{\"@id\":\"https:\/\/www.feyalegria.org\/bolivia\/#website\"},\"datePublished\":\"2023-03-01T19:21:04+00:00\",\"dateModified\":\"2023-06-21T15:10:26+00:00\",\"breadcrumb\":{\"@id\":\"https:\/\/www.feyalegria.org\/bolivia\/formacion-para-docentes\/#breadcrumb\"},\"inLanguage\":\"es\",\"potentialAction\":[{\"@type\":\"ReadAction\",\"target\":[\"https:\/\/www.feyalegria.org\/bolivia\/formacion-para-docentes\/\"]}]},{\"@type\":\"BreadcrumbList\",\"@id\":\"https:\/\/www.feyalegria.org\/bolivia\/formacion-para-docentes\/#breadcrumb\",\"itemListElement\":[{\"@type\":\"ListItem\",\"position\":1,\"name\":\"Home\",\"item\":\"https:\/\/www.feyalegria.org\/bolivia\/\"},{\"@type\":\"ListItem\",\"position\":2,\"name\":\"Formaci\u00f3n Docente\"}]},{\"@type\":\"WebSite\",\"@id\":\"https:\/\/www.feyalegria.org\/bolivia\/#website\",\"url\":\"https:\/\/www.feyalegria.org\/bolivia\/\",\"name\":\"#SomosFeyAlegria en Bolivia\",\"description\":\"Movimiento de Educaci\u00f3n Popular y Promoci\u00f3n Social\",\"potentialAction\":[{\"@type\":\"SearchAction\",\"target\":{\"@type\":\"EntryPoint\",\"urlTemplate\":\"https:\/\/www.feyalegria.org\/bolivia\/?s={search_term_string}\"},\"query-input\":{\"@type\":\"PropertyValueSpecification\",\"valueRequired\":true,\"valueName\":\"search_term_string\"}}],\"inLanguage\":\"es\"}]}<\/script>\n<!-- \/ Yoast SEO plugin. -->","yoast_head_json":{"title":"Formaci\u00f3n Docente - #SomosFeyAlegria en Bolivia","robots":{"index":"index","follow":"follow","max-snippet":"max-snippet:-1","max-image-preview":"max-image-preview:large","max-video-preview":"max-video-preview:-1"},"canonical":"https:\/\/www.feyalegria.org\/bolivia\/formacion-para-docentes\/","og_locale":"es_ES","og_type":"article","og_title":"Formaci\u00f3n Docente - #SomosFeyAlegria en Bolivia","og_description":"[vc_row][vc_column width=\u00bb5\/6&#8243;][\/vc_column][vc_column width=\u00bb1\/6&#8243;][\/vc_column][\/vc_row][vc_row][vc_column][vc_column_text] El lineamiento estrat\u00e9gico de Formaci\u00f3n Docente es un \u00e1rea que trabaja en todos los departamentos del pa\u00eds y con todos los educadores de las Unidades y Centros Educativos y personal de oficinas de la instituci\u00f3n, motivando en la formaci\u00f3n permanente y la capacitaci\u00f3n continua. La formaci\u00f3n de educadores y de todo el","og_url":"https:\/\/www.feyalegria.org\/bolivia\/formacion-para-docentes\/","og_site_name":"#SomosFeyAlegria en Bolivia","article_modified_time":"2023-06-21T15:10:26+00:00","twitter_card":"summary_large_image","twitter_misc":{"Tiempo de lectura":"4 minutos"},"schema":{"@context":"https:\/\/schema.org","@graph":[{"@type":"WebPage","@id":"https:\/\/www.feyalegria.org\/bolivia\/formacion-para-docentes\/","url":"https:\/\/www.feyalegria.org\/bolivia\/formacion-para-docentes\/","name":"Formaci\u00f3n Docente - #SomosFeyAlegria en Bolivia","isPartOf":{"@id":"https:\/\/www.feyalegria.org\/bolivia\/#website"},"datePublished":"2023-03-01T19:21:04+00:00","dateModified":"2023-06-21T15:10:26+00:00","breadcrumb":{"@id":"https:\/\/www.feyalegria.org\/bolivia\/formacion-para-docentes\/#breadcrumb"},"inLanguage":"es","potentialAction":[{"@type":"ReadAction","target":["https:\/\/www.feyalegria.org\/bolivia\/formacion-para-docentes\/"]}]},{"@type":"BreadcrumbList","@id":"https:\/\/www.feyalegria.org\/bolivia\/formacion-para-docentes\/#breadcrumb","itemListElement":[{"@type":"ListItem","position":1,"name":"Home","item":"https:\/\/www.feyalegria.org\/bolivia\/"},{"@type":"ListItem","position":2,"name":"Formaci\u00f3n Docente"}]},{"@type":"WebSite","@id":"https:\/\/www.feyalegria.org\/bolivia\/#website","url":"https:\/\/www.feyalegria.org\/bolivia\/","name":"#SomosFeyAlegria en Bolivia","description":"Movimiento de Educaci\u00f3n Popular y Promoci\u00f3n Social","potentialAction":[{"@type":"SearchAction","target":{"@type":"EntryPoint","urlTemplate":"https:\/\/www.feyalegria.org\/bolivia\/?s={search_term_string}"},"query-input":{"@type":"PropertyValueSpecification","valueRequired":true,"valueName":"search_term_string"}}],"inLanguage":"es"}]}},"_links":{"self":[{"href":"https:\/\/www.feyalegria.org\/bolivia\/wp-json\/wp\/v2\/pages\/8021","targetHints":{"allow":["GET"]}}],"collection":[{"href":"https:\/\/www.feyalegria.org\/bolivia\/wp-json\/wp\/v2\/pages"}],"about":[{"href":"https:\/\/www.feyalegria.org\/bolivia\/wp-json\/wp\/v2\/types\/page"}],"author":[{"embeddable":true,"href":"https:\/\/www.feyalegria.org\/bolivia\/wp-json\/wp\/v2\/users\/74"}],"replies":[{"embeddable":true,"href":"https:\/\/www.feyalegria.org\/bolivia\/wp-json\/wp\/v2\/comments?post=8021"}],"version-history":[{"count":0,"href":"https:\/\/www.feyalegria.org\/bolivia\/wp-json\/wp\/v2\/pages\/8021\/revisions"}],"wp:attachment":[{"href":"https:\/\/www.feyalegria.org\/bolivia\/wp-json\/wp\/v2\/media?parent=8021"}],"wp:term":[{"taxonomy":"folder","embeddable":true,"href":"https:\/\/www.feyalegria.org\/bolivia\/wp-json\/wp\/v2\/folder?post=8021"}],"curies":[{"name":"wp","href":"https:\/\/api.w.org\/{rel}","templated":true}]}}