 {"id":8136,"date":"2023-03-06T13:28:02","date_gmt":"2023-03-06T18:28:02","guid":{"rendered":"https:\/\/www.feyalegria.org\/bolivia\/?page_id=8136"},"modified":"2024-08-19T08:53:08","modified_gmt":"2024-08-19T13:53:08","slug":"convocatorias","status":"publish","type":"page","link":"https:\/\/www.feyalegria.org\/bolivia\/convocatorias\/","title":{"rendered":"Convocatorias"},"content":{"rendered":"<div class=\"wpb-content-wrapper\"><p>[vc_row][vc_column][vc_column_text]<\/p>\n<p align=\"justify\"><span style=\"font-family: 'Fira Sans'; font-size: 16px;\">En esta secci\u00f3n compartimos ofertas de actividades que Fe y Alegr\u00eda lleva a cabo a nivel nacional. Este espacio se actualiza constantemente con consultor\u00edas, cursos, pasant\u00edas y otras convocatorias que impulsan el desarrollo profesional y personal de nuestra comunidad.<\/span><\/p>\n<p align=\"justify\"><span style=\"font-family: 'Fira Sans'; font-size: 16px;\">Para obtener m\u00e1s informaci\u00f3n sobre alguna convocatoria vigente de su inter\u00e9s haga click en la imagen donde encontrar\u00e1 los T\u00e9rminos de Referencia.<\/span>[\/vc_column_text][vc_separator color=\u00bbcustom\u00bb accent_color=\u00bb#aa0f16&#8243;][vc_empty_space][\/vc_column][\/vc_row][vc_row][vc_column][vc_tta_tabs][vc_tta_section title=\u00bb2024&#8243; tab_id=\u00bb1709233831525-ab6b2f1b-44ea\u00bb][vc_empty_space height=\u00bb15px\u00bb][vc_column_text]<\/p>\n<h2>Febrero<\/h2>\n<p>[\/vc_column_text][vc_single_image image=\u00bb9917&#8243; img_size=\u00bbmedium\u00bb alignment=\u00bbcenter\u00bb css=\u00bb\u00bb][vc_empty_space height=\u00bb15px\u00bb][vc_column_text]<\/p>\n<h2>Abril<\/h2>\n<p>[\/vc_column_text][vc_single_image image=\u00bb9929&#8243; img_size=\u00bbmedium\u00bb alignment=\u00bbcenter\u00bb css=\u00bb\u00bb][vc_empty_space height=\u00bb15px\u00bb][vc_column_text css=\u00bb\u00bb]<\/p>\n<h2>Junio<\/h2>\n<p>[\/vc_column_text][vc_single_image image=\u00bb10100&#8243; img_size=\u00bbmedium\u00bb alignment=\u00bbcenter\u00bb css=\u00bb\u00bb][vc_single_image image=\u00bb10151&#8243; img_size=\u00bbmedium\u00bb alignment=\u00bbcenter\u00bb css=\u00bb\u00bb][vc_empty_space height=\u00bb15px\u00bb][vc_column_text css=\u00bb\u00bb]<\/p>\n<h2>Agosto<\/h2>\n<p>[\/vc_column_text][vc_single_image image=\u00bb10319&#8243; img_size=\u00bblarge\u00bb alignment=\u00bbcenter\u00bb onclick=\u00bbcustom_link\u00bb img_link_target=\u00bb_blank\u00bb css=\u00bb\u00bb link=\u00bbhttps:\/\/drive.google.com\/file\/d\/14BurmMewIEyiMJdQ8LFbD9GRfMJRROUd\/view?usp=drive_link\u00bb][\/vc_tta_section][vc_tta_section title=\u00bb2023&#8243; tab_id=\u00bb1709233831515-3b247e3e-765e\u00bb][vc_empty_space height=\u00bb15px\u00bb][vc_column_text]<\/p>\n<h2>Julio<\/h2>\n<p>[\/vc_column_text][vc_single_image image=\u00bb9221&#8243; img_size=\u00bbmedium\u00bb alignment=\u00bbcenter\u00bb style=\u00bbvc_box_rounded\u00bb][vc_column_text]<\/p>\n<h2>Junio<\/h2>\n<p>[\/vc_column_text][vc_single_image image=\u00bb9222&#8243; img_size=\u00bbmedium\u00bb alignment=\u00bbcenter\u00bb style=\u00bbvc_box_rounded\u00bb][vc_single_image image=\u00bb9237&#8243; img_size=\u00bbmedium\u00bb alignment=\u00bbcenter\u00bb style=\u00bbvc_box_rounded\u00bb][vc_empty_space height=\u00bb15px\u00bb][\/vc_tta_section][\/vc_tta_tabs][\/vc_column][\/vc_row]<\/p>\n<\/div>","protected":false},"excerpt":{"rendered":"<p>[vc_row][vc_column][vc_column_text] En esta secci\u00f3n compartimos ofertas de actividades que Fe y Alegr\u00eda lleva a cabo a nivel nacional. Este espacio se actualiza constantemente con consultor\u00edas, cursos, pasant\u00edas y otras convocatorias que impulsan el desarrollo profesional y personal de nuestra comunidad. Para obtener m\u00e1s informaci\u00f3n sobre alguna convocatoria vigente de su inter\u00e9s haga click en la<\/p>\n","protected":false},"author":74,"featured_media":0,"parent":0,"menu_order":0,"comment_status":"closed","ping_status":"closed","template":"","meta":{"_acf_changed":false,"footnotes":""},"folder":[],"class_list":["post-8136","page","type-page","status-publish","hentry"],"acf":[],"yoast_head":"<!-- This site is optimized with the Yoast SEO plugin v27.2 - https:\/\/yoast.com\/product\/yoast-seo-wordpress\/ -->\n<title>Convocatorias - #SomosFeyAlegria en Bolivia<\/title>\n<meta name=\"robots\" content=\"index, follow, max-snippet:-1, max-image-preview:large, max-video-preview:-1\" \/>\n<link rel=\"canonical\" href=\"https:\/\/www.feyalegria.org\/bolivia\/convocatorias\/\" \/>\n<meta property=\"og:locale\" content=\"es_ES\" \/>\n<meta property=\"og:type\" content=\"article\" \/>\n<meta property=\"og:title\" content=\"Convocatorias - #SomosFeyAlegria en Bolivia\" \/>\n<meta property=\"og:description\" content=\"[vc_row][vc_column][vc_column_text] En esta secci\u00f3n compartimos ofertas de actividades que Fe y Alegr\u00eda lleva a cabo a nivel nacional. Este espacio se actualiza constantemente con consultor\u00edas, cursos, pasant\u00edas y otras convocatorias que impulsan el desarrollo profesional y personal de nuestra comunidad. Para obtener m\u00e1s informaci\u00f3n sobre alguna convocatoria vigente de su inter\u00e9s haga click en la\" \/>\n<meta property=\"og:url\" content=\"https:\/\/www.feyalegria.org\/bolivia\/convocatorias\/\" \/>\n<meta property=\"og:site_name\" content=\"#SomosFeyAlegria en Bolivia\" \/>\n<meta property=\"article:modified_time\" content=\"2024-08-19T13:53:08+00:00\" \/>\n<meta name=\"twitter:card\" content=\"summary_large_image\" \/>\n<meta name=\"twitter:label1\" content=\"Tiempo de lectura\" \/>\n\t<meta name=\"twitter:data1\" content=\"1 minuto\" \/>\n<script type=\"application\/ld+json\" class=\"yoast-schema-graph\">{\"@context\":\"https:\/\/schema.org\",\"@graph\":[{\"@type\":\"WebPage\",\"@id\":\"https:\/\/www.feyalegria.org\/bolivia\/convocatorias\/\",\"url\":\"https:\/\/www.feyalegria.org\/bolivia\/convocatorias\/\",\"name\":\"Convocatorias - #SomosFeyAlegria en Bolivia\",\"isPartOf\":{\"@id\":\"https:\/\/www.feyalegria.org\/bolivia\/#website\"},\"datePublished\":\"2023-03-06T18:28:02+00:00\",\"dateModified\":\"2024-08-19T13:53:08+00:00\",\"breadcrumb\":{\"@id\":\"https:\/\/www.feyalegria.org\/bolivia\/convocatorias\/#breadcrumb\"},\"inLanguage\":\"es\",\"potentialAction\":[{\"@type\":\"ReadAction\",\"target\":[\"https:\/\/www.feyalegria.org\/bolivia\/convocatorias\/\"]}]},{\"@type\":\"BreadcrumbList\",\"@id\":\"https:\/\/www.feyalegria.org\/bolivia\/convocatorias\/#breadcrumb\",\"itemListElement\":[{\"@type\":\"ListItem\",\"position\":1,\"name\":\"Home\",\"item\":\"https:\/\/www.feyalegria.org\/bolivia\/\"},{\"@type\":\"ListItem\",\"position\":2,\"name\":\"Convocatorias\"}]},{\"@type\":\"WebSite\",\"@id\":\"https:\/\/www.feyalegria.org\/bolivia\/#website\",\"url\":\"https:\/\/www.feyalegria.org\/bolivia\/\",\"name\":\"#SomosFeyAlegria en Bolivia\",\"description\":\"Movimiento de Educaci\u00f3n Popular y Promoci\u00f3n Social\",\"potentialAction\":[{\"@type\":\"SearchAction\",\"target\":{\"@type\":\"EntryPoint\",\"urlTemplate\":\"https:\/\/www.feyalegria.org\/bolivia\/?s={search_term_string}\"},\"query-input\":{\"@type\":\"PropertyValueSpecification\",\"valueRequired\":true,\"valueName\":\"search_term_string\"}}],\"inLanguage\":\"es\"}]}<\/script>\n<!-- \/ Yoast SEO plugin. -->","yoast_head_json":{"title":"Convocatorias - #SomosFeyAlegria en Bolivia","robots":{"index":"index","follow":"follow","max-snippet":"max-snippet:-1","max-image-preview":"max-image-preview:large","max-video-preview":"max-video-preview:-1"},"canonical":"https:\/\/www.feyalegria.org\/bolivia\/convocatorias\/","og_locale":"es_ES","og_type":"article","og_title":"Convocatorias - #SomosFeyAlegria en Bolivia","og_description":"[vc_row][vc_column][vc_column_text] En esta secci\u00f3n compartimos ofertas de actividades que Fe y Alegr\u00eda lleva a cabo a nivel nacional. Este espacio se actualiza constantemente con consultor\u00edas, cursos, pasant\u00edas y otras convocatorias que impulsan el desarrollo profesional y personal de nuestra comunidad. Para obtener m\u00e1s informaci\u00f3n sobre alguna convocatoria vigente de su inter\u00e9s haga click en la","og_url":"https:\/\/www.feyalegria.org\/bolivia\/convocatorias\/","og_site_name":"#SomosFeyAlegria en Bolivia","article_modified_time":"2024-08-19T13:53:08+00:00","twitter_card":"summary_large_image","twitter_misc":{"Tiempo de lectura":"1 minuto"},"schema":{"@context":"https:\/\/schema.org","@graph":[{"@type":"WebPage","@id":"https:\/\/www.feyalegria.org\/bolivia\/convocatorias\/","url":"https:\/\/www.feyalegria.org\/bolivia\/convocatorias\/","name":"Convocatorias - #SomosFeyAlegria en Bolivia","isPartOf":{"@id":"https:\/\/www.feyalegria.org\/bolivia\/#website"},"datePublished":"2023-03-06T18:28:02+00:00","dateModified":"2024-08-19T13:53:08+00:00","breadcrumb":{"@id":"https:\/\/www.feyalegria.org\/bolivia\/convocatorias\/#breadcrumb"},"inLanguage":"es","potentialAction":[{"@type":"ReadAction","target":["https:\/\/www.feyalegria.org\/bolivia\/convocatorias\/"]}]},{"@type":"BreadcrumbList","@id":"https:\/\/www.feyalegria.org\/bolivia\/convocatorias\/#breadcrumb","itemListElement":[{"@type":"ListItem","position":1,"name":"Home","item":"https:\/\/www.feyalegria.org\/bolivia\/"},{"@type":"ListItem","position":2,"name":"Convocatorias"}]},{"@type":"WebSite","@id":"https:\/\/www.feyalegria.org\/bolivia\/#website","url":"https:\/\/www.feyalegria.org\/bolivia\/","name":"#SomosFeyAlegria en Bolivia","description":"Movimiento de Educaci\u00f3n Popular y Promoci\u00f3n Social","potentialAction":[{"@type":"SearchAction","target":{"@type":"EntryPoint","urlTemplate":"https:\/\/www.feyalegria.org\/bolivia\/?s={search_term_string}"},"query-input":{"@type":"PropertyValueSpecification","valueRequired":true,"valueName":"search_term_string"}}],"inLanguage":"es"}]}},"_links":{"self":[{"href":"https:\/\/www.feyalegria.org\/bolivia\/wp-json\/wp\/v2\/pages\/8136","targetHints":{"allow":["GET"]}}],"collection":[{"href":"https:\/\/www.feyalegria.org\/bolivia\/wp-json\/wp\/v2\/pages"}],"about":[{"href":"https:\/\/www.feyalegria.org\/bolivia\/wp-json\/wp\/v2\/types\/page"}],"author":[{"embeddable":true,"href":"https:\/\/www.feyalegria.org\/bolivia\/wp-json\/wp\/v2\/users\/74"}],"replies":[{"embeddable":true,"href":"https:\/\/www.feyalegria.org\/bolivia\/wp-json\/wp\/v2\/comments?post=8136"}],"version-history":[{"count":0,"href":"https:\/\/www.feyalegria.org\/bolivia\/wp-json\/wp\/v2\/pages\/8136\/revisions"}],"wp:attachment":[{"href":"https:\/\/www.feyalegria.org\/bolivia\/wp-json\/wp\/v2\/media?parent=8136"}],"wp:term":[{"taxonomy":"folder","embeddable":true,"href":"https:\/\/www.feyalegria.org\/bolivia\/wp-json\/wp\/v2\/folder?post=8136"}],"curies":[{"name":"wp","href":"https:\/\/api.w.org\/{rel}","templated":true}]}}