 {"id":8138,"date":"2023-03-06T13:28:35","date_gmt":"2023-03-06T18:28:35","guid":{"rendered":"https:\/\/www.feyalegria.org\/bolivia\/?page_id=8138"},"modified":"2026-04-08T08:57:31","modified_gmt":"2026-04-08T13:57:31","slug":"rifa-solidaria","status":"publish","type":"page","link":"https:\/\/www.feyalegria.org\/bolivia\/rifa-solidaria\/","title":{"rendered":"Rifa Solidaria"},"content":{"rendered":"<div class=\"wpb-content-wrapper\"><p>[vc_row full_width=\u00bbstretch_row\u00bb content_placement=\u00bbtop\u00bb enable_first_overlay=\u00bbtrue\u00bb first_overlay_opacity=\u00bb85&#8243; enable_second_overlay=\u00bbtrue\u00bb second_overlay_opacity=\u00bb15&#8243; second_background_type=\u00bbimage\u00bb second_background_image=\u00bb4474&#8243; second_background_image_size=\u00bbfull\u00bb second_background_size=\u00bbcover\u00bb][vc_column][vc_single_image image=\u00bb11303&#8243; img_size=\u00bbfull\u00bb alignment=\u00bbcenter\u00bb css=\u00bb.vc_custom_1775656637342{margin-top: 0px !important;margin-right: 0px !important;border-top-width: 0px !important;border-right-width: 0px !important;padding-top: 0px !important;padding-right: 0px !important;}\u00bb][\/vc_column][\/vc_row][vc_row full_width=\u00bbstretch_row\u00bb content_placement=\u00bbtop\u00bb enable_first_overlay=\u00bbtrue\u00bb first_overlay_opacity=\u00bb85&#8243; enable_second_overlay=\u00bbtrue\u00bb second_overlay_opacity=\u00bb15&#8243; second_background_type=\u00bbimage\u00bb second_background_image=\u00bb4474&#8243; second_background_image_size=\u00bbfull\u00bb second_background_size=\u00bbcover\u00bb][vc_column][vc_empty_space]<div class=\"mpc-carousel__wrapper mpc-waypoint\"><div id=\"mpc_carousel_anything-8869e68e3e056ce\" class=\"mpc-carousel-anything mpc-init \"  data-mpcslick='{\"infinite\":true,\"autoplay\":true,\"slidesToShow\":3,\"slidesToScroll\":3,\"centerMode\":false,\"initialSlide\":0,\"autoplaySpeed\":5000}' data-slick-cols=\"3\">[vc_single_image image=\u00bb10764&#8243; css=\u00bb\u00bb][vc_single_image image=\u00bb10765&#8243; css=\u00bb\u00bb][vc_single_image image=\u00bb10766&#8243; css=\u00bb\u00bb][vc_single_image image=\u00bb10767&#8243; css=\u00bb\u00bb][vc_single_image image=\u00bb10768&#8243; css=\u00bb\u00bb][vc_single_image image=\u00bb10769&#8243; css=\u00bb\u00bb][vc_single_image image=\u00bb10770&#8243; css=\u00bb\u00bb][vc_single_image image=\u00bb10771&#8243; css=\u00bb\u00bb][vc_single_image image=\u00bb10772&#8243; css=\u00bb\u00bb][vc_single_image image=\u00bb10773&#8243; css=\u00bb\u00bb]<\/div><div class=\"mpc-navigation mpc-init mpc-align--left mpc-navigation--style_1  mpc-nav-preset--\" data-mpcslider=\"mpc_carousel_anything-8869e68e3e056ce\"><div class=\"mpc-nav__arrow mpcslick-prev\"><div class=\"mpc-nav__icon mpc-transition\"><i class=\"\"><div class=\"mpc-nav__background mpc-transition mpc-effect-type--fade mpc-effect-side--in\"><\/div><\/i><\/div><\/div><div class=\"mpc-nav__arrow mpcslick-next\"><div class=\"mpc-nav__icon mpc-transition\"><i class=\"\"><div class=\"mpc-nav__background mpc-transition mpc-effect-type--fade mpc-effect-side--in\"><\/div><\/i><\/div><\/div><\/div><\/div>[\/vc_column][\/vc_row][vc_row full_width=\u00bbstretch_row\u00bb content_placement=\u00bbtop\u00bb enable_first_overlay=\u00bbtrue\u00bb first_overlay_opacity=\u00bb85&#8243; enable_second_overlay=\u00bbtrue\u00bb second_overlay_opacity=\u00bb15&#8243; second_background_type=\u00bbimage\u00bb second_background_image=\u00bb4474&#8243; second_background_image_size=\u00bbfull\u00bb second_background_size=\u00bbcover\u00bb][vc_column][vc_separator color=\u00bbcustom\u00bb border_width=\u00bb2&#8243; css=\u00bb\u00bb accent_color=\u00bb#aa0f16&#8243;][vc_empty_space][\/vc_column][\/vc_row][vc_row full_width=\u00bbstretch_row\u00bb content_placement=\u00bbtop\u00bb enable_first_overlay=\u00bbtrue\u00bb first_overlay_opacity=\u00bb85&#8243; enable_second_overlay=\u00bbtrue\u00bb second_overlay_opacity=\u00bb15&#8243; second_background_type=\u00bbimage\u00bb second_background_image=\u00bb4474&#8243; second_background_image_size=\u00bbfull\u00bb second_background_size=\u00bbcover\u00bb][vc_column][vc_single_image image=\u00bb10241&#8243; img_size=\u00bbmedium\u00bb alignment=\u00bbcenter\u00bb style=\u00bbvc_box_outline_circle_2&#8243; border_color=\u00bbjuicy_pink\u00bb css=\u00bb\u00bb][vc_empty_space height=\u00bb65px\u00bb][vc_column_text css=\u00bb\u00bb]<a href=\"#_educamos\" name=\"_educamos\"><\/a><\/p>\n<h1 style=\"text-align: center;\"><span style=\"color: #aa0f16;\">POR UNA EDUCACI\u00d3N TRANSFORMADORA<\/span><\/h1>\n<h3 style=\"text-align: center;\"><span style=\"color: #000000;\">Para los y las estudiantes de Centros de Fe y Alegr\u00eda <\/span><\/h3>\n<p>[\/vc_column_text]<div data-id=\"mpc_quote-7169e68e3e0587c\" class=\"mpc-quote mpc-init mpc-transition mpc-quote--style_1 mpc-icon--left \" ><div class=\"mpc-quote__wrapper\"><div class=\"mpc-quote__icon-wrapper\"><i class=\"mpc-quote__icon mpc-transition \"><\/i><\/div><div class=\"mpc-quote__content mpc-typography--default\"><div class=\"mpc-quote__description\"><p style=\"text-align: center;\"><b><i>\u00abLa labor de Fe y Alegr\u00eda es ayudar a los m\u00e1s necesitados [&#8230;] agradezco por brindar la oportunidad de que m\u00e1s personas puedan acceder a la educaci\u00f3n en Bolivia. Por este motivo, les propongo seguir apoyando a esta buena causa que es la Rifa Solidaria\u00bb<\/i><\/b><\/p>\n<p style=\"text-align: right;\">&#8211; Maritza Chavarr\u00eda, ganadora del 1er premio departamental en Beni, 2022<\/p>\n<\/div><div class=\"mpc-quote__signature\"><span><\/span><\/div><\/div><\/div><\/div>[vc_empty_space height=\u00bb65px\u00bb][\/vc_column][\/vc_row][vc_row full_width=\u00bbstretch_row\u00bb content_placement=\u00bbmiddle\u00bb first_background_color=\u00bb#f3f3f3&#8243; css=\u00bb.vc_custom_1677201044969{background-color: #f3f3f3 !important;}\u00bb][vc_column][vc_separator color=\u00bbcustom\u00bb border_width=\u00bb2&#8243; accent_color=\u00bb#aa0f16&#8243;][\/vc_column][\/vc_row][vc_row full_width=\u00bbstretch_row\u00bb content_placement=\u00bbtop\u00bb enable_first_overlay=\u00bbtrue\u00bb first_overlay_opacity=\u00bb85&#8243; first_background_color=\u00bb#f3f3f3&#8243; enable_second_overlay=\u00bbtrue\u00bb second_overlay_opacity=\u00bb15&#8243; second_background_type=\u00bbimage\u00bb second_background_image=\u00bb4474&#8243; second_background_image_size=\u00bbfull\u00bb second_background_size=\u00bbcover\u00bb][vc_column width=\u00bb1\/6&#8243; offset=\u00bbvc_hidden-md vc_hidden-sm vc_hidden-xs\u00bb][vc_empty_space height=\u00bb65px\u00bb][vc_single_image image=\u00bb10242&#8243; alignment=\u00bbcenter\u00bb style=\u00bbvc_box_outline_circle\u00bb border_color=\u00bbjuicy_pink\u00bb css=\u00bb\u00bb][\/vc_column][vc_column width=\u00bb2\/3&#8243;][vc_empty_space height=\u00bb65px\u00bb][vc_column_text]<a href=\"#_educamos\" name=\"_educamos\"><\/a><\/p>\n<h1 style=\"text-align: center;\"><span style=\"color: #aa0f16;\">\u00bfPOR QU\u00c9 APOYAR?<\/span><\/h1>\n<p>[\/vc_column_text][vc_empty_space height=\u00bb50px\u00bb][vc_column_text]<\/p>\n<p align=\"justify\"><span style=\"font-weight: 400; font-family: 'Fira Sans'; font-size: 16px;\">Lo recaudado de la rifa apoya a cubrir los requerimientos y gastos de profesionales y operativos, servicios b\u00e1sicos, materiales, suministros y maquinaria, equipo de producci\u00f3n y equipo de computaci\u00f3n de los Centros y Unidades Educativas de Fe y Alegr\u00eda. Adem\u00e1s, apoya los servicios de formaci\u00f3n de docentes, padres y madres de familia y comunidades educativas en general.\u00a0<\/span><\/p>\n<p align=\"justify\"><span style=\"font-weight: 400; font-family: 'Fira Sans'; font-size: 16px;\">Cubriendo estos gastos se impulsa en gran manera el trabajo detr\u00e1s de cada proyecto que realiza Fe y Alegr\u00eda Bolivia para mejorar la educaci\u00f3n y la calidad de vida de nuestros estudiantes, de sus familias y su entorno.<\/span>[\/vc_column_text][\/vc_column][vc_column width=\u00bb1\/6&#8243;][vc_empty_space height=\u00bb65px\u00bb][vc_single_image image=\u00bb10240&#8243; alignment=\u00bbcenter\u00bb style=\u00bbvc_box_outline_circle\u00bb border_color=\u00bbjuicy_pink\u00bb css=\u00bb\u00bb][\/vc_column][\/vc_row][vc_row full_width=\u00bbstretch_row\u00bb content_placement=\u00bbmiddle\u00bb first_background_color=\u00bb#f3f3f3&#8243; css=\u00bb.vc_custom_1689711845020{background-color: #aa0f16 !important;}\u00bb el_id=\u00bb_oracion\u00bb][vc_column][vc_column_text]<\/p>\n<p style=\"text-align: center;\"><span style=\"font-weight: 400; color: #ffffff; font-size: 24px;\">La tradicional Rifa Solidaria de Fe y Alegr\u00eda se celebra anualmente desde 2018 y busca el apoyo de los aportes voluntarios de los bolivianos y las bolivianas para continuar ofreciendo una educaci\u00f3n permanente, de calidad y basada en valores.<\/span><\/p>\n<p>[\/vc_column_text][\/vc_column][\/vc_row][vc_row full_width=\u00bbstretch_row_content_no_spaces\u00bb equal_height=\u00bbyes\u00bb content_placement=\u00bbtop\u00bb enable_first_overlay=\u00bbtrue\u00bb first_overlay_opacity=\u00bb75&#8243; first_background_color=\u00bb#207721&#8243; enable_parallax=\u00bbtrue\u00bb parallax_background=\u00bb4793&#8243;][vc_column width=\u00bb1\/3&#8243; alignment=\u00bbcenter\u00bb css=\u00bb.vc_custom_1689708199366{padding-right: 30px !important;padding-left: 30px !important;background-color: #6f8c2b !important;}\u00bb][vc_empty_space height=\u00bb50px\u00bb][vc_single_image image=\u00bb7811&#8243; img_size=\u00bbmedium\u00bb alignment=\u00bbcenter\u00bb style=\u00bbvc_box_outline_circle\u00bb border_color=\u00bbwhite\u00bb][vc_column_text]<\/p>\n<h3 style=\"text-align: center;\"><span style=\"color: #ffffff;\">APOYO<\/span><\/h3>\n<p>[\/vc_column_text][vc_column_text]<\/p>\n<p style=\"text-align: center;\"><span style=\"color: #ffffff;\">Buscamos ayuda de la sociedad para que lo recaudado en la Rifa Solidaria apoye en las necesidades de los 400 Centros y Unidades Educativas y sus comunidades.<\/span><\/p>\n<p>[\/vc_column_text][vc_empty_space height=\u00bb50px\u00bb][\/vc_column][vc_column width=\u00bb1\/3&#8243; css=\u00bb.vc_custom_1689708228469{padding-right: 30px !important;padding-left: 30px !important;background-color: #c7662a !important;}\u00bb][vc_empty_space height=\u00bb50px\u00bb][vc_single_image image=\u00bb7850&#8243; img_size=\u00bbmedium\u00bb alignment=\u00bbcenter\u00bb style=\u00bbvc_box_outline_circle\u00bb border_color=\u00bbwhite\u00bb][vc_column_text]<\/p>\n<h3 style=\"text-align: center;\"><span style=\"color: #ffffff;\">SOLIDARIDAD<\/span><\/h3>\n<p>[\/vc_column_text][vc_column_text]<\/p>\n<p style=\"text-align: center;\"><span style=\"color: #ffffff;\">Impulsamos el valor de la solidaridad en nuestra comunidad educativa educando en la importancia del compartir y considerar a los menos favorecidos.<\/span><\/p>\n<p>[\/vc_column_text][vc_empty_space height=\u00bb50px\u00bb][\/vc_column][vc_column width=\u00bb1\/3&#8243; css=\u00bb.vc_custom_1689708332828{padding-right: 30px !important;padding-left: 30px !important;background-color: #1b878f !important;}\u00bb][vc_empty_space height=\u00bb50px\u00bb][vc_single_image image=\u00bb7851&#8243; img_size=\u00bbmedium\u00bb alignment=\u00bbcenter\u00bb style=\u00bbvc_box_outline_circle\u00bb border_color=\u00bbwhite\u00bb][vc_column_text]<\/p>\n<h3 style=\"text-align: center;\"><span style=\"color: #ffffff;\">COMUNIDAD<\/span><\/h3>\n<p>[\/vc_column_text][vc_column_text]<\/p>\n<p style=\"text-align: center;\"><span style=\"color: #ffffff;\">A trav\u00e9s de la campa\u00f1a, buscamos el fortalecimiento de comunidades, la generaci\u00f3n de l\u00edderes y la unidad entre generaci\u00f3n.<\/span><\/p>\n<p>[\/vc_column_text][vc_empty_space height=\u00bb50px\u00bb][\/vc_column][\/vc_row][vc_row full_width=\u00bbstretch_row\u00bb content_placement=\u00bbmiddle\u00bb first_background_color=\u00bb#f3f3f3&#8243; css=\u00bb.vc_custom_1677201044969{background-color: #f3f3f3 !important;}\u00bb][vc_column][vc_separator color=\u00bbcustom\u00bb border_width=\u00bb2&#8243; accent_color=\u00bb#aa0f16&#8243;][\/vc_column][\/vc_row][vc_row full_width=\u00bbstretch_row\u00bb content_placement=\u00bbmiddle\u00bb first_background_color=\u00bb#f3f3f3&#8243; css=\u00bb.vc_custom_1677201044969{background-color: #f3f3f3 !important;}\u00bb][vc_column][vc_row_inner content_placement=\u00bbmiddle\u00bb][vc_column_inner width=\u00bb1\/2&#8243; css=\u00bb.vc_custom_1677185398898{margin-right: 10px !important;margin-left: 10px !important;}\u00bb][vc_video link=\u00bbhttps:\/\/youtu.be\/jVNpAjCAroM\u00bb align=\u00bbcenter\u00bb][\/vc_column_inner][vc_column_inner width=\u00bb1\/2&#8243; css=\u00bb.vc_custom_1677185392230{margin-right: 10px !important;margin-left: 10px !important;}\u00bb][vc_column_text css=\u00bb.vc_custom_1689711109946{margin-top: -15px !important;margin-bottom: -15px !important;}\u00bb]<\/p>\n<p style=\"text-align: center;\"><span style=\"font-family: 'Fira Sans';\">Desde su primera edici\u00f3n, en 2018, la Rifa Solidaria ha premiado el apoyo de las personas que compran tickets y sostienen nuestra causa. <\/span><\/p>\n<p style=\"text-align: center;\"><span style=\"font-family: 'Fira Sans';\">Cada a\u00f1o contamos con premios nacionales y departamentales que se rifan en televisi\u00f3n abierta a nivel nacional. Presentamos a Mar\u00eda \u00c1valos, la ganadora del 3er premio departamental de Sucre en el 2021; ella nos cuenta su experiencia y motivaci\u00f3n para apoyar a Fe y Alegr\u00eda.<\/span><\/p>\n<p>[\/vc_column_text][\/vc_column_inner][\/vc_row_inner][vc_empty_space][\/vc_column][\/vc_row]<\/p>\n<\/div>","protected":false},"excerpt":{"rendered":"<p>[vc_row full_width=\u00bbstretch_row\u00bb content_placement=\u00bbtop\u00bb enable_first_overlay=\u00bbtrue\u00bb first_overlay_opacity=\u00bb85&#8243; enable_second_overlay=\u00bbtrue\u00bb second_overlay_opacity=\u00bb15&#8243; second_background_type=\u00bbimage\u00bb second_background_image=\u00bb4474&#8243; second_background_image_size=\u00bbfull\u00bb second_background_size=\u00bbcover\u00bb][vc_column][vc_single_image image=\u00bb11303&#8243; img_size=\u00bbfull\u00bb alignment=\u00bbcenter\u00bb css=\u00bb.vc_custom_1775656637342{margin-top: 0px !important;margin-right: 0px !important;border-top-width: 0px !important;border-right-width: 0px !important;padding-top: 0px !important;padding-right: 0px !important;}\u00bb][\/vc_column][\/vc_row][vc_row full_width=\u00bbstretch_row\u00bb content_placement=\u00bbtop\u00bb enable_first_overlay=\u00bbtrue\u00bb first_overlay_opacity=\u00bb85&#8243; enable_second_overlay=\u00bbtrue\u00bb second_overlay_opacity=\u00bb15&#8243; second_background_type=\u00bbimage\u00bb second_background_image=\u00bb4474&#8243; second_background_image_size=\u00bbfull\u00bb second_background_size=\u00bbcover\u00bb][vc_column][vc_empty_space][\/vc_column][\/vc_row][vc_row full_width=\u00bbstretch_row\u00bb content_placement=\u00bbtop\u00bb enable_first_overlay=\u00bbtrue\u00bb first_overlay_opacity=\u00bb85&#8243; enable_second_overlay=\u00bbtrue\u00bb second_overlay_opacity=\u00bb15&#8243; second_background_type=\u00bbimage\u00bb second_background_image=\u00bb4474&#8243; second_background_image_size=\u00bbfull\u00bb second_background_size=\u00bbcover\u00bb][vc_column][vc_separator color=\u00bbcustom\u00bb border_width=\u00bb2&#8243; css=\u00bb\u00bb accent_color=\u00bb#aa0f16&#8243;][vc_empty_space][\/vc_column][\/vc_row][vc_row full_width=\u00bbstretch_row\u00bb content_placement=\u00bbtop\u00bb enable_first_overlay=\u00bbtrue\u00bb first_overlay_opacity=\u00bb85&#8243;<\/p>\n","protected":false},"author":74,"featured_media":0,"parent":0,"menu_order":0,"comment_status":"closed","ping_status":"closed","template":"","meta":{"_acf_changed":false,"footnotes":""},"folder":[],"class_list":["post-8138","page","type-page","status-publish","hentry"],"acf":[],"yoast_head":"<!-- This site is optimized with the Yoast SEO plugin v27.2 - https:\/\/yoast.com\/product\/yoast-seo-wordpress\/ -->\n<title>Rifa Solidaria - #SomosFeyAlegria en Bolivia<\/title>\n<meta name=\"robots\" content=\"index, follow, max-snippet:-1, max-image-preview:large, max-video-preview:-1\" \/>\n<link rel=\"canonical\" href=\"https:\/\/www.feyalegria.org\/bolivia\/rifa-solidaria\/\" \/>\n<meta property=\"og:locale\" content=\"es_ES\" \/>\n<meta property=\"og:type\" content=\"article\" \/>\n<meta property=\"og:title\" content=\"Rifa Solidaria - #SomosFeyAlegria en Bolivia\" \/>\n<meta property=\"og:description\" content=\"[vc_row full_width=\u00bbstretch_row\u00bb content_placement=\u00bbtop\u00bb enable_first_overlay=\u00bbtrue\u00bb first_overlay_opacity=\u00bb85&#8243; enable_second_overlay=\u00bbtrue\u00bb second_overlay_opacity=\u00bb15&#8243; second_background_type=\u00bbimage\u00bb second_background_image=\u00bb4474&#8243; second_background_image_size=\u00bbfull\u00bb second_background_size=\u00bbcover\u00bb][vc_column][vc_single_image image=\u00bb11303&#8243; img_size=\u00bbfull\u00bb alignment=\u00bbcenter\u00bb css=\u00bb.vc_custom_1775656637342{margin-top: 0px !important;margin-right: 0px !important;border-top-width: 0px !important;border-right-width: 0px !important;padding-top: 0px !important;padding-right: 0px !important;}\u00bb][\/vc_column][\/vc_row][vc_row full_width=\u00bbstretch_row\u00bb content_placement=\u00bbtop\u00bb enable_first_overlay=\u00bbtrue\u00bb first_overlay_opacity=\u00bb85&#8243; enable_second_overlay=\u00bbtrue\u00bb second_overlay_opacity=\u00bb15&#8243; second_background_type=\u00bbimage\u00bb second_background_image=\u00bb4474&#8243; second_background_image_size=\u00bbfull\u00bb second_background_size=\u00bbcover\u00bb][vc_column][vc_empty_space][\/vc_column][\/vc_row][vc_row full_width=\u00bbstretch_row\u00bb content_placement=\u00bbtop\u00bb enable_first_overlay=\u00bbtrue\u00bb first_overlay_opacity=\u00bb85&#8243; enable_second_overlay=\u00bbtrue\u00bb second_overlay_opacity=\u00bb15&#8243; second_background_type=\u00bbimage\u00bb second_background_image=\u00bb4474&#8243; second_background_image_size=\u00bbfull\u00bb second_background_size=\u00bbcover\u00bb][vc_column][vc_separator color=\u00bbcustom\u00bb border_width=\u00bb2&#8243; css=\u00bb\u00bb accent_color=\u00bb#aa0f16&#8243;][vc_empty_space][\/vc_column][\/vc_row][vc_row full_width=\u00bbstretch_row\u00bb content_placement=\u00bbtop\u00bb enable_first_overlay=\u00bbtrue\u00bb first_overlay_opacity=\u00bb85&#8243;\" \/>\n<meta property=\"og:url\" content=\"https:\/\/www.feyalegria.org\/bolivia\/rifa-solidaria\/\" \/>\n<meta property=\"og:site_name\" content=\"#SomosFeyAlegria en Bolivia\" \/>\n<meta property=\"article:modified_time\" content=\"2026-04-08T13:57:31+00:00\" \/>\n<meta name=\"twitter:card\" content=\"summary_large_image\" \/>\n<meta name=\"twitter:label1\" content=\"Tiempo de lectura\" \/>\n\t<meta name=\"twitter:data1\" content=\"7 minutos\" \/>\n<script type=\"application\/ld+json\" class=\"yoast-schema-graph\">{\"@context\":\"https:\/\/schema.org\",\"@graph\":[{\"@type\":\"WebPage\",\"@id\":\"https:\/\/www.feyalegria.org\/bolivia\/rifa-solidaria\/\",\"url\":\"https:\/\/www.feyalegria.org\/bolivia\/rifa-solidaria\/\",\"name\":\"Rifa Solidaria - #SomosFeyAlegria en Bolivia\",\"isPartOf\":{\"@id\":\"https:\/\/www.feyalegria.org\/bolivia\/#website\"},\"datePublished\":\"2023-03-06T18:28:35+00:00\",\"dateModified\":\"2026-04-08T13:57:31+00:00\",\"breadcrumb\":{\"@id\":\"https:\/\/www.feyalegria.org\/bolivia\/rifa-solidaria\/#breadcrumb\"},\"inLanguage\":\"es\",\"potentialAction\":[{\"@type\":\"ReadAction\",\"target\":[\"https:\/\/www.feyalegria.org\/bolivia\/rifa-solidaria\/\"]}]},{\"@type\":\"BreadcrumbList\",\"@id\":\"https:\/\/www.feyalegria.org\/bolivia\/rifa-solidaria\/#breadcrumb\",\"itemListElement\":[{\"@type\":\"ListItem\",\"position\":1,\"name\":\"Home\",\"item\":\"https:\/\/www.feyalegria.org\/bolivia\/\"},{\"@type\":\"ListItem\",\"position\":2,\"name\":\"Rifa Solidaria\"}]},{\"@type\":\"WebSite\",\"@id\":\"https:\/\/www.feyalegria.org\/bolivia\/#website\",\"url\":\"https:\/\/www.feyalegria.org\/bolivia\/\",\"name\":\"#SomosFeyAlegria en Bolivia\",\"description\":\"Movimiento de Educaci\u00f3n Popular y Promoci\u00f3n Social\",\"potentialAction\":[{\"@type\":\"SearchAction\",\"target\":{\"@type\":\"EntryPoint\",\"urlTemplate\":\"https:\/\/www.feyalegria.org\/bolivia\/?s={search_term_string}\"},\"query-input\":{\"@type\":\"PropertyValueSpecification\",\"valueRequired\":true,\"valueName\":\"search_term_string\"}}],\"inLanguage\":\"es\"}]}<\/script>\n<!-- \/ Yoast SEO plugin. -->","yoast_head_json":{"title":"Rifa Solidaria - #SomosFeyAlegria en Bolivia","robots":{"index":"index","follow":"follow","max-snippet":"max-snippet:-1","max-image-preview":"max-image-preview:large","max-video-preview":"max-video-preview:-1"},"canonical":"https:\/\/www.feyalegria.org\/bolivia\/rifa-solidaria\/","og_locale":"es_ES","og_type":"article","og_title":"Rifa Solidaria - #SomosFeyAlegria en Bolivia","og_description":"[vc_row full_width=\u00bbstretch_row\u00bb content_placement=\u00bbtop\u00bb enable_first_overlay=\u00bbtrue\u00bb first_overlay_opacity=\u00bb85&#8243; enable_second_overlay=\u00bbtrue\u00bb second_overlay_opacity=\u00bb15&#8243; second_background_type=\u00bbimage\u00bb second_background_image=\u00bb4474&#8243; second_background_image_size=\u00bbfull\u00bb second_background_size=\u00bbcover\u00bb][vc_column][vc_single_image image=\u00bb11303&#8243; img_size=\u00bbfull\u00bb alignment=\u00bbcenter\u00bb css=\u00bb.vc_custom_1775656637342{margin-top: 0px !important;margin-right: 0px !important;border-top-width: 0px !important;border-right-width: 0px !important;padding-top: 0px !important;padding-right: 0px !important;}\u00bb][\/vc_column][\/vc_row][vc_row full_width=\u00bbstretch_row\u00bb content_placement=\u00bbtop\u00bb enable_first_overlay=\u00bbtrue\u00bb first_overlay_opacity=\u00bb85&#8243; enable_second_overlay=\u00bbtrue\u00bb second_overlay_opacity=\u00bb15&#8243; second_background_type=\u00bbimage\u00bb second_background_image=\u00bb4474&#8243; second_background_image_size=\u00bbfull\u00bb second_background_size=\u00bbcover\u00bb][vc_column][vc_empty_space][\/vc_column][\/vc_row][vc_row full_width=\u00bbstretch_row\u00bb content_placement=\u00bbtop\u00bb enable_first_overlay=\u00bbtrue\u00bb first_overlay_opacity=\u00bb85&#8243; enable_second_overlay=\u00bbtrue\u00bb second_overlay_opacity=\u00bb15&#8243; second_background_type=\u00bbimage\u00bb second_background_image=\u00bb4474&#8243; second_background_image_size=\u00bbfull\u00bb second_background_size=\u00bbcover\u00bb][vc_column][vc_separator color=\u00bbcustom\u00bb border_width=\u00bb2&#8243; css=\u00bb\u00bb accent_color=\u00bb#aa0f16&#8243;][vc_empty_space][\/vc_column][\/vc_row][vc_row full_width=\u00bbstretch_row\u00bb content_placement=\u00bbtop\u00bb enable_first_overlay=\u00bbtrue\u00bb first_overlay_opacity=\u00bb85&#8243;","og_url":"https:\/\/www.feyalegria.org\/bolivia\/rifa-solidaria\/","og_site_name":"#SomosFeyAlegria en Bolivia","article_modified_time":"2026-04-08T13:57:31+00:00","twitter_card":"summary_large_image","twitter_misc":{"Tiempo de lectura":"7 minutos"},"schema":{"@context":"https:\/\/schema.org","@graph":[{"@type":"WebPage","@id":"https:\/\/www.feyalegria.org\/bolivia\/rifa-solidaria\/","url":"https:\/\/www.feyalegria.org\/bolivia\/rifa-solidaria\/","name":"Rifa Solidaria - #SomosFeyAlegria en Bolivia","isPartOf":{"@id":"https:\/\/www.feyalegria.org\/bolivia\/#website"},"datePublished":"2023-03-06T18:28:35+00:00","dateModified":"2026-04-08T13:57:31+00:00","breadcrumb":{"@id":"https:\/\/www.feyalegria.org\/bolivia\/rifa-solidaria\/#breadcrumb"},"inLanguage":"es","potentialAction":[{"@type":"ReadAction","target":["https:\/\/www.feyalegria.org\/bolivia\/rifa-solidaria\/"]}]},{"@type":"BreadcrumbList","@id":"https:\/\/www.feyalegria.org\/bolivia\/rifa-solidaria\/#breadcrumb","itemListElement":[{"@type":"ListItem","position":1,"name":"Home","item":"https:\/\/www.feyalegria.org\/bolivia\/"},{"@type":"ListItem","position":2,"name":"Rifa Solidaria"}]},{"@type":"WebSite","@id":"https:\/\/www.feyalegria.org\/bolivia\/#website","url":"https:\/\/www.feyalegria.org\/bolivia\/","name":"#SomosFeyAlegria en Bolivia","description":"Movimiento de Educaci\u00f3n Popular y Promoci\u00f3n Social","potentialAction":[{"@type":"SearchAction","target":{"@type":"EntryPoint","urlTemplate":"https:\/\/www.feyalegria.org\/bolivia\/?s={search_term_string}"},"query-input":{"@type":"PropertyValueSpecification","valueRequired":true,"valueName":"search_term_string"}}],"inLanguage":"es"}]}},"_links":{"self":[{"href":"https:\/\/www.feyalegria.org\/bolivia\/wp-json\/wp\/v2\/pages\/8138","targetHints":{"allow":["GET"]}}],"collection":[{"href":"https:\/\/www.feyalegria.org\/bolivia\/wp-json\/wp\/v2\/pages"}],"about":[{"href":"https:\/\/www.feyalegria.org\/bolivia\/wp-json\/wp\/v2\/types\/page"}],"author":[{"embeddable":true,"href":"https:\/\/www.feyalegria.org\/bolivia\/wp-json\/wp\/v2\/users\/74"}],"replies":[{"embeddable":true,"href":"https:\/\/www.feyalegria.org\/bolivia\/wp-json\/wp\/v2\/comments?post=8138"}],"version-history":[{"count":7,"href":"https:\/\/www.feyalegria.org\/bolivia\/wp-json\/wp\/v2\/pages\/8138\/revisions"}],"predecessor-version":[{"id":11306,"href":"https:\/\/www.feyalegria.org\/bolivia\/wp-json\/wp\/v2\/pages\/8138\/revisions\/11306"}],"wp:attachment":[{"href":"https:\/\/www.feyalegria.org\/bolivia\/wp-json\/wp\/v2\/media?parent=8138"}],"wp:term":[{"taxonomy":"folder","embeddable":true,"href":"https:\/\/www.feyalegria.org\/bolivia\/wp-json\/wp\/v2\/folder?post=8138"}],"curies":[{"name":"wp","href":"https:\/\/api.w.org\/{rel}","templated":true}]}}