 {"id":8755,"date":"2023-05-24T11:43:14","date_gmt":"2023-05-24T16:43:14","guid":{"rendered":"https:\/\/www.feyalegria.org\/bolivia\/?page_id=8755"},"modified":"2023-05-25T09:41:32","modified_gmt":"2023-05-25T14:41:32","slug":"testimonios","status":"publish","type":"page","link":"https:\/\/www.feyalegria.org\/bolivia\/testimonios\/","title":{"rendered":"Testimonios"},"content":{"rendered":"<div class=\"wpb-content-wrapper\"><p>[vc_row][vc_column][vc_column_text]<\/p>\n<p align=\"justify\"><span style=\"font-size: 12pt\">Las historias de nuestra comunidad nos motivan a seguir trabajando por una educaci\u00f3n que motive y transforme contextos. <\/span><\/p>\n<p align=\"justify\"><span style=\"font-size: 12pt\">Las vidas detr\u00e1s de cada testimonio son la raz\u00f3n por la cual seguimos adelante como Movimiento, \u00e9stas son algunas de las miles de personas que nos representan.<\/span><\/p>\n<p>[\/vc_column_text][vc_video link=\u00bbhttps:\/\/youtu.be\/H-8iZHr5jBY\u00bb el_width=\u00bb50&#8243; align=\u00bbcenter\u00bb][vc_separator color=\u00bbcustom\u00bb border_width=\u00bb2&#8243; accent_color=\u00bb#aa0f16&#8243;][\/vc_column][\/vc_row][vc_row][vc_column][vc_column_text]<\/p>\n<h2 style=\"text-align: center\">Nuestros estudiantes<\/h2>\n<p>[\/vc_column_text][vc_empty_space]<div class=\"mpc-carousel__wrapper mpc-waypoint\"><div id=\"mpc_carousel_anything-2669d765c94855e\" class=\"mpc-carousel-anything mpc-init \"  data-mpcslick='{\"infinite\":true,\"autoplay\":true,\"slidesToShow\":2,\"slidesToScroll\":2,\"centerMode\":false,\"initialSlide\":0,\"autoplaySpeed\":2000}' data-slick-cols=\"2\">[vc_video link=\u00bbhttps:\/\/youtu.be\/hD4zlSO7xhk\u00bb align=\u00bbcenter\u00bb][vc_video link=\u00bbhttps:\/\/youtu.be\/sfo69-78K7M\u00bb align=\u00bbcenter\u00bb][vc_video link=\u00bbhttps:\/\/youtu.be\/Vj1aJlTI4KM\u00bb align=\u00bbcenter\u00bb][vc_video link=\u00bbhttps:\/\/youtu.be\/0RMTwD4m6og\u00bb align=\u00bbcenter\u00bb]<\/div><div class=\"mpc-navigation mpc-init mpc-align--left mpc-navigation--style_1  mpc-nav-preset--\" data-mpcslider=\"mpc_carousel_anything-2669d765c94855e\"><div class=\"mpc-nav__arrow mpcslick-prev\"><div class=\"mpc-nav__icon mpc-transition\"><i class=\"\"><div class=\"mpc-nav__background mpc-transition mpc-effect-type--fade mpc-effect-side--in\"><\/div><\/i><\/div><\/div><div class=\"mpc-nav__arrow mpcslick-next\"><div class=\"mpc-nav__icon mpc-transition\"><i class=\"\"><div class=\"mpc-nav__background mpc-transition mpc-effect-type--fade mpc-effect-side--in\"><\/div><\/i><\/div><\/div><\/div><\/div>[vc_btn title=\u00bbConoce m\u00e1s\u00bb style=\u00bbcustom\u00bb custom_background=\u00bb#aa0f16&#8243; custom_text=\u00bb#ffffff\u00bb align=\u00bbcenter\u00bb link=\u00bburl:https%3A%2F%2Fyoutube.com%2Fplaylist%3Flist%3DPLz4Dh-K8jCwaIUxcLUqzivEZfRHZlGysv|target:_blank\u00bb][vc_empty_space][\/vc_column][\/vc_row][vc_row][vc_column][vc_empty_space][vc_separator color=\u00bbcustom\u00bb border_width=\u00bb2&#8243; accent_color=\u00bb#aa0f16&#8243;][vc_column_text]<\/p>\n<h2 style=\"text-align: center\">Nuestros educadores<\/h2>\n<p>[\/vc_column_text][vc_empty_space][\/vc_column][\/vc_row][vc_row][vc_column]<div class=\"mpc-carousel__wrapper mpc-waypoint\"><div id=\"mpc_carousel_anything-4069d765c948728\" class=\"mpc-carousel-anything mpc-init \"  data-mpcslick='{\"infinite\":true,\"autoplay\":true,\"slidesToShow\":2,\"slidesToScroll\":2,\"centerMode\":false,\"initialSlide\":0,\"autoplaySpeed\":2000}' data-slick-cols=\"2\">[vc_video link=\u00bbhttps:\/\/youtu.be\/e7U8CpuJjLs\u00bb align=\u00bbcenter\u00bb][vc_video link=\u00bbhttps:\/\/youtu.be\/DEk83SzK9QY\u00bb align=\u00bbcenter\u00bb][vc_video link=\u00bbhttps:\/\/youtu.be\/PMXl4tpaY7E\u00bb align=\u00bbcenter\u00bb]<\/div><div class=\"mpc-navigation mpc-init mpc-align--left mpc-navigation--style_1  mpc-nav-preset--\" data-mpcslider=\"mpc_carousel_anything-4069d765c948728\"><div class=\"mpc-nav__arrow mpcslick-prev\"><div class=\"mpc-nav__icon mpc-transition\"><i class=\"\"><div class=\"mpc-nav__background mpc-transition mpc-effect-type--fade mpc-effect-side--in\"><\/div><\/i><\/div><\/div><div class=\"mpc-nav__arrow mpcslick-next\"><div class=\"mpc-nav__icon mpc-transition\"><i class=\"\"><div class=\"mpc-nav__background mpc-transition mpc-effect-type--fade mpc-effect-side--in\"><\/div><\/i><\/div><\/div><\/div><\/div>[vc_btn title=\u00bbConoce m\u00e1s\u00bb style=\u00bbcustom\u00bb custom_background=\u00bb#aa0f16&#8243; custom_text=\u00bb#ffffff\u00bb align=\u00bbcenter\u00bb link=\u00bburl:https%3A%2F%2Fyoutube.com%2Fplaylist%3Flist%3DPLz4Dh-K8jCwY88nDd8P-tcSSSUiHpldOI|target:_blank\u00bb][vc_empty_space][\/vc_column][\/vc_row][vc_row][vc_column][vc_empty_space][vc_separator color=\u00bbcustom\u00bb border_width=\u00bb2&#8243; accent_color=\u00bb#aa0f16&#8243;][vc_column_text]<\/p>\n<h2 style=\"text-align: center\">Nuestra comunidad<\/h2>\n<p>[\/vc_column_text][\/vc_column][\/vc_row][vc_row][vc_column]<div class=\"mpc-carousel__wrapper mpc-waypoint\"><div id=\"mpc_carousel_anything-8369d765c94881e\" class=\"mpc-carousel-anything mpc-init \"  data-mpcslick='{\"infinite\":true,\"autoplay\":true,\"slidesToShow\":2,\"slidesToScroll\":2,\"centerMode\":false,\"initialSlide\":0,\"autoplaySpeed\":2000}' data-slick-cols=\"2\">[vc_video link=\u00bbhttps:\/\/youtu.be\/IB-VC5IbkxI\u00bb align=\u00bbcenter\u00bb][vc_video link=\u00bbhttps:\/\/youtu.be\/wk8hMSwSEd8&#8243; align=\u00bbcenter\u00bb][vc_video link=\u00bbhttps:\/\/youtu.be\/dL-0FEs22z0&#8243; align=\u00bbcenter\u00bb]<\/div><div class=\"mpc-navigation mpc-init mpc-align--left mpc-navigation--style_1  mpc-nav-preset--\" data-mpcslider=\"mpc_carousel_anything-8369d765c94881e\"><div class=\"mpc-nav__arrow mpcslick-prev\"><div class=\"mpc-nav__icon mpc-transition\"><i class=\"\"><div class=\"mpc-nav__background mpc-transition mpc-effect-type--fade mpc-effect-side--in\"><\/div><\/i><\/div><\/div><div class=\"mpc-nav__arrow mpcslick-next\"><div class=\"mpc-nav__icon mpc-transition\"><i class=\"\"><div class=\"mpc-nav__background mpc-transition mpc-effect-type--fade mpc-effect-side--in\"><\/div><\/i><\/div><\/div><\/div><\/div>[vc_btn title=\u00bbConoce m\u00e1s\u00bb style=\u00bbcustom\u00bb custom_background=\u00bb#aa0f16&#8243; custom_text=\u00bb#ffffff\u00bb align=\u00bbcenter\u00bb link=\u00bburl:https%3A%2F%2Fyoutube.com%2Fplaylist%3Flist%3DPLz4Dh-K8jCwZDnzvqMCNnH9mie3uXF2Qa|target:_blank\u00bb][vc_empty_space][\/vc_column][\/vc_row][vc_row][vc_column][vc_empty_space][vc_separator color=\u00bbcustom\u00bb border_width=\u00bb2&#8243; accent_color=\u00bb#aa0f16&#8243;][vc_column_text]<\/p>\n<h2 style=\"text-align: center\">Nuestras experiencias<\/h2>\n<p>[\/vc_column_text][\/vc_column][\/vc_row][vc_row][vc_column]<div class=\"mpc-carousel__wrapper mpc-waypoint\"><div id=\"mpc_carousel_anything-869d765c9488f6\" class=\"mpc-carousel-anything mpc-init \"  data-mpcslick='{\"infinite\":true,\"autoplay\":true,\"slidesToShow\":2,\"slidesToScroll\":2,\"centerMode\":false,\"initialSlide\":0,\"autoplaySpeed\":2000}' data-slick-cols=\"2\">[vc_video link=\u00bbhttps:\/\/youtu.be\/yDdHm-8Ibi0&#8243; align=\u00bbcenter\u00bb][vc_video link=\u00bbhttps:\/\/youtu.be\/9jfij-WZpEM\u00bb align=\u00bbcenter\u00bb][vc_video link=\u00bbhttps:\/\/youtu.be\/o55tGHPkqX4&#8243; align=\u00bbcenter\u00bb]<\/div><div class=\"mpc-navigation mpc-init mpc-align--left mpc-navigation--style_1  mpc-nav-preset--\" data-mpcslider=\"mpc_carousel_anything-869d765c9488f6\"><div class=\"mpc-nav__arrow mpcslick-prev\"><div class=\"mpc-nav__icon mpc-transition\"><i class=\"\"><div class=\"mpc-nav__background mpc-transition mpc-effect-type--fade mpc-effect-side--in\"><\/div><\/i><\/div><\/div><div class=\"mpc-nav__arrow mpcslick-next\"><div class=\"mpc-nav__icon mpc-transition\"><i class=\"\"><div class=\"mpc-nav__background mpc-transition mpc-effect-type--fade mpc-effect-side--in\"><\/div><\/i><\/div><\/div><\/div><\/div>[vc_btn title=\u00bbConoce m\u00e1s\u00bb style=\u00bbcustom\u00bb custom_background=\u00bb#aa0f16&#8243; custom_text=\u00bb#ffffff\u00bb align=\u00bbcenter\u00bb link=\u00bburl:https%3A%2F%2Fyoutube.com%2Fplaylist%3Flist%3DPLz4Dh-K8jCwbAhxwVRe5clP1g4rfNPF0Q|target:_blank\u00bb][vc_empty_space][\/vc_column][\/vc_row][vc_row][vc_column][\/vc_column][\/vc_row]<\/p>\n<\/div>","protected":false},"excerpt":{"rendered":"<p>[vc_row][vc_column][vc_column_text] Las historias de nuestra comunidad nos motivan a seguir trabajando por una educaci\u00f3n que motive y transforme contextos. Las vidas detr\u00e1s de cada testimonio son la raz\u00f3n por la cual seguimos adelante como Movimiento, \u00e9stas son algunas de las miles de personas que nos representan. [\/vc_column_text][vc_video link=\u00bbhttps:\/\/youtu.be\/H-8iZHr5jBY\u00bb el_width=\u00bb50&#8243; align=\u00bbcenter\u00bb][vc_separator color=\u00bbcustom\u00bb border_width=\u00bb2&#8243; accent_color=\u00bb#aa0f16&#8243;][\/vc_column][\/vc_row][vc_row][vc_column][vc_column_text] Nuestros estudiantes<\/p>\n","protected":false},"author":73,"featured_media":0,"parent":0,"menu_order":0,"comment_status":"closed","ping_status":"closed","template":"","meta":{"_acf_changed":false,"footnotes":""},"folder":[],"class_list":["post-8755","page","type-page","status-publish","hentry"],"acf":[],"yoast_head":"<!-- This site is optimized with the Yoast SEO plugin v27.2 - https:\/\/yoast.com\/product\/yoast-seo-wordpress\/ -->\n<title>Testimonios - #SomosFeyAlegria en Bolivia<\/title>\n<meta name=\"robots\" content=\"index, follow, max-snippet:-1, max-image-preview:large, max-video-preview:-1\" \/>\n<link rel=\"canonical\" href=\"https:\/\/www.feyalegria.org\/bolivia\/testimonios\/\" \/>\n<meta property=\"og:locale\" content=\"es_ES\" \/>\n<meta property=\"og:type\" content=\"article\" \/>\n<meta property=\"og:title\" content=\"Testimonios - #SomosFeyAlegria en Bolivia\" \/>\n<meta property=\"og:description\" content=\"[vc_row][vc_column][vc_column_text] Las historias de nuestra comunidad nos motivan a seguir trabajando por una educaci\u00f3n que motive y transforme contextos. Las vidas detr\u00e1s de cada testimonio son la raz\u00f3n por la cual seguimos adelante como Movimiento, \u00e9stas son algunas de las miles de personas que nos representan. [\/vc_column_text][vc_video link=\u00bbhttps:\/\/youtu.be\/H-8iZHr5jBY\u00bb el_width=\u00bb50&#8243; align=\u00bbcenter\u00bb][vc_separator color=\u00bbcustom\u00bb border_width=\u00bb2&#8243; accent_color=\u00bb#aa0f16&#8243;][\/vc_column][\/vc_row][vc_row][vc_column][vc_column_text] Nuestros estudiantes\" \/>\n<meta property=\"og:url\" content=\"https:\/\/www.feyalegria.org\/bolivia\/testimonios\/\" \/>\n<meta property=\"og:site_name\" content=\"#SomosFeyAlegria en Bolivia\" \/>\n<meta property=\"article:modified_time\" content=\"2023-05-25T14:41:32+00:00\" \/>\n<meta name=\"twitter:card\" content=\"summary_large_image\" \/>\n<meta name=\"twitter:label1\" content=\"Tiempo de lectura\" \/>\n\t<meta name=\"twitter:data1\" content=\"3 minutos\" \/>\n<script type=\"application\/ld+json\" class=\"yoast-schema-graph\">{\"@context\":\"https:\/\/schema.org\",\"@graph\":[{\"@type\":\"WebPage\",\"@id\":\"https:\/\/www.feyalegria.org\/bolivia\/testimonios\/\",\"url\":\"https:\/\/www.feyalegria.org\/bolivia\/testimonios\/\",\"name\":\"Testimonios - #SomosFeyAlegria en Bolivia\",\"isPartOf\":{\"@id\":\"https:\/\/www.feyalegria.org\/bolivia\/#website\"},\"datePublished\":\"2023-05-24T16:43:14+00:00\",\"dateModified\":\"2023-05-25T14:41:32+00:00\",\"breadcrumb\":{\"@id\":\"https:\/\/www.feyalegria.org\/bolivia\/testimonios\/#breadcrumb\"},\"inLanguage\":\"es\",\"potentialAction\":[{\"@type\":\"ReadAction\",\"target\":[\"https:\/\/www.feyalegria.org\/bolivia\/testimonios\/\"]}]},{\"@type\":\"BreadcrumbList\",\"@id\":\"https:\/\/www.feyalegria.org\/bolivia\/testimonios\/#breadcrumb\",\"itemListElement\":[{\"@type\":\"ListItem\",\"position\":1,\"name\":\"Home\",\"item\":\"https:\/\/www.feyalegria.org\/bolivia\/\"},{\"@type\":\"ListItem\",\"position\":2,\"name\":\"Testimonios\"}]},{\"@type\":\"WebSite\",\"@id\":\"https:\/\/www.feyalegria.org\/bolivia\/#website\",\"url\":\"https:\/\/www.feyalegria.org\/bolivia\/\",\"name\":\"#SomosFeyAlegria en Bolivia\",\"description\":\"Movimiento de Educaci\u00f3n Popular y Promoci\u00f3n Social\",\"potentialAction\":[{\"@type\":\"SearchAction\",\"target\":{\"@type\":\"EntryPoint\",\"urlTemplate\":\"https:\/\/www.feyalegria.org\/bolivia\/?s={search_term_string}\"},\"query-input\":{\"@type\":\"PropertyValueSpecification\",\"valueRequired\":true,\"valueName\":\"search_term_string\"}}],\"inLanguage\":\"es\"}]}<\/script>\n<!-- \/ Yoast SEO plugin. -->","yoast_head_json":{"title":"Testimonios - #SomosFeyAlegria en Bolivia","robots":{"index":"index","follow":"follow","max-snippet":"max-snippet:-1","max-image-preview":"max-image-preview:large","max-video-preview":"max-video-preview:-1"},"canonical":"https:\/\/www.feyalegria.org\/bolivia\/testimonios\/","og_locale":"es_ES","og_type":"article","og_title":"Testimonios - #SomosFeyAlegria en Bolivia","og_description":"[vc_row][vc_column][vc_column_text] Las historias de nuestra comunidad nos motivan a seguir trabajando por una educaci\u00f3n que motive y transforme contextos. Las vidas detr\u00e1s de cada testimonio son la raz\u00f3n por la cual seguimos adelante como Movimiento, \u00e9stas son algunas de las miles de personas que nos representan. [\/vc_column_text][vc_video link=\u00bbhttps:\/\/youtu.be\/H-8iZHr5jBY\u00bb el_width=\u00bb50&#8243; align=\u00bbcenter\u00bb][vc_separator color=\u00bbcustom\u00bb border_width=\u00bb2&#8243; accent_color=\u00bb#aa0f16&#8243;][\/vc_column][\/vc_row][vc_row][vc_column][vc_column_text] Nuestros estudiantes","og_url":"https:\/\/www.feyalegria.org\/bolivia\/testimonios\/","og_site_name":"#SomosFeyAlegria en Bolivia","article_modified_time":"2023-05-25T14:41:32+00:00","twitter_card":"summary_large_image","twitter_misc":{"Tiempo de lectura":"3 minutos"},"schema":{"@context":"https:\/\/schema.org","@graph":[{"@type":"WebPage","@id":"https:\/\/www.feyalegria.org\/bolivia\/testimonios\/","url":"https:\/\/www.feyalegria.org\/bolivia\/testimonios\/","name":"Testimonios - #SomosFeyAlegria en Bolivia","isPartOf":{"@id":"https:\/\/www.feyalegria.org\/bolivia\/#website"},"datePublished":"2023-05-24T16:43:14+00:00","dateModified":"2023-05-25T14:41:32+00:00","breadcrumb":{"@id":"https:\/\/www.feyalegria.org\/bolivia\/testimonios\/#breadcrumb"},"inLanguage":"es","potentialAction":[{"@type":"ReadAction","target":["https:\/\/www.feyalegria.org\/bolivia\/testimonios\/"]}]},{"@type":"BreadcrumbList","@id":"https:\/\/www.feyalegria.org\/bolivia\/testimonios\/#breadcrumb","itemListElement":[{"@type":"ListItem","position":1,"name":"Home","item":"https:\/\/www.feyalegria.org\/bolivia\/"},{"@type":"ListItem","position":2,"name":"Testimonios"}]},{"@type":"WebSite","@id":"https:\/\/www.feyalegria.org\/bolivia\/#website","url":"https:\/\/www.feyalegria.org\/bolivia\/","name":"#SomosFeyAlegria en Bolivia","description":"Movimiento de Educaci\u00f3n Popular y Promoci\u00f3n Social","potentialAction":[{"@type":"SearchAction","target":{"@type":"EntryPoint","urlTemplate":"https:\/\/www.feyalegria.org\/bolivia\/?s={search_term_string}"},"query-input":{"@type":"PropertyValueSpecification","valueRequired":true,"valueName":"search_term_string"}}],"inLanguage":"es"}]}},"_links":{"self":[{"href":"https:\/\/www.feyalegria.org\/bolivia\/wp-json\/wp\/v2\/pages\/8755","targetHints":{"allow":["GET"]}}],"collection":[{"href":"https:\/\/www.feyalegria.org\/bolivia\/wp-json\/wp\/v2\/pages"}],"about":[{"href":"https:\/\/www.feyalegria.org\/bolivia\/wp-json\/wp\/v2\/types\/page"}],"author":[{"embeddable":true,"href":"https:\/\/www.feyalegria.org\/bolivia\/wp-json\/wp\/v2\/users\/73"}],"replies":[{"embeddable":true,"href":"https:\/\/www.feyalegria.org\/bolivia\/wp-json\/wp\/v2\/comments?post=8755"}],"version-history":[{"count":0,"href":"https:\/\/www.feyalegria.org\/bolivia\/wp-json\/wp\/v2\/pages\/8755\/revisions"}],"wp:attachment":[{"href":"https:\/\/www.feyalegria.org\/bolivia\/wp-json\/wp\/v2\/media?parent=8755"}],"wp:term":[{"taxonomy":"folder","embeddable":true,"href":"https:\/\/www.feyalegria.org\/bolivia\/wp-json\/wp\/v2\/folder?post=8755"}],"curies":[{"name":"wp","href":"https:\/\/api.w.org\/{rel}","templated":true}]}}