 {"id":9320,"date":"2023-07-27T12:09:19","date_gmt":"2023-07-27T17:09:19","guid":{"rendered":"https:\/\/www.feyalegria.org\/bolivia\/?page_id=9320"},"modified":"2023-07-27T14:36:06","modified_gmt":"2023-07-27T19:36:06","slug":"pando","status":"publish","type":"page","link":"https:\/\/www.feyalegria.org\/bolivia\/pando\/","title":{"rendered":"Pando"},"content":{"rendered":"<div class=\"wpb-content-wrapper\"><p>[vc_row][vc_column width=\u00bb2\/3&#8243;][vc_column_text]<\/p>\n<h1>Fe y Alegr\u00eda Pando<\/h1>\n<p>[\/vc_column_text][\/vc_column][vc_column width=\u00bb1\/3&#8243;]<a href=\"https:\/\/www.feyalegria.org\/bolivia\/?page_id=237\" title=\"D\u00f3nde estamos\"  data-id=\"mpc_button-6869e67c84cb1a1\" class=\"mpc-button mpc-init mpc-transition mpc-typography--default \" ><div class=\"mpc-button__content mpc-effect-type--stay mpc-effect-side--left\"><i class=\"mpc-button__icon mpc-transition  fa fa-caret-left\"><\/i><span class=\"mpc-button__title mpc-transition\">Regresar al mapa<\/span><\/div><div class=\"mpc-button__background mpc-transition mpc-effect-type--fade mpc-effect-side--in\"><\/div><\/a>[\/vc_column][\/vc_row][vc_row][vc_column][vc_empty_space height=\u00bb20px\u00bb][vc_separator color=\u00bbcustom\u00bb accent_color=\u00bb#aa0f16&#8243;][\/vc_column][\/vc_row][vc_row][vc_column width=\u00bb1\/2&#8243;][vc_column_text]<\/p>\n<p align=\"justify\"><span style=\"font-family: 'Fira Sans';font-size: 12pt\">Fe y Alegr\u00eda Potos\u00ed nace gracias a la iniciativa del Rvdo. P. Ram\u00f3n Alaix Busquets SJ, quien se propuso la construcci\u00f3n de una escuela que beneficie a los ni\u00f1os y ni\u00f1as de una de las zonas m\u00e1s populosas de Potos\u00ed, quienes no asist\u00edan a ninguna escuela y que la mayor\u00eda de ellos estaba quedando analfabeta. Ante esta cruda realidad, el P. Ram\u00f3n reuni\u00f3 a varios ni\u00f1os para impartirles clases. <\/span><\/p>\n<p align=\"justify\"><span style=\"font-family: 'Fira Sans';font-size: 12pt\">En un principio, los estudiantes aprend\u00edan sentados sobre piedras y adobes utilizando una loseta que serv\u00eda de pizarr\u00f3n. Luego, en 1967, los vecinos como la se\u00f1ora M\u00e1xima de Vera y don Salvador Villca, conmovidos por esta situaci\u00f3n, prestaron sus cuartos para que se dicten las clases.<\/span><\/p>\n<p>[\/vc_column_text][\/vc_column][vc_column width=\u00bb1\/2&#8243;][vc_hoverbox image=\u00bb6353&#8243; primary_title=\u00bb\u00bb hover_title=\u00bb\u00bb hover_background_color=\u00bbcustom\u00bb hover_custom_background=\u00bb#aa0f16&#8243;]<\/p>\n<p style=\"text-align: center\"><span style=\"font-family: 'Fira Sans';font-size: 12pt;color: #ffffff\"><strong>Coordinadora Departamental: <\/strong>Claudia Pereira<\/span><\/p>\n<p style=\"text-align: center\"><span style=\"color: #ffffff\"><b>Correo electr\u00f3nico: <\/b>fyapando@feyalegria.edu.bo<\/span><\/p>\n<p>[\/vc_hoverbox][\/vc_column][\/vc_row][vc_row css=\u00bb.vc_custom_1613497321418{background-color: #f3f3f3 !important;}\u00bb][vc_column width=\u00bb1\/4&#8243;][vc_empty_space][vc_empty_space][vc_gmaps link=\u00bb#E-8_JTNDaWZyYW1lJTIwc3JjJTNEJTIyaHR0cHMlM0ElMkYlMkZ3d3cuZ29vZ2xlLmNvbSUyRm1hcHMlMkZlbWJlZCUzRnBiJTNEJTIxMW0xOCUyMTFtMTIlMjExbTMlMjExZDE4NzkuNTkxMTU5ODE1NjQwNCUyMTJkLTY1Ljc2NjM0NjgzMTM0Nzk3JTIxM2QtMTkuNTc2Njg4MjQ4OTQzMzg4JTIxMm0zJTIxMWYwJTIxMmYwJTIxM2YwJTIxM20yJTIxMWkxMDI0JTIxMmk3NjglMjE0ZjEzLjElMjEzbTMlMjExbTIlMjExczB4OTNmOTRkZTEyMDEwMjVmYiUyNTNBMHg5OGRiY2Y5ZDdiOTRhNTk3JTIxMnNBdmVuaWRhJTI1MjBNdXJpbGxvJTI1MjAlMjUyNiUyNTIwVmFyZ2FzJTI1MkMlMjUyMFZpbGxhJTI1MjBJbXBlcmlhbCUyNTIwZGUlMjUyMFBvdG9zJTI1QzMlMjVBRCUyMTVlMCUyMTNtMiUyMTFzZXMlMjEyc2JvJTIxNHYxNjc3Nzg0MjEwNDg2JTIxNW0yJTIxMXNlcyUyMTJzYm8lMjIlMjB3aWR0aCUzRCUyMjYwMCUyMiUyMGhlaWdodCUzRCUyMjQ1MCUyMiUyMHN0eWxlJTNEJTIyYm9yZGVyJTNBMCUzQiUyMiUyMGFsbG93ZnVsbHNjcmVlbiUzRCUyMiUyMiUyMGxvYWRpbmclM0QlMjJsYXp5JTIyJTIwcmVmZXJyZXJwb2xpY3klM0QlMjJuby1yZWZlcnJlci13aGVuLWRvd25ncmFkZSUyMiUzRSUzQyUyRmlmcmFtZSUzRQ==\u00bb][\/vc_column][vc_column width=\u00bb3\/4&#8243;][vc_column_text]<\/p>\n<h2>Historia<\/h2>\n<p>[\/vc_column_text][vc_separator color=\u00bbcustom\u00bb accent_color=\u00bb#aa0f16&#8243;][vc_column_text]<\/p>\n<p align=\"justify\"><span style=\"font-family: 'Fira Sans';font-size: 12pt\">El 13 de agosto de 1967, en la populosa zona potosina denominada Tik\u2019a Loma (Cerro de Flores), ubicada en la parte alta de la ciudad y poblada por familias migrantes, comerciantes y mineras, se fund\u00f3 el <span style=\"color: #d10a10\"><strong>Centro Educativo Fray Vicente Bernedo de Fe y Alegr\u00eda<\/strong><\/span>, siendo esta la Primera Escuela Fundadora de Fe y Alegr\u00eda Potos\u00ed. <\/span><\/p>\n<p align=\"justify\"><span style=\"font-family: 'Fira Sans';font-size: 12pt\">Entonces fung\u00eda como Director Nacional de Fe y Alegr\u00eda el Prof. Humberto Portocarrero y como autoridades locales el Director Distrital de Educaci\u00f3n Urbana, Prof. Dr. Benicio Montero Mallo, y el Jefe del Distrito Escolar de Potos\u00ed, Dr. Prof. Arturo Molina. Con la presencia de las mencionadas autoridades educativas del distrito escolar de Potos\u00ed, autoridades educativas de Fe y Alegr\u00eda, el P. Ram\u00f3n Alaix SJ \u2014como director, personal docente y administrativo\u2014, m\u00e1s la masiva concurrencia del barrio, se procedi\u00f3 a la solemne inauguraci\u00f3n y fundaci\u00f3n del establecimiento. \u00c9ste, en principio, comenz\u00f3 a funcionar con una secci\u00f3n de kindergarten y los primeros cuatro cursos del nivel primario.<\/span><\/p>\n<p align=\"justify\"><span style=\"font-family: 'Fira Sans';font-size: 12pt\">A partir de este hito nuestro Movimiento se extendi\u00f3 a 8 provincias y 12 municipios del departamento teniendo una presencia de 60% de sus Unidades Educativas y Centros T\u00e9cnicos en el \u00e1rea rural y el 40% en el \u00e1rea urbana con 26 Unidades y Centros Educativos. <\/span><\/p>\n<p align=\"justify\"><span style=\"font-family: 'Fira Sans';font-size: 12pt\">Se cuenta con el apoyo de dos <span style=\"color: #d10a10\"><strong>Congregaciones Religiosas<\/strong><\/span>: desde 1986 la Misi\u00f3n Claretiana en el Norte de Potos\u00ed con presencia en las Unidades Educativas del extremo norte del departamento (Sacaca, Caripuyo, Acasio, San Pedro de Buena Vista y Toro Toro); y la Congregaci\u00f3n \u201cHijas de Jes\u00fas\u201d con el rol de coordinaci\u00f3n en las Unidades Educativas de San Clemente \u201cA\u201d, San Clemente \u201cB\u201d y ETA San Ignacio de Loyola.<\/span><\/p>\n<p align=\"justify\"><span style=\"font-family: 'Fira Sans';font-size: 12pt\">Actualmente, se tiene una poblaci\u00f3n de aproximadamente 571 docentes y personal administrativo, 9.941 estudiantes y 10.295 padres y madres de familia.<\/span><\/p>\n<p>[\/vc_column_text][vc_separator color=\u00bbcustom\u00bb accent_color=\u00bb#aa0f16&#8243;][\/vc_column][\/vc_row][vc_row][vc_column][vc_separator color=\u00bbcustom\u00bb accent_color=\u00bb#aa0f16&#8243;][\/vc_column][\/vc_row][vc_row][vc_column][vc_row_inner][vc_column_inner][vc_column_text]<\/p>\n<h2>Unidades Educativas<\/h2>\n<p>[\/vc_column_text][vc_empty_space][\/vc_column_inner][\/vc_row_inner][vc_row_inner][vc_column_inner width=\u00bb2\/3&#8243;][accordion_father caption_url=\u00bb\u00bb][accordion_son gradientbg=\u00bb\u00bb title=\u00bbNuestra Se\u00f1ora del Pilar Fe y Alegr\u00eda\u00bb clr=\u00bb#aa0f16&#8243;]<span style=\"font-size: 12px\"><strong>Zona:<\/strong> Villa Busch<\/span><\/p>\n<p><span style=\"font-size: 14px\">Cobija<\/span>[\/accordion_son][accordion_son gradientbg=\u00bb\u00bb title=\u00bbSan Francisco de As\u00eds Fe y Alegr\u00eda\u00bb clr=\u00bb#aa0f16&#8243;]<span style=\"font-size: 12px\"><strong>Zona:<\/strong> Villa Busch<\/span><\/p>\n<p><span style=\"font-size: 14px\">Cobija<\/span>[\/accordion_son][\/accordion_father][vc_empty_space][\/vc_column_inner][vc_column_inner width=\u00bb1\/3&#8243;][vc_single_image image=\u00bb7820&#8243; img_size=\u00bbmedium\u00bb alignment=\u00bbcenter\u00bb style=\u00bbvc_box_rounded\u00bb css_animation=\u00bbfadeIn\u00bb][\/vc_column_inner][\/vc_row_inner][\/vc_column][\/vc_row]<\/p>\n<\/div>","protected":false},"excerpt":{"rendered":"<p>[vc_row][vc_column width=\u00bb2\/3&#8243;][vc_column_text] Fe y Alegr\u00eda Pando [\/vc_column_text][\/vc_column][vc_column width=\u00bb1\/3&#8243;][\/vc_column][\/vc_row][vc_row][vc_column][vc_empty_space height=\u00bb20px\u00bb][vc_separator color=\u00bbcustom\u00bb accent_color=\u00bb#aa0f16&#8243;][\/vc_column][\/vc_row][vc_row][vc_column width=\u00bb1\/2&#8243;][vc_column_text] Fe y Alegr\u00eda Potos\u00ed nace gracias a la iniciativa del Rvdo. P. Ram\u00f3n Alaix Busquets SJ, quien se propuso la construcci\u00f3n de una escuela que beneficie a los ni\u00f1os y ni\u00f1as de una de las zonas m\u00e1s populosas de Potos\u00ed, quienes no asist\u00edan<\/p>\n","protected":false},"author":73,"featured_media":0,"parent":0,"menu_order":0,"comment_status":"closed","ping_status":"closed","template":"","meta":{"_acf_changed":false,"footnotes":""},"folder":[],"class_list":["post-9320","page","type-page","status-publish","hentry"],"acf":[],"yoast_head":"<!-- This site is optimized with the Yoast SEO plugin v27.2 - https:\/\/yoast.com\/product\/yoast-seo-wordpress\/ -->\n<title>Pando - #SomosFeyAlegria en Bolivia<\/title>\n<meta name=\"robots\" content=\"index, follow, max-snippet:-1, max-image-preview:large, max-video-preview:-1\" \/>\n<link rel=\"canonical\" href=\"https:\/\/www.feyalegria.org\/bolivia\/pando\/\" \/>\n<meta property=\"og:locale\" content=\"es_ES\" \/>\n<meta property=\"og:type\" content=\"article\" \/>\n<meta property=\"og:title\" content=\"Pando - #SomosFeyAlegria en Bolivia\" \/>\n<meta property=\"og:description\" content=\"[vc_row][vc_column width=\u00bb2\/3&#8243;][vc_column_text] Fe y Alegr\u00eda Pando [\/vc_column_text][\/vc_column][vc_column width=\u00bb1\/3&#8243;][\/vc_column][\/vc_row][vc_row][vc_column][vc_empty_space height=\u00bb20px\u00bb][vc_separator color=\u00bbcustom\u00bb accent_color=\u00bb#aa0f16&#8243;][\/vc_column][\/vc_row][vc_row][vc_column width=\u00bb1\/2&#8243;][vc_column_text] Fe y Alegr\u00eda Potos\u00ed nace gracias a la iniciativa del Rvdo. P. Ram\u00f3n Alaix Busquets SJ, quien se propuso la construcci\u00f3n de una escuela que beneficie a los ni\u00f1os y ni\u00f1as de una de las zonas m\u00e1s populosas de Potos\u00ed, quienes no asist\u00edan\" \/>\n<meta property=\"og:url\" content=\"https:\/\/www.feyalegria.org\/bolivia\/pando\/\" \/>\n<meta property=\"og:site_name\" content=\"#SomosFeyAlegria en Bolivia\" \/>\n<meta property=\"article:modified_time\" content=\"2023-07-27T19:36:06+00:00\" \/>\n<meta name=\"twitter:card\" content=\"summary_large_image\" \/>\n<meta name=\"twitter:label1\" content=\"Tiempo de lectura\" \/>\n\t<meta name=\"twitter:data1\" content=\"4 minutos\" \/>\n<script type=\"application\/ld+json\" class=\"yoast-schema-graph\">{\"@context\":\"https:\/\/schema.org\",\"@graph\":[{\"@type\":\"WebPage\",\"@id\":\"https:\/\/www.feyalegria.org\/bolivia\/pando\/\",\"url\":\"https:\/\/www.feyalegria.org\/bolivia\/pando\/\",\"name\":\"Pando - #SomosFeyAlegria en Bolivia\",\"isPartOf\":{\"@id\":\"https:\/\/www.feyalegria.org\/bolivia\/#website\"},\"datePublished\":\"2023-07-27T17:09:19+00:00\",\"dateModified\":\"2023-07-27T19:36:06+00:00\",\"breadcrumb\":{\"@id\":\"https:\/\/www.feyalegria.org\/bolivia\/pando\/#breadcrumb\"},\"inLanguage\":\"es\",\"potentialAction\":[{\"@type\":\"ReadAction\",\"target\":[\"https:\/\/www.feyalegria.org\/bolivia\/pando\/\"]}]},{\"@type\":\"BreadcrumbList\",\"@id\":\"https:\/\/www.feyalegria.org\/bolivia\/pando\/#breadcrumb\",\"itemListElement\":[{\"@type\":\"ListItem\",\"position\":1,\"name\":\"Home\",\"item\":\"https:\/\/www.feyalegria.org\/bolivia\/\"},{\"@type\":\"ListItem\",\"position\":2,\"name\":\"Pando\"}]},{\"@type\":\"WebSite\",\"@id\":\"https:\/\/www.feyalegria.org\/bolivia\/#website\",\"url\":\"https:\/\/www.feyalegria.org\/bolivia\/\",\"name\":\"#SomosFeyAlegria en Bolivia\",\"description\":\"Movimiento de Educaci\u00f3n Popular y Promoci\u00f3n Social\",\"potentialAction\":[{\"@type\":\"SearchAction\",\"target\":{\"@type\":\"EntryPoint\",\"urlTemplate\":\"https:\/\/www.feyalegria.org\/bolivia\/?s={search_term_string}\"},\"query-input\":{\"@type\":\"PropertyValueSpecification\",\"valueRequired\":true,\"valueName\":\"search_term_string\"}}],\"inLanguage\":\"es\"}]}<\/script>\n<!-- \/ Yoast SEO plugin. -->","yoast_head_json":{"title":"Pando - #SomosFeyAlegria en Bolivia","robots":{"index":"index","follow":"follow","max-snippet":"max-snippet:-1","max-image-preview":"max-image-preview:large","max-video-preview":"max-video-preview:-1"},"canonical":"https:\/\/www.feyalegria.org\/bolivia\/pando\/","og_locale":"es_ES","og_type":"article","og_title":"Pando - #SomosFeyAlegria en Bolivia","og_description":"[vc_row][vc_column width=\u00bb2\/3&#8243;][vc_column_text] Fe y Alegr\u00eda Pando [\/vc_column_text][\/vc_column][vc_column width=\u00bb1\/3&#8243;][\/vc_column][\/vc_row][vc_row][vc_column][vc_empty_space height=\u00bb20px\u00bb][vc_separator color=\u00bbcustom\u00bb accent_color=\u00bb#aa0f16&#8243;][\/vc_column][\/vc_row][vc_row][vc_column width=\u00bb1\/2&#8243;][vc_column_text] Fe y Alegr\u00eda Potos\u00ed nace gracias a la iniciativa del Rvdo. P. Ram\u00f3n Alaix Busquets SJ, quien se propuso la construcci\u00f3n de una escuela que beneficie a los ni\u00f1os y ni\u00f1as de una de las zonas m\u00e1s populosas de Potos\u00ed, quienes no asist\u00edan","og_url":"https:\/\/www.feyalegria.org\/bolivia\/pando\/","og_site_name":"#SomosFeyAlegria en Bolivia","article_modified_time":"2023-07-27T19:36:06+00:00","twitter_card":"summary_large_image","twitter_misc":{"Tiempo de lectura":"4 minutos"},"schema":{"@context":"https:\/\/schema.org","@graph":[{"@type":"WebPage","@id":"https:\/\/www.feyalegria.org\/bolivia\/pando\/","url":"https:\/\/www.feyalegria.org\/bolivia\/pando\/","name":"Pando - #SomosFeyAlegria en Bolivia","isPartOf":{"@id":"https:\/\/www.feyalegria.org\/bolivia\/#website"},"datePublished":"2023-07-27T17:09:19+00:00","dateModified":"2023-07-27T19:36:06+00:00","breadcrumb":{"@id":"https:\/\/www.feyalegria.org\/bolivia\/pando\/#breadcrumb"},"inLanguage":"es","potentialAction":[{"@type":"ReadAction","target":["https:\/\/www.feyalegria.org\/bolivia\/pando\/"]}]},{"@type":"BreadcrumbList","@id":"https:\/\/www.feyalegria.org\/bolivia\/pando\/#breadcrumb","itemListElement":[{"@type":"ListItem","position":1,"name":"Home","item":"https:\/\/www.feyalegria.org\/bolivia\/"},{"@type":"ListItem","position":2,"name":"Pando"}]},{"@type":"WebSite","@id":"https:\/\/www.feyalegria.org\/bolivia\/#website","url":"https:\/\/www.feyalegria.org\/bolivia\/","name":"#SomosFeyAlegria en Bolivia","description":"Movimiento de Educaci\u00f3n Popular y Promoci\u00f3n Social","potentialAction":[{"@type":"SearchAction","target":{"@type":"EntryPoint","urlTemplate":"https:\/\/www.feyalegria.org\/bolivia\/?s={search_term_string}"},"query-input":{"@type":"PropertyValueSpecification","valueRequired":true,"valueName":"search_term_string"}}],"inLanguage":"es"}]}},"_links":{"self":[{"href":"https:\/\/www.feyalegria.org\/bolivia\/wp-json\/wp\/v2\/pages\/9320","targetHints":{"allow":["GET"]}}],"collection":[{"href":"https:\/\/www.feyalegria.org\/bolivia\/wp-json\/wp\/v2\/pages"}],"about":[{"href":"https:\/\/www.feyalegria.org\/bolivia\/wp-json\/wp\/v2\/types\/page"}],"author":[{"embeddable":true,"href":"https:\/\/www.feyalegria.org\/bolivia\/wp-json\/wp\/v2\/users\/73"}],"replies":[{"embeddable":true,"href":"https:\/\/www.feyalegria.org\/bolivia\/wp-json\/wp\/v2\/comments?post=9320"}],"version-history":[{"count":0,"href":"https:\/\/www.feyalegria.org\/bolivia\/wp-json\/wp\/v2\/pages\/9320\/revisions"}],"wp:attachment":[{"href":"https:\/\/www.feyalegria.org\/bolivia\/wp-json\/wp\/v2\/media?parent=9320"}],"wp:term":[{"taxonomy":"folder","embeddable":true,"href":"https:\/\/www.feyalegria.org\/bolivia\/wp-json\/wp\/v2\/folder?post=9320"}],"curies":[{"name":"wp","href":"https:\/\/api.w.org\/{rel}","templated":true}]}}