 {"id":2414,"date":"2021-03-05T02:16:29","date_gmt":"2021-03-05T02:16:29","guid":{"rendered":"https:\/\/www.feyalegria.org\/brasil\/?page_id=2414"},"modified":"2024-09-18T00:22:51","modified_gmt":"2024-09-18T03:22:51","slug":"casadomluciano","status":"publish","type":"page","link":"https:\/\/www.feyalegria.org\/brasil\/casadomluciano\/","title":{"rendered":"Casa Dom Luciano Mendes de Almeida"},"content":{"rendered":"<div class=\"wpb-content-wrapper\"><p>[vc_row css=&#8221;.vc_custom_1610136019840{padding-top: 30px !important;}&#8221;][vc_column width=&#8221;5\/6&#8243;][vc_column_text]<\/p>\n<h1><strong>Casa Dom Luciano Mendes de Almeida<\/strong><\/h1>\n<p>[\/vc_column_text][\/vc_column][vc_column width=&#8221;1\/6&#8243; css=&#8221;.vc_custom_1616259062307{margin-top: -80px !important;}&#8221; offset=&#8221;vc_hidden-md vc_hidden-sm vc_hidden-xs&#8221;][vc_single_image image=&#8221;2283&#8243; img_size=&#8221;150&#8243; alignment=&#8221;right&#8221; style=&#8221;vc_box_circle_2&#8243;][\/vc_column][\/vc_row][vc_row][vc_column width=&#8221;1\/3&#8243;][vc_single_image image=&#8221;24888&#8243; img_size=&#8221;300&#215;300&#8243; alignment=&#8221;center&#8221; style=&#8221;vc_box_circle_2&#8243;][\/vc_column][vc_column width=&#8221;2\/3&#8243;][vc_column_text]<\/p>\n<h3>Hist\u00f3ria<\/h3>\n<p>[\/vc_column_text][vc_empty_space height=&#8221;10px&#8221;][vc_column_text css=&#8221;&#8221;]Fundada em novembro de 2018, a Casa Dom Luciano Mendes de Almeida \u00e9 um espa\u00e7o da Funda\u00e7\u00e3o F\u00e9 e Alegria do Brasil que visa acolher pessoas migrantes e refugiadas venezuelanas. Localizada em S\u00e3o Paulo, a unidade soma for\u00e7as \u00e0 estrat\u00e9gia de interioriza\u00e7\u00e3o, tendo surgido para responder \u00e0s necessidades da resposta humanit\u00e1ria, funcionando como rede de apoio para o acesso efetivo aos direitos e servi\u00e7os pelas pessoas refugiadas e migrantes rec\u00e9m-chegadas \u00e0 cidade.<\/p>\n<p>&nbsp;<\/p>\n<p>A Casa Dom Luciano \u00e9 um espa\u00e7o de acolhimento tempor\u00e1rio para essas pessoas, visando a constru\u00e7\u00e3o de estrat\u00e9gias de integra\u00e7\u00e3o na comunidade em S\u00e3o Paulo, tendo como principal desafio fornecer \u00e0s pessoas migrantes e refugiadas ferramentas para a elimina\u00e7\u00e3o das barreiras sociais, econ\u00f4micas e culturais enfrentadas no processo de integra\u00e7\u00e3o na nova comunidade.<\/p>\n<p>&nbsp;<\/p>\n<p>O perfil de acolhimento \u00e9 de fam\u00edlias venezuelanas em situa\u00e7\u00e3o de vulnerabilidade social, com prioridade de apoio a mulheres e crian\u00e7as. O p\u00fablico disp\u00f5e do acolhimento por um per\u00edodo de at\u00e9 tr\u00eas meses, com a lota\u00e7\u00e3o m\u00e1xima da Casa de Acolhida sendo de 30 pessoas por grupo, compreendendo a estadia de tr\u00eas grupos ao ano. Al\u00e9m das pessoas acolhidas, a Casa Dom Luciano tamb\u00e9m atua apoiando as fam\u00edlias que residem nas redondezas.<\/p>\n<p>&nbsp;<\/p>\n<p style=\"text-align: justify;\"><strong>Sobre a estrat\u00e9gia de interioriza\u00e7\u00e3o<\/strong><\/p>\n<p>&nbsp;<\/p>\n<p style=\"text-align: justify;\">Segundo dados da Plataforma de Coordena\u00e7\u00e3o Interagencial Para Refugiados e Migrantes da Venezuela (<strong><a href=\"https:\/\/www.r4v.info\/en\/brazil\">R4V<\/a><\/strong>), atualmente h\u00e1 no Brasil mais de 500 mil pessoas refugiadas e migrantes venezuelanas. Desde 2018 o fluxo migrat\u00f3rio dessa popula\u00e7\u00e3o tem se intensificado, sobretudo na fronteira entre Venezuela e Brasil, no estado de Roraima, o que levou \u00e0 cria\u00e7\u00e3o da <strong><a href=\"https:\/\/www.gov.br\/pt-br\/noticias\/assistencia-social\/2020\/11\/mais-1-5-mil-venezuelanos-sao-interiorizados-por-meio-da-operacao-acolhida\">Opera\u00e7\u00e3o Acolhida<\/a><\/strong>, iniciativa do Governo Federal que envolve estados, munic\u00edpios, For\u00e7as Armadas, ag\u00eancias da ONU e organiza\u00e7\u00f5es da sociedade civil para prover uma resposta humanit\u00e1ria ao fluxo migrat\u00f3rio.<\/p>\n<p>&nbsp;<\/p>\n<p style=\"text-align: justify;\">As principais for\u00e7as desse trabalho est\u00e3o focadas na estrat\u00e9gia de interioriza\u00e7\u00e3o, que consiste na realoca\u00e7\u00e3o volunt\u00e1ria, segura, ordenada e gratuita de pessoas migrantes e refugiadas venezuelanas em situa\u00e7\u00e3o de vulnerabilidade do estado de Roraima para outras cidades do Brasil, com o objetivo de proporcionar maiores oportunidades de integra\u00e7\u00e3o social, econ\u00f4mica e cultural dessas pessoas em cidades menos impactadas pelo fluxo migrat\u00f3rio.<\/p>\n<p>[\/vc_column_text][vc_empty_space height=&#8221;20px&#8221;][\/vc_column][\/vc_row][vc_row][vc_column css=&#8221;.vc_custom_1615128571603{background-color: #aa0f16 !important;border-radius: 20px !important;}&#8221;][vc_empty_space][vc_column_text css=&#8221;.vc_custom_1636580028690{background-color: #aa0f16 !important;}&#8221;]<\/p>\n<h3 style=\"text-align: center;\"><span style=\"color: #ffffff;\"><strong>Atendimento<\/strong><\/span><\/h3>\n<p>[\/vc_column_text][vc_empty_space][vc_column_text css=&#8221;.vc_custom_1718369817280{background-color: #aa0f16 !important;}&#8221;]<\/p>\n<h3 style=\"text-align: center;\"><span style=\"color: #ffffff;\"><strong>356 migrantes venezuelanos<\/strong>, maiores de 18 anos.<\/span><\/h3>\n<p>[\/vc_column_text][vc_empty_space][\/vc_column][\/vc_row][vc_row][vc_column][vc_empty_space height=&#8221;60px&#8221;][vc_column_text]<\/p>\n<h3><strong>Projetos desenvolvidos<\/strong><\/h3>\n<p>[\/vc_column_text][vc_empty_space height=&#8221;10px&#8221;][vc_column_text css=&#8221;&#8221;]<\/p>\n<h4><span style=\"color: #727176;\"><strong>Atua\u00e7\u00e3o com migrantes venezuelanos: 356<\/strong><\/span><\/h4>\n<p>&nbsp;<\/p>\n<p style=\"text-align: justify;\">A Casa Dom Luciano Mendes de Almeida busca ir al\u00e9m da acolhida f\u00edsica e disponibiliza as ferramentas para inser\u00e7\u00e3o efetiva das pessoas migrantes e refugiadas dentro do novo pa\u00eds. O verdadeiro prop\u00f3sito do acolhimento \u00e9 viabilizar um recome\u00e7o na vida de dezenas de pessoas que est\u00e3o em condi\u00e7\u00f5es de vulnerabilidade social e que deixaram seu pa\u00eds de origem. O espa\u00e7o busca ressignificar o conceito de fronteira por meio de sua atua\u00e7\u00e3o, visto que, ao acolher migrantes for\u00e7ados e refugiados, o desafio principal \u00e9 eliminar as barreiras sociais, econ\u00f4micas e culturais.<\/p>\n<p>&nbsp;<\/p>\n<p style=\"text-align: justify;\">Assim, a Casa Dom Luciano n\u00e3o somente recebe essas pessoas em sua estrutura e lhes garante acolhida f\u00edsica, como tamb\u00e9m busca garantir a reconstru\u00e7\u00e3o de suas vidas como sujeitos de direitos que s\u00e3o, por meio do apoio, facilita\u00e7\u00e3o e orienta\u00e7\u00e3o para o acesso a direitos e servi\u00e7os, como educa\u00e7\u00e3o, mercado de trabalho formal, sa\u00fade e assist\u00eancia social.<\/p>\n<p>[\/vc_column_text][\/vc_column][\/vc_row][vc_row][vc_column][vc_column_text css=&#8221;&#8221;]<\/p>\n<h3><img loading=\"lazy\" decoding=\"async\" class=\"alignleft wp-image-28453 size-medium\" src=\"https:\/\/www.feyalegria.org\/brasil\/wp-content\/uploads\/sites\/23\/2024\/09\/Logo-Principal-Vertical-300x300.png\" alt=\"\" width=\"300\" height=\"300\" srcset=\"https:\/\/www.feyalegria.org\/brasil\/wp-content\/uploads\/sites\/23\/2024\/09\/Logo-Principal-Vertical-300x300.png 300w, https:\/\/www.feyalegria.org\/brasil\/wp-content\/uploads\/sites\/23\/2024\/09\/Logo-Principal-Vertical-1024x1024.png 1024w, https:\/\/www.feyalegria.org\/brasil\/wp-content\/uploads\/sites\/23\/2024\/09\/Logo-Principal-Vertical-768x768.png 768w, https:\/\/www.feyalegria.org\/brasil\/wp-content\/uploads\/sites\/23\/2024\/09\/Logo-Principal-Vertical-1536x1536.png 1536w\" sizes=\"auto, (max-width: 300px) 100vw, 300px\" \/>Selo de Direitos Humanos e Diversidade<\/h3>\n<p>&nbsp;<\/p>\n<p>Ao final de 2023, a Casa de Acolhida Dom Luciano Mendes de Almeida foi reconhecida com o Selo de Direitos Humanos e Diversidade \u2013 6\u00aa edi\u00e7\u00e3o. O Selo \u00e9 promovido anualmente pela Secretaria Municipal de Direitos Humanos e Cidadania (SMDHC) de S\u00e3o Paulo (SP).<\/p>\n<p>&nbsp;<\/p>\n<p>A iniciativa reconhece projetos e a\u00e7\u00f5es que promovem e defendem os direitos humanos e a diversidade em 12 categorias: Inf\u00e2ncia e Adolesc\u00eancia; Igualdade Racial; Pessoas Migrantes; Juventude; LGBTI; Mulheres; Pessoas com Defici\u00eancia; Pessoas em Situa\u00e7\u00e3o de Rua; Pessoas Idosas; Pessoas Privadas de Liberdade e Egressas; Povos Ind\u00edgenas; e Transversalidades. Em 2023, foram recebidas 358 inscri\u00e7\u00f5es \u2013 o maior n\u00famero de inscritos que o Selo j\u00e1 recebeu.[\/vc_column_text][\/vc_column][\/vc_row][vc_row][vc_column][vc_empty_space][vc_column_text]<\/p>\n<h3><strong>Galeria<\/strong><\/h3>\n<p>[\/vc_column_text][vc_empty_space height=&#8221;10px&#8221;][\/vc_column][\/vc_row][vc_row][vc_column width=&#8221;1\/3&#8243;][vc_images_carousel images=&#8221;24874,24875,24876,24877&#8243; img_size=&#8221;medium&#8221; speed=&#8221;4000&#8243; autoplay=&#8221;yes&#8221; hide_pagination_control=&#8221;yes&#8221; hide_prev_next_buttons=&#8221;yes&#8221; wrap=&#8221;yes&#8221; css_animation=&#8221;fadeIn&#8221;][\/vc_column][vc_column width=&#8221;1\/3&#8243;][vc_images_carousel images=&#8221;24881,24882,24879&#8243; img_size=&#8221;medium&#8221; speed=&#8221;4000&#8243; autoplay=&#8221;yes&#8221; hide_pagination_control=&#8221;yes&#8221; hide_prev_next_buttons=&#8221;yes&#8221; wrap=&#8221;yes&#8221; css_animation=&#8221;fadeIn&#8221; css=&#8221;&#8221;][\/vc_column][vc_column width=&#8221;1\/3&#8243;][vc_images_carousel images=&#8221;24885,24886,24883&#8243; img_size=&#8221;medium&#8221; speed=&#8221;4000&#8243; autoplay=&#8221;yes&#8221; hide_pagination_control=&#8221;yes&#8221; hide_prev_next_buttons=&#8221;yes&#8221; wrap=&#8221;yes&#8221; css_animation=&#8221;fadeIn&#8221; css=&#8221;&#8221;][\/vc_column][\/vc_row][vc_row css=&#8221;.vc_custom_1600382950718{margin-top: -25px !important;}&#8221;][vc_column offset=&#8221;vc_hidden-md vc_hidden-sm vc_hidden-xs&#8221;][vc_empty_space][vc_column_text]<\/p>\n<h3><strong>Contato<\/strong><\/h3>\n<p>[\/vc_column_text][vc_column_text css=&#8221;.vc_custom_1726627020667{padding-top: 20px !important;padding-bottom: 20px !important;background-color: #e4e4e4 !important;border-radius: 20px !important;}&#8221;]<\/p>\n<p style=\"padding-left: 80px;\">Rua S\u00e9rgio de Azevedo Valente, 146<\/p>\n<p style=\"padding-left: 80px;\">Vila Brasilina | S\u00e3o Paulo\/SP<\/p>\n<p style=\"padding-left: 80px;\">CEP: 04158-030<\/p>\n<p style=\"padding-left: 80px;\">+55 11 2594 3670<\/p>\n<p style=\"padding-left: 80px;\">+55 11 98336 9771<\/p>\n<p style=\"padding-left: 80px;\"><span style=\"color: #0000ff;\"><a style=\"color: #0000ff;\" href=\"mailto:casadomluciano@fealegria.org.br\">casadomluciano@fealegria.org.br.br<\/a><\/span><\/p>\n<p>[\/vc_column_text][\/vc_column][\/vc_row][vc_row css=&#8221;.vc_custom_1600382950718{margin-top: -25px !important;}&#8221;][vc_column offset=&#8221;vc_hidden-lg&#8221;][vc_empty_space][vc_column_text]<\/p>\n<h3><strong>Contato<\/strong><\/h3>\n<p>[\/vc_column_text][vc_column_text css=&#8221;.vc_custom_1637197337339{padding-top: 20px !important;padding-bottom: 20px !important;background-color: #e4e4e4 !important;border-radius: 20px !important;}&#8221;]<\/p>\n<p style=\"text-align: center;\">Rua S\u00e9rgio de Azevedo Valente, 146<\/p>\n<p style=\"text-align: center;\">Vila Brasilina | S\u00e3o Paulo\/SP<\/p>\n<p style=\"text-align: center;\">CEP: 04158-030<\/p>\n<p style=\"text-align: center;\">+55 11 2594 3670<\/p>\n<p style=\"text-align: center;\"><span style=\"color: #0000ff;\"><a style=\"color: #0000ff;\" href=\"mailto:casadomluciano@fealegria.org.br\">casadomluciano@fealegria.org.br<\/a><\/span><\/p>\n<p>[\/vc_column_text][\/vc_column][\/vc_row][vc_row][vc_column][vc_empty_space height=&#8221;50px&#8221;][\/vc_column][\/vc_row][vc_row][vc_column][\/vc_column][\/vc_row]<\/p>\n<\/div>","protected":false},"excerpt":{"rendered":"<p>[vc_row css=&#8221;.vc_custom_1610136019840{padding-top: 30px !important;}&#8221;][vc_column width=&#8221;5\/6&#8243;][vc_column_text] Casa Dom Luciano Mendes de Almeida [\/vc_column_text][\/vc_column][vc_column width=&#8221;1\/6&#8243; css=&#8221;.vc_custom_1616259062307{margin-top: -80px !important;}&#8221; offset=&#8221;vc_hidden-md vc_hidden-sm vc_hidden-xs&#8221;][vc_single_image image=&#8221;2283&#8243; img_size=&#8221;150&#8243; alignment=&#8221;right&#8221; style=&#8221;vc_box_circle_2&#8243;][\/vc_column][\/vc_row][vc_row][vc_column width=&#8221;1\/3&#8243;][vc_single_image image=&#8221;24888&#8243; img_size=&#8221;300&#215;300&#8243; alignment=&#8221;center&#8221; style=&#8221;vc_box_circle_2&#8243;][\/vc_column][vc_column width=&#8221;2\/3&#8243;][vc_column_text] Hist\u00f3ria [\/vc_column_text][vc_empty_space height=&#8221;10px&#8221;][vc_column_text css=&#8221;&#8221;]Fundada em novembro de 2018, a Casa Dom Luciano Mendes de Almeida \u00e9 um espa\u00e7o da Funda\u00e7\u00e3o F\u00e9 e Alegria do Brasil que<\/p>\n","protected":false},"author":19,"featured_media":0,"parent":0,"menu_order":0,"comment_status":"closed","ping_status":"closed","template":"","meta":{"_acf_changed":false,"footnotes":""},"folder":[],"class_list":["post-2414","page","type-page","status-publish","hentry"],"acf":[],"yoast_head":"<!-- This site is optimized with the Yoast SEO plugin v27.2 - https:\/\/yoast.com\/product\/yoast-seo-wordpress\/ -->\n<title>Casa Dom Luciano Mendes de Almeida - #SomosF\u00e9eAlegria en Brasil<\/title>\n<meta name=\"robots\" content=\"index, follow, max-snippet:-1, max-image-preview:large, max-video-preview:-1\" \/>\n<link rel=\"canonical\" href=\"https:\/\/www.feyalegria.org\/brasil\/casadomluciano\/\" \/>\n<meta property=\"og:locale\" content=\"es_ES\" \/>\n<meta property=\"og:type\" content=\"article\" \/>\n<meta property=\"og:title\" content=\"Casa Dom Luciano Mendes de Almeida - #SomosF\u00e9eAlegria en Brasil\" \/>\n<meta property=\"og:description\" content=\"[vc_row css=&#8221;.vc_custom_1610136019840{padding-top: 30px !important;}&#8221;][vc_column width=&#8221;5\/6&#8243;][vc_column_text] Casa Dom Luciano Mendes de Almeida [\/vc_column_text][\/vc_column][vc_column width=&#8221;1\/6&#8243; css=&#8221;.vc_custom_1616259062307{margin-top: -80px !important;}&#8221; offset=&#8221;vc_hidden-md vc_hidden-sm vc_hidden-xs&#8221;][vc_single_image image=&#8221;2283&#8243; img_size=&#8221;150&#8243; alignment=&#8221;right&#8221; style=&#8221;vc_box_circle_2&#8243;][\/vc_column][\/vc_row][vc_row][vc_column width=&#8221;1\/3&#8243;][vc_single_image image=&#8221;24888&#8243; img_size=&#8221;300&#215;300&#8243; alignment=&#8221;center&#8221; style=&#8221;vc_box_circle_2&#8243;][\/vc_column][vc_column width=&#8221;2\/3&#8243;][vc_column_text] Hist\u00f3ria [\/vc_column_text][vc_empty_space height=&#8221;10px&#8221;][vc_column_text css=&#8221;&#8221;]Fundada em novembro de 2018, a Casa Dom Luciano Mendes de Almeida \u00e9 um espa\u00e7o da Funda\u00e7\u00e3o F\u00e9 e Alegria do Brasil que\" \/>\n<meta property=\"og:url\" content=\"https:\/\/www.feyalegria.org\/brasil\/casadomluciano\/\" \/>\n<meta property=\"og:site_name\" content=\"#SomosF\u00e9eAlegria en Brasil\" \/>\n<meta property=\"article:modified_time\" content=\"2024-09-18T03:22:51+00:00\" \/>\n<meta property=\"og:image\" content=\"https:\/\/www.feyalegria.org\/brasil\/wp-content\/uploads\/sites\/23\/2024\/09\/Logo-Principal-Vertical-300x300.png\" \/>\n<meta name=\"twitter:card\" content=\"summary_large_image\" \/>\n<meta name=\"twitter:label1\" content=\"Tiempo de lectura\" \/>\n\t<meta name=\"twitter:data1\" content=\"7 minutos\" \/>\n<script type=\"application\/ld+json\" class=\"yoast-schema-graph\">{\"@context\":\"https:\/\/schema.org\",\"@graph\":[{\"@type\":\"WebPage\",\"@id\":\"https:\/\/www.feyalegria.org\/brasil\/casadomluciano\/\",\"url\":\"https:\/\/www.feyalegria.org\/brasil\/casadomluciano\/\",\"name\":\"Casa Dom Luciano Mendes de Almeida - #SomosF\u00e9eAlegria en Brasil\",\"isPartOf\":{\"@id\":\"https:\/\/www.feyalegria.org\/brasil\/#website\"},\"primaryImageOfPage\":{\"@id\":\"https:\/\/www.feyalegria.org\/brasil\/casadomluciano\/#primaryimage\"},\"image\":{\"@id\":\"https:\/\/www.feyalegria.org\/brasil\/casadomluciano\/#primaryimage\"},\"thumbnailUrl\":\"https:\/\/www.feyalegria.org\/brasil\/wp-content\/uploads\/sites\/23\/2024\/09\/Logo-Principal-Vertical-300x300.png\",\"datePublished\":\"2021-03-05T02:16:29+00:00\",\"dateModified\":\"2024-09-18T03:22:51+00:00\",\"inLanguage\":\"es-CO\",\"potentialAction\":[{\"@type\":\"ReadAction\",\"target\":[\"https:\/\/www.feyalegria.org\/brasil\/casadomluciano\/\"]}]},{\"@type\":\"ImageObject\",\"inLanguage\":\"es-CO\",\"@id\":\"https:\/\/www.feyalegria.org\/brasil\/casadomluciano\/#primaryimage\",\"url\":\"https:\/\/www.feyalegria.org\/brasil\/wp-content\/uploads\/sites\/23\/2024\/09\/Logo-Principal-Vertical.png\",\"contentUrl\":\"https:\/\/www.feyalegria.org\/brasil\/wp-content\/uploads\/sites\/23\/2024\/09\/Logo-Principal-Vertical.png\",\"width\":8335,\"height\":8334},{\"@type\":\"WebSite\",\"@id\":\"https:\/\/www.feyalegria.org\/brasil\/#website\",\"url\":\"https:\/\/www.feyalegria.org\/brasil\/\",\"name\":\"#SomosF\u00e9eAlegria en Brasil\",\"description\":\"\",\"potentialAction\":[{\"@type\":\"SearchAction\",\"target\":{\"@type\":\"EntryPoint\",\"urlTemplate\":\"https:\/\/www.feyalegria.org\/brasil\/?s={search_term_string}\"},\"query-input\":{\"@type\":\"PropertyValueSpecification\",\"valueRequired\":true,\"valueName\":\"search_term_string\"}}],\"inLanguage\":\"es-CO\"}]}<\/script>\n<!-- \/ Yoast SEO plugin. -->","yoast_head_json":{"title":"Casa Dom Luciano Mendes de Almeida - #SomosF\u00e9eAlegria en Brasil","robots":{"index":"index","follow":"follow","max-snippet":"max-snippet:-1","max-image-preview":"max-image-preview:large","max-video-preview":"max-video-preview:-1"},"canonical":"https:\/\/www.feyalegria.org\/brasil\/casadomluciano\/","og_locale":"es_ES","og_type":"article","og_title":"Casa Dom Luciano Mendes de Almeida - #SomosF\u00e9eAlegria en Brasil","og_description":"[vc_row css=&#8221;.vc_custom_1610136019840{padding-top: 30px !important;}&#8221;][vc_column width=&#8221;5\/6&#8243;][vc_column_text] Casa Dom Luciano Mendes de Almeida [\/vc_column_text][\/vc_column][vc_column width=&#8221;1\/6&#8243; css=&#8221;.vc_custom_1616259062307{margin-top: -80px !important;}&#8221; offset=&#8221;vc_hidden-md vc_hidden-sm vc_hidden-xs&#8221;][vc_single_image image=&#8221;2283&#8243; img_size=&#8221;150&#8243; alignment=&#8221;right&#8221; style=&#8221;vc_box_circle_2&#8243;][\/vc_column][\/vc_row][vc_row][vc_column width=&#8221;1\/3&#8243;][vc_single_image image=&#8221;24888&#8243; img_size=&#8221;300&#215;300&#8243; alignment=&#8221;center&#8221; style=&#8221;vc_box_circle_2&#8243;][\/vc_column][vc_column width=&#8221;2\/3&#8243;][vc_column_text] Hist\u00f3ria [\/vc_column_text][vc_empty_space height=&#8221;10px&#8221;][vc_column_text css=&#8221;&#8221;]Fundada em novembro de 2018, a Casa Dom Luciano Mendes de Almeida \u00e9 um espa\u00e7o da Funda\u00e7\u00e3o F\u00e9 e Alegria do Brasil que","og_url":"https:\/\/www.feyalegria.org\/brasil\/casadomluciano\/","og_site_name":"#SomosF\u00e9eAlegria en Brasil","article_modified_time":"2024-09-18T03:22:51+00:00","og_image":[{"url":"https:\/\/www.feyalegria.org\/brasil\/wp-content\/uploads\/sites\/23\/2024\/09\/Logo-Principal-Vertical-300x300.png","type":"","width":"","height":""}],"twitter_card":"summary_large_image","twitter_misc":{"Tiempo de lectura":"7 minutos"},"schema":{"@context":"https:\/\/schema.org","@graph":[{"@type":"WebPage","@id":"https:\/\/www.feyalegria.org\/brasil\/casadomluciano\/","url":"https:\/\/www.feyalegria.org\/brasil\/casadomluciano\/","name":"Casa Dom Luciano Mendes de Almeida - #SomosF\u00e9eAlegria en Brasil","isPartOf":{"@id":"https:\/\/www.feyalegria.org\/brasil\/#website"},"primaryImageOfPage":{"@id":"https:\/\/www.feyalegria.org\/brasil\/casadomluciano\/#primaryimage"},"image":{"@id":"https:\/\/www.feyalegria.org\/brasil\/casadomluciano\/#primaryimage"},"thumbnailUrl":"https:\/\/www.feyalegria.org\/brasil\/wp-content\/uploads\/sites\/23\/2024\/09\/Logo-Principal-Vertical-300x300.png","datePublished":"2021-03-05T02:16:29+00:00","dateModified":"2024-09-18T03:22:51+00:00","inLanguage":"es-CO","potentialAction":[{"@type":"ReadAction","target":["https:\/\/www.feyalegria.org\/brasil\/casadomluciano\/"]}]},{"@type":"ImageObject","inLanguage":"es-CO","@id":"https:\/\/www.feyalegria.org\/brasil\/casadomluciano\/#primaryimage","url":"https:\/\/www.feyalegria.org\/brasil\/wp-content\/uploads\/sites\/23\/2024\/09\/Logo-Principal-Vertical.png","contentUrl":"https:\/\/www.feyalegria.org\/brasil\/wp-content\/uploads\/sites\/23\/2024\/09\/Logo-Principal-Vertical.png","width":8335,"height":8334},{"@type":"WebSite","@id":"https:\/\/www.feyalegria.org\/brasil\/#website","url":"https:\/\/www.feyalegria.org\/brasil\/","name":"#SomosF\u00e9eAlegria en Brasil","description":"","potentialAction":[{"@type":"SearchAction","target":{"@type":"EntryPoint","urlTemplate":"https:\/\/www.feyalegria.org\/brasil\/?s={search_term_string}"},"query-input":{"@type":"PropertyValueSpecification","valueRequired":true,"valueName":"search_term_string"}}],"inLanguage":"es-CO"}]}},"_links":{"self":[{"href":"https:\/\/www.feyalegria.org\/brasil\/wp-json\/wp\/v2\/pages\/2414","targetHints":{"allow":["GET"]}}],"collection":[{"href":"https:\/\/www.feyalegria.org\/brasil\/wp-json\/wp\/v2\/pages"}],"about":[{"href":"https:\/\/www.feyalegria.org\/brasil\/wp-json\/wp\/v2\/types\/page"}],"author":[{"embeddable":true,"href":"https:\/\/www.feyalegria.org\/brasil\/wp-json\/wp\/v2\/users\/19"}],"replies":[{"embeddable":true,"href":"https:\/\/www.feyalegria.org\/brasil\/wp-json\/wp\/v2\/comments?post=2414"}],"version-history":[{"count":0,"href":"https:\/\/www.feyalegria.org\/brasil\/wp-json\/wp\/v2\/pages\/2414\/revisions"}],"wp:attachment":[{"href":"https:\/\/www.feyalegria.org\/brasil\/wp-json\/wp\/v2\/media?parent=2414"}],"wp:term":[{"taxonomy":"folder","embeddable":true,"href":"https:\/\/www.feyalegria.org\/brasil\/wp-json\/wp\/v2\/folder?post=2414"}],"curies":[{"name":"wp","href":"https:\/\/api.w.org\/{rel}","templated":true}]}}