 {"id":24239,"date":"2021-03-24T13:09:22","date_gmt":"2021-03-24T13:09:22","guid":{"rendered":"https:\/\/www.feyalegria.org\/brasil\/?page_id=24239"},"modified":"2021-03-29T16:07:11","modified_gmt":"2021-03-29T16:07:11","slug":"educacao-popular","status":"publish","type":"page","link":"https:\/\/www.feyalegria.org\/brasil\/educacao-popular\/","title":{"rendered":"Educa\u00e7\u00e3o popular"},"content":{"rendered":"<div class=\"wpb-content-wrapper\"><p>[vc_row css=&#8221;.vc_custom_1610136019840{padding-top: 30px !important;}&#8221;][vc_column width=&#8221;5\/6&#8243;][vc_column_text]<\/p>\n<h1>Educa\u00e7\u00e3o popular<\/h1>\n<p>[\/vc_column_text][\/vc_column][vc_column width=&#8221;1\/6&#8243; css=&#8221;.vc_custom_1616259062307{margin-top: -80px !important;}&#8221; offset=&#8221;vc_hidden-md vc_hidden-sm vc_hidden-xs&#8221;][vc_single_image image=&#8221;2283&#8243; img_size=&#8221;150&#8243; alignment=&#8221;right&#8221; style=&#8221;vc_box_circle_2&#8243;][\/vc_column][\/vc_row][vc_row][vc_column width=&#8221;1\/4&#8243;][vc_single_image image=&#8221;24240&#8243; alignment=&#8221;center&#8221; style=&#8221;vc_box_circle_2&#8243;][\/vc_column][vc_column width=&#8221;3\/4&#8243;][vc_column_text]<\/p>\n<p style=\"text-align: justify\">Uma proposta pedag\u00f3gica, \u00e9tica, pol\u00edtica e epistemol\u00f3gica que norteia toda a nossa a\u00e7\u00e3o educativa com vistas \u00e0 transforma\u00e7\u00e3o pessoal e social.<br \/>\nDesenvolvemos processos socioeducativos de qualidade com, de e para as comunidades, que incluam a diversidade e promovam uma cidadania comprometida com a justi\u00e7a.<\/p>\n<p>[\/vc_column_text][vc_empty_space height=&#8221;20px&#8221;][\/vc_column][\/vc_row][vc_row][vc_column][vc_separator color=&#8221;custom&#8221; accent_color=&#8221;#aa0f16&#8243;][\/vc_column][\/vc_row][vc_row][vc_column width=&#8221;1\/2&#8243;][vc_column_text]<\/p>\n<h4>Linhas de a\u00e7\u00e3o<\/h4>\n<p>[\/vc_column_text][vc_empty_space height=&#8221;10px&#8221;][vc_column_text]<\/p>\n<p align=\"justify\">1. Fortalecer a dimens\u00e3o sociopol\u00edtica da educa\u00e7\u00e3o popular: integrando as dimens\u00f5es \u00e9tica, sociopol\u00edtica, pedag\u00f3gica e epistemol\u00f3gica, com inten\u00e7\u00f5es transformadoras e de uma f\u00e9 e espiritualidade comprometidas com a justi\u00e7a.<\/p>\n<p>&nbsp;<\/p>\n<p align=\"justify\">2. Promover a dimens\u00e3o inclusiva da educa\u00e7\u00e3o popular: desenvolvendo propostas socioeducativas que valorizem a diversidade como uma riqueza e permitam a inclus\u00e3o de crian\u00e7as e jovens discriminados pelo sistema educacional.<\/p>\n<p>&nbsp;<\/p>\n<p align=\"justify\">3. Fortalecer a dimens\u00e3o da qualidade da Educa\u00e7\u00e3o Popular: promo\u00e7\u00e3o de uma cultura institucional de qualidade por meio da implanta\u00e7\u00e3o de um sistema de melhoria cont\u00ednua da qualidade educacional para a forma\u00e7\u00e3o de pessoas que contribuam para a transforma\u00e7\u00e3o social.<\/p>\n<p>[\/vc_column_text][\/vc_column][vc_column width=&#8221;1\/2&#8243;][vc_column_text]<\/p>\n<h4>Iniciativas deste eixo<\/h4>\n<p>[\/vc_column_text][vc_tta_accordion active_section=&#8221;&#8221; collapsible_all=&#8221;true&#8221;][vc_tta_section title=&#8221;Reflex\u00e3o sobre Educa\u00e7\u00e3o Popular&#8221; tab_id=&#8221;1616590523720-db42a57e-950a&#8221;][vc_column_text]<\/p>\n<p style=\"text-align: justify\">Vivemos uma mudan\u00e7a de tempo em que se transformam os paradigmas, contextos e sujeitos da nossa a\u00e7\u00e3o educativa.\u00a0As premissas que garantiram o nosso sucesso no s\u00e9culo XX n\u00e3o garantem necessariamente a nossa relev\u00e2ncia e relev\u00e2ncia neste s\u00e9culo XXI.\u00a0Por isso, realizamos uma reflex\u00e3o profunda que renova nossa proposta de Educa\u00e7\u00e3o Popular nas \u00e1reas Pol\u00edtica, Educacional, Pedag\u00f3gica e Did\u00e1tica.<\/p>\n<p>[\/vc_column_text][\/vc_tta_section][vc_tta_section title=&#8221;Treinamento para o trabalho&#8221; tab_id=&#8221;1616590523751-1cdaab59-2298&#8243;][vc_column_text]<\/p>\n<p style=\"text-align: justify\">Continuamos com nossas pr\u00e1ticas de educa\u00e7\u00e3o para o trabalho com uma perspectiva de equidade de g\u00eanero, com \u00eanfase no desenvolvimento de habilidades para estimular a aprendizagem ao longo da vida, a coloca\u00e7\u00e3o profissional e o empreendedorismo. Sentimos a urg\u00eancia de repensar nestes tempos o significado da educa\u00e7\u00e3o e do trabalho em diferentes contextos.<\/p>\n<p>[\/vc_column_text][\/vc_tta_section][vc_tta_section title=&#8221;Inova\u00e7\u00e3o Educacional&#8221; tab_id=&#8221;1616590674248-6a3100c9-2525&#8243;][vc_column_text]<\/p>\n<p style=\"text-align: justify\">\u00c9 preciso dar respostas aos novos desafios colocados pelas mudan\u00e7as no meio ambiente, buscar a transforma\u00e7\u00e3o social por meio da educa\u00e7\u00e3o, ou seja, \u00e9 buscar a partir da educa\u00e7\u00e3o novos caminhos para responder com maior relev\u00e2ncia \u00e0 realidade mutante que nos desafia.<\/p>\n<p>[\/vc_column_text][\/vc_tta_section][vc_tta_section title=&#8221;Sistema de melhoria da qualidade educacional (SMCE)&#8221; tab_id=&#8221;1616590699912-c485e04b-dcef&#8221;][vc_column_text]<\/p>\n<p style=\"text-align: justify\">Procuramos melhorar as a\u00e7\u00f5es da Fe y Alegr\u00eda, formando uma rede de pa\u00edses que aplicam o Sistema de Melhoria da Qualidade em Fe y Alegr\u00eda que, trabalhando juntos, \u00e9 acompanhada e monitorada. Revisamos o SMC nos contextos das novas F&amp;A. Fortalecemos o posicionamento da FyA perante diferentes entidades educacionais nacionais e internacionais a partir do que aprendemos com o SMC.<\/p>\n<p>[\/vc_column_text][\/vc_tta_section][vc_tta_section title=&#8221;G\u00eanero&#8221; tab_id=&#8221;1616590731969-817d1b0a-635f&#8221;][vc_column_text]<\/p>\n<p style=\"text-align: justify\">Somos uma institui\u00e7\u00e3o que promove espa\u00e7os mistas e promove rela\u00e7\u00f5es equitativas entre homens e mulheres em suas pr\u00e1ticas pedag\u00f3gicas.<\/p>\n<p>[\/vc_column_text][\/vc_tta_section][vc_tta_section title=&#8221;Treinamento e Acompanhamento de Professores&#8221; tab_id=&#8221;1616590763085-6696552a-a7b0&#8243;][vc_column_text]<\/p>\n<p style=\"text-align: justify\">Acompanhamos a proposta de trabalho da Fe y Alegr\u00eda, proporcionando recursos e estrat\u00e9gias para a forma\u00e7\u00e3o de educadores e dirigentes dos centros de Educa\u00e7\u00e3o Popular. Desenvolvemos e gerenciamos estrat\u00e9gias virtuais para apoiar todos os pa\u00edses e centros; Ofereceremos estrat\u00e9gias e sistemas de fortalecimento de equipes pedag\u00f3gicas nacionais de apoio a centros, redes e \/ ou projetos.<\/p>\n<p>[\/vc_column_text][\/vc_tta_section][\/vc_tta_accordion][\/vc_column][\/vc_row][vc_row][vc_column][vc_separator color=&#8221;custom&#8221; accent_color=&#8221;#aa0f16&#8243;][vc_empty_space height=&#8221;50px&#8221;][\/vc_column][\/vc_row]<\/p>\n<\/div>","protected":false},"excerpt":{"rendered":"<p>[vc_row css=&#8221;.vc_custom_1610136019840{padding-top: 30px !important;}&#8221;][vc_column width=&#8221;5\/6&#8243;][vc_column_text] Educa\u00e7\u00e3o popular [\/vc_column_text][\/vc_column][vc_column width=&#8221;1\/6&#8243; css=&#8221;.vc_custom_1616259062307{margin-top: -80px !important;}&#8221; offset=&#8221;vc_hidden-md vc_hidden-sm vc_hidden-xs&#8221;][vc_single_image image=&#8221;2283&#8243; img_size=&#8221;150&#8243; alignment=&#8221;right&#8221; style=&#8221;vc_box_circle_2&#8243;][\/vc_column][\/vc_row][vc_row][vc_column width=&#8221;1\/4&#8243;][vc_single_image image=&#8221;24240&#8243; alignment=&#8221;center&#8221; style=&#8221;vc_box_circle_2&#8243;][\/vc_column][vc_column width=&#8221;3\/4&#8243;][vc_column_text] Uma proposta pedag\u00f3gica, \u00e9tica, pol\u00edtica e epistemol\u00f3gica que norteia toda a nossa a\u00e7\u00e3o educativa com vistas \u00e0 transforma\u00e7\u00e3o pessoal e social. Desenvolvemos processos socioeducativos de qualidade com, de e para as<\/p>\n","protected":false},"author":19,"featured_media":0,"parent":0,"menu_order":0,"comment_status":"closed","ping_status":"closed","template":"","meta":{"_acf_changed":false,"footnotes":""},"folder":[],"class_list":["post-24239","page","type-page","status-publish","hentry"],"acf":[],"yoast_head":"<!-- This site is optimized with the Yoast SEO plugin v27.2 - https:\/\/yoast.com\/product\/yoast-seo-wordpress\/ -->\n<title>Educa\u00e7\u00e3o popular - #SomosF\u00e9eAlegria en Brasil<\/title>\n<meta name=\"robots\" content=\"index, follow, max-snippet:-1, max-image-preview:large, max-video-preview:-1\" \/>\n<link rel=\"canonical\" href=\"https:\/\/www.feyalegria.org\/brasil\/educacao-popular\/\" \/>\n<meta property=\"og:locale\" content=\"es_ES\" \/>\n<meta property=\"og:type\" content=\"article\" \/>\n<meta property=\"og:title\" content=\"Educa\u00e7\u00e3o popular - #SomosF\u00e9eAlegria en Brasil\" \/>\n<meta property=\"og:description\" content=\"[vc_row css=&#8221;.vc_custom_1610136019840{padding-top: 30px !important;}&#8221;][vc_column width=&#8221;5\/6&#8243;][vc_column_text] Educa\u00e7\u00e3o popular [\/vc_column_text][\/vc_column][vc_column width=&#8221;1\/6&#8243; css=&#8221;.vc_custom_1616259062307{margin-top: -80px !important;}&#8221; offset=&#8221;vc_hidden-md vc_hidden-sm vc_hidden-xs&#8221;][vc_single_image image=&#8221;2283&#8243; img_size=&#8221;150&#8243; alignment=&#8221;right&#8221; style=&#8221;vc_box_circle_2&#8243;][\/vc_column][\/vc_row][vc_row][vc_column width=&#8221;1\/4&#8243;][vc_single_image image=&#8221;24240&#8243; alignment=&#8221;center&#8221; style=&#8221;vc_box_circle_2&#8243;][\/vc_column][vc_column width=&#8221;3\/4&#8243;][vc_column_text] Uma proposta pedag\u00f3gica, \u00e9tica, pol\u00edtica e epistemol\u00f3gica que norteia toda a nossa a\u00e7\u00e3o educativa com vistas \u00e0 transforma\u00e7\u00e3o pessoal e social. Desenvolvemos processos socioeducativos de qualidade com, de e para as\" \/>\n<meta property=\"og:url\" content=\"https:\/\/www.feyalegria.org\/brasil\/educacao-popular\/\" \/>\n<meta property=\"og:site_name\" content=\"#SomosF\u00e9eAlegria en Brasil\" \/>\n<meta property=\"article:modified_time\" content=\"2021-03-29T16:07:11+00:00\" \/>\n<meta name=\"twitter:card\" content=\"summary_large_image\" \/>\n<meta name=\"twitter:label1\" content=\"Tiempo de lectura\" \/>\n\t<meta name=\"twitter:data1\" content=\"4 minutos\" \/>\n<script type=\"application\/ld+json\" class=\"yoast-schema-graph\">{\"@context\":\"https:\/\/schema.org\",\"@graph\":[{\"@type\":\"WebPage\",\"@id\":\"https:\/\/www.feyalegria.org\/brasil\/educacao-popular\/\",\"url\":\"https:\/\/www.feyalegria.org\/brasil\/educacao-popular\/\",\"name\":\"Educa\u00e7\u00e3o popular - #SomosF\u00e9eAlegria en Brasil\",\"isPartOf\":{\"@id\":\"https:\/\/www.feyalegria.org\/brasil\/#website\"},\"datePublished\":\"2021-03-24T13:09:22+00:00\",\"dateModified\":\"2021-03-29T16:07:11+00:00\",\"inLanguage\":\"es-CO\",\"potentialAction\":[{\"@type\":\"ReadAction\",\"target\":[\"https:\/\/www.feyalegria.org\/brasil\/educacao-popular\/\"]}]},{\"@type\":\"WebSite\",\"@id\":\"https:\/\/www.feyalegria.org\/brasil\/#website\",\"url\":\"https:\/\/www.feyalegria.org\/brasil\/\",\"name\":\"#SomosF\u00e9eAlegria en Brasil\",\"description\":\"\",\"potentialAction\":[{\"@type\":\"SearchAction\",\"target\":{\"@type\":\"EntryPoint\",\"urlTemplate\":\"https:\/\/www.feyalegria.org\/brasil\/?s={search_term_string}\"},\"query-input\":{\"@type\":\"PropertyValueSpecification\",\"valueRequired\":true,\"valueName\":\"search_term_string\"}}],\"inLanguage\":\"es-CO\"}]}<\/script>\n<!-- \/ Yoast SEO plugin. -->","yoast_head_json":{"title":"Educa\u00e7\u00e3o popular - #SomosF\u00e9eAlegria en Brasil","robots":{"index":"index","follow":"follow","max-snippet":"max-snippet:-1","max-image-preview":"max-image-preview:large","max-video-preview":"max-video-preview:-1"},"canonical":"https:\/\/www.feyalegria.org\/brasil\/educacao-popular\/","og_locale":"es_ES","og_type":"article","og_title":"Educa\u00e7\u00e3o popular - #SomosF\u00e9eAlegria en Brasil","og_description":"[vc_row css=&#8221;.vc_custom_1610136019840{padding-top: 30px !important;}&#8221;][vc_column width=&#8221;5\/6&#8243;][vc_column_text] Educa\u00e7\u00e3o popular [\/vc_column_text][\/vc_column][vc_column width=&#8221;1\/6&#8243; css=&#8221;.vc_custom_1616259062307{margin-top: -80px !important;}&#8221; offset=&#8221;vc_hidden-md vc_hidden-sm vc_hidden-xs&#8221;][vc_single_image image=&#8221;2283&#8243; img_size=&#8221;150&#8243; alignment=&#8221;right&#8221; style=&#8221;vc_box_circle_2&#8243;][\/vc_column][\/vc_row][vc_row][vc_column width=&#8221;1\/4&#8243;][vc_single_image image=&#8221;24240&#8243; alignment=&#8221;center&#8221; style=&#8221;vc_box_circle_2&#8243;][\/vc_column][vc_column width=&#8221;3\/4&#8243;][vc_column_text] Uma proposta pedag\u00f3gica, \u00e9tica, pol\u00edtica e epistemol\u00f3gica que norteia toda a nossa a\u00e7\u00e3o educativa com vistas \u00e0 transforma\u00e7\u00e3o pessoal e social. Desenvolvemos processos socioeducativos de qualidade com, de e para as","og_url":"https:\/\/www.feyalegria.org\/brasil\/educacao-popular\/","og_site_name":"#SomosF\u00e9eAlegria en Brasil","article_modified_time":"2021-03-29T16:07:11+00:00","twitter_card":"summary_large_image","twitter_misc":{"Tiempo de lectura":"4 minutos"},"schema":{"@context":"https:\/\/schema.org","@graph":[{"@type":"WebPage","@id":"https:\/\/www.feyalegria.org\/brasil\/educacao-popular\/","url":"https:\/\/www.feyalegria.org\/brasil\/educacao-popular\/","name":"Educa\u00e7\u00e3o popular - #SomosF\u00e9eAlegria en Brasil","isPartOf":{"@id":"https:\/\/www.feyalegria.org\/brasil\/#website"},"datePublished":"2021-03-24T13:09:22+00:00","dateModified":"2021-03-29T16:07:11+00:00","inLanguage":"es-CO","potentialAction":[{"@type":"ReadAction","target":["https:\/\/www.feyalegria.org\/brasil\/educacao-popular\/"]}]},{"@type":"WebSite","@id":"https:\/\/www.feyalegria.org\/brasil\/#website","url":"https:\/\/www.feyalegria.org\/brasil\/","name":"#SomosF\u00e9eAlegria en Brasil","description":"","potentialAction":[{"@type":"SearchAction","target":{"@type":"EntryPoint","urlTemplate":"https:\/\/www.feyalegria.org\/brasil\/?s={search_term_string}"},"query-input":{"@type":"PropertyValueSpecification","valueRequired":true,"valueName":"search_term_string"}}],"inLanguage":"es-CO"}]}},"_links":{"self":[{"href":"https:\/\/www.feyalegria.org\/brasil\/wp-json\/wp\/v2\/pages\/24239","targetHints":{"allow":["GET"]}}],"collection":[{"href":"https:\/\/www.feyalegria.org\/brasil\/wp-json\/wp\/v2\/pages"}],"about":[{"href":"https:\/\/www.feyalegria.org\/brasil\/wp-json\/wp\/v2\/types\/page"}],"author":[{"embeddable":true,"href":"https:\/\/www.feyalegria.org\/brasil\/wp-json\/wp\/v2\/users\/19"}],"replies":[{"embeddable":true,"href":"https:\/\/www.feyalegria.org\/brasil\/wp-json\/wp\/v2\/comments?post=24239"}],"version-history":[{"count":0,"href":"https:\/\/www.feyalegria.org\/brasil\/wp-json\/wp\/v2\/pages\/24239\/revisions"}],"wp:attachment":[{"href":"https:\/\/www.feyalegria.org\/brasil\/wp-json\/wp\/v2\/media?parent=24239"}],"wp:term":[{"taxonomy":"folder","embeddable":true,"href":"https:\/\/www.feyalegria.org\/brasil\/wp-json\/wp\/v2\/folder?post=24239"}],"curies":[{"name":"wp","href":"https:\/\/api.w.org\/{rel}","templated":true}]}}