 {"id":24249,"date":"2021-03-24T13:29:00","date_gmt":"2021-03-24T13:29:00","guid":{"rendered":"https:\/\/www.feyalegria.org\/brasil\/?page_id=24249"},"modified":"2021-03-24T13:29:00","modified_gmt":"2021-03-24T13:29:00","slug":"acao-publica","status":"publish","type":"page","link":"https:\/\/www.feyalegria.org\/brasil\/acao-publica\/","title":{"rendered":"A\u00e7\u00e3o P\u00fablica"},"content":{"rendered":"<div class=\"wpb-content-wrapper\"><p>[vc_row css=&#8221;.vc_custom_1610136019840{padding-top: 30px !important;}&#8221;][vc_column width=&#8221;5\/6&#8243;][vc_column_text]<\/p>\n<h1>A\u00e7\u00e3o P\u00fablica<\/h1>\n<p>[\/vc_column_text][\/vc_column][vc_column width=&#8221;1\/6&#8243; css=&#8221;.vc_custom_1616259062307{margin-top: -80px !important;}&#8221; offset=&#8221;vc_hidden-md vc_hidden-sm vc_hidden-xs&#8221;][vc_single_image image=&#8221;2283&#8243; img_size=&#8221;150&#8243; alignment=&#8221;right&#8221; style=&#8221;vc_box_circle_2&#8243;][\/vc_column][\/vc_row][vc_row content_placement=&#8221;middle&#8221;][vc_column width=&#8221;1\/4&#8243;][vc_single_image image=&#8221;24250&#8243; alignment=&#8221;center&#8221; style=&#8221;vc_box_circle_2&#8243;][\/vc_column][vc_column width=&#8221;3\/4&#8243;][vc_column_text]<\/p>\n<p style=\"text-align: justify\">Influenciar pol\u00edticas p\u00fablicas, promover o exerc\u00edcio pol\u00edtico em defesa do direito \u00e0 educa\u00e7\u00e3o como bem p\u00fablico por meio de iniciativas pr\u00f3prias de a\u00e7\u00e3o p\u00fablica e iniciativas mais amplas em conjunto com outros atores.<\/p>\n<p style=\"text-align: justify\">Promover espa\u00e7os e estrat\u00e9gias de comunica\u00e7\u00e3o, construir novas identidades, promover mudan\u00e7as culturais e o desenvolvimento de novas narrativas que contribuam para a transforma\u00e7\u00e3o social.<\/p>\n<p>[\/vc_column_text][vc_empty_space height=&#8221;20px&#8221;][\/vc_column][\/vc_row][vc_row][vc_column][vc_separator color=&#8221;custom&#8221; accent_color=&#8221;#aa0f16&#8243;][\/vc_column][\/vc_row][vc_row][vc_column width=&#8221;1\/2&#8243;][vc_column_text]<\/p>\n<h4>Linhas de a\u00e7\u00e3o<\/h4>\n<p>[\/vc_column_text][vc_empty_space height=&#8221;10px&#8221;][vc_column_text]<\/p>\n<p align=\"justify\">1. Comunica\u00e7\u00e3o: Construir novas narrativas que contribuam para a ressignifica\u00e7\u00e3o de novas realidades e promovam uma mudan\u00e7a de valores em nossa sociedade.<\/p>\n<p>[\/vc_column_text][\/vc_column][vc_column width=&#8221;1\/2&#8243;][vc_column_text]<\/p>\n<h4>Iniciativas deste eixo<\/h4>\n<p>[\/vc_column_text][vc_tta_accordion active_section=&#8221;&#8221; collapsible_all=&#8221;true&#8221;][vc_tta_section title=&#8221;Comunica\u00e7\u00e3o&#8221; tab_id=&#8221;1616590523720-db42a57e-950a&#8221;][vc_column_text]<\/p>\n<p style=\"text-align: justify\">O novo modelo de gest\u00e3o e o novo posicionamento da Federa\u00e7\u00e3o no mundo exige uma nova pol\u00edtica e estrat\u00e9gia de comunica\u00e7\u00e3o para acompanhar a gest\u00e3o geral nos pr\u00f3ximos anos. Vamos definir e executar um plano de comunica\u00e7\u00e3o online que inclua novas narrativas, estruturas de gest\u00e3o, meios de comunica\u00e7\u00e3o online, recursos (t\u00e9cnicos e financeiros) e pessoas necess\u00e1rias para promover a comunica\u00e7\u00e3o.<\/p>\n<p>[\/vc_column_text][\/vc_tta_section][vc_tta_section title=&#8221;Rede Internacional de Jovens&#8221; tab_id=&#8221;1616590523751-1cdaab59-2298&#8243;][vc_column_text]<\/p>\n<p style=\"text-align: justify\">A Rede Gera\u00e7\u00e3o 21+ \u00e9 a nossa proposta-aposta para promover a a\u00e7\u00e3o cidad\u00e3 organizada dos jovens de F\u00e9 y Alegria. Queremos vincular todos os movimentos juvenis que fazem a vida na FyA, com lideran\u00e7as e protagonismo juvenil nos diferentes n\u00f3s, assumindo tr\u00eas componentes de trabalho: Forma\u00e7\u00e3o, Advocacia e Comunica\u00e7\u00e3o. O foco \u00e9 a cidadania, uma cultura de paz, compet\u00eancias c\u00edvicas, g\u00eanero e meio ambiente\u2026 Aqui e agora!<\/p>\n<p>[\/vc_column_text][\/vc_tta_section][vc_tta_section title=&#8221;Cidadania&#8221; tab_id=&#8221;1616590674248-6a3100c9-2525&#8243;][vc_column_text]<\/p>\n<p style=\"text-align: justify\">O objetivo \u00e9 desenvolver as capacidades de cidadania de lideran\u00e7a, tomada de decis\u00e3o, participa\u00e7\u00e3o, sentimento de perten\u00e7a e pensamento cr\u00edtico das pessoas que fazem parte de Fe y Alegr\u00eda, com aten\u00e7\u00e3o especial aos jovens. Queremos contribuir para a constru\u00e7\u00e3o de um movimento formado por pessoas conscientes, comprometidas com a sociedade, organizadas, defensoras dos direitos e do meio ambiente.<\/p>\n<p>[\/vc_column_text][\/vc_tta_section][vc_tta_section title=&#8221;Organiza\u00e7\u00f5es internacionais&#8221; tab_id=&#8221;1616590699912-c485e04b-dcef&#8221;][vc_column_text]<\/p>\n<p style=\"text-align: justify\">F\u00e9 e Alegria \u00e9 cada vez mais um ator global no campo da educa\u00e7\u00e3o. Essas a\u00e7\u00f5es n\u00e3o podem ser realizadas isoladamente, mas com outros atores por meio de rela\u00e7\u00f5es de trabalho e articula\u00e7\u00e3o com organismos internacionais, bem como alian\u00e7as estrat\u00e9gicas com as redes sociais. Vamos aprofundar essas rela\u00e7\u00f5es de trabalho nos n\u00edveis nacional, regional e internacional.<\/p>\n<p>[\/vc_column_text][\/vc_tta_section][\/vc_tta_accordion][\/vc_column][\/vc_row][vc_row][vc_column][vc_separator color=&#8221;custom&#8221; accent_color=&#8221;#aa0f16&#8243;][vc_empty_space height=&#8221;50px&#8221;][\/vc_column][\/vc_row]<\/p>\n<\/div>","protected":false},"excerpt":{"rendered":"<p>[vc_row css=&#8221;.vc_custom_1610136019840{padding-top: 30px !important;}&#8221;][vc_column width=&#8221;5\/6&#8243;][vc_column_text] A\u00e7\u00e3o P\u00fablica [\/vc_column_text][\/vc_column][vc_column width=&#8221;1\/6&#8243; css=&#8221;.vc_custom_1616259062307{margin-top: -80px !important;}&#8221; offset=&#8221;vc_hidden-md vc_hidden-sm vc_hidden-xs&#8221;][vc_single_image image=&#8221;2283&#8243; img_size=&#8221;150&#8243; alignment=&#8221;right&#8221; style=&#8221;vc_box_circle_2&#8243;][\/vc_column][\/vc_row][vc_row content_placement=&#8221;middle&#8221;][vc_column width=&#8221;1\/4&#8243;][vc_single_image image=&#8221;24250&#8243; alignment=&#8221;center&#8221; style=&#8221;vc_box_circle_2&#8243;][\/vc_column][vc_column width=&#8221;3\/4&#8243;][vc_column_text] Influenciar pol\u00edticas p\u00fablicas, promover o exerc\u00edcio pol\u00edtico em defesa do direito \u00e0 educa\u00e7\u00e3o como bem p\u00fablico por meio de iniciativas pr\u00f3prias de a\u00e7\u00e3o p\u00fablica e iniciativas mais amplas em conjunto<\/p>\n","protected":false},"author":19,"featured_media":0,"parent":0,"menu_order":0,"comment_status":"closed","ping_status":"closed","template":"","meta":{"_acf_changed":false,"footnotes":""},"folder":[],"class_list":["post-24249","page","type-page","status-publish","hentry"],"acf":[],"yoast_head":"<!-- This site is optimized with the Yoast SEO plugin v27.2 - https:\/\/yoast.com\/product\/yoast-seo-wordpress\/ -->\n<title>A\u00e7\u00e3o P\u00fablica - #SomosF\u00e9eAlegria en Brasil<\/title>\n<meta name=\"robots\" content=\"index, follow, max-snippet:-1, max-image-preview:large, max-video-preview:-1\" \/>\n<link rel=\"canonical\" href=\"https:\/\/www.feyalegria.org\/brasil\/acao-publica\/\" \/>\n<meta property=\"og:locale\" content=\"es_ES\" \/>\n<meta property=\"og:type\" content=\"article\" \/>\n<meta property=\"og:title\" content=\"A\u00e7\u00e3o P\u00fablica - #SomosF\u00e9eAlegria en Brasil\" \/>\n<meta property=\"og:description\" content=\"[vc_row css=&#8221;.vc_custom_1610136019840{padding-top: 30px !important;}&#8221;][vc_column width=&#8221;5\/6&#8243;][vc_column_text] A\u00e7\u00e3o P\u00fablica [\/vc_column_text][\/vc_column][vc_column width=&#8221;1\/6&#8243; css=&#8221;.vc_custom_1616259062307{margin-top: -80px !important;}&#8221; offset=&#8221;vc_hidden-md vc_hidden-sm vc_hidden-xs&#8221;][vc_single_image image=&#8221;2283&#8243; img_size=&#8221;150&#8243; alignment=&#8221;right&#8221; style=&#8221;vc_box_circle_2&#8243;][\/vc_column][\/vc_row][vc_row content_placement=&#8221;middle&#8221;][vc_column width=&#8221;1\/4&#8243;][vc_single_image image=&#8221;24250&#8243; alignment=&#8221;center&#8221; style=&#8221;vc_box_circle_2&#8243;][\/vc_column][vc_column width=&#8221;3\/4&#8243;][vc_column_text] Influenciar pol\u00edticas p\u00fablicas, promover o exerc\u00edcio pol\u00edtico em defesa do direito \u00e0 educa\u00e7\u00e3o como bem p\u00fablico por meio de iniciativas pr\u00f3prias de a\u00e7\u00e3o p\u00fablica e iniciativas mais amplas em conjunto\" \/>\n<meta property=\"og:url\" content=\"https:\/\/www.feyalegria.org\/brasil\/acao-publica\/\" \/>\n<meta property=\"og:site_name\" content=\"#SomosF\u00e9eAlegria en Brasil\" \/>\n<meta name=\"twitter:card\" content=\"summary_large_image\" \/>\n<meta name=\"twitter:label1\" content=\"Tiempo de lectura\" \/>\n\t<meta name=\"twitter:data1\" content=\"3 minutos\" \/>\n<script type=\"application\/ld+json\" class=\"yoast-schema-graph\">{\"@context\":\"https:\/\/schema.org\",\"@graph\":[{\"@type\":\"WebPage\",\"@id\":\"https:\/\/www.feyalegria.org\/brasil\/acao-publica\/\",\"url\":\"https:\/\/www.feyalegria.org\/brasil\/acao-publica\/\",\"name\":\"A\u00e7\u00e3o P\u00fablica - #SomosF\u00e9eAlegria en Brasil\",\"isPartOf\":{\"@id\":\"https:\/\/www.feyalegria.org\/brasil\/#website\"},\"datePublished\":\"2021-03-24T13:29:00+00:00\",\"inLanguage\":\"es-CO\",\"potentialAction\":[{\"@type\":\"ReadAction\",\"target\":[\"https:\/\/www.feyalegria.org\/brasil\/acao-publica\/\"]}]},{\"@type\":\"WebSite\",\"@id\":\"https:\/\/www.feyalegria.org\/brasil\/#website\",\"url\":\"https:\/\/www.feyalegria.org\/brasil\/\",\"name\":\"#SomosF\u00e9eAlegria en Brasil\",\"description\":\"\",\"potentialAction\":[{\"@type\":\"SearchAction\",\"target\":{\"@type\":\"EntryPoint\",\"urlTemplate\":\"https:\/\/www.feyalegria.org\/brasil\/?s={search_term_string}\"},\"query-input\":{\"@type\":\"PropertyValueSpecification\",\"valueRequired\":true,\"valueName\":\"search_term_string\"}}],\"inLanguage\":\"es-CO\"}]}<\/script>\n<!-- \/ Yoast SEO plugin. -->","yoast_head_json":{"title":"A\u00e7\u00e3o P\u00fablica - #SomosF\u00e9eAlegria en Brasil","robots":{"index":"index","follow":"follow","max-snippet":"max-snippet:-1","max-image-preview":"max-image-preview:large","max-video-preview":"max-video-preview:-1"},"canonical":"https:\/\/www.feyalegria.org\/brasil\/acao-publica\/","og_locale":"es_ES","og_type":"article","og_title":"A\u00e7\u00e3o P\u00fablica - #SomosF\u00e9eAlegria en Brasil","og_description":"[vc_row css=&#8221;.vc_custom_1610136019840{padding-top: 30px !important;}&#8221;][vc_column width=&#8221;5\/6&#8243;][vc_column_text] A\u00e7\u00e3o P\u00fablica [\/vc_column_text][\/vc_column][vc_column width=&#8221;1\/6&#8243; css=&#8221;.vc_custom_1616259062307{margin-top: -80px !important;}&#8221; offset=&#8221;vc_hidden-md vc_hidden-sm vc_hidden-xs&#8221;][vc_single_image image=&#8221;2283&#8243; img_size=&#8221;150&#8243; alignment=&#8221;right&#8221; style=&#8221;vc_box_circle_2&#8243;][\/vc_column][\/vc_row][vc_row content_placement=&#8221;middle&#8221;][vc_column width=&#8221;1\/4&#8243;][vc_single_image image=&#8221;24250&#8243; alignment=&#8221;center&#8221; style=&#8221;vc_box_circle_2&#8243;][\/vc_column][vc_column width=&#8221;3\/4&#8243;][vc_column_text] Influenciar pol\u00edticas p\u00fablicas, promover o exerc\u00edcio pol\u00edtico em defesa do direito \u00e0 educa\u00e7\u00e3o como bem p\u00fablico por meio de iniciativas pr\u00f3prias de a\u00e7\u00e3o p\u00fablica e iniciativas mais amplas em conjunto","og_url":"https:\/\/www.feyalegria.org\/brasil\/acao-publica\/","og_site_name":"#SomosF\u00e9eAlegria en Brasil","twitter_card":"summary_large_image","twitter_misc":{"Tiempo de lectura":"3 minutos"},"schema":{"@context":"https:\/\/schema.org","@graph":[{"@type":"WebPage","@id":"https:\/\/www.feyalegria.org\/brasil\/acao-publica\/","url":"https:\/\/www.feyalegria.org\/brasil\/acao-publica\/","name":"A\u00e7\u00e3o P\u00fablica - #SomosF\u00e9eAlegria en Brasil","isPartOf":{"@id":"https:\/\/www.feyalegria.org\/brasil\/#website"},"datePublished":"2021-03-24T13:29:00+00:00","inLanguage":"es-CO","potentialAction":[{"@type":"ReadAction","target":["https:\/\/www.feyalegria.org\/brasil\/acao-publica\/"]}]},{"@type":"WebSite","@id":"https:\/\/www.feyalegria.org\/brasil\/#website","url":"https:\/\/www.feyalegria.org\/brasil\/","name":"#SomosF\u00e9eAlegria en Brasil","description":"","potentialAction":[{"@type":"SearchAction","target":{"@type":"EntryPoint","urlTemplate":"https:\/\/www.feyalegria.org\/brasil\/?s={search_term_string}"},"query-input":{"@type":"PropertyValueSpecification","valueRequired":true,"valueName":"search_term_string"}}],"inLanguage":"es-CO"}]}},"_links":{"self":[{"href":"https:\/\/www.feyalegria.org\/brasil\/wp-json\/wp\/v2\/pages\/24249","targetHints":{"allow":["GET"]}}],"collection":[{"href":"https:\/\/www.feyalegria.org\/brasil\/wp-json\/wp\/v2\/pages"}],"about":[{"href":"https:\/\/www.feyalegria.org\/brasil\/wp-json\/wp\/v2\/types\/page"}],"author":[{"embeddable":true,"href":"https:\/\/www.feyalegria.org\/brasil\/wp-json\/wp\/v2\/users\/19"}],"replies":[{"embeddable":true,"href":"https:\/\/www.feyalegria.org\/brasil\/wp-json\/wp\/v2\/comments?post=24249"}],"version-history":[{"count":0,"href":"https:\/\/www.feyalegria.org\/brasil\/wp-json\/wp\/v2\/pages\/24249\/revisions"}],"wp:attachment":[{"href":"https:\/\/www.feyalegria.org\/brasil\/wp-json\/wp\/v2\/media?parent=24249"}],"wp:term":[{"taxonomy":"folder","embeddable":true,"href":"https:\/\/www.feyalegria.org\/brasil\/wp-json\/wp\/v2\/folder?post=24249"}],"curies":[{"name":"wp","href":"https:\/\/api.w.org\/{rel}","templated":true}]}}