 {"id":24254,"date":"2021-03-24T13:40:50","date_gmt":"2021-03-24T13:40:50","guid":{"rendered":"https:\/\/www.feyalegria.org\/brasil\/?page_id=24254"},"modified":"2021-03-24T13:40:50","modified_gmt":"2021-03-24T13:40:50","slug":"sustentabilidade","status":"publish","type":"page","link":"https:\/\/www.feyalegria.org\/brasil\/sustentabilidade\/","title":{"rendered":"Sustentabilidade"},"content":{"rendered":"<div class=\"wpb-content-wrapper\"><p>[vc_row css=&#8221;.vc_custom_1610136019840{padding-top: 30px !important;}&#8221;][vc_column width=&#8221;5\/6&#8243;][vc_column_text]<\/p>\n<h1>Sustentabilidade<\/h1>\n<p>[\/vc_column_text][\/vc_column][vc_column width=&#8221;1\/6&#8243; css=&#8221;.vc_custom_1616259062307{margin-top: -80px !important;}&#8221; offset=&#8221;vc_hidden-md vc_hidden-sm vc_hidden-xs&#8221;][vc_single_image image=&#8221;2283&#8243; img_size=&#8221;150&#8243; alignment=&#8221;right&#8221; style=&#8221;vc_box_circle_2&#8243;][\/vc_column][\/vc_row][vc_row content_placement=&#8221;middle&#8221;][vc_column width=&#8221;1\/4&#8243;][vc_single_image image=&#8221;24257&#8243; alignment=&#8221;center&#8221; style=&#8221;vc_box_circle_2&#8243;][\/vc_column][vc_column width=&#8221;3\/4&#8243;][vc_column_text]<\/p>\n<p style=\"text-align: justify\">Somos um movimento que se projeta na sociedade, formado por pessoas comprometidas com nossa miss\u00e3o de transforma\u00e7\u00e3o social.<\/p>\n<p style=\"text-align: justify\">Buscamos fortalecer nossa sustentabilidade organizacional e econ\u00f4mica para garantir uma gest\u00e3o eficaz, participativa e transparente.<\/p>\n<p>[\/vc_column_text][vc_empty_space height=&#8221;20px&#8221;][\/vc_column][\/vc_row][vc_row][vc_column][vc_separator color=&#8221;custom&#8221; accent_color=&#8221;#aa0f16&#8243;][\/vc_column][\/vc_row][vc_row][vc_column width=&#8221;1\/2&#8243;][vc_column_text]<\/p>\n<h4>Linhas de a\u00e7\u00e3o<\/h4>\n<p>[\/vc_column_text][vc_empty_space height=&#8221;10px&#8221;][vc_column_text]<\/p>\n<p align=\"justify\">1. Promover em todos os pa\u00edses que integram a Federa\u00e7\u00e3o Internacional de Fe y Alegr\u00eda o sentimento de perten\u00e7a ao Movimento.<\/p>\n<p>&nbsp;<\/p>\n<p align=\"justify\">2. Fortalecer a visibilidade social e o apoio \u00e0 miss\u00e3o de Fe y Alegr\u00eda, promovendo respostas pertinentes em diversos contextos.<\/p>\n<p>&nbsp;<\/p>\n<p align=\"justify\">3. Impulsionar o Movimento implementando um sistema de gest\u00e3o flex\u00edvel e inovador.<\/p>\n<p>&nbsp;<\/p>\n<p align=\"justify\">4. Mobilizar os recursos necess\u00e1rios para projetar o servi\u00e7o educacional.<\/p>\n<p>[\/vc_column_text][\/vc_column][vc_column width=&#8221;1\/2&#8243;][vc_column_text]<\/p>\n<h4>Iniciativas deste eixo<\/h4>\n<p>[\/vc_column_text][vc_tta_accordion active_section=&#8221;&#8221; collapsible_all=&#8221;true&#8221;][vc_tta_section title=&#8221;PPF: Nova forma de procedimento federativo&#8221; tab_id=&#8221;1616590523720-db42a57e-950a&#8221;][vc_column_text]<\/p>\n<p style=\"text-align: justify\">O Plano Priorit\u00e1rio Federal (PPF) \u00e9 socializado e apropriado pelas equipes do Fe y Alegr\u00eda em todos os n\u00edveis, para produzir um movimento interno de trabalho em sinergia e em rede, respondendo a novos contextos.\u00a0Possui tr\u00eas componentes principais:<\/p>\n<ol>\n<li>Renova\u00e7\u00e3o de estruturas de governan\u00e7a e gest\u00e3o.<\/li>\n<li>Nova forma de proceder em Networking, Comunica\u00e7\u00e3o, Lideran\u00e7a e Inova\u00e7\u00e3o<\/li>\n<li>Acompanhe a renova\u00e7\u00e3o do Fe y Alegr\u00edas Nacionales.<\/li>\n<\/ol>\n<p>[\/vc_column_text][\/vc_tta_section][vc_tta_section title=&#8221;Medi\u00e7\u00e3o de Impacto&#8221; tab_id=&#8221;1616590523751-1cdaab59-2298&#8243;][vc_column_text]<\/p>\n<p style=\"text-align: justify\">Realizar uma avalia\u00e7\u00e3o de impacto quantitativa que permita obter evid\u00eancias suficientes, acompanhadas de uma an\u00e1lise qualitativa robusta para validar e apoiar o modelo de educa\u00e7\u00e3o formal Fe y Alegr\u00eda. Trabalhar com uma amostra do Peru, Bol\u00edvia, Venezuela, Col\u00f4mbia, Guatemala e Rep\u00fablica Dominicana priorizando Estudantes, Comunidades e Sistemas Educacionais nos n\u00edveis de educa\u00e7\u00e3o infantil, fundamental e m\u00e9dio.<\/p>\n<p>[\/vc_column_text][\/vc_tta_section][vc_tta_section title=&#8221;Sustentabilidade&#8221; tab_id=&#8221;1616590674248-6a3100c9-2525&#8243;][vc_column_text]<\/p>\n<p style=\"text-align: justify\">Temos a obriga\u00e7\u00e3o de responder \u00e0 confian\u00e7a das pessoas que acreditam em Fe y Alegr\u00eda. Al\u00e9m disso, para esclarecer a gest\u00e3o transparente dos recursos, queremos diagnosticar a situa\u00e7\u00e3o e os cen\u00e1rios futuros com respeito \u00e0 sustentabilidade de Fe y Alegr\u00eda como um todo. Propomo-nos a conceber propostas federativas para abordar os aspectos mais fracos ou em risco, bem como diversificar as fontes de financiamento atrav\u00e9s do acesso a novos n\u00edveis globais e regionais.<\/p>\n<p>[\/vc_column_text][\/vc_tta_section][vc_tta_section title=&#8221;F\u00e9 e Alegria Estados Unidos&#8221; tab_id=&#8221;1616590699912-c485e04b-dcef&#8221;][vc_column_text]<\/p>\n<p style=\"text-align: justify\">Continuaremos a estabelecer rela\u00e7\u00f5es tanto nos Estados Unidos da Am\u00e9rica como em outras \u00e1reas geogr\u00e1ficas com doadores pessoais e institucionais para fortalecer nosso servi\u00e7o educacional. Temos o grande desafio de aprofundar a estrat\u00e9gia de vincula\u00e7\u00e3o com atores globais dedicados \u00e0 filantropia.<\/p>\n<p>[\/vc_column_text][\/vc_tta_section][\/vc_tta_accordion][\/vc_column][\/vc_row][vc_row][vc_column][vc_separator color=&#8221;custom&#8221; accent_color=&#8221;#aa0f16&#8243;][vc_empty_space height=&#8221;50px&#8221;][\/vc_column][\/vc_row]<\/p>\n<\/div>","protected":false},"excerpt":{"rendered":"<p>[vc_row css=&#8221;.vc_custom_1610136019840{padding-top: 30px !important;}&#8221;][vc_column width=&#8221;5\/6&#8243;][vc_column_text] Sustentabilidade [\/vc_column_text][\/vc_column][vc_column width=&#8221;1\/6&#8243; css=&#8221;.vc_custom_1616259062307{margin-top: -80px !important;}&#8221; offset=&#8221;vc_hidden-md vc_hidden-sm vc_hidden-xs&#8221;][vc_single_image image=&#8221;2283&#8243; img_size=&#8221;150&#8243; alignment=&#8221;right&#8221; style=&#8221;vc_box_circle_2&#8243;][\/vc_column][\/vc_row][vc_row content_placement=&#8221;middle&#8221;][vc_column width=&#8221;1\/4&#8243;][vc_single_image image=&#8221;24257&#8243; alignment=&#8221;center&#8221; style=&#8221;vc_box_circle_2&#8243;][\/vc_column][vc_column width=&#8221;3\/4&#8243;][vc_column_text] Somos um movimento que se projeta na sociedade, formado por pessoas comprometidas com nossa miss\u00e3o de transforma\u00e7\u00e3o social. Buscamos fortalecer nossa sustentabilidade organizacional e econ\u00f4mica para garantir uma gest\u00e3o eficaz, participativa<\/p>\n","protected":false},"author":19,"featured_media":0,"parent":0,"menu_order":0,"comment_status":"closed","ping_status":"closed","template":"","meta":{"_acf_changed":false,"footnotes":""},"folder":[],"class_list":["post-24254","page","type-page","status-publish","hentry"],"acf":[],"yoast_head":"<!-- This site is optimized with the Yoast SEO plugin v27.2 - https:\/\/yoast.com\/product\/yoast-seo-wordpress\/ -->\n<title>Sustentabilidade - #SomosF\u00e9eAlegria en Brasil<\/title>\n<meta name=\"robots\" content=\"index, follow, max-snippet:-1, max-image-preview:large, max-video-preview:-1\" \/>\n<link rel=\"canonical\" href=\"https:\/\/www.feyalegria.org\/brasil\/sustentabilidade\/\" \/>\n<meta property=\"og:locale\" content=\"es_ES\" \/>\n<meta property=\"og:type\" content=\"article\" \/>\n<meta property=\"og:title\" content=\"Sustentabilidade - #SomosF\u00e9eAlegria en Brasil\" \/>\n<meta property=\"og:description\" content=\"[vc_row css=&#8221;.vc_custom_1610136019840{padding-top: 30px !important;}&#8221;][vc_column width=&#8221;5\/6&#8243;][vc_column_text] Sustentabilidade [\/vc_column_text][\/vc_column][vc_column width=&#8221;1\/6&#8243; css=&#8221;.vc_custom_1616259062307{margin-top: -80px !important;}&#8221; offset=&#8221;vc_hidden-md vc_hidden-sm vc_hidden-xs&#8221;][vc_single_image image=&#8221;2283&#8243; img_size=&#8221;150&#8243; alignment=&#8221;right&#8221; style=&#8221;vc_box_circle_2&#8243;][\/vc_column][\/vc_row][vc_row content_placement=&#8221;middle&#8221;][vc_column width=&#8221;1\/4&#8243;][vc_single_image image=&#8221;24257&#8243; alignment=&#8221;center&#8221; style=&#8221;vc_box_circle_2&#8243;][\/vc_column][vc_column width=&#8221;3\/4&#8243;][vc_column_text] Somos um movimento que se projeta na sociedade, formado por pessoas comprometidas com nossa miss\u00e3o de transforma\u00e7\u00e3o social. Buscamos fortalecer nossa sustentabilidade organizacional e econ\u00f4mica para garantir uma gest\u00e3o eficaz, participativa\" \/>\n<meta property=\"og:url\" content=\"https:\/\/www.feyalegria.org\/brasil\/sustentabilidade\/\" \/>\n<meta property=\"og:site_name\" content=\"#SomosF\u00e9eAlegria en Brasil\" \/>\n<meta name=\"twitter:card\" content=\"summary_large_image\" \/>\n<meta name=\"twitter:label1\" content=\"Tiempo de lectura\" \/>\n\t<meta name=\"twitter:data1\" content=\"3 minutos\" \/>\n<script type=\"application\/ld+json\" class=\"yoast-schema-graph\">{\"@context\":\"https:\/\/schema.org\",\"@graph\":[{\"@type\":\"WebPage\",\"@id\":\"https:\/\/www.feyalegria.org\/brasil\/sustentabilidade\/\",\"url\":\"https:\/\/www.feyalegria.org\/brasil\/sustentabilidade\/\",\"name\":\"Sustentabilidade - #SomosF\u00e9eAlegria en Brasil\",\"isPartOf\":{\"@id\":\"https:\/\/www.feyalegria.org\/brasil\/#website\"},\"datePublished\":\"2021-03-24T13:40:50+00:00\",\"inLanguage\":\"es-CO\",\"potentialAction\":[{\"@type\":\"ReadAction\",\"target\":[\"https:\/\/www.feyalegria.org\/brasil\/sustentabilidade\/\"]}]},{\"@type\":\"WebSite\",\"@id\":\"https:\/\/www.feyalegria.org\/brasil\/#website\",\"url\":\"https:\/\/www.feyalegria.org\/brasil\/\",\"name\":\"#SomosF\u00e9eAlegria en Brasil\",\"description\":\"\",\"potentialAction\":[{\"@type\":\"SearchAction\",\"target\":{\"@type\":\"EntryPoint\",\"urlTemplate\":\"https:\/\/www.feyalegria.org\/brasil\/?s={search_term_string}\"},\"query-input\":{\"@type\":\"PropertyValueSpecification\",\"valueRequired\":true,\"valueName\":\"search_term_string\"}}],\"inLanguage\":\"es-CO\"}]}<\/script>\n<!-- \/ Yoast SEO plugin. -->","yoast_head_json":{"title":"Sustentabilidade - #SomosF\u00e9eAlegria en Brasil","robots":{"index":"index","follow":"follow","max-snippet":"max-snippet:-1","max-image-preview":"max-image-preview:large","max-video-preview":"max-video-preview:-1"},"canonical":"https:\/\/www.feyalegria.org\/brasil\/sustentabilidade\/","og_locale":"es_ES","og_type":"article","og_title":"Sustentabilidade - #SomosF\u00e9eAlegria en Brasil","og_description":"[vc_row css=&#8221;.vc_custom_1610136019840{padding-top: 30px !important;}&#8221;][vc_column width=&#8221;5\/6&#8243;][vc_column_text] Sustentabilidade [\/vc_column_text][\/vc_column][vc_column width=&#8221;1\/6&#8243; css=&#8221;.vc_custom_1616259062307{margin-top: -80px !important;}&#8221; offset=&#8221;vc_hidden-md vc_hidden-sm vc_hidden-xs&#8221;][vc_single_image image=&#8221;2283&#8243; img_size=&#8221;150&#8243; alignment=&#8221;right&#8221; style=&#8221;vc_box_circle_2&#8243;][\/vc_column][\/vc_row][vc_row content_placement=&#8221;middle&#8221;][vc_column width=&#8221;1\/4&#8243;][vc_single_image image=&#8221;24257&#8243; alignment=&#8221;center&#8221; style=&#8221;vc_box_circle_2&#8243;][\/vc_column][vc_column width=&#8221;3\/4&#8243;][vc_column_text] Somos um movimento que se projeta na sociedade, formado por pessoas comprometidas com nossa miss\u00e3o de transforma\u00e7\u00e3o social. Buscamos fortalecer nossa sustentabilidade organizacional e econ\u00f4mica para garantir uma gest\u00e3o eficaz, participativa","og_url":"https:\/\/www.feyalegria.org\/brasil\/sustentabilidade\/","og_site_name":"#SomosF\u00e9eAlegria en Brasil","twitter_card":"summary_large_image","twitter_misc":{"Tiempo de lectura":"3 minutos"},"schema":{"@context":"https:\/\/schema.org","@graph":[{"@type":"WebPage","@id":"https:\/\/www.feyalegria.org\/brasil\/sustentabilidade\/","url":"https:\/\/www.feyalegria.org\/brasil\/sustentabilidade\/","name":"Sustentabilidade - #SomosF\u00e9eAlegria en Brasil","isPartOf":{"@id":"https:\/\/www.feyalegria.org\/brasil\/#website"},"datePublished":"2021-03-24T13:40:50+00:00","inLanguage":"es-CO","potentialAction":[{"@type":"ReadAction","target":["https:\/\/www.feyalegria.org\/brasil\/sustentabilidade\/"]}]},{"@type":"WebSite","@id":"https:\/\/www.feyalegria.org\/brasil\/#website","url":"https:\/\/www.feyalegria.org\/brasil\/","name":"#SomosF\u00e9eAlegria en Brasil","description":"","potentialAction":[{"@type":"SearchAction","target":{"@type":"EntryPoint","urlTemplate":"https:\/\/www.feyalegria.org\/brasil\/?s={search_term_string}"},"query-input":{"@type":"PropertyValueSpecification","valueRequired":true,"valueName":"search_term_string"}}],"inLanguage":"es-CO"}]}},"_links":{"self":[{"href":"https:\/\/www.feyalegria.org\/brasil\/wp-json\/wp\/v2\/pages\/24254","targetHints":{"allow":["GET"]}}],"collection":[{"href":"https:\/\/www.feyalegria.org\/brasil\/wp-json\/wp\/v2\/pages"}],"about":[{"href":"https:\/\/www.feyalegria.org\/brasil\/wp-json\/wp\/v2\/types\/page"}],"author":[{"embeddable":true,"href":"https:\/\/www.feyalegria.org\/brasil\/wp-json\/wp\/v2\/users\/19"}],"replies":[{"embeddable":true,"href":"https:\/\/www.feyalegria.org\/brasil\/wp-json\/wp\/v2\/comments?post=24254"}],"version-history":[{"count":0,"href":"https:\/\/www.feyalegria.org\/brasil\/wp-json\/wp\/v2\/pages\/24254\/revisions"}],"wp:attachment":[{"href":"https:\/\/www.feyalegria.org\/brasil\/wp-json\/wp\/v2\/media?parent=24254"}],"wp:term":[{"taxonomy":"folder","embeddable":true,"href":"https:\/\/www.feyalegria.org\/brasil\/wp-json\/wp\/v2\/folder?post=24254"}],"curies":[{"name":"wp","href":"https:\/\/api.w.org\/{rel}","templated":true}]}}