 {"id":2442,"date":"2021-03-06T12:52:53","date_gmt":"2021-03-06T12:52:53","guid":{"rendered":"https:\/\/www.feyalegria.org\/brasil\/?page_id=2442"},"modified":"2024-09-18T00:25:19","modified_gmt":"2024-09-18T03:25:19","slug":"ceitaipas","status":"publish","type":"page","link":"https:\/\/www.feyalegria.org\/brasil\/ceitaipas\/","title":{"rendered":"Centro Educacional Infantil Taipas"},"content":{"rendered":"<div class=\"wpb-content-wrapper\"><p>[vc_row css=&#8221;.vc_custom_1610136019840{padding-top: 30px !important;}&#8221;][vc_column width=&#8221;5\/6&#8243;][vc_column_text]<\/p>\n<h1>Centro Educacional Infantil Taipas<\/h1>\n<p>[\/vc_column_text][\/vc_column][vc_column width=&#8221;1\/6&#8243; css=&#8221;.vc_custom_1616259075980{margin-top: -80px !important;}&#8221; offset=&#8221;vc_hidden-md vc_hidden-sm vc_hidden-xs&#8221;][vc_single_image image=&#8221;2283&#8243; img_size=&#8221;150&#8243; alignment=&#8221;right&#8221; style=&#8221;vc_box_circle_2&#8243;][\/vc_column][\/vc_row][vc_row content_placement=&#8221;middle&#8221;][vc_column width=&#8221;1\/3&#8243;][vc_single_image image=&#8221;24753&#8243; img_size=&#8221;300&#215;300&#8243; alignment=&#8221;center&#8221; style=&#8221;vc_box_circle_2&#8243;][\/vc_column][vc_column width=&#8221;2\/3&#8243;][vc_column_text]<\/p>\n<h3>Hist\u00f3ria<\/h3>\n<p>[\/vc_column_text][vc_empty_space height=&#8221;10px&#8221;][vc_column_text]<\/p>\n<p style=\"text-align: justify;\">Localizado no distrito de Jaragu\u00e1, na cidade de S\u00e3o Paulo (SP), o Centro Educacional Infantil nasceu em 1980, ap\u00f3s intenso processo de mobiliza\u00e7\u00e3o social e de organiza\u00e7\u00e3o dos movimentos populares que reivindicam a amplia\u00e7\u00e3o de servi\u00e7os b\u00e1sicos para popula\u00e7\u00e3o. \u00c0 \u00e9poca, m\u00e3es e lideran\u00e7as locais, preocupados com a falta de institui\u00e7\u00f5es de ensino na regi\u00e3o, se uniram para inaugurar uma creche em um im\u00f3vel na regi\u00e3o, cedido por pessoas da comunidade e viabilizado por meio de trabalho volunt\u00e1rio.<\/p>\n<p>&nbsp;<\/p>\n<p style=\"text-align: justify;\">No ano seguinte, a rec\u00e9m-inaugurada Funda\u00e7\u00e3o F\u00e9 e Alegria do Brasil assumiu a administra\u00e7\u00e3o do espa\u00e7o, com o apoio do conv\u00eanio com a Prefeitura Municipal, que passou a ser conhecido por \u201cCentro Infantil F\u00e9 e Alegria\u201d.<\/p>\n<p>&nbsp;<\/p>\n<p style=\"text-align: justify;\">Ap\u00f3s algumas mudan\u00e7as de estrutura e endere\u00e7o, anos depois, foi elaborado um novo projeto arquitet\u00f4nico idealizado pelas fam\u00edlias, funcion\u00e1rios, e especialistas t\u00e9cnicos. O novo ambiente garantiu a amplia\u00e7\u00e3o da faixa et\u00e1ria (0 a 3 anos e 11 meses) e do n\u00famero de atendimentos, al\u00e9m da disponibiliza\u00e7\u00e3o de uma ala comunit\u00e1ria para reuni\u00f5es, eventos e outras atividades de integra\u00e7\u00e3o com as fam\u00edlias.<\/p>\n<p>&nbsp;<\/p>\n<p style=\"text-align: justify;\">O pr\u00e9dio foi verticalizado e sua arquitetura atual possibilita e contempla o processo de aprendizagem, na intera\u00e7\u00e3o e no desenvolvimento da autonomia, atendendo \u00e0s necessidades das crian\u00e7as nessa faixa et\u00e1ria.<\/p>\n<p>[\/vc_column_text][vc_empty_space height=&#8221;20px&#8221;][\/vc_column][\/vc_row][vc_row][vc_column css=&#8221;.vc_custom_1615131587626{background-color: #aa0f16 !important;border-radius: 20px !important;}&#8221;][vc_empty_space][vc_column_text]<\/p>\n<h3 style=\"text-align: center;\"><span style=\"color: #ffffff;\"><strong>Atendimento<\/strong><\/span><\/h3>\n<p>[\/vc_column_text][vc_empty_space][vc_column_text css=&#8221;&#8221;]<\/p>\n<h3 style=\"text-align: center;\"><span style=\"color: #ffffff;\"><strong>162<\/strong> crian\u00e7as de 0 a 5 anos e 11 meses, em per\u00edodo integral.<\/span><\/h3>\n<p>[\/vc_column_text][vc_empty_space][\/vc_column][\/vc_row][vc_row][vc_column][vc_empty_space height=&#8221;60px&#8221;][vc_column_text]<\/p>\n<h3><strong>Projetos desenvolvidos<\/strong><\/h3>\n<p>[\/vc_column_text][vc_column_text css=&#8221;&#8221;]<\/p>\n<h4><span style=\"color: #727176;\">Educa\u00e7\u00e3o Infantil: 162<\/span><\/h4>\n<p>[\/vc_column_text][vc_column_text]Considerada a primeira etapa da educa\u00e7\u00e3o b\u00e1sica, a Educa\u00e7\u00e3o Infantil atende crian\u00e7as de 0 a 5 anos e 11 meses. Sua finalidade \u00e9 o desenvolvimento integral da crian\u00e7a em seus aspectos f\u00edsico, psicol\u00f3gico, intelectual e social, complementando a a\u00e7\u00e3o da fam\u00edlia e da comunidade (Lei de Diretrizes e Bases da Educa\u00e7\u00e3o Nacional\/1996).[\/vc_column_text][\/vc_column][\/vc_row][vc_row][vc_column][vc_empty_space][vc_column_text]<\/p>\n<h3><strong>Galeria<\/strong><\/h3>\n<p>[\/vc_column_text][\/vc_column][\/vc_row][vc_row][vc_column width=&#8221;1\/3&#8243;][vc_images_carousel images=&#8221;24863,24864,24865,24866&#8243; img_size=&#8221;medium&#8221; speed=&#8221;4000&#8243; autoplay=&#8221;yes&#8221; hide_pagination_control=&#8221;yes&#8221; hide_prev_next_buttons=&#8221;yes&#8221; wrap=&#8221;yes&#8221; css_animation=&#8221;fadeIn&#8221;][\/vc_column][vc_column width=&#8221;1\/3&#8243;][vc_images_carousel images=&#8221;24868,24869,24867&#8243; img_size=&#8221;medium&#8221; speed=&#8221;4000&#8243; autoplay=&#8221;yes&#8221; hide_pagination_control=&#8221;yes&#8221; hide_prev_next_buttons=&#8221;yes&#8221; wrap=&#8221;yes&#8221; css_animation=&#8221;fadeIn&#8221;][\/vc_column][vc_column width=&#8221;1\/3&#8243;][vc_images_carousel images=&#8221;24872,24871,24870&#8243; img_size=&#8221;medium&#8221; speed=&#8221;4000&#8243; autoplay=&#8221;yes&#8221; hide_pagination_control=&#8221;yes&#8221; hide_prev_next_buttons=&#8221;yes&#8221; wrap=&#8221;yes&#8221; css_animation=&#8221;fadeIn&#8221;][\/vc_column][\/vc_row][vc_row css=&#8221;.vc_custom_1600382950718{margin-top: -25px !important;}&#8221;][vc_column offset=&#8221;vc_hidden-md vc_hidden-sm vc_hidden-xs&#8221;][vc_empty_space][vc_column_text]<\/p>\n<h3><strong>Contato<\/strong><\/h3>\n<p>[\/vc_column_text][vc_column_text css_animation=&#8221;none&#8221; css=&#8221;.vc_custom_1717562614103{padding-top: 20px !important;padding-bottom: 20px !important;background-color: #e4e4e4 !important;border-radius: 20px !important;}&#8221;]<\/p>\n<p style=\"padding-left: 40px;\">Estr. das Taipas, 3630<\/p>\n<p style=\"padding-left: 40px;\">Jardim Alvina | S\u00e3o Paulo\/SP<\/p>\n<p style=\"padding-left: 40px;\">CEP: 02991-001<\/p>\n<p style=\"padding-left: 40px;\">+55 11 3944-8237<\/p>\n<p style=\"padding-left: 40px;\">+55 11 97334-0351<\/p>\n<p style=\"padding-left: 40px;\"><a href=\"mailto:vanessa.piza@fealegria.org.br\">vanessa.piza@fealegria.org.br<\/a><\/p>\n<p>[\/vc_column_text][\/vc_column][\/vc_row][vc_row css=&#8221;.vc_custom_1600382950718{margin-top: -25px !important;}&#8221;][vc_column offset=&#8221;vc_hidden-lg&#8221;][vc_empty_space][vc_column_text]<\/p>\n<h3><strong>Contato<\/strong><\/h3>\n<p>[\/vc_column_text][vc_column_text css=&#8221;.vc_custom_1637197468305{padding-top: 20px !important;padding-bottom: 20px !important;background-color: #e4e4e4 !important;border-radius: 10px !important;}&#8221;]<\/p>\n<p style=\"padding-left: 40px;\">Estr. das Taipas, 3630<\/p>\n<p style=\"padding-left: 40px;\">Jardim Alvina | S\u00e3o Paulo\/SP<\/p>\n<p style=\"padding-left: 40px;\">CEP: 02991-001<\/p>\n<p style=\"padding-left: 40px;\">+55 11 97334-0351<\/p>\n<p>[\/vc_column_text][\/vc_column][\/vc_row][vc_row][vc_column][vc_empty_space height=&#8221;50px&#8221;][\/vc_column][\/vc_row]<\/p>\n<\/div>","protected":false},"excerpt":{"rendered":"<p>[vc_row css=&#8221;.vc_custom_1610136019840{padding-top: 30px !important;}&#8221;][vc_column width=&#8221;5\/6&#8243;][vc_column_text] Centro Educacional Infantil Taipas [\/vc_column_text][\/vc_column][vc_column width=&#8221;1\/6&#8243; css=&#8221;.vc_custom_1616259075980{margin-top: -80px !important;}&#8221; offset=&#8221;vc_hidden-md vc_hidden-sm vc_hidden-xs&#8221;][vc_single_image image=&#8221;2283&#8243; img_size=&#8221;150&#8243; alignment=&#8221;right&#8221; style=&#8221;vc_box_circle_2&#8243;][\/vc_column][\/vc_row][vc_row content_placement=&#8221;middle&#8221;][vc_column width=&#8221;1\/3&#8243;][vc_single_image image=&#8221;24753&#8243; img_size=&#8221;300&#215;300&#8243; alignment=&#8221;center&#8221; style=&#8221;vc_box_circle_2&#8243;][\/vc_column][vc_column width=&#8221;2\/3&#8243;][vc_column_text] Hist\u00f3ria [\/vc_column_text][vc_empty_space height=&#8221;10px&#8221;][vc_column_text] Localizado no distrito de Jaragu\u00e1, na cidade de S\u00e3o Paulo (SP), o Centro Educacional Infantil nasceu em 1980, ap\u00f3s intenso processo de mobiliza\u00e7\u00e3o social<\/p>\n","protected":false},"author":19,"featured_media":0,"parent":0,"menu_order":0,"comment_status":"closed","ping_status":"closed","template":"","meta":{"_acf_changed":false,"footnotes":""},"folder":[],"class_list":["post-2442","page","type-page","status-publish","hentry"],"acf":[],"yoast_head":"<!-- This site is optimized with the Yoast SEO plugin v27.2 - https:\/\/yoast.com\/product\/yoast-seo-wordpress\/ -->\n<title>Centro Educacional Infantil Taipas - #SomosF\u00e9eAlegria en Brasil<\/title>\n<meta name=\"robots\" content=\"index, follow, max-snippet:-1, max-image-preview:large, max-video-preview:-1\" \/>\n<link rel=\"canonical\" href=\"https:\/\/www.feyalegria.org\/brasil\/ceitaipas\/\" \/>\n<meta property=\"og:locale\" content=\"es_ES\" \/>\n<meta property=\"og:type\" content=\"article\" \/>\n<meta property=\"og:title\" content=\"Centro Educacional Infantil Taipas - #SomosF\u00e9eAlegria en Brasil\" \/>\n<meta property=\"og:description\" content=\"[vc_row css=&#8221;.vc_custom_1610136019840{padding-top: 30px !important;}&#8221;][vc_column width=&#8221;5\/6&#8243;][vc_column_text] Centro Educacional Infantil Taipas [\/vc_column_text][\/vc_column][vc_column width=&#8221;1\/6&#8243; css=&#8221;.vc_custom_1616259075980{margin-top: -80px !important;}&#8221; offset=&#8221;vc_hidden-md vc_hidden-sm vc_hidden-xs&#8221;][vc_single_image image=&#8221;2283&#8243; img_size=&#8221;150&#8243; alignment=&#8221;right&#8221; style=&#8221;vc_box_circle_2&#8243;][\/vc_column][\/vc_row][vc_row content_placement=&#8221;middle&#8221;][vc_column width=&#8221;1\/3&#8243;][vc_single_image image=&#8221;24753&#8243; img_size=&#8221;300&#215;300&#8243; alignment=&#8221;center&#8221; style=&#8221;vc_box_circle_2&#8243;][\/vc_column][vc_column width=&#8221;2\/3&#8243;][vc_column_text] Hist\u00f3ria [\/vc_column_text][vc_empty_space height=&#8221;10px&#8221;][vc_column_text] Localizado no distrito de Jaragu\u00e1, na cidade de S\u00e3o Paulo (SP), o Centro Educacional Infantil nasceu em 1980, ap\u00f3s intenso processo de mobiliza\u00e7\u00e3o social\" \/>\n<meta property=\"og:url\" content=\"https:\/\/www.feyalegria.org\/brasil\/ceitaipas\/\" \/>\n<meta property=\"og:site_name\" content=\"#SomosF\u00e9eAlegria en Brasil\" \/>\n<meta property=\"article:modified_time\" content=\"2024-09-18T03:25:19+00:00\" \/>\n<meta name=\"twitter:card\" content=\"summary_large_image\" \/>\n<meta name=\"twitter:label1\" content=\"Tiempo de lectura\" \/>\n\t<meta name=\"twitter:data1\" content=\"2 minutos\" \/>\n<script type=\"application\/ld+json\" class=\"yoast-schema-graph\">{\"@context\":\"https:\/\/schema.org\",\"@graph\":[{\"@type\":\"WebPage\",\"@id\":\"https:\/\/www.feyalegria.org\/brasil\/ceitaipas\/\",\"url\":\"https:\/\/www.feyalegria.org\/brasil\/ceitaipas\/\",\"name\":\"Centro Educacional Infantil Taipas - #SomosF\u00e9eAlegria en Brasil\",\"isPartOf\":{\"@id\":\"https:\/\/www.feyalegria.org\/brasil\/#website\"},\"datePublished\":\"2021-03-06T12:52:53+00:00\",\"dateModified\":\"2024-09-18T03:25:19+00:00\",\"inLanguage\":\"es-CO\",\"potentialAction\":[{\"@type\":\"ReadAction\",\"target\":[\"https:\/\/www.feyalegria.org\/brasil\/ceitaipas\/\"]}]},{\"@type\":\"WebSite\",\"@id\":\"https:\/\/www.feyalegria.org\/brasil\/#website\",\"url\":\"https:\/\/www.feyalegria.org\/brasil\/\",\"name\":\"#SomosF\u00e9eAlegria en Brasil\",\"description\":\"\",\"potentialAction\":[{\"@type\":\"SearchAction\",\"target\":{\"@type\":\"EntryPoint\",\"urlTemplate\":\"https:\/\/www.feyalegria.org\/brasil\/?s={search_term_string}\"},\"query-input\":{\"@type\":\"PropertyValueSpecification\",\"valueRequired\":true,\"valueName\":\"search_term_string\"}}],\"inLanguage\":\"es-CO\"}]}<\/script>\n<!-- \/ Yoast SEO plugin. -->","yoast_head_json":{"title":"Centro Educacional Infantil Taipas - #SomosF\u00e9eAlegria en Brasil","robots":{"index":"index","follow":"follow","max-snippet":"max-snippet:-1","max-image-preview":"max-image-preview:large","max-video-preview":"max-video-preview:-1"},"canonical":"https:\/\/www.feyalegria.org\/brasil\/ceitaipas\/","og_locale":"es_ES","og_type":"article","og_title":"Centro Educacional Infantil Taipas - #SomosF\u00e9eAlegria en Brasil","og_description":"[vc_row css=&#8221;.vc_custom_1610136019840{padding-top: 30px !important;}&#8221;][vc_column width=&#8221;5\/6&#8243;][vc_column_text] Centro Educacional Infantil Taipas [\/vc_column_text][\/vc_column][vc_column width=&#8221;1\/6&#8243; css=&#8221;.vc_custom_1616259075980{margin-top: -80px !important;}&#8221; offset=&#8221;vc_hidden-md vc_hidden-sm vc_hidden-xs&#8221;][vc_single_image image=&#8221;2283&#8243; img_size=&#8221;150&#8243; alignment=&#8221;right&#8221; style=&#8221;vc_box_circle_2&#8243;][\/vc_column][\/vc_row][vc_row content_placement=&#8221;middle&#8221;][vc_column width=&#8221;1\/3&#8243;][vc_single_image image=&#8221;24753&#8243; img_size=&#8221;300&#215;300&#8243; alignment=&#8221;center&#8221; style=&#8221;vc_box_circle_2&#8243;][\/vc_column][vc_column width=&#8221;2\/3&#8243;][vc_column_text] Hist\u00f3ria [\/vc_column_text][vc_empty_space height=&#8221;10px&#8221;][vc_column_text] Localizado no distrito de Jaragu\u00e1, na cidade de S\u00e3o Paulo (SP), o Centro Educacional Infantil nasceu em 1980, ap\u00f3s intenso processo de mobiliza\u00e7\u00e3o social","og_url":"https:\/\/www.feyalegria.org\/brasil\/ceitaipas\/","og_site_name":"#SomosF\u00e9eAlegria en Brasil","article_modified_time":"2024-09-18T03:25:19+00:00","twitter_card":"summary_large_image","twitter_misc":{"Tiempo de lectura":"2 minutos"},"schema":{"@context":"https:\/\/schema.org","@graph":[{"@type":"WebPage","@id":"https:\/\/www.feyalegria.org\/brasil\/ceitaipas\/","url":"https:\/\/www.feyalegria.org\/brasil\/ceitaipas\/","name":"Centro Educacional Infantil Taipas - #SomosF\u00e9eAlegria en Brasil","isPartOf":{"@id":"https:\/\/www.feyalegria.org\/brasil\/#website"},"datePublished":"2021-03-06T12:52:53+00:00","dateModified":"2024-09-18T03:25:19+00:00","inLanguage":"es-CO","potentialAction":[{"@type":"ReadAction","target":["https:\/\/www.feyalegria.org\/brasil\/ceitaipas\/"]}]},{"@type":"WebSite","@id":"https:\/\/www.feyalegria.org\/brasil\/#website","url":"https:\/\/www.feyalegria.org\/brasil\/","name":"#SomosF\u00e9eAlegria en Brasil","description":"","potentialAction":[{"@type":"SearchAction","target":{"@type":"EntryPoint","urlTemplate":"https:\/\/www.feyalegria.org\/brasil\/?s={search_term_string}"},"query-input":{"@type":"PropertyValueSpecification","valueRequired":true,"valueName":"search_term_string"}}],"inLanguage":"es-CO"}]}},"_links":{"self":[{"href":"https:\/\/www.feyalegria.org\/brasil\/wp-json\/wp\/v2\/pages\/2442","targetHints":{"allow":["GET"]}}],"collection":[{"href":"https:\/\/www.feyalegria.org\/brasil\/wp-json\/wp\/v2\/pages"}],"about":[{"href":"https:\/\/www.feyalegria.org\/brasil\/wp-json\/wp\/v2\/types\/page"}],"author":[{"embeddable":true,"href":"https:\/\/www.feyalegria.org\/brasil\/wp-json\/wp\/v2\/users\/19"}],"replies":[{"embeddable":true,"href":"https:\/\/www.feyalegria.org\/brasil\/wp-json\/wp\/v2\/comments?post=2442"}],"version-history":[{"count":0,"href":"https:\/\/www.feyalegria.org\/brasil\/wp-json\/wp\/v2\/pages\/2442\/revisions"}],"wp:attachment":[{"href":"https:\/\/www.feyalegria.org\/brasil\/wp-json\/wp\/v2\/media?parent=2442"}],"wp:term":[{"taxonomy":"folder","embeddable":true,"href":"https:\/\/www.feyalegria.org\/brasil\/wp-json\/wp\/v2\/folder?post=2442"}],"curies":[{"name":"wp","href":"https:\/\/api.w.org\/{rel}","templated":true}]}}