 {"id":2459,"date":"2021-03-06T13:45:36","date_gmt":"2021-03-06T13:45:36","guid":{"rendered":"https:\/\/www.feyalegria.org\/brasil\/?page_id=2459"},"modified":"2022-09-08T20:37:25","modified_gmt":"2022-09-08T23:37:25","slug":"recife","status":"publish","type":"page","link":"https:\/\/www.feyalegria.org\/brasil\/recife\/","title":{"rendered":"F\u00e9 e Alegria Pernambuco"},"content":{"rendered":"<div class=\"wpb-content-wrapper\"><p>[vc_row css=&#8221;.vc_custom_1610136019840{padding-top: 30px !important;}&#8221;][vc_column width=&#8221;5\/6&#8243;][vc_column_text]<\/p>\n<h1>F\u00e9 e Alegria Pernambuco<\/h1>\n<p>[\/vc_column_text][\/vc_column][vc_column width=&#8221;1\/6&#8243; css=&#8221;.vc_custom_1616259048654{margin-top: -80px !important;}&#8221; offset=&#8221;vc_hidden-md vc_hidden-sm vc_hidden-xs&#8221;][vc_single_image image=&#8221;2283&#8243; img_size=&#8221;150&#8243; alignment=&#8221;right&#8221; style=&#8221;vc_box_circle_2&#8243;][\/vc_column][\/vc_row][vc_row][vc_column width=&#8221;1\/3&#8243;][vc_single_image image=&#8221;2467&#8243; img_size=&#8221;300&#215;300&#8243; alignment=&#8221;center&#8221; style=&#8221;vc_box_circle_2&#8243;][\/vc_column][vc_column width=&#8221;2\/3&#8243;][vc_column_text]<\/p>\n<h3>Hist\u00f3ria<\/h3>\n<p>[\/vc_column_text][vc_empty_space height=&#8221;10px&#8221;][vc_column_text]<\/p>\n<p style=\"text-align: justify\">Inaugurada em 2008, F\u00e9 e Alegria Pernambuco, unidade localizada em Recife, desenvolve projetos na \u00e1rea da Assist\u00eancia Social, por meio da Forma\u00e7\u00e3o para o Trabalho e Servi\u00e7o de Conviv\u00eancia e Fortalecimento de v\u00ednculos, atendendo crian\u00e7as, adolescentes, jovens e adultos em situa\u00e7\u00e3o de vulnerabilidade social.<\/p>\n<p>&nbsp;<\/p>\n<p style=\"text-align: justify\">O trabalho social realizado por F\u00e9 e Alegria tem por foco a garantia de direitos, preven\u00e7\u00e3o de riscos sociais e melhora da qualidade de vida das comunidades. Deste modo, al\u00e9m dos servi\u00e7os oferecidos, a unidade de Recife \u00e9 atuante nos espa\u00e7os de controle social como Conselho Municipal dos Direitos da Crian\u00e7a e Adolescente do Recife, Conselho Municipal da Assist\u00eancia Social, F\u00f3rum Regional de Aprendizagem e F\u00f3rum Social da Crian\u00e7a e Adolescente.<\/p>\n<p>[\/vc_column_text][vc_empty_space height=&#8221;20px&#8221;][\/vc_column][\/vc_row][vc_row][vc_column css=&#8221;.vc_custom_1615132584455{background-color: #aa0f16 !important;border-radius: 20px !important;}&#8221;][vc_empty_space][vc_column_text]<\/p>\n<h3 style=\"text-align: center\"><span style=\"color: #ffffff\"><strong>Atendimento<\/strong><\/span><\/h3>\n<p>[\/vc_column_text][vc_empty_space][vc_column_text]<\/p>\n<h3 style=\"text-align: center\"><span style=\"color: #ffffff\">782 crian\u00e7as, adolescentes e jovens, com idades entre 6 a 23 anos<\/span><\/h3>\n<p>[\/vc_column_text][vc_empty_space][\/vc_column][\/vc_row][vc_row][vc_column][vc_empty_space height=&#8221;60px&#8221;][vc_column_text]<\/p>\n<h3><strong>Projetos desenvolvidos<\/strong><\/h3>\n<p>[\/vc_column_text][vc_column_text]<\/p>\n<h4><span style=\"color: #727176\">Forma\u00e7\u00e3o para o trabalho: 346<\/span><\/h4>\n<h4><\/h4>\n<p>&nbsp;<\/p>\n<h4><span style=\"color: #727176\"><strong>Servi\u00e7o de Conviv\u00eancia e Fortalecimento de V\u00ednculos: 93<\/strong><\/span><\/h4>\n<h4><\/h4>\n<p>&nbsp;<\/p>\n<h4><span style=\"color: #727176\"><strong>Meninas e Meninos Livres: 48 <\/strong><\/span><\/h4>\n<h4><\/h4>\n<p>&nbsp;<\/p>\n<h4><span style=\"color: #727176\"><strong>Meios de Vida: 343<\/strong><\/span><\/h4>\n<p>[\/vc_column_text][vc_column_text]Estabelecido pela Lei da Aprendizagem 10.097\/2000, o servi\u00e7o de Forma\u00e7\u00e3o para Trabalho \u00e9 voltado para adolescentes e jovens entre 14 e 23 anos e tem como objetivo inseri-los no mercado de trabalho, com o apoio de empresas parceiras, gerando um impacto social e econ\u00f4mico positivo nas comunidades. A unidade de F\u00e9 e Alegria em Recife (PE) \u00e9 reconhecida pelo Minist\u00e9rio da Economia como institui\u00e7\u00e3o formadora e conta com a parceria da Universidade Cat\u00f3lica de Pernambuco e do Col\u00e9gio da Rede Estadual de Ensino Liceu N\u00f3brega. Os cursos oferecidos t\u00eam foco em \u00e1reas como administra\u00e7\u00e3o, log\u00edstica, conserva\u00e7\u00e3o e limpeza, atendimento e com\u00e9rcio.<\/p>\n<p>&nbsp;<\/p>\n<p>O Servi\u00e7o de Conviv\u00eancia e Fortalecimento de V\u00ednculos atua na preven\u00e7\u00e3o de situa\u00e7\u00f5es de risco social, na perman\u00eancia do indiv\u00edduo no sistema educacional e no fortalecimento das rela\u00e7\u00f5es familiares, sociais e comunit\u00e1rias. Por meio do trabalho promovido o atendido passa a se entender como sujeito de direitos e se torna o protagonista de sua pr\u00f3pria hist\u00f3ria, despertando sua compreens\u00e3o cr\u00edtica da realidade social e do mundo moderno e sua capacidade de transformar os ambientes em que atua.<\/p>\n<p>&nbsp;<\/p>\n<p>Por fim, o Projeto Meninas e Meninos Livres \u00e9 uma das a\u00e7\u00f5es realizadas em conjunto com escolas p\u00fablicas regionais para promover o pensamento cr\u00edtico e a equidade de g\u00eanero, bem como proporcionar um espa\u00e7o de escuta e forma\u00e7\u00e3o para jovens e adolescentes. Al\u00e9m disso, a iniciativa introduz debates referentes \u00e0 igualdade de g\u00eanero e reflete sobre os mais diversos tipos de viol\u00eancia contra a mulher, com o prop\u00f3sito de conscientizar e despertar mudan\u00e7as mobilizadoras na sociedade.[\/vc_column_text][\/vc_column][\/vc_row][vc_row][vc_column][vc_empty_space][vc_column_text]<\/p>\n<h3><strong>Galeria<\/strong><\/h3>\n<p>[\/vc_column_text][\/vc_column][\/vc_row][vc_row][vc_column width=&#8221;1\/3&#8243;][vc_images_carousel images=&#8221;24857,24858&#8243; img_size=&#8221;medium&#8221; speed=&#8221;4000&#8243; autoplay=&#8221;yes&#8221; hide_pagination_control=&#8221;yes&#8221; hide_prev_next_buttons=&#8221;yes&#8221; wrap=&#8221;yes&#8221; css_animation=&#8221;fadeIn&#8221;][\/vc_column][vc_column width=&#8221;1\/3&#8243;][vc_images_carousel images=&#8221;24859,24860&#8243; img_size=&#8221;medium&#8221; speed=&#8221;4000&#8243; autoplay=&#8221;yes&#8221; hide_pagination_control=&#8221;yes&#8221; hide_prev_next_buttons=&#8221;yes&#8221; wrap=&#8221;yes&#8221; css_animation=&#8221;fadeIn&#8221;][\/vc_column][vc_column width=&#8221;1\/3&#8243;][vc_images_carousel images=&#8221;24861&#8243; img_size=&#8221;medium&#8221; speed=&#8221;4000&#8243; autoplay=&#8221;yes&#8221; hide_pagination_control=&#8221;yes&#8221; hide_prev_next_buttons=&#8221;yes&#8221; wrap=&#8221;yes&#8221; css_animation=&#8221;fadeIn&#8221;][\/vc_column][\/vc_row][vc_row css=&#8221;.vc_custom_1600382950718{margin-top: -25px !important;}&#8221;][vc_column offset=&#8221;vc_hidden-md vc_hidden-sm vc_hidden-xs&#8221;][vc_empty_space][vc_column_text]<\/p>\n<h3><strong>Contato<\/strong><\/h3>\n<p>[\/vc_column_text][vc_column_text css=&#8221;.vc_custom_1662680326431{padding-top: 20px !important;padding-bottom: 20px !important;background-color: #e4e4e4 !important;border-radius: 20px !important;}&#8221;]<\/p>\n<p style=\"padding-left: 40px\">Rua do Pr\u00edncipe, 526<\/p>\n<p style=\"padding-left: 40px\">Boa Vista | Recife\/PE<\/p>\n<p style=\"padding-left: 40px\">CEP 50050 900<\/p>\n<p style=\"padding-left: 40px\">+55 81 2119-4112<\/p>\n<p style=\"padding-left: 40px\">+55 81 3132 8676<\/p>\n<p style=\"padding-left: 40px\"><span style=\"color: #000080\"><a style=\"color: #000080\" href=\"mailto:contato.recife@fealegria.org.br\">contato.recife@fealegria.org.br<\/a><\/span><\/p>\n<p>[\/vc_column_text][\/vc_column][\/vc_row][vc_row css=&#8221;.vc_custom_1600382950718{margin-top: -25px !important;}&#8221;][vc_column offset=&#8221;vc_hidden-lg&#8221;][vc_empty_space][vc_column_text]<\/p>\n<h3><strong>Contato<\/strong><\/h3>\n<p>[\/vc_column_text][vc_column_text css=&#8221;.vc_custom_1637196532338{padding-top: 20px !important;padding-bottom: 20px !important;background-color: #e4e4e4 !important;border-radius: 20px !important;}&#8221;]<\/p>\n<p style=\"text-align: center\">Rua do Pr\u00edncipe, 526<\/p>\n<p style=\"text-align: center\">Boa Vista | Recife\/PE<\/p>\n<p style=\"text-align: center\">CEP 50050 200<\/p>\n<p style=\"text-align: center\">+55 81 2119-4112<\/p>\n<p style=\"text-align: center\">+55 81 3132 8676<\/p>\n<p style=\"text-align: center\"><a href=\"mailto:contato.pe@fealegria.org.br\">contato.pe@fealegria.org.br<\/a><\/p>\n<p>[\/vc_column_text][\/vc_column][\/vc_row][vc_row][vc_column][vc_empty_space height=&#8221;50px&#8221;][\/vc_column][\/vc_row]<\/p>\n<\/div>","protected":false},"excerpt":{"rendered":"<p>[vc_row css=&#8221;.vc_custom_1610136019840{padding-top: 30px !important;}&#8221;][vc_column width=&#8221;5\/6&#8243;][vc_column_text] F\u00e9 e Alegria Pernambuco [\/vc_column_text][\/vc_column][vc_column width=&#8221;1\/6&#8243; css=&#8221;.vc_custom_1616259048654{margin-top: -80px !important;}&#8221; offset=&#8221;vc_hidden-md vc_hidden-sm vc_hidden-xs&#8221;][vc_single_image image=&#8221;2283&#8243; img_size=&#8221;150&#8243; alignment=&#8221;right&#8221; style=&#8221;vc_box_circle_2&#8243;][\/vc_column][\/vc_row][vc_row][vc_column width=&#8221;1\/3&#8243;][vc_single_image image=&#8221;2467&#8243; img_size=&#8221;300&#215;300&#8243; alignment=&#8221;center&#8221; style=&#8221;vc_box_circle_2&#8243;][\/vc_column][vc_column width=&#8221;2\/3&#8243;][vc_column_text] Hist\u00f3ria [\/vc_column_text][vc_empty_space height=&#8221;10px&#8221;][vc_column_text] Inaugurada em 2008, F\u00e9 e Alegria Pernambuco, unidade localizada em Recife, desenvolve projetos na \u00e1rea da Assist\u00eancia Social, por meio da Forma\u00e7\u00e3o para o Trabalho<\/p>\n","protected":false},"author":19,"featured_media":0,"parent":0,"menu_order":0,"comment_status":"closed","ping_status":"closed","template":"","meta":{"_acf_changed":false,"footnotes":""},"folder":[],"class_list":["post-2459","page","type-page","status-publish","hentry"],"acf":[],"yoast_head":"<!-- This site is optimized with the Yoast SEO plugin v27.2 - https:\/\/yoast.com\/product\/yoast-seo-wordpress\/ -->\n<title>F\u00e9 e Alegria Pernambuco - #SomosF\u00e9eAlegria en Brasil<\/title>\n<meta name=\"robots\" content=\"index, follow, max-snippet:-1, max-image-preview:large, max-video-preview:-1\" \/>\n<link rel=\"canonical\" href=\"https:\/\/www.feyalegria.org\/brasil\/recife\/\" \/>\n<meta property=\"og:locale\" content=\"es_ES\" \/>\n<meta property=\"og:type\" content=\"article\" \/>\n<meta property=\"og:title\" content=\"F\u00e9 e Alegria Pernambuco - #SomosF\u00e9eAlegria en Brasil\" \/>\n<meta property=\"og:description\" content=\"[vc_row css=&#8221;.vc_custom_1610136019840{padding-top: 30px !important;}&#8221;][vc_column width=&#8221;5\/6&#8243;][vc_column_text] F\u00e9 e Alegria Pernambuco [\/vc_column_text][\/vc_column][vc_column width=&#8221;1\/6&#8243; css=&#8221;.vc_custom_1616259048654{margin-top: -80px !important;}&#8221; offset=&#8221;vc_hidden-md vc_hidden-sm vc_hidden-xs&#8221;][vc_single_image image=&#8221;2283&#8243; img_size=&#8221;150&#8243; alignment=&#8221;right&#8221; style=&#8221;vc_box_circle_2&#8243;][\/vc_column][\/vc_row][vc_row][vc_column width=&#8221;1\/3&#8243;][vc_single_image image=&#8221;2467&#8243; img_size=&#8221;300&#215;300&#8243; alignment=&#8221;center&#8221; style=&#8221;vc_box_circle_2&#8243;][\/vc_column][vc_column width=&#8221;2\/3&#8243;][vc_column_text] Hist\u00f3ria [\/vc_column_text][vc_empty_space height=&#8221;10px&#8221;][vc_column_text] Inaugurada em 2008, F\u00e9 e Alegria Pernambuco, unidade localizada em Recife, desenvolve projetos na \u00e1rea da Assist\u00eancia Social, por meio da Forma\u00e7\u00e3o para o Trabalho\" \/>\n<meta property=\"og:url\" content=\"https:\/\/www.feyalegria.org\/brasil\/recife\/\" \/>\n<meta property=\"og:site_name\" content=\"#SomosF\u00e9eAlegria en Brasil\" \/>\n<meta property=\"article:modified_time\" content=\"2022-09-08T23:37:25+00:00\" \/>\n<meta name=\"twitter:card\" content=\"summary_large_image\" \/>\n<meta name=\"twitter:label1\" content=\"Tiempo de lectura\" \/>\n\t<meta name=\"twitter:data1\" content=\"4 minutos\" \/>\n<script type=\"application\/ld+json\" class=\"yoast-schema-graph\">{\"@context\":\"https:\/\/schema.org\",\"@graph\":[{\"@type\":\"WebPage\",\"@id\":\"https:\/\/www.feyalegria.org\/brasil\/recife\/\",\"url\":\"https:\/\/www.feyalegria.org\/brasil\/recife\/\",\"name\":\"F\u00e9 e Alegria Pernambuco - #SomosF\u00e9eAlegria en Brasil\",\"isPartOf\":{\"@id\":\"https:\/\/www.feyalegria.org\/brasil\/#website\"},\"datePublished\":\"2021-03-06T13:45:36+00:00\",\"dateModified\":\"2022-09-08T23:37:25+00:00\",\"inLanguage\":\"es-CO\",\"potentialAction\":[{\"@type\":\"ReadAction\",\"target\":[\"https:\/\/www.feyalegria.org\/brasil\/recife\/\"]}]},{\"@type\":\"WebSite\",\"@id\":\"https:\/\/www.feyalegria.org\/brasil\/#website\",\"url\":\"https:\/\/www.feyalegria.org\/brasil\/\",\"name\":\"#SomosF\u00e9eAlegria en Brasil\",\"description\":\"\",\"potentialAction\":[{\"@type\":\"SearchAction\",\"target\":{\"@type\":\"EntryPoint\",\"urlTemplate\":\"https:\/\/www.feyalegria.org\/brasil\/?s={search_term_string}\"},\"query-input\":{\"@type\":\"PropertyValueSpecification\",\"valueRequired\":true,\"valueName\":\"search_term_string\"}}],\"inLanguage\":\"es-CO\"}]}<\/script>\n<!-- \/ Yoast SEO plugin. -->","yoast_head_json":{"title":"F\u00e9 e Alegria Pernambuco - #SomosF\u00e9eAlegria en Brasil","robots":{"index":"index","follow":"follow","max-snippet":"max-snippet:-1","max-image-preview":"max-image-preview:large","max-video-preview":"max-video-preview:-1"},"canonical":"https:\/\/www.feyalegria.org\/brasil\/recife\/","og_locale":"es_ES","og_type":"article","og_title":"F\u00e9 e Alegria Pernambuco - #SomosF\u00e9eAlegria en Brasil","og_description":"[vc_row css=&#8221;.vc_custom_1610136019840{padding-top: 30px !important;}&#8221;][vc_column width=&#8221;5\/6&#8243;][vc_column_text] F\u00e9 e Alegria Pernambuco [\/vc_column_text][\/vc_column][vc_column width=&#8221;1\/6&#8243; css=&#8221;.vc_custom_1616259048654{margin-top: -80px !important;}&#8221; offset=&#8221;vc_hidden-md vc_hidden-sm vc_hidden-xs&#8221;][vc_single_image image=&#8221;2283&#8243; img_size=&#8221;150&#8243; alignment=&#8221;right&#8221; style=&#8221;vc_box_circle_2&#8243;][\/vc_column][\/vc_row][vc_row][vc_column width=&#8221;1\/3&#8243;][vc_single_image image=&#8221;2467&#8243; img_size=&#8221;300&#215;300&#8243; alignment=&#8221;center&#8221; style=&#8221;vc_box_circle_2&#8243;][\/vc_column][vc_column width=&#8221;2\/3&#8243;][vc_column_text] Hist\u00f3ria [\/vc_column_text][vc_empty_space height=&#8221;10px&#8221;][vc_column_text] Inaugurada em 2008, F\u00e9 e Alegria Pernambuco, unidade localizada em Recife, desenvolve projetos na \u00e1rea da Assist\u00eancia Social, por meio da Forma\u00e7\u00e3o para o Trabalho","og_url":"https:\/\/www.feyalegria.org\/brasil\/recife\/","og_site_name":"#SomosF\u00e9eAlegria en Brasil","article_modified_time":"2022-09-08T23:37:25+00:00","twitter_card":"summary_large_image","twitter_misc":{"Tiempo de lectura":"4 minutos"},"schema":{"@context":"https:\/\/schema.org","@graph":[{"@type":"WebPage","@id":"https:\/\/www.feyalegria.org\/brasil\/recife\/","url":"https:\/\/www.feyalegria.org\/brasil\/recife\/","name":"F\u00e9 e Alegria Pernambuco - #SomosF\u00e9eAlegria en Brasil","isPartOf":{"@id":"https:\/\/www.feyalegria.org\/brasil\/#website"},"datePublished":"2021-03-06T13:45:36+00:00","dateModified":"2022-09-08T23:37:25+00:00","inLanguage":"es-CO","potentialAction":[{"@type":"ReadAction","target":["https:\/\/www.feyalegria.org\/brasil\/recife\/"]}]},{"@type":"WebSite","@id":"https:\/\/www.feyalegria.org\/brasil\/#website","url":"https:\/\/www.feyalegria.org\/brasil\/","name":"#SomosF\u00e9eAlegria en Brasil","description":"","potentialAction":[{"@type":"SearchAction","target":{"@type":"EntryPoint","urlTemplate":"https:\/\/www.feyalegria.org\/brasil\/?s={search_term_string}"},"query-input":{"@type":"PropertyValueSpecification","valueRequired":true,"valueName":"search_term_string"}}],"inLanguage":"es-CO"}]}},"_links":{"self":[{"href":"https:\/\/www.feyalegria.org\/brasil\/wp-json\/wp\/v2\/pages\/2459","targetHints":{"allow":["GET"]}}],"collection":[{"href":"https:\/\/www.feyalegria.org\/brasil\/wp-json\/wp\/v2\/pages"}],"about":[{"href":"https:\/\/www.feyalegria.org\/brasil\/wp-json\/wp\/v2\/types\/page"}],"author":[{"embeddable":true,"href":"https:\/\/www.feyalegria.org\/brasil\/wp-json\/wp\/v2\/users\/19"}],"replies":[{"embeddable":true,"href":"https:\/\/www.feyalegria.org\/brasil\/wp-json\/wp\/v2\/comments?post=2459"}],"version-history":[{"count":0,"href":"https:\/\/www.feyalegria.org\/brasil\/wp-json\/wp\/v2\/pages\/2459\/revisions"}],"wp:attachment":[{"href":"https:\/\/www.feyalegria.org\/brasil\/wp-json\/wp\/v2\/media?parent=2459"}],"wp:term":[{"taxonomy":"folder","embeddable":true,"href":"https:\/\/www.feyalegria.org\/brasil\/wp-json\/wp\/v2\/folder?post=2459"}],"curies":[{"name":"wp","href":"https:\/\/api.w.org\/{rel}","templated":true}]}}