 {"id":24696,"date":"2021-10-04T20:47:22","date_gmt":"2021-10-04T23:47:22","guid":{"rendered":"https:\/\/www.feyalegria.org\/brasil\/?page_id=24696"},"modified":"2026-03-19T16:06:27","modified_gmt":"2026-03-19T19:06:27","slug":"joaopessoa","status":"publish","type":"page","link":"https:\/\/www.feyalegria.org\/brasil\/joaopessoa\/","title":{"rendered":"Centro Social de Educa\u00e7\u00e3o e Cultura Flor de Mandacaru"},"content":{"rendered":"<div class=\"wpb-content-wrapper\"><p>[vc_row css=&#8221;.vc_custom_1610136019840{padding-top: 30px !important;}&#8221;][vc_column width=&#8221;5\/6&#8243;][vc_column_text css=&#8221;&#8221;]<\/p>\n<h1>Centro Social de Educa\u00e7\u00e3o e Cultura Flor de Mandacaru<\/h1>\n<p>[\/vc_column_text][\/vc_column][vc_column width=&#8221;1\/6&#8243; css=&#8221;.vc_custom_1616259062307{margin-top: -80px !important;}&#8221; offset=&#8221;vc_hidden-md vc_hidden-sm vc_hidden-xs&#8221;][vc_single_image image=&#8221;2283&#8243; img_size=&#8221;150&#8243; alignment=&#8221;right&#8221; style=&#8221;vc_box_circle_2&#8243;][\/vc_column][\/vc_row][vc_row][vc_column width=&#8221;1\/3&#8243;][vc_single_image image=&#8221;24746&#8243; img_size=&#8221;300&#215;300&#8243; alignment=&#8221;center&#8221; style=&#8221;vc_box_circle_2&#8243;][\/vc_column][vc_column width=&#8221;2\/3&#8243;][vc_column_text]<\/p>\n<h3>Hist\u00f3ria<\/h3>\n<p>[\/vc_column_text][vc_empty_space height=&#8221;10px&#8221;][vc_column_text]No ano de 2007, por iniciativa de quatro volunt\u00e1rios moradores do bairro de Mandacaru, teve in\u00edcio uma pesquisa quantitativa sobre as necessidades das crian\u00e7as e dos adolescentes da regi\u00e3o. A partir desta pesquisa, percebeu-se uma grande fragilidade, tanto na \u00e1rea social como na educacional, como aus\u00eancia de atividades culturais, esportivas, socioeducativas e de promo\u00e7\u00e3o social.<\/p>\n<p>&nbsp;<\/p>\n<p>Levando os resultados em considera\u00e7\u00e3o, os volunt\u00e1rios perceberam que uma possibilidade de minimizar as fragilidades seriam a\u00e7\u00f5es voltadas para educa\u00e7\u00e3o, como o refor\u00e7o escolar. Partindo deste ponto, os volunt\u00e1rios foram em busca de uma poss\u00edvel parceria com a Par\u00f3quia Sagrado Cora\u00e7\u00e3o de Jesus, ligada a Companhia de Jesus, e tiveram sua causa abra\u00e7ada, contando com a ajuda com o fornecimento de um local para as atividades e, tamb\u00e9m, com alguns materiais como cadernos, l\u00e1pis, copos e pratos, al\u00e9m de alimenta\u00e7\u00e3o para as crian\u00e7as.<\/p>\n<p>&nbsp;<\/p>\n<p>Dessa parceria surgiu o projeto Sonhar e Viver, no ano de 2010, que atendia um grupo formado por crian\u00e7as residentes, de 8 a 11 anos. Na \u00e9poca, o p\u00e1roco jesu\u00edta Pe. Washington Paranhos, que tinha conhecimento sobre os trabalhos de F\u00e9 e Alegria Brasil, viu no pequeno projeto a possibilidade de algo maior, que pudesse atender mais crian\u00e7as e adolescentes. Partindo desta vis\u00e3o, foi escrito e encaminhado um projeto para a Funda\u00e7\u00e3o F\u00e9 e Alegria do Brasil, que foi aprovado e teve seu in\u00edcio em 2011, com atividades na linha da forma\u00e7\u00e3o humana e cidadania, cursinho pr\u00e9-vestibular e aulas de viol\u00e3o, canto e capoeira. No ano seguinte, em 2012, o projeto se consolidou de vez com a inclus\u00e3o das pr\u00e1ticas de dan\u00e7a, teatro, inform\u00e1tica e esportes. Em 2016 e 2017 o espa\u00e7o mudou de endere\u00e7o para se aproximar dos educandos e de suas fam\u00edlias.[\/vc_column_text][vc_empty_space height=&#8221;20px&#8221;][\/vc_column][\/vc_row][vc_row][vc_column css=&#8221;.vc_custom_1615128571603{background-color: #aa0f16 !important;border-radius: 20px !important;}&#8221;][vc_empty_space][vc_column_text css=&#8221;.vc_custom_1636571592873{background-color: #aa0f16 !important;}&#8221;]<\/p>\n<h3 style=\"text-align: center;\"><span style=\"color: #ffffff;\"><strong>Atendimento<\/strong><\/span><\/h3>\n<p>[\/vc_column_text][vc_empty_space][vc_column_text css=&#8221;.vc_custom_1773939610190{background-color: #aa0f16 !important;}&#8221;]<\/p>\n<h3 style=\"text-align: center;\"><span style=\"color: #ffffff;\">130 crian\u00e7as e adolescentes, com idades entre 8 e 17 anos<\/span><\/h3>\n<p>[\/vc_column_text][vc_empty_space][\/vc_column][\/vc_row][vc_row][vc_column][vc_empty_space height=&#8221;60px&#8221;][vc_column_text]<\/p>\n<h3><strong>Projetos desenvolvidos<\/strong><\/h3>\n<p>[\/vc_column_text][vc_empty_space height=&#8221;10px&#8221;][vc_column_text css=&#8221;&#8221;]<\/p>\n<h4><span style=\"color: #727176;\"><strong>Servi\u00e7o de Conviv\u00eancia e Fortalecimento de V\u00ednculos: 130<\/strong><\/span><\/h4>\n<p>&nbsp;<\/p>\n<h4><span style=\"color: #727176;\"><strong>Educa\u00e7\u00e3o para o Cuidado: 130<\/strong><\/span><\/h4>\n<p>&nbsp;<\/p>\n<h4><\/h4>\n<p>O Servi\u00e7o de Conviv\u00eancia e Fortalecimento de V\u00ednculos atua na preven\u00e7\u00e3o de situa\u00e7\u00f5es de risco social, na perman\u00eancia do indiv\u00edduo no sistema educacional e no fortalecimento das rela\u00e7\u00f5es familiares, sociais e comunit\u00e1rias. Por meio do trabalho promovido, o atendido passa a se entender como sujeito de direitos e se torna o protagonista de sua pr\u00f3pria hist\u00f3ria, despertando sua compreens\u00e3o cr\u00edtica da realidade social e do mundo moderno e sua capacidade de transformar os ambientes em que atua.<\/p>\n<p>&nbsp;<\/p>\n<p>Atualmente, por meio do projeto &#8220;Educa\u00e7\u00e3o para o Cuidado &#8211; Educa\u00e7\u00e3o integral em preven\u00e7\u00e3o das viol\u00eancias, cuidado socioemocional e prote\u00e7\u00e3o de crian\u00e7as e adolescentes&#8221;, desenvolvemos as atividades de: Forma\u00e7\u00e3o Humana e Cidad\u00e3, Jud\u00f4, Teatro, Dan\u00e7a, M\u00fasica, Inform\u00e1tica, Artesanato e Ecologia Integral<\/p>\n<div class=\"vc_row wpb_row vc_row-fluid vc_custom_1600382950718 mpc-row\">\n<div class=\"wpb_column vc_column_container vc_col-sm-12 mpc-column\" data-column-id=\"mpc_column-79631a7a6f75997\">\n<div class=\"vc_column-inner\">\n<div class=\"wpb_wrapper\"><\/div>\n<\/div>\n<\/div>\n<\/div>\n<p>[\/vc_column_text][\/vc_column][\/vc_row][vc_row][vc_column][vc_empty_space][vc_column_text]<\/p>\n<h3><strong>Galeria<\/strong><\/h3>\n<p>[\/vc_column_text][vc_empty_space height=&#8221;10px&#8221;][\/vc_column][\/vc_row][vc_row][vc_column width=&#8221;1\/3&#8243;][vc_images_carousel images=&#8221;24929,24930&#8243; img_size=&#8221;medium&#8221; speed=&#8221;4000&#8243; autoplay=&#8221;yes&#8221; hide_pagination_control=&#8221;yes&#8221; hide_prev_next_buttons=&#8221;yes&#8221; wrap=&#8221;yes&#8221; css_animation=&#8221;fadeIn&#8221;][\/vc_column][vc_column width=&#8221;1\/3&#8243;][vc_images_carousel images=&#8221;24932,24931&#8243; img_size=&#8221;medium&#8221; speed=&#8221;4000&#8243; autoplay=&#8221;yes&#8221; hide_pagination_control=&#8221;yes&#8221; hide_prev_next_buttons=&#8221;yes&#8221; wrap=&#8221;yes&#8221; css_animation=&#8221;fadeIn&#8221;][\/vc_column][vc_column width=&#8221;1\/3&#8243;][vc_images_carousel images=&#8221;24933&#8243; img_size=&#8221;medium&#8221; speed=&#8221;4000&#8243; autoplay=&#8221;yes&#8221; hide_pagination_control=&#8221;yes&#8221; hide_prev_next_buttons=&#8221;yes&#8221; wrap=&#8221;yes&#8221; css_animation=&#8221;fadeIn&#8221;][\/vc_column][\/vc_row][vc_row css=&#8221;.vc_custom_1600382950718{margin-top: -25px !important;}&#8221;][vc_column offset=&#8221;vc_hidden-md vc_hidden-sm vc_hidden-xs&#8221;][vc_empty_space][vc_column_text]<\/p>\n<h3><strong>Contato<\/strong><\/h3>\n<p>[\/vc_column_text][vc_column_text css=&#8221;.vc_custom_1773942625650{padding-top: 20px !important;padding-bottom: 20px !important;background-color: #e4e4e4 !important;border-radius: 20px !important;}&#8221;]<\/p>\n<p style=\"padding-left: 40px;\"><span style=\"font-size: 12pt;\">Rua Visc. de Ouro Preto, 505<\/span><\/p>\n<p style=\"padding-left: 40px;\"><span style=\"font-size: 12pt;\">Mandacaru | Jo\u00e3o Pessoa\/PB<\/span><\/p>\n<p style=\"padding-left: 40px;\"><span style=\"font-size: 12pt;\">CEP: 58027-641<\/span><\/p>\n<p style=\"padding-left: 40px;\"><span style=\"font-size: 12pt;\">+55 (83) 2179-8978<\/span><\/p>\n<p><span style=\"font-size: 12pt;\">\u00a0 \u00a0 \u00a0 \u00a0 \u00a0+55<\/span> <span style=\"font-size: 12pt;\">(83)<\/span> 98654-5990<\/p>\n<p><span style=\"font-size: 12pt;\">\u00a0 \u00a0 \u00a0 \u00a0 \u00a0+55 (83) 98654-5986<\/span><\/p>\n<p style=\"padding-left: 40px;\"><span style=\"color: #000080; font-family: 'Fira Sans'; font-size: 12pt;\"><a style=\"color: #000080;\" href=\"mailto:contato.joaopessoa@fealegria.org.br\">contato.joaopessoa@fealegria.org.br\u00a0<\/a><\/span><\/p>\n<p>[\/vc_column_text][\/vc_column][\/vc_row][vc_row css=&#8221;.vc_custom_1600382950718{margin-top: -25px !important;}&#8221;][vc_column offset=&#8221;vc_hidden-lg&#8221;][vc_empty_space][vc_column_text]<\/p>\n<h3><strong>Contato<\/strong><\/h3>\n<p>[\/vc_column_text][vc_column_text css=&#8221;.vc_custom_1637196303918{padding-top: 20px !important;padding-bottom: 20px !important;background-color: #e4e4e4 !important;border-radius: 20px !important;}&#8221;]<\/p>\n<p style=\"padding-left: 40px;\">Rua Visc. de Ouro Preto, 505<\/p>\n<p style=\"padding-left: 40px;\">Mandacaru | Jo\u00e3o Pessoa\/PB<\/p>\n<p style=\"padding-left: 40px;\">CEP: 58027-641<\/p>\n<p style=\"padding-left: 40px;\">+55 83 98654 5956<\/p>\n<p>[\/vc_column_text][\/vc_column][\/vc_row][vc_row][vc_column][vc_empty_space height=&#8221;50px&#8221;][\/vc_column][\/vc_row]<\/p>\n<\/div>","protected":false},"excerpt":{"rendered":"<p>[vc_row css=&#8221;.vc_custom_1610136019840{padding-top: 30px !important;}&#8221;][vc_column width=&#8221;5\/6&#8243;][vc_column_text css=&#8221;&#8221;] Centro Social de Educa\u00e7\u00e3o e Cultura Flor de Mandacaru [\/vc_column_text][\/vc_column][vc_column width=&#8221;1\/6&#8243; css=&#8221;.vc_custom_1616259062307{margin-top: -80px !important;}&#8221; offset=&#8221;vc_hidden-md vc_hidden-sm vc_hidden-xs&#8221;][vc_single_image image=&#8221;2283&#8243; img_size=&#8221;150&#8243; alignment=&#8221;right&#8221; style=&#8221;vc_box_circle_2&#8243;][\/vc_column][\/vc_row][vc_row][vc_column width=&#8221;1\/3&#8243;][vc_single_image image=&#8221;24746&#8243; img_size=&#8221;300&#215;300&#8243; alignment=&#8221;center&#8221; style=&#8221;vc_box_circle_2&#8243;][\/vc_column][vc_column width=&#8221;2\/3&#8243;][vc_column_text] Hist\u00f3ria [\/vc_column_text][vc_empty_space height=&#8221;10px&#8221;][vc_column_text]No ano de 2007, por iniciativa de quatro volunt\u00e1rios moradores do bairro de Mandacaru, teve in\u00edcio uma pesquisa quantitativa sobre<\/p>\n","protected":false},"author":2,"featured_media":0,"parent":0,"menu_order":0,"comment_status":"closed","ping_status":"closed","template":"","meta":{"_acf_changed":false,"footnotes":""},"folder":[],"class_list":["post-24696","page","type-page","status-publish","hentry"],"acf":[],"yoast_head":"<!-- This site is optimized with the Yoast SEO plugin v27.2 - https:\/\/yoast.com\/product\/yoast-seo-wordpress\/ -->\n<title>Centro Social de Educa\u00e7\u00e3o e Cultura Flor de Mandacaru - #SomosF\u00e9eAlegria en Brasil<\/title>\n<meta name=\"robots\" content=\"index, follow, max-snippet:-1, max-image-preview:large, max-video-preview:-1\" \/>\n<link rel=\"canonical\" href=\"https:\/\/www.feyalegria.org\/brasil\/joaopessoa\/\" \/>\n<meta property=\"og:locale\" content=\"es_ES\" \/>\n<meta property=\"og:type\" content=\"article\" \/>\n<meta property=\"og:title\" content=\"Centro Social de Educa\u00e7\u00e3o e Cultura Flor de Mandacaru - #SomosF\u00e9eAlegria en Brasil\" \/>\n<meta property=\"og:description\" content=\"[vc_row css=&#8221;.vc_custom_1610136019840{padding-top: 30px !important;}&#8221;][vc_column width=&#8221;5\/6&#8243;][vc_column_text css=&#8221;&#8221;] Centro Social de Educa\u00e7\u00e3o e Cultura Flor de Mandacaru [\/vc_column_text][\/vc_column][vc_column width=&#8221;1\/6&#8243; css=&#8221;.vc_custom_1616259062307{margin-top: -80px !important;}&#8221; offset=&#8221;vc_hidden-md vc_hidden-sm vc_hidden-xs&#8221;][vc_single_image image=&#8221;2283&#8243; img_size=&#8221;150&#8243; alignment=&#8221;right&#8221; style=&#8221;vc_box_circle_2&#8243;][\/vc_column][\/vc_row][vc_row][vc_column width=&#8221;1\/3&#8243;][vc_single_image image=&#8221;24746&#8243; img_size=&#8221;300&#215;300&#8243; alignment=&#8221;center&#8221; style=&#8221;vc_box_circle_2&#8243;][\/vc_column][vc_column width=&#8221;2\/3&#8243;][vc_column_text] Hist\u00f3ria [\/vc_column_text][vc_empty_space height=&#8221;10px&#8221;][vc_column_text]No ano de 2007, por iniciativa de quatro volunt\u00e1rios moradores do bairro de Mandacaru, teve in\u00edcio uma pesquisa quantitativa sobre\" \/>\n<meta property=\"og:url\" content=\"https:\/\/www.feyalegria.org\/brasil\/joaopessoa\/\" \/>\n<meta property=\"og:site_name\" content=\"#SomosF\u00e9eAlegria en Brasil\" \/>\n<meta property=\"article:modified_time\" content=\"2026-03-19T19:06:27+00:00\" \/>\n<meta name=\"twitter:card\" content=\"summary_large_image\" \/>\n<meta name=\"twitter:label1\" content=\"Tiempo de lectura\" \/>\n\t<meta name=\"twitter:data1\" content=\"5 minutos\" \/>\n<script type=\"application\/ld+json\" class=\"yoast-schema-graph\">{\"@context\":\"https:\/\/schema.org\",\"@graph\":[{\"@type\":\"WebPage\",\"@id\":\"https:\/\/www.feyalegria.org\/brasil\/joaopessoa\/\",\"url\":\"https:\/\/www.feyalegria.org\/brasil\/joaopessoa\/\",\"name\":\"Centro Social de Educa\u00e7\u00e3o e Cultura Flor de Mandacaru - #SomosF\u00e9eAlegria en Brasil\",\"isPartOf\":{\"@id\":\"https:\/\/www.feyalegria.org\/brasil\/#website\"},\"datePublished\":\"2021-10-04T23:47:22+00:00\",\"dateModified\":\"2026-03-19T19:06:27+00:00\",\"inLanguage\":\"es-CO\",\"potentialAction\":[{\"@type\":\"ReadAction\",\"target\":[\"https:\/\/www.feyalegria.org\/brasil\/joaopessoa\/\"]}]},{\"@type\":\"WebSite\",\"@id\":\"https:\/\/www.feyalegria.org\/brasil\/#website\",\"url\":\"https:\/\/www.feyalegria.org\/brasil\/\",\"name\":\"#SomosF\u00e9eAlegria en Brasil\",\"description\":\"\",\"potentialAction\":[{\"@type\":\"SearchAction\",\"target\":{\"@type\":\"EntryPoint\",\"urlTemplate\":\"https:\/\/www.feyalegria.org\/brasil\/?s={search_term_string}\"},\"query-input\":{\"@type\":\"PropertyValueSpecification\",\"valueRequired\":true,\"valueName\":\"search_term_string\"}}],\"inLanguage\":\"es-CO\"}]}<\/script>\n<!-- \/ Yoast SEO plugin. -->","yoast_head_json":{"title":"Centro Social de Educa\u00e7\u00e3o e Cultura Flor de Mandacaru - #SomosF\u00e9eAlegria en Brasil","robots":{"index":"index","follow":"follow","max-snippet":"max-snippet:-1","max-image-preview":"max-image-preview:large","max-video-preview":"max-video-preview:-1"},"canonical":"https:\/\/www.feyalegria.org\/brasil\/joaopessoa\/","og_locale":"es_ES","og_type":"article","og_title":"Centro Social de Educa\u00e7\u00e3o e Cultura Flor de Mandacaru - #SomosF\u00e9eAlegria en Brasil","og_description":"[vc_row css=&#8221;.vc_custom_1610136019840{padding-top: 30px !important;}&#8221;][vc_column width=&#8221;5\/6&#8243;][vc_column_text css=&#8221;&#8221;] Centro Social de Educa\u00e7\u00e3o e Cultura Flor de Mandacaru [\/vc_column_text][\/vc_column][vc_column width=&#8221;1\/6&#8243; css=&#8221;.vc_custom_1616259062307{margin-top: -80px !important;}&#8221; offset=&#8221;vc_hidden-md vc_hidden-sm vc_hidden-xs&#8221;][vc_single_image image=&#8221;2283&#8243; img_size=&#8221;150&#8243; alignment=&#8221;right&#8221; style=&#8221;vc_box_circle_2&#8243;][\/vc_column][\/vc_row][vc_row][vc_column width=&#8221;1\/3&#8243;][vc_single_image image=&#8221;24746&#8243; img_size=&#8221;300&#215;300&#8243; alignment=&#8221;center&#8221; style=&#8221;vc_box_circle_2&#8243;][\/vc_column][vc_column width=&#8221;2\/3&#8243;][vc_column_text] Hist\u00f3ria [\/vc_column_text][vc_empty_space height=&#8221;10px&#8221;][vc_column_text]No ano de 2007, por iniciativa de quatro volunt\u00e1rios moradores do bairro de Mandacaru, teve in\u00edcio uma pesquisa quantitativa sobre","og_url":"https:\/\/www.feyalegria.org\/brasil\/joaopessoa\/","og_site_name":"#SomosF\u00e9eAlegria en Brasil","article_modified_time":"2026-03-19T19:06:27+00:00","twitter_card":"summary_large_image","twitter_misc":{"Tiempo de lectura":"5 minutos"},"schema":{"@context":"https:\/\/schema.org","@graph":[{"@type":"WebPage","@id":"https:\/\/www.feyalegria.org\/brasil\/joaopessoa\/","url":"https:\/\/www.feyalegria.org\/brasil\/joaopessoa\/","name":"Centro Social de Educa\u00e7\u00e3o e Cultura Flor de Mandacaru - #SomosF\u00e9eAlegria en Brasil","isPartOf":{"@id":"https:\/\/www.feyalegria.org\/brasil\/#website"},"datePublished":"2021-10-04T23:47:22+00:00","dateModified":"2026-03-19T19:06:27+00:00","inLanguage":"es-CO","potentialAction":[{"@type":"ReadAction","target":["https:\/\/www.feyalegria.org\/brasil\/joaopessoa\/"]}]},{"@type":"WebSite","@id":"https:\/\/www.feyalegria.org\/brasil\/#website","url":"https:\/\/www.feyalegria.org\/brasil\/","name":"#SomosF\u00e9eAlegria en Brasil","description":"","potentialAction":[{"@type":"SearchAction","target":{"@type":"EntryPoint","urlTemplate":"https:\/\/www.feyalegria.org\/brasil\/?s={search_term_string}"},"query-input":{"@type":"PropertyValueSpecification","valueRequired":true,"valueName":"search_term_string"}}],"inLanguage":"es-CO"}]}},"_links":{"self":[{"href":"https:\/\/www.feyalegria.org\/brasil\/wp-json\/wp\/v2\/pages\/24696","targetHints":{"allow":["GET"]}}],"collection":[{"href":"https:\/\/www.feyalegria.org\/brasil\/wp-json\/wp\/v2\/pages"}],"about":[{"href":"https:\/\/www.feyalegria.org\/brasil\/wp-json\/wp\/v2\/types\/page"}],"author":[{"embeddable":true,"href":"https:\/\/www.feyalegria.org\/brasil\/wp-json\/wp\/v2\/users\/2"}],"replies":[{"embeddable":true,"href":"https:\/\/www.feyalegria.org\/brasil\/wp-json\/wp\/v2\/comments?post=24696"}],"version-history":[{"count":11,"href":"https:\/\/www.feyalegria.org\/brasil\/wp-json\/wp\/v2\/pages\/24696\/revisions"}],"predecessor-version":[{"id":29869,"href":"https:\/\/www.feyalegria.org\/brasil\/wp-json\/wp\/v2\/pages\/24696\/revisions\/29869"}],"wp:attachment":[{"href":"https:\/\/www.feyalegria.org\/brasil\/wp-json\/wp\/v2\/media?parent=24696"}],"wp:term":[{"taxonomy":"folder","embeddable":true,"href":"https:\/\/www.feyalegria.org\/brasil\/wp-json\/wp\/v2\/folder?post=24696"}],"curies":[{"name":"wp","href":"https:\/\/api.w.org\/{rel}","templated":true}]}}