 {"id":24988,"date":"2021-10-21T23:15:07","date_gmt":"2021-10-22T02:15:07","guid":{"rendered":"https:\/\/www.feyalegria.org\/brasil\/?page_id=24988"},"modified":"2022-09-08T21:17:58","modified_gmt":"2022-09-09T00:17:58","slug":"farrapos","status":"publish","type":"page","link":"https:\/\/www.feyalegria.org\/brasil\/farrapos\/","title":{"rendered":"Centro Social de Educa\u00e7\u00e3o e Cultura Farrapos"},"content":{"rendered":"<div class=\"wpb-content-wrapper\"><p>[vc_row css=&#8221;.vc_custom_1610136019840{padding-top: 30px !important;}&#8221;][vc_column width=&#8221;5\/6&#8243;][vc_column_text]<\/p>\n<h1>Centro Social de Educa\u00e7\u00e3o e Cultura Farrapos<\/h1>\n<p>[\/vc_column_text][\/vc_column][vc_column width=&#8221;1\/6&#8243; css=&#8221;.vc_custom_1616259062307{margin-top: -80px !important;}&#8221; offset=&#8221;vc_hidden-md vc_hidden-sm vc_hidden-xs&#8221;][vc_single_image image=&#8221;2283&#8243; img_size=&#8221;150&#8243; alignment=&#8221;right&#8221; style=&#8221;vc_box_circle_2&#8243;][\/vc_column][\/vc_row][vc_row][vc_column width=&#8221;1\/3&#8243;][vc_single_image image=&#8221;25595&#8243; img_size=&#8221;300&#215;300&#8243; alignment=&#8221;center&#8221; style=&#8221;vc_box_circle_2&#8243;][\/vc_column][vc_column width=&#8221;2\/3&#8243;][vc_column_text]<\/p>\n<h3>Hist\u00f3ria<\/h3>\n<p>[\/vc_column_text][vc_empty_space height=&#8221;10px&#8221;][vc_column_text]Em 2005, a Funda\u00e7\u00e3o F\u00e9 e Alegria foi inaugurada em Porto Alegre, capital ga\u00facha, na regi\u00e3o do bairro Arquip\u00e9lago (Ilha das Flores, Ilha da Pintada, Ilha Grande dos Marinheiros, Ilha do Pav\u00e3o e Ilha Mau\u00e1), atuando para combater situa\u00e7\u00f5es de trabalho infantil do territ\u00f3rio, em parceria com a Prefeitura local.<\/p>\n<p>&nbsp;<\/p>\n<p>A partir de 2010, a unidade foi realocada para um espa\u00e7o mais amplo, junto \u00e0 Par\u00f3quia Sant\u00edssima Trindade, e foi nomeada de Centro Social de Educa\u00e7\u00e3o e Cultura Farrapos. O nome do local teve influ\u00eancia de sua localiza\u00e7\u00e3o na Vila Farrapos, um bairro localizado na Zona Norte de Porto Alegre. A regi\u00e3o sofreu um processo crescente de empobrecimento e isolamento da cidade, devido ao aumento de descarte irregular de\u00a0lixo em seus entornos.<\/p>\n<p>&nbsp;<\/p>\n<p>Em 2016, a atua\u00e7\u00e3o foi ampliada e a unidade passou a atuar com pessoas em situa\u00e7\u00e3o de rua, um trabalho que ajuda a diagnosticar novos desafios e demandas na cidade. Com o tempo, a qualidade dos atendimentos e acompanhamentos ofertados \u00e0 popula\u00e7\u00e3o em situa\u00e7\u00e3o de rua e \u00e0s fam\u00edlias atendidas foram ampliados, destacando o profissionalismo e a responsabilidade social do Centro Social de Educa\u00e7\u00e3o e Cultura Farrapos.[\/vc_column_text][vc_empty_space height=&#8221;20px&#8221;][\/vc_column][\/vc_row][vc_row][vc_column css=&#8221;.vc_custom_1615128571603{background-color: #aa0f16 !important;border-radius: 20px !important;}&#8221;][vc_empty_space][vc_column_text css=&#8221;.vc_custom_1636579397544{background-color: #aa0f16 !important;}&#8221;]<\/p>\n<h3 style=\"text-align: center\"><span style=\"color: #ffffff\"><strong>Atendimento<\/strong><\/span><\/h3>\n<p>[\/vc_column_text][vc_empty_space][vc_column_text css=&#8221;.vc_custom_1662682750298{background-color: #aa0f16 !important;}&#8221;]<\/p>\n<h3 style=\"text-align: center\"><span style=\"color: #ffffff\">155 crian\u00e7as e adolescentes, com idades entre 06 e 17 anos, e 883 adultos em situa\u00e7\u00e3o de rua<\/span><\/h3>\n<p>[\/vc_column_text][vc_empty_space][\/vc_column][\/vc_row][vc_row][vc_column][vc_empty_space height=&#8221;60px&#8221;][vc_column_text]<\/p>\n<h3><strong>Projetos desenvolvidos<\/strong><\/h3>\n<p>[\/vc_column_text][vc_empty_space height=&#8221;10px&#8221;][vc_column_text]<\/p>\n<h4><span style=\"color: #727176\"><strong>Abordagem Social: 883<\/strong><\/span><\/h4>\n<h4><\/h4>\n<h4><\/h4>\n<h4><span style=\"color: #727176\"><strong>Servi\u00e7o de Conviv\u00eancia e Fortalecimento de V\u00ednculos (SCFV): 155<\/strong><\/span><\/h4>\n<p>[\/vc_column_text][vc_column_text]A Abordagem Social* \u00e9 um servi\u00e7o oferecido para pessoas em situa\u00e7\u00e3o de rua pela unidade de Porto Alegre (RS). A equipe atua por meio da abordagem individual ou em grupos no espa\u00e7o da rua. O trabalho \u00e9 realizado em parceria com a Funda\u00e7\u00e3o de Assist\u00eancia Social e Cidadania de Porto Alegre (FASC) para encaminhar os assistidos \u00e0 rede socioassistencial do munic\u00edpio, impulsionando o acesso \u00e0s pol\u00edticas p\u00fablicas.<\/p>\n<p>&nbsp;<\/p>\n<p>O Servi\u00e7o de Conviv\u00eancia e Fortalecimento de V\u00ednculos atua na preven\u00e7\u00e3o de situa\u00e7\u00f5es de risco social, na perman\u00eancia do indiv\u00edduo no sistema educacional e no fortalecimento das rela\u00e7\u00f5es familiares, sociais e comunit\u00e1rias. Por meio do trabalho promovido, o atendido passa a se entender como sujeito de direitos e se torna o protagonista de sua pr\u00f3pria hist\u00f3ria, despertando sua compreens\u00e3o cr\u00edtica da realidade social e do mundo moderno e sua capacidade de transformar os ambientes em que atua.<\/p>\n<p>&nbsp;<\/p>\n<h6><em>*&#8221;A abordagem Social constitui-se em processo de trabalho planejado de aproxima\u00e7\u00e3o, escuta qualificada e constru\u00e7\u00e3o de v\u00ednculo de confian\u00e7a com pessoas e fam\u00edlias em situa\u00e7\u00e3o de risco pessoal e social nos espa\u00e7os p\u00fablicos para atender, acompanhar e mediar acesso \u00e0 rede de prote\u00e7\u00e3o social.\u201d Minist\u00e9rio do Desenvolvimento Social, 2013<\/em><\/h6>\n<p>[\/vc_column_text][\/vc_column][\/vc_row][vc_row][vc_column][vc_empty_space][vc_column_text]<\/p>\n<h3><strong>Galeria<\/strong><\/h3>\n<p>[\/vc_column_text][vc_empty_space height=&#8221;10px&#8221;][\/vc_column][\/vc_row][vc_row][vc_column width=&#8221;1\/3&#8243;][vc_images_carousel images=&#8221;25135,25136,25137,25133&#8243; img_size=&#8221;medium&#8221; speed=&#8221;4000&#8243; autoplay=&#8221;yes&#8221; hide_pagination_control=&#8221;yes&#8221; hide_prev_next_buttons=&#8221;yes&#8221; wrap=&#8221;yes&#8221; css_animation=&#8221;fadeIn&#8221;][\/vc_column][vc_column width=&#8221;1\/3&#8243;][vc_images_carousel images=&#8221;25139,25140,25141,25142,25138&#8243; img_size=&#8221;medium&#8221; speed=&#8221;4000&#8243; autoplay=&#8221;yes&#8221; hide_pagination_control=&#8221;yes&#8221; hide_prev_next_buttons=&#8221;yes&#8221; wrap=&#8221;yes&#8221; css_animation=&#8221;fadeIn&#8221;][\/vc_column][vc_column width=&#8221;1\/3&#8243;][vc_images_carousel images=&#8221;25143,25144,25146,25147,25148,25149,25150,25145&#8243; img_size=&#8221;medium&#8221; speed=&#8221;4000&#8243; autoplay=&#8221;yes&#8221; hide_pagination_control=&#8221;yes&#8221; hide_prev_next_buttons=&#8221;yes&#8221; wrap=&#8221;yes&#8221; css_animation=&#8221;fadeIn&#8221;][\/vc_column][\/vc_row][vc_row css=&#8221;.vc_custom_1600382950718{margin-top: -25px !important;}&#8221;][vc_column offset=&#8221;vc_hidden-md vc_hidden-sm vc_hidden-xs&#8221;][vc_empty_space][vc_column_text]<\/p>\n<h3><strong>Contato<\/strong><\/h3>\n<p>[\/vc_column_text][vc_column_text css=&#8221;.vc_custom_1662682829838{padding-top: 20px !important;padding-bottom: 20px !important;background-color: #e4e4e4 !important;border-radius: 20px !important;}&#8221;]<\/p>\n<p style=\"padding-left: 40px\">Rua Jos\u00e9 Luiz Perez Garcia, 17<\/p>\n<p style=\"padding-left: 40px\">Farrapos | Porto Alegre\/RS<\/p>\n<p style=\"padding-left: 40px\">CEP: 90250-470<\/p>\n<p style=\"padding-left: 40px\">+55 51 3362 1200<\/p>\n<p style=\"padding-left: 40px\">+55 51 3325 0679<\/p>\n<p style=\"padding-left: 40px\"><a href=\"mailto:contato.poa@fealegria.org.br\"><span style=\"color: #000080\">contato.poa@fealegria.org.br<\/span><\/a><\/p>\n<p>[\/vc_column_text][\/vc_column][\/vc_row][vc_row css=&#8221;.vc_custom_1600382950718{margin-top: -25px !important;}&#8221;][vc_column offset=&#8221;vc_hidden-lg&#8221;][vc_empty_space][vc_column_text]<\/p>\n<h3><strong>Contato<\/strong><\/h3>\n<p>[\/vc_column_text][vc_column_text css=&#8221;.vc_custom_1637196665454{padding-top: 20px !important;padding-bottom: 20px !important;background-color: #e4e4e4 !important;border-radius: 20px !important;}&#8221;]<\/p>\n<p style=\"padding-left: 40px\">Rua Jos\u00e9 Luiz Perez Garcia, 17<\/p>\n<p style=\"padding-left: 40px\">Farrapos | Porto Alegre\/RS<\/p>\n<p style=\"padding-left: 40px\">CEP: 90250-470<\/p>\n<p style=\"padding-left: 40px\">+55 51 3362 1200<\/p>\n<p style=\"padding-left: 40px\">+55 51 3325 0679<\/p>\n<p>[\/vc_column_text][\/vc_column][\/vc_row][vc_row][vc_column][vc_empty_space height=&#8221;50px&#8221;][\/vc_column][\/vc_row]<\/p>\n<\/div>","protected":false},"excerpt":{"rendered":"<p>[vc_row css=&#8221;.vc_custom_1610136019840{padding-top: 30px !important;}&#8221;][vc_column width=&#8221;5\/6&#8243;][vc_column_text] Centro Social de Educa\u00e7\u00e3o e Cultura Farrapos [\/vc_column_text][\/vc_column][vc_column width=&#8221;1\/6&#8243; css=&#8221;.vc_custom_1616259062307{margin-top: -80px !important;}&#8221; offset=&#8221;vc_hidden-md vc_hidden-sm vc_hidden-xs&#8221;][vc_single_image image=&#8221;2283&#8243; img_size=&#8221;150&#8243; alignment=&#8221;right&#8221; style=&#8221;vc_box_circle_2&#8243;][\/vc_column][\/vc_row][vc_row][vc_column width=&#8221;1\/3&#8243;][vc_single_image image=&#8221;25595&#8243; img_size=&#8221;300&#215;300&#8243; alignment=&#8221;center&#8221; style=&#8221;vc_box_circle_2&#8243;][\/vc_column][vc_column width=&#8221;2\/3&#8243;][vc_column_text] Hist\u00f3ria [\/vc_column_text][vc_empty_space height=&#8221;10px&#8221;][vc_column_text]Em 2005, a Funda\u00e7\u00e3o F\u00e9 e Alegria foi inaugurada em Porto Alegre, capital ga\u00facha, na regi\u00e3o do bairro Arquip\u00e9lago (Ilha das Flores, Ilha<\/p>\n","protected":false},"author":2,"featured_media":0,"parent":0,"menu_order":0,"comment_status":"closed","ping_status":"closed","template":"","meta":{"_acf_changed":false,"footnotes":""},"folder":[],"class_list":["post-24988","page","type-page","status-publish","hentry"],"acf":[],"yoast_head":"<!-- This site is optimized with the Yoast SEO plugin v27.2 - https:\/\/yoast.com\/product\/yoast-seo-wordpress\/ -->\n<title>Centro Social de Educa\u00e7\u00e3o e Cultura Farrapos - #SomosF\u00e9eAlegria en Brasil<\/title>\n<meta name=\"robots\" content=\"index, follow, max-snippet:-1, max-image-preview:large, max-video-preview:-1\" \/>\n<link rel=\"canonical\" href=\"https:\/\/www.feyalegria.org\/brasil\/farrapos\/\" \/>\n<meta property=\"og:locale\" content=\"es_ES\" \/>\n<meta property=\"og:type\" content=\"article\" \/>\n<meta property=\"og:title\" content=\"Centro Social de Educa\u00e7\u00e3o e Cultura Farrapos - #SomosF\u00e9eAlegria en Brasil\" \/>\n<meta property=\"og:description\" content=\"[vc_row css=&#8221;.vc_custom_1610136019840{padding-top: 30px !important;}&#8221;][vc_column width=&#8221;5\/6&#8243;][vc_column_text] Centro Social de Educa\u00e7\u00e3o e Cultura Farrapos [\/vc_column_text][\/vc_column][vc_column width=&#8221;1\/6&#8243; css=&#8221;.vc_custom_1616259062307{margin-top: -80px !important;}&#8221; offset=&#8221;vc_hidden-md vc_hidden-sm vc_hidden-xs&#8221;][vc_single_image image=&#8221;2283&#8243; img_size=&#8221;150&#8243; alignment=&#8221;right&#8221; style=&#8221;vc_box_circle_2&#8243;][\/vc_column][\/vc_row][vc_row][vc_column width=&#8221;1\/3&#8243;][vc_single_image image=&#8221;25595&#8243; img_size=&#8221;300&#215;300&#8243; alignment=&#8221;center&#8221; style=&#8221;vc_box_circle_2&#8243;][\/vc_column][vc_column width=&#8221;2\/3&#8243;][vc_column_text] Hist\u00f3ria [\/vc_column_text][vc_empty_space height=&#8221;10px&#8221;][vc_column_text]Em 2005, a Funda\u00e7\u00e3o F\u00e9 e Alegria foi inaugurada em Porto Alegre, capital ga\u00facha, na regi\u00e3o do bairro Arquip\u00e9lago (Ilha das Flores, Ilha\" \/>\n<meta property=\"og:url\" content=\"https:\/\/www.feyalegria.org\/brasil\/farrapos\/\" \/>\n<meta property=\"og:site_name\" content=\"#SomosF\u00e9eAlegria en Brasil\" \/>\n<meta property=\"article:modified_time\" content=\"2022-09-09T00:17:58+00:00\" \/>\n<meta name=\"twitter:card\" content=\"summary_large_image\" \/>\n<meta name=\"twitter:label1\" content=\"Tiempo de lectura\" \/>\n\t<meta name=\"twitter:data1\" content=\"5 minutos\" \/>\n<script type=\"application\/ld+json\" class=\"yoast-schema-graph\">{\"@context\":\"https:\/\/schema.org\",\"@graph\":[{\"@type\":\"WebPage\",\"@id\":\"https:\/\/www.feyalegria.org\/brasil\/farrapos\/\",\"url\":\"https:\/\/www.feyalegria.org\/brasil\/farrapos\/\",\"name\":\"Centro Social de Educa\u00e7\u00e3o e Cultura Farrapos - #SomosF\u00e9eAlegria en Brasil\",\"isPartOf\":{\"@id\":\"https:\/\/www.feyalegria.org\/brasil\/#website\"},\"datePublished\":\"2021-10-22T02:15:07+00:00\",\"dateModified\":\"2022-09-09T00:17:58+00:00\",\"inLanguage\":\"es-CO\",\"potentialAction\":[{\"@type\":\"ReadAction\",\"target\":[\"https:\/\/www.feyalegria.org\/brasil\/farrapos\/\"]}]},{\"@type\":\"WebSite\",\"@id\":\"https:\/\/www.feyalegria.org\/brasil\/#website\",\"url\":\"https:\/\/www.feyalegria.org\/brasil\/\",\"name\":\"#SomosF\u00e9eAlegria en Brasil\",\"description\":\"\",\"potentialAction\":[{\"@type\":\"SearchAction\",\"target\":{\"@type\":\"EntryPoint\",\"urlTemplate\":\"https:\/\/www.feyalegria.org\/brasil\/?s={search_term_string}\"},\"query-input\":{\"@type\":\"PropertyValueSpecification\",\"valueRequired\":true,\"valueName\":\"search_term_string\"}}],\"inLanguage\":\"es-CO\"}]}<\/script>\n<!-- \/ Yoast SEO plugin. -->","yoast_head_json":{"title":"Centro Social de Educa\u00e7\u00e3o e Cultura Farrapos - #SomosF\u00e9eAlegria en Brasil","robots":{"index":"index","follow":"follow","max-snippet":"max-snippet:-1","max-image-preview":"max-image-preview:large","max-video-preview":"max-video-preview:-1"},"canonical":"https:\/\/www.feyalegria.org\/brasil\/farrapos\/","og_locale":"es_ES","og_type":"article","og_title":"Centro Social de Educa\u00e7\u00e3o e Cultura Farrapos - #SomosF\u00e9eAlegria en Brasil","og_description":"[vc_row css=&#8221;.vc_custom_1610136019840{padding-top: 30px !important;}&#8221;][vc_column width=&#8221;5\/6&#8243;][vc_column_text] Centro Social de Educa\u00e7\u00e3o e Cultura Farrapos [\/vc_column_text][\/vc_column][vc_column width=&#8221;1\/6&#8243; css=&#8221;.vc_custom_1616259062307{margin-top: -80px !important;}&#8221; offset=&#8221;vc_hidden-md vc_hidden-sm vc_hidden-xs&#8221;][vc_single_image image=&#8221;2283&#8243; img_size=&#8221;150&#8243; alignment=&#8221;right&#8221; style=&#8221;vc_box_circle_2&#8243;][\/vc_column][\/vc_row][vc_row][vc_column width=&#8221;1\/3&#8243;][vc_single_image image=&#8221;25595&#8243; img_size=&#8221;300&#215;300&#8243; alignment=&#8221;center&#8221; style=&#8221;vc_box_circle_2&#8243;][\/vc_column][vc_column width=&#8221;2\/3&#8243;][vc_column_text] Hist\u00f3ria [\/vc_column_text][vc_empty_space height=&#8221;10px&#8221;][vc_column_text]Em 2005, a Funda\u00e7\u00e3o F\u00e9 e Alegria foi inaugurada em Porto Alegre, capital ga\u00facha, na regi\u00e3o do bairro Arquip\u00e9lago (Ilha das Flores, Ilha","og_url":"https:\/\/www.feyalegria.org\/brasil\/farrapos\/","og_site_name":"#SomosF\u00e9eAlegria en Brasil","article_modified_time":"2022-09-09T00:17:58+00:00","twitter_card":"summary_large_image","twitter_misc":{"Tiempo de lectura":"5 minutos"},"schema":{"@context":"https:\/\/schema.org","@graph":[{"@type":"WebPage","@id":"https:\/\/www.feyalegria.org\/brasil\/farrapos\/","url":"https:\/\/www.feyalegria.org\/brasil\/farrapos\/","name":"Centro Social de Educa\u00e7\u00e3o e Cultura Farrapos - #SomosF\u00e9eAlegria en Brasil","isPartOf":{"@id":"https:\/\/www.feyalegria.org\/brasil\/#website"},"datePublished":"2021-10-22T02:15:07+00:00","dateModified":"2022-09-09T00:17:58+00:00","inLanguage":"es-CO","potentialAction":[{"@type":"ReadAction","target":["https:\/\/www.feyalegria.org\/brasil\/farrapos\/"]}]},{"@type":"WebSite","@id":"https:\/\/www.feyalegria.org\/brasil\/#website","url":"https:\/\/www.feyalegria.org\/brasil\/","name":"#SomosF\u00e9eAlegria en Brasil","description":"","potentialAction":[{"@type":"SearchAction","target":{"@type":"EntryPoint","urlTemplate":"https:\/\/www.feyalegria.org\/brasil\/?s={search_term_string}"},"query-input":{"@type":"PropertyValueSpecification","valueRequired":true,"valueName":"search_term_string"}}],"inLanguage":"es-CO"}]}},"_links":{"self":[{"href":"https:\/\/www.feyalegria.org\/brasil\/wp-json\/wp\/v2\/pages\/24988","targetHints":{"allow":["GET"]}}],"collection":[{"href":"https:\/\/www.feyalegria.org\/brasil\/wp-json\/wp\/v2\/pages"}],"about":[{"href":"https:\/\/www.feyalegria.org\/brasil\/wp-json\/wp\/v2\/types\/page"}],"author":[{"embeddable":true,"href":"https:\/\/www.feyalegria.org\/brasil\/wp-json\/wp\/v2\/users\/2"}],"replies":[{"embeddable":true,"href":"https:\/\/www.feyalegria.org\/brasil\/wp-json\/wp\/v2\/comments?post=24988"}],"version-history":[{"count":0,"href":"https:\/\/www.feyalegria.org\/brasil\/wp-json\/wp\/v2\/pages\/24988\/revisions"}],"wp:attachment":[{"href":"https:\/\/www.feyalegria.org\/brasil\/wp-json\/wp\/v2\/media?parent=24988"}],"wp:term":[{"taxonomy":"folder","embeddable":true,"href":"https:\/\/www.feyalegria.org\/brasil\/wp-json\/wp\/v2\/folder?post=24988"}],"curies":[{"name":"wp","href":"https:\/\/api.w.org\/{rel}","templated":true}]}}