 {"id":2501,"date":"2021-03-06T15:10:21","date_gmt":"2021-03-06T15:10:21","guid":{"rendered":"https:\/\/www.feyalegria.org\/brasil\/?page_id=2501"},"modified":"2025-12-15T14:19:57","modified_gmt":"2025-12-15T17:19:57","slug":"ilheus","status":"publish","type":"page","link":"https:\/\/www.feyalegria.org\/brasil\/ilheus\/","title":{"rendered":"Centro Social Nossa Senhora da Vit\u00f3ria"},"content":{"rendered":"<div class=\"wpb-content-wrapper\"><p>[vc_row css=&#8221;.vc_custom_1610136019840{padding-top: 30px !important;}&#8221;][vc_column width=&#8221;5\/6&#8243;][vc_column_text]<\/p>\n<h1>Centro Social Nossa Senhora da Vit\u00f3ria<\/h1>\n<p>[\/vc_column_text][\/vc_column][vc_column width=&#8221;1\/6&#8243; css=&#8221;.vc_custom_1616259017023{margin-top: -80px !important;}&#8221; offset=&#8221;vc_hidden-md vc_hidden-sm vc_hidden-xs&#8221;][vc_single_image image=&#8221;2283&#8243; img_size=&#8221;150&#8243; alignment=&#8221;right&#8221; style=&#8221;vc_box_circle_2&#8243;][\/vc_column][\/vc_row][vc_row][vc_column width=&#8221;1\/3&#8243;][vc_single_image image=&#8221;2509&#8243; img_size=&#8221;300&#215;300&#8243; alignment=&#8221;center&#8221; style=&#8221;vc_box_circle_2&#8243;][\/vc_column][vc_column width=&#8221;2\/3&#8243;][vc_column_text]<\/p>\n<h3>Hist\u00f3ria<\/h3>\n<p>[\/vc_column_text][vc_empty_space height=&#8221;10px&#8221;][vc_column_text css=&#8221;&#8221;]A Funda\u00e7\u00e3o F\u00e9 e Alegria est\u00e1 presente em Ilh\u00e9us desde 1991 desenvolvendo trabalhos na \u00e1rea de Educa\u00e7\u00e3o e Promo\u00e7\u00e3o Social. Na primeira d\u00e9cada de funcionamento, os projetos que tiveram destaque foram as bibliotecas comunit\u00e1rias, forma\u00e7\u00e3o para educadores de creches comunit\u00e1rias e o Projeto Com-Viver, que realizava abordagens e acolhimento de crian\u00e7as e adolescentes em situa\u00e7\u00e3o de rua. A Filial de Ilh\u00e9us atuou de forma marcante no segmento de incid\u00eancia pol\u00edtica ao prestar assessoria para implanta\u00e7\u00e3o dos Conselhos de Direito em munic\u00edpios do litoral Sul do estado da Bahia.<\/p>\n<p>&nbsp;<\/p>\n<p>No ano de 1999 foi constru\u00eddo o Centro Educativo F\u00e9 e Alegria (CEFA) no bairro Nossa Senhora da Vit\u00f3ria. Posteriormente foi renomeado para Escola Municipal F\u00e9 e Alegria quando foi conveniada \u00e0 Secretaria de Educa\u00e7\u00e3o da Prefeitura Municipal de Ilh\u00e9us.<\/p>\n<p>&nbsp;<\/p>\n<p>Em 2024 a escola completou 25 anos, motivo de orgulho e celebra\u00e7\u00e3o junto com a comunidade local, pois atende cerca de 550 crian\u00e7as e adolescentes dos 6 aos 14 anos do ensino fundamental (1\u00ba ao 5\u00ba ano). Nesse percurso foi constru\u00eddo o Centro Social Nossa Senhora da Vit\u00f3ria que, atrav\u00e9s da educa\u00e7\u00e3o popular, oferece no contraturno o Servi\u00e7o de Conviv\u00eancia e Fortalecimento de V\u00ednculos e as oficinas de Inform\u00e1tica Educativa, Esportes, Dan\u00e7a, Pr\u00e1ticas Liter\u00e1rias e Artes Manuais, proporcionando uma educa\u00e7\u00e3o integral que contribui para o desenvolvimento e forma\u00e7\u00e3o humana dos atendidos que estudam na Escola Municipal F\u00e9 e Alegria. Desta forma, a parceria entre o Centro Social, Escola e Comunidade \u00e9 fortalecida com uma proposta pedag\u00f3gica alinhada, comprometida, democr\u00e1tica e participativa.<\/p>\n<p>&nbsp;<\/p>\n<p>A trajet\u00f3ria de F\u00e9 e Alegria em Ilh\u00e9us se revela como um caminho repleto de hist\u00f3ria, a\u00e7\u00e3o e transforma\u00e7\u00e3o, assumindo um compromisso com a comunidade na luta por uma sociedade mais justa, democr\u00e1tica e equitativa.[\/vc_column_text][vc_empty_space height=&#8221;20px&#8221;][\/vc_column][\/vc_row][vc_row][vc_column css=&#8221;.vc_custom_1615134240789{background-color: #aa0f16 !important;border-radius: 20px !important;}&#8221;][vc_empty_space][vc_column_text]<\/p>\n<h3 style=\"text-align: center;\"><span style=\"color: #ffffff;\"><strong>Atendimento<\/strong><\/span><\/h3>\n<p>[\/vc_column_text][vc_empty_space][vc_column_text css=&#8221;&#8221;]<\/p>\n<h3 style=\"text-align: center;\"><span style=\"color: #ffffff;\">90 crian\u00e7as e adolescentes, com idades de 8 a 12 anos.<\/span><\/h3>\n<p>[\/vc_column_text][vc_empty_space][\/vc_column][\/vc_row][vc_row css=&#8221;.vc_custom_1600382950718{margin-top: -25px !important;}&#8221;][vc_column][vc_empty_space height=&#8221;60px&#8221;][vc_column_text]<\/p>\n<h3><strong>Projetos desenvolvidos<\/strong><\/h3>\n<p>[\/vc_column_text][vc_column_text css=&#8221;&#8221;]<\/p>\n<h4><span style=\"color: #727176;\"><strong>Servi\u00e7o de Conviv\u00eancia e Fortalecimento de V\u00ednculos: 90<\/strong><\/span><\/h4>\n<h4><span style=\"color: #727176;\"><strong><br \/>\nEduca\u00e7\u00e3o Integral e Transforma\u00e7\u00e3o Digital: 90<\/strong><\/span><\/h4>\n<div class=\"wpb_text_column wpb_content_element \">\n<div class=\"wpb_wrapper\"><\/div>\n<\/div>\n<p>O Servi\u00e7o de Conviv\u00eancia e Fortalecimento de V\u00ednculos atua na preven\u00e7\u00e3o de situa\u00e7\u00f5es de risco social, a perman\u00eancia do indiv\u00edduo no sistema educacional e o fortalecimento das rela\u00e7\u00f5es familiares, sociais e comunit\u00e1rias. Por meio do trabalho promovido, o atendido passa a se entender como sujeito de direitos e protagonista de sua hist\u00f3ria, despertando sua compreens\u00e3o cr\u00edtica da realidade social e do mundo moderno e se tornando capaz de transformar os ambientes em que atua.<\/p>\n<p>&nbsp;<\/p>\n<p>O projeto Transforma\u00e7\u00e3o Digital e Educa\u00e7\u00e3o Integral para crian\u00e7as em contexto de vulnerabilidade tem por objetivo a promo\u00e7\u00e3o da inclus\u00e3o digital e acesso \u00e0s tecnologias informatizadas e em rede de internet al\u00e9m de promover a\u00e7\u00f5es que contribuam para a equidade de g\u00eanero e o empoderamento feminino, atrav\u00e9s do fomento \u00e0 cultura de paz e \u00e0 comunica\u00e7\u00e3o n\u00e3o violenta, combatendo as desigualdades e os estere\u00f3tipos estabelecidos socialmente com foco na educa\u00e7\u00e3o socioemocional dos educandos.[\/vc_column_text][\/vc_column][\/vc_row][vc_row css=&#8221;.vc_custom_1600382950718{margin-top: -25px !important;}&#8221;][vc_column][vc_empty_space][vc_column_text]<\/p>\n<h3><strong>Galeria<\/strong><\/h3>\n<p>[\/vc_column_text][\/vc_column][\/vc_row][vc_row][vc_column width=&#8221;1\/3&#8243;][vc_images_carousel images=&#8221;24791,24792,24793,24794,24795,24796&#8243; img_size=&#8221;medium&#8221; speed=&#8221;4000&#8243; autoplay=&#8221;yes&#8221; hide_pagination_control=&#8221;yes&#8221; hide_prev_next_buttons=&#8221;yes&#8221; wrap=&#8221;yes&#8221; css_animation=&#8221;fadeIn&#8221;][\/vc_column][vc_column width=&#8221;1\/3&#8243;][vc_images_carousel images=&#8221;24797,24798,24799,24800,24801&#8243; img_size=&#8221;medium&#8221; speed=&#8221;4000&#8243; autoplay=&#8221;yes&#8221; hide_pagination_control=&#8221;yes&#8221; hide_prev_next_buttons=&#8221;yes&#8221; wrap=&#8221;yes&#8221; css_animation=&#8221;fadeIn&#8221;][\/vc_column][vc_column width=&#8221;1\/3&#8243;][vc_images_carousel images=&#8221;24803,24804,24805,24806,24807&#8243; img_size=&#8221;medium&#8221; speed=&#8221;4000&#8243; autoplay=&#8221;yes&#8221; hide_pagination_control=&#8221;yes&#8221; hide_prev_next_buttons=&#8221;yes&#8221; wrap=&#8221;yes&#8221; css_animation=&#8221;fadeIn&#8221;][\/vc_column][\/vc_row][vc_row css=&#8221;.vc_custom_1600382950718{margin-top: -25px !important;}&#8221;][vc_column offset=&#8221;vc_hidden-md vc_hidden-sm vc_hidden-xs&#8221;][vc_empty_space][vc_column_text]<\/p>\n<h3><strong>Contato<\/strong><\/h3>\n<p>[\/vc_column_text][vc_column_text css=&#8221;.vc_custom_1764790148412{padding-top: 20px !important;padding-bottom: 20px !important;background-color: #e4e4e4 !important;border-radius: 20px !important;}&#8221;]2\u00aa Travessa S\u00e3o Jorge \u2013 S\/N<\/p>\n<p>Nossa Sra. da Vit\u00f3ria | Ilh\u00e9us\/BA<\/p>\n<p>CEP: 45.655-474<\/p>\n<p>+55 73 9 8231-8617<\/p>\n<p><a style=\"color: #000080;\" href=\"mailto:contato.ilheus@fealegria.org.br\">contato.ilheus@fealegria.org.br<\/a>[\/vc_column_text][\/vc_column][\/vc_row][vc_row css=&#8221;.vc_custom_1600382950718{margin-top: -25px !important;}&#8221;][vc_column offset=&#8221;vc_hidden-lg&#8221;][vc_empty_space][vc_column_text]<\/p>\n<h3><strong>Contato<\/strong><\/h3>\n<p>[\/vc_column_text][vc_column_text css=&#8221;.vc_custom_1619329489727{padding-top: 20px !important;padding-bottom: 20px !important;background-color: #e4e4e4 !important;border-radius: 20px !important;}&#8221;]<\/p>\n<p style=\"text-align: center;\">S\u00e3o Jorge<\/p>\n<p style=\"text-align: center;\">Nossa Sra. da Vit\u00f3ria \u2013 Ilh\u00e9us\/BA<\/p>\n<p style=\"text-align: center;\">CEP: 45655-470<\/p>\n<p style=\"text-align: center;\"><a href=\"mailto:ilheus@fealegria.org.br\">ilheus@fealegria.org.br<\/a><\/p>\n<p style=\"text-align: center;\">+55 73 3632-9789<\/p>\n<p>[\/vc_column_text][\/vc_column][\/vc_row][vc_row][vc_column][vc_empty_space height=&#8221;50px&#8221;][\/vc_column][\/vc_row][vc_row][vc_column][\/vc_column][\/vc_row]<\/p>\n<\/div>","protected":false},"excerpt":{"rendered":"<p>[vc_row css=&#8221;.vc_custom_1610136019840{padding-top: 30px !important;}&#8221;][vc_column width=&#8221;5\/6&#8243;][vc_column_text] Centro Social Nossa Senhora da Vit\u00f3ria [\/vc_column_text][\/vc_column][vc_column width=&#8221;1\/6&#8243; css=&#8221;.vc_custom_1616259017023{margin-top: -80px !important;}&#8221; offset=&#8221;vc_hidden-md vc_hidden-sm vc_hidden-xs&#8221;][vc_single_image image=&#8221;2283&#8243; img_size=&#8221;150&#8243; alignment=&#8221;right&#8221; style=&#8221;vc_box_circle_2&#8243;][\/vc_column][\/vc_row][vc_row][vc_column width=&#8221;1\/3&#8243;][vc_single_image image=&#8221;2509&#8243; img_size=&#8221;300&#215;300&#8243; alignment=&#8221;center&#8221; style=&#8221;vc_box_circle_2&#8243;][\/vc_column][vc_column width=&#8221;2\/3&#8243;][vc_column_text] Hist\u00f3ria [\/vc_column_text][vc_empty_space height=&#8221;10px&#8221;][vc_column_text css=&#8221;&#8221;]A Funda\u00e7\u00e3o F\u00e9 e Alegria est\u00e1 presente em Ilh\u00e9us desde 1991 desenvolvendo trabalhos na \u00e1rea de Educa\u00e7\u00e3o e Promo\u00e7\u00e3o Social. Na primeira d\u00e9cada<\/p>\n","protected":false},"author":19,"featured_media":0,"parent":0,"menu_order":0,"comment_status":"closed","ping_status":"closed","template":"","meta":{"_acf_changed":false,"footnotes":""},"folder":[],"class_list":["post-2501","page","type-page","status-publish","hentry"],"acf":[],"yoast_head":"<!-- This site is optimized with the Yoast SEO plugin v27.2 - https:\/\/yoast.com\/product\/yoast-seo-wordpress\/ -->\n<title>Centro Social Nossa Senhora da Vit\u00f3ria - #SomosF\u00e9eAlegria en Brasil<\/title>\n<meta name=\"robots\" content=\"index, follow, max-snippet:-1, max-image-preview:large, max-video-preview:-1\" \/>\n<link rel=\"canonical\" href=\"https:\/\/www.feyalegria.org\/brasil\/ilheus\/\" \/>\n<meta property=\"og:locale\" content=\"es_ES\" \/>\n<meta property=\"og:type\" content=\"article\" \/>\n<meta property=\"og:title\" content=\"Centro Social Nossa Senhora da Vit\u00f3ria - #SomosF\u00e9eAlegria en Brasil\" \/>\n<meta property=\"og:description\" content=\"[vc_row css=&#8221;.vc_custom_1610136019840{padding-top: 30px !important;}&#8221;][vc_column width=&#8221;5\/6&#8243;][vc_column_text] Centro Social Nossa Senhora da Vit\u00f3ria [\/vc_column_text][\/vc_column][vc_column width=&#8221;1\/6&#8243; css=&#8221;.vc_custom_1616259017023{margin-top: -80px !important;}&#8221; offset=&#8221;vc_hidden-md vc_hidden-sm vc_hidden-xs&#8221;][vc_single_image image=&#8221;2283&#8243; img_size=&#8221;150&#8243; alignment=&#8221;right&#8221; style=&#8221;vc_box_circle_2&#8243;][\/vc_column][\/vc_row][vc_row][vc_column width=&#8221;1\/3&#8243;][vc_single_image image=&#8221;2509&#8243; img_size=&#8221;300&#215;300&#8243; alignment=&#8221;center&#8221; style=&#8221;vc_box_circle_2&#8243;][\/vc_column][vc_column width=&#8221;2\/3&#8243;][vc_column_text] Hist\u00f3ria [\/vc_column_text][vc_empty_space height=&#8221;10px&#8221;][vc_column_text css=&#8221;&#8221;]A Funda\u00e7\u00e3o F\u00e9 e Alegria est\u00e1 presente em Ilh\u00e9us desde 1991 desenvolvendo trabalhos na \u00e1rea de Educa\u00e7\u00e3o e Promo\u00e7\u00e3o Social. Na primeira d\u00e9cada\" \/>\n<meta property=\"og:url\" content=\"https:\/\/www.feyalegria.org\/brasil\/ilheus\/\" \/>\n<meta property=\"og:site_name\" content=\"#SomosF\u00e9eAlegria en Brasil\" \/>\n<meta property=\"article:modified_time\" content=\"2025-12-15T17:19:57+00:00\" \/>\n<meta name=\"twitter:card\" content=\"summary_large_image\" \/>\n<meta name=\"twitter:label1\" content=\"Tiempo de lectura\" \/>\n\t<meta name=\"twitter:data1\" content=\"3 minutos\" \/>\n<script type=\"application\/ld+json\" class=\"yoast-schema-graph\">{\"@context\":\"https:\/\/schema.org\",\"@graph\":[{\"@type\":\"WebPage\",\"@id\":\"https:\/\/www.feyalegria.org\/brasil\/ilheus\/\",\"url\":\"https:\/\/www.feyalegria.org\/brasil\/ilheus\/\",\"name\":\"Centro Social Nossa Senhora da Vit\u00f3ria - #SomosF\u00e9eAlegria en Brasil\",\"isPartOf\":{\"@id\":\"https:\/\/www.feyalegria.org\/brasil\/#website\"},\"datePublished\":\"2021-03-06T15:10:21+00:00\",\"dateModified\":\"2025-12-15T17:19:57+00:00\",\"inLanguage\":\"es-CO\",\"potentialAction\":[{\"@type\":\"ReadAction\",\"target\":[\"https:\/\/www.feyalegria.org\/brasil\/ilheus\/\"]}]},{\"@type\":\"WebSite\",\"@id\":\"https:\/\/www.feyalegria.org\/brasil\/#website\",\"url\":\"https:\/\/www.feyalegria.org\/brasil\/\",\"name\":\"#SomosF\u00e9eAlegria en Brasil\",\"description\":\"\",\"potentialAction\":[{\"@type\":\"SearchAction\",\"target\":{\"@type\":\"EntryPoint\",\"urlTemplate\":\"https:\/\/www.feyalegria.org\/brasil\/?s={search_term_string}\"},\"query-input\":{\"@type\":\"PropertyValueSpecification\",\"valueRequired\":true,\"valueName\":\"search_term_string\"}}],\"inLanguage\":\"es-CO\"}]}<\/script>\n<!-- \/ Yoast SEO plugin. -->","yoast_head_json":{"title":"Centro Social Nossa Senhora da Vit\u00f3ria - #SomosF\u00e9eAlegria en Brasil","robots":{"index":"index","follow":"follow","max-snippet":"max-snippet:-1","max-image-preview":"max-image-preview:large","max-video-preview":"max-video-preview:-1"},"canonical":"https:\/\/www.feyalegria.org\/brasil\/ilheus\/","og_locale":"es_ES","og_type":"article","og_title":"Centro Social Nossa Senhora da Vit\u00f3ria - #SomosF\u00e9eAlegria en Brasil","og_description":"[vc_row css=&#8221;.vc_custom_1610136019840{padding-top: 30px !important;}&#8221;][vc_column width=&#8221;5\/6&#8243;][vc_column_text] Centro Social Nossa Senhora da Vit\u00f3ria [\/vc_column_text][\/vc_column][vc_column width=&#8221;1\/6&#8243; css=&#8221;.vc_custom_1616259017023{margin-top: -80px !important;}&#8221; offset=&#8221;vc_hidden-md vc_hidden-sm vc_hidden-xs&#8221;][vc_single_image image=&#8221;2283&#8243; img_size=&#8221;150&#8243; alignment=&#8221;right&#8221; style=&#8221;vc_box_circle_2&#8243;][\/vc_column][\/vc_row][vc_row][vc_column width=&#8221;1\/3&#8243;][vc_single_image image=&#8221;2509&#8243; img_size=&#8221;300&#215;300&#8243; alignment=&#8221;center&#8221; style=&#8221;vc_box_circle_2&#8243;][\/vc_column][vc_column width=&#8221;2\/3&#8243;][vc_column_text] Hist\u00f3ria [\/vc_column_text][vc_empty_space height=&#8221;10px&#8221;][vc_column_text css=&#8221;&#8221;]A Funda\u00e7\u00e3o F\u00e9 e Alegria est\u00e1 presente em Ilh\u00e9us desde 1991 desenvolvendo trabalhos na \u00e1rea de Educa\u00e7\u00e3o e Promo\u00e7\u00e3o Social. Na primeira d\u00e9cada","og_url":"https:\/\/www.feyalegria.org\/brasil\/ilheus\/","og_site_name":"#SomosF\u00e9eAlegria en Brasil","article_modified_time":"2025-12-15T17:19:57+00:00","twitter_card":"summary_large_image","twitter_misc":{"Tiempo de lectura":"3 minutos"},"schema":{"@context":"https:\/\/schema.org","@graph":[{"@type":"WebPage","@id":"https:\/\/www.feyalegria.org\/brasil\/ilheus\/","url":"https:\/\/www.feyalegria.org\/brasil\/ilheus\/","name":"Centro Social Nossa Senhora da Vit\u00f3ria - #SomosF\u00e9eAlegria en Brasil","isPartOf":{"@id":"https:\/\/www.feyalegria.org\/brasil\/#website"},"datePublished":"2021-03-06T15:10:21+00:00","dateModified":"2025-12-15T17:19:57+00:00","inLanguage":"es-CO","potentialAction":[{"@type":"ReadAction","target":["https:\/\/www.feyalegria.org\/brasil\/ilheus\/"]}]},{"@type":"WebSite","@id":"https:\/\/www.feyalegria.org\/brasil\/#website","url":"https:\/\/www.feyalegria.org\/brasil\/","name":"#SomosF\u00e9eAlegria en Brasil","description":"","potentialAction":[{"@type":"SearchAction","target":{"@type":"EntryPoint","urlTemplate":"https:\/\/www.feyalegria.org\/brasil\/?s={search_term_string}"},"query-input":{"@type":"PropertyValueSpecification","valueRequired":true,"valueName":"search_term_string"}}],"inLanguage":"es-CO"}]}},"_links":{"self":[{"href":"https:\/\/www.feyalegria.org\/brasil\/wp-json\/wp\/v2\/pages\/2501","targetHints":{"allow":["GET"]}}],"collection":[{"href":"https:\/\/www.feyalegria.org\/brasil\/wp-json\/wp\/v2\/pages"}],"about":[{"href":"https:\/\/www.feyalegria.org\/brasil\/wp-json\/wp\/v2\/types\/page"}],"author":[{"embeddable":true,"href":"https:\/\/www.feyalegria.org\/brasil\/wp-json\/wp\/v2\/users\/19"}],"replies":[{"embeddable":true,"href":"https:\/\/www.feyalegria.org\/brasil\/wp-json\/wp\/v2\/comments?post=2501"}],"version-history":[{"count":8,"href":"https:\/\/www.feyalegria.org\/brasil\/wp-json\/wp\/v2\/pages\/2501\/revisions"}],"predecessor-version":[{"id":29547,"href":"https:\/\/www.feyalegria.org\/brasil\/wp-json\/wp\/v2\/pages\/2501\/revisions\/29547"}],"wp:attachment":[{"href":"https:\/\/www.feyalegria.org\/brasil\/wp-json\/wp\/v2\/media?parent=2501"}],"wp:term":[{"taxonomy":"folder","embeddable":true,"href":"https:\/\/www.feyalegria.org\/brasil\/wp-json\/wp\/v2\/folder?post=2501"}],"curies":[{"name":"wp","href":"https:\/\/api.w.org\/{rel}","templated":true}]}}