 {"id":27661,"date":"2023-09-20T08:57:55","date_gmt":"2023-09-20T11:57:55","guid":{"rendered":"https:\/\/www.feyalegria.org\/brasil\/?page_id=27661"},"modified":"2023-09-20T13:52:56","modified_gmt":"2023-09-20T16:52:56","slug":"trabalhe-conosco","status":"publish","type":"page","link":"https:\/\/www.feyalegria.org\/brasil\/trabalhe-conosco\/","title":{"rendered":"Trabalhe conosco"},"content":{"rendered":"<div class=\"wpb-content-wrapper\"><p>[vc_row css=&#8221;.vc_custom_1610143163619{padding-top: 30px !important;}&#8221;][vc_column width=&#8221;5\/6&#8243;][vc_column_text]<\/p>\n<h1>Trabalhe Conosco<\/h1>\n<p>[\/vc_column_text][\/vc_column][vc_column width=&#8221;1\/6&#8243; css=&#8221;.vc_custom_1616254911728{margin-top: -80px !important;}&#8221; offset=&#8221;vc_hidden-sm vc_hidden-xs&#8221;][vc_single_image image=&#8221;2294&#8243; img_size=&#8221;150&#8243; alignment=&#8221;right&#8221; style=&#8221;vc_box_circle_2&#8243;][\/vc_column][\/vc_row][vc_row content_placement=&#8221;top&#8221; css=&#8221;.vc_custom_1610146819371{border-radius: 20px !important;}&#8221;][vc_column alignment=&#8221;center&#8221;][vc_column_text]<\/p>\n<p style=\"text-align: left\">Quer fazer parte de uma institui\u00e7\u00e3o que trabalha todos os dias para transformar o mundo por meio da educa\u00e7\u00e3o? A Funda\u00e7\u00e3o F\u00e9 e Alegria do Brasil \u00e9 uma obra social da Companhia de Jesus que est\u00e1 presente em 14 estados e atende a nove mil pessoas, entre crian\u00e7as, adolescentes, jovens e adultos em situa\u00e7\u00e3o de vulnerabilidade. Al\u00e9m disso, integra a <a href=\"https:\/\/www.feyalegria.org\/\"><span style=\"font-weight: 400\">Federa\u00e7\u00e3o Internacional de F\u00e9 e Alegria<\/span><\/a><span style=\"font-weight: 400\">, que congrega mais de 22 pa\u00edses em um grande movimento de educa\u00e7\u00e3o popular e promo\u00e7\u00e3o social.\u00a0<\/span><\/p>\n<p>&nbsp;<\/p>\n<p style=\"text-align: left\"><strong>Se voc\u00ea deseja ser parte desse universo, clique no link abaixo para ver as oportunidades dispon\u00edveis e fa\u00e7a o seu cadastro:<\/strong><\/p>\n<p>[\/vc_column_text][\/vc_column][\/vc_row][vc_row][vc_column][vc_btn title=&#8221;CONFIRA NOSSAS VAGAS&#8221; style=&#8221;custom&#8221; custom_background=&#8221;#aa0f16&#8243; custom_text=&#8221;#ffffff&#8221; align=&#8221;center&#8221; link=&#8221;url:https%3A%2F%2Fjesuitasbrasil.gupy.io%2F%20_blank|target:_blank&#8221;][vc_empty_space][vc_empty_space][\/vc_column][\/vc_row]<\/p>\n<\/div>","protected":false},"excerpt":{"rendered":"<p>[vc_row css=&#8221;.vc_custom_1610143163619{padding-top: 30px !important;}&#8221;][vc_column width=&#8221;5\/6&#8243;][vc_column_text] Trabalhe Conosco [\/vc_column_text][\/vc_column][vc_column width=&#8221;1\/6&#8243; css=&#8221;.vc_custom_1616254911728{margin-top: -80px !important;}&#8221; offset=&#8221;vc_hidden-sm vc_hidden-xs&#8221;][vc_single_image image=&#8221;2294&#8243; img_size=&#8221;150&#8243; alignment=&#8221;right&#8221; style=&#8221;vc_box_circle_2&#8243;][\/vc_column][\/vc_row][vc_row content_placement=&#8221;top&#8221; css=&#8221;.vc_custom_1610146819371{border-radius: 20px !important;}&#8221;][vc_column alignment=&#8221;center&#8221;][vc_column_text] Quer fazer parte de uma institui\u00e7\u00e3o que trabalha todos os dias para transformar o mundo por meio da educa\u00e7\u00e3o? A Funda\u00e7\u00e3o F\u00e9 e Alegria do Brasil \u00e9 uma obra social da Companhia<\/p>\n","protected":false},"author":67,"featured_media":27667,"parent":0,"menu_order":0,"comment_status":"closed","ping_status":"closed","template":"","meta":{"_acf_changed":false,"footnotes":""},"folder":[],"class_list":["post-27661","page","type-page","status-publish","has-post-thumbnail","hentry"],"acf":[],"yoast_head":"<!-- This site is optimized with the Yoast SEO plugin v27.2 - https:\/\/yoast.com\/product\/yoast-seo-wordpress\/ -->\n<title>Trabalhe conosco - #SomosF\u00e9eAlegria en Brasil<\/title>\n<meta name=\"robots\" content=\"index, follow, max-snippet:-1, max-image-preview:large, max-video-preview:-1\" \/>\n<link rel=\"canonical\" href=\"https:\/\/www.feyalegria.org\/brasil\/trabalhe-conosco\/\" \/>\n<meta property=\"og:locale\" content=\"es_ES\" \/>\n<meta property=\"og:type\" content=\"article\" \/>\n<meta property=\"og:title\" content=\"Trabalhe conosco - #SomosF\u00e9eAlegria en Brasil\" \/>\n<meta property=\"og:description\" content=\"[vc_row css=&#8221;.vc_custom_1610143163619{padding-top: 30px !important;}&#8221;][vc_column width=&#8221;5\/6&#8243;][vc_column_text] Trabalhe Conosco [\/vc_column_text][\/vc_column][vc_column width=&#8221;1\/6&#8243; css=&#8221;.vc_custom_1616254911728{margin-top: -80px !important;}&#8221; offset=&#8221;vc_hidden-sm vc_hidden-xs&#8221;][vc_single_image image=&#8221;2294&#8243; img_size=&#8221;150&#8243; alignment=&#8221;right&#8221; style=&#8221;vc_box_circle_2&#8243;][\/vc_column][\/vc_row][vc_row content_placement=&#8221;top&#8221; css=&#8221;.vc_custom_1610146819371{border-radius: 20px !important;}&#8221;][vc_column alignment=&#8221;center&#8221;][vc_column_text] Quer fazer parte de uma institui\u00e7\u00e3o que trabalha todos os dias para transformar o mundo por meio da educa\u00e7\u00e3o? A Funda\u00e7\u00e3o F\u00e9 e Alegria do Brasil \u00e9 uma obra social da Companhia\" \/>\n<meta property=\"og:url\" content=\"https:\/\/www.feyalegria.org\/brasil\/trabalhe-conosco\/\" \/>\n<meta property=\"og:site_name\" content=\"#SomosF\u00e9eAlegria en Brasil\" \/>\n<meta property=\"article:modified_time\" content=\"2023-09-20T16:52:56+00:00\" \/>\n<meta property=\"og:image\" content=\"https:\/\/d3pugrm67vf9n7.cloudfront.net\/wp-content\/uploads\/sites\/23\/2023\/09\/20091912\/banner-destaque-Trabalhe-conosco.jpg\" \/>\n\t<meta property=\"og:image:width\" content=\"1240\" \/>\n\t<meta property=\"og:image:height\" content=\"300\" \/>\n\t<meta property=\"og:image:type\" content=\"image\/jpeg\" \/>\n<meta name=\"twitter:card\" content=\"summary_large_image\" \/>\n<meta name=\"twitter:label1\" content=\"Tiempo de lectura\" \/>\n\t<meta name=\"twitter:data1\" content=\"1 minuto\" \/>\n<script type=\"application\/ld+json\" class=\"yoast-schema-graph\">{\"@context\":\"https:\/\/schema.org\",\"@graph\":[{\"@type\":\"WebPage\",\"@id\":\"https:\/\/www.feyalegria.org\/brasil\/trabalhe-conosco\/\",\"url\":\"https:\/\/www.feyalegria.org\/brasil\/trabalhe-conosco\/\",\"name\":\"Trabalhe conosco - #SomosF\u00e9eAlegria en Brasil\",\"isPartOf\":{\"@id\":\"https:\/\/www.feyalegria.org\/brasil\/#website\"},\"primaryImageOfPage\":{\"@id\":\"https:\/\/www.feyalegria.org\/brasil\/trabalhe-conosco\/#primaryimage\"},\"image\":{\"@id\":\"https:\/\/www.feyalegria.org\/brasil\/trabalhe-conosco\/#primaryimage\"},\"thumbnailUrl\":\"https:\/\/d3pugrm67vf9n7.cloudfront.net\/wp-content\/uploads\/sites\/23\/2023\/09\/20091912\/banner-destaque-Trabalhe-conosco.jpg\",\"datePublished\":\"2023-09-20T11:57:55+00:00\",\"dateModified\":\"2023-09-20T16:52:56+00:00\",\"inLanguage\":\"es-CO\",\"potentialAction\":[{\"@type\":\"ReadAction\",\"target\":[\"https:\/\/www.feyalegria.org\/brasil\/trabalhe-conosco\/\"]}]},{\"@type\":\"ImageObject\",\"inLanguage\":\"es-CO\",\"@id\":\"https:\/\/www.feyalegria.org\/brasil\/trabalhe-conosco\/#primaryimage\",\"url\":\"https:\/\/d3pugrm67vf9n7.cloudfront.net\/wp-content\/uploads\/sites\/23\/2023\/09\/20091912\/banner-destaque-Trabalhe-conosco.jpg\",\"contentUrl\":\"https:\/\/d3pugrm67vf9n7.cloudfront.net\/wp-content\/uploads\/sites\/23\/2023\/09\/20091912\/banner-destaque-Trabalhe-conosco.jpg\",\"width\":1240,\"height\":300},{\"@type\":\"WebSite\",\"@id\":\"https:\/\/www.feyalegria.org\/brasil\/#website\",\"url\":\"https:\/\/www.feyalegria.org\/brasil\/\",\"name\":\"#SomosF\u00e9eAlegria en Brasil\",\"description\":\"\",\"potentialAction\":[{\"@type\":\"SearchAction\",\"target\":{\"@type\":\"EntryPoint\",\"urlTemplate\":\"https:\/\/www.feyalegria.org\/brasil\/?s={search_term_string}\"},\"query-input\":{\"@type\":\"PropertyValueSpecification\",\"valueRequired\":true,\"valueName\":\"search_term_string\"}}],\"inLanguage\":\"es-CO\"}]}<\/script>\n<!-- \/ Yoast SEO plugin. -->","yoast_head_json":{"title":"Trabalhe conosco - #SomosF\u00e9eAlegria en Brasil","robots":{"index":"index","follow":"follow","max-snippet":"max-snippet:-1","max-image-preview":"max-image-preview:large","max-video-preview":"max-video-preview:-1"},"canonical":"https:\/\/www.feyalegria.org\/brasil\/trabalhe-conosco\/","og_locale":"es_ES","og_type":"article","og_title":"Trabalhe conosco - #SomosF\u00e9eAlegria en Brasil","og_description":"[vc_row css=&#8221;.vc_custom_1610143163619{padding-top: 30px !important;}&#8221;][vc_column width=&#8221;5\/6&#8243;][vc_column_text] Trabalhe Conosco [\/vc_column_text][\/vc_column][vc_column width=&#8221;1\/6&#8243; css=&#8221;.vc_custom_1616254911728{margin-top: -80px !important;}&#8221; offset=&#8221;vc_hidden-sm vc_hidden-xs&#8221;][vc_single_image image=&#8221;2294&#8243; img_size=&#8221;150&#8243; alignment=&#8221;right&#8221; style=&#8221;vc_box_circle_2&#8243;][\/vc_column][\/vc_row][vc_row content_placement=&#8221;top&#8221; css=&#8221;.vc_custom_1610146819371{border-radius: 20px !important;}&#8221;][vc_column alignment=&#8221;center&#8221;][vc_column_text] Quer fazer parte de uma institui\u00e7\u00e3o que trabalha todos os dias para transformar o mundo por meio da educa\u00e7\u00e3o? A Funda\u00e7\u00e3o F\u00e9 e Alegria do Brasil \u00e9 uma obra social da Companhia","og_url":"https:\/\/www.feyalegria.org\/brasil\/trabalhe-conosco\/","og_site_name":"#SomosF\u00e9eAlegria en Brasil","article_modified_time":"2023-09-20T16:52:56+00:00","og_image":[{"width":1240,"height":300,"url":"https:\/\/d3pugrm67vf9n7.cloudfront.net\/wp-content\/uploads\/sites\/23\/2023\/09\/20091912\/banner-destaque-Trabalhe-conosco.jpg","type":"image\/jpeg"}],"twitter_card":"summary_large_image","twitter_misc":{"Tiempo de lectura":"1 minuto"},"schema":{"@context":"https:\/\/schema.org","@graph":[{"@type":"WebPage","@id":"https:\/\/www.feyalegria.org\/brasil\/trabalhe-conosco\/","url":"https:\/\/www.feyalegria.org\/brasil\/trabalhe-conosco\/","name":"Trabalhe conosco - #SomosF\u00e9eAlegria en Brasil","isPartOf":{"@id":"https:\/\/www.feyalegria.org\/brasil\/#website"},"primaryImageOfPage":{"@id":"https:\/\/www.feyalegria.org\/brasil\/trabalhe-conosco\/#primaryimage"},"image":{"@id":"https:\/\/www.feyalegria.org\/brasil\/trabalhe-conosco\/#primaryimage"},"thumbnailUrl":"https:\/\/d3pugrm67vf9n7.cloudfront.net\/wp-content\/uploads\/sites\/23\/2023\/09\/20091912\/banner-destaque-Trabalhe-conosco.jpg","datePublished":"2023-09-20T11:57:55+00:00","dateModified":"2023-09-20T16:52:56+00:00","inLanguage":"es-CO","potentialAction":[{"@type":"ReadAction","target":["https:\/\/www.feyalegria.org\/brasil\/trabalhe-conosco\/"]}]},{"@type":"ImageObject","inLanguage":"es-CO","@id":"https:\/\/www.feyalegria.org\/brasil\/trabalhe-conosco\/#primaryimage","url":"https:\/\/d3pugrm67vf9n7.cloudfront.net\/wp-content\/uploads\/sites\/23\/2023\/09\/20091912\/banner-destaque-Trabalhe-conosco.jpg","contentUrl":"https:\/\/d3pugrm67vf9n7.cloudfront.net\/wp-content\/uploads\/sites\/23\/2023\/09\/20091912\/banner-destaque-Trabalhe-conosco.jpg","width":1240,"height":300},{"@type":"WebSite","@id":"https:\/\/www.feyalegria.org\/brasil\/#website","url":"https:\/\/www.feyalegria.org\/brasil\/","name":"#SomosF\u00e9eAlegria en Brasil","description":"","potentialAction":[{"@type":"SearchAction","target":{"@type":"EntryPoint","urlTemplate":"https:\/\/www.feyalegria.org\/brasil\/?s={search_term_string}"},"query-input":{"@type":"PropertyValueSpecification","valueRequired":true,"valueName":"search_term_string"}}],"inLanguage":"es-CO"}]}},"_links":{"self":[{"href":"https:\/\/www.feyalegria.org\/brasil\/wp-json\/wp\/v2\/pages\/27661","targetHints":{"allow":["GET"]}}],"collection":[{"href":"https:\/\/www.feyalegria.org\/brasil\/wp-json\/wp\/v2\/pages"}],"about":[{"href":"https:\/\/www.feyalegria.org\/brasil\/wp-json\/wp\/v2\/types\/page"}],"author":[{"embeddable":true,"href":"https:\/\/www.feyalegria.org\/brasil\/wp-json\/wp\/v2\/users\/67"}],"replies":[{"embeddable":true,"href":"https:\/\/www.feyalegria.org\/brasil\/wp-json\/wp\/v2\/comments?post=27661"}],"version-history":[{"count":0,"href":"https:\/\/www.feyalegria.org\/brasil\/wp-json\/wp\/v2\/pages\/27661\/revisions"}],"wp:featuredmedia":[{"embeddable":true,"href":"https:\/\/www.feyalegria.org\/brasil\/wp-json\/wp\/v2\/media\/27667"}],"wp:attachment":[{"href":"https:\/\/www.feyalegria.org\/brasil\/wp-json\/wp\/v2\/media?parent=27661"}],"wp:term":[{"taxonomy":"folder","embeddable":true,"href":"https:\/\/www.feyalegria.org\/brasil\/wp-json\/wp\/v2\/folder?post=27661"}],"curies":[{"name":"wp","href":"https:\/\/api.w.org\/{rel}","templated":true}]}}