 {"id":28900,"date":"2026-03-24T11:02:13","date_gmt":"2026-03-24T14:02:13","guid":{"rendered":"https:\/\/www.feyalegria.org\/brasil\/?page_id=28900"},"modified":"2026-04-06T17:55:44","modified_gmt":"2026-04-06T20:55:44","slug":"doacao-irpf","status":"publish","type":"page","link":"https:\/\/www.feyalegria.org\/brasil\/doacao-irpf\/","title":{"rendered":"Doa\u00e7\u00e3o por IRPF"},"content":{"rendered":"<div class=\"wpb-content-wrapper\"><p>[vc_row css=&#8221;.vc_custom_1774986285300{padding-top: 30px !important;}&#8221;][vc_column width=&#8221;5\/6&#8243;][vc_column_text css=&#8221;&#8221;]<\/p>\n<h1>Doa\u00e7\u00e3o por Imposto de Renda<\/h1>\n<p>[\/vc_column_text][\/vc_column][vc_column width=&#8221;1\/6&#8243; css=&#8221;.vc_custom_1774986339916{margin-top: -80px !important;}&#8221;][vc_single_image image=&#8221;26199&#8243; img_size=&#8221;150&#8243; alignment=&#8221;right&#8221; style=&#8221;vc_box_circle_2&#8243; css=&#8221;&#8221;][\/vc_column][\/vc_row][vc_row][vc_column][vc_column_text css=&#8221;&#8221;]<\/p>\n<p style=\"text-align: center;\"><span style=\"font-size: 24px;\"><strong>Com o seu IR, constru\u00edmos futuros com F\u00e9 e Alegria!<\/strong><\/span><\/p>\n<p>&nbsp;<\/p>\n<p style=\"text-align: left;\">Voc\u00ea sabia que pode contribuir para os projetos sociais da Funda\u00e7\u00e3o F\u00e9 e Alegria do Brasil sem gastar nada a mais? Na declara\u00e7\u00e3o do Imposto de Renda pelo modelo completo, \u00e9 poss\u00edvel destinar de <strong>3 a 6% do valor devido<\/strong> aos projetos de F\u00e9 e Alegria:<\/p>\n<p>&nbsp;<\/p>\n<p style=\"text-align: left;\">Os projetos aprovados nos <strong>Conselhos de Direitos da Crian\u00e7a e do Adolescente<\/strong> podem receber a destina\u00e7\u00e3o do Imposto de Renda devido por pessoas f\u00edsicas e jur\u00eddicas.<\/p>\n<p>&nbsp;<\/p>\n<p style=\"text-align: left;\">&#8211; As empresas que declaram pelo Lucro Real, podem destinar at\u00e9 1% do valor a pagar para projetos com crian\u00e7as e adolescentes, sem concorr\u00eancia com outras modalidades de incentivo. Se sua empresa \u00e9 do Simples Nacional ou opta pelo Lucro Presumido, n\u00e3o poder\u00e1 fazer esse tipo de abatimento.<\/p>\n<p>&nbsp;<\/p>\n<p style=\"text-align: left;\">&#8211; Na declara\u00e7\u00e3o do Imposto de Renda de pessoa f\u00edsica pelo modelo completo, \u00e9 poss\u00edvel destinar de 3 a 6% do valor devido aos projetos de F\u00e9 e Alegria:<\/p>\n<p>&nbsp;<\/p>\n<ul>\n<li>6% &#8211; se a destina\u00e7\u00e3o for realizada no exerc\u00edcio anterior ao da declara\u00e7\u00e3o<\/li>\n<li>3% &#8211; se a destina\u00e7\u00e3o for realizada no mesmo exerc\u00edcio, at\u00e9 o prazo final para declarar<\/li>\n<\/ul>\n<p>&nbsp;<\/p>\n<p>Os projetos dos centros de F\u00e9 e Alegria aprovados nos Conselhos de Direitos da Crian\u00e7a e do Adolescente visam atender a crian\u00e7as e adolescentes em situa\u00e7\u00e3o de vulnerabilidade social atrav\u00e9s da realiza\u00e7\u00e3o de oficinas culturais e educativas, al\u00e9m de preparar adolescentes para a primeira oportunidade no mercado de trabalho. As doa\u00e7\u00f5es s\u00e3o extremamente importantes para que esses projetos possam ser executados e, assim, impactar a centenas de crian\u00e7as e adolescentes!<\/p>\n<p>&nbsp;<\/p>\n<p><span style=\"font-size: 22px;\"><strong>Quer saber como doar parte do seu IRPF? Siga o passo a passo dispon\u00edvel <a href=\"https:\/\/drive.google.com\/file\/d\/1dFNaMMQqth1ktLM9ZsGj7N8Vnuw0UqVd\/view?usp=drive_link\" target=\"_blank\" rel=\"noopener\">neste link<\/a>.<\/strong><\/span><\/p>\n<p>&nbsp;<\/p>\n<p><span style=\"font-size: 16px;\">Se \u00e9 uma empresa ou tem alguma d\u00favida, entre em contato conosco atrav\u00e9s do e-mail <a href=\"mailto:mobilizacao@fealegria.org.br\"><strong>mobilizacao@fealegria.org.br<\/strong><\/a><strong>.<\/strong><\/span><\/p>\n<p>&nbsp;<\/p>\n<h3><\/h3>\n<h3><strong><span style=\"font-size: 22px;\"><span style=\"font-size: 30px;\">Saiba mais sobre nossos projetos:<\/span><\/span><\/strong><\/h3>\n<h4><span style=\"font-size: 19px;\"><strong><br \/>\n<img loading=\"lazy\" decoding=\"async\" class=\"alignleft wp-image-28740 size-full\" src=\"https:\/\/d3pugrm67vf9n7.cloudfront.net\/wp-content\/uploads\/sites\/23\/2025\/03\/25133648\/Doacao-IR-Recife.png\" alt=\"\" width=\"300\" height=\"300\" srcset=\"https:\/\/d3pugrm67vf9n7.cloudfront.net\/wp-content\/uploads\/sites\/23\/2025\/03\/25133648\/Doacao-IR-Recife.png 300w, https:\/\/d3pugrm67vf9n7.cloudfront.net\/wp-content\/uploads\/sites\/23\/2025\/03\/25133648\/Doacao-IR-Recife-150x150.png 150w\" sizes=\"auto, (max-width: 300px) 100vw, 300px\" \/><br \/>\nCatavento<\/strong><\/span><\/h4>\n<p>Preven\u00e7\u00e3o a situa\u00e7\u00f5es de exclus\u00e3o e risco social por meio da participa\u00e7\u00e3o das crian\u00e7as e adolescentes em oficinas de artes, teatro, esportes e forma\u00e7\u00e3o humana.<\/p>\n<p><strong>Localidade:<\/strong> Recife (PE)<br \/>\n<strong>P\u00fablico-alvo:<\/strong> 120 crian\u00e7as e adolescentes residentes no munic\u00edpio de Recife, com idade entre 10 e 14 anos, em situa\u00e7\u00e3o de vulnerabilidade social.<br \/>\n<strong>Valor total do projeto: R$ <span data-teams=\"true\"> 245.786,68 <\/span><br \/>\n<\/strong><strong>Valor a captar: R$<span data-teams=\"true\"> 45.786,68<\/span><\/strong><\/p>\n<p>[\/vc_column_text][\/vc_column][\/vc_row][vc_row][vc_column][vc_column_text css=&#8221;&#8221;]<\/p>\n<h4><img loading=\"lazy\" decoding=\"async\" class=\"alignleft size-full wp-image-28729\" src=\"https:\/\/d3pugrm67vf9n7.cloudfront.net\/wp-content\/uploads\/sites\/23\/2025\/03\/24193500\/Doacao-IR-Montes-Claros.png\" alt=\"\" width=\"300\" height=\"300\" srcset=\"https:\/\/d3pugrm67vf9n7.cloudfront.net\/wp-content\/uploads\/sites\/23\/2025\/03\/24193500\/Doacao-IR-Montes-Claros.png 300w, https:\/\/d3pugrm67vf9n7.cloudfront.net\/wp-content\/uploads\/sites\/23\/2025\/03\/24193500\/Doacao-IR-Montes-Claros-150x150.png 150w\" sizes=\"auto, (max-width: 300px) 100vw, 300px\" \/><span style=\"font-size: 19px;\"><strong><br \/>\nDan\u00e7Arte<\/strong><\/span><\/h4>\n<p>Promove oficinas de dan\u00e7a e outras atividades art\u00edsticas, culturais e educativas visando contribuir para o desenvolvimento das potencialidades e viv\u00eancias coletivas, para o combate \u00e0 desigualdade de oportunidades e para a preven\u00e7\u00e3o de riscos sociais. Al\u00e9m de oficinas, ser\u00e3o realizados encontros para tratar de tem\u00e1ticas relativas a direitos.<\/p>\n<p><strong>Localidade:<\/strong> Montes Claros\/MG<br \/>\n<strong>P\u00fablico-alvo:<\/strong> 150 crian\u00e7as e adolescentes, dos seis aos 17 anos, residentes da regi\u00e3o Grande Independ\u00eancia, no munic\u00edpio de Montes Claros (MG).<br \/>\n<strong>Valor total do projeto: R$ 44.405,63<\/strong><\/p>\n<p>&nbsp;<\/p>\n<p>[\/vc_column_text][\/vc_column][\/vc_row][vc_row][vc_column][vc_column_text css=&#8221;&#8221;]<\/p>\n<h4><strong><br \/>\n<\/strong><span style=\"font-size: 19px;\"><strong><img loading=\"lazy\" decoding=\"async\" class=\"alignleft size-full wp-image-28730\" src=\"https:\/\/d3pugrm67vf9n7.cloudfront.net\/wp-content\/uploads\/sites\/23\/2025\/03\/24193527\/Doacao-IR-Cariacica.png\" alt=\"\" width=\"300\" height=\"300\" srcset=\"https:\/\/d3pugrm67vf9n7.cloudfront.net\/wp-content\/uploads\/sites\/23\/2025\/03\/24193527\/Doacao-IR-Cariacica.png 300w, https:\/\/d3pugrm67vf9n7.cloudfront.net\/wp-content\/uploads\/sites\/23\/2025\/03\/24193527\/Doacao-IR-Cariacica-150x150.png 150w\" sizes=\"auto, (max-width: 300px) 100vw, 300px\" \/><br \/>\nInser\u00e7\u00e3o Qualificada de Adolescentes no Mundo do Trabalho<\/strong><\/span><\/h4>\n<p>Capacita\u00e7\u00e3o de jovens para a conquista da primeira oportunidade no mercado de trabalho, contribuindo para seu desenvolvimento integral e gerando impactos positivos nos \u00e2mbitos profissional e pessoal.<\/p>\n<p><strong>Localidade:<\/strong> Cariacica\/ES<br \/>\n<strong>P\u00fablico-alvo:<\/strong> 180 adolescentes residentes no munic\u00edpio de Cariacica, com idade entre 16 e 18 anos, em situa\u00e7\u00e3o de vulnerabilidade social.<br \/>\n<strong>Valor total do projeto: R$ 150.194,50<br \/>\n<\/strong><strong>Valor a captar: R$ 150.194,50<\/strong><\/p>\n<p>[\/vc_column_text][\/vc_column][\/vc_row]<\/p>\n<\/div>","protected":false},"excerpt":{"rendered":"<p>[vc_row css=&#8221;.vc_custom_1774986285300{padding-top: 30px !important;}&#8221;][vc_column width=&#8221;5\/6&#8243;][vc_column_text css=&#8221;&#8221;] Doa\u00e7\u00e3o por Imposto de Renda [\/vc_column_text][\/vc_column][vc_column width=&#8221;1\/6&#8243; css=&#8221;.vc_custom_1774986339916{margin-top: -80px !important;}&#8221;][vc_single_image image=&#8221;26199&#8243; img_size=&#8221;150&#8243; alignment=&#8221;right&#8221; style=&#8221;vc_box_circle_2&#8243; css=&#8221;&#8221;][\/vc_column][\/vc_row][vc_row][vc_column][vc_column_text css=&#8221;&#8221;] Com o seu IR, constru\u00edmos futuros com F\u00e9 e Alegria! &nbsp; Voc\u00ea sabia que pode contribuir para os projetos sociais da Funda\u00e7\u00e3o F\u00e9 e Alegria do Brasil sem gastar nada a mais? Na<\/p>\n","protected":false},"author":79,"featured_media":24740,"parent":0,"menu_order":0,"comment_status":"closed","ping_status":"closed","template":"","meta":{"_acf_changed":false,"footnotes":""},"folder":[],"class_list":["post-28900","page","type-page","status-publish","has-post-thumbnail","hentry"],"acf":[],"yoast_head":"<!-- This site is optimized with the Yoast SEO plugin v27.2 - https:\/\/yoast.com\/product\/yoast-seo-wordpress\/ -->\n<title>Doa\u00e7\u00e3o por IRPF - #SomosF\u00e9eAlegria en Brasil<\/title>\n<meta name=\"robots\" content=\"index, follow, max-snippet:-1, max-image-preview:large, max-video-preview:-1\" \/>\n<link rel=\"canonical\" href=\"https:\/\/www.feyalegria.org\/brasil\/doacao-irpf\/\" \/>\n<meta property=\"og:locale\" content=\"es_ES\" \/>\n<meta property=\"og:type\" content=\"article\" \/>\n<meta property=\"og:title\" content=\"Doa\u00e7\u00e3o por IRPF - #SomosF\u00e9eAlegria en Brasil\" \/>\n<meta property=\"og:description\" content=\"[vc_row css=&#8221;.vc_custom_1774986285300{padding-top: 30px !important;}&#8221;][vc_column width=&#8221;5\/6&#8243;][vc_column_text css=&#8221;&#8221;] Doa\u00e7\u00e3o por Imposto de Renda [\/vc_column_text][\/vc_column][vc_column width=&#8221;1\/6&#8243; css=&#8221;.vc_custom_1774986339916{margin-top: -80px !important;}&#8221;][vc_single_image image=&#8221;26199&#8243; img_size=&#8221;150&#8243; alignment=&#8221;right&#8221; style=&#8221;vc_box_circle_2&#8243; css=&#8221;&#8221;][\/vc_column][\/vc_row][vc_row][vc_column][vc_column_text css=&#8221;&#8221;] Com o seu IR, constru\u00edmos futuros com F\u00e9 e Alegria! &nbsp; Voc\u00ea sabia que pode contribuir para os projetos sociais da Funda\u00e7\u00e3o F\u00e9 e Alegria do Brasil sem gastar nada a mais? Na\" \/>\n<meta property=\"og:url\" content=\"https:\/\/www.feyalegria.org\/brasil\/doacao-irpf\/\" \/>\n<meta property=\"og:site_name\" content=\"#SomosF\u00e9eAlegria en Brasil\" \/>\n<meta property=\"article:modified_time\" content=\"2026-04-06T20:55:44+00:00\" \/>\n<meta property=\"og:image\" content=\"https:\/\/d3pugrm67vf9n7.cloudfront.net\/wp-content\/uploads\/sites\/23\/2021\/10\/14193823\/rosamutran-2.png\" \/>\n\t<meta property=\"og:image:width\" content=\"1240\" \/>\n\t<meta property=\"og:image:height\" content=\"300\" \/>\n\t<meta property=\"og:image:type\" content=\"image\/png\" \/>\n<meta name=\"twitter:card\" content=\"summary_large_image\" \/>\n<meta name=\"twitter:label1\" content=\"Tiempo de lectura\" \/>\n\t<meta name=\"twitter:data1\" content=\"4 minutos\" \/>\n<script type=\"application\/ld+json\" class=\"yoast-schema-graph\">{\"@context\":\"https:\/\/schema.org\",\"@graph\":[{\"@type\":\"WebPage\",\"@id\":\"https:\/\/www.feyalegria.org\/brasil\/doacao-irpf\/\",\"url\":\"https:\/\/www.feyalegria.org\/brasil\/doacao-irpf\/\",\"name\":\"Doa\u00e7\u00e3o por IRPF - #SomosF\u00e9eAlegria en Brasil\",\"isPartOf\":{\"@id\":\"https:\/\/www.feyalegria.org\/brasil\/#website\"},\"primaryImageOfPage\":{\"@id\":\"https:\/\/www.feyalegria.org\/brasil\/doacao-irpf\/#primaryimage\"},\"image\":{\"@id\":\"https:\/\/www.feyalegria.org\/brasil\/doacao-irpf\/#primaryimage\"},\"thumbnailUrl\":\"https:\/\/d3pugrm67vf9n7.cloudfront.net\/wp-content\/uploads\/sites\/23\/2021\/10\/14193823\/rosamutran-2.png\",\"datePublished\":\"2026-03-24T14:02:13+00:00\",\"dateModified\":\"2026-04-06T20:55:44+00:00\",\"inLanguage\":\"es-CO\",\"potentialAction\":[{\"@type\":\"ReadAction\",\"target\":[\"https:\/\/www.feyalegria.org\/brasil\/doacao-irpf\/\"]}]},{\"@type\":\"ImageObject\",\"inLanguage\":\"es-CO\",\"@id\":\"https:\/\/www.feyalegria.org\/brasil\/doacao-irpf\/#primaryimage\",\"url\":\"https:\/\/d3pugrm67vf9n7.cloudfront.net\/wp-content\/uploads\/sites\/23\/2021\/10\/14193823\/rosamutran-2.png\",\"contentUrl\":\"https:\/\/d3pugrm67vf9n7.cloudfront.net\/wp-content\/uploads\/sites\/23\/2021\/10\/14193823\/rosamutran-2.png\",\"width\":1240,\"height\":300},{\"@type\":\"WebSite\",\"@id\":\"https:\/\/www.feyalegria.org\/brasil\/#website\",\"url\":\"https:\/\/www.feyalegria.org\/brasil\/\",\"name\":\"#SomosF\u00e9eAlegria en Brasil\",\"description\":\"\",\"potentialAction\":[{\"@type\":\"SearchAction\",\"target\":{\"@type\":\"EntryPoint\",\"urlTemplate\":\"https:\/\/www.feyalegria.org\/brasil\/?s={search_term_string}\"},\"query-input\":{\"@type\":\"PropertyValueSpecification\",\"valueRequired\":true,\"valueName\":\"search_term_string\"}}],\"inLanguage\":\"es-CO\"}]}<\/script>\n<!-- \/ Yoast SEO plugin. -->","yoast_head_json":{"title":"Doa\u00e7\u00e3o por IRPF - #SomosF\u00e9eAlegria en Brasil","robots":{"index":"index","follow":"follow","max-snippet":"max-snippet:-1","max-image-preview":"max-image-preview:large","max-video-preview":"max-video-preview:-1"},"canonical":"https:\/\/www.feyalegria.org\/brasil\/doacao-irpf\/","og_locale":"es_ES","og_type":"article","og_title":"Doa\u00e7\u00e3o por IRPF - #SomosF\u00e9eAlegria en Brasil","og_description":"[vc_row css=&#8221;.vc_custom_1774986285300{padding-top: 30px !important;}&#8221;][vc_column width=&#8221;5\/6&#8243;][vc_column_text css=&#8221;&#8221;] Doa\u00e7\u00e3o por Imposto de Renda [\/vc_column_text][\/vc_column][vc_column width=&#8221;1\/6&#8243; css=&#8221;.vc_custom_1774986339916{margin-top: -80px !important;}&#8221;][vc_single_image image=&#8221;26199&#8243; img_size=&#8221;150&#8243; alignment=&#8221;right&#8221; style=&#8221;vc_box_circle_2&#8243; css=&#8221;&#8221;][\/vc_column][\/vc_row][vc_row][vc_column][vc_column_text css=&#8221;&#8221;] Com o seu IR, constru\u00edmos futuros com F\u00e9 e Alegria! &nbsp; Voc\u00ea sabia que pode contribuir para os projetos sociais da Funda\u00e7\u00e3o F\u00e9 e Alegria do Brasil sem gastar nada a mais? Na","og_url":"https:\/\/www.feyalegria.org\/brasil\/doacao-irpf\/","og_site_name":"#SomosF\u00e9eAlegria en Brasil","article_modified_time":"2026-04-06T20:55:44+00:00","og_image":[{"width":1240,"height":300,"url":"https:\/\/d3pugrm67vf9n7.cloudfront.net\/wp-content\/uploads\/sites\/23\/2021\/10\/14193823\/rosamutran-2.png","type":"image\/png"}],"twitter_card":"summary_large_image","twitter_misc":{"Tiempo de lectura":"4 minutos"},"schema":{"@context":"https:\/\/schema.org","@graph":[{"@type":"WebPage","@id":"https:\/\/www.feyalegria.org\/brasil\/doacao-irpf\/","url":"https:\/\/www.feyalegria.org\/brasil\/doacao-irpf\/","name":"Doa\u00e7\u00e3o por IRPF - #SomosF\u00e9eAlegria en Brasil","isPartOf":{"@id":"https:\/\/www.feyalegria.org\/brasil\/#website"},"primaryImageOfPage":{"@id":"https:\/\/www.feyalegria.org\/brasil\/doacao-irpf\/#primaryimage"},"image":{"@id":"https:\/\/www.feyalegria.org\/brasil\/doacao-irpf\/#primaryimage"},"thumbnailUrl":"https:\/\/d3pugrm67vf9n7.cloudfront.net\/wp-content\/uploads\/sites\/23\/2021\/10\/14193823\/rosamutran-2.png","datePublished":"2026-03-24T14:02:13+00:00","dateModified":"2026-04-06T20:55:44+00:00","inLanguage":"es-CO","potentialAction":[{"@type":"ReadAction","target":["https:\/\/www.feyalegria.org\/brasil\/doacao-irpf\/"]}]},{"@type":"ImageObject","inLanguage":"es-CO","@id":"https:\/\/www.feyalegria.org\/brasil\/doacao-irpf\/#primaryimage","url":"https:\/\/d3pugrm67vf9n7.cloudfront.net\/wp-content\/uploads\/sites\/23\/2021\/10\/14193823\/rosamutran-2.png","contentUrl":"https:\/\/d3pugrm67vf9n7.cloudfront.net\/wp-content\/uploads\/sites\/23\/2021\/10\/14193823\/rosamutran-2.png","width":1240,"height":300},{"@type":"WebSite","@id":"https:\/\/www.feyalegria.org\/brasil\/#website","url":"https:\/\/www.feyalegria.org\/brasil\/","name":"#SomosF\u00e9eAlegria en Brasil","description":"","potentialAction":[{"@type":"SearchAction","target":{"@type":"EntryPoint","urlTemplate":"https:\/\/www.feyalegria.org\/brasil\/?s={search_term_string}"},"query-input":{"@type":"PropertyValueSpecification","valueRequired":true,"valueName":"search_term_string"}}],"inLanguage":"es-CO"}]}},"_links":{"self":[{"href":"https:\/\/www.feyalegria.org\/brasil\/wp-json\/wp\/v2\/pages\/28900","targetHints":{"allow":["GET"]}}],"collection":[{"href":"https:\/\/www.feyalegria.org\/brasil\/wp-json\/wp\/v2\/pages"}],"about":[{"href":"https:\/\/www.feyalegria.org\/brasil\/wp-json\/wp\/v2\/types\/page"}],"author":[{"embeddable":true,"href":"https:\/\/www.feyalegria.org\/brasil\/wp-json\/wp\/v2\/users\/79"}],"replies":[{"embeddable":true,"href":"https:\/\/www.feyalegria.org\/brasil\/wp-json\/wp\/v2\/comments?post=28900"}],"version-history":[{"count":7,"href":"https:\/\/www.feyalegria.org\/brasil\/wp-json\/wp\/v2\/pages\/28900\/revisions"}],"predecessor-version":[{"id":29872,"href":"https:\/\/www.feyalegria.org\/brasil\/wp-json\/wp\/v2\/pages\/28900\/revisions\/29872"}],"wp:featuredmedia":[{"embeddable":true,"href":"https:\/\/www.feyalegria.org\/brasil\/wp-json\/wp\/v2\/media\/24740"}],"wp:attachment":[{"href":"https:\/\/www.feyalegria.org\/brasil\/wp-json\/wp\/v2\/media?parent=28900"}],"wp:term":[{"taxonomy":"folder","embeddable":true,"href":"https:\/\/www.feyalegria.org\/brasil\/wp-json\/wp\/v2\/folder?post=28900"}],"curies":[{"name":"wp","href":"https:\/\/api.w.org\/{rel}","templated":true}]}}