 {"id":2171,"date":"2020-12-09T11:29:55","date_gmt":"2020-12-09T16:29:55","guid":{"rendered":"https:\/\/www.feyalegria.org\/colombia\/?page_id=2171"},"modified":"2021-11-06T02:42:10","modified_gmt":"2021-11-06T07:42:10","slug":"nuestros-servicios","status":"publish","type":"page","link":"https:\/\/www.feyalegria.org\/colombia\/nuestros-servicios\/","title":{"rendered":"Nuestros Servicios"},"content":{"rendered":"<div class=\"wpb-content-wrapper\"><p>[vc_row][vc_column]\n\t\t\t\t<p class=\"rs-p-wp-fix\"><\/p>\n\t\t\t\t<sr7-module data-alias=\"Nuestros-servicios-\" data-id=\"17\" id=\"SR7_17_1\" data-version=\"6.7.54\">\n\t\t\t\t\t<sr7-adjuster><\/sr7-adjuster>\n\t\t\t\t\t<sr7-content>\n\t\t\t\t\t\t<sr7-slide id=\"SR7_17_1-38\" data-key=\"38\">\n\t\t\t\t\t\t\t<sr7-bg id=\"SR7_17_1-38-slidebg\" class=\"sr7-layer\"><noscript><img decoding=\"async\" src=\"https:\/\/d3pugrm67vf9n7.cloudfront.net\/wp-content\/uploads\/sites\/12\/2020\/12\/09164430\/BANNER-QUIENES-SOMOS-1-1.jpg\" alt=\"\" title=\"BANNER QUIENES SOMOS 1 (1)\"><\/noscript><\/sr7-bg>\n\t\t\t\t\t\t<\/sr7-slide>\n\t\t\t\t\t\t<sr7-slide id=\"SR7_17_1-59\" data-key=\"59\">\n\t\t\t\t\t\t<\/sr7-slide>\n\t\t\t\t\t<\/sr7-content>\n\t\t\t\t<\/sr7-module>\n\t\t\t\t<script>\n\t\t\t\t\twindow.SR7 ??={};SR7.PMH ??={}; SR7.PMH[\"SR7_17_1\"] = {cn:100,state:false,fn: function() { if (window._tpt!==undefined && window._tpt.prepareModuleHeight !== undefined) {  _tpt.prepareModuleHeight({id:\"SR7_17_1\",el:[500],type:'standard',shdw:'0',gh:[500],gw:[1024],vpt:['-200px'],size:{fullWidth:true, fullHeight:false},mh:'0',onh:0,onw:0,bg:{color:'transparent'},plType:'0',plColor:'#cc0000'});   SR7.PMH[\"SR7_17_1\"].state=true;} else if(SR7.PMH[\"SR7_17_1\"].cn-->0)\tsetTimeout( SR7.PMH[\"SR7_17_1\"].fn,19);}};SR7.PMH[\"SR7_17_1\" ].fn();\n\t\t\t\t<\/script>\n[\/vc_column][\/vc_row][vc_row full_width=\u00bbstretch_row\u00bb css=\u00bb.vc_custom_1635383823026{background-color: rgba(10,10,10,0.7) !important;*background-color: rgb(10,10,10) !important;}\u00bb][vc_column]<div style=\"background-color:;height: 50px\" class=\"nicdark_section  \"><\/div>[vc_column_text]<\/p>\n<h2 style=\"text-align: center\"><span style=\"color: #ffffff\">Nuestros Servicios<\/span><\/h2>\n<p>[\/vc_column_text][\/vc_column][\/vc_row][vc_row full_width=\u00bbstretch_row\u00bb css=\u00bb.vc_custom_1635384085303{background-color: rgba(10,10,10,0.7) !important;*background-color: rgb(10,10,10) !important;}\u00bb][vc_column][vc_column_text]<span style=\"color: #ffffff\">La acci\u00f3n de Fe y Alegr\u00eda ha estado siempre fundamentada en las directrices institucionales emanadas del ideario y de los congresos internacionales hasta la fecha, as\u00ed como sus desarrollos producto del trabajo de los equipos encargados a nivel federativo y nacional.<\/span><\/p>\n<p><span style=\"color: #ffffff\">Nuestra acci\u00f3n en Colombia, tambi\u00e9n responde a la legislaci\u00f3n nacional en lo concerniente al campo educativo y seguimos en la reflexi\u00f3n que permita armonizar estos aspectos.<\/span><\/p>\n<p><span style=\"color: #ffffff\">Presentamos los <strong>servicios<\/strong> misionales <strong>que iluminan el trabajo de Fe y Alegr\u00eda Colombia.<\/strong><\/span>[\/vc_column_text]<div style=\"background-color:;height: 50px\" class=\"nicdark_section  \"><\/div>[\/vc_column][\/vc_row][vc_row gap=\u00bb3&#8243; equal_height=\u00bbyes\u00bb content_placement=\u00bbtop\u00bb css_animation=\u00bbnone\u00bb][vc_column width=\u00bb1\/4&#8243; alignment=\u00bbcenter\u00bb]<div data-id=\"mpc_ihover-1569ed000681525\" class=\"mpc-ihover-wrapper mpc-init \"><div class=\"mpc-ihover-item ih-item circle effect1  \" data-effect=\"effect1\"><a  href=\"https:\/\/www.feyalegria.org\/colombia\/gestion-y-administracion-de-centros-educativos\/\" title=\"Gesti\u00f3n y Administraci\u00f3n de Centros Educativos\" ><div class=\"spinner\"><\/div><div class=\"img\"><div class=\"mpc-image-box\" style=\"background-image: url(https:\/\/d3pugrm67vf9n7.cloudfront.net\/wp-content\/uploads\/sites\/12\/2020\/09\/29140249\/ICONOS-FINALES-SERV1.jpg);\"><\/div><\/div><div class=\"info\"><div class=\"info-wrap\"><h3 class=\"mpc-ihover-title mpc-typography--default\"><\/h3><div class=\"mpc-ihover-divider-wrap\"><div class=\"mpc-ihover-divider\"><\/div><\/div><div class=\"mpc-ihover-content\"><\/div><\/div><\/div><\/a><\/div><\/div>[\/vc_column][vc_column width=\u00bb1\/4&#8243; alignment=\u00bbcenter\u00bb]<div data-id=\"mpc_ihover-3269ed00068e61d\" class=\"mpc-ihover-wrapper mpc-init \"><div class=\"mpc-ihover-item ih-item circle effect1  \" data-effect=\"effect1\"><a  href=\"https:\/\/www.feyalegria.org\/colombia\/desarrollo-de-contenido-pedagogicos-y-educativos\/\" title=\"Desarrollo de Contenidos Pedag\u00f3gicos y Educativos\" ><div class=\"spinner\"><\/div><div class=\"img\"><div class=\"mpc-image-box\" style=\"background-image: url(https:\/\/d3pugrm67vf9n7.cloudfront.net\/wp-content\/uploads\/sites\/12\/2020\/09\/29211336\/ICONOS-FINALES-SERV2.jpg);\"><\/div><\/div><div class=\"info\"><div class=\"info-wrap\"><h3 class=\"mpc-ihover-title mpc-typography--default\"><\/h3><div class=\"mpc-ihover-divider-wrap\"><div class=\"mpc-ihover-divider\"><\/div><\/div><div class=\"mpc-ihover-content\"><\/div><\/div><\/div><\/a><\/div><\/div>[\/vc_column][vc_column width=\u00bb1\/4&#8243; alignment=\u00bbcenter\u00bb]<div data-id=\"mpc_ihover-1069ed00068ef74\" class=\"mpc-ihover-wrapper mpc-init \"><div class=\"mpc-ihover-item ih-item circle effect1  \" data-effect=\"effect1\"><a  href=\"https:\/\/www.feyalegria.org\/colombia\/promocion-de-iniciativas-de-desarrollo-y-empoderamiento-comunitario\/\" title=\"Iniciativas de Desarrollo y Empoderamiento Comunitario\" ><div class=\"spinner\"><\/div><div class=\"img\"><div class=\"mpc-image-box\" style=\"background-image: url(https:\/\/d3pugrm67vf9n7.cloudfront.net\/wp-content\/uploads\/sites\/12\/2020\/09\/29211834\/ICONOS-FINALES-SERV-3.jpg);\"><\/div><\/div><div class=\"info\"><div class=\"info-wrap\"><h3 class=\"mpc-ihover-title mpc-typography--default\"><\/h3><div class=\"mpc-ihover-divider-wrap\"><div class=\"mpc-ihover-divider\"><\/div><\/div><div class=\"mpc-ihover-content\"><\/div><\/div><\/div><\/a><\/div><\/div>[\/vc_column][vc_column width=\u00bb1\/4&#8243;]<div data-id=\"mpc_ihover-5269ed00068f898\" class=\"mpc-ihover-wrapper mpc-init \"><div class=\"mpc-ihover-item ih-item circle effect1  \" data-effect=\"effect1\"><a  href=\"https:\/\/www.feyalegria.org\/colombia\/red-de-juventudes-fe-y-alegria-colombia\/\" title=\"Red de Juventudes\" ><div class=\"spinner\"><\/div><div class=\"img\"><div class=\"mpc-image-box\" style=\"background-image: url(https:\/\/d3pugrm67vf9n7.cloudfront.net\/wp-content\/uploads\/sites\/12\/2020\/11\/25130650\/ICONOS-FINALES-ROJO-CUADRADO.jpg);\"><\/div><\/div><div class=\"info\"><div class=\"info-wrap\"><h3 class=\"mpc-ihover-title mpc-typography--default\"><\/h3><div class=\"mpc-ihover-divider-wrap\"><div class=\"mpc-ihover-divider\"><\/div><\/div><div class=\"mpc-ihover-content\"><\/div><\/div><\/div><\/a><\/div><\/div>[\/vc_column][\/vc_row][vc_row gap=\u00bb3&#8243; equal_height=\u00bbyes\u00bb content_placement=\u00bbtop\u00bb css_animation=\u00bbnone\u00bb][vc_column width=\u00bb1\/4&#8243; alignment=\u00bbcenter\u00bb] <h5 style=\"color:#aa0f16;padding:40px;text-align:center;font-size:20px;line-height:20px;letter-spacing: 1px;font-weight:bold\" class=\"   nd_options_second_font \">Gesti\u00f3n y Administraci\u00f3n de Centros Educativos<\/h5> [\/vc_column][vc_column width=\u00bb1\/4&#8243; alignment=\u00bbcenter\u00bb] <h5 style=\"color:#aa0f16;padding:40px;text-align:center;font-size:20px;line-height:20px;letter-spacing: 1px;font-weight:bold\" class=\"   nd_options_second_font \">Desarrollo de Contenido Pedag\u00f3gicos y Educativos<\/h5> [\/vc_column][vc_column width=\u00bb1\/4&#8243; alignment=\u00bbcenter\u00bb] <h5 style=\"color:#aa0f16;padding:40px;text-align:center;font-size:20px;line-height:18px;letter-spacing: px;font-weight:bold\" class=\"   nd_options_second_font \">Iniciativas de Desarrollo y Empoderamiento Comunitario<\/h5> [\/vc_column][vc_column width=\u00bb1\/4&#8243;] <h5 style=\"color:#aa0f16;padding:40px;text-align:center;font-size:20px;line-height:20px;letter-spacing: 1px;font-weight:bold\" class=\"   nd_options_second_font \">Red de Juventudes Fe y Alegr\u00eda Colombia<\/h5> [\/vc_column][\/vc_row][vc_row gap=\u00bb3&#8243; equal_height=\u00bbyes\u00bb content_placement=\u00bbtop\u00bb css_animation=\u00bbnone\u00bb][vc_column width=\u00bb1\/4&#8243; alignment=\u00bbcenter\u00bb][vc_column_text css=\u00bb.vc_custom_1631321546174{padding-right: 30px !important;padding-left: 30px !important;}\u00bb]<\/p>\n<p style=\"text-align: center\" align=\"justify\"><span lang=\"ES\">Servicio Misional encargado de acompa\u00f1ar y garantizar que <b>los Centros Educativos cumplan con las exigencias emanadas de las contrataciones con el Estado<\/b> para la<\/span> prestaci\u00f3n del servicio p\u00fablico educativo de calidad<span lang=\"ES\">.<\/span><\/p>\n<p>[\/vc_column_text][\/vc_column][vc_column width=\u00bb1\/4&#8243; alignment=\u00bbcenter\u00bb][vc_column_text css=\u00bb.vc_custom_1631321557421{padding-right: 30px !important;padding-left: 30px !important;}\u00bb]<\/p>\n<p style=\"text-align: center\">Servicio Misional que <strong>tiene como prop\u00f3sito, dise\u00f1ar, capacitar y acompa\u00f1ar la implementaci\u00f3n de propuestas educativas, pedag\u00f3gicas y convivenciales<\/strong> que buscan restaurar, proteger y asegurar la pertinencia y el derecho humano a una educaci\u00f3n de calidad.<\/p>\n<p>[\/vc_column_text][\/vc_column][vc_column width=\u00bb1\/4&#8243; alignment=\u00bbcenter\u00bb][vc_column_text css=\u00bb.vc_custom_1631321565335{padding-right: 30px !important;padding-left: 30px !important;}\u00bb]<\/p>\n<p style=\"text-align: center\">Servicio Misional y <strong>apuesta misional \u00e9tica, pol\u00edtica, pedag\u00f3gica y cultural<\/strong> que permite fortalecer en j\u00f3venes, mujeres, adultos y adultos mayores sus capacidades ciudadanas y reafirmar compromisos colectivos con su comunidad y territorio.<\/p>\n<p>[\/vc_column_text][\/vc_column][vc_column width=\u00bb1\/4&#8243;][vc_column_text css=\u00bb.vc_custom_1631321574473{padding-right: 30px !important;padding-left: 30px !important;}\u00bb]<\/p>\n<p style=\"text-align: center\">Somos una <strong>plataforma nacional<\/strong> y una <strong>apuesta institucional<\/strong> que articula procesos juveniles para el empoderamiento ciudadano comprometido con la construcci\u00f3n de un mundo m\u00e1s justo, equitativo, sostenible y en paz.<\/p>\n<p>[\/vc_column_text][\/vc_column][\/vc_row][vc_row gap=\u00bb3&#8243; equal_height=\u00bbyes\u00bb content_placement=\u00bbtop\u00bb css_animation=\u00bbnone\u00bb][vc_column width=\u00bb1\/4&#8243; alignment=\u00bbcenter\u00bb]<a href=\"https:\/\/www.feyalegria.org\/colombia\/gestion-y-administracion-de-centros-educativos\/\" title=\"Gesti\u00f3n y Administraci\u00f3n de Centros Educativos\"  data-id=\"mpc_button-2969ed00069062a\" class=\"mpc-button mpc-init mpc-transition mpc-typography--default \" ><div class=\"mpc-button__content mpc-effect-type--none mpc-effect-side--none\"><span class=\"mpc-button__title mpc-transition\">Ver Detalles<\/span><\/div><div class=\"mpc-button__background mpc-transition mpc-effect-type--fade mpc-effect-side--in\"><\/div><\/a>[\/vc_column][vc_column width=\u00bb1\/4&#8243; alignment=\u00bbcenter\u00bb]<a href=\"https:\/\/www.feyalegria.org\/colombia\/desarrollo-de-contenido-pedagogicos-y-educativos\/\" title=\"Contenidos Pedag\u00f3gicos y Educativos\"  data-id=\"mpc_button-2069ed0006906ef\" class=\"mpc-button mpc-init mpc-transition mpc-typography--default \" ><div class=\"mpc-button__content mpc-effect-type--none mpc-effect-side--none\"><span class=\"mpc-button__title mpc-transition\">Ver Detalles<\/span><\/div><div class=\"mpc-button__background mpc-transition mpc-effect-type--fade mpc-effect-side--in\"><\/div><\/a>[\/vc_column][vc_column width=\u00bb1\/4&#8243; alignment=\u00bbcenter\u00bb]<a href=\"https:\/\/www.feyalegria.org\/colombia\/promocion-de-iniciativas-de-desarrollo-y-empoderamiento-comunitario\/\" title=\"Iniciativas de Desarrollo y Empoderamiento Comunitario\"  data-id=\"mpc_button-2569ed00069079b\" class=\"mpc-button mpc-init mpc-transition mpc-typography--default \" ><div class=\"mpc-button__content mpc-effect-type--none mpc-effect-side--none\"><span class=\"mpc-button__title mpc-transition\">Ver Detalles<\/span><\/div><div class=\"mpc-button__background mpc-transition mpc-effect-type--fade mpc-effect-side--in\"><\/div><\/a>[\/vc_column][vc_column width=\u00bb1\/4&#8243; alignment=\u00bbcenter\u00bb]<a href=\"https:\/\/www.feyalegria.org\/colombia\/red-de-juventudes-fe-y-alegria-colombia\/\" title=\"Red de Juventudes\"  data-id=\"mpc_button-5869ed000690834\" class=\"mpc-button mpc-init mpc-transition mpc-typography--default \" ><div class=\"mpc-button__content mpc-effect-type--none mpc-effect-side--none\"><span class=\"mpc-button__title mpc-transition\">Ver Detalles<\/span><\/div><div class=\"mpc-button__background mpc-transition mpc-effect-type--fade mpc-effect-side--in\"><\/div><\/a>[\/vc_column][\/vc_row][vc_row][vc_column]<div style=\"background-color:;height: 80px\" class=\"nicdark_section  \"><\/div>[\/vc_column][\/vc_row][vc_row gap=\u00bb3&#8243; equal_height=\u00bbyes\u00bb content_placement=\u00bbtop\u00bb css_animation=\u00bbnone\u00bb][vc_column width=\u00bb1\/3&#8243; alignment=\u00bbcenter\u00bb][\/vc_column][\/vc_row][vc_row full_width=\u00bbstretch_row\u00bb css=\u00bb.vc_custom_1635384274140{background-color: rgba(191,186,167,0.5) !important;*background-color: rgb(191,186,167) !important;}\u00bb][vc_column][vc_column_text]<\/p>\n<h1 style=\"text-align: center\">Educapaz<\/h1>\n<p>[\/vc_column_text][\/vc_column][\/vc_row][vc_row full_width=\u00bbstretch_row\u00bb content_placement=\u00bbmiddle\u00bb css=\u00bb.vc_custom_1636184001714{background-color: rgba(191,186,167,0.5) !important;*background-color: rgb(191,186,167) !important;}\u00bb][vc_column width=\u00bb1\/2&#8243; alignment=\u00bbcenter\u00bb][vc_single_image image=\u00bb2669&#8243; img_size=\u00bbmedium\u00bb alignment=\u00bbcenter\u00bb][\/vc_column][vc_column width=\u00bb1\/2&#8243; alignment=\u00bbcenter\u00bb][vc_column_text]<strong>Educapaz es el Programa Nacional de Educaci\u00f3n para la Paz.<\/strong> Una iniciativa de acci\u00f3n local, investigaci\u00f3n e incidencia para ayudar a construir paz en Colombia a trav\u00e9s de la educaci\u00f3n, impulsada por un grupo de organizaciones de la sociedad civil. Buscamos que las buenas pr\u00e1cticas de educaci\u00f3n para la paz que se construyen desde escuelas, comunidades, pol\u00edticas p\u00fablicas y organizaciones de la sociedad civil, lleguen a todo el pa\u00eds, especialmente en los territorios afectados por el conflicto armado. As\u00ed mismo, buscamos fortalecer mediante alianzas territoriales, nacionales y globales el sistema educativo colombiano.[\/vc_column_text]<a href=\"https:\/\/educapaz.co\/\" target=\"_blank\" title=\"educapaz\"  data-id=\"mpc_button-7269ed00069098f\" class=\"mpc-button mpc-init mpc-transition mpc-typography--default \" ><div class=\"mpc-button__content mpc-effect-type--none mpc-effect-side--none\"><span class=\"mpc-button__title mpc-transition\">Ver Detalles<\/span><\/div><div class=\"mpc-button__background mpc-transition mpc-effect-type--fade mpc-effect-side--in\"><\/div><\/a>[\/vc_column][\/vc_row]<\/p>\n<\/div>","protected":false},"excerpt":{"rendered":"<p>[vc_row][vc_column][\/vc_column][\/vc_row][vc_row full_width=\u00bbstretch_row\u00bb css=\u00bb.vc_custom_1635383823026{background-color: rgba(10,10,10,0.7) !important;*background-color: rgb(10,10,10) !important;}\u00bb][vc_column][vc_column_text] Nuestros Servicios [\/vc_column_text][\/vc_column][\/vc_row][vc_row full_width=\u00bbstretch_row\u00bb css=\u00bb.vc_custom_1635384085303{background-color: rgba(10,10,10,0.7) !important;*background-color: rgb(10,10,10) !important;}\u00bb][vc_column][vc_column_text]La acci\u00f3n de Fe y Alegr\u00eda ha estado siempre fundamentada en las directrices institucionales emanadas del ideario y de los congresos internacionales hasta la fecha, as\u00ed como sus desarrollos producto del trabajo de los equipos encargados a nivel federativo y<\/p>\n","protected":false},"author":19,"featured_media":0,"parent":0,"menu_order":0,"comment_status":"closed","ping_status":"closed","template":"","meta":{"_acf_changed":false,"footnotes":""},"folder":[],"class_list":["post-2171","page","type-page","status-publish","hentry"],"acf":[],"yoast_head":"<!-- This site is optimized with the Yoast SEO plugin v27.4 - https:\/\/yoast.com\/product\/yoast-seo-wordpress\/ -->\n<title>Nuestros Servicios - #SomosFeyAlegria en Colombia<\/title>\n<meta name=\"robots\" content=\"index, follow, max-snippet:-1, max-image-preview:large, max-video-preview:-1\" \/>\n<link rel=\"canonical\" href=\"https:\/\/www.feyalegria.org\/colombia\/nuestros-servicios\/\" \/>\n<meta property=\"og:locale\" content=\"es_ES\" \/>\n<meta property=\"og:type\" content=\"article\" \/>\n<meta property=\"og:title\" content=\"Nuestros Servicios - #SomosFeyAlegria en Colombia\" \/>\n<meta property=\"og:description\" content=\"[vc_row][vc_column][\/vc_column][\/vc_row][vc_row full_width=\u00bbstretch_row\u00bb css=\u00bb.vc_custom_1635383823026{background-color: rgba(10,10,10,0.7) !important;*background-color: rgb(10,10,10) !important;}\u00bb][vc_column][vc_column_text] Nuestros Servicios [\/vc_column_text][\/vc_column][\/vc_row][vc_row full_width=\u00bbstretch_row\u00bb css=\u00bb.vc_custom_1635384085303{background-color: rgba(10,10,10,0.7) !important;*background-color: rgb(10,10,10) !important;}\u00bb][vc_column][vc_column_text]La acci\u00f3n de Fe y Alegr\u00eda ha estado siempre fundamentada en las directrices institucionales emanadas del ideario y de los congresos internacionales hasta la fecha, as\u00ed como sus desarrollos producto del trabajo de los equipos encargados a nivel federativo y\" \/>\n<meta property=\"og:url\" content=\"https:\/\/www.feyalegria.org\/colombia\/nuestros-servicios\/\" \/>\n<meta property=\"og:site_name\" content=\"#SomosFeyAlegria en Colombia\" \/>\n<meta property=\"article:modified_time\" content=\"2021-11-06T07:42:10+00:00\" \/>\n<meta name=\"twitter:card\" content=\"summary_large_image\" \/>\n<meta name=\"twitter:label1\" content=\"Tiempo de lectura\" \/>\n\t<meta name=\"twitter:data1\" content=\"10 minutos\" \/>\n<script type=\"application\/ld+json\" class=\"yoast-schema-graph\">{\"@context\":\"https:\\\/\\\/schema.org\",\"@graph\":[{\"@type\":\"WebPage\",\"@id\":\"https:\\\/\\\/www.feyalegria.org\\\/colombia\\\/nuestros-servicios\\\/\",\"url\":\"https:\\\/\\\/www.feyalegria.org\\\/colombia\\\/nuestros-servicios\\\/\",\"name\":\"Nuestros Servicios - #SomosFeyAlegria en Colombia\",\"isPartOf\":{\"@id\":\"https:\\\/\\\/www.feyalegria.org\\\/colombia\\\/#website\"},\"datePublished\":\"2020-12-09T16:29:55+00:00\",\"dateModified\":\"2021-11-06T07:42:10+00:00\",\"breadcrumb\":{\"@id\":\"https:\\\/\\\/www.feyalegria.org\\\/colombia\\\/nuestros-servicios\\\/#breadcrumb\"},\"inLanguage\":\"es\",\"potentialAction\":[{\"@type\":\"ReadAction\",\"target\":[\"https:\\\/\\\/www.feyalegria.org\\\/colombia\\\/nuestros-servicios\\\/\"]}]},{\"@type\":\"BreadcrumbList\",\"@id\":\"https:\\\/\\\/www.feyalegria.org\\\/colombia\\\/nuestros-servicios\\\/#breadcrumb\",\"itemListElement\":[{\"@type\":\"ListItem\",\"position\":1,\"name\":\"Home\",\"item\":\"https:\\\/\\\/www.feyalegria.org\\\/colombia\\\/\"},{\"@type\":\"ListItem\",\"position\":2,\"name\":\"Nuestros Servicios\"}]},{\"@type\":\"WebSite\",\"@id\":\"https:\\\/\\\/www.feyalegria.org\\\/colombia\\\/#website\",\"url\":\"https:\\\/\\\/www.feyalegria.org\\\/colombia\\\/\",\"name\":\"#SomosFeyAlegria en Colombia\",\"description\":\"Movimiento de Educaci\u00f3n Popular y Promoci\u00f3n Social\",\"potentialAction\":[{\"@type\":\"SearchAction\",\"target\":{\"@type\":\"EntryPoint\",\"urlTemplate\":\"https:\\\/\\\/www.feyalegria.org\\\/colombia\\\/?s={search_term_string}\"},\"query-input\":{\"@type\":\"PropertyValueSpecification\",\"valueRequired\":true,\"valueName\":\"search_term_string\"}}],\"inLanguage\":\"es\"}]}<\/script>\n<!-- \/ Yoast SEO plugin. -->","yoast_head_json":{"title":"Nuestros Servicios - #SomosFeyAlegria en Colombia","robots":{"index":"index","follow":"follow","max-snippet":"max-snippet:-1","max-image-preview":"max-image-preview:large","max-video-preview":"max-video-preview:-1"},"canonical":"https:\/\/www.feyalegria.org\/colombia\/nuestros-servicios\/","og_locale":"es_ES","og_type":"article","og_title":"Nuestros Servicios - #SomosFeyAlegria en Colombia","og_description":"[vc_row][vc_column][\/vc_column][\/vc_row][vc_row full_width=\u00bbstretch_row\u00bb css=\u00bb.vc_custom_1635383823026{background-color: rgba(10,10,10,0.7) !important;*background-color: rgb(10,10,10) !important;}\u00bb][vc_column][vc_column_text] Nuestros Servicios [\/vc_column_text][\/vc_column][\/vc_row][vc_row full_width=\u00bbstretch_row\u00bb css=\u00bb.vc_custom_1635384085303{background-color: rgba(10,10,10,0.7) !important;*background-color: rgb(10,10,10) !important;}\u00bb][vc_column][vc_column_text]La acci\u00f3n de Fe y Alegr\u00eda ha estado siempre fundamentada en las directrices institucionales emanadas del ideario y de los congresos internacionales hasta la fecha, as\u00ed como sus desarrollos producto del trabajo de los equipos encargados a nivel federativo y","og_url":"https:\/\/www.feyalegria.org\/colombia\/nuestros-servicios\/","og_site_name":"#SomosFeyAlegria en Colombia","article_modified_time":"2021-11-06T07:42:10+00:00","twitter_card":"summary_large_image","twitter_misc":{"Tiempo de lectura":"10 minutos"},"schema":{"@context":"https:\/\/schema.org","@graph":[{"@type":"WebPage","@id":"https:\/\/www.feyalegria.org\/colombia\/nuestros-servicios\/","url":"https:\/\/www.feyalegria.org\/colombia\/nuestros-servicios\/","name":"Nuestros Servicios - #SomosFeyAlegria en Colombia","isPartOf":{"@id":"https:\/\/www.feyalegria.org\/colombia\/#website"},"datePublished":"2020-12-09T16:29:55+00:00","dateModified":"2021-11-06T07:42:10+00:00","breadcrumb":{"@id":"https:\/\/www.feyalegria.org\/colombia\/nuestros-servicios\/#breadcrumb"},"inLanguage":"es","potentialAction":[{"@type":"ReadAction","target":["https:\/\/www.feyalegria.org\/colombia\/nuestros-servicios\/"]}]},{"@type":"BreadcrumbList","@id":"https:\/\/www.feyalegria.org\/colombia\/nuestros-servicios\/#breadcrumb","itemListElement":[{"@type":"ListItem","position":1,"name":"Home","item":"https:\/\/www.feyalegria.org\/colombia\/"},{"@type":"ListItem","position":2,"name":"Nuestros Servicios"}]},{"@type":"WebSite","@id":"https:\/\/www.feyalegria.org\/colombia\/#website","url":"https:\/\/www.feyalegria.org\/colombia\/","name":"#SomosFeyAlegria en Colombia","description":"Movimiento de Educaci\u00f3n Popular y Promoci\u00f3n Social","potentialAction":[{"@type":"SearchAction","target":{"@type":"EntryPoint","urlTemplate":"https:\/\/www.feyalegria.org\/colombia\/?s={search_term_string}"},"query-input":{"@type":"PropertyValueSpecification","valueRequired":true,"valueName":"search_term_string"}}],"inLanguage":"es"}]}},"_links":{"self":[{"href":"https:\/\/www.feyalegria.org\/colombia\/wp-json\/wp\/v2\/pages\/2171","targetHints":{"allow":["GET"]}}],"collection":[{"href":"https:\/\/www.feyalegria.org\/colombia\/wp-json\/wp\/v2\/pages"}],"about":[{"href":"https:\/\/www.feyalegria.org\/colombia\/wp-json\/wp\/v2\/types\/page"}],"author":[{"embeddable":true,"href":"https:\/\/www.feyalegria.org\/colombia\/wp-json\/wp\/v2\/users\/19"}],"replies":[{"embeddable":true,"href":"https:\/\/www.feyalegria.org\/colombia\/wp-json\/wp\/v2\/comments?post=2171"}],"version-history":[{"count":0,"href":"https:\/\/www.feyalegria.org\/colombia\/wp-json\/wp\/v2\/pages\/2171\/revisions"}],"wp:attachment":[{"href":"https:\/\/www.feyalegria.org\/colombia\/wp-json\/wp\/v2\/media?parent=2171"}],"wp:term":[{"taxonomy":"folder","embeddable":true,"href":"https:\/\/www.feyalegria.org\/colombia\/wp-json\/wp\/v2\/folder?post=2171"}],"curies":[{"name":"wp","href":"https:\/\/api.w.org\/{rel}","templated":true}]}}