{"id":2239,"date":"2020-12-10T10:14:00","date_gmt":"2020-12-10T15:14:00","guid":{"rendered":"https:\/\/www.feyalegria.org\/colombia\/?page_id=2239"},"modified":"2023-01-12T07:40:54","modified_gmt":"2023-01-12T12:40:54","slug":"desarrollo-de-contenido-pedagogicos-y-educativos","status":"publish","type":"page","link":"https:\/\/www.feyalegria.org\/colombia\/desarrollo-de-contenido-pedagogicos-y-educativos\/","title":{"rendered":"Desarrollo de Contenido Pedag\u00f3gicos y Educativos"},"content":{"rendered":"<div class=\"wpb-content-wrapper\"><p>[vc_row full_width=\u00bbstretch_row\u00bb css=\u00bb.vc_custom_1636235418091{background-color: rgba(0,0,0,0.7) !important;*background-color: rgb(0,0,0) !important;}\u00bb][vc_column]<div style=\"background-color:;height: 30px\" class=\"nicdark_section  \"><\/div>[\/vc_column][\/vc_row][vc_row full_width=\u00bbstretch_row\u00bb css=\u00bb.vc_custom_1636185586256{background-color: rgba(0,0,0,0.7) !important;*background-color: rgb(0,0,0) !important;}\u00bb][vc_column][vc_column_text]<\/p>\n<h2 style=\"text-align: center\"><span style=\"color: #ffffff\">Desarrollo de Contenido Pedag\u00f3gicos y Educativos<\/span><\/h2>\n<p>[\/vc_column_text][\/vc_column][\/vc_row][vc_row full_width=\u00bbstretch_row\u00bb content_placement=\u00bbmiddle\u00bb css=\u00bb.vc_custom_1636283889161{background-color: rgba(0,0,0,0.7) !important;*background-color: rgb(0,0,0) !important;}\u00bb][vc_column width=\u00bb1\/4&#8243;][vc_single_image image=\u00bb2888&#8243; img_size=\u00bblarge\u00bb alignment=\u00bbcenter\u00bb style=\u00bbvc_box_shadow_circle_2&#8243;][\/vc_column][vc_column width=\u00bb3\/4&#8243;][vc_column_text]<\/p>\n<p style=\"text-align: justify\"><span style=\"color: #ffffff\">Servicio Misional que <strong>tiene como prop\u00f3sito, dise\u00f1ar, capacitar y acompa\u00f1ar la implementaci\u00f3n de propuestas educativas, pedag\u00f3gicas y convivenciales<\/strong> que buscan restaurar, proteger, preservar y asegurar el derecho humano a una educaci\u00f3n de calidad para ni\u00f1as, ni\u00f1os, adolescentes y j\u00f3venes que acuden a las Instituciones Educativas del pa\u00eds.<\/span><\/p>\n<p style=\"text-align: justify\"><span style=\"color: #ffffff\">La gesti\u00f3n del Servicio Misional implementa la propuesta de <strong>Innovaci\u00f3n para el Aprendizaje y la Transformaci\u00f3n Social<\/strong>, que implica la producci\u00f3n de materiales pedag\u00f3gicos para las \u00e1reas b\u00e1sicas y proyectos integrados, as\u00ed como m\u00f3dulos que impulsan el desarrollo de los procesos formativos del ser.<\/span><\/p>\n<p style=\"text-align: justify\"><span style=\"color: #ffffff\">De igual manera, el Servicio Misional gestiona materiales y acciones para desarrollar capacidades y competencias para la empleabilidad e inserci\u00f3n laboral del estudiantado, propuesta de orientaci\u00f3n escolar, atenci\u00f3n a estudiantes DCT y TEAyC, y la propuesta de participaci\u00f3n organizada para la defensa de los DD.HH. y el cuidado del planeta.<\/span><\/p>\n<p>[\/vc_column_text][\/vc_column][\/vc_row][vc_row full_width=\u00bbstretch_row\u00bb css=\u00bb.vc_custom_1636235418091{background-color: rgba(0,0,0,0.7) !important;*background-color: rgb(0,0,0) !important;}\u00bb][vc_column]<div style=\"background-color:;height: 50px\" class=\"nicdark_section  \"><\/div>[\/vc_column][\/vc_row][vc_row full_width=\u00bbstretch_row\u00bb css=\u00bb.vc_custom_1636186392215{background-color: rgba(191,186,167,0.5) !important;*background-color: rgb(191,186,167) !important;}\u00bb][vc_column]<div style=\"background-color:;height: 50px\" class=\"nicdark_section  \"><\/div>[\/vc_column][\/vc_row][vc_row full_width=\u00bbstretch_row\u00bb content_placement=\u00bbmiddle\u00bb css=\u00bb.vc_custom_1636187263769{background-color: rgba(191,186,167,0.5) !important;*background-color: rgb(191,186,167) !important;}\u00bb][vc_column width=\u00bb1\/2&#8243;][vc_column_text el_id=\u00bbInnovacionEdu\u00bb]<\/p>\n<h2 style=\"text-align: center\"><span style=\"color: #000000\"><strong>Innovaci\u00f3n para el Aprendizaje y la Transformaci\u00f3n Social<\/strong><\/span><\/h2>\n<p><strong><em>\u00a0<\/em><\/strong><\/p>\n<p style=\"text-align: justify\">Esta estrategia transforma el esquema tradicional acad\u00e9mico de las Instituciones Educativas del pa\u00eds, a partir de una organizaci\u00f3n curricular integrada alrededor de cuatro ambientes de aprendizaje: Proyectos Integrados con Incidencia Comunitaria PIIC, Potenciando Talentos e Intereses PTI, Ciudadan\u00edas para la Convivencia la Reconciliaci\u00f3n y la Paz CCRP y Cualificaci\u00f3n de Habilidades y Competencias en Lectura y Matem\u00e1tica \u2014Cualificar\u2014, busca garantizar la formaci\u00f3n de ciudadanos m\u00e1s cr\u00edticos que\u00a0 <strong>aprendan a convivir en paz y respetar las diferencias<\/strong>. Actualmente se ejecuta en 19 instituciones del pa\u00eds.<\/p>\n<p>As\u00ed nos comprometemos con la educaci\u00f3n p\u00fablica de calidad para todas y todos.[\/vc_column_text][\/vc_column][vc_column width=\u00bb1\/2&#8243;][vc_single_image image=\u00bb2847&#8243; img_size=\u00bbfull\u00bb][\/vc_column][\/vc_row][vc_row full_width=\u00bbstretch_row\u00bb css=\u00bb.vc_custom_1636187228690{background-color: rgba(191,186,167,0.5) !important;*background-color: rgb(191,186,167) !important;}\u00bb][vc_column]<div style=\"background-color:;height: 50px\" class=\"nicdark_section  \"><\/div>[\/vc_column][\/vc_row][vc_row full_width=\u00bbstretch_row\u00bb css=\u00bb.vc_custom_1671198685161{background-color: rgba(191,186,167,0.7) !important;*background-color: rgb(191,186,167) !important;}\u00bb][vc_column]<div style=\"background-color:;height: 50px\" class=\"nicdark_section  \"><\/div>[\/vc_column][\/vc_row][vc_row full_width=\u00bbstretch_row\u00bb content_placement=\u00bbmiddle\u00bb css=\u00bb.vc_custom_1671198668290{background-color: rgba(191,186,167,0.7) !important;*background-color: rgb(191,186,167) !important;}\u00bb][vc_column width=\u00bb1\/2&#8243;][vc_single_image image=\u00bb3224&#8243; img_size=\u00bbfull\u00bb alignment=\u00bbcenter\u00bb el_id=\u00bbCreeSiendo\u00bb][\/vc_column][vc_column width=\u00bb1\/2&#8243;][vc_column_text]<\/p>\n<h2 style=\"text-align: center\"><span style=\"color: #000000\"><strong>Cree-Siendo<\/strong><\/span><\/h2>\n<p style=\"text-align: justify\">El programa de Orientaci\u00f3n Escolar Cree-Siendo tiene como prop\u00f3sito la formaci\u00f3n y el acompa\u00f1amiento a docentes, estudiantes y familias, a trav\u00e9s de la implementaci\u00f3n de acciones estrat\u00e9gicas como: la direcci\u00f3n de grupo, la orientaci\u00f3n socio ocupacional, el acompa\u00f1amiento individual\/grupal, la educaci\u00f3n en sexualidad y los planes formativos para las familias. De esta forma, <strong>promovemos el desarrollo de capacidades y competencias para el despliegue de una vida en plenitud<\/strong>.<\/p>\n<p style=\"text-align: justify\">As\u00ed nos comprometemos con la garant\u00eda del derecho a la educaci\u00f3n de calidad para todas y todos.<\/p>\n<p>[\/vc_column_text][\/vc_column][\/vc_row][vc_row full_width=\u00bbstretch_row\u00bb css=\u00bb.vc_custom_1671198685161{background-color: rgba(191,186,167,0.7) !important;*background-color: rgb(191,186,167) !important;}\u00bb][vc_column]<div style=\"background-color:;height: 50px\" class=\"nicdark_section  \"><\/div>[\/vc_column][\/vc_row][vc_row full_width=\u00bbstretch_row\u00bb css=\u00bb.vc_custom_1671201787631{background-color: rgba(191,186,167,0.5) !important;*background-color: rgb(191,186,167) !important;}\u00bb][vc_column]<div style=\"background-color:;height: 50px\" class=\"nicdark_section  \"><\/div>[\/vc_column][\/vc_row][vc_row full_width=\u00bbstretch_row\u00bb content_placement=\u00bbmiddle\u00bb css=\u00bb.vc_custom_1671201778961{background-color: rgba(191,186,167,0.5) !important;*background-color: rgb(191,186,167) !important;}\u00bb][vc_column width=\u00bb1\/2&#8243;][vc_column_text]<\/p>\n<h2 style=\"text-align: center\"><span style=\"color: #000000\"><strong>Procesos formativos del ser<\/strong><\/span><\/h2>\n<p>&nbsp;<\/p>\n<p style=\"text-align: justify\">Para responder a los desaf\u00edos y los acontecimientos a los que nos hemos visto expuestos como humanidad y que demanda la promoci\u00f3n del bienestar f\u00edsico, mental, emocional y espiritual de la comunidad educativa, Fe y Alegr\u00eda promueve la formaci\u00f3n en los \u00e1mbitos espiritual, en clave de creciendo en esperanza, y socioemocional a trav\u00e9s de \u00a0una ruta metodol\u00f3gica y 84 talleres de formaci\u00f3n para la vida en plenitud que alimenta las secuencias did\u00e1cticas del ambiente de aprendizaje CCRP.<\/p>\n<p style=\"text-align: justify\">As\u00ed nos comprometemos con la educaci\u00f3n p\u00fablica de calidad y la espiritualidad para todas y todos.<\/p>\n<p>[\/vc_column_text][\/vc_column][vc_column width=\u00bb1\/2&#8243;][vc_single_image image=\u00bb2848&#8243; img_size=\u00bbfull\u00bb alignment=\u00bbcenter\u00bb][\/vc_column][\/vc_row][vc_row full_width=\u00bbstretch_row\u00bb css=\u00bb.vc_custom_1671201769001{background-color: rgba(191,186,167,0.5) !important;*background-color: rgb(191,186,167) !important;}\u00bb][vc_column]<div style=\"background-color:;height: 50px\" class=\"nicdark_section  \"><\/div>[\/vc_column][\/vc_row][vc_row full_width=\u00bbstretch_row\u00bb css=\u00bb.vc_custom_1671198685161{background-color: rgba(191,186,167,0.7) !important;*background-color: rgb(191,186,167) !important;}\u00bb][vc_column]<div style=\"background-color:;height: 50px\" class=\"nicdark_section  \"><\/div>[\/vc_column][\/vc_row][vc_row full_width=\u00bbstretch_row\u00bb content_placement=\u00bbmiddle\u00bb css=\u00bb.vc_custom_1671198668290{background-color: rgba(191,186,167,0.7) !important;*background-color: rgb(191,186,167) !important;}\u00bb][vc_column width=\u00bb1\/2&#8243;][vc_single_image image=\u00bb3213&#8243; img_size=\u00bbfull\u00bb alignment=\u00bbcenter\u00bb][\/vc_column][vc_column width=\u00bb1\/2&#8243;][vc_column_text]<\/p>\n<h2 style=\"text-align: center\"><span style=\"color: #000000\"><strong>Propuesta de atenci\u00f3n estudiantes DCT y TEAyC<\/strong><\/span><\/h2>\n<p>&nbsp;<\/p>\n<p style=\"text-align: justify\">La propuesta forma a personas capaces de identificar y acompa\u00f1ar a ni\u00f1os, ni\u00f1as y j\u00f3venes con discapacidad, capacidades o talentos excepcionales y con trastornos del aprendizaje o del comportamiento, para que dise\u00f1en estrategias que permitan desarrollar procesos de formaci\u00f3n docente para la atenci\u00f3n, acompa\u00f1amiento y seguimiento pedag\u00f3gico-convivencial de esta poblaci\u00f3n, con lo cual se garantiza su derecho universal a la educaci\u00f3n p\u00fablica de calidad.<\/p>\n<p style=\"text-align: justify\">As\u00ed nos comprometemos con la educaci\u00f3n p\u00fablica como veh\u00edculo para construir justicia social estructural para todas y todos.<\/p>\n<p>[\/vc_column_text][\/vc_column][\/vc_row][vc_row full_width=\u00bbstretch_row\u00bb css=\u00bb.vc_custom_1671198654554{background-color: rgba(191,186,167,0.7) !important;*background-color: rgb(191,186,167) !important;}\u00bb][vc_column]<div style=\"background-color:;height: 50px\" class=\"nicdark_section  \"><\/div>[\/vc_column][\/vc_row][vc_row full_width=\u00bbstretch_row\u00bb css=\u00bb.vc_custom_1671198615019{background-color: rgba(191,186,167,0.5) !important;*background-color: rgb(191,186,167) !important;}\u00bb][vc_column]<div style=\"background-color:;height: 50px\" class=\"nicdark_section  \"><\/div>[\/vc_column][\/vc_row][vc_row full_width=\u00bbstretch_row\u00bb content_placement=\u00bbmiddle\u00bb css=\u00bb.vc_custom_1671198598290{background-color: rgba(191,186,167,0.5) !important;*background-color: rgb(191,186,167) !important;}\u00bb][vc_column width=\u00bb1\/2&#8243;][vc_column_text el_id=\u00bbEduTrabajo\u00bb]<\/p>\n<h2 style=\"text-align: center\"><span style=\"color: #000000\"><strong>Desarrollo de capacidades y competencias para la empleabilidad e inserci\u00f3n laboral del estudiantado<\/strong><\/span><\/h2>\n<p style=\"text-align: justify\">El programa forma a las y los estudiantes de 9, 10 y 11 grado en competencias para la empleabilidad, como: autoconfianza, toma de decisiones, trabajo en equipo, comunicaci\u00f3n, emprendimientos, ser digital, la nube digital, entre otros. Estas competencias se desarrollan en cursos e-learning \u2014en l\u00ednea\u2014, b-learning \u2014h\u00edbrido\u2014 o presenciales. Adem\u00e1s, promueve alianzas con empresas y el SENA para el desarrollo de pr\u00e1cticas laborales y posibilidades de incorporaci\u00f3n a la educaci\u00f3n superior y al mundo del trabajo. Actualmente cuenta con el apoyo de empresas como Accenture e IBM.<\/p>\n<p style=\"text-align: justfy\">As\u00ed nos comprometemos con la educaci\u00f3n p\u00fablica de calidad para todas y todos.<\/p>\n<p>[\/vc_column_text][\/vc_column][vc_column width=\u00bb1\/2&#8243;][vc_single_image image=\u00bb2747&#8243; img_size=\u00bbfull\u00bb alignment=\u00bbcenter\u00bb][\/vc_column][\/vc_row][vc_row full_width=\u00bbstretch_row\u00bb css=\u00bb.vc_custom_1671198580946{background-color: rgba(191,186,167,0.5) !important;*background-color: rgb(191,186,167) !important;}\u00bb][vc_column]<div style=\"background-color:;height: 50px\" class=\"nicdark_section  \"><\/div>[\/vc_column][\/vc_row][vc_row full_width=\u00bbstretch_row\u00bb css=\u00bb.vc_custom_1671198550729{background-color: rgba(191,186,167,0.7) !important;*background-color: rgb(191,186,167) !important;}\u00bb][vc_column]<div style=\"background-color:;height: 50px\" class=\"nicdark_section  \"><\/div>[\/vc_column][\/vc_row][vc_row full_width=\u00bbstretch_row\u00bb content_placement=\u00bbmiddle\u00bb css=\u00bb.vc_custom_1671198519740{background-color: rgba(191,186,167,0.7) !important;*background-color: rgb(191,186,167) !important;}\u00bb][vc_column width=\u00bb1\/2&#8243;][vc_single_image image=\u00bb2749&#8243; img_size=\u00bbfull\u00bb][\/vc_column][vc_column width=\u00bb1\/2&#8243;][vc_column_text]<\/p>\n<h2 style=\"text-align: center\"><span style=\"color: #000000\"><strong>Participaci\u00f3n organizada para la defensa de los derechos humanos y el cuidado del planeta<\/strong><\/span><\/h2>\n<p><strong>\u00a0<\/strong><\/p>\n<p style=\"text-align: justify\">El proyecto pretende afianzar el compromiso ciudadano de las juventudes con el cuidado del planeta y la transformaci\u00f3n de situaciones locales y globales que vulneran los DD.HH. y profundizan las desigualdades, especialmente las de g\u00e9nero. Se ejecuta con 12 Instituciones Educativas p\u00fablicas y 10 organizaciones juveniles de zonas urbanas y rurales de Cartagena. El proyecto propicia espacios de formaci\u00f3n para las juventudes que deriven en propiciar acciones de movilizaci\u00f3n e incidencia, y la puesta en marcha de emprendimientos verdes.<\/p>\n<p style=\"text-align: justify\">As\u00ed nos comprometemos con el cuidado de la casa com\u00fan y los DD.HH. para todas y todos.<\/p>\n<p>[\/vc_column_text][\/vc_column][\/vc_row][vc_row full_width=\u00bbstretch_row\u00bb css=\u00bb.vc_custom_1671198536673{background-color: rgba(191,186,167,0.7) !important;*background-color: rgb(191,186,167) !important;}\u00bb][vc_column]<div style=\"background-color:;height: 50px\" class=\"nicdark_section  \"><\/div>[\/vc_column][\/vc_row]<\/p>\n<\/div>","protected":false},"excerpt":{"rendered":"<p>[vc_row full_width=\u00bbstretch_row\u00bb css=\u00bb.vc_custom_1636235418091{background-color: rgba(0,0,0,0.7) !important;*background-color: rgb(0,0,0) !important;}\u00bb][vc_column][\/vc_column][\/vc_row][vc_row full_width=\u00bbstretch_row\u00bb css=\u00bb.vc_custom_1636185586256{background-color: rgba(0,0,0,0.7) !important;*background-color: rgb(0,0,0) !important;}\u00bb][vc_column][vc_column_text] Desarrollo de Contenido Pedag\u00f3gicos y Educativos [\/vc_column_text][\/vc_column][\/vc_row][vc_row full_width=\u00bbstretch_row\u00bb content_placement=\u00bbmiddle\u00bb css=\u00bb.vc_custom_1636283889161{background-color: rgba(0,0,0,0.7) !important;*background-color: rgb(0,0,0) !important;}\u00bb][vc_column width=\u00bb1\/4&#8243;][vc_single_image image=\u00bb2888&#8243; img_size=\u00bblarge\u00bb alignment=\u00bbcenter\u00bb style=\u00bbvc_box_shadow_circle_2&#8243;][\/vc_column][vc_column width=\u00bb3\/4&#8243;][vc_column_text] Servicio Misional que tiene como prop\u00f3sito, dise\u00f1ar, capacitar y acompa\u00f1ar la implementaci\u00f3n de propuestas educativas, pedag\u00f3gicas y convivenciales que buscan restaurar, proteger,<\/p>\n","protected":false},"author":19,"featured_media":0,"parent":0,"menu_order":0,"comment_status":"closed","ping_status":"closed","template":"","meta":{"_acf_changed":false,"footnotes":""},"folder":[],"class_list":["post-2239","page","type-page","status-publish","hentry"],"acf":[],"yoast_head":"<!-- This site is optimized with the Yoast SEO plugin v27.5 - https:\/\/yoast.com\/product\/yoast-seo-wordpress\/ -->\n<title>Desarrollo de Contenido Pedag\u00f3gicos y Educativos - #SomosFeyAlegria en Colombia<\/title>\n<meta name=\"robots\" content=\"index, follow, max-snippet:-1, max-image-preview:large, max-video-preview:-1\" \/>\n<link rel=\"canonical\" href=\"https:\/\/www.feyalegria.org\/colombia\/desarrollo-de-contenido-pedagogicos-y-educativos\/\" \/>\n<meta property=\"og:locale\" content=\"es_ES\" \/>\n<meta property=\"og:type\" content=\"article\" \/>\n<meta property=\"og:title\" content=\"Desarrollo de Contenido Pedag\u00f3gicos y Educativos - #SomosFeyAlegria en Colombia\" \/>\n<meta property=\"og:description\" content=\"[vc_row full_width=\u00bbstretch_row\u00bb css=\u00bb.vc_custom_1636235418091{background-color: rgba(0,0,0,0.7) !important;*background-color: rgb(0,0,0) !important;}\u00bb][vc_column][\/vc_column][\/vc_row][vc_row full_width=\u00bbstretch_row\u00bb css=\u00bb.vc_custom_1636185586256{background-color: rgba(0,0,0,0.7) !important;*background-color: rgb(0,0,0) !important;}\u00bb][vc_column][vc_column_text] Desarrollo de Contenido Pedag\u00f3gicos y Educativos [\/vc_column_text][\/vc_column][\/vc_row][vc_row full_width=\u00bbstretch_row\u00bb content_placement=\u00bbmiddle\u00bb css=\u00bb.vc_custom_1636283889161{background-color: rgba(0,0,0,0.7) !important;*background-color: rgb(0,0,0) !important;}\u00bb][vc_column width=\u00bb1\/4&#8243;][vc_single_image image=\u00bb2888&#8243; img_size=\u00bblarge\u00bb alignment=\u00bbcenter\u00bb style=\u00bbvc_box_shadow_circle_2&#8243;][\/vc_column][vc_column width=\u00bb3\/4&#8243;][vc_column_text] Servicio Misional que tiene como prop\u00f3sito, dise\u00f1ar, capacitar y acompa\u00f1ar la implementaci\u00f3n de propuestas educativas, pedag\u00f3gicas y convivenciales que buscan restaurar, proteger,\" \/>\n<meta property=\"og:url\" content=\"https:\/\/www.feyalegria.org\/colombia\/desarrollo-de-contenido-pedagogicos-y-educativos\/\" \/>\n<meta property=\"og:site_name\" content=\"#SomosFeyAlegria en Colombia\" \/>\n<meta property=\"article:modified_time\" content=\"2023-01-12T12:40:54+00:00\" \/>\n<meta name=\"twitter:card\" content=\"summary_large_image\" \/>\n<meta name=\"twitter:label1\" content=\"Tiempo de lectura\" \/>\n\t<meta name=\"twitter:data1\" content=\"8 minutos\" \/>\n<script type=\"application\/ld+json\" class=\"yoast-schema-graph\">{\"@context\":\"https:\\\/\\\/schema.org\",\"@graph\":[{\"@type\":\"WebPage\",\"@id\":\"https:\\\/\\\/www.feyalegria.org\\\/colombia\\\/desarrollo-de-contenido-pedagogicos-y-educativos\\\/\",\"url\":\"https:\\\/\\\/www.feyalegria.org\\\/colombia\\\/desarrollo-de-contenido-pedagogicos-y-educativos\\\/\",\"name\":\"Desarrollo de Contenido Pedag\u00f3gicos y Educativos - #SomosFeyAlegria en Colombia\",\"isPartOf\":{\"@id\":\"https:\\\/\\\/www.feyalegria.org\\\/colombia\\\/#website\"},\"datePublished\":\"2020-12-10T15:14:00+00:00\",\"dateModified\":\"2023-01-12T12:40:54+00:00\",\"breadcrumb\":{\"@id\":\"https:\\\/\\\/www.feyalegria.org\\\/colombia\\\/desarrollo-de-contenido-pedagogicos-y-educativos\\\/#breadcrumb\"},\"inLanguage\":\"es\",\"potentialAction\":[{\"@type\":\"ReadAction\",\"target\":[\"https:\\\/\\\/www.feyalegria.org\\\/colombia\\\/desarrollo-de-contenido-pedagogicos-y-educativos\\\/\"]}]},{\"@type\":\"BreadcrumbList\",\"@id\":\"https:\\\/\\\/www.feyalegria.org\\\/colombia\\\/desarrollo-de-contenido-pedagogicos-y-educativos\\\/#breadcrumb\",\"itemListElement\":[{\"@type\":\"ListItem\",\"position\":1,\"name\":\"Home\",\"item\":\"https:\\\/\\\/www.feyalegria.org\\\/colombia\\\/\"},{\"@type\":\"ListItem\",\"position\":2,\"name\":\"Desarrollo de Contenido Pedag\u00f3gicos y Educativos\"}]},{\"@type\":\"WebSite\",\"@id\":\"https:\\\/\\\/www.feyalegria.org\\\/colombia\\\/#website\",\"url\":\"https:\\\/\\\/www.feyalegria.org\\\/colombia\\\/\",\"name\":\"#SomosFeyAlegria en Colombia\",\"description\":\"Movimiento de Educaci\u00f3n Popular y Promoci\u00f3n Social\",\"potentialAction\":[{\"@type\":\"SearchAction\",\"target\":{\"@type\":\"EntryPoint\",\"urlTemplate\":\"https:\\\/\\\/www.feyalegria.org\\\/colombia\\\/?s={search_term_string}\"},\"query-input\":{\"@type\":\"PropertyValueSpecification\",\"valueRequired\":true,\"valueName\":\"search_term_string\"}}],\"inLanguage\":\"es\"}]}<\/script>\n<!-- \/ Yoast SEO plugin. -->","yoast_head_json":{"title":"Desarrollo de Contenido Pedag\u00f3gicos y Educativos - #SomosFeyAlegria en Colombia","robots":{"index":"index","follow":"follow","max-snippet":"max-snippet:-1","max-image-preview":"max-image-preview:large","max-video-preview":"max-video-preview:-1"},"canonical":"https:\/\/www.feyalegria.org\/colombia\/desarrollo-de-contenido-pedagogicos-y-educativos\/","og_locale":"es_ES","og_type":"article","og_title":"Desarrollo de Contenido Pedag\u00f3gicos y Educativos - #SomosFeyAlegria en Colombia","og_description":"[vc_row full_width=\u00bbstretch_row\u00bb css=\u00bb.vc_custom_1636235418091{background-color: rgba(0,0,0,0.7) !important;*background-color: rgb(0,0,0) !important;}\u00bb][vc_column][\/vc_column][\/vc_row][vc_row full_width=\u00bbstretch_row\u00bb css=\u00bb.vc_custom_1636185586256{background-color: rgba(0,0,0,0.7) !important;*background-color: rgb(0,0,0) !important;}\u00bb][vc_column][vc_column_text] Desarrollo de Contenido Pedag\u00f3gicos y Educativos [\/vc_column_text][\/vc_column][\/vc_row][vc_row full_width=\u00bbstretch_row\u00bb content_placement=\u00bbmiddle\u00bb css=\u00bb.vc_custom_1636283889161{background-color: rgba(0,0,0,0.7) !important;*background-color: rgb(0,0,0) !important;}\u00bb][vc_column width=\u00bb1\/4&#8243;][vc_single_image image=\u00bb2888&#8243; img_size=\u00bblarge\u00bb alignment=\u00bbcenter\u00bb style=\u00bbvc_box_shadow_circle_2&#8243;][\/vc_column][vc_column width=\u00bb3\/4&#8243;][vc_column_text] Servicio Misional que tiene como prop\u00f3sito, dise\u00f1ar, capacitar y acompa\u00f1ar la implementaci\u00f3n de propuestas educativas, pedag\u00f3gicas y convivenciales que buscan restaurar, proteger,","og_url":"https:\/\/www.feyalegria.org\/colombia\/desarrollo-de-contenido-pedagogicos-y-educativos\/","og_site_name":"#SomosFeyAlegria en Colombia","article_modified_time":"2023-01-12T12:40:54+00:00","twitter_card":"summary_large_image","twitter_misc":{"Tiempo de lectura":"8 minutos"},"schema":{"@context":"https:\/\/schema.org","@graph":[{"@type":"WebPage","@id":"https:\/\/www.feyalegria.org\/colombia\/desarrollo-de-contenido-pedagogicos-y-educativos\/","url":"https:\/\/www.feyalegria.org\/colombia\/desarrollo-de-contenido-pedagogicos-y-educativos\/","name":"Desarrollo de Contenido Pedag\u00f3gicos y Educativos - #SomosFeyAlegria en Colombia","isPartOf":{"@id":"https:\/\/www.feyalegria.org\/colombia\/#website"},"datePublished":"2020-12-10T15:14:00+00:00","dateModified":"2023-01-12T12:40:54+00:00","breadcrumb":{"@id":"https:\/\/www.feyalegria.org\/colombia\/desarrollo-de-contenido-pedagogicos-y-educativos\/#breadcrumb"},"inLanguage":"es","potentialAction":[{"@type":"ReadAction","target":["https:\/\/www.feyalegria.org\/colombia\/desarrollo-de-contenido-pedagogicos-y-educativos\/"]}]},{"@type":"BreadcrumbList","@id":"https:\/\/www.feyalegria.org\/colombia\/desarrollo-de-contenido-pedagogicos-y-educativos\/#breadcrumb","itemListElement":[{"@type":"ListItem","position":1,"name":"Home","item":"https:\/\/www.feyalegria.org\/colombia\/"},{"@type":"ListItem","position":2,"name":"Desarrollo de Contenido Pedag\u00f3gicos y Educativos"}]},{"@type":"WebSite","@id":"https:\/\/www.feyalegria.org\/colombia\/#website","url":"https:\/\/www.feyalegria.org\/colombia\/","name":"#SomosFeyAlegria en Colombia","description":"Movimiento de Educaci\u00f3n Popular y Promoci\u00f3n Social","potentialAction":[{"@type":"SearchAction","target":{"@type":"EntryPoint","urlTemplate":"https:\/\/www.feyalegria.org\/colombia\/?s={search_term_string}"},"query-input":{"@type":"PropertyValueSpecification","valueRequired":true,"valueName":"search_term_string"}}],"inLanguage":"es"}]}},"_links":{"self":[{"href":"https:\/\/www.feyalegria.org\/colombia\/wp-json\/wp\/v2\/pages\/2239","targetHints":{"allow":["GET"]}}],"collection":[{"href":"https:\/\/www.feyalegria.org\/colombia\/wp-json\/wp\/v2\/pages"}],"about":[{"href":"https:\/\/www.feyalegria.org\/colombia\/wp-json\/wp\/v2\/types\/page"}],"author":[{"embeddable":true,"href":"https:\/\/www.feyalegria.org\/colombia\/wp-json\/wp\/v2\/users\/19"}],"replies":[{"embeddable":true,"href":"https:\/\/www.feyalegria.org\/colombia\/wp-json\/wp\/v2\/comments?post=2239"}],"version-history":[{"count":0,"href":"https:\/\/www.feyalegria.org\/colombia\/wp-json\/wp\/v2\/pages\/2239\/revisions"}],"wp:attachment":[{"href":"https:\/\/www.feyalegria.org\/colombia\/wp-json\/wp\/v2\/media?parent=2239"}],"wp:term":[{"taxonomy":"folder","embeddable":true,"href":"https:\/\/www.feyalegria.org\/colombia\/wp-json\/wp\/v2\/folder?post=2239"}],"curies":[{"name":"wp","href":"https:\/\/api.w.org\/{rel}","templated":true}]}}