 {"id":2243,"date":"2020-12-10T10:18:01","date_gmt":"2020-12-10T15:18:01","guid":{"rendered":"https:\/\/www.feyalegria.org\/colombia\/?page_id=2243"},"modified":"2021-12-10T08:09:07","modified_gmt":"2021-12-10T13:09:07","slug":"red-de-juventudes-fe-y-alegria-colombia","status":"publish","type":"page","link":"https:\/\/www.feyalegria.org\/colombia\/red-de-juventudes-fe-y-alegria-colombia\/","title":{"rendered":"Red de Juventudes Fe y Alegr\u00eda Colombia"},"content":{"rendered":"<div class=\"wpb-content-wrapper\"><p>[vc_row full_width=\u00bbstretch_row\u00bb css=\u00bb.vc_custom_1636282880892{background-color: rgba(10,10,10,0.7) !important;*background-color: rgb(10,10,10) !important;}\u00bb][vc_column]<div style=\"background-color:;height: 50px\" class=\"nicdark_section  \"><\/div>[\/vc_column][\/vc_row][vc_row full_width=\u00bbstretch_row\u00bb css=\u00bb.vc_custom_1636282847334{background-color: rgba(10,10,10,0.7) !important;*background-color: rgb(10,10,10) !important;}\u00bb][vc_column][vc_column_text]<\/p>\n<h2 style=\"text-align: center\"><span style=\"color: #ffffff\">Red de Juventudes Fe y Alegr\u00eda Colombia<\/span><\/h2>\n<p>[\/vc_column_text][\/vc_column][\/vc_row][vc_row full_width=\u00bbstretch_row\u00bb content_placement=\u00bbmiddle\u00bb css=\u00bb.vc_custom_1636283362425{background-color: rgba(10,10,10,0.7) !important;*background-color: rgb(10,10,10) !important;}\u00bb][vc_column width=\u00bb1\/4&#8243;][vc_single_image image=\u00bb2889&#8243; img_size=\u00bblarge\u00bb alignment=\u00bbcenter\u00bb style=\u00bbvc_box_shadow_circle_2&#8243;][\/vc_column][vc_column width=\u00bb3\/4&#8243;][vc_column_text]<\/p>\n<p style=\"text-align: justify\"><span style=\"color: #ffffff\">Somos una <strong>plataforma nacional <\/strong>y <strong>una apuesta institucional<\/strong> de Fe y Alegr\u00eda Colombia que articula procesos juveniles para el empoderamiento ciudadano comprometido con la construcci\u00f3n de un mundo m\u00e1s justo, equitativo, sostenible y en paz.<\/span><\/p>\n<p style=\"text-align: justify\"><span style=\"color: #ffffff\">La Red Nacional de Juventudes desarrolla estrategias formativas y acciones de movilizaci\u00f3n social, con proyecci\u00f3n comunitaria y nacional, para transformar realidades que nos indignan y construir culturas de paz a favor de la vida digna.<\/span><\/p>\n<p style=\"text-align: justify\"><span style=\"color: #ffffff\"><strong>Formar para transformarnos, transformarnos para incidir<\/strong> es nuestra afirmaci\u00f3n metodol\u00f3gica para la construcci\u00f3n de capacidades sociopol\u00edticas a trav\u00e9s de estrategias como: ParticipAcci\u00f3n juvenil y ParticiPaz, Trueques de Esperanza, Semana de la IndignAcci\u00f3n \u2014agosto\u2014, Festival de Arte Popular y, anualmente, el Encuentro Nacional de Juventudes donde nos encontramos para profundizar en las l\u00edneas de actuaci\u00f3n de la Red Nacional de Juventudes.<\/span><\/p>\n<p style=\"text-align: justify\"><span style=\"color: #ffffff\">Te invitamos a sumar tus manos y voces a este sue\u00f1o de transformAccci\u00f3n e incidencia social y pol\u00edtica.<\/span><\/p>\n<p>[\/vc_column_text][\/vc_column][\/vc_row][vc_row full_width=\u00bbstretch_row\u00bb css=\u00bb.vc_custom_1636282973837{background-color: rgba(10,10,10,0.7) !important;*background-color: rgb(10,10,10) !important;}\u00bb][vc_column]<div style=\"background-color:;height: 50px\" class=\"nicdark_section  \"><\/div>[\/vc_column][\/vc_row][vc_row full_width=\u00bbstretch_row\u00bb css=\u00bb.vc_custom_1636283534112{background-color: rgba(191,186,167,0.5) !important;*background-color: rgb(191,186,167) !important;}\u00bb][vc_column]<div style=\"background-color:;height: 50px\" class=\"nicdark_section  \"><\/div>[\/vc_column][\/vc_row][vc_row full_width=\u00bbstretch_row\u00bb content_placement=\u00bbmiddle\u00bb css=\u00bb.vc_custom_1638837036384{background-color: rgba(191,186,167,0.5) !important;*background-color: rgb(191,186,167) !important;}\u00bb][vc_column][vc_row_inner content_placement=\u00bbmiddle\u00bb][vc_column_inner width=\u00bb1\/2&#8243;][vc_column_text]<\/p>\n<h2 style=\"text-align: center\"><span style=\"color: #333333\"><strong>Rese\u00f1a hist\u00f3rica de la <\/strong><strong>Red Nacional de Juventudes de Fe y Alegr\u00eda Colombia<\/strong><\/span><\/h2>\n<p>&nbsp;<\/p>\n<p>&nbsp;<\/p>\n<p style=\"text-align: justify\">la Red Nacional de Juventudes \u2015RNJ-FyACol\u2015 surge en el Primer Encuentro de Juventudes de Fe y Alegr\u00eda, realizado en el municipio de Bello, Antioquia, en agosto de 2015. All\u00ed contamos con la participaci\u00f3n m\u00e1s de 150 j\u00f3venes de diferentes partes del pa\u00eds, pertenecientes al proceso <em>ParticipAcci\u00f3n Juvenil: Hacia una nueva ciudadan\u00eda desde la participaci\u00f3n organizada<\/em>, j\u00f3venes que ven\u00edan trabajando en temas de incidencia pol\u00edtica, arte para la paz, an\u00e1lisis de realidad social, ciudadan\u00edas y cuidado de la casa com\u00fan desde a\u00f1os atr\u00e1s. El encuentro permiti\u00f3 fortalecer su sentido de trabajo en red y su protagonismo juvenil en los territorios donde hacen presencia.<\/p>\n<p style=\"text-align: justify\">El director nacional de Fe y Alegr\u00eda Colombia, V\u00edctor Murillo, fue un actor clave en la consolidaci\u00f3n final del proceso que dio paso al nacimiento de la red, al plantear en ese primer encuentro preguntas como: <em>\u00bfqu\u00e9 nos indigna?<\/em>,<em> \u00bfqu\u00e9 indigna a los y las j\u00f3venes de Fe y Alegr\u00eda?, \u00bfqu\u00e9 les molesta?,<\/em> o<em> \u00bfsus territorios son perfectos?<\/em> Esto le permiti\u00f3 a las juventudes de Fe y Alegr\u00eda Colombia una reflexi\u00f3n interna desde una mirada cr\u00edtica y constructiva que se encamin\u00f3 hacia una transformaci\u00f3n social de la comunidad, de la ciudadan\u00eda y en especial de las juventudes del pa\u00eds.<\/p>\n<p style=\"text-align: justify\">Y es desde este encuentro donde definimos celebrar cada 29 de agosto el <strong><em>D\u00eda de las juventudes indignadas<\/em><\/strong>, a partir de acciones de movilizaci\u00f3n simultaneas en cada ciudad donde tiene presencia la RNJ-FyACol.<\/p>\n<p style=\"text-align: justify\">Surgimos porque reconocimos que nosotros podemos sumar al cambio, porque comprendimos que en la convergencia de sentires e iniciativas est\u00e1 la clave de la construcci\u00f3n social, a partir de intencionalidades organizativas, participativas, de movilizaci\u00f3n y de incidencia, iniciativas que articulan lo cultural, el cuidado de la casa com\u00fan, los DD.HH., el g\u00e9nero e identidades diversas y las ciudadan\u00edas para la construcci\u00f3n culturas de paz y del respeto a la vida en todas sus manifestaciones, o como lo estamos resignificando en la Red, desde la <strong><em>Cuidadan\u00eda<\/em><\/strong>, es decir, cuidado y ciudadan\u00eda para la vida digna y las culturas de paz.<\/p>\n<p>[\/vc_column_text][\/vc_column_inner][vc_column_inner width=\u00bb1\/2&#8243;][vc_single_image image=\u00bb2758&#8243; img_size=\u00bbfull\u00bb][vc_single_image image=\u00bb2841&#8243; img_size=\u00bbfull\u00bb][\/vc_column_inner][\/vc_row_inner][\/vc_column][\/vc_row][vc_row full_width=\u00bbstretch_row\u00bb css=\u00bb.vc_custom_1636283578294{background-color: rgba(191,186,167,0.5) !important;*background-color: rgb(191,186,167) !important;}\u00bb][vc_column]<div style=\"background-color:;height: 50px\" class=\"nicdark_section  \"><\/div>[\/vc_column][\/vc_row]<\/p>\n<\/div>","protected":false},"excerpt":{"rendered":"<p>[vc_row full_width=\u00bbstretch_row\u00bb css=\u00bb.vc_custom_1636282880892{background-color: rgba(10,10,10,0.7) !important;*background-color: rgb(10,10,10) !important;}\u00bb][vc_column][\/vc_column][\/vc_row][vc_row full_width=\u00bbstretch_row\u00bb css=\u00bb.vc_custom_1636282847334{background-color: rgba(10,10,10,0.7) !important;*background-color: rgb(10,10,10) !important;}\u00bb][vc_column][vc_column_text] Red de Juventudes Fe y Alegr\u00eda Colombia [\/vc_column_text][\/vc_column][\/vc_row][vc_row full_width=\u00bbstretch_row\u00bb content_placement=\u00bbmiddle\u00bb css=\u00bb.vc_custom_1636283362425{background-color: rgba(10,10,10,0.7) !important;*background-color: rgb(10,10,10) !important;}\u00bb][vc_column width=\u00bb1\/4&#8243;][vc_single_image image=\u00bb2889&#8243; img_size=\u00bblarge\u00bb alignment=\u00bbcenter\u00bb style=\u00bbvc_box_shadow_circle_2&#8243;][\/vc_column][vc_column width=\u00bb3\/4&#8243;][vc_column_text] Somos una plataforma nacional y una apuesta institucional de Fe y Alegr\u00eda Colombia que articula procesos juveniles para el empoderamiento ciudadano<\/p>\n","protected":false},"author":19,"featured_media":0,"parent":0,"menu_order":0,"comment_status":"closed","ping_status":"closed","template":"","meta":{"_acf_changed":false,"footnotes":""},"folder":[],"class_list":["post-2243","page","type-page","status-publish","hentry"],"acf":[],"yoast_head":"<!-- This site is optimized with the Yoast SEO plugin v27.2 - https:\/\/yoast.com\/product\/yoast-seo-wordpress\/ -->\n<title>Red de Juventudes Fe y Alegr\u00eda Colombia - #SomosFeyAlegria en Colombia<\/title>\n<meta name=\"robots\" content=\"index, follow, max-snippet:-1, max-image-preview:large, max-video-preview:-1\" \/>\n<link rel=\"canonical\" href=\"https:\/\/www.feyalegria.org\/colombia\/red-de-juventudes-fe-y-alegria-colombia\/\" \/>\n<meta property=\"og:locale\" content=\"es_ES\" \/>\n<meta property=\"og:type\" content=\"article\" \/>\n<meta property=\"og:title\" content=\"Red de Juventudes Fe y Alegr\u00eda Colombia - #SomosFeyAlegria en Colombia\" \/>\n<meta property=\"og:description\" content=\"[vc_row full_width=\u00bbstretch_row\u00bb css=\u00bb.vc_custom_1636282880892{background-color: rgba(10,10,10,0.7) !important;*background-color: rgb(10,10,10) !important;}\u00bb][vc_column][\/vc_column][\/vc_row][vc_row full_width=\u00bbstretch_row\u00bb css=\u00bb.vc_custom_1636282847334{background-color: rgba(10,10,10,0.7) !important;*background-color: rgb(10,10,10) !important;}\u00bb][vc_column][vc_column_text] Red de Juventudes Fe y Alegr\u00eda Colombia [\/vc_column_text][\/vc_column][\/vc_row][vc_row full_width=\u00bbstretch_row\u00bb content_placement=\u00bbmiddle\u00bb css=\u00bb.vc_custom_1636283362425{background-color: rgba(10,10,10,0.7) !important;*background-color: rgb(10,10,10) !important;}\u00bb][vc_column width=\u00bb1\/4&#8243;][vc_single_image image=\u00bb2889&#8243; img_size=\u00bblarge\u00bb alignment=\u00bbcenter\u00bb style=\u00bbvc_box_shadow_circle_2&#8243;][\/vc_column][vc_column width=\u00bb3\/4&#8243;][vc_column_text] Somos una plataforma nacional y una apuesta institucional de Fe y Alegr\u00eda Colombia que articula procesos juveniles para el empoderamiento ciudadano\" \/>\n<meta property=\"og:url\" content=\"https:\/\/www.feyalegria.org\/colombia\/red-de-juventudes-fe-y-alegria-colombia\/\" \/>\n<meta property=\"og:site_name\" content=\"#SomosFeyAlegria en Colombia\" \/>\n<meta property=\"article:modified_time\" content=\"2021-12-10T13:09:07+00:00\" \/>\n<meta name=\"twitter:card\" content=\"summary_large_image\" \/>\n<meta name=\"twitter:label1\" content=\"Tiempo de lectura\" \/>\n\t<meta name=\"twitter:data1\" content=\"4 minutos\" \/>\n<script type=\"application\/ld+json\" class=\"yoast-schema-graph\">{\"@context\":\"https:\/\/schema.org\",\"@graph\":[{\"@type\":\"WebPage\",\"@id\":\"https:\/\/www.feyalegria.org\/colombia\/red-de-juventudes-fe-y-alegria-colombia\/\",\"url\":\"https:\/\/www.feyalegria.org\/colombia\/red-de-juventudes-fe-y-alegria-colombia\/\",\"name\":\"Red de Juventudes Fe y Alegr\u00eda Colombia - #SomosFeyAlegria en Colombia\",\"isPartOf\":{\"@id\":\"https:\/\/www.feyalegria.org\/colombia\/#website\"},\"datePublished\":\"2020-12-10T15:18:01+00:00\",\"dateModified\":\"2021-12-10T13:09:07+00:00\",\"breadcrumb\":{\"@id\":\"https:\/\/www.feyalegria.org\/colombia\/red-de-juventudes-fe-y-alegria-colombia\/#breadcrumb\"},\"inLanguage\":\"es\",\"potentialAction\":[{\"@type\":\"ReadAction\",\"target\":[\"https:\/\/www.feyalegria.org\/colombia\/red-de-juventudes-fe-y-alegria-colombia\/\"]}]},{\"@type\":\"BreadcrumbList\",\"@id\":\"https:\/\/www.feyalegria.org\/colombia\/red-de-juventudes-fe-y-alegria-colombia\/#breadcrumb\",\"itemListElement\":[{\"@type\":\"ListItem\",\"position\":1,\"name\":\"Home\",\"item\":\"https:\/\/www.feyalegria.org\/colombia\/\"},{\"@type\":\"ListItem\",\"position\":2,\"name\":\"Red de Juventudes Fe y Alegr\u00eda Colombia\"}]},{\"@type\":\"WebSite\",\"@id\":\"https:\/\/www.feyalegria.org\/colombia\/#website\",\"url\":\"https:\/\/www.feyalegria.org\/colombia\/\",\"name\":\"#SomosFeyAlegria en Colombia\",\"description\":\"Movimiento de Educaci\u00f3n Popular y Promoci\u00f3n Social\",\"potentialAction\":[{\"@type\":\"SearchAction\",\"target\":{\"@type\":\"EntryPoint\",\"urlTemplate\":\"https:\/\/www.feyalegria.org\/colombia\/?s={search_term_string}\"},\"query-input\":{\"@type\":\"PropertyValueSpecification\",\"valueRequired\":true,\"valueName\":\"search_term_string\"}}],\"inLanguage\":\"es\"}]}<\/script>\n<!-- \/ Yoast SEO plugin. -->","yoast_head_json":{"title":"Red de Juventudes Fe y Alegr\u00eda Colombia - #SomosFeyAlegria en Colombia","robots":{"index":"index","follow":"follow","max-snippet":"max-snippet:-1","max-image-preview":"max-image-preview:large","max-video-preview":"max-video-preview:-1"},"canonical":"https:\/\/www.feyalegria.org\/colombia\/red-de-juventudes-fe-y-alegria-colombia\/","og_locale":"es_ES","og_type":"article","og_title":"Red de Juventudes Fe y Alegr\u00eda Colombia - #SomosFeyAlegria en Colombia","og_description":"[vc_row full_width=\u00bbstretch_row\u00bb css=\u00bb.vc_custom_1636282880892{background-color: rgba(10,10,10,0.7) !important;*background-color: rgb(10,10,10) !important;}\u00bb][vc_column][\/vc_column][\/vc_row][vc_row full_width=\u00bbstretch_row\u00bb css=\u00bb.vc_custom_1636282847334{background-color: rgba(10,10,10,0.7) !important;*background-color: rgb(10,10,10) !important;}\u00bb][vc_column][vc_column_text] Red de Juventudes Fe y Alegr\u00eda Colombia [\/vc_column_text][\/vc_column][\/vc_row][vc_row full_width=\u00bbstretch_row\u00bb content_placement=\u00bbmiddle\u00bb css=\u00bb.vc_custom_1636283362425{background-color: rgba(10,10,10,0.7) !important;*background-color: rgb(10,10,10) !important;}\u00bb][vc_column width=\u00bb1\/4&#8243;][vc_single_image image=\u00bb2889&#8243; img_size=\u00bblarge\u00bb alignment=\u00bbcenter\u00bb style=\u00bbvc_box_shadow_circle_2&#8243;][\/vc_column][vc_column width=\u00bb3\/4&#8243;][vc_column_text] Somos una plataforma nacional y una apuesta institucional de Fe y Alegr\u00eda Colombia que articula procesos juveniles para el empoderamiento ciudadano","og_url":"https:\/\/www.feyalegria.org\/colombia\/red-de-juventudes-fe-y-alegria-colombia\/","og_site_name":"#SomosFeyAlegria en Colombia","article_modified_time":"2021-12-10T13:09:07+00:00","twitter_card":"summary_large_image","twitter_misc":{"Tiempo de lectura":"4 minutos"},"schema":{"@context":"https:\/\/schema.org","@graph":[{"@type":"WebPage","@id":"https:\/\/www.feyalegria.org\/colombia\/red-de-juventudes-fe-y-alegria-colombia\/","url":"https:\/\/www.feyalegria.org\/colombia\/red-de-juventudes-fe-y-alegria-colombia\/","name":"Red de Juventudes Fe y Alegr\u00eda Colombia - #SomosFeyAlegria en Colombia","isPartOf":{"@id":"https:\/\/www.feyalegria.org\/colombia\/#website"},"datePublished":"2020-12-10T15:18:01+00:00","dateModified":"2021-12-10T13:09:07+00:00","breadcrumb":{"@id":"https:\/\/www.feyalegria.org\/colombia\/red-de-juventudes-fe-y-alegria-colombia\/#breadcrumb"},"inLanguage":"es","potentialAction":[{"@type":"ReadAction","target":["https:\/\/www.feyalegria.org\/colombia\/red-de-juventudes-fe-y-alegria-colombia\/"]}]},{"@type":"BreadcrumbList","@id":"https:\/\/www.feyalegria.org\/colombia\/red-de-juventudes-fe-y-alegria-colombia\/#breadcrumb","itemListElement":[{"@type":"ListItem","position":1,"name":"Home","item":"https:\/\/www.feyalegria.org\/colombia\/"},{"@type":"ListItem","position":2,"name":"Red de Juventudes Fe y Alegr\u00eda Colombia"}]},{"@type":"WebSite","@id":"https:\/\/www.feyalegria.org\/colombia\/#website","url":"https:\/\/www.feyalegria.org\/colombia\/","name":"#SomosFeyAlegria en Colombia","description":"Movimiento de Educaci\u00f3n Popular y Promoci\u00f3n Social","potentialAction":[{"@type":"SearchAction","target":{"@type":"EntryPoint","urlTemplate":"https:\/\/www.feyalegria.org\/colombia\/?s={search_term_string}"},"query-input":{"@type":"PropertyValueSpecification","valueRequired":true,"valueName":"search_term_string"}}],"inLanguage":"es"}]}},"_links":{"self":[{"href":"https:\/\/www.feyalegria.org\/colombia\/wp-json\/wp\/v2\/pages\/2243","targetHints":{"allow":["GET"]}}],"collection":[{"href":"https:\/\/www.feyalegria.org\/colombia\/wp-json\/wp\/v2\/pages"}],"about":[{"href":"https:\/\/www.feyalegria.org\/colombia\/wp-json\/wp\/v2\/types\/page"}],"author":[{"embeddable":true,"href":"https:\/\/www.feyalegria.org\/colombia\/wp-json\/wp\/v2\/users\/19"}],"replies":[{"embeddable":true,"href":"https:\/\/www.feyalegria.org\/colombia\/wp-json\/wp\/v2\/comments?post=2243"}],"version-history":[{"count":0,"href":"https:\/\/www.feyalegria.org\/colombia\/wp-json\/wp\/v2\/pages\/2243\/revisions"}],"wp:attachment":[{"href":"https:\/\/www.feyalegria.org\/colombia\/wp-json\/wp\/v2\/media?parent=2243"}],"wp:term":[{"taxonomy":"folder","embeddable":true,"href":"https:\/\/www.feyalegria.org\/colombia\/wp-json\/wp\/v2\/folder?post=2243"}],"curies":[{"name":"wp","href":"https:\/\/api.w.org\/{rel}","templated":true}]}}