 {"id":500,"date":"2020-07-06T11:43:16","date_gmt":"2020-07-06T16:43:16","guid":{"rendered":"https:\/\/www.feyalegria.org\/colombia\/?page_id=500"},"modified":"2022-09-19T10:34:33","modified_gmt":"2022-09-19T15:34:33","slug":"caja-de-herramientas","status":"publish","type":"page","link":"https:\/\/www.feyalegria.org\/colombia\/caja-de-herramientas\/","title":{"rendered":"Caja de Herramientas"},"content":{"rendered":"<div class=\"wpb-content-wrapper\"><p>[vc_row][vc_column]\n\t\t\t\t<p class=\"rs-p-wp-fix\"><\/p>\n\t\t\t\t<sr7-module data-alias=\"Banner-Caja-de-Heramientas-\" data-id=\"8\" id=\"SR7_8_1\" data-version=\"6.7.54\">\n\t\t\t\t\t<sr7-adjuster><\/sr7-adjuster>\n\t\t\t\t\t<sr7-content>\n\t\t\t\t\t\t<sr7-slide id=\"SR7_8_1-27\" data-key=\"27\">\n\t\t\t\t\t\t\t<sr7-bg id=\"SR7_8_1-27-slidebg\" class=\"sr7-layer\"><noscript><img decoding=\"async\" src=\"https:\/\/d3pugrm67vf9n7.cloudfront.net\/wp-content\/uploads\/sites\/12\/2020\/11\/09103433\/BANNER-HERRAMIENTAS1240X500.jpg\" alt=\"\" title=\"BANNER HERRAMIENTAS1240X500\"><\/noscript><\/sr7-bg>\n\t\t\t\t\t\t<\/sr7-slide>\n\t\t\t\t\t\t<sr7-slide id=\"SR7_8_1-50\" data-key=\"50\">\n\t\t\t\t\t\t<\/sr7-slide>\n\t\t\t\t\t<\/sr7-content>\n\t\t\t\t<\/sr7-module>\n\t\t\t\t<script>\n\t\t\t\t\twindow.SR7 ??={};SR7.PMH ??={}; SR7.PMH[\"SR7_8_1\"] = {cn:100,state:false,fn: function() { if (window._tpt!==undefined && window._tpt.prepareModuleHeight !== undefined) {  _tpt.prepareModuleHeight({id:\"SR7_8_1\",el:[400],type:'standard',shdw:'0',gh:[400],gw:[1024],vpt:['-200px'],size:{fullWidth:true, fullHeight:false},mh:'0',onh:0,onw:0,bg:{color:'transparent'},plType:'0',plColor:'#cc0000'});   SR7.PMH[\"SR7_8_1\"].state=true;} else if(SR7.PMH[\"SR7_8_1\"].cn-->0)\tsetTimeout( SR7.PMH[\"SR7_8_1\"].fn,19);}};SR7.PMH[\"SR7_8_1\" ].fn();\n\t\t\t\t<\/script>\n[\/vc_column][\/vc_row][vc_row full_width=\u00bbstretch_row_content_no_spaces\u00bb first_background_color=\u00bb#a3a3a3&#8243;][vc_column alignment=\u00bbcenter\u00bb][vc_single_image image=\u00bb1950&#8243; img_size=\u00bbfull\u00bb alignment=\u00bbcenter\u00bb css=\u00bb.vc_custom_1606332082539{background-color: #bababa !important;background-position: center !important;background-repeat: no-repeat !important;background-size: contain !important;}\u00bb][\/vc_column][\/vc_row][vc_row full_width=\u00bbstretch_row\u00bb css=\u00bb.vc_custom_1606332287319{background-position: center !important;background-repeat: no-repeat !important;background-size: cover !important;}\u00bb][vc_column alignment=\u00bbcenter\u00bb][vc_column_text]<\/p>\n<p align=\"justify\">La caja de herramientas es un espacio de acceso p\u00fablico de material pedag\u00f3gico y gratuito dise\u00f1ado y escrito por Fe y Alegr\u00eda Colombia que ayudar\u00e1 al desarrollo de las diferentes actividades dentro de aula. Este material es un material desarrollado desde el saber y experiencias dentro del aula por educadores populares, y as\u00ed mismo es un espacio donde tambi\u00e9n podr\u00e1s compartir tu saber en el aula con otros. Podr\u00e1s interactuar con comunidades de aprendizaje y compartir dudas y experiencias. Solo debes reg\u00edstrate.<\/p>\n<p>[\/vc_column_text][vc_row_inner][vc_column_inner width=\u00bb1\/4&#8243;][\/vc_column_inner][vc_column_inner width=\u00bb1\/2&#8243;]<a href=\"http:\/\/www.cajadeherramientasfeyalegria.org\" target=\"_blank\" title=\"Caja de Herramientas\"  data-id=\"mpc_button-5669f2b70e575ab\" class=\"mpc-button mpc-init mpc-transition mpc-typography--default mpc-display--block \" ><div class=\"mpc-button__content mpc-effect-type--none mpc-effect-side--none\"><span class=\"mpc-button__title mpc-transition\">Acceder a la Caja de Herramientas<\/span><\/div><div class=\"mpc-button__background mpc-transition mpc-effect-type--fade mpc-effect-side--in\"><\/div><\/a>[\/vc_column_inner][vc_column_inner width=\u00bb1\/4&#8243;][\/vc_column_inner][\/vc_row_inner]<div style=\"background-color:;height: 50px\" class=\"nicdark_section  \"><\/div>[\/vc_column][\/vc_row]<\/p>\n<\/div>","protected":false},"excerpt":{"rendered":"<p>[vc_row][vc_column][\/vc_column][\/vc_row][vc_row full_width=\u00bbstretch_row_content_no_spaces\u00bb first_background_color=\u00bb#a3a3a3&#8243;][vc_column alignment=\u00bbcenter\u00bb][vc_single_image image=\u00bb1950&#8243; img_size=\u00bbfull\u00bb alignment=\u00bbcenter\u00bb css=\u00bb.vc_custom_1606332082539{background-color: #bababa !important;background-position: center !important;background-repeat: no-repeat !important;background-size: contain !important;}\u00bb][\/vc_column][\/vc_row][vc_row full_width=\u00bbstretch_row\u00bb css=\u00bb.vc_custom_1606332287319{background-position: center !important;background-repeat: no-repeat !important;background-size: cover !important;}\u00bb][vc_column alignment=\u00bbcenter\u00bb][vc_column_text] La caja de herramientas es un espacio de acceso p\u00fablico de material pedag\u00f3gico y gratuito dise\u00f1ado y escrito por Fe y Alegr\u00eda Colombia que ayudar\u00e1 al desarrollo de las diferentes<\/p>\n","protected":false},"author":19,"featured_media":0,"parent":0,"menu_order":0,"comment_status":"closed","ping_status":"closed","template":"","meta":{"_acf_changed":false,"footnotes":""},"folder":[],"class_list":["post-500","page","type-page","status-publish","hentry"],"acf":[],"yoast_head":"<!-- This site is optimized with the Yoast SEO plugin v27.5 - https:\/\/yoast.com\/product\/yoast-seo-wordpress\/ -->\n<title>Caja de Herramientas - #SomosFeyAlegria en Colombia<\/title>\n<meta name=\"robots\" content=\"index, follow, max-snippet:-1, max-image-preview:large, max-video-preview:-1\" \/>\n<link rel=\"canonical\" href=\"https:\/\/www.feyalegria.org\/colombia\/caja-de-herramientas\/\" \/>\n<meta property=\"og:locale\" content=\"es_ES\" \/>\n<meta property=\"og:type\" content=\"article\" \/>\n<meta property=\"og:title\" content=\"Caja de Herramientas - #SomosFeyAlegria en Colombia\" \/>\n<meta property=\"og:description\" content=\"[vc_row][vc_column][\/vc_column][\/vc_row][vc_row full_width=\u00bbstretch_row_content_no_spaces\u00bb first_background_color=\u00bb#a3a3a3&#8243;][vc_column alignment=\u00bbcenter\u00bb][vc_single_image image=\u00bb1950&#8243; img_size=\u00bbfull\u00bb alignment=\u00bbcenter\u00bb css=\u00bb.vc_custom_1606332082539{background-color: #bababa !important;background-position: center !important;background-repeat: no-repeat !important;background-size: contain !important;}\u00bb][\/vc_column][\/vc_row][vc_row full_width=\u00bbstretch_row\u00bb css=\u00bb.vc_custom_1606332287319{background-position: center !important;background-repeat: no-repeat !important;background-size: cover !important;}\u00bb][vc_column alignment=\u00bbcenter\u00bb][vc_column_text] La caja de herramientas es un espacio de acceso p\u00fablico de material pedag\u00f3gico y gratuito dise\u00f1ado y escrito por Fe y Alegr\u00eda Colombia que ayudar\u00e1 al desarrollo de las diferentes\" \/>\n<meta property=\"og:url\" content=\"https:\/\/www.feyalegria.org\/colombia\/caja-de-herramientas\/\" \/>\n<meta property=\"og:site_name\" content=\"#SomosFeyAlegria en Colombia\" \/>\n<meta property=\"article:modified_time\" content=\"2022-09-19T15:34:33+00:00\" \/>\n<meta name=\"twitter:card\" content=\"summary_large_image\" \/>\n<meta name=\"twitter:label1\" content=\"Tiempo de lectura\" \/>\n\t<meta name=\"twitter:data1\" content=\"2 minutos\" \/>\n<script type=\"application\/ld+json\" class=\"yoast-schema-graph\">{\"@context\":\"https:\\\/\\\/schema.org\",\"@graph\":[{\"@type\":\"WebPage\",\"@id\":\"https:\\\/\\\/www.feyalegria.org\\\/colombia\\\/caja-de-herramientas\\\/\",\"url\":\"https:\\\/\\\/www.feyalegria.org\\\/colombia\\\/caja-de-herramientas\\\/\",\"name\":\"Caja de Herramientas - #SomosFeyAlegria en Colombia\",\"isPartOf\":{\"@id\":\"https:\\\/\\\/www.feyalegria.org\\\/colombia\\\/#website\"},\"datePublished\":\"2020-07-06T16:43:16+00:00\",\"dateModified\":\"2022-09-19T15:34:33+00:00\",\"breadcrumb\":{\"@id\":\"https:\\\/\\\/www.feyalegria.org\\\/colombia\\\/caja-de-herramientas\\\/#breadcrumb\"},\"inLanguage\":\"es\",\"potentialAction\":[{\"@type\":\"ReadAction\",\"target\":[\"https:\\\/\\\/www.feyalegria.org\\\/colombia\\\/caja-de-herramientas\\\/\"]}]},{\"@type\":\"BreadcrumbList\",\"@id\":\"https:\\\/\\\/www.feyalegria.org\\\/colombia\\\/caja-de-herramientas\\\/#breadcrumb\",\"itemListElement\":[{\"@type\":\"ListItem\",\"position\":1,\"name\":\"Home\",\"item\":\"https:\\\/\\\/www.feyalegria.org\\\/colombia\\\/\"},{\"@type\":\"ListItem\",\"position\":2,\"name\":\"Caja de Herramientas\"}]},{\"@type\":\"WebSite\",\"@id\":\"https:\\\/\\\/www.feyalegria.org\\\/colombia\\\/#website\",\"url\":\"https:\\\/\\\/www.feyalegria.org\\\/colombia\\\/\",\"name\":\"#SomosFeyAlegria en Colombia\",\"description\":\"Movimiento de Educaci\u00f3n Popular y Promoci\u00f3n Social\",\"potentialAction\":[{\"@type\":\"SearchAction\",\"target\":{\"@type\":\"EntryPoint\",\"urlTemplate\":\"https:\\\/\\\/www.feyalegria.org\\\/colombia\\\/?s={search_term_string}\"},\"query-input\":{\"@type\":\"PropertyValueSpecification\",\"valueRequired\":true,\"valueName\":\"search_term_string\"}}],\"inLanguage\":\"es\"}]}<\/script>\n<!-- \/ Yoast SEO plugin. -->","yoast_head_json":{"title":"Caja de Herramientas - #SomosFeyAlegria en Colombia","robots":{"index":"index","follow":"follow","max-snippet":"max-snippet:-1","max-image-preview":"max-image-preview:large","max-video-preview":"max-video-preview:-1"},"canonical":"https:\/\/www.feyalegria.org\/colombia\/caja-de-herramientas\/","og_locale":"es_ES","og_type":"article","og_title":"Caja de Herramientas - #SomosFeyAlegria en Colombia","og_description":"[vc_row][vc_column][\/vc_column][\/vc_row][vc_row full_width=\u00bbstretch_row_content_no_spaces\u00bb first_background_color=\u00bb#a3a3a3&#8243;][vc_column alignment=\u00bbcenter\u00bb][vc_single_image image=\u00bb1950&#8243; img_size=\u00bbfull\u00bb alignment=\u00bbcenter\u00bb css=\u00bb.vc_custom_1606332082539{background-color: #bababa !important;background-position: center !important;background-repeat: no-repeat !important;background-size: contain !important;}\u00bb][\/vc_column][\/vc_row][vc_row full_width=\u00bbstretch_row\u00bb css=\u00bb.vc_custom_1606332287319{background-position: center !important;background-repeat: no-repeat !important;background-size: cover !important;}\u00bb][vc_column alignment=\u00bbcenter\u00bb][vc_column_text] La caja de herramientas es un espacio de acceso p\u00fablico de material pedag\u00f3gico y gratuito dise\u00f1ado y escrito por Fe y Alegr\u00eda Colombia que ayudar\u00e1 al desarrollo de las diferentes","og_url":"https:\/\/www.feyalegria.org\/colombia\/caja-de-herramientas\/","og_site_name":"#SomosFeyAlegria en Colombia","article_modified_time":"2022-09-19T15:34:33+00:00","twitter_card":"summary_large_image","twitter_misc":{"Tiempo de lectura":"2 minutos"},"schema":{"@context":"https:\/\/schema.org","@graph":[{"@type":"WebPage","@id":"https:\/\/www.feyalegria.org\/colombia\/caja-de-herramientas\/","url":"https:\/\/www.feyalegria.org\/colombia\/caja-de-herramientas\/","name":"Caja de Herramientas - #SomosFeyAlegria en Colombia","isPartOf":{"@id":"https:\/\/www.feyalegria.org\/colombia\/#website"},"datePublished":"2020-07-06T16:43:16+00:00","dateModified":"2022-09-19T15:34:33+00:00","breadcrumb":{"@id":"https:\/\/www.feyalegria.org\/colombia\/caja-de-herramientas\/#breadcrumb"},"inLanguage":"es","potentialAction":[{"@type":"ReadAction","target":["https:\/\/www.feyalegria.org\/colombia\/caja-de-herramientas\/"]}]},{"@type":"BreadcrumbList","@id":"https:\/\/www.feyalegria.org\/colombia\/caja-de-herramientas\/#breadcrumb","itemListElement":[{"@type":"ListItem","position":1,"name":"Home","item":"https:\/\/www.feyalegria.org\/colombia\/"},{"@type":"ListItem","position":2,"name":"Caja de Herramientas"}]},{"@type":"WebSite","@id":"https:\/\/www.feyalegria.org\/colombia\/#website","url":"https:\/\/www.feyalegria.org\/colombia\/","name":"#SomosFeyAlegria en Colombia","description":"Movimiento de Educaci\u00f3n Popular y Promoci\u00f3n Social","potentialAction":[{"@type":"SearchAction","target":{"@type":"EntryPoint","urlTemplate":"https:\/\/www.feyalegria.org\/colombia\/?s={search_term_string}"},"query-input":{"@type":"PropertyValueSpecification","valueRequired":true,"valueName":"search_term_string"}}],"inLanguage":"es"}]}},"_links":{"self":[{"href":"https:\/\/www.feyalegria.org\/colombia\/wp-json\/wp\/v2\/pages\/500","targetHints":{"allow":["GET"]}}],"collection":[{"href":"https:\/\/www.feyalegria.org\/colombia\/wp-json\/wp\/v2\/pages"}],"about":[{"href":"https:\/\/www.feyalegria.org\/colombia\/wp-json\/wp\/v2\/types\/page"}],"author":[{"embeddable":true,"href":"https:\/\/www.feyalegria.org\/colombia\/wp-json\/wp\/v2\/users\/19"}],"replies":[{"embeddable":true,"href":"https:\/\/www.feyalegria.org\/colombia\/wp-json\/wp\/v2\/comments?post=500"}],"version-history":[{"count":0,"href":"https:\/\/www.feyalegria.org\/colombia\/wp-json\/wp\/v2\/pages\/500\/revisions"}],"wp:attachment":[{"href":"https:\/\/www.feyalegria.org\/colombia\/wp-json\/wp\/v2\/media?parent=500"}],"wp:term":[{"taxonomy":"folder","embeddable":true,"href":"https:\/\/www.feyalegria.org\/colombia\/wp-json\/wp\/v2\/folder?post=500"}],"curies":[{"name":"wp","href":"https:\/\/api.w.org\/{rel}","templated":true}]}}