 {"id":804,"date":"2020-07-17T11:23:15","date_gmt":"2020-07-17T16:23:15","guid":{"rendered":"https:\/\/www.feyalegria.org\/colombia\/?page_id=804"},"modified":"2022-10-13T17:15:14","modified_gmt":"2022-10-13T22:15:14","slug":"gestion-y-administracion-de-centros-educativos","status":"publish","type":"page","link":"https:\/\/www.feyalegria.org\/colombia\/gestion-y-administracion-de-centros-educativos\/","title":{"rendered":"Gesti\u00f3n y Administraci\u00f3n de Centros Educativos"},"content":{"rendered":"<div class=\"wpb-content-wrapper\"><p>[vc_row full_width=\u00bbstretch_row\u00bb css=\u00bb.vc_custom_1636234587026{background-color: rgba(10,10,10,0.7) !important;*background-color: rgb(10,10,10) !important;}\u00bb][vc_column]<div style=\"background-color:;height: 30px\" class=\"nicdark_section  \"><\/div>[\/vc_column][\/vc_row][vc_row full_width=\u00bbstretch_row\u00bb css=\u00bb.vc_custom_1636234464007{background-color: rgba(10,10,10,0.7) !important;*background-color: rgb(10,10,10) !important;}\u00bb][vc_column][vc_column_text]<\/p>\n<h2 style=\"text-align: center\"><span style=\"color: #ffffff\">Gesti\u00f3n y Administraci\u00f3n de Centros Educativos<\/span><\/h2>\n<p>[\/vc_column_text][\/vc_column][\/vc_row][vc_row full_width=\u00bbstretch_row\u00bb css=\u00bb.vc_custom_1635385565777{background-color: rgba(10,10,10,0.7) !important;*background-color: rgb(10,10,10) !important;}\u00bb][vc_column width=\u00bb1\/4&#8243;][vc_single_image image=\u00bb1850&#8243; img_size=\u00bblarge\u00bb alignment=\u00bbcenter\u00bb style=\u00bbvc_box_shadow_circle_2&#8243;][\/vc_column][vc_column width=\u00bb3\/4&#8243;][vc_column_text]<\/p>\n<p style=\"text-align: justify\"><span style=\"color: #ffffff\">Servicio Misional encargado de acompa\u00f1ar y garantizar que <strong>los Centros Educativos cumplan con las exigencias estipuladas por las contrataciones con el Estado<\/strong> para la prestaci\u00f3n del servicio p\u00fablico educativo de calidad.<\/span><\/p>\n<p style=\"text-align: justify\"><span style=\"color: #ffffff\">Orienta y acompa\u00f1a a directoras-es regionales y equipos de direcci\u00f3n en la construcci\u00f3n de organizaci\u00f3n institucional, focalizaci\u00f3n estrat\u00e9gica y toma de decisiones para la prestaci\u00f3n del servicio educativo contratado con el sector p\u00fablico. Apoya y propicia la organizaci\u00f3n del Centro Educativo en el marco del Sistema de Mejora de la Calidad-FyACol, la construcci\u00f3n de los planes de mejora y el POA anual.<\/span><\/p>\n<p style=\"text-align: justify\"><span style=\"color: #ffffff\">Se vincula estrat\u00e9gicamente con Secretar\u00edas de Educaci\u00f3n y Entidades Territoriales para prestar el servicio de administraci\u00f3n y concesi\u00f3n de Centros Educativos en los niveles: preescolar, b\u00e1sica primaria, secundaria y media; con el Sector Eclesial Educativo para construir e implementar estrategias de desarrollo pedag\u00f3gico; y con el ICBF para coadministrar Hogares Infantiles.<\/span><\/p>\n<p>[\/vc_column_text][\/vc_column][\/vc_row][vc_row full_width=\u00bbstretch_row\u00bb css=\u00bb.vc_custom_1636234616751{background-color: rgba(10,10,10,0.7) !important;*background-color: rgb(10,10,10) !important;}\u00bb][vc_column]<div style=\"background-color:;height: 50px\" class=\"nicdark_section  \"><\/div>[\/vc_column][\/vc_row][vc_row full_width=\u00bbstretch_row\u00bb css=\u00bb.vc_custom_1636234277221{background-color: rgba(191,186,167,0.5) !important;*background-color: rgb(191,186,167) !important;}\u00bb][vc_column]<div style=\"background-color:;height: 50px\" class=\"nicdark_section  \"><\/div>[\/vc_column][\/vc_row][vc_row full_width=\u00bbstretch_row\u00bb content_placement=\u00bbmiddle\u00bb css=\u00bb.vc_custom_1636184768752{background-color: rgba(191,186,167,0.5) !important;*background-color: rgb(191,186,167) !important;}\u00bb][vc_column width=\u00bb1\/2&#8243;][vc_column_text el_id=\u00bbEduCalidad\u00bb]<\/p>\n<h2 style=\"text-align: center\"><span style=\"color: #000000\"><strong>Sistema de Mejora de la Calidad<\/strong><\/span><\/h2>\n<h4 style=\"text-align: center\"><span style=\"color: #000000\">Tejer sue\u00f1os una tarea que no podemos delegar<\/span><\/h4>\n<p><strong>\u00a0<\/strong><\/p>\n<p style=\"text-align: justify\">El<strong> Sistema de Mejora de la Calidad <\/strong>enfrenta los desaf\u00edos que la sociedad plantea a la educaci\u00f3n, en los sectores m\u00e1s vulnerables, desde una mirada multidimensional de la calidad que implica un proceso de mejora continua y exige la: reflexi\u00f3n, participaci\u00f3n, compromiso y protagonismo de las personas vinculadas a las Instituciones Educativas. As\u00ed, la calidad comoconjunto de elementos organizados que interact\u00faan entre s\u00ed tiene como fin la garant\u00eda de la calidad en los procesos de los Centros Educativos.<\/p>\n<p><strong>\u00a0<\/strong>[\/vc_column_text][\/vc_column][vc_column width=\u00bb1\/2&#8243;][vc_single_image image=\u00bb2744&#8243; img_size=\u00bbfull\u00bb][\/vc_column][\/vc_row][vc_row full_width=\u00bbstretch_row\u00bb css=\u00bb.vc_custom_1636234491333{background-color: rgba(191,186,167,0.5) !important;*background-color: rgb(191,186,167) !important;}\u00bb][vc_column]<div style=\"background-color:;height: 50px\" class=\"nicdark_section  \"><\/div>[\/vc_column][\/vc_row][vc_row full_width=\u00bbstretch_row\u00bb css=\u00bb.vc_custom_1636234654629{background-color: rgba(10,10,10,0.7) !important;*background-color: rgb(10,10,10) !important;}\u00bb][vc_column]<div style=\"background-color:;height: 50px\" class=\"nicdark_section  \"><\/div>[\/vc_column][\/vc_row][vc_row full_width=\u00bbstretch_row\u00bb css=\u00bb.vc_custom_1636234673038{background-color: rgba(10,10,10,0.7) !important;*background-color: rgb(10,10,10) !important;}\u00bb][vc_column][vc_column_text]<\/p>\n<h2 style=\"text-align: center\"><span style=\"color: #ffffff\">Subdirecci\u00f3n de Primera Infancia<\/span><\/h2>\n<p>[\/vc_column_text][\/vc_column][\/vc_row][vc_row full_width=\u00bbstretch_row\u00bb content_placement=\u00bbmiddle\u00bb css=\u00bb.vc_custom_1639090999404{background-color: rgba(10,10,10,0.7) !important;*background-color: rgb(10,10,10) !important;}\u00bb][vc_column width=\u00bb1\/2&#8243;][vc_single_image image=\u00bb2745&#8243; img_size=\u00bbfull\u00bb][\/vc_column][vc_column width=\u00bb1\/2&#8243;][vc_column_text]<\/p>\n<p style=\"text-align: justify\"><span style=\"color: #ffffff\">Subdirecci\u00f3n encargada de planear, coordinar y ejecutar la <strong>gesti\u00f3n de centros educativos para la atenci\u00f3n integral a la primera infancia<\/strong> de manera <strong>eficiente<\/strong> y con <strong>altos est\u00e1ndares de calidad<\/strong>.<\/span><\/p>\n<p style=\"text-align: justify\"><span style=\"color: #ffffff\">Fundamentada en enfoques pedag\u00f3gicos contempor\u00e1neos de la educaci\u00f3n inicial potencia, de manera intencionada, el desarrollo integral de ni\u00f1as y ni\u00f1os desde su nacimiento hasta los cinco a\u00f1os. Parte del reconocimiento de las caracter\u00edsticas y particularidades de los contextos en que viven las ni\u00f1as y ni\u00f1os para favorecer interacciones que se generan ambientes y experiencias pedag\u00f3gicas enriquecidas a trav\u00e9s de pr\u00e1cticas de cuidado.<\/span><\/p>\n<p style=\"text-align: justify\"><span style=\"color: #ffffff\">El trabajo pedag\u00f3gico parte de los intereses, inquietudes, capacidades y saberes de ni\u00f1as y ni\u00f1os, ofrece experiencias retadoras que impulsan su desarrollo y utiliza el disfrute del juego, el arte y la lectura para que exploren su medio y fortalezcan sus capacidades. Se vincula estrat\u00e9gicamente con Secretar\u00edas de Educaci\u00f3n, Entidades Territoriales y el ICBF.<\/span><\/p>\n<p>[\/vc_column_text][\/vc_column][\/vc_row][vc_row full_width=\u00bbstretch_row\u00bb css=\u00bb.vc_custom_1636234693561{background-color: rgba(10,10,10,0.7) !important;*background-color: rgb(10,10,10) !important;}\u00bb][vc_column]<div style=\"background-color:;height: 50px\" class=\"nicdark_section  \"><\/div>[\/vc_column][\/vc_row][vc_row full_width=\u00bbstretch_row\u00bb css=\u00bb.vc_custom_1636234768440{background-color: rgba(191,186,167,0.5) !important;*background-color: rgb(191,186,167) !important;}\u00bb][vc_column]<div style=\"background-color:;height: 50px\" class=\"nicdark_section  \"><\/div>[\/vc_column][\/vc_row][vc_row full_width=\u00bbstretch_row\u00bb content_placement=\u00bbmiddle\u00bb css=\u00bb.vc_custom_1636184803217{background-color: rgba(191,186,167,0.5) !important;*background-color: rgb(191,186,167) !important;}\u00bb][vc_column width=\u00bb1\/2&#8243; el_id=\u00bbforfamilias\u00bb][vc_single_image image=\u00bb2742&#8243; img_size=\u00bbfull\u00bb el_id=\u00bbforfamilias\u00bb][\/vc_column][vc_column width=\u00bb1\/2&#8243;][vc_column_text]<\/p>\n<h2 style=\"text-align: center\"><span style=\"color: #000000\"><strong>Tejiendo Horizontes de Vida Familiar<\/strong><\/span><\/h2>\n<h4 style=\"text-align: center\"><span style=\"color: #000000\"><strong>Programa de formaci\u00f3n de familias<\/strong><\/span><\/h4>\n<p style=\"text-align: justify\"><strong>Tejiendo Horizontes de Vida Familiar <\/strong>es una herramienta formaci\u00f3n preventiva que enfrenta los riesgos a los que las familias est\u00e1n expuestas en la vida diaria y una estrategia para enriquecer los proyectos de la vida familiar, construida con todos los miembros den entorno escolar en un ejercicio de di\u00e1logo reflexivo permanente. Su esquema modular, con enfoque de educaci\u00f3n a distancia, permite su implementaci\u00f3n de acuerdo con las necesidades formativas de las familias y del contexto del centro infantil.<\/p>\n<p><strong>\u00a0<\/strong><\/p>\n<p>As\u00ed nos comprometemos con la calidad de la educaci\u00f3n p\u00fablica de la primera infancia para construir justicia social estructural para todas y todos.<\/p>\n<h2 style=\"text-align: center\"><\/h2>\n<p>[\/vc_column_text][\/vc_column][\/vc_row][vc_row full_width=\u00bbstretch_row\u00bb css=\u00bb.vc_custom_1636234824138{background-color: rgba(191,186,167,0.5) !important;*background-color: rgb(191,186,167) !important;}\u00bb][vc_column]<div style=\"background-color:;height: 50px\" class=\"nicdark_section  \"><\/div>[\/vc_column][\/vc_row][vc_row full_width=\u00bbstretch_row\u00bb css=\u00bb.vc_custom_1636234858624{background-color: rgba(191,186,167,0.8) !important;*background-color: rgb(191,186,167) !important;}\u00bb][vc_column]<div style=\"background-color:;height: 50px\" class=\"nicdark_section  \"><\/div>[\/vc_column][\/vc_row][vc_row full_width=\u00bbstretch_row\u00bb content_placement=\u00bbmiddle\u00bb css=\u00bb.vc_custom_1636235186674{background-color: rgba(191,186,167,0.8) !important;*background-color: rgb(191,186,167) !important;}\u00bb][vc_column width=\u00bb1\/2&#8243;][vc_column_text]<\/p>\n<h2 style=\"text-align: center\"><span style=\"color: #000000\"><strong>Sentidos y Horizontes de la Educaci\u00f3n Inicial<\/strong><\/span><\/h2>\n<h4 style=\"text-align: center\"><span style=\"color: #000000\"><strong>Propuesta Educativa para la Primera Infancia<\/strong><\/span><\/h4>\n<p><strong>\u00a0<\/strong><\/p>\n<p style=\"text-align: justify\"><strong>Sentidos y Horizontes de la Educaci\u00f3n Inicial<\/strong> orienta la acci\u00f3n educativa que se adelanta en los centros infantiles y opta por una propuesta innovadora y espec\u00edfica de educaci\u00f3n inicial que integra las pol\u00edticas y normas vigentes en Colombia. Esta propuesta promueve capacidades y competencias que le permiten a ni\u00f1as y ni\u00f1os crecer y desarrollarse plenamente, para transformar y mejorar sus vidas. Ofrecemos educaci\u00f3n y atenci\u00f3n integral de calidad a ni\u00f1as y ni\u00f1os de las poblaciones m\u00e1s vulnerables del pa\u00eds.<\/p>\n<p style=\"text-align: justify\">As\u00ed nos comprometemos con la calidad de la educaci\u00f3n p\u00fablica de la primera infancia para construir justicia social estructural para todas y todos.<\/p>\n<p>[\/vc_column_text][\/vc_column][vc_column width=\u00bb1\/2&#8243;][vc_single_image image=\u00bb2684&#8243; img_size=\u00bblarge\u00bb][\/vc_column][\/vc_row][vc_row full_width=\u00bbstretch_row\u00bb css=\u00bb.vc_custom_1636234883273{background-color: rgba(191,186,167,0.8) !important;*background-color: rgb(191,186,167) !important;}\u00bb][vc_column]<div style=\"background-color:;height: 50px\" class=\"nicdark_section  \"><\/div>[\/vc_column][\/vc_row][vc_row full_width=\u00bbstretch_row\u00bb css=\u00bb.vc_custom_1636234981876{background-color: rgba(191,186,167,0.5) !important;*background-color: rgb(191,186,167) !important;}\u00bb][vc_column]<div style=\"background-color:;height: 50px\" class=\"nicdark_section  \"><\/div>[\/vc_column][\/vc_row][vc_row full_width=\u00bbstretch_row\u00bb content_placement=\u00bbmiddle\u00bb css=\u00bb.vc_custom_1636184859017{background-color: rgba(191,186,167,0.5) !important;*background-color: rgb(191,186,167) !important;}\u00bb][vc_column width=\u00bb1\/2&#8243;][vc_single_image image=\u00bb2856&#8243; img_size=\u00bbfull\u00bb][\/vc_column][vc_column width=\u00bb1\/2&#8243;][vc_column_text]<\/p>\n<h2 style=\"text-align: center\"><span style=\"color: #000000\"><strong><span style=\"color: #000000\">Sistema de Mejora de la Calidad Educativa para la Primera Infancia<\/span> <\/strong><\/span><\/h2>\n<p><strong><em>\u00a0<\/em><\/strong><\/p>\n<p><strong>\u00a0<\/strong><\/p>\n<p style=\"text-align: justify\">El <strong>Sistema de Mejora de la Calidad Educativa para la Primera Infancia <\/strong>entiende la educaci\u00f3n de calidad como la formaci\u00f3n integral de la persona que potencia todas sus dimensiones para mejorar la calidad de vida individual y colectiva. La implementaci\u00f3n del sistema en los centros infantiles compromete a la comunidad educativa para que, ajust\u00e1ndose a los contextos y necesidades, promueva la universalizaci\u00f3n de la garant\u00eda y acceso a derechos y servicios integrales de atenci\u00f3n a la primera infancia.<\/p>\n<p style=\"text-align: justify\">As\u00ed nos comprometemos con la calidad de la educaci\u00f3n p\u00fablica de la primera infancia para construir justicia social estructural para todas y todos.<\/p>\n<p><strong>\u00a0<\/strong><\/p>\n<h2 style=\"text-align: center\"><\/h2>\n<p>[\/vc_column_text][\/vc_column][\/vc_row][vc_row full_width=\u00bbstretch_row\u00bb css=\u00bb.vc_custom_1636234933138{background-color: rgba(191,186,167,0.5) !important;*background-color: rgb(191,186,167) !important;}\u00bb][vc_column]<div style=\"background-color:;height: 50px\" class=\"nicdark_section  \"><\/div>[\/vc_column][\/vc_row]<\/p>\n<\/div>","protected":false},"excerpt":{"rendered":"<p>[vc_row full_width=\u00bbstretch_row\u00bb css=\u00bb.vc_custom_1636234587026{background-color: rgba(10,10,10,0.7) !important;*background-color: rgb(10,10,10) !important;}\u00bb][vc_column][\/vc_column][\/vc_row][vc_row full_width=\u00bbstretch_row\u00bb css=\u00bb.vc_custom_1636234464007{background-color: rgba(10,10,10,0.7) !important;*background-color: rgb(10,10,10) !important;}\u00bb][vc_column][vc_column_text] Gesti\u00f3n y Administraci\u00f3n de Centros Educativos [\/vc_column_text][\/vc_column][\/vc_row][vc_row full_width=\u00bbstretch_row\u00bb css=\u00bb.vc_custom_1635385565777{background-color: rgba(10,10,10,0.7) !important;*background-color: rgb(10,10,10) !important;}\u00bb][vc_column width=\u00bb1\/4&#8243;][vc_single_image image=\u00bb1850&#8243; img_size=\u00bblarge\u00bb alignment=\u00bbcenter\u00bb style=\u00bbvc_box_shadow_circle_2&#8243;][\/vc_column][vc_column width=\u00bb3\/4&#8243;][vc_column_text] Servicio Misional encargado de acompa\u00f1ar y garantizar que los Centros Educativos cumplan con las exigencias estipuladas por las contrataciones con el Estado para<\/p>\n","protected":false},"author":19,"featured_media":0,"parent":0,"menu_order":0,"comment_status":"closed","ping_status":"closed","template":"","meta":{"_acf_changed":false,"footnotes":""},"folder":[],"class_list":["post-804","page","type-page","status-publish","hentry"],"acf":[],"yoast_head":"<!-- This site is optimized with the Yoast SEO plugin v27.2 - https:\/\/yoast.com\/product\/yoast-seo-wordpress\/ -->\n<title>Gesti\u00f3n y Administraci\u00f3n de Centros Educativos - #SomosFeyAlegria en Colombia<\/title>\n<meta name=\"robots\" content=\"index, follow, max-snippet:-1, max-image-preview:large, max-video-preview:-1\" \/>\n<link rel=\"canonical\" href=\"https:\/\/www.feyalegria.org\/colombia\/gestion-y-administracion-de-centros-educativos\/\" \/>\n<meta property=\"og:locale\" content=\"es_ES\" \/>\n<meta property=\"og:type\" content=\"article\" \/>\n<meta property=\"og:title\" content=\"Gesti\u00f3n y Administraci\u00f3n de Centros Educativos - #SomosFeyAlegria en Colombia\" \/>\n<meta property=\"og:description\" content=\"[vc_row full_width=\u00bbstretch_row\u00bb css=\u00bb.vc_custom_1636234587026{background-color: rgba(10,10,10,0.7) !important;*background-color: rgb(10,10,10) !important;}\u00bb][vc_column][\/vc_column][\/vc_row][vc_row full_width=\u00bbstretch_row\u00bb css=\u00bb.vc_custom_1636234464007{background-color: rgba(10,10,10,0.7) !important;*background-color: rgb(10,10,10) !important;}\u00bb][vc_column][vc_column_text] Gesti\u00f3n y Administraci\u00f3n de Centros Educativos [\/vc_column_text][\/vc_column][\/vc_row][vc_row full_width=\u00bbstretch_row\u00bb css=\u00bb.vc_custom_1635385565777{background-color: rgba(10,10,10,0.7) !important;*background-color: rgb(10,10,10) !important;}\u00bb][vc_column width=\u00bb1\/4&#8243;][vc_single_image image=\u00bb1850&#8243; img_size=\u00bblarge\u00bb alignment=\u00bbcenter\u00bb style=\u00bbvc_box_shadow_circle_2&#8243;][\/vc_column][vc_column width=\u00bb3\/4&#8243;][vc_column_text] Servicio Misional encargado de acompa\u00f1ar y garantizar que los Centros Educativos cumplan con las exigencias estipuladas por las contrataciones con el Estado para\" \/>\n<meta property=\"og:url\" content=\"https:\/\/www.feyalegria.org\/colombia\/gestion-y-administracion-de-centros-educativos\/\" \/>\n<meta property=\"og:site_name\" content=\"#SomosFeyAlegria en Colombia\" \/>\n<meta property=\"article:modified_time\" content=\"2022-10-13T22:15:14+00:00\" \/>\n<meta name=\"twitter:card\" content=\"summary_large_image\" \/>\n<meta name=\"twitter:label1\" content=\"Tiempo de lectura\" \/>\n\t<meta name=\"twitter:data1\" content=\"7 minutos\" \/>\n<script type=\"application\/ld+json\" class=\"yoast-schema-graph\">{\"@context\":\"https:\/\/schema.org\",\"@graph\":[{\"@type\":\"WebPage\",\"@id\":\"https:\/\/www.feyalegria.org\/colombia\/gestion-y-administracion-de-centros-educativos\/\",\"url\":\"https:\/\/www.feyalegria.org\/colombia\/gestion-y-administracion-de-centros-educativos\/\",\"name\":\"Gesti\u00f3n y Administraci\u00f3n de Centros Educativos - #SomosFeyAlegria en Colombia\",\"isPartOf\":{\"@id\":\"https:\/\/www.feyalegria.org\/colombia\/#website\"},\"datePublished\":\"2020-07-17T16:23:15+00:00\",\"dateModified\":\"2022-10-13T22:15:14+00:00\",\"breadcrumb\":{\"@id\":\"https:\/\/www.feyalegria.org\/colombia\/gestion-y-administracion-de-centros-educativos\/#breadcrumb\"},\"inLanguage\":\"es\",\"potentialAction\":[{\"@type\":\"ReadAction\",\"target\":[\"https:\/\/www.feyalegria.org\/colombia\/gestion-y-administracion-de-centros-educativos\/\"]}]},{\"@type\":\"BreadcrumbList\",\"@id\":\"https:\/\/www.feyalegria.org\/colombia\/gestion-y-administracion-de-centros-educativos\/#breadcrumb\",\"itemListElement\":[{\"@type\":\"ListItem\",\"position\":1,\"name\":\"Home\",\"item\":\"https:\/\/www.feyalegria.org\/colombia\/\"},{\"@type\":\"ListItem\",\"position\":2,\"name\":\"Gesti\u00f3n y Administraci\u00f3n de Centros Educativos\"}]},{\"@type\":\"WebSite\",\"@id\":\"https:\/\/www.feyalegria.org\/colombia\/#website\",\"url\":\"https:\/\/www.feyalegria.org\/colombia\/\",\"name\":\"#SomosFeyAlegria en Colombia\",\"description\":\"Movimiento de Educaci\u00f3n Popular y Promoci\u00f3n Social\",\"potentialAction\":[{\"@type\":\"SearchAction\",\"target\":{\"@type\":\"EntryPoint\",\"urlTemplate\":\"https:\/\/www.feyalegria.org\/colombia\/?s={search_term_string}\"},\"query-input\":{\"@type\":\"PropertyValueSpecification\",\"valueRequired\":true,\"valueName\":\"search_term_string\"}}],\"inLanguage\":\"es\"}]}<\/script>\n<!-- \/ Yoast SEO plugin. -->","yoast_head_json":{"title":"Gesti\u00f3n y Administraci\u00f3n de Centros Educativos - #SomosFeyAlegria en Colombia","robots":{"index":"index","follow":"follow","max-snippet":"max-snippet:-1","max-image-preview":"max-image-preview:large","max-video-preview":"max-video-preview:-1"},"canonical":"https:\/\/www.feyalegria.org\/colombia\/gestion-y-administracion-de-centros-educativos\/","og_locale":"es_ES","og_type":"article","og_title":"Gesti\u00f3n y Administraci\u00f3n de Centros Educativos - #SomosFeyAlegria en Colombia","og_description":"[vc_row full_width=\u00bbstretch_row\u00bb css=\u00bb.vc_custom_1636234587026{background-color: rgba(10,10,10,0.7) !important;*background-color: rgb(10,10,10) !important;}\u00bb][vc_column][\/vc_column][\/vc_row][vc_row full_width=\u00bbstretch_row\u00bb css=\u00bb.vc_custom_1636234464007{background-color: rgba(10,10,10,0.7) !important;*background-color: rgb(10,10,10) !important;}\u00bb][vc_column][vc_column_text] Gesti\u00f3n y Administraci\u00f3n de Centros Educativos [\/vc_column_text][\/vc_column][\/vc_row][vc_row full_width=\u00bbstretch_row\u00bb css=\u00bb.vc_custom_1635385565777{background-color: rgba(10,10,10,0.7) !important;*background-color: rgb(10,10,10) !important;}\u00bb][vc_column width=\u00bb1\/4&#8243;][vc_single_image image=\u00bb1850&#8243; img_size=\u00bblarge\u00bb alignment=\u00bbcenter\u00bb style=\u00bbvc_box_shadow_circle_2&#8243;][\/vc_column][vc_column width=\u00bb3\/4&#8243;][vc_column_text] Servicio Misional encargado de acompa\u00f1ar y garantizar que los Centros Educativos cumplan con las exigencias estipuladas por las contrataciones con el Estado para","og_url":"https:\/\/www.feyalegria.org\/colombia\/gestion-y-administracion-de-centros-educativos\/","og_site_name":"#SomosFeyAlegria en Colombia","article_modified_time":"2022-10-13T22:15:14+00:00","twitter_card":"summary_large_image","twitter_misc":{"Tiempo de lectura":"7 minutos"},"schema":{"@context":"https:\/\/schema.org","@graph":[{"@type":"WebPage","@id":"https:\/\/www.feyalegria.org\/colombia\/gestion-y-administracion-de-centros-educativos\/","url":"https:\/\/www.feyalegria.org\/colombia\/gestion-y-administracion-de-centros-educativos\/","name":"Gesti\u00f3n y Administraci\u00f3n de Centros Educativos - #SomosFeyAlegria en Colombia","isPartOf":{"@id":"https:\/\/www.feyalegria.org\/colombia\/#website"},"datePublished":"2020-07-17T16:23:15+00:00","dateModified":"2022-10-13T22:15:14+00:00","breadcrumb":{"@id":"https:\/\/www.feyalegria.org\/colombia\/gestion-y-administracion-de-centros-educativos\/#breadcrumb"},"inLanguage":"es","potentialAction":[{"@type":"ReadAction","target":["https:\/\/www.feyalegria.org\/colombia\/gestion-y-administracion-de-centros-educativos\/"]}]},{"@type":"BreadcrumbList","@id":"https:\/\/www.feyalegria.org\/colombia\/gestion-y-administracion-de-centros-educativos\/#breadcrumb","itemListElement":[{"@type":"ListItem","position":1,"name":"Home","item":"https:\/\/www.feyalegria.org\/colombia\/"},{"@type":"ListItem","position":2,"name":"Gesti\u00f3n y Administraci\u00f3n de Centros Educativos"}]},{"@type":"WebSite","@id":"https:\/\/www.feyalegria.org\/colombia\/#website","url":"https:\/\/www.feyalegria.org\/colombia\/","name":"#SomosFeyAlegria en Colombia","description":"Movimiento de Educaci\u00f3n Popular y Promoci\u00f3n Social","potentialAction":[{"@type":"SearchAction","target":{"@type":"EntryPoint","urlTemplate":"https:\/\/www.feyalegria.org\/colombia\/?s={search_term_string}"},"query-input":{"@type":"PropertyValueSpecification","valueRequired":true,"valueName":"search_term_string"}}],"inLanguage":"es"}]}},"_links":{"self":[{"href":"https:\/\/www.feyalegria.org\/colombia\/wp-json\/wp\/v2\/pages\/804","targetHints":{"allow":["GET"]}}],"collection":[{"href":"https:\/\/www.feyalegria.org\/colombia\/wp-json\/wp\/v2\/pages"}],"about":[{"href":"https:\/\/www.feyalegria.org\/colombia\/wp-json\/wp\/v2\/types\/page"}],"author":[{"embeddable":true,"href":"https:\/\/www.feyalegria.org\/colombia\/wp-json\/wp\/v2\/users\/19"}],"replies":[{"embeddable":true,"href":"https:\/\/www.feyalegria.org\/colombia\/wp-json\/wp\/v2\/comments?post=804"}],"version-history":[{"count":0,"href":"https:\/\/www.feyalegria.org\/colombia\/wp-json\/wp\/v2\/pages\/804\/revisions"}],"wp:attachment":[{"href":"https:\/\/www.feyalegria.org\/colombia\/wp-json\/wp\/v2\/media?parent=804"}],"wp:term":[{"taxonomy":"folder","embeddable":true,"href":"https:\/\/www.feyalegria.org\/colombia\/wp-json\/wp\/v2\/folder?post=804"}],"curies":[{"name":"wp","href":"https:\/\/api.w.org\/{rel}","templated":true}]}}