 {"id":824,"date":"2020-07-18T17:18:03","date_gmt":"2020-07-18T22:18:03","guid":{"rendered":"https:\/\/www.feyalegria.org\/colombia\/?page_id=824"},"modified":"2023-02-01T10:49:28","modified_gmt":"2023-02-01T15:49:28","slug":"oficina-nacional","status":"publish","type":"page","link":"https:\/\/www.feyalegria.org\/colombia\/oficina-nacional\/","title":{"rendered":"Oficina Nacional"},"content":{"rendered":"<div class=\"wpb-content-wrapper\"><p>[vc_row][vc_column]\n\t\t\t<!-- START Banner Oficina Nacional REVOLUTION SLIDER 6.7.40 --><p class=\"rs-p-wp-fix\"><\/p>\n\t\t\t<rs-module-wrap id=\"rev_slider_10_1_wrapper\" data-source=\"gallery\" style=\"visibility:hidden;background:transparent;padding:0;margin:0px auto;margin-top:0;margin-bottom:0;\">\n\t\t\t\t<rs-module id=\"rev_slider_10_1\" style=\"\" data-version=\"6.7.40\">\n\t\t\t\t\t<rs-slides style=\"overflow: hidden; position: absolute;\">\n\t\t\t\t\t\t<rs-slide style=\"position: absolute;\" data-key=\"rs-54\" data-title=\"Slide\" data-anim=\"adpr:false;ms:10;\" data-in=\"o:1;\" data-out=\"a:false;\" data-mediafilter=\"lofi\">\n\t\t\t\t\t\t\t<img decoding=\"async\" src=\"\/\/www.feyalegria.org\/colombia\/wp-content\/plugins\/revslider\/sr6\/assets\/assets\/dummy.png\" alt=\"BANNER NACIONAL\" title=\"BANNER NACIONAL 1240X500\" width=\"1240\" height=\"500\" class=\"rev-slidebg tp-rs-img rs-lazyload\" data-lazyload=\"\/\/d3pugrm67vf9n7.cloudfront.net\/wp-content\/uploads\/sites\/12\/2023\/01\/31174448\/BANNER-NACIONAL-1240X500.jpg\" data-bg=\"p:center bottom;\" data-no-retina>\n<!--\n\t\t\t\t\t\t\t--><h2\n\t\t\t\t\t\t\t\tid=\"slider-10-slide-54-layer-0\" \n\t\t\t\t\t\t\t\tclass=\"rs-layer\"\n\t\t\t\t\t\t\t\tdata-type=\"text\"\n\t\t\t\t\t\t\t\tdata-color=\"#fff\"\n\t\t\t\t\t\t\t\tdata-rsp_ch=\"on\"\n\t\t\t\t\t\t\t\tdata-xy=\"xo:4px,4px,3px,1px;yo:209px,209px,158px,97px;\"\n\t\t\t\t\t\t\t\tdata-text=\"w:normal;s:36,36,27,16;l:40,40,30,18;ls:1,1,0,0;fw:500;\"\n\t\t\t\t\t\t\t\tdata-dim=\"minh:0px,none,none,none;\"\n\t\t\t\t\t\t\t\tdata-frame_999=\"o:0;st:w;\"\n\t\t\t\t\t\t\t\tstyle=\"z-index:8;font-family:'Roboto';\"\n\t\t\t\t\t\t\t>Estamos  en <br \/>\n \n\t\t\t\t\t\t\t<\/h2><!--\n\n\t\t\t\t\t\t\t--><h1\n\t\t\t\t\t\t\t\tid=\"slider-10-slide-54-layer-1\" \n\t\t\t\t\t\t\t\tclass=\"rs-layer\"\n\t\t\t\t\t\t\t\tdata-type=\"text\"\n\t\t\t\t\t\t\t\tdata-color=\"#fff\"\n\t\t\t\t\t\t\t\tdata-rsp_ch=\"on\"\n\t\t\t\t\t\t\t\tdata-xy=\"xo:4px,4px,3px,1px;yo:250px,250px,189px,116px;\"\n\t\t\t\t\t\t\t\tdata-text=\"w:normal;s:56,56,42,25;l:70,70,53,32;fw:900;\"\n\t\t\t\t\t\t\t\tdata-dim=\"minh:0,none,none,none;\"\n\t\t\t\t\t\t\t\tdata-frame_999=\"o:0;st:w;\"\n\t\t\t\t\t\t\t\tstyle=\"z-index:9;font-family:'Roboto';text-transform:uppercase;\"\n\t\t\t\t\t\t\t>Colombia \n\t\t\t\t\t\t\t<\/h1><!--\n-->\t\t\t\t\t<\/rs-slide>\n\t\t\t\t\t<\/rs-slides>\n\t\t\t\t\t<rs-static-layers><!--\n\t\t\t\t\t--><\/rs-static-layers>\n\t\t\t\t<\/rs-module>\n\t\t\t\t<script>\n\t\t\t\t\tsetREVStartSize({c: 'rev_slider_10_1',rl:[1240,1024,778,480],el:[500,768,960,720],gw:[1024,1024,778,480],gh:[500,500,960,720],type:'standard',justify:'',layout:'fullwidth',mh:\"0\"});if (window.RS_MODULES!==undefined && window.RS_MODULES.modules!==undefined && window.RS_MODULES.modules[\"revslider101\"]!==undefined) {window.RS_MODULES.modules[\"revslider101\"].once = false;window.revapi10 = undefined;if (window.RS_MODULES.checkMinimal!==undefined) window.RS_MODULES.checkMinimal()}\n\t\t\t\t<\/script>\n\t\t\t<\/rs-module-wrap>\n\t\t\t<!-- END REVOLUTION SLIDER -->\n[\/vc_column][\/vc_row][vc_row][vc_column]<div style=\"background-color:;height: 50px\" class=\"nicdark_section  \"><\/div>[\/vc_column][\/vc_row][vc_row][vc_column width=\u00bb1\/6&#8243; url=\u00bburl:https%3A%2F%2Fwww.feyalegria.org%2Fcolombia%2Fregional-caribe%2F|title:Regional%20Caribe|target:_blank\u00bb enable_sticky=\u00bbtrue\u00bb sticky_offset=\u00bb0&#8243; alignment=\u00bbcenter\u00bb]<div data-id=\"mpc_button-7269de666dbc9cc\" class=\"mpc-button mpc-init mpc-transition mpc-typography--default \" ><div class=\"mpc-button__content mpc-effect-type--none mpc-effect-side--none\"><span class=\"mpc-button__title mpc-transition\">Regional Caribe<\/span><\/div><div class=\"mpc-button__background mpc-transition mpc-effect-type--fade mpc-effect-side--in\"><\/div><\/div>[\/vc_column][vc_column width=\u00bb1\/6&#8243; url=\u00bburl:https%3A%2F%2Fwww.feyalegria.org%2Fcolombia%2Fregional-antioquia%2F|title:Regional%20Antioquia|target:_blank\u00bb enable_sticky=\u00bbtrue\u00bb sticky_offset=\u00bb0&#8243; alignment=\u00bbcenter\u00bb]<div data-id=\"mpc_button-3569de666dbca6c\" class=\"mpc-button mpc-init mpc-transition mpc-typography--default mpc-display--block \" ><div class=\"mpc-button__content mpc-effect-type--none mpc-effect-side--none\"><span class=\"mpc-button__title mpc-transition\">Regional Antioquia Eje Cafetero<\/span><\/div><div class=\"mpc-button__background mpc-transition mpc-effect-type--fade mpc-effect-side--in\"><\/div><\/div>[\/vc_column][vc_column width=\u00bb1\/6&#8243; url=\u00bburl:https%3A%2F%2Fwww.feyalegria.org%2Fcolombia%2Fregional-bogota-tolima%2F|title:Regional%20Bogot%C3%A1%20Tolima|target:_blank\u00bb enable_sticky=\u00bbtrue\u00bb sticky_offset=\u00bb0&#8243; alignment=\u00bbcenter\u00bb]<div data-id=\"mpc_button-269de666dbcae7\" class=\"mpc-button mpc-init mpc-transition mpc-typography--default mpc-display--block \" ><div class=\"mpc-button__content mpc-effect-type--none mpc-effect-side--none\"><span class=\"mpc-button__title mpc-transition\">Regional Bogot\u00e1 Tolima<\/span><\/div><div class=\"mpc-button__background mpc-transition mpc-effect-type--fade mpc-effect-side--in\"><\/div><\/div>[\/vc_column][vc_column width=\u00bb1\/6&#8243; url=\u00bburl:https%3A%2F%2Fwww.feyalegria.org%2Fcolombia%2Fregional-pacifico%2F|title:Regional%20Pac%C3%ADfico|target:_blank\u00bb enable_sticky=\u00bbtrue\u00bb sticky_offset=\u00bb0&#8243; alignment=\u00bbcenter\u00bb]<div data-id=\"mpc_button-6069de666dbcb5e\" class=\"mpc-button mpc-init mpc-transition mpc-typography--default mpc-display--block \" ><div class=\"mpc-button__content mpc-effect-type--none mpc-effect-side--none\"><span class=\"mpc-button__title mpc-transition\">Regional Pac\u00edfico<\/span><\/div><div class=\"mpc-button__background mpc-transition mpc-effect-type--fade mpc-effect-side--in\"><\/div><\/div>[\/vc_column][vc_column width=\u00bb1\/6&#8243; url=\u00bburl:https%3A%2F%2Fwww.feyalegria.org%2Fcolombia%2Fregional-oriente%2F|title:Regional%20Oriente|target:_blank\u00bb enable_sticky=\u00bbtrue\u00bb sticky_offset=\u00bb0&#8243; alignment=\u00bbcenter\u00bb]<div data-id=\"mpc_button-1569de666dbcbd4\" class=\"mpc-button mpc-init mpc-transition mpc-typography--default mpc-display--block \" ><div class=\"mpc-button__content mpc-effect-type--none mpc-effect-side--none\"><span class=\"mpc-button__title mpc-transition\">Regional Oriente<\/span><\/div><div class=\"mpc-button__background mpc-transition mpc-effect-type--fade mpc-effect-side--in\"><\/div><\/div>[\/vc_column][vc_column width=\u00bb1\/6&#8243; url=\u00bburl:https%3A%2F%2Fwww.feyalegria.org%2Fcolombia%2Fmapa-presencia-fe-y-alegria%2F|title:Mapa%20Presencia%20Fe%20y%20Alegr%C3%ADa%20|target:_blank\u00bb enable_sticky=\u00bbtrue\u00bb sticky_offset=\u00bb0&#8243;]<div data-id=\"mpc_button-4169de666dbcc47\" class=\"mpc-button mpc-init mpc-transition mpc-typography--default mpc-display--block \" ><div class=\"mpc-button__content mpc-effect-type--none mpc-effect-side--none\"><span class=\"mpc-button__title mpc-transition\">Mapa Presencia Fe y Alegr\u00eda<\/span><\/div><div class=\"mpc-button__background mpc-transition mpc-effect-type--fade mpc-effect-side--in\"><\/div><\/div>[\/vc_column][\/vc_row][vc_row][vc_column][vc_separator][vc_column_text]<\/p>\n<p align=\"justify\">Fe y Alegr\u00eda hace presencia en <strong>17 departamentos<\/strong> del territorio nacional y agrupa su acci\u00f3n estrat\u00e9gica en <strong>5 regionales. <\/strong><\/p>\n<p>[\/vc_column_text][\/vc_column][\/vc_row][vc_row][vc_column width=\u00bb3\/4&#8243;][vc_gmaps link=\u00bb#E-8_JTNDaWZyYW1lJTIwc3JjJTNEJTIyaHR0cHMlM0ElMkYlMkZ3d3cuZ29vZ2xlLmNvbSUyRm1hcHMlMkZlbWJlZCUzRnBiJTNEJTIxMW0xOCUyMTFtMTIlMjExbTMlMjExZDM5NzYuODQ4ODM3MDQzNjc1JTIxMmQtNzQuMDY2OTIyNTg1MjM3OTMlMjEzZDQuNjIxMDQ0MTk2NjQzMDY3NSUyMTJtMyUyMTFmMCUyMTJmMCUyMTNmMCUyMTNtMiUyMTFpMTAyNCUyMTJpNzY4JTIxNGYxMy4xJTIxM20zJTIxMW0yJTIxMXMweDhlM2Y5OThmNTA4ZDg3MTclMjUzQTB4NTgxMzE0OTU0YTAzMTBkYiUyMTJ6UTNKaExpQTFJQ016TkMwek9Td2dVMkZ1ZEdFZ1JzT3BMQ0JDYjJkdmRNT2glMjE1ZTAlMjEzbTIlMjExc2VzJTIxMnNjbyUyMTR2MTYwNjM1NzQ3MjgxMCUyMTVtMiUyMTFzZXMlMjEyc2NvJTIyJTIwd2lkdGglM0QlMjI2MDAlMjIlMjBoZWlnaHQlM0QlMjI0NTAlMjIlMjBmcmFtZWJvcmRlciUzRCUyMjAlMjIlMjBzdHlsZSUzRCUyMmJvcmRlciUzQTAlM0IlMjIlMjBhbGxvd2Z1bGxzY3JlZW4lM0QlMjIlMjIlMjBhcmlhLWhpZGRlbiUzRCUyMmZhbHNlJTIyJTIwdGFiaW5kZXglM0QlMjIwJTIyJTNFJTNDJTJGaWZyYW1lJTNF\u00bb][\/vc_column][vc_column width=\u00bb1\/4&#8243;][vc_single_image image=\u00bb2037&#8243; img_size=\u00bbfull\u00bb alignment=\u00bbcenter\u00bb style=\u00bbvc_box_rounded\u00bb] <h2 style=\"color:#aa0f16;padding:px;text-align:;font-size:25px;line-height:40px;letter-spacing: 1px;font-weight:bold\" class=\"   nd_options_first_font \">Oficina Nacional<\/h2> <div id=\"mpc_textblock-8169de666dbce06\" class=\"mpc-textblock mpc-init mpc-typography--default \"><p><strong>Director:<\/strong> Juan Manuel Montoya Parra, S.J.<br \/>\n<strong>Ubicaci\u00f3n:<\/strong> Cra. 5 n.<sup>o<\/sup> 34-39, Bogot\u00e1 D.C.<br \/>\n<strong>E-mail:<\/strong> dirnal@feyalegria.org.co<br \/>\n<strong>Tel\u00e9fono:<\/strong> (601) 3209360<\/p>\n<\/div>[\/vc_column][\/vc_row][vc_row][vc_column]<div style=\"background-color:;height: 50px\" class=\"nicdark_section  \"><\/div>[\/vc_column][\/vc_row]<\/p>\n<\/div>","protected":false},"excerpt":{"rendered":"<p>[vc_row][vc_column][\/vc_column][\/vc_row][vc_row][vc_column][\/vc_column][\/vc_row][vc_row][vc_column width=\u00bb1\/6&#8243; url=\u00bburl:https%3A%2F%2Fwww.feyalegria.org%2Fcolombia%2Fregional-caribe%2F|title:Regional%20Caribe|target:_blank\u00bb enable_sticky=\u00bbtrue\u00bb sticky_offset=\u00bb0&#8243; alignment=\u00bbcenter\u00bb][\/vc_column][vc_column width=\u00bb1\/6&#8243; url=\u00bburl:https%3A%2F%2Fwww.feyalegria.org%2Fcolombia%2Fregional-antioquia%2F|title:Regional%20Antioquia|target:_blank\u00bb enable_sticky=\u00bbtrue\u00bb sticky_offset=\u00bb0&#8243; alignment=\u00bbcenter\u00bb][\/vc_column][vc_column width=\u00bb1\/6&#8243; url=\u00bburl:https%3A%2F%2Fwww.feyalegria.org%2Fcolombia%2Fregional-bogota-tolima%2F|title:Regional%20Bogot%C3%A1%20Tolima|target:_blank\u00bb enable_sticky=\u00bbtrue\u00bb sticky_offset=\u00bb0&#8243; alignment=\u00bbcenter\u00bb][\/vc_column][vc_column width=\u00bb1\/6&#8243; url=\u00bburl:https%3A%2F%2Fwww.feyalegria.org%2Fcolombia%2Fregional-pacifico%2F|title:Regional%20Pac%C3%ADfico|target:_blank\u00bb enable_sticky=\u00bbtrue\u00bb sticky_offset=\u00bb0&#8243; alignment=\u00bbcenter\u00bb][\/vc_column][vc_column width=\u00bb1\/6&#8243; url=\u00bburl:https%3A%2F%2Fwww.feyalegria.org%2Fcolombia%2Fregional-oriente%2F|title:Regional%20Oriente|target:_blank\u00bb enable_sticky=\u00bbtrue\u00bb sticky_offset=\u00bb0&#8243; alignment=\u00bbcenter\u00bb][\/vc_column][vc_column width=\u00bb1\/6&#8243; url=\u00bburl:https%3A%2F%2Fwww.feyalegria.org%2Fcolombia%2Fmapa-presencia-fe-y-alegria%2F|title:Mapa%20Presencia%20Fe%20y%20Alegr%C3%ADa%20|target:_blank\u00bb enable_sticky=\u00bbtrue\u00bb sticky_offset=\u00bb0&#8243;][\/vc_column][\/vc_row][vc_row][vc_column][vc_separator][vc_column_text] Fe y Alegr\u00eda hace presencia en 17 departamentos del territorio nacional y agrupa su acci\u00f3n estrat\u00e9gica en 5 regionales. [\/vc_column_text][\/vc_column][\/vc_row][vc_row][vc_column width=\u00bb3\/4&#8243;][vc_gmaps link=\u00bb#E-8_JTNDaWZyYW1lJTIwc3JjJTNEJTIyaHR0cHMlM0ElMkYlMkZ3d3cuZ29vZ2xlLmNvbSUyRm1hcHMlMkZlbWJlZCUzRnBiJTNEJTIxMW0xOCUyMTFtMTIlMjExbTMlMjExZDM5NzYuODQ4ODM3MDQzNjc1JTIxMmQtNzQuMDY2OTIyNTg1MjM3OTMlMjEzZDQuNjIxMDQ0MTk2NjQzMDY3NSUyMTJtMyUyMTFmMCUyMTJmMCUyMTNmMCUyMTNtMiUyMTFpMTAyNCUyMTJpNzY4JTIxNGYxMy4xJTIxM20zJTIxMW0yJTIxMXMweDhlM2Y5OThmNTA4ZDg3MTclMjUzQTB4NTgxMzE0OTU0YTAzMTBkYiUyMTJ6UTNKaExpQTFJQ016TkMwek9Td2dVMkZ1ZEdFZ1JzT3BMQ0JDYjJkdmRNT2glMjE1ZTAlMjEzbTIlMjExc2VzJTIxMnNjbyUyMTR2MTYwNjM1NzQ3MjgxMCUyMTVtMiUyMTFzZXMlMjEyc2NvJTIyJTIwd2lkdGglM0QlMjI2MDAlMjIlMjBoZWlnaHQlM0QlMjI0NTAlMjIlMjBmcmFtZWJvcmRlciUzRCUyMjAlMjIlMjBzdHlsZSUzRCUyMmJvcmRlciUzQTAlM0IlMjIlMjBhbGxvd2Z1bGxzY3JlZW4lM0QlMjIlMjIlMjBhcmlhLWhpZGRlbiUzRCUyMmZhbHNlJTIyJTIwdGFiaW5kZXglM0QlMjIwJTIyJTNFJTNDJTJGaWZyYW1lJTNF\u00bb][\/vc_column][vc_column width=\u00bb1\/4&#8243;][vc_single_image image=\u00bb2037&#8243; img_size=\u00bbfull\u00bb<\/p>\n","protected":false},"author":2,"featured_media":0,"parent":0,"menu_order":0,"comment_status":"closed","ping_status":"closed","template":"","meta":{"_acf_changed":false,"footnotes":""},"folder":[],"class_list":["post-824","page","type-page","status-publish","hentry"],"acf":[],"yoast_head":"<!-- This site is optimized with the Yoast SEO plugin v27.2 - https:\/\/yoast.com\/product\/yoast-seo-wordpress\/ -->\n<title>Oficina Nacional - #SomosFeyAlegria en Colombia<\/title>\n<meta name=\"robots\" content=\"index, follow, max-snippet:-1, max-image-preview:large, max-video-preview:-1\" \/>\n<link rel=\"canonical\" href=\"https:\/\/www.feyalegria.org\/colombia\/oficina-nacional\/\" \/>\n<meta property=\"og:locale\" content=\"es_ES\" \/>\n<meta property=\"og:type\" content=\"article\" \/>\n<meta property=\"og:title\" content=\"Oficina Nacional - #SomosFeyAlegria en Colombia\" \/>\n<meta property=\"og:description\" content=\"[vc_row][vc_column][\/vc_column][\/vc_row][vc_row][vc_column][\/vc_column][\/vc_row][vc_row][vc_column width=\u00bb1\/6&#8243; url=\u00bburl:https%3A%2F%2Fwww.feyalegria.org%2Fcolombia%2Fregional-caribe%2F|title:Regional%20Caribe|target:_blank\u00bb enable_sticky=\u00bbtrue\u00bb sticky_offset=\u00bb0&#8243; alignment=\u00bbcenter\u00bb][\/vc_column][vc_column width=\u00bb1\/6&#8243; url=\u00bburl:https%3A%2F%2Fwww.feyalegria.org%2Fcolombia%2Fregional-antioquia%2F|title:Regional%20Antioquia|target:_blank\u00bb enable_sticky=\u00bbtrue\u00bb sticky_offset=\u00bb0&#8243; alignment=\u00bbcenter\u00bb][\/vc_column][vc_column width=\u00bb1\/6&#8243; url=\u00bburl:https%3A%2F%2Fwww.feyalegria.org%2Fcolombia%2Fregional-bogota-tolima%2F|title:Regional%20Bogot%C3%A1%20Tolima|target:_blank\u00bb enable_sticky=\u00bbtrue\u00bb sticky_offset=\u00bb0&#8243; alignment=\u00bbcenter\u00bb][\/vc_column][vc_column width=\u00bb1\/6&#8243; url=\u00bburl:https%3A%2F%2Fwww.feyalegria.org%2Fcolombia%2Fregional-pacifico%2F|title:Regional%20Pac%C3%ADfico|target:_blank\u00bb enable_sticky=\u00bbtrue\u00bb sticky_offset=\u00bb0&#8243; alignment=\u00bbcenter\u00bb][\/vc_column][vc_column width=\u00bb1\/6&#8243; url=\u00bburl:https%3A%2F%2Fwww.feyalegria.org%2Fcolombia%2Fregional-oriente%2F|title:Regional%20Oriente|target:_blank\u00bb enable_sticky=\u00bbtrue\u00bb sticky_offset=\u00bb0&#8243; alignment=\u00bbcenter\u00bb][\/vc_column][vc_column width=\u00bb1\/6&#8243; url=\u00bburl:https%3A%2F%2Fwww.feyalegria.org%2Fcolombia%2Fmapa-presencia-fe-y-alegria%2F|title:Mapa%20Presencia%20Fe%20y%20Alegr%C3%ADa%20|target:_blank\u00bb enable_sticky=\u00bbtrue\u00bb sticky_offset=\u00bb0&#8243;][\/vc_column][\/vc_row][vc_row][vc_column][vc_separator][vc_column_text] Fe y Alegr\u00eda hace presencia en 17 departamentos del territorio nacional y agrupa su acci\u00f3n estrat\u00e9gica en 5 regionales. [\/vc_column_text][\/vc_column][\/vc_row][vc_row][vc_column width=\u00bb3\/4&#8243;][vc_gmaps link=\u00bb#E-8_JTNDaWZyYW1lJTIwc3JjJTNEJTIyaHR0cHMlM0ElMkYlMkZ3d3cuZ29vZ2xlLmNvbSUyRm1hcHMlMkZlbWJlZCUzRnBiJTNEJTIxMW0xOCUyMTFtMTIlMjExbTMlMjExZDM5NzYuODQ4ODM3MDQzNjc1JTIxMmQtNzQuMDY2OTIyNTg1MjM3OTMlMjEzZDQuNjIxMDQ0MTk2NjQzMDY3NSUyMTJtMyUyMTFmMCUyMTJmMCUyMTNmMCUyMTNtMiUyMTFpMTAyNCUyMTJpNzY4JTIxNGYxMy4xJTIxM20zJTIxMW0yJTIxMXMweDhlM2Y5OThmNTA4ZDg3MTclMjUzQTB4NTgxMzE0OTU0YTAzMTBkYiUyMTJ6UTNKaExpQTFJQ016TkMwek9Td2dVMkZ1ZEdFZ1JzT3BMQ0JDYjJkdmRNT2glMjE1ZTAlMjEzbTIlMjExc2VzJTIxMnNjbyUyMTR2MTYwNjM1NzQ3MjgxMCUyMTVtMiUyMTFzZXMlMjEyc2NvJTIyJTIwd2lkdGglM0QlMjI2MDAlMjIlMjBoZWlnaHQlM0QlMjI0NTAlMjIlMjBmcmFtZWJvcmRlciUzRCUyMjAlMjIlMjBzdHlsZSUzRCUyMmJvcmRlciUzQTAlM0IlMjIlMjBhbGxvd2Z1bGxzY3JlZW4lM0QlMjIlMjIlMjBhcmlhLWhpZGRlbiUzRCUyMmZhbHNlJTIyJTIwdGFiaW5kZXglM0QlMjIwJTIyJTNFJTNDJTJGaWZyYW1lJTNF\u00bb][\/vc_column][vc_column width=\u00bb1\/4&#8243;][vc_single_image image=\u00bb2037&#8243; img_size=\u00bbfull\u00bb\" \/>\n<meta property=\"og:url\" content=\"https:\/\/www.feyalegria.org\/colombia\/oficina-nacional\/\" \/>\n<meta property=\"og:site_name\" content=\"#SomosFeyAlegria en Colombia\" \/>\n<meta property=\"article:modified_time\" content=\"2023-02-01T15:49:28+00:00\" \/>\n<meta name=\"twitter:card\" content=\"summary_large_image\" \/>\n<meta name=\"twitter:label1\" content=\"Tiempo de lectura\" \/>\n\t<meta name=\"twitter:data1\" content=\"4 minutos\" \/>\n<script type=\"application\/ld+json\" class=\"yoast-schema-graph\">{\"@context\":\"https:\/\/schema.org\",\"@graph\":[{\"@type\":\"WebPage\",\"@id\":\"https:\/\/www.feyalegria.org\/colombia\/oficina-nacional\/\",\"url\":\"https:\/\/www.feyalegria.org\/colombia\/oficina-nacional\/\",\"name\":\"Oficina Nacional - #SomosFeyAlegria en Colombia\",\"isPartOf\":{\"@id\":\"https:\/\/www.feyalegria.org\/colombia\/#website\"},\"datePublished\":\"2020-07-18T22:18:03+00:00\",\"dateModified\":\"2023-02-01T15:49:28+00:00\",\"breadcrumb\":{\"@id\":\"https:\/\/www.feyalegria.org\/colombia\/oficina-nacional\/#breadcrumb\"},\"inLanguage\":\"es\",\"potentialAction\":[{\"@type\":\"ReadAction\",\"target\":[\"https:\/\/www.feyalegria.org\/colombia\/oficina-nacional\/\"]}]},{\"@type\":\"BreadcrumbList\",\"@id\":\"https:\/\/www.feyalegria.org\/colombia\/oficina-nacional\/#breadcrumb\",\"itemListElement\":[{\"@type\":\"ListItem\",\"position\":1,\"name\":\"Home\",\"item\":\"https:\/\/www.feyalegria.org\/colombia\/\"},{\"@type\":\"ListItem\",\"position\":2,\"name\":\"Oficina Nacional\"}]},{\"@type\":\"WebSite\",\"@id\":\"https:\/\/www.feyalegria.org\/colombia\/#website\",\"url\":\"https:\/\/www.feyalegria.org\/colombia\/\",\"name\":\"#SomosFeyAlegria en Colombia\",\"description\":\"Movimiento de Educaci\u00f3n Popular y Promoci\u00f3n Social\",\"potentialAction\":[{\"@type\":\"SearchAction\",\"target\":{\"@type\":\"EntryPoint\",\"urlTemplate\":\"https:\/\/www.feyalegria.org\/colombia\/?s={search_term_string}\"},\"query-input\":{\"@type\":\"PropertyValueSpecification\",\"valueRequired\":true,\"valueName\":\"search_term_string\"}}],\"inLanguage\":\"es\"}]}<\/script>\n<!-- \/ Yoast SEO plugin. -->","yoast_head_json":{"title":"Oficina Nacional - #SomosFeyAlegria en Colombia","robots":{"index":"index","follow":"follow","max-snippet":"max-snippet:-1","max-image-preview":"max-image-preview:large","max-video-preview":"max-video-preview:-1"},"canonical":"https:\/\/www.feyalegria.org\/colombia\/oficina-nacional\/","og_locale":"es_ES","og_type":"article","og_title":"Oficina Nacional - #SomosFeyAlegria en Colombia","og_description":"[vc_row][vc_column][\/vc_column][\/vc_row][vc_row][vc_column][\/vc_column][\/vc_row][vc_row][vc_column width=\u00bb1\/6&#8243; url=\u00bburl:https%3A%2F%2Fwww.feyalegria.org%2Fcolombia%2Fregional-caribe%2F|title:Regional%20Caribe|target:_blank\u00bb enable_sticky=\u00bbtrue\u00bb sticky_offset=\u00bb0&#8243; alignment=\u00bbcenter\u00bb][\/vc_column][vc_column width=\u00bb1\/6&#8243; url=\u00bburl:https%3A%2F%2Fwww.feyalegria.org%2Fcolombia%2Fregional-antioquia%2F|title:Regional%20Antioquia|target:_blank\u00bb enable_sticky=\u00bbtrue\u00bb sticky_offset=\u00bb0&#8243; alignment=\u00bbcenter\u00bb][\/vc_column][vc_column width=\u00bb1\/6&#8243; url=\u00bburl:https%3A%2F%2Fwww.feyalegria.org%2Fcolombia%2Fregional-bogota-tolima%2F|title:Regional%20Bogot%C3%A1%20Tolima|target:_blank\u00bb enable_sticky=\u00bbtrue\u00bb sticky_offset=\u00bb0&#8243; alignment=\u00bbcenter\u00bb][\/vc_column][vc_column width=\u00bb1\/6&#8243; url=\u00bburl:https%3A%2F%2Fwww.feyalegria.org%2Fcolombia%2Fregional-pacifico%2F|title:Regional%20Pac%C3%ADfico|target:_blank\u00bb enable_sticky=\u00bbtrue\u00bb sticky_offset=\u00bb0&#8243; alignment=\u00bbcenter\u00bb][\/vc_column][vc_column width=\u00bb1\/6&#8243; url=\u00bburl:https%3A%2F%2Fwww.feyalegria.org%2Fcolombia%2Fregional-oriente%2F|title:Regional%20Oriente|target:_blank\u00bb enable_sticky=\u00bbtrue\u00bb sticky_offset=\u00bb0&#8243; alignment=\u00bbcenter\u00bb][\/vc_column][vc_column width=\u00bb1\/6&#8243; url=\u00bburl:https%3A%2F%2Fwww.feyalegria.org%2Fcolombia%2Fmapa-presencia-fe-y-alegria%2F|title:Mapa%20Presencia%20Fe%20y%20Alegr%C3%ADa%20|target:_blank\u00bb enable_sticky=\u00bbtrue\u00bb sticky_offset=\u00bb0&#8243;][\/vc_column][\/vc_row][vc_row][vc_column][vc_separator][vc_column_text] Fe y Alegr\u00eda hace presencia en 17 departamentos del territorio nacional y agrupa su acci\u00f3n estrat\u00e9gica en 5 regionales. [\/vc_column_text][\/vc_column][\/vc_row][vc_row][vc_column width=\u00bb3\/4&#8243;][vc_gmaps link=\u00bb#E-8_JTNDaWZyYW1lJTIwc3JjJTNEJTIyaHR0cHMlM0ElMkYlMkZ3d3cuZ29vZ2xlLmNvbSUyRm1hcHMlMkZlbWJlZCUzRnBiJTNEJTIxMW0xOCUyMTFtMTIlMjExbTMlMjExZDM5NzYuODQ4ODM3MDQzNjc1JTIxMmQtNzQuMDY2OTIyNTg1MjM3OTMlMjEzZDQuNjIxMDQ0MTk2NjQzMDY3NSUyMTJtMyUyMTFmMCUyMTJmMCUyMTNmMCUyMTNtMiUyMTFpMTAyNCUyMTJpNzY4JTIxNGYxMy4xJTIxM20zJTIxMW0yJTIxMXMweDhlM2Y5OThmNTA4ZDg3MTclMjUzQTB4NTgxMzE0OTU0YTAzMTBkYiUyMTJ6UTNKaExpQTFJQ016TkMwek9Td2dVMkZ1ZEdFZ1JzT3BMQ0JDYjJkdmRNT2glMjE1ZTAlMjEzbTIlMjExc2VzJTIxMnNjbyUyMTR2MTYwNjM1NzQ3MjgxMCUyMTVtMiUyMTFzZXMlMjEyc2NvJTIyJTIwd2lkdGglM0QlMjI2MDAlMjIlMjBoZWlnaHQlM0QlMjI0NTAlMjIlMjBmcmFtZWJvcmRlciUzRCUyMjAlMjIlMjBzdHlsZSUzRCUyMmJvcmRlciUzQTAlM0IlMjIlMjBhbGxvd2Z1bGxzY3JlZW4lM0QlMjIlMjIlMjBhcmlhLWhpZGRlbiUzRCUyMmZhbHNlJTIyJTIwdGFiaW5kZXglM0QlMjIwJTIyJTNFJTNDJTJGaWZyYW1lJTNF\u00bb][\/vc_column][vc_column width=\u00bb1\/4&#8243;][vc_single_image image=\u00bb2037&#8243; img_size=\u00bbfull\u00bb","og_url":"https:\/\/www.feyalegria.org\/colombia\/oficina-nacional\/","og_site_name":"#SomosFeyAlegria en Colombia","article_modified_time":"2023-02-01T15:49:28+00:00","twitter_card":"summary_large_image","twitter_misc":{"Tiempo de lectura":"4 minutos"},"schema":{"@context":"https:\/\/schema.org","@graph":[{"@type":"WebPage","@id":"https:\/\/www.feyalegria.org\/colombia\/oficina-nacional\/","url":"https:\/\/www.feyalegria.org\/colombia\/oficina-nacional\/","name":"Oficina Nacional - #SomosFeyAlegria en Colombia","isPartOf":{"@id":"https:\/\/www.feyalegria.org\/colombia\/#website"},"datePublished":"2020-07-18T22:18:03+00:00","dateModified":"2023-02-01T15:49:28+00:00","breadcrumb":{"@id":"https:\/\/www.feyalegria.org\/colombia\/oficina-nacional\/#breadcrumb"},"inLanguage":"es","potentialAction":[{"@type":"ReadAction","target":["https:\/\/www.feyalegria.org\/colombia\/oficina-nacional\/"]}]},{"@type":"BreadcrumbList","@id":"https:\/\/www.feyalegria.org\/colombia\/oficina-nacional\/#breadcrumb","itemListElement":[{"@type":"ListItem","position":1,"name":"Home","item":"https:\/\/www.feyalegria.org\/colombia\/"},{"@type":"ListItem","position":2,"name":"Oficina Nacional"}]},{"@type":"WebSite","@id":"https:\/\/www.feyalegria.org\/colombia\/#website","url":"https:\/\/www.feyalegria.org\/colombia\/","name":"#SomosFeyAlegria en Colombia","description":"Movimiento de Educaci\u00f3n Popular y Promoci\u00f3n Social","potentialAction":[{"@type":"SearchAction","target":{"@type":"EntryPoint","urlTemplate":"https:\/\/www.feyalegria.org\/colombia\/?s={search_term_string}"},"query-input":{"@type":"PropertyValueSpecification","valueRequired":true,"valueName":"search_term_string"}}],"inLanguage":"es"}]}},"_links":{"self":[{"href":"https:\/\/www.feyalegria.org\/colombia\/wp-json\/wp\/v2\/pages\/824","targetHints":{"allow":["GET"]}}],"collection":[{"href":"https:\/\/www.feyalegria.org\/colombia\/wp-json\/wp\/v2\/pages"}],"about":[{"href":"https:\/\/www.feyalegria.org\/colombia\/wp-json\/wp\/v2\/types\/page"}],"author":[{"embeddable":true,"href":"https:\/\/www.feyalegria.org\/colombia\/wp-json\/wp\/v2\/users\/2"}],"replies":[{"embeddable":true,"href":"https:\/\/www.feyalegria.org\/colombia\/wp-json\/wp\/v2\/comments?post=824"}],"version-history":[{"count":0,"href":"https:\/\/www.feyalegria.org\/colombia\/wp-json\/wp\/v2\/pages\/824\/revisions"}],"wp:attachment":[{"href":"https:\/\/www.feyalegria.org\/colombia\/wp-json\/wp\/v2\/media?parent=824"}],"wp:term":[{"taxonomy":"folder","embeddable":true,"href":"https:\/\/www.feyalegria.org\/colombia\/wp-json\/wp\/v2\/folder?post=824"}],"curies":[{"name":"wp","href":"https:\/\/api.w.org\/{rel}","templated":true}]}}