 {"id":108,"date":"2020-06-25T10:18:55","date_gmt":"2020-06-25T15:18:55","guid":{"rendered":"https:\/\/www.feyalegria.org\/guatemala\/?page_id=108"},"modified":"2020-09-28T08:44:37","modified_gmt":"2020-09-28T13:44:37","slug":"quienes-somos","status":"publish","type":"page","link":"https:\/\/www.feyalegria.org\/guatemala\/quienes-somos\/","title":{"rendered":"Quienes Somos"},"content":{"rendered":"<div class=\"wpb-content-wrapper\"><p>[vc_row][vc_column][vc_column_text]<\/p>\n<p><strong><\/strong><\/p>\n<p style=\"text-align:center\"><strong class=\"tt_map\">Fe y Alegr\u00eda en Guatemala<\/strong><\/p>\n<p>[\/vc_column_text][vc_separator color=\u00bbcustom\u00bb style=\u00bbshadow\u00bb border_width=\u00bb4&#8243; accent_color=\u00bb#0473aa\u00bb][\/vc_column][\/vc_row][vc_row content_placement=\u00bbtop\u00bb][vc_column width=\u00bb1\/2&#8243; css=\u00bb.vc_custom_1589950287433{margin-top: 10px !important;margin-bottom: 10px !important;padding-top: 7px !important;padding-right: 40px !important;}\u00bb][vc_column_text el_class=\u00bbnd_options_text_align_center_responsive\u00bb]<\/p>\n<p style=\"text-align:justify\"><strong class=\"tt_map\">Misi\u00f3n<\/strong><\/p>\n<p>&nbsp;<\/p>\n<p style=\"text-align: justify\">Fe y Alegr\u00eda es un Movimiento Internacional de Educaci\u00f3n Popular y Promoci\u00f3n Social que impulsa desde, con y para las comunidades en las que trabaja, procesos educativos integrales, inclusivos y de calidad, comprometi\u00e9ndose en la transformaci\u00f3n de las personas para construir sistemas sociales justos y democr\u00e1ticos.<\/p>\n<p>[\/vc_column_text]<div style=\"background-color:;height: 10px\" class=\"nicdark_section  \"><\/div>[vc_single_image image=\u00bb754&#8243; img_size=\u00bblarge\u00bb alignment=\u00bbcenter\u00bb css=\u00bb.vc_custom_1596205420548{padding-right: 40px !important;padding-left: 20px !important;}\u00bb][\/vc_column][vc_column width=\u00bb1\/2&#8243; css=\u00bb.vc_custom_1589950257944{padding-top: 15px !important;padding-left: 40px !important;}\u00bb][vc_column_text el_class=\u00bbnd_options_text_align_center_responsive\u00bb]<\/p>\n<p style=\"text-align:justufy\"><strong class=\"tt_map\">Visi\u00f3n<\/strong><\/p>\n<p>&nbsp;<\/p>\n<p style=\"text-align: justify\">Fe y Alegr\u00eda es un referente de la educaci\u00f3n popular integral, inclusiva y de calidad, que trabaja en las fronteras de mayor exclusi\u00f3n, incide en pol\u00edticas nacionales e internacionales, es sostenible y desarrolla, junto a las comunidades, propuestas que aportan a la construcci\u00f3n de sociedades equitativas, solidarias, libres de violencia y respetuosas de la diversidad, donde las personas viven dignamente.<\/p>\n<p>[\/vc_column_text][vc_single_image image=\u00bb753&#8243; img_size=\u00bbfull\u00bb alignment=\u00bbcenter\u00bb css=\u00bb.vc_custom_1596205389026{padding-right: 20px !important;padding-left: 20px !important;}\u00bb][\/vc_column][\/vc_row][vc_row][vc_column][vc_row_inner][vc_column_inner][vc_column_text el_class=\u00bbnd_options_text_align_center_responsive\u00bb]<\/p>\n<p style=\"text-align: center\"><strong class=\"tt_map\">Valores<\/strong><\/p>\n<p>&nbsp;<\/p>\n<p style=\"text-align: justify\">Con nuestra acci\u00f3n humanizadora, estamos comunicando valores permanentemente, en un proceso de di\u00e1logo con el mundo al que servimos cuyos valores se constituyen en el punto de partida de nuestro servicio.<\/p>\n<p>[\/vc_column_text][\/vc_column_inner][\/vc_row_inner][vc_row_inner][vc_column_inner width=\u00bb2\/3&#8243;][vc_column_text]<\/p>\n<p style=\"text-align: justify\"><strong>Nuestros valores fundamentales:<br \/>\n<\/strong><br \/>\n<strong>1. Justicia<\/p>\n<p><\/strong><\/p>\n<p>Fe y Alegr\u00eda nace impulsada por la vivencia de la Fe Cristiana, frente a situaciones de injusticia. Estamos comprometidos con el proceso hist\u00f3rico de los sectores populares en la construcci\u00f3n de una sociedad justa y fraterna.<\/p>\n<p><strong>2. Libertad<\/p>\n<p><\/strong><\/p>\n<p>Todo nuestro proceso educativo se encamina a la situaci\u00f3n de libertad en donde la vida es en cada d\u00eda y en cada momento una elecci\u00f3n entre lo f\u00e1cil y lo trivial, por un lado, y lo esforzado y lo superior, por otro. Decidir de manera responsable, es vivir una vida que merezca vivirse.<\/p>\n<p><strong>3. Participaci\u00f3n<\/p>\n<p><\/strong><\/p>\n<p>En Fe y Alegr\u00eda no s\u00f3lo optamos por los m\u00e1s desfavorecidos, sino que asumimos la educaci\u00f3n como propuesta pedag\u00f3gica y pol\u00edtica de transformaci\u00f3n desde y con las comunidades, para formar ciudadanos democr\u00e1ticos capaces de construir calidad de vida, agentes de cambio y protagonistas de su propio desarrollo.<\/p>\n<p><strong>4. Solidaridad<\/p>\n<p><\/strong><\/p>\n<p>En Fe y Alegr\u00eda buscamos la formaci\u00f3n de hombres y mujeres conscientes de sus potencialidades y de la realidad que les rodea, abiertos a la trascendencia, compasivos, solidarios, comprometidos y l\u00edderes en el servicio para y con los dem\u00e1s. Entendemos solidaridad como \u201cuna determinaci\u00f3n firme y perseverante de empe\u00f1arse por el bien com\u00fan, es decir por el bien de todos y cada uno, ya que todos somos verdaderamente responsables de todos\u201d.<\/p>\n<p><strong>5. Fraternidad<\/p>\n<p><\/strong><\/p>\n<p>Creemos que el ser humano es un ser social; por lo tanto, vive abierto a la naturaleza, a los otros y a Dios. En Fe y Alegr\u00eda promovemos el desarrollo de la persona desde la relaci\u00f3n personal con Dios y desde las relaciones transparentes con los dem\u00e1s.<\/p>\n<p><strong>6. Respeto a la diversidad<\/p>\n<p><\/strong><\/p>\n<p>Creemos que el respeto es un valor que hace referencia a la valoraci\u00f3n que debemos tener por otro, acept\u00e1ndole en su condici\u00f3n natural como persona con rasgos sociales, religiosos, pol\u00edticos, econ\u00f3micos, preferencias sexuales y culturales que nos hacen diferentes unos de otros, pero que no impiden establecer di\u00e1logos a trav\u00e9s de relaciones interpersonales desde la diversidad. Se entiende por respeto la aceptaci\u00f3n de lo propio y lo diferente como valioso.<\/p>\n<p>[\/vc_column_text][\/vc_column_inner][vc_column_inner width=\u00bb1\/3&#8243;][\/vc_column_inner][\/vc_row_inner][\/vc_column][\/vc_row][vc_row disable_element=\u00bbyes\u00bb][vc_column][vc_separator color=\u00bbcustom\u00bb style=\u00bbshadow\u00bb border_width=\u00bb4&#8243; accent_color=\u00bb#0473aa\u00bb][vc_column_text]<\/p>\n<p style=\"text-align:center\"><strong class=\"tt_map\">Transformamos Vidas<\/strong><\/p>\n<p>[\/vc_column_text]<div style=\"background-color:;height: 10px\" class=\"nicdark_section  \"><\/div>[vc_video link=\u00bbhttps:\/\/youtu.be\/6-U0S2vmjok\u00bb el_width=\u00bb70&#8243; align=\u00bbcenter\u00bb]<div style=\"background-color:;height: 10px\" class=\"nicdark_section  \"><\/div>[\/vc_column][\/vc_row][vc_row disable_element=\u00bbyes\u00bb][vc_column][vc_column_text]<\/p>\n<p>I am text block. Click edit button to change this text. Lorem ipsum dolor sit amet, consectetur adipiscing elit. Ut elit tellus, luctus nec ullamcorper mattis, pulvinar dapibus leo.<\/p>\n<p>[\/vc_column_text][\/vc_column][\/vc_row][vc_row][vc_column][vc_separator color=\u00bbcustom\u00bb style=\u00bbshadow\u00bb border_width=\u00bb4&#8243; accent_color=\u00bb#0473aa\u00bb]<div style=\"background-color:;height: 30px\" class=\"nicdark_section  \"><\/div>[\/vc_column][\/vc_row][vc_row][vc_column][vc_column_text]<\/p>\n<p style=\"text-align:center\"><strong class=\"tt_map\">Donde termina el asfalto&#8230; comienza nuestra historia<\/strong><\/p>\n<p>[\/vc_column_text][vc_creativelink style=\u00bbcl-effect-2&#8243; align=\u00bbcenter\u00bb text=\u00bbClick Aqu\u00ed\u00bb url=\u00bburl:https%3A%2F%2Fwww.feyalegria.org%2Fguatemala%2Fnuestra-historia%2F|title:Nuestra%20Historia..|target:_blank\u00bb clr=\u00bb#ffffff\u00bb bgclr=\u00bb#cc3535&#8243; hoverclr=\u00bb#ffffff\u00bb hoverbg=\u00bb#cc0000&#8243; weight=\u00bb200&#8243; caption_url=\u00bb\u00bb]<div style=\"background-color:;height: 20px\" class=\"nicdark_section  \"><\/div>[vc_separator color=\u00bbcustom\u00bb style=\u00bbshadow\u00bb border_width=\u00bb4&#8243; accent_color=\u00bb#0473aa\u00bb][\/vc_column][\/vc_row]<\/p>\n<\/div>","protected":false},"excerpt":{"rendered":"<p>[vc_row][vc_column][vc_column_text] Fe y Alegr\u00eda en Guatemala [\/vc_column_text][vc_separator color=\u00bbcustom\u00bb style=\u00bbshadow\u00bb border_width=\u00bb4&#8243; accent_color=\u00bb#0473aa\u00bb][\/vc_column][\/vc_row][vc_row content_placement=\u00bbtop\u00bb][vc_column width=\u00bb1\/2&#8243; css=\u00bb.vc_custom_1589950287433{margin-top: 10px !important;margin-bottom: 10px !important;padding-top: 7px !important;padding-right: 40px !important;}\u00bb][vc_column_text el_class=\u00bbnd_options_text_align_center_responsive\u00bb] Misi\u00f3n &nbsp; Fe y Alegr\u00eda es un Movimiento Internacional de Educaci\u00f3n Popular y Promoci\u00f3n Social que impulsa desde, con y para las comunidades en las que trabaja, procesos educativos integrales, inclusivos y<\/p>\n","protected":false},"author":11,"featured_media":0,"parent":0,"menu_order":0,"comment_status":"closed","ping_status":"closed","template":"","meta":{"_acf_changed":false,"footnotes":""},"folder":[],"class_list":["post-108","page","type-page","status-publish","hentry"],"acf":[],"yoast_head":"<!-- This site is optimized with the Yoast SEO plugin v27.2 - https:\/\/yoast.com\/product\/yoast-seo-wordpress\/ -->\n<title>Quienes Somos - #SomosFeyAlegr\u00eda en Guatemala<\/title>\n<meta name=\"robots\" content=\"index, follow, max-snippet:-1, max-image-preview:large, max-video-preview:-1\" \/>\n<link rel=\"canonical\" href=\"https:\/\/www.feyalegria.org\/guatemala\/quienes-somos\/\" \/>\n<meta property=\"og:locale\" content=\"es_ES\" \/>\n<meta property=\"og:type\" content=\"article\" \/>\n<meta property=\"og:title\" content=\"Quienes Somos - #SomosFeyAlegr\u00eda en Guatemala\" \/>\n<meta property=\"og:description\" content=\"[vc_row][vc_column][vc_column_text] Fe y Alegr\u00eda en Guatemala [\/vc_column_text][vc_separator color=\u00bbcustom\u00bb style=\u00bbshadow\u00bb border_width=\u00bb4&#8243; accent_color=\u00bb#0473aa\u00bb][\/vc_column][\/vc_row][vc_row content_placement=\u00bbtop\u00bb][vc_column width=\u00bb1\/2&#8243; css=\u00bb.vc_custom_1589950287433{margin-top: 10px !important;margin-bottom: 10px !important;padding-top: 7px !important;padding-right: 40px !important;}\u00bb][vc_column_text el_class=\u00bbnd_options_text_align_center_responsive\u00bb] Misi\u00f3n &nbsp; Fe y Alegr\u00eda es un Movimiento Internacional de Educaci\u00f3n Popular y Promoci\u00f3n Social que impulsa desde, con y para las comunidades en las que trabaja, procesos educativos integrales, inclusivos y\" \/>\n<meta property=\"og:url\" content=\"https:\/\/www.feyalegria.org\/guatemala\/quienes-somos\/\" \/>\n<meta property=\"og:site_name\" content=\"#SomosFeyAlegr\u00eda en Guatemala\" \/>\n<meta property=\"article:modified_time\" content=\"2020-09-28T13:44:37+00:00\" \/>\n<meta name=\"twitter:card\" content=\"summary_large_image\" \/>\n<meta name=\"twitter:label1\" content=\"Tiempo de lectura\" \/>\n\t<meta name=\"twitter:data1\" content=\"5 minutos\" \/>\n<script type=\"application\/ld+json\" class=\"yoast-schema-graph\">{\"@context\":\"https:\/\/schema.org\",\"@graph\":[{\"@type\":\"WebPage\",\"@id\":\"https:\/\/www.feyalegria.org\/guatemala\/quienes-somos\/\",\"url\":\"https:\/\/www.feyalegria.org\/guatemala\/quienes-somos\/\",\"name\":\"Quienes Somos - #SomosFeyAlegr\u00eda en Guatemala\",\"isPartOf\":{\"@id\":\"https:\/\/www.feyalegria.org\/guatemala\/#website\"},\"datePublished\":\"2020-06-25T15:18:55+00:00\",\"dateModified\":\"2020-09-28T13:44:37+00:00\",\"breadcrumb\":{\"@id\":\"https:\/\/www.feyalegria.org\/guatemala\/quienes-somos\/#breadcrumb\"},\"inLanguage\":\"es\",\"potentialAction\":[{\"@type\":\"ReadAction\",\"target\":[\"https:\/\/www.feyalegria.org\/guatemala\/quienes-somos\/\"]}]},{\"@type\":\"BreadcrumbList\",\"@id\":\"https:\/\/www.feyalegria.org\/guatemala\/quienes-somos\/#breadcrumb\",\"itemListElement\":[{\"@type\":\"ListItem\",\"position\":1,\"name\":\"Home\",\"item\":\"https:\/\/www.feyalegria.org\/guatemala\/\"},{\"@type\":\"ListItem\",\"position\":2,\"name\":\"Quienes Somos\"}]},{\"@type\":\"WebSite\",\"@id\":\"https:\/\/www.feyalegria.org\/guatemala\/#website\",\"url\":\"https:\/\/www.feyalegria.org\/guatemala\/\",\"name\":\"#SomosFeyAlegr\u00eda en Guatemala\",\"description\":\"Movimiento de Educaci\u00f3n Popular y Promoci\u00f3n Social\",\"potentialAction\":[{\"@type\":\"SearchAction\",\"target\":{\"@type\":\"EntryPoint\",\"urlTemplate\":\"https:\/\/www.feyalegria.org\/guatemala\/?s={search_term_string}\"},\"query-input\":{\"@type\":\"PropertyValueSpecification\",\"valueRequired\":true,\"valueName\":\"search_term_string\"}}],\"inLanguage\":\"es\"}]}<\/script>\n<!-- \/ Yoast SEO plugin. -->","yoast_head_json":{"title":"Quienes Somos - #SomosFeyAlegr\u00eda en Guatemala","robots":{"index":"index","follow":"follow","max-snippet":"max-snippet:-1","max-image-preview":"max-image-preview:large","max-video-preview":"max-video-preview:-1"},"canonical":"https:\/\/www.feyalegria.org\/guatemala\/quienes-somos\/","og_locale":"es_ES","og_type":"article","og_title":"Quienes Somos - #SomosFeyAlegr\u00eda en Guatemala","og_description":"[vc_row][vc_column][vc_column_text] Fe y Alegr\u00eda en Guatemala [\/vc_column_text][vc_separator color=\u00bbcustom\u00bb style=\u00bbshadow\u00bb border_width=\u00bb4&#8243; accent_color=\u00bb#0473aa\u00bb][\/vc_column][\/vc_row][vc_row content_placement=\u00bbtop\u00bb][vc_column width=\u00bb1\/2&#8243; css=\u00bb.vc_custom_1589950287433{margin-top: 10px !important;margin-bottom: 10px !important;padding-top: 7px !important;padding-right: 40px !important;}\u00bb][vc_column_text el_class=\u00bbnd_options_text_align_center_responsive\u00bb] Misi\u00f3n &nbsp; Fe y Alegr\u00eda es un Movimiento Internacional de Educaci\u00f3n Popular y Promoci\u00f3n Social que impulsa desde, con y para las comunidades en las que trabaja, procesos educativos integrales, inclusivos y","og_url":"https:\/\/www.feyalegria.org\/guatemala\/quienes-somos\/","og_site_name":"#SomosFeyAlegr\u00eda en Guatemala","article_modified_time":"2020-09-28T13:44:37+00:00","twitter_card":"summary_large_image","twitter_misc":{"Tiempo de lectura":"5 minutos"},"schema":{"@context":"https:\/\/schema.org","@graph":[{"@type":"WebPage","@id":"https:\/\/www.feyalegria.org\/guatemala\/quienes-somos\/","url":"https:\/\/www.feyalegria.org\/guatemala\/quienes-somos\/","name":"Quienes Somos - #SomosFeyAlegr\u00eda en Guatemala","isPartOf":{"@id":"https:\/\/www.feyalegria.org\/guatemala\/#website"},"datePublished":"2020-06-25T15:18:55+00:00","dateModified":"2020-09-28T13:44:37+00:00","breadcrumb":{"@id":"https:\/\/www.feyalegria.org\/guatemala\/quienes-somos\/#breadcrumb"},"inLanguage":"es","potentialAction":[{"@type":"ReadAction","target":["https:\/\/www.feyalegria.org\/guatemala\/quienes-somos\/"]}]},{"@type":"BreadcrumbList","@id":"https:\/\/www.feyalegria.org\/guatemala\/quienes-somos\/#breadcrumb","itemListElement":[{"@type":"ListItem","position":1,"name":"Home","item":"https:\/\/www.feyalegria.org\/guatemala\/"},{"@type":"ListItem","position":2,"name":"Quienes Somos"}]},{"@type":"WebSite","@id":"https:\/\/www.feyalegria.org\/guatemala\/#website","url":"https:\/\/www.feyalegria.org\/guatemala\/","name":"#SomosFeyAlegr\u00eda en Guatemala","description":"Movimiento de Educaci\u00f3n Popular y Promoci\u00f3n Social","potentialAction":[{"@type":"SearchAction","target":{"@type":"EntryPoint","urlTemplate":"https:\/\/www.feyalegria.org\/guatemala\/?s={search_term_string}"},"query-input":{"@type":"PropertyValueSpecification","valueRequired":true,"valueName":"search_term_string"}}],"inLanguage":"es"}]}},"_links":{"self":[{"href":"https:\/\/www.feyalegria.org\/guatemala\/wp-json\/wp\/v2\/pages\/108","targetHints":{"allow":["GET"]}}],"collection":[{"href":"https:\/\/www.feyalegria.org\/guatemala\/wp-json\/wp\/v2\/pages"}],"about":[{"href":"https:\/\/www.feyalegria.org\/guatemala\/wp-json\/wp\/v2\/types\/page"}],"author":[{"embeddable":true,"href":"https:\/\/www.feyalegria.org\/guatemala\/wp-json\/wp\/v2\/users\/11"}],"replies":[{"embeddable":true,"href":"https:\/\/www.feyalegria.org\/guatemala\/wp-json\/wp\/v2\/comments?post=108"}],"version-history":[{"count":0,"href":"https:\/\/www.feyalegria.org\/guatemala\/wp-json\/wp\/v2\/pages\/108\/revisions"}],"wp:attachment":[{"href":"https:\/\/www.feyalegria.org\/guatemala\/wp-json\/wp\/v2\/media?parent=108"}],"wp:term":[{"taxonomy":"folder","embeddable":true,"href":"https:\/\/www.feyalegria.org\/guatemala\/wp-json\/wp\/v2\/folder?post=108"}],"curies":[{"name":"wp","href":"https:\/\/api.w.org\/{rel}","templated":true}]}}