 {"id":149,"date":"2020-06-25T10:03:54","date_gmt":"2020-06-25T15:03:54","guid":{"rendered":"https:\/\/www.feyalegria.org\/guatemala\/?page_id=149"},"modified":"2023-11-03T17:05:21","modified_gmt":"2023-11-03T22:05:21","slug":"lineas-estrategicas","status":"publish","type":"page","link":"https:\/\/www.feyalegria.org\/guatemala\/lineas-estrategicas\/","title":{"rendered":"L\u00edneas Estrat\u00e9gicas"},"content":{"rendered":"<div class=\"wpb-content-wrapper\"><p>[vc_row][vc_column]<div style=\"background-color:;height: 40px\" class=\"nicdark_section  \"><\/div>[vc_column_text]<\/p>\n<h2 style=\"text-align: left\"><b>Ejes estrat\u00e9gicos institucionales<\/b><\/h2>\n<p>[\/vc_column_text]<div style=\"background-color:;height: 60px\" class=\"nicdark_section  \"><\/div>[\/vc_column][\/vc_row][vc_row][vc_column width=\u00bb1\/3&#8243;][vc_single_image image=\u00bb2347&#8243; img_size=\u00bbmedium\u00bb alignment=\u00bbcenter\u00bb style=\u00bbvc_box_shadow_circle_2&#8243; css=\u00bb.vc_custom_1616033655369{margin-top: -10px !important;}\u00bb][\/vc_column][vc_column width=\u00bb2\/3&#8243;][vc_column_text]<\/p>\n<h3 style=\"text-align: lefth\"><strong><span style=\"color: #aa0f16\">Educaci\u00f3n Popular<\/span><\/strong><\/h3>\n<p>[\/vc_column_text][vc_column_text]Promover la generaci\u00f3n de pr\u00e1cticas pedag\u00f3gicas innovadoras renovadas, considerando la educaci\u00f3n popular como eje misional, en todas las modalidades y niveles, a partir de la escucha, el pensamiento cr\u00edtico y el di\u00e1logo intercultural e intergeneracional.<\/p>\n<p>Potenciar las dimensiones sociopol\u00edtica y \u00e9tica de la educaci\u00f3n popular con una intencionalidad transformadora, que promueva el respeto, la equidad de g\u00e9nero y desde una espiritualidad comprometida con la justicia.<\/p>\n<p>Potenciar la calidad educativa con inclusi\u00f3n social promoviendo una cultura institucional al respecto e implementando iniciativas de innovaci\u00f3n educativa que consideren la formaci\u00f3n para la vida desde el trabajo digno.[\/vc_column_text][\/vc_column][\/vc_row][vc_row][vc_column]<div style=\"background-color:;height: 20px\" class=\"nicdark_section  \"><\/div>[vc_separator color=\u00bbcustom\u00bb style=\u00bbshadow\u00bb border_width=\u00bb4&#8243; accent_color=\u00bb#cc0000&#8243;]<div style=\"background-color:;height: 20px\" class=\"nicdark_section  \"><\/div>[\/vc_column][\/vc_row][vc_row][vc_column width=\u00bb2\/3&#8243;][vc_column_text]<\/p>\n<h3 style=\"text-align: left\"><strong><span style=\"color: #00a32e\">Fronteras de la Exclusi\u00f3n<\/span><\/strong><\/h3>\n<p>[\/vc_column_text][vc_column_text]Desarrollar nuevas iniciativas que contribuyan a la inserci\u00f3n social, cultural y laboral de personas v\u00edctimas de violencia, discriminaci\u00f3n o nuevas formas exclusi\u00f3n social, as\u00ed como a la migraci\u00f3n, y una atenci\u00f3n especial a la protecci\u00f3n de la infancia.<\/p>\n<p>Estudiar, impulsar y acompa\u00f1ar la creaci\u00f3n y fortalecimiento de Fe y Alegr\u00eda, enriqueciendo la propuesta socioeducativa de acuerdo a contextos y culturas, priorizando los lugares donde existe mayor necesidad o exclusi\u00f3n.<\/p>\n<p>Dinamizar la misi\u00f3n institucional atendiendo al desarrollo de nuevos temas de reflexi\u00f3n y respondiendo a los retos del contexto para la acci\u00f3n misional y, en este periodo particular, responder a la educaci\u00f3n en emergencia por la crisis sanitaria Post Covid-19, la ayuda humanitaria y el cuidado de la casa com\u00fan.[\/vc_column_text][\/vc_column][vc_column width=\u00bb1\/3&#8243;]<div style=\"background-color:;height: 40px\" class=\"nicdark_section  \"><\/div>[vc_single_image image=\u00bb2352&#8243; img_size=\u00bbmedium\u00bb alignment=\u00bbcenter\u00bb style=\u00bbvc_box_shadow_circle_2&#8243;][\/vc_column][\/vc_row][vc_row][vc_column]<div style=\"background-color:;height: 20px\" class=\"nicdark_section  \"><\/div>[vc_separator color=\u00bbcustom\u00bb style=\u00bbshadow\u00bb border_width=\u00bb4&#8243; accent_color=\u00bb#cc0000&#8243;]<div style=\"background-color:;height: 20px\" class=\"nicdark_section  \"><\/div>[\/vc_column][\/vc_row][vc_row][vc_column width=\u00bb1\/3&#8243;][vc_single_image image=\u00bb2355&#8243; img_size=\u00bbmedium\u00bb alignment=\u00bbcenter\u00bb style=\u00bbvc_box_shadow_circle_2&#8243;][\/vc_column][vc_column width=\u00bb2\/3&#8243;][vc_column_text]<\/p>\n<h3 style=\"text-align: lefth\"><strong><span style=\"color: #0473aa\">Sostenibilidad<\/span><\/strong><\/h3>\n<p>[\/vc_column_text][vc_column_text]Atender a la renovaci\u00f3n de la identidad institucional, fortaleciendo su dimensi\u00f3n espiritual y contando con el aporte de los carismas y espiritualidades en Fe y Alegr\u00eda.<\/p>\n<p>Implementar una propuesta de fortalecimiento institucional y de gesti\u00f3n flexible e innovadora, incorporando aspectos de mejora a nivel de planificaci\u00f3n, evaluaci\u00f3n y gesti\u00f3n de la informaci\u00f3n.<\/p>\n<p>Diversificar y ampliar nuestras alianzas y fuentes de recursos al servicio de la misi\u00f3n, desarrollando estrategias nacionales y regionales, y manteniendo y consolidando las existentes.[\/vc_column_text][\/vc_column][\/vc_row][vc_row][vc_column]<div style=\"background-color:;height: 20px\" class=\"nicdark_section  \"><\/div>[vc_separator color=\u00bbcustom\u00bb style=\u00bbshadow\u00bb border_width=\u00bb4&#8243; accent_color=\u00bb#cc0000&#8243;]<div style=\"background-color:;height: 20px\" class=\"nicdark_section  \"><\/div>[\/vc_column][\/vc_row][vc_row][vc_column width=\u00bb2\/3&#8243;][vc_column_text]<\/p>\n<h3 style=\"text-align: lefth\"><strong><span style=\"color: #ffaf10\">Acci\u00f3n P\u00fablica<\/span><\/strong><\/h3>\n<p>[\/vc_column_text][vc_column_text]Desarrollar propuestas y promover iniciativas de incidencia pol\u00edtica propias, y\/o participar en alianzas y redes con otros actores para la transformaci\u00f3n social y la defensa del derecho universal a una educaci\u00f3n de calidad en \u00e1mbitos estatales, privados y de la sociedad civil.<\/p>\n<p>Construir y posicionar nuevas narrativas de la vida com\u00fan, impulsando un cambio de valores en nuestra sociedad desde la propuesta de Fe y Alegr\u00eda y acompa\u00f1ando a las juventudes como factor central para la renovaci\u00f3n \u00e9tica y cultural.<\/p>\n<p>Dinamizar y renovar las modalidades de los v\u00ednculos con las comunidades ante los cambios de las realidades locales y de la realidad institucional de Fe y Alegr\u00eda.[\/vc_column_text][\/vc_column][vc_column width=\u00bb1\/3&#8243;]<div style=\"background-color:;height: 20px\" class=\"nicdark_section  \"><\/div>[vc_single_image image=\u00bb2358&#8243; img_size=\u00bbmedium\u00bb alignment=\u00bbcenter\u00bb style=\u00bbvc_box_shadow_circle_2&#8243;][\/vc_column][\/vc_row][vc_row][vc_column][vc_separator color=\u00bbcustom\u00bb style=\u00bbshadow\u00bb border_width=\u00bb4&#8243; accent_color=\u00bb#cc0000&#8243;]<div style=\"background-color:;height: 20px\" class=\"nicdark_section  \"><\/div>[\/vc_column][\/vc_row][vc_row][vc_column width=\u00bb1\/3&#8243;][vc_single_image image=\u00bb4343&#8243; img_size=\u00bblarge\u00bb alignment=\u00bbcenter\u00bb style=\u00bbvc_box_shadow_circle_2&#8243;][\/vc_column][vc_column width=\u00bb2\/3&#8243;][vc_column_text]<\/p>\n<h3 style=\"text-align: lefth\"><strong><span style=\"color: #ffaf10\">Desarrollo Institucional<br \/>\n<\/span><\/strong><\/h3>\n<p>[\/vc_column_text][vc_column_text]Impulsar una din\u00e1mica de transformaci\u00f3n institucional planificada, estrat\u00e9gica y cercana a la realidad de las comunidades, desde un enfoque territorial. Favorecer que la mirada institucional adquiera una l\u00f3gica que toma en cuenta las necesidades de las comunidades educativas considerando su complejidad y especificidad contextual, que debe ser, adem\u00e1s, socialmente relevante y culturalmente pertinente.<\/p>\n<p>&nbsp;<\/p>\n<p>La mirada territorial, es decir, desde, con y para las comunidades debe ser consecuente con los supuestos de la educaci\u00f3n popular. Todo proyecto educativo es sensible a la realidad sociocultural y se construye a partir de la mirada de la realidad, no solo para analizarla, sino transformarla.[\/vc_column_text][\/vc_column][\/vc_row]<\/p>\n<\/div>","protected":false},"excerpt":{"rendered":"<p>[vc_row][vc_column][vc_column_text] Ejes estrat\u00e9gicos institucionales [\/vc_column_text][\/vc_column][\/vc_row][vc_row][vc_column width=\u00bb1\/3&#8243;][vc_single_image image=\u00bb2347&#8243; img_size=\u00bbmedium\u00bb alignment=\u00bbcenter\u00bb style=\u00bbvc_box_shadow_circle_2&#8243; css=\u00bb.vc_custom_1616033655369{margin-top: -10px !important;}\u00bb][\/vc_column][vc_column width=\u00bb2\/3&#8243;][vc_column_text] Educaci\u00f3n Popular [\/vc_column_text][vc_column_text]Promover la generaci\u00f3n de pr\u00e1cticas pedag\u00f3gicas innovadoras renovadas, considerando la educaci\u00f3n popular como eje misional, en todas las modalidades y niveles, a partir de la escucha, el pensamiento cr\u00edtico y el di\u00e1logo intercultural e intergeneracional. Potenciar las dimensiones sociopol\u00edtica<\/p>\n","protected":false},"author":11,"featured_media":0,"parent":0,"menu_order":0,"comment_status":"closed","ping_status":"closed","template":"","meta":{"_acf_changed":false,"footnotes":""},"folder":[],"class_list":["post-149","page","type-page","status-publish","hentry"],"acf":[],"yoast_head":"<!-- This site is optimized with the Yoast SEO plugin v27.2 - https:\/\/yoast.com\/product\/yoast-seo-wordpress\/ -->\n<title>L\u00edneas Estrat\u00e9gicas - #SomosFeyAlegr\u00eda en Guatemala<\/title>\n<meta name=\"robots\" content=\"index, follow, max-snippet:-1, max-image-preview:large, max-video-preview:-1\" \/>\n<link rel=\"canonical\" href=\"https:\/\/www.feyalegria.org\/guatemala\/lineas-estrategicas\/\" \/>\n<meta property=\"og:locale\" content=\"es_ES\" \/>\n<meta property=\"og:type\" content=\"article\" \/>\n<meta property=\"og:title\" content=\"L\u00edneas Estrat\u00e9gicas - #SomosFeyAlegr\u00eda en Guatemala\" \/>\n<meta property=\"og:description\" content=\"[vc_row][vc_column][vc_column_text] Ejes estrat\u00e9gicos institucionales [\/vc_column_text][\/vc_column][\/vc_row][vc_row][vc_column width=\u00bb1\/3&#8243;][vc_single_image image=\u00bb2347&#8243; img_size=\u00bbmedium\u00bb alignment=\u00bbcenter\u00bb style=\u00bbvc_box_shadow_circle_2&#8243; css=\u00bb.vc_custom_1616033655369{margin-top: -10px !important;}\u00bb][\/vc_column][vc_column width=\u00bb2\/3&#8243;][vc_column_text] Educaci\u00f3n Popular [\/vc_column_text][vc_column_text]Promover la generaci\u00f3n de pr\u00e1cticas pedag\u00f3gicas innovadoras renovadas, considerando la educaci\u00f3n popular como eje misional, en todas las modalidades y niveles, a partir de la escucha, el pensamiento cr\u00edtico y el di\u00e1logo intercultural e intergeneracional. Potenciar las dimensiones sociopol\u00edtica\" \/>\n<meta property=\"og:url\" content=\"https:\/\/www.feyalegria.org\/guatemala\/lineas-estrategicas\/\" \/>\n<meta property=\"og:site_name\" content=\"#SomosFeyAlegr\u00eda en Guatemala\" \/>\n<meta property=\"article:modified_time\" content=\"2023-11-03T22:05:21+00:00\" \/>\n<meta name=\"twitter:card\" content=\"summary_large_image\" \/>\n<meta name=\"twitter:label1\" content=\"Tiempo de lectura\" \/>\n\t<meta name=\"twitter:data1\" content=\"3 minutos\" \/>\n<script type=\"application\/ld+json\" class=\"yoast-schema-graph\">{\"@context\":\"https:\/\/schema.org\",\"@graph\":[{\"@type\":\"WebPage\",\"@id\":\"https:\/\/www.feyalegria.org\/guatemala\/lineas-estrategicas\/\",\"url\":\"https:\/\/www.feyalegria.org\/guatemala\/lineas-estrategicas\/\",\"name\":\"L\u00edneas Estrat\u00e9gicas - #SomosFeyAlegr\u00eda en Guatemala\",\"isPartOf\":{\"@id\":\"https:\/\/www.feyalegria.org\/guatemala\/#website\"},\"datePublished\":\"2020-06-25T15:03:54+00:00\",\"dateModified\":\"2023-11-03T22:05:21+00:00\",\"breadcrumb\":{\"@id\":\"https:\/\/www.feyalegria.org\/guatemala\/lineas-estrategicas\/#breadcrumb\"},\"inLanguage\":\"es\",\"potentialAction\":[{\"@type\":\"ReadAction\",\"target\":[\"https:\/\/www.feyalegria.org\/guatemala\/lineas-estrategicas\/\"]}]},{\"@type\":\"BreadcrumbList\",\"@id\":\"https:\/\/www.feyalegria.org\/guatemala\/lineas-estrategicas\/#breadcrumb\",\"itemListElement\":[{\"@type\":\"ListItem\",\"position\":1,\"name\":\"Home\",\"item\":\"https:\/\/www.feyalegria.org\/guatemala\/\"},{\"@type\":\"ListItem\",\"position\":2,\"name\":\"L\u00edneas Estrat\u00e9gicas\"}]},{\"@type\":\"WebSite\",\"@id\":\"https:\/\/www.feyalegria.org\/guatemala\/#website\",\"url\":\"https:\/\/www.feyalegria.org\/guatemala\/\",\"name\":\"#SomosFeyAlegr\u00eda en Guatemala\",\"description\":\"Movimiento de Educaci\u00f3n Popular y Promoci\u00f3n Social\",\"potentialAction\":[{\"@type\":\"SearchAction\",\"target\":{\"@type\":\"EntryPoint\",\"urlTemplate\":\"https:\/\/www.feyalegria.org\/guatemala\/?s={search_term_string}\"},\"query-input\":{\"@type\":\"PropertyValueSpecification\",\"valueRequired\":true,\"valueName\":\"search_term_string\"}}],\"inLanguage\":\"es\"}]}<\/script>\n<!-- \/ Yoast SEO plugin. -->","yoast_head_json":{"title":"L\u00edneas Estrat\u00e9gicas - #SomosFeyAlegr\u00eda en Guatemala","robots":{"index":"index","follow":"follow","max-snippet":"max-snippet:-1","max-image-preview":"max-image-preview:large","max-video-preview":"max-video-preview:-1"},"canonical":"https:\/\/www.feyalegria.org\/guatemala\/lineas-estrategicas\/","og_locale":"es_ES","og_type":"article","og_title":"L\u00edneas Estrat\u00e9gicas - #SomosFeyAlegr\u00eda en Guatemala","og_description":"[vc_row][vc_column][vc_column_text] Ejes estrat\u00e9gicos institucionales [\/vc_column_text][\/vc_column][\/vc_row][vc_row][vc_column width=\u00bb1\/3&#8243;][vc_single_image image=\u00bb2347&#8243; img_size=\u00bbmedium\u00bb alignment=\u00bbcenter\u00bb style=\u00bbvc_box_shadow_circle_2&#8243; css=\u00bb.vc_custom_1616033655369{margin-top: -10px !important;}\u00bb][\/vc_column][vc_column width=\u00bb2\/3&#8243;][vc_column_text] Educaci\u00f3n Popular [\/vc_column_text][vc_column_text]Promover la generaci\u00f3n de pr\u00e1cticas pedag\u00f3gicas innovadoras renovadas, considerando la educaci\u00f3n popular como eje misional, en todas las modalidades y niveles, a partir de la escucha, el pensamiento cr\u00edtico y el di\u00e1logo intercultural e intergeneracional. Potenciar las dimensiones sociopol\u00edtica","og_url":"https:\/\/www.feyalegria.org\/guatemala\/lineas-estrategicas\/","og_site_name":"#SomosFeyAlegr\u00eda en Guatemala","article_modified_time":"2023-11-03T22:05:21+00:00","twitter_card":"summary_large_image","twitter_misc":{"Tiempo de lectura":"3 minutos"},"schema":{"@context":"https:\/\/schema.org","@graph":[{"@type":"WebPage","@id":"https:\/\/www.feyalegria.org\/guatemala\/lineas-estrategicas\/","url":"https:\/\/www.feyalegria.org\/guatemala\/lineas-estrategicas\/","name":"L\u00edneas Estrat\u00e9gicas - #SomosFeyAlegr\u00eda en Guatemala","isPartOf":{"@id":"https:\/\/www.feyalegria.org\/guatemala\/#website"},"datePublished":"2020-06-25T15:03:54+00:00","dateModified":"2023-11-03T22:05:21+00:00","breadcrumb":{"@id":"https:\/\/www.feyalegria.org\/guatemala\/lineas-estrategicas\/#breadcrumb"},"inLanguage":"es","potentialAction":[{"@type":"ReadAction","target":["https:\/\/www.feyalegria.org\/guatemala\/lineas-estrategicas\/"]}]},{"@type":"BreadcrumbList","@id":"https:\/\/www.feyalegria.org\/guatemala\/lineas-estrategicas\/#breadcrumb","itemListElement":[{"@type":"ListItem","position":1,"name":"Home","item":"https:\/\/www.feyalegria.org\/guatemala\/"},{"@type":"ListItem","position":2,"name":"L\u00edneas Estrat\u00e9gicas"}]},{"@type":"WebSite","@id":"https:\/\/www.feyalegria.org\/guatemala\/#website","url":"https:\/\/www.feyalegria.org\/guatemala\/","name":"#SomosFeyAlegr\u00eda en Guatemala","description":"Movimiento de Educaci\u00f3n Popular y Promoci\u00f3n Social","potentialAction":[{"@type":"SearchAction","target":{"@type":"EntryPoint","urlTemplate":"https:\/\/www.feyalegria.org\/guatemala\/?s={search_term_string}"},"query-input":{"@type":"PropertyValueSpecification","valueRequired":true,"valueName":"search_term_string"}}],"inLanguage":"es"}]}},"_links":{"self":[{"href":"https:\/\/www.feyalegria.org\/guatemala\/wp-json\/wp\/v2\/pages\/149","targetHints":{"allow":["GET"]}}],"collection":[{"href":"https:\/\/www.feyalegria.org\/guatemala\/wp-json\/wp\/v2\/pages"}],"about":[{"href":"https:\/\/www.feyalegria.org\/guatemala\/wp-json\/wp\/v2\/types\/page"}],"author":[{"embeddable":true,"href":"https:\/\/www.feyalegria.org\/guatemala\/wp-json\/wp\/v2\/users\/11"}],"replies":[{"embeddable":true,"href":"https:\/\/www.feyalegria.org\/guatemala\/wp-json\/wp\/v2\/comments?post=149"}],"version-history":[{"count":0,"href":"https:\/\/www.feyalegria.org\/guatemala\/wp-json\/wp\/v2\/pages\/149\/revisions"}],"wp:attachment":[{"href":"https:\/\/www.feyalegria.org\/guatemala\/wp-json\/wp\/v2\/media?parent=149"}],"wp:term":[{"taxonomy":"folder","embeddable":true,"href":"https:\/\/www.feyalegria.org\/guatemala\/wp-json\/wp\/v2\/folder?post=149"}],"curies":[{"name":"wp","href":"https:\/\/api.w.org\/{rel}","templated":true}]}}