 {"id":2027,"date":"2020-11-24T12:00:59","date_gmt":"2020-11-24T17:00:59","guid":{"rendered":"https:\/\/www.feyalegria.org\/guatemala\/?page_id=2027"},"modified":"2021-03-24T11:11:08","modified_gmt":"2021-03-24T16:11:08","slug":"organizacion","status":"publish","type":"page","link":"https:\/\/www.feyalegria.org\/guatemala\/organizacion\/","title":{"rendered":"Organizaci\u00f3n"},"content":{"rendered":"<div class=\"wpb-content-wrapper\"><p>[vc_row css=\u00bb.vc_custom_1614210383526{padding-top: 20px !important;}\u00bb][vc_column][vc_column_text]<\/p>\n<p style=\"text-align: justify\">En Fe y Alegr\u00eda nos organizamos a trav\u00e9s de la <strong>REDARQU\u00cdA<\/strong> es una estructura funcional que integra y organiza a un conjunto de redes que responden a las prioridades institucionales con una visi\u00f3n y misi\u00f3n compartida y que convierte a Fe y Alegr\u00eda en una organizaci\u00f3n abierta al cambio para la transformaci\u00f3n social.<\/p>\n<p>&nbsp;<\/p>\n<p style=\"text-align: justify\">Hacemos una apuesta innovadora con el fin de tener una mayor interacci\u00f3n y respuesta a la realidad de nuestros contextos y a la vez, con una estructura flexible, inspiradora, creativa y coherente en nuestra misi\u00f3n, basada en cuatro ejes estrat\u00e9gicos: Educaci\u00f3n Popular, Acci\u00f3n P\u00fablica, Fronteras de la Exclusi\u00f3n y Sostenibilidad. A partir de all\u00ed se articulan en una serie de sub ejes y redes tem\u00e1ticas que contienen todo el quehacer institucional.<\/p>\n<p>[\/vc_column_text][vc_separator color=\u00bbcustom\u00bb accent_color=\u00bb#aa0f16&#8243;][vc_row_inner][vc_column_inner][vc_single_image image=\u00bb2462&#8243; img_size=\u00bbfull\u00bb alignment=\u00bbcenter\u00bb][\/vc_column_inner][\/vc_row_inner][vc_separator color=\u00bbcustom\u00bb accent_color=\u00bb#aa0f16&#8243;][\/vc_column][\/vc_row][vc_row][vc_column width=\u00bb1\/4&#8243;][\/vc_column][vc_column width=\u00bb1\/2&#8243;][vc_column_text]<\/p>\n<h3 style=\"text-align: center\">\u00bfQu\u00e9 es la redarqu\u00eda?<\/h3>\n<p>[\/vc_column_text]<div style=\"background-color:;height: 10px\" class=\"nicdark_section  \"><\/div>[vc_video link=\u00bbhttps:\/\/www.youtube.com\/watch?v=XnS5xJ0undc&amp;t=9s\u00bb align=\u00bbcenter\u00bb][\/vc_column][vc_column width=\u00bb1\/4&#8243;][\/vc_column][\/vc_row]<\/p>\n<\/div>","protected":false},"excerpt":{"rendered":"<p>[vc_row css=\u00bb.vc_custom_1614210383526{padding-top: 20px !important;}\u00bb][vc_column][vc_column_text] En Fe y Alegr\u00eda nos organizamos a trav\u00e9s de la REDARQU\u00cdA es una estructura funcional que integra y organiza a un conjunto de redes que responden a las prioridades institucionales con una visi\u00f3n y misi\u00f3n compartida y que convierte a Fe y Alegr\u00eda en una organizaci\u00f3n abierta al cambio para la<\/p>\n","protected":false},"author":17,"featured_media":0,"parent":0,"menu_order":0,"comment_status":"closed","ping_status":"closed","template":"","meta":{"_acf_changed":false,"footnotes":""},"folder":[],"class_list":["post-2027","page","type-page","status-publish","hentry"],"acf":[],"yoast_head":"<!-- This site is optimized with the Yoast SEO plugin v27.2 - https:\/\/yoast.com\/product\/yoast-seo-wordpress\/ -->\n<title>Organizaci\u00f3n - #SomosFeyAlegr\u00eda en Guatemala<\/title>\n<meta name=\"robots\" content=\"index, follow, max-snippet:-1, max-image-preview:large, max-video-preview:-1\" \/>\n<link rel=\"canonical\" href=\"https:\/\/www.feyalegria.org\/guatemala\/organizacion\/\" \/>\n<meta property=\"og:locale\" content=\"es_ES\" \/>\n<meta property=\"og:type\" content=\"article\" \/>\n<meta property=\"og:title\" content=\"Organizaci\u00f3n - #SomosFeyAlegr\u00eda en Guatemala\" \/>\n<meta property=\"og:description\" content=\"[vc_row css=\u00bb.vc_custom_1614210383526{padding-top: 20px !important;}\u00bb][vc_column][vc_column_text] En Fe y Alegr\u00eda nos organizamos a trav\u00e9s de la REDARQU\u00cdA es una estructura funcional que integra y organiza a un conjunto de redes que responden a las prioridades institucionales con una visi\u00f3n y misi\u00f3n compartida y que convierte a Fe y Alegr\u00eda en una organizaci\u00f3n abierta al cambio para la\" \/>\n<meta property=\"og:url\" content=\"https:\/\/www.feyalegria.org\/guatemala\/organizacion\/\" \/>\n<meta property=\"og:site_name\" content=\"#SomosFeyAlegr\u00eda en Guatemala\" \/>\n<meta property=\"article:modified_time\" content=\"2021-03-24T16:11:08+00:00\" \/>\n<meta name=\"twitter:card\" content=\"summary_large_image\" \/>\n<meta name=\"twitter:label1\" content=\"Tiempo de lectura\" \/>\n\t<meta name=\"twitter:data1\" content=\"1 minuto\" \/>\n<script type=\"application\/ld+json\" class=\"yoast-schema-graph\">{\"@context\":\"https:\/\/schema.org\",\"@graph\":[{\"@type\":\"WebPage\",\"@id\":\"https:\/\/www.feyalegria.org\/guatemala\/organizacion\/\",\"url\":\"https:\/\/www.feyalegria.org\/guatemala\/organizacion\/\",\"name\":\"Organizaci\u00f3n - #SomosFeyAlegr\u00eda en Guatemala\",\"isPartOf\":{\"@id\":\"https:\/\/www.feyalegria.org\/guatemala\/#website\"},\"datePublished\":\"2020-11-24T17:00:59+00:00\",\"dateModified\":\"2021-03-24T16:11:08+00:00\",\"breadcrumb\":{\"@id\":\"https:\/\/www.feyalegria.org\/guatemala\/organizacion\/#breadcrumb\"},\"inLanguage\":\"es\",\"potentialAction\":[{\"@type\":\"ReadAction\",\"target\":[\"https:\/\/www.feyalegria.org\/guatemala\/organizacion\/\"]}]},{\"@type\":\"BreadcrumbList\",\"@id\":\"https:\/\/www.feyalegria.org\/guatemala\/organizacion\/#breadcrumb\",\"itemListElement\":[{\"@type\":\"ListItem\",\"position\":1,\"name\":\"Home\",\"item\":\"https:\/\/www.feyalegria.org\/guatemala\/\"},{\"@type\":\"ListItem\",\"position\":2,\"name\":\"Organizaci\u00f3n\"}]},{\"@type\":\"WebSite\",\"@id\":\"https:\/\/www.feyalegria.org\/guatemala\/#website\",\"url\":\"https:\/\/www.feyalegria.org\/guatemala\/\",\"name\":\"#SomosFeyAlegr\u00eda en Guatemala\",\"description\":\"Movimiento de Educaci\u00f3n Popular y Promoci\u00f3n Social\",\"potentialAction\":[{\"@type\":\"SearchAction\",\"target\":{\"@type\":\"EntryPoint\",\"urlTemplate\":\"https:\/\/www.feyalegria.org\/guatemala\/?s={search_term_string}\"},\"query-input\":{\"@type\":\"PropertyValueSpecification\",\"valueRequired\":true,\"valueName\":\"search_term_string\"}}],\"inLanguage\":\"es\"}]}<\/script>\n<!-- \/ Yoast SEO plugin. -->","yoast_head_json":{"title":"Organizaci\u00f3n - #SomosFeyAlegr\u00eda en Guatemala","robots":{"index":"index","follow":"follow","max-snippet":"max-snippet:-1","max-image-preview":"max-image-preview:large","max-video-preview":"max-video-preview:-1"},"canonical":"https:\/\/www.feyalegria.org\/guatemala\/organizacion\/","og_locale":"es_ES","og_type":"article","og_title":"Organizaci\u00f3n - #SomosFeyAlegr\u00eda en Guatemala","og_description":"[vc_row css=\u00bb.vc_custom_1614210383526{padding-top: 20px !important;}\u00bb][vc_column][vc_column_text] En Fe y Alegr\u00eda nos organizamos a trav\u00e9s de la REDARQU\u00cdA es una estructura funcional que integra y organiza a un conjunto de redes que responden a las prioridades institucionales con una visi\u00f3n y misi\u00f3n compartida y que convierte a Fe y Alegr\u00eda en una organizaci\u00f3n abierta al cambio para la","og_url":"https:\/\/www.feyalegria.org\/guatemala\/organizacion\/","og_site_name":"#SomosFeyAlegr\u00eda en Guatemala","article_modified_time":"2021-03-24T16:11:08+00:00","twitter_card":"summary_large_image","twitter_misc":{"Tiempo de lectura":"1 minuto"},"schema":{"@context":"https:\/\/schema.org","@graph":[{"@type":"WebPage","@id":"https:\/\/www.feyalegria.org\/guatemala\/organizacion\/","url":"https:\/\/www.feyalegria.org\/guatemala\/organizacion\/","name":"Organizaci\u00f3n - #SomosFeyAlegr\u00eda en Guatemala","isPartOf":{"@id":"https:\/\/www.feyalegria.org\/guatemala\/#website"},"datePublished":"2020-11-24T17:00:59+00:00","dateModified":"2021-03-24T16:11:08+00:00","breadcrumb":{"@id":"https:\/\/www.feyalegria.org\/guatemala\/organizacion\/#breadcrumb"},"inLanguage":"es","potentialAction":[{"@type":"ReadAction","target":["https:\/\/www.feyalegria.org\/guatemala\/organizacion\/"]}]},{"@type":"BreadcrumbList","@id":"https:\/\/www.feyalegria.org\/guatemala\/organizacion\/#breadcrumb","itemListElement":[{"@type":"ListItem","position":1,"name":"Home","item":"https:\/\/www.feyalegria.org\/guatemala\/"},{"@type":"ListItem","position":2,"name":"Organizaci\u00f3n"}]},{"@type":"WebSite","@id":"https:\/\/www.feyalegria.org\/guatemala\/#website","url":"https:\/\/www.feyalegria.org\/guatemala\/","name":"#SomosFeyAlegr\u00eda en Guatemala","description":"Movimiento de Educaci\u00f3n Popular y Promoci\u00f3n Social","potentialAction":[{"@type":"SearchAction","target":{"@type":"EntryPoint","urlTemplate":"https:\/\/www.feyalegria.org\/guatemala\/?s={search_term_string}"},"query-input":{"@type":"PropertyValueSpecification","valueRequired":true,"valueName":"search_term_string"}}],"inLanguage":"es"}]}},"_links":{"self":[{"href":"https:\/\/www.feyalegria.org\/guatemala\/wp-json\/wp\/v2\/pages\/2027","targetHints":{"allow":["GET"]}}],"collection":[{"href":"https:\/\/www.feyalegria.org\/guatemala\/wp-json\/wp\/v2\/pages"}],"about":[{"href":"https:\/\/www.feyalegria.org\/guatemala\/wp-json\/wp\/v2\/types\/page"}],"author":[{"embeddable":true,"href":"https:\/\/www.feyalegria.org\/guatemala\/wp-json\/wp\/v2\/users\/17"}],"replies":[{"embeddable":true,"href":"https:\/\/www.feyalegria.org\/guatemala\/wp-json\/wp\/v2\/comments?post=2027"}],"version-history":[{"count":0,"href":"https:\/\/www.feyalegria.org\/guatemala\/wp-json\/wp\/v2\/pages\/2027\/revisions"}],"wp:attachment":[{"href":"https:\/\/www.feyalegria.org\/guatemala\/wp-json\/wp\/v2\/media?parent=2027"}],"wp:term":[{"taxonomy":"folder","embeddable":true,"href":"https:\/\/www.feyalegria.org\/guatemala\/wp-json\/wp\/v2\/folder?post=2027"}],"curies":[{"name":"wp","href":"https:\/\/api.w.org\/{rel}","templated":true}]}}