 {"id":2042,"date":"2020-11-24T12:15:45","date_gmt":"2020-11-24T17:15:45","guid":{"rendered":"https:\/\/www.feyalegria.org\/guatemala\/?page_id=2042"},"modified":"2024-07-05T08:53:56","modified_gmt":"2024-07-05T13:53:56","slug":"como-nos-financiamos","status":"publish","type":"page","link":"https:\/\/www.feyalegria.org\/guatemala\/como-nos-financiamos\/","title":{"rendered":"\u00bfC\u00f3mo nos financiamos?"},"content":{"rendered":"<div class=\"wpb-content-wrapper\"><p>[vc_row css=\u00bb.vc_custom_1614619771216{margin-top: 40px !important;}\u00bb][vc_column][vc_row_inner css=\u00bb.vc_custom_1616603724305{background-color: #e4e4e4 !important;border-radius: 5px !important;}\u00bb][vc_column_inner]<div data-id=\"mpc_quote-1769d2a4d2a74ec\" class=\"mpc-quote mpc-init mpc-transition mpc-quote--style_1 mpc-icon--left \" ><div class=\"mpc-quote__wrapper\"><div class=\"mpc-quote__icon-wrapper\"><i class=\"mpc-quote__icon mpc-transition  fa fa-quote-left\"><\/i><\/div><div class=\"mpc-quote__content mpc-typography--preset_0\"><div class=\"mpc-quote__description\"><p>Hay que promover una sociedad educadora con responsabilidad compartida en la educaci\u00f3n de todos, incorporando los diversos agentes sociales y pol\u00edticos, las familias, las empresas, las iglesias, las comunidades, las organizaciones civiles, los gremios, etc. en los procesos de formulaci\u00f3n, ejecuci\u00f3n y control de pol\u00edticas educativas\u201d.<\/p>\n<\/div><div class=\"mpc-quote__signature mpc-typography--preset_0\"><span>P. Jos\u00e9 Mar\u00eda V\u00e9laz SJ<\/span><\/div><\/div><\/div><\/div><div style=\"background-color:;height: 30px\" class=\"nicdark_section  \"><\/div>[\/vc_column_inner][\/vc_row_inner][\/vc_column][\/vc_row][vc_row css=\u00bb.vc_custom_1614619771216{margin-top: 40px !important;}\u00bb][vc_column][vc_row_inner][vc_column_inner][vc_single_image image=\u00bb5113&#8243; img_size=\u00bbfull\u00bb alignment=\u00bbcenter\u00bb onclick=\u00bbcustom_link\u00bb img_link_target=\u00bb_blank\u00bb css_animation=\u00bbfadeIn\u00bb css=\u00bb\u00bb link=\u00bbhttps:\/\/d3pugrm67vf9n7.cloudfront.net\/wp-content\/uploads\/sites\/17\/2024\/07\/04160640\/FF20232.png\u00bb][vc_single_image image=\u00bb5112&#8243; img_size=\u00bbfull\u00bb alignment=\u00bbcenter\u00bb onclick=\u00bbcustom_link\u00bb img_link_target=\u00bb_blank\u00bb css_animation=\u00bbfadeIn\u00bb css=\u00bb\u00bb link=\u00bbhttps:\/\/d3pugrm67vf9n7.cloudfront.net\/wp-content\/uploads\/sites\/17\/2024\/07\/04160638\/FF2023.png\u00bb][vc_single_image image=\u00bb5114&#8243; img_size=\u00bbfull\u00bb alignment=\u00bbcenter\u00bb onclick=\u00bbcustom_link\u00bb img_link_target=\u00bb_blank\u00bb css_animation=\u00bbfadeIn\u00bb css=\u00bb\u00bb link=\u00bbhttps:\/\/d3pugrm67vf9n7.cloudfront.net\/wp-content\/uploads\/sites\/17\/2024\/07\/04160642\/FF20233.png\u00bb][\/vc_column_inner][\/vc_row_inner][vc_column_text]<\/p>\n<blockquote>\n<p style=\"text-align: center\"><span style=\"font-family: arial black, avant garde;color: #d10a10\"><strong>NOTA:<\/strong> <span style=\"font-family: Fira Sans\"><em>Las fuentes de financiamiento de la cooperaci\u00f3n internacional, incluyen los ingresos operados durante el ejercicio fiscal lo cual puede incluir saldos de ingresos por aplicar de periodos fiscales anteriores o remanentes operados en ingresos por aplicar para el siguiente ejercicio fiscal.<\/em><\/span><\/span><\/p>\n<\/blockquote>\n<p>[\/vc_column_text][\/vc_column][\/vc_row][vc_row][vc_column][vc_empty_space height=\u00bb50px\u00bb][\/vc_column][\/vc_row]<\/p>\n<\/div>","protected":false},"excerpt":{"rendered":"<p>[vc_row css=\u00bb.vc_custom_1614619771216{margin-top: 40px !important;}\u00bb][vc_column][vc_row_inner css=\u00bb.vc_custom_1616603724305{background-color: #e4e4e4 !important;border-radius: 5px !important;}\u00bb][vc_column_inner][\/vc_column_inner][\/vc_row_inner][\/vc_column][\/vc_row][vc_row css=\u00bb.vc_custom_1614619771216{margin-top: 40px !important;}\u00bb][vc_column][vc_row_inner][vc_column_inner][vc_single_image image=\u00bb5113&#8243; img_size=\u00bbfull\u00bb alignment=\u00bbcenter\u00bb onclick=\u00bbcustom_link\u00bb img_link_target=\u00bb_blank\u00bb css_animation=\u00bbfadeIn\u00bb css=\u00bb\u00bb link=\u00bbhttps:\/\/d3pugrm67vf9n7.cloudfront.net\/wp-content\/uploads\/sites\/17\/2024\/07\/04160640\/FF20232.png\u00bb][vc_single_image image=\u00bb5112&#8243; img_size=\u00bbfull\u00bb alignment=\u00bbcenter\u00bb onclick=\u00bbcustom_link\u00bb img_link_target=\u00bb_blank\u00bb css_animation=\u00bbfadeIn\u00bb css=\u00bb\u00bb link=\u00bbhttps:\/\/d3pugrm67vf9n7.cloudfront.net\/wp-content\/uploads\/sites\/17\/2024\/07\/04160638\/FF2023.png\u00bb][vc_single_image image=\u00bb5114&#8243; img_size=\u00bbfull\u00bb alignment=\u00bbcenter\u00bb onclick=\u00bbcustom_link\u00bb img_link_target=\u00bb_blank\u00bb css_animation=\u00bbfadeIn\u00bb css=\u00bb\u00bb link=\u00bbhttps:\/\/d3pugrm67vf9n7.cloudfront.net\/wp-content\/uploads\/sites\/17\/2024\/07\/04160642\/FF20233.png\u00bb][\/vc_column_inner][\/vc_row_inner][vc_column_text] NOTA: Las fuentes de financiamiento de la cooperaci\u00f3n internacional, incluyen los ingresos operados durante el ejercicio fiscal lo cual<\/p>\n","protected":false},"author":17,"featured_media":0,"parent":0,"menu_order":0,"comment_status":"closed","ping_status":"closed","template":"","meta":{"_acf_changed":false,"footnotes":""},"folder":[],"class_list":["post-2042","page","type-page","status-publish","hentry"],"acf":[],"yoast_head":"<!-- This site is optimized with the Yoast SEO plugin v27.2 - https:\/\/yoast.com\/product\/yoast-seo-wordpress\/ -->\n<title>\u00bfC\u00f3mo nos financiamos? - #SomosFeyAlegr\u00eda en Guatemala<\/title>\n<meta name=\"robots\" content=\"index, follow, max-snippet:-1, max-image-preview:large, max-video-preview:-1\" \/>\n<link rel=\"canonical\" href=\"https:\/\/www.feyalegria.org\/guatemala\/como-nos-financiamos\/\" \/>\n<meta property=\"og:locale\" content=\"es_ES\" \/>\n<meta property=\"og:type\" content=\"article\" \/>\n<meta property=\"og:title\" content=\"\u00bfC\u00f3mo nos financiamos? - #SomosFeyAlegr\u00eda en Guatemala\" \/>\n<meta property=\"og:description\" content=\"[vc_row css=\u00bb.vc_custom_1614619771216{margin-top: 40px !important;}\u00bb][vc_column][vc_row_inner css=\u00bb.vc_custom_1616603724305{background-color: #e4e4e4 !important;border-radius: 5px !important;}\u00bb][vc_column_inner][\/vc_column_inner][\/vc_row_inner][\/vc_column][\/vc_row][vc_row css=\u00bb.vc_custom_1614619771216{margin-top: 40px !important;}\u00bb][vc_column][vc_row_inner][vc_column_inner][vc_single_image image=\u00bb5113&#8243; img_size=\u00bbfull\u00bb alignment=\u00bbcenter\u00bb onclick=\u00bbcustom_link\u00bb img_link_target=\u00bb_blank\u00bb css_animation=\u00bbfadeIn\u00bb css=\u00bb\u00bb link=\u00bbhttps:\/\/d3pugrm67vf9n7.cloudfront.net\/wp-content\/uploads\/sites\/17\/2024\/07\/04160640\/FF20232.png\u00bb][vc_single_image image=\u00bb5112&#8243; img_size=\u00bbfull\u00bb alignment=\u00bbcenter\u00bb onclick=\u00bbcustom_link\u00bb img_link_target=\u00bb_blank\u00bb css_animation=\u00bbfadeIn\u00bb css=\u00bb\u00bb link=\u00bbhttps:\/\/d3pugrm67vf9n7.cloudfront.net\/wp-content\/uploads\/sites\/17\/2024\/07\/04160638\/FF2023.png\u00bb][vc_single_image image=\u00bb5114&#8243; img_size=\u00bbfull\u00bb alignment=\u00bbcenter\u00bb onclick=\u00bbcustom_link\u00bb img_link_target=\u00bb_blank\u00bb css_animation=\u00bbfadeIn\u00bb css=\u00bb\u00bb link=\u00bbhttps:\/\/d3pugrm67vf9n7.cloudfront.net\/wp-content\/uploads\/sites\/17\/2024\/07\/04160642\/FF20233.png\u00bb][\/vc_column_inner][\/vc_row_inner][vc_column_text] NOTA: Las fuentes de financiamiento de la cooperaci\u00f3n internacional, incluyen los ingresos operados durante el ejercicio fiscal lo cual\" \/>\n<meta property=\"og:url\" content=\"https:\/\/www.feyalegria.org\/guatemala\/como-nos-financiamos\/\" \/>\n<meta property=\"og:site_name\" content=\"#SomosFeyAlegr\u00eda en Guatemala\" \/>\n<meta property=\"article:modified_time\" content=\"2024-07-05T13:53:56+00:00\" \/>\n<meta name=\"twitter:card\" content=\"summary_large_image\" \/>\n<meta name=\"twitter:label1\" content=\"Tiempo de lectura\" \/>\n\t<meta name=\"twitter:data1\" content=\"2 minutos\" \/>\n<script type=\"application\/ld+json\" class=\"yoast-schema-graph\">{\"@context\":\"https:\/\/schema.org\",\"@graph\":[{\"@type\":\"WebPage\",\"@id\":\"https:\/\/www.feyalegria.org\/guatemala\/como-nos-financiamos\/\",\"url\":\"https:\/\/www.feyalegria.org\/guatemala\/como-nos-financiamos\/\",\"name\":\"\u00bfC\u00f3mo nos financiamos? - #SomosFeyAlegr\u00eda en Guatemala\",\"isPartOf\":{\"@id\":\"https:\/\/www.feyalegria.org\/guatemala\/#website\"},\"datePublished\":\"2020-11-24T17:15:45+00:00\",\"dateModified\":\"2024-07-05T13:53:56+00:00\",\"breadcrumb\":{\"@id\":\"https:\/\/www.feyalegria.org\/guatemala\/como-nos-financiamos\/#breadcrumb\"},\"inLanguage\":\"es\",\"potentialAction\":[{\"@type\":\"ReadAction\",\"target\":[\"https:\/\/www.feyalegria.org\/guatemala\/como-nos-financiamos\/\"]}]},{\"@type\":\"BreadcrumbList\",\"@id\":\"https:\/\/www.feyalegria.org\/guatemala\/como-nos-financiamos\/#breadcrumb\",\"itemListElement\":[{\"@type\":\"ListItem\",\"position\":1,\"name\":\"Home\",\"item\":\"https:\/\/www.feyalegria.org\/guatemala\/\"},{\"@type\":\"ListItem\",\"position\":2,\"name\":\"\u00bfC\u00f3mo nos financiamos?\"}]},{\"@type\":\"WebSite\",\"@id\":\"https:\/\/www.feyalegria.org\/guatemala\/#website\",\"url\":\"https:\/\/www.feyalegria.org\/guatemala\/\",\"name\":\"#SomosFeyAlegr\u00eda en Guatemala\",\"description\":\"Movimiento de Educaci\u00f3n Popular y Promoci\u00f3n Social\",\"potentialAction\":[{\"@type\":\"SearchAction\",\"target\":{\"@type\":\"EntryPoint\",\"urlTemplate\":\"https:\/\/www.feyalegria.org\/guatemala\/?s={search_term_string}\"},\"query-input\":{\"@type\":\"PropertyValueSpecification\",\"valueRequired\":true,\"valueName\":\"search_term_string\"}}],\"inLanguage\":\"es\"}]}<\/script>\n<!-- \/ Yoast SEO plugin. -->","yoast_head_json":{"title":"\u00bfC\u00f3mo nos financiamos? - #SomosFeyAlegr\u00eda en Guatemala","robots":{"index":"index","follow":"follow","max-snippet":"max-snippet:-1","max-image-preview":"max-image-preview:large","max-video-preview":"max-video-preview:-1"},"canonical":"https:\/\/www.feyalegria.org\/guatemala\/como-nos-financiamos\/","og_locale":"es_ES","og_type":"article","og_title":"\u00bfC\u00f3mo nos financiamos? - #SomosFeyAlegr\u00eda en Guatemala","og_description":"[vc_row css=\u00bb.vc_custom_1614619771216{margin-top: 40px !important;}\u00bb][vc_column][vc_row_inner css=\u00bb.vc_custom_1616603724305{background-color: #e4e4e4 !important;border-radius: 5px !important;}\u00bb][vc_column_inner][\/vc_column_inner][\/vc_row_inner][\/vc_column][\/vc_row][vc_row css=\u00bb.vc_custom_1614619771216{margin-top: 40px !important;}\u00bb][vc_column][vc_row_inner][vc_column_inner][vc_single_image image=\u00bb5113&#8243; img_size=\u00bbfull\u00bb alignment=\u00bbcenter\u00bb onclick=\u00bbcustom_link\u00bb img_link_target=\u00bb_blank\u00bb css_animation=\u00bbfadeIn\u00bb css=\u00bb\u00bb link=\u00bbhttps:\/\/d3pugrm67vf9n7.cloudfront.net\/wp-content\/uploads\/sites\/17\/2024\/07\/04160640\/FF20232.png\u00bb][vc_single_image image=\u00bb5112&#8243; img_size=\u00bbfull\u00bb alignment=\u00bbcenter\u00bb onclick=\u00bbcustom_link\u00bb img_link_target=\u00bb_blank\u00bb css_animation=\u00bbfadeIn\u00bb css=\u00bb\u00bb link=\u00bbhttps:\/\/d3pugrm67vf9n7.cloudfront.net\/wp-content\/uploads\/sites\/17\/2024\/07\/04160638\/FF2023.png\u00bb][vc_single_image image=\u00bb5114&#8243; img_size=\u00bbfull\u00bb alignment=\u00bbcenter\u00bb onclick=\u00bbcustom_link\u00bb img_link_target=\u00bb_blank\u00bb css_animation=\u00bbfadeIn\u00bb css=\u00bb\u00bb link=\u00bbhttps:\/\/d3pugrm67vf9n7.cloudfront.net\/wp-content\/uploads\/sites\/17\/2024\/07\/04160642\/FF20233.png\u00bb][\/vc_column_inner][\/vc_row_inner][vc_column_text] NOTA: Las fuentes de financiamiento de la cooperaci\u00f3n internacional, incluyen los ingresos operados durante el ejercicio fiscal lo cual","og_url":"https:\/\/www.feyalegria.org\/guatemala\/como-nos-financiamos\/","og_site_name":"#SomosFeyAlegr\u00eda en Guatemala","article_modified_time":"2024-07-05T13:53:56+00:00","twitter_card":"summary_large_image","twitter_misc":{"Tiempo de lectura":"2 minutos"},"schema":{"@context":"https:\/\/schema.org","@graph":[{"@type":"WebPage","@id":"https:\/\/www.feyalegria.org\/guatemala\/como-nos-financiamos\/","url":"https:\/\/www.feyalegria.org\/guatemala\/como-nos-financiamos\/","name":"\u00bfC\u00f3mo nos financiamos? - #SomosFeyAlegr\u00eda en Guatemala","isPartOf":{"@id":"https:\/\/www.feyalegria.org\/guatemala\/#website"},"datePublished":"2020-11-24T17:15:45+00:00","dateModified":"2024-07-05T13:53:56+00:00","breadcrumb":{"@id":"https:\/\/www.feyalegria.org\/guatemala\/como-nos-financiamos\/#breadcrumb"},"inLanguage":"es","potentialAction":[{"@type":"ReadAction","target":["https:\/\/www.feyalegria.org\/guatemala\/como-nos-financiamos\/"]}]},{"@type":"BreadcrumbList","@id":"https:\/\/www.feyalegria.org\/guatemala\/como-nos-financiamos\/#breadcrumb","itemListElement":[{"@type":"ListItem","position":1,"name":"Home","item":"https:\/\/www.feyalegria.org\/guatemala\/"},{"@type":"ListItem","position":2,"name":"\u00bfC\u00f3mo nos financiamos?"}]},{"@type":"WebSite","@id":"https:\/\/www.feyalegria.org\/guatemala\/#website","url":"https:\/\/www.feyalegria.org\/guatemala\/","name":"#SomosFeyAlegr\u00eda en Guatemala","description":"Movimiento de Educaci\u00f3n Popular y Promoci\u00f3n Social","potentialAction":[{"@type":"SearchAction","target":{"@type":"EntryPoint","urlTemplate":"https:\/\/www.feyalegria.org\/guatemala\/?s={search_term_string}"},"query-input":{"@type":"PropertyValueSpecification","valueRequired":true,"valueName":"search_term_string"}}],"inLanguage":"es"}]}},"_links":{"self":[{"href":"https:\/\/www.feyalegria.org\/guatemala\/wp-json\/wp\/v2\/pages\/2042","targetHints":{"allow":["GET"]}}],"collection":[{"href":"https:\/\/www.feyalegria.org\/guatemala\/wp-json\/wp\/v2\/pages"}],"about":[{"href":"https:\/\/www.feyalegria.org\/guatemala\/wp-json\/wp\/v2\/types\/page"}],"author":[{"embeddable":true,"href":"https:\/\/www.feyalegria.org\/guatemala\/wp-json\/wp\/v2\/users\/17"}],"replies":[{"embeddable":true,"href":"https:\/\/www.feyalegria.org\/guatemala\/wp-json\/wp\/v2\/comments?post=2042"}],"version-history":[{"count":0,"href":"https:\/\/www.feyalegria.org\/guatemala\/wp-json\/wp\/v2\/pages\/2042\/revisions"}],"wp:attachment":[{"href":"https:\/\/www.feyalegria.org\/guatemala\/wp-json\/wp\/v2\/media?parent=2042"}],"wp:term":[{"taxonomy":"folder","embeddable":true,"href":"https:\/\/www.feyalegria.org\/guatemala\/wp-json\/wp\/v2\/folder?post=2042"}],"curies":[{"name":"wp","href":"https:\/\/api.w.org\/{rel}","templated":true}]}}