 {"id":2050,"date":"2020-11-24T13:22:53","date_gmt":"2020-11-24T18:22:53","guid":{"rendered":"https:\/\/www.feyalegria.org\/guatemala\/?page_id=2050"},"modified":"2020-11-24T13:22:53","modified_gmt":"2020-11-24T18:22:53","slug":"federacion-internacional","status":"publish","type":"page","link":"https:\/\/www.feyalegria.org\/guatemala\/federacion-internacional\/","title":{"rendered":"Federaci\u00f3n Internacional"},"content":{"rendered":"<div class=\"wpb-content-wrapper\"><p>[vc_row][vc_column][vc_column_text]<\/p>\n<p>\n<strong><\/strong><\/p>\n<p style=\"text-align:center\"><strong class=\"tt_map\">Fe y Alegr\u00eda Internacional<\/strong><\/p>\n<p>[\/vc_column_text][vc_separator color=\u00bbcustom\u00bb style=\u00bbshadow\u00bb border_width=\u00bb4&#8243; accent_color=\u00bb#0473aa\u00bb][\/vc_column][\/vc_row][vc_row][vc_column][vc_row_inner][vc_column_inner][vc_column_text el_class=\u00bbnd_options_text_align_center_responsive\u00bb]<\/p>\n<p style=\"text-align: justify\">Fe y Alegr\u00eda nace en Venezuela en el a\u00f1o 1955, gracias al impulso del sacerdote jesuita P. Jos\u00e9 Mar\u00eda V\u00e9laz, s.j. como una respuesta ante la necesidad de sumar esfuerzos para crear servicios educativos en las zonas pobres de la ciudad.<\/p>\n<p>[\/vc_column_text][vc_column_text el_class=\u00bbnd_options_text_align_center_responsive\u00bb]<\/p>\n<p style=\"text-align: justify\">El Movimiento se ha constituido como una de las mayores redes de Educaci\u00f3n Popular en el mundo, atendiendo a m\u00e1s de 1.5 millones de personas y extendi\u00e9ndose a 19 pa\u00edses en 3 continentes: Latinoam\u00e9rica, \u00c1frica y Europa, asociadas como Federaci\u00f3n Internacional de Fe y Alegr\u00eda.<\/p>\n<p>[\/vc_column_text][vc_column_text el_class=\u00bbnd_options_text_align_center_responsive\u00bb]<\/p>\n<p style=\"text-align: justify\">La Federaci\u00f3n Internacional de Fe y Alegr\u00eda contribuye a la construcci\u00f3n colectiva y revisi\u00f3n permanente de la Propuesta de Educaci\u00f3n Popular y Promoci\u00f3n Social del Movimiento; promueve y gestiona programas, proyectos y acciones de cooperaci\u00f3n entre los pa\u00edses miembros para su desarrollo y fortalecimiento; favorece la informaci\u00f3n y comunicaci\u00f3n de experiencias entre los diversos pa\u00edses federados; impulsa la expansi\u00f3n del Movimiento a nuevos pa\u00edses y constituye una plataforma de representaci\u00f3n y dialogo con organismos internaciones.<\/p>\n<p>[\/vc_column_text][\/vc_column_inner][\/vc_row_inner][vc_row_inner][vc_column_inner width=\u00bb2\/3&#8243;][vc_column_text]<\/p>\n<p style=\"text-align: justify\"><strong>Fe y Alegr\u00eda en el mundo<br \/><\/strong><\/p>\n<p>Argentina<br \/>Bolivia<br \/>Brasil<br \/>Chile<br \/>Colombia<br \/>Ecuador<br \/>El Chad, \u00c1frica<br \/>El Salvador<br \/>Espa\u00f1a<br \/>Guatemala<br \/>Hait\u00ed<br \/>Honduras<br \/>Italia<br \/>Madagascar<br \/>Nicaragua<br \/>Panam\u00e1<br \/>Paraguay<br \/>Per\u00fa<br \/>RD Congo<br \/>Rep\u00fablica Dominicana<br \/>Uruguay<br \/>Venezuela<br \/>Guinea Conakry<br \/>Guyana<br \/>USA<br \/>Camboya<br \/>Kenia<br \/>Liberia<br \/>Mozambique<br \/>Nigeria<br \/>Sudan del Sur<\/p>\n<p>[\/vc_column_text][\/vc_column_inner][vc_column_inner width=\u00bb1\/3&#8243;][\/vc_column_inner][\/vc_row_inner][\/vc_column][\/vc_row][vc_row disable_element=\u00bbyes\u00bb][vc_column][vc_separator color=\u00bbcustom\u00bb style=\u00bbshadow\u00bb border_width=\u00bb4&#8243; accent_color=\u00bb#0473aa\u00bb][vc_column_text]<\/p>\n<p style=\"text-align:center\"><strong class=\"tt_map\">Transformamos Vidas<\/strong><\/p>\n<p>[\/vc_column_text]<div style=\"background-color:;height: 10px\" class=\"nicdark_section  \"><\/div>[vc_video link=\u00bbhttps:\/\/youtu.be\/6-U0S2vmjok\u00bb el_width=\u00bb70&#8243; align=\u00bbcenter\u00bb]<div style=\"background-color:;height: 10px\" class=\"nicdark_section  \"><\/div>[\/vc_column][\/vc_row][vc_row disable_element=\u00bbyes\u00bb][vc_column][vc_column_text]<\/p>\n<p>I am text block. Click edit button to change this text. Lorem ipsum dolor sit amet, consectetur adipiscing elit. Ut elit tellus, luctus nec ullamcorper mattis, pulvinar dapibus leo.<\/p>\n<p>[\/vc_column_text][\/vc_column][\/vc_row][vc_row][vc_column][vc_separator color=\u00bbcustom\u00bb style=\u00bbshadow\u00bb border_width=\u00bb4&#8243; accent_color=\u00bb#0473aa\u00bb]<div style=\"background-color:;height: 30px\" class=\"nicdark_section  \"><\/div>[\/vc_column][\/vc_row][vc_row disable_element=\u00bbyes\u00bb][vc_column][vc_column_text]<\/p>\n<p style=\"text-align:center\"><strong class=\"tt_map\">Donde termina el asfalto&#8230; comienza nuestra historia<\/strong><\/p>\n<p>[\/vc_column_text][vc_creativelink style=\u00bbcl-effect-2&#8243; align=\u00bbcenter\u00bb text=\u00bbClick Aqu\u00ed\u00bb url=\u00bburl:https%3A%2F%2Fwww.feyalegria.org%2Fguatemala%2Fnuestra-historia%2F|title:Nuestra%20Historia..|target:_blank\u00bb clr=\u00bb#ffffff\u00bb bgclr=\u00bb#cc3535&#8243; hoverclr=\u00bb#ffffff\u00bb hoverbg=\u00bb#cc0000&#8243; weight=\u00bb200&#8243;]<div style=\"background-color:;height: 20px\" class=\"nicdark_section  \"><\/div>[vc_separator color=\u00bbcustom\u00bb style=\u00bbshadow\u00bb border_width=\u00bb4&#8243; accent_color=\u00bb#0473aa\u00bb][\/vc_column][\/vc_row]<\/p>\n<\/div>","protected":false},"excerpt":{"rendered":"<p>[vc_row][vc_column][vc_column_text] Fe y Alegr\u00eda Internacional [\/vc_column_text][vc_separator color=\u00bbcustom\u00bb style=\u00bbshadow\u00bb border_width=\u00bb4&#8243; accent_color=\u00bb#0473aa\u00bb][\/vc_column][\/vc_row][vc_row][vc_column][vc_row_inner][vc_column_inner][vc_column_text el_class=\u00bbnd_options_text_align_center_responsive\u00bb] Fe y Alegr\u00eda nace en Venezuela en el a\u00f1o 1955, gracias al impulso del sacerdote jesuita P. Jos\u00e9 Mar\u00eda V\u00e9laz, s.j. como una respuesta ante la necesidad de sumar esfuerzos para crear servicios educativos en las zonas pobres de la ciudad. [\/vc_column_text][vc_column_text el_class=\u00bbnd_options_text_align_center_responsive\u00bb] El<\/p>\n","protected":false},"author":17,"featured_media":0,"parent":0,"menu_order":0,"comment_status":"closed","ping_status":"closed","template":"","meta":{"_acf_changed":false,"footnotes":""},"folder":[],"class_list":["post-2050","page","type-page","status-publish","hentry"],"acf":[],"yoast_head":"<!-- This site is optimized with the Yoast SEO plugin v27.2 - https:\/\/yoast.com\/product\/yoast-seo-wordpress\/ -->\n<title>Federaci\u00f3n Internacional - #SomosFeyAlegr\u00eda en Guatemala<\/title>\n<meta name=\"robots\" content=\"index, follow, max-snippet:-1, max-image-preview:large, max-video-preview:-1\" \/>\n<link rel=\"canonical\" href=\"https:\/\/www.feyalegria.org\/guatemala\/federacion-internacional\/\" \/>\n<meta property=\"og:locale\" content=\"es_ES\" \/>\n<meta property=\"og:type\" content=\"article\" \/>\n<meta property=\"og:title\" content=\"Federaci\u00f3n Internacional - #SomosFeyAlegr\u00eda en Guatemala\" \/>\n<meta property=\"og:description\" content=\"[vc_row][vc_column][vc_column_text] Fe y Alegr\u00eda Internacional [\/vc_column_text][vc_separator color=\u00bbcustom\u00bb style=\u00bbshadow\u00bb border_width=\u00bb4&#8243; accent_color=\u00bb#0473aa\u00bb][\/vc_column][\/vc_row][vc_row][vc_column][vc_row_inner][vc_column_inner][vc_column_text el_class=\u00bbnd_options_text_align_center_responsive\u00bb] Fe y Alegr\u00eda nace en Venezuela en el a\u00f1o 1955, gracias al impulso del sacerdote jesuita P. Jos\u00e9 Mar\u00eda V\u00e9laz, s.j. como una respuesta ante la necesidad de sumar esfuerzos para crear servicios educativos en las zonas pobres de la ciudad. [\/vc_column_text][vc_column_text el_class=\u00bbnd_options_text_align_center_responsive\u00bb] El\" \/>\n<meta property=\"og:url\" content=\"https:\/\/www.feyalegria.org\/guatemala\/federacion-internacional\/\" \/>\n<meta property=\"og:site_name\" content=\"#SomosFeyAlegr\u00eda en Guatemala\" \/>\n<meta name=\"twitter:card\" content=\"summary_large_image\" \/>\n<meta name=\"twitter:label1\" content=\"Tiempo de lectura\" \/>\n\t<meta name=\"twitter:data1\" content=\"3 minutos\" \/>\n<script type=\"application\/ld+json\" class=\"yoast-schema-graph\">{\"@context\":\"https:\/\/schema.org\",\"@graph\":[{\"@type\":\"WebPage\",\"@id\":\"https:\/\/www.feyalegria.org\/guatemala\/federacion-internacional\/\",\"url\":\"https:\/\/www.feyalegria.org\/guatemala\/federacion-internacional\/\",\"name\":\"Federaci\u00f3n Internacional - #SomosFeyAlegr\u00eda en Guatemala\",\"isPartOf\":{\"@id\":\"https:\/\/www.feyalegria.org\/guatemala\/#website\"},\"datePublished\":\"2020-11-24T18:22:53+00:00\",\"breadcrumb\":{\"@id\":\"https:\/\/www.feyalegria.org\/guatemala\/federacion-internacional\/#breadcrumb\"},\"inLanguage\":\"es\",\"potentialAction\":[{\"@type\":\"ReadAction\",\"target\":[\"https:\/\/www.feyalegria.org\/guatemala\/federacion-internacional\/\"]}]},{\"@type\":\"BreadcrumbList\",\"@id\":\"https:\/\/www.feyalegria.org\/guatemala\/federacion-internacional\/#breadcrumb\",\"itemListElement\":[{\"@type\":\"ListItem\",\"position\":1,\"name\":\"Home\",\"item\":\"https:\/\/www.feyalegria.org\/guatemala\/\"},{\"@type\":\"ListItem\",\"position\":2,\"name\":\"Federaci\u00f3n Internacional\"}]},{\"@type\":\"WebSite\",\"@id\":\"https:\/\/www.feyalegria.org\/guatemala\/#website\",\"url\":\"https:\/\/www.feyalegria.org\/guatemala\/\",\"name\":\"#SomosFeyAlegr\u00eda en Guatemala\",\"description\":\"Movimiento de Educaci\u00f3n Popular y Promoci\u00f3n Social\",\"potentialAction\":[{\"@type\":\"SearchAction\",\"target\":{\"@type\":\"EntryPoint\",\"urlTemplate\":\"https:\/\/www.feyalegria.org\/guatemala\/?s={search_term_string}\"},\"query-input\":{\"@type\":\"PropertyValueSpecification\",\"valueRequired\":true,\"valueName\":\"search_term_string\"}}],\"inLanguage\":\"es\"}]}<\/script>\n<!-- \/ Yoast SEO plugin. -->","yoast_head_json":{"title":"Federaci\u00f3n Internacional - #SomosFeyAlegr\u00eda en Guatemala","robots":{"index":"index","follow":"follow","max-snippet":"max-snippet:-1","max-image-preview":"max-image-preview:large","max-video-preview":"max-video-preview:-1"},"canonical":"https:\/\/www.feyalegria.org\/guatemala\/federacion-internacional\/","og_locale":"es_ES","og_type":"article","og_title":"Federaci\u00f3n Internacional - #SomosFeyAlegr\u00eda en Guatemala","og_description":"[vc_row][vc_column][vc_column_text] Fe y Alegr\u00eda Internacional [\/vc_column_text][vc_separator color=\u00bbcustom\u00bb style=\u00bbshadow\u00bb border_width=\u00bb4&#8243; accent_color=\u00bb#0473aa\u00bb][\/vc_column][\/vc_row][vc_row][vc_column][vc_row_inner][vc_column_inner][vc_column_text el_class=\u00bbnd_options_text_align_center_responsive\u00bb] Fe y Alegr\u00eda nace en Venezuela en el a\u00f1o 1955, gracias al impulso del sacerdote jesuita P. Jos\u00e9 Mar\u00eda V\u00e9laz, s.j. como una respuesta ante la necesidad de sumar esfuerzos para crear servicios educativos en las zonas pobres de la ciudad. [\/vc_column_text][vc_column_text el_class=\u00bbnd_options_text_align_center_responsive\u00bb] El","og_url":"https:\/\/www.feyalegria.org\/guatemala\/federacion-internacional\/","og_site_name":"#SomosFeyAlegr\u00eda en Guatemala","twitter_card":"summary_large_image","twitter_misc":{"Tiempo de lectura":"3 minutos"},"schema":{"@context":"https:\/\/schema.org","@graph":[{"@type":"WebPage","@id":"https:\/\/www.feyalegria.org\/guatemala\/federacion-internacional\/","url":"https:\/\/www.feyalegria.org\/guatemala\/federacion-internacional\/","name":"Federaci\u00f3n Internacional - #SomosFeyAlegr\u00eda en Guatemala","isPartOf":{"@id":"https:\/\/www.feyalegria.org\/guatemala\/#website"},"datePublished":"2020-11-24T18:22:53+00:00","breadcrumb":{"@id":"https:\/\/www.feyalegria.org\/guatemala\/federacion-internacional\/#breadcrumb"},"inLanguage":"es","potentialAction":[{"@type":"ReadAction","target":["https:\/\/www.feyalegria.org\/guatemala\/federacion-internacional\/"]}]},{"@type":"BreadcrumbList","@id":"https:\/\/www.feyalegria.org\/guatemala\/federacion-internacional\/#breadcrumb","itemListElement":[{"@type":"ListItem","position":1,"name":"Home","item":"https:\/\/www.feyalegria.org\/guatemala\/"},{"@type":"ListItem","position":2,"name":"Federaci\u00f3n Internacional"}]},{"@type":"WebSite","@id":"https:\/\/www.feyalegria.org\/guatemala\/#website","url":"https:\/\/www.feyalegria.org\/guatemala\/","name":"#SomosFeyAlegr\u00eda en Guatemala","description":"Movimiento de Educaci\u00f3n Popular y Promoci\u00f3n Social","potentialAction":[{"@type":"SearchAction","target":{"@type":"EntryPoint","urlTemplate":"https:\/\/www.feyalegria.org\/guatemala\/?s={search_term_string}"},"query-input":{"@type":"PropertyValueSpecification","valueRequired":true,"valueName":"search_term_string"}}],"inLanguage":"es"}]}},"_links":{"self":[{"href":"https:\/\/www.feyalegria.org\/guatemala\/wp-json\/wp\/v2\/pages\/2050","targetHints":{"allow":["GET"]}}],"collection":[{"href":"https:\/\/www.feyalegria.org\/guatemala\/wp-json\/wp\/v2\/pages"}],"about":[{"href":"https:\/\/www.feyalegria.org\/guatemala\/wp-json\/wp\/v2\/types\/page"}],"author":[{"embeddable":true,"href":"https:\/\/www.feyalegria.org\/guatemala\/wp-json\/wp\/v2\/users\/17"}],"replies":[{"embeddable":true,"href":"https:\/\/www.feyalegria.org\/guatemala\/wp-json\/wp\/v2\/comments?post=2050"}],"version-history":[{"count":0,"href":"https:\/\/www.feyalegria.org\/guatemala\/wp-json\/wp\/v2\/pages\/2050\/revisions"}],"wp:attachment":[{"href":"https:\/\/www.feyalegria.org\/guatemala\/wp-json\/wp\/v2\/media?parent=2050"}],"wp:term":[{"taxonomy":"folder","embeddable":true,"href":"https:\/\/www.feyalegria.org\/guatemala\/wp-json\/wp\/v2\/folder?post=2050"}],"curies":[{"name":"wp","href":"https:\/\/api.w.org\/{rel}","templated":true}]}}