 {"id":3287,"date":"2022-06-14T15:17:52","date_gmt":"2022-06-14T20:17:52","guid":{"rendered":"https:\/\/www.feyalegria.org\/guatemala\/?page_id=3287"},"modified":"2023-09-29T07:23:23","modified_gmt":"2023-09-29T12:23:23","slug":"testimonios","status":"publish","type":"page","link":"https:\/\/www.feyalegria.org\/guatemala\/testimonios\/","title":{"rendered":"Testimonios"},"content":{"rendered":"<div class=\"wpb-content-wrapper\"><p>[vc_row][vc_column][vc_tta_tour][vc_tta_section title=\u00bbLa educaci\u00f3n es un derecho NO un privilegio\u00bb tab_id=\u00bb1655238670710-4535c6e8-44cd\u00bb][vc_video link=\u00bbhttps:\/\/youtu.be\/JlvbckV-Nqg\u00bb align=\u00bbcenter\u00bb css_animation=\u00bbbounceInUp\u00bb][\/vc_tta_section][vc_tta_section title=\u00bbA m\u00e1s educaci\u00f3n, MEJOR FUTURO\u00bb tab_id=\u00bb1655238670710-21c40246-b540&#8243;][vc_video link=\u00bbhttps:\/\/youtu.be\/Lvkvwx1ZyyI\u00bb align=\u00bbcenter\u00bb css_animation=\u00bbbounceInUp\u00bb][\/vc_tta_section][vc_tta_section title=\u00bbLa educaci\u00f3n debe ser gratuita y accesible para todos\u00bb tab_id=\u00bb1655238687900-5b75d4bc-a85c\u00bb][vc_video link=\u00bbhttps:\/\/youtu.be\/L1svP2ZODyY\u00bb align=\u00bbcenter\u00bb css_animation=\u00bbbounceInUp\u00bb][\/vc_tta_section][vc_tta_section title=\u00bbLa educaci\u00f3n NO tiene g\u00e9nero. Las ni\u00f1as tienen derecho a elegir.\u00bb tab_id=\u00bb1659374232671-f2791b82-0880&#8243;][vc_video link=\u00bbhttps:\/\/youtu.be\/dEfrk5ZqMHk\u00bb align=\u00bbcenter\u00bb css_animation=\u00bbbounceInUp\u00bb][\/vc_tta_section][vc_tta_section title=\u00bb\u00a1No hay excusa que valga para dejar de educar a nuestra juventud!\u00bb tab_id=\u00bb1659374234463-cb4f06dd-4873&#8243;][vc_video link=\u00bbhttps:\/\/youtu.be\/iwb6zQUTwLc\u00bb align=\u00bbcenter\u00bb css_animation=\u00bbbounceInUp\u00bb][\/vc_tta_section][vc_tta_section title=\u00bbPara cambiar nuestra sociedad se debe ense\u00f1ar con el coraz\u00f3n\u00bb tab_id=\u00bb1659374922993-58979323-146a\u00bb][vc_video link=\u00bbhttps:\/\/youtu.be\/cFKmIKlBhbw\u00bb align=\u00bbcenter\u00bb css_animation=\u00bbbounceInUp\u00bb][\/vc_tta_section][vc_tta_section title=\u00bbLa desigualdad es promovida por el machismo\u00bb tab_id=\u00bb1659375060055-d648363e-cf3f\u00bb][vc_video link=\u00bbhttps:\/\/youtu.be\/YbH54G5QxYU\u00bb align=\u00bbright\u00bb css_animation=\u00bbbounceInUp\u00bb][\/vc_tta_section][vc_tta_section title=\u00bb\u00a1Todos podemos ser Agentes Transformadores!\u00bb tab_id=\u00bb1659375207230-d6f356c8-be98&#8243;][vc_video link=\u00bbhttps:\/\/youtu.be\/huBq6TNCJgY\u00bb align=\u00bbcenter\u00bb css_animation=\u00bbbounceInUp\u00bb][\/vc_tta_section][vc_tta_section title=\u00bbFactores que limitan la educaci\u00f3n de las ni\u00f1as en Guatemala\u00bb tab_id=\u00bb1659375350875-52cb46ce-3134&#8243;][vc_video link=\u00bbhttps:\/\/youtu.be\/0J-d4MkA2Xc\u00bb align=\u00bbcenter\u00bb css_animation=\u00bbbounceInUp\u00bb][\/vc_tta_section][vc_tta_section title=\u00bbOpini\u00f3n de una Ni\u00f1a Colibr\u00ed: Importancia de la Educaci\u00f3n Igualitaria\u00bb tab_id=\u00bb1659375703834-1ab318ec-51c6&#8243;][vc_video link=\u00bbhttps:\/\/youtu.be\/5t0ecAJ5Z78&#8243; align=\u00bbcenter\u00bb css_animation=\u00bbbounceInUp\u00bb][\/vc_tta_section][\/vc_tta_tour][\/vc_column][\/vc_row][vc_row][vc_column width=\u00bb1\/4&#8243;][\/vc_column][vc_column width=\u00bb1\/2&#8243;][vc_gallery interval=\u00bb3&#8243; images=\u00bb3184,3183,3182,3237&#8243; img_size=\u00bbfull\u00bb title=\u00bbGaler\u00eda de fotos\u00bb][\/vc_column][vc_column width=\u00bb1\/4&#8243;][\/vc_column][\/vc_row]<\/p>\n<\/div>","protected":false},"excerpt":{"rendered":"<p>[vc_row][vc_column][vc_tta_tour][vc_tta_section title=\u00bbLa educaci\u00f3n es un derecho NO un privilegio\u00bb tab_id=\u00bb1655238670710-4535c6e8-44cd\u00bb][vc_video link=\u00bbhttps:\/\/youtu.be\/JlvbckV-Nqg\u00bb align=\u00bbcenter\u00bb css_animation=\u00bbbounceInUp\u00bb][\/vc_tta_section][vc_tta_section title=\u00bbA m\u00e1s educaci\u00f3n, MEJOR FUTURO\u00bb tab_id=\u00bb1655238670710-21c40246-b540&#8243;][vc_video link=\u00bbhttps:\/\/youtu.be\/Lvkvwx1ZyyI\u00bb align=\u00bbcenter\u00bb css_animation=\u00bbbounceInUp\u00bb][\/vc_tta_section][vc_tta_section title=\u00bbLa educaci\u00f3n debe ser gratuita y accesible para todos\u00bb tab_id=\u00bb1655238687900-5b75d4bc-a85c\u00bb][vc_video link=\u00bbhttps:\/\/youtu.be\/L1svP2ZODyY\u00bb align=\u00bbcenter\u00bb css_animation=\u00bbbounceInUp\u00bb][\/vc_tta_section][vc_tta_section title=\u00bbLa educaci\u00f3n NO tiene g\u00e9nero. Las ni\u00f1as tienen derecho a elegir.\u00bb tab_id=\u00bb1659374232671-f2791b82-0880&#8243;][vc_video link=\u00bbhttps:\/\/youtu.be\/dEfrk5ZqMHk\u00bb align=\u00bbcenter\u00bb css_animation=\u00bbbounceInUp\u00bb][\/vc_tta_section][vc_tta_section title=\u00bb\u00a1No hay excusa que valga<\/p>\n","protected":false},"author":51,"featured_media":0,"parent":0,"menu_order":0,"comment_status":"closed","ping_status":"closed","template":"","meta":{"_acf_changed":false,"footnotes":""},"folder":[],"class_list":["post-3287","page","type-page","status-publish","hentry"],"acf":[],"yoast_head":"<!-- This site is optimized with the Yoast SEO plugin v27.2 - https:\/\/yoast.com\/product\/yoast-seo-wordpress\/ -->\n<title>Testimonios - #SomosFeyAlegr\u00eda en Guatemala<\/title>\n<meta name=\"robots\" content=\"index, follow, max-snippet:-1, max-image-preview:large, max-video-preview:-1\" \/>\n<link rel=\"canonical\" href=\"https:\/\/www.feyalegria.org\/guatemala\/testimonios\/\" \/>\n<meta property=\"og:locale\" content=\"es_ES\" \/>\n<meta property=\"og:type\" content=\"article\" \/>\n<meta property=\"og:title\" content=\"Testimonios - #SomosFeyAlegr\u00eda en Guatemala\" \/>\n<meta property=\"og:description\" content=\"[vc_row][vc_column][vc_tta_tour][vc_tta_section title=\u00bbLa educaci\u00f3n es un derecho NO un privilegio\u00bb tab_id=\u00bb1655238670710-4535c6e8-44cd\u00bb][vc_video link=\u00bbhttps:\/\/youtu.be\/JlvbckV-Nqg\u00bb align=\u00bbcenter\u00bb css_animation=\u00bbbounceInUp\u00bb][\/vc_tta_section][vc_tta_section title=\u00bbA m\u00e1s educaci\u00f3n, MEJOR FUTURO\u00bb tab_id=\u00bb1655238670710-21c40246-b540&#8243;][vc_video link=\u00bbhttps:\/\/youtu.be\/Lvkvwx1ZyyI\u00bb align=\u00bbcenter\u00bb css_animation=\u00bbbounceInUp\u00bb][\/vc_tta_section][vc_tta_section title=\u00bbLa educaci\u00f3n debe ser gratuita y accesible para todos\u00bb tab_id=\u00bb1655238687900-5b75d4bc-a85c\u00bb][vc_video link=\u00bbhttps:\/\/youtu.be\/L1svP2ZODyY\u00bb align=\u00bbcenter\u00bb css_animation=\u00bbbounceInUp\u00bb][\/vc_tta_section][vc_tta_section title=\u00bbLa educaci\u00f3n NO tiene g\u00e9nero. Las ni\u00f1as tienen derecho a elegir.\u00bb tab_id=\u00bb1659374232671-f2791b82-0880&#8243;][vc_video link=\u00bbhttps:\/\/youtu.be\/dEfrk5ZqMHk\u00bb align=\u00bbcenter\u00bb css_animation=\u00bbbounceInUp\u00bb][\/vc_tta_section][vc_tta_section title=\u00bb\u00a1No hay excusa que valga\" \/>\n<meta property=\"og:url\" content=\"https:\/\/www.feyalegria.org\/guatemala\/testimonios\/\" \/>\n<meta property=\"og:site_name\" content=\"#SomosFeyAlegr\u00eda en Guatemala\" \/>\n<meta property=\"article:modified_time\" content=\"2023-09-29T12:23:23+00:00\" \/>\n<meta name=\"twitter:card\" content=\"summary_large_image\" \/>\n<meta name=\"twitter:label1\" content=\"Tiempo de lectura\" \/>\n\t<meta name=\"twitter:data1\" content=\"1 minuto\" \/>\n<script type=\"application\/ld+json\" class=\"yoast-schema-graph\">{\"@context\":\"https:\/\/schema.org\",\"@graph\":[{\"@type\":\"WebPage\",\"@id\":\"https:\/\/www.feyalegria.org\/guatemala\/testimonios\/\",\"url\":\"https:\/\/www.feyalegria.org\/guatemala\/testimonios\/\",\"name\":\"Testimonios - #SomosFeyAlegr\u00eda en Guatemala\",\"isPartOf\":{\"@id\":\"https:\/\/www.feyalegria.org\/guatemala\/#website\"},\"datePublished\":\"2022-06-14T20:17:52+00:00\",\"dateModified\":\"2023-09-29T12:23:23+00:00\",\"breadcrumb\":{\"@id\":\"https:\/\/www.feyalegria.org\/guatemala\/testimonios\/#breadcrumb\"},\"inLanguage\":\"es\",\"potentialAction\":[{\"@type\":\"ReadAction\",\"target\":[\"https:\/\/www.feyalegria.org\/guatemala\/testimonios\/\"]}]},{\"@type\":\"BreadcrumbList\",\"@id\":\"https:\/\/www.feyalegria.org\/guatemala\/testimonios\/#breadcrumb\",\"itemListElement\":[{\"@type\":\"ListItem\",\"position\":1,\"name\":\"Home\",\"item\":\"https:\/\/www.feyalegria.org\/guatemala\/\"},{\"@type\":\"ListItem\",\"position\":2,\"name\":\"Testimonios\"}]},{\"@type\":\"WebSite\",\"@id\":\"https:\/\/www.feyalegria.org\/guatemala\/#website\",\"url\":\"https:\/\/www.feyalegria.org\/guatemala\/\",\"name\":\"#SomosFeyAlegr\u00eda en Guatemala\",\"description\":\"Movimiento de Educaci\u00f3n Popular y Promoci\u00f3n Social\",\"potentialAction\":[{\"@type\":\"SearchAction\",\"target\":{\"@type\":\"EntryPoint\",\"urlTemplate\":\"https:\/\/www.feyalegria.org\/guatemala\/?s={search_term_string}\"},\"query-input\":{\"@type\":\"PropertyValueSpecification\",\"valueRequired\":true,\"valueName\":\"search_term_string\"}}],\"inLanguage\":\"es\"}]}<\/script>\n<!-- \/ Yoast SEO plugin. -->","yoast_head_json":{"title":"Testimonios - #SomosFeyAlegr\u00eda en Guatemala","robots":{"index":"index","follow":"follow","max-snippet":"max-snippet:-1","max-image-preview":"max-image-preview:large","max-video-preview":"max-video-preview:-1"},"canonical":"https:\/\/www.feyalegria.org\/guatemala\/testimonios\/","og_locale":"es_ES","og_type":"article","og_title":"Testimonios - #SomosFeyAlegr\u00eda en Guatemala","og_description":"[vc_row][vc_column][vc_tta_tour][vc_tta_section title=\u00bbLa educaci\u00f3n es un derecho NO un privilegio\u00bb tab_id=\u00bb1655238670710-4535c6e8-44cd\u00bb][vc_video link=\u00bbhttps:\/\/youtu.be\/JlvbckV-Nqg\u00bb align=\u00bbcenter\u00bb css_animation=\u00bbbounceInUp\u00bb][\/vc_tta_section][vc_tta_section title=\u00bbA m\u00e1s educaci\u00f3n, MEJOR FUTURO\u00bb tab_id=\u00bb1655238670710-21c40246-b540&#8243;][vc_video link=\u00bbhttps:\/\/youtu.be\/Lvkvwx1ZyyI\u00bb align=\u00bbcenter\u00bb css_animation=\u00bbbounceInUp\u00bb][\/vc_tta_section][vc_tta_section title=\u00bbLa educaci\u00f3n debe ser gratuita y accesible para todos\u00bb tab_id=\u00bb1655238687900-5b75d4bc-a85c\u00bb][vc_video link=\u00bbhttps:\/\/youtu.be\/L1svP2ZODyY\u00bb align=\u00bbcenter\u00bb css_animation=\u00bbbounceInUp\u00bb][\/vc_tta_section][vc_tta_section title=\u00bbLa educaci\u00f3n NO tiene g\u00e9nero. Las ni\u00f1as tienen derecho a elegir.\u00bb tab_id=\u00bb1659374232671-f2791b82-0880&#8243;][vc_video link=\u00bbhttps:\/\/youtu.be\/dEfrk5ZqMHk\u00bb align=\u00bbcenter\u00bb css_animation=\u00bbbounceInUp\u00bb][\/vc_tta_section][vc_tta_section title=\u00bb\u00a1No hay excusa que valga","og_url":"https:\/\/www.feyalegria.org\/guatemala\/testimonios\/","og_site_name":"#SomosFeyAlegr\u00eda en Guatemala","article_modified_time":"2023-09-29T12:23:23+00:00","twitter_card":"summary_large_image","twitter_misc":{"Tiempo de lectura":"1 minuto"},"schema":{"@context":"https:\/\/schema.org","@graph":[{"@type":"WebPage","@id":"https:\/\/www.feyalegria.org\/guatemala\/testimonios\/","url":"https:\/\/www.feyalegria.org\/guatemala\/testimonios\/","name":"Testimonios - #SomosFeyAlegr\u00eda en Guatemala","isPartOf":{"@id":"https:\/\/www.feyalegria.org\/guatemala\/#website"},"datePublished":"2022-06-14T20:17:52+00:00","dateModified":"2023-09-29T12:23:23+00:00","breadcrumb":{"@id":"https:\/\/www.feyalegria.org\/guatemala\/testimonios\/#breadcrumb"},"inLanguage":"es","potentialAction":[{"@type":"ReadAction","target":["https:\/\/www.feyalegria.org\/guatemala\/testimonios\/"]}]},{"@type":"BreadcrumbList","@id":"https:\/\/www.feyalegria.org\/guatemala\/testimonios\/#breadcrumb","itemListElement":[{"@type":"ListItem","position":1,"name":"Home","item":"https:\/\/www.feyalegria.org\/guatemala\/"},{"@type":"ListItem","position":2,"name":"Testimonios"}]},{"@type":"WebSite","@id":"https:\/\/www.feyalegria.org\/guatemala\/#website","url":"https:\/\/www.feyalegria.org\/guatemala\/","name":"#SomosFeyAlegr\u00eda en Guatemala","description":"Movimiento de Educaci\u00f3n Popular y Promoci\u00f3n Social","potentialAction":[{"@type":"SearchAction","target":{"@type":"EntryPoint","urlTemplate":"https:\/\/www.feyalegria.org\/guatemala\/?s={search_term_string}"},"query-input":{"@type":"PropertyValueSpecification","valueRequired":true,"valueName":"search_term_string"}}],"inLanguage":"es"}]}},"_links":{"self":[{"href":"https:\/\/www.feyalegria.org\/guatemala\/wp-json\/wp\/v2\/pages\/3287","targetHints":{"allow":["GET"]}}],"collection":[{"href":"https:\/\/www.feyalegria.org\/guatemala\/wp-json\/wp\/v2\/pages"}],"about":[{"href":"https:\/\/www.feyalegria.org\/guatemala\/wp-json\/wp\/v2\/types\/page"}],"author":[{"embeddable":true,"href":"https:\/\/www.feyalegria.org\/guatemala\/wp-json\/wp\/v2\/users\/51"}],"replies":[{"embeddable":true,"href":"https:\/\/www.feyalegria.org\/guatemala\/wp-json\/wp\/v2\/comments?post=3287"}],"version-history":[{"count":0,"href":"https:\/\/www.feyalegria.org\/guatemala\/wp-json\/wp\/v2\/pages\/3287\/revisions"}],"wp:attachment":[{"href":"https:\/\/www.feyalegria.org\/guatemala\/wp-json\/wp\/v2\/media?parent=3287"}],"wp:term":[{"taxonomy":"folder","embeddable":true,"href":"https:\/\/www.feyalegria.org\/guatemala\/wp-json\/wp\/v2\/folder?post=3287"}],"curies":[{"name":"wp","href":"https:\/\/api.w.org\/{rel}","templated":true}]}}