 {"id":3873,"date":"2023-02-08T10:55:10","date_gmt":"2023-02-08T15:55:10","guid":{"rendered":"https:\/\/www.feyalegria.org\/guatemala\/?page_id=3873"},"modified":"2023-02-08T16:44:13","modified_gmt":"2023-02-08T21:44:13","slug":"evaluacion-riesgos","status":"publish","type":"page","link":"https:\/\/www.feyalegria.org\/guatemala\/evaluacion-riesgos\/","title":{"rendered":"Evaluaci\u00f3n de Riesgos e Informe Anual de Control Interno"},"content":{"rendered":"<div class=\"wpb-content-wrapper\"><p>[vc_row][vc_column]<div style=\"background-color:;height: 30px\" class=\"nicdark_section  \"><\/div>[\/vc_column][\/vc_row][vc_row][vc_column width=\u00bb3\/4&#8243;][vc_column_text css=\u00bb.vc_custom_1675892466704{margin-right: 40px !important;}\u00bb]<\/p>\n<p style=\"text-align: justify\">En esta p\u00e1gina encuentra informacion de dominio p\u00fablico, para dar el cumplimiento al acuerdo n\u00famero <strong>A-028-2021 de fecha 13 de julio de 2021, emitido por la Contralor\u00eda General de Cuentas<\/strong>. Sistema Nacional de Control Interno Gubernamental, SINACIG.<\/p>\n<p>\u00a0[\/vc_column_text][\/vc_column][vc_column width=\u00bb1\/4&#8243;][\/vc_column][\/vc_row][vc_row][vc_column]<div style=\"background-color:;height: 20px\" class=\"nicdark_section  \"><\/div>[\/vc_column][\/vc_row][vc_row css=\u00bb.vc_custom_1675876006425{background-color: rgba(228,228,228,0.69) !important;*background-color: rgb(228,228,228) !important;border-radius: 20px !important;}\u00bb][vc_column width=\u00bb1\/2&#8243; css=\u00bb.vc_custom_1675875859254{margin-top: -30px !important;}\u00bb][info_list_father listwidth=\u00bb2&#8243; listclr=\u00bb#aa0f16&#8243;][info_list_son style=\u00bbicon\u00bb width=\u00bb60&#8243; height=\u00bb60&#8243; borderwidth=\u00bb5&#8243; titlesize=\u00bb14&#8243; titleclr=\u00bb#3a3a3a\u00bb icon=\u00bbfas fa-shield-alt\u00bb iconclr=\u00bb#aa0f16&#8243; iconbg=\u00bb#ffffff\u00bb borderclr=\u00bb#aa0f16&#8243; title=\u00bbMatrices de Evaluaci\u00f3n de Riesgos\u00bb lineheight=\u00bb5&#8243;][\/info_list_son][\/info_list_father]<div style=\"background-color:;height: 15px\" class=\"nicdark_section  \"><\/div>[vc_btn title=\u00bb01. Matriz de evaluaci\u00f3n de riesgos\u00bb style=\u00bboutline-custom\u00bb outline_custom_color=\u00bb#aa0f16&#8243; outline_custom_hover_background=\u00bb#aa0f16&#8243; outline_custom_hover_text=\u00bb#ffffff\u00bb align=\u00bbcenter\u00bb i_icon_fontawesome=\u00bbfas fa-download\u00bb add_icon=\u00bbtrue\u00bb link=\u00bburl:https%3A%2F%2Fdrive.google.com%2Ffile%2Fd%2F1eDxEouif017hjkw3mf8Bb8xbC0R96kxy%2Fview%3Fusp%3Dsharing|target:_blank\u00bb]<div style=\"background-color:;height: 15px\" class=\"nicdark_section  \"><\/div>[vc_btn title=\u00bb02. Mapa de riesgos\u00bb style=\u00bboutline-custom\u00bb outline_custom_color=\u00bb#aa0f16&#8243; outline_custom_hover_background=\u00bb#aa0f16&#8243; outline_custom_hover_text=\u00bb#ffffff\u00bb align=\u00bbcenter\u00bb i_icon_fontawesome=\u00bbfas fa-download\u00bb add_icon=\u00bbtrue\u00bb link=\u00bburl:https%3A%2F%2Fdrive.google.com%2Ffile%2Fd%2F1kdcvSLXxicr03WaBCW5bZs6t9YxKuyfu%2Fview%3Fusp%3Dshare_link|target:_blank\u00bb]<div style=\"background-color:;height: 15px\" class=\"nicdark_section  \"><\/div>[vc_btn title=\u00bb03. Plan de trabajo evaluaci\u00f3n de riesgos\u00bb style=\u00bboutline-custom\u00bb outline_custom_color=\u00bb#aa0f16&#8243; outline_custom_hover_background=\u00bb#aa0f16&#8243; outline_custom_hover_text=\u00bb#ffffff\u00bb align=\u00bbcenter\u00bb i_icon_fontawesome=\u00bbfas fa-download\u00bb add_icon=\u00bbtrue\u00bb link=\u00bburl:https%3A%2F%2Fdrive.google.com%2Ffile%2Fd%2F1RGn12614CF2MvZ1xQL9AGSypjvIobfF0%2Fview%3Fusp%3Dsharing|target:_blank\u00bb][\/vc_column][vc_column width=\u00bb1\/2&#8243; css=\u00bb.vc_custom_1675875887437{margin-top: -30px !important;}\u00bb][info_list_father listwidth=\u00bb2&#8243; listclr=\u00bb#aa0f16&#8243;][info_list_son style=\u00bbicon\u00bb width=\u00bb60&#8243; height=\u00bb60&#8243; borderwidth=\u00bb5&#8243; titlesize=\u00bb14&#8243; titleclr=\u00bb#3a3a3a\u00bb icon=\u00bbfas fa-file-alt\u00bb iconclr=\u00bb#aa0f16&#8243; iconbg=\u00bb#ffffff\u00bb borderclr=\u00bb#aa0f16&#8243; title=\u00bbInforme Anual de Control Interno\u00bb lineheight=\u00bb5&#8243;][\/info_list_son][\/info_list_father]<div style=\"background-color:;height: 15px\" class=\"nicdark_section  \"><\/div>[vc_btn title=\u00bb04. Informe Anual Control Interno\u00bb style=\u00bboutline-custom\u00bb outline_custom_color=\u00bb#aa0f16&#8243; outline_custom_hover_background=\u00bb#aa0f16&#8243; outline_custom_hover_text=\u00bb#ffffff\u00bb align=\u00bbcenter\u00bb i_icon_fontawesome=\u00bbfas fa-download\u00bb add_icon=\u00bbtrue\u00bb link=\u00bburl:https%3A%2F%2Fdrive.google.com%2Ffile%2Fd%2F1-c1JAmAXOTbBWPQtUOg8GmtTLB4j9pdK%2Fview%3Fusp%3Dsharing|target:_blank\u00bb][\/vc_column][\/vc_row][vc_row disable_element=\u00bbyes\u00bb css=\u00bb.vc_custom_1675871589288{padding-right: 60px !important;padding-bottom: 40px !important;background-color: rgba(228,228,228,0.69) !important;*background-color: rgb(228,228,228) !important;}\u00bb][vc_column width=\u00bb1\/3&#8243;][info_list_father listwidth=\u00bb2&#8243; listclr=\u00bb#aa0f16&#8243;][info_list_son style=\u00bbicon\u00bb width=\u00bb60&#8243; height=\u00bb60&#8243; borderwidth=\u00bb5&#8243; titlesize=\u00bb14&#8243; titleclr=\u00bb#3a3a3a\u00bb icon=\u00bbfas fa-chalkboard-teacher\u00bb iconclr=\u00bb#aa0f16&#8243; iconbg=\u00bb#ffffff\u00bb borderclr=\u00bb#aa0f16&#8243; title=\u00bbGesti\u00f3n Directiva\u00bb lineheight=\u00bb5&#8243;]Estrategia organizativa a trav\u00e9s de comunidades de aprendizaje, que alienta y empodera a la comunidad a aprender y trabajar de manera conjunta para la mejora continua.[\/info_list_son][\/info_list_father][\/vc_column][vc_column width=\u00bb1\/3&#8243;][info_list_father listwidth=\u00bb2&#8243; listclr=\u00bb#aa0f16&#8243;][info_list_son style=\u00bbicon\u00bb width=\u00bb60&#8243; height=\u00bb60&#8243; borderwidth=\u00bb5&#8243; titlesize=\u00bb14&#8243; titleclr=\u00bb#3a3a3a\u00bb icon=\u00bbfas fa-chalkboard-teacher\u00bb iconclr=\u00bb#aa0f16&#8243; iconbg=\u00bb#ffffff\u00bb borderclr=\u00bb#aa0f16&#8243; lineheight=\u00bb5&#8243;]<strong><span style=\"color: #3a3a3a\">Reinserci\u00f3n de j\u00f3venes al sistema educativo<\/span><\/strong><\/p>\n<p>&nbsp;<\/p>\n<p>Reinserci\u00f3n escolar de j\u00f3venes que se han reinsertado en modalidades flexibles, en alianza con IGER.[\/info_list_son][\/info_list_father][\/vc_column][vc_column width=\u00bb1\/3&#8243;][info_list_father listwidth=\u00bb2&#8243; listclr=\u00bb#aa0f16&#8243;][info_list_son style=\u00bbicon\u00bb width=\u00bb60&#8243; height=\u00bb60&#8243; borderwidth=\u00bb5&#8243; titlesize=\u00bb14&#8243; titleclr=\u00bb#3a3a3a\u00bb icon=\u00bbfas fa-chalkboard-teacher\u00bb iconclr=\u00bb#aa0f16&#8243; iconbg=\u00bb#ffffff\u00bb borderclr=\u00bb#aa0f16&#8243; title=\u00bbModalidad flexible\u00bb lineheight=\u00bb5&#8243;]Plan fin de semana para estudiantes de Chiantla, Huehuetenango que no han logrado cursar el ciclo b\u00e1sico. Adem\u00e1s de las \u00e1reas acad\u00e9micas ofrece educaci\u00f3n t\u00e9cnica: mec\u00e1nica automotriz, carpinter\u00eda, herrer\u00eda, alimentos, corte y confecci\u00f3n, cultivos, crianza de cerdos y gallinas.[\/info_list_son][\/info_list_father][\/vc_column][\/vc_row]<\/p>\n<\/div>","protected":false},"excerpt":{"rendered":"<p>[vc_row][vc_column][\/vc_column][\/vc_row][vc_row][vc_column width=\u00bb3\/4&#8243;][vc_column_text css=\u00bb.vc_custom_1675892466704{margin-right: 40px !important;}\u00bb] En esta p\u00e1gina encuentra informacion de dominio p\u00fablico, para dar el cumplimiento al acuerdo n\u00famero A-028-2021 de fecha 13 de julio de 2021, emitido por la Contralor\u00eda General de Cuentas. Sistema Nacional de Control Interno Gubernamental, SINACIG. \u00a0[\/vc_column_text][\/vc_column][vc_column width=\u00bb1\/4&#8243;][\/vc_column][\/vc_row][vc_row][vc_column][\/vc_column][\/vc_row][vc_row css=\u00bb.vc_custom_1675876006425{background-color: rgba(228,228,228,0.69) !important;*background-color: rgb(228,228,228) !important;border-radius: 20px !important;}\u00bb][vc_column width=\u00bb1\/2&#8243; css=\u00bb.vc_custom_1675875859254{margin-top: -30px !important;}\u00bb][info_list_father<\/p>\n","protected":false},"author":17,"featured_media":0,"parent":0,"menu_order":0,"comment_status":"closed","ping_status":"closed","template":"","meta":{"_acf_changed":false,"footnotes":""},"folder":[],"class_list":["post-3873","page","type-page","status-publish","hentry"],"acf":[],"yoast_head":"<!-- This site is optimized with the Yoast SEO plugin v27.2 - https:\/\/yoast.com\/product\/yoast-seo-wordpress\/ -->\n<title>Evaluaci\u00f3n de Riesgos e Informe Anual de Control Interno - #SomosFeyAlegr\u00eda en Guatemala<\/title>\n<meta name=\"robots\" content=\"index, follow, max-snippet:-1, max-image-preview:large, max-video-preview:-1\" \/>\n<link rel=\"canonical\" href=\"https:\/\/www.feyalegria.org\/guatemala\/evaluacion-riesgos\/\" \/>\n<meta property=\"og:locale\" content=\"es_ES\" \/>\n<meta property=\"og:type\" content=\"article\" \/>\n<meta property=\"og:title\" content=\"Evaluaci\u00f3n de Riesgos e Informe Anual de Control Interno - #SomosFeyAlegr\u00eda en Guatemala\" \/>\n<meta property=\"og:description\" content=\"[vc_row][vc_column][\/vc_column][\/vc_row][vc_row][vc_column width=\u00bb3\/4&#8243;][vc_column_text css=\u00bb.vc_custom_1675892466704{margin-right: 40px !important;}\u00bb] En esta p\u00e1gina encuentra informacion de dominio p\u00fablico, para dar el cumplimiento al acuerdo n\u00famero A-028-2021 de fecha 13 de julio de 2021, emitido por la Contralor\u00eda General de Cuentas. Sistema Nacional de Control Interno Gubernamental, SINACIG. \u00a0[\/vc_column_text][\/vc_column][vc_column width=\u00bb1\/4&#8243;][\/vc_column][\/vc_row][vc_row][vc_column][\/vc_column][\/vc_row][vc_row css=\u00bb.vc_custom_1675876006425{background-color: rgba(228,228,228,0.69) !important;*background-color: rgb(228,228,228) !important;border-radius: 20px !important;}\u00bb][vc_column width=\u00bb1\/2&#8243; css=\u00bb.vc_custom_1675875859254{margin-top: -30px !important;}\u00bb][info_list_father\" \/>\n<meta property=\"og:url\" content=\"https:\/\/www.feyalegria.org\/guatemala\/evaluacion-riesgos\/\" \/>\n<meta property=\"og:site_name\" content=\"#SomosFeyAlegr\u00eda en Guatemala\" \/>\n<meta property=\"article:modified_time\" content=\"2023-02-08T21:44:13+00:00\" \/>\n<meta name=\"twitter:card\" content=\"summary_large_image\" \/>\n<meta name=\"twitter:label1\" content=\"Tiempo de lectura\" \/>\n\t<meta name=\"twitter:data1\" content=\"2 minutos\" \/>\n<script type=\"application\/ld+json\" class=\"yoast-schema-graph\">{\"@context\":\"https:\/\/schema.org\",\"@graph\":[{\"@type\":\"WebPage\",\"@id\":\"https:\/\/www.feyalegria.org\/guatemala\/evaluacion-riesgos\/\",\"url\":\"https:\/\/www.feyalegria.org\/guatemala\/evaluacion-riesgos\/\",\"name\":\"Evaluaci\u00f3n de Riesgos e Informe Anual de Control Interno - #SomosFeyAlegr\u00eda en Guatemala\",\"isPartOf\":{\"@id\":\"https:\/\/www.feyalegria.org\/guatemala\/#website\"},\"datePublished\":\"2023-02-08T15:55:10+00:00\",\"dateModified\":\"2023-02-08T21:44:13+00:00\",\"breadcrumb\":{\"@id\":\"https:\/\/www.feyalegria.org\/guatemala\/evaluacion-riesgos\/#breadcrumb\"},\"inLanguage\":\"es\",\"potentialAction\":[{\"@type\":\"ReadAction\",\"target\":[\"https:\/\/www.feyalegria.org\/guatemala\/evaluacion-riesgos\/\"]}]},{\"@type\":\"BreadcrumbList\",\"@id\":\"https:\/\/www.feyalegria.org\/guatemala\/evaluacion-riesgos\/#breadcrumb\",\"itemListElement\":[{\"@type\":\"ListItem\",\"position\":1,\"name\":\"Home\",\"item\":\"https:\/\/www.feyalegria.org\/guatemala\/\"},{\"@type\":\"ListItem\",\"position\":2,\"name\":\"Evaluaci\u00f3n de Riesgos e Informe Anual de Control Interno\"}]},{\"@type\":\"WebSite\",\"@id\":\"https:\/\/www.feyalegria.org\/guatemala\/#website\",\"url\":\"https:\/\/www.feyalegria.org\/guatemala\/\",\"name\":\"#SomosFeyAlegr\u00eda en Guatemala\",\"description\":\"Movimiento de Educaci\u00f3n Popular y Promoci\u00f3n Social\",\"potentialAction\":[{\"@type\":\"SearchAction\",\"target\":{\"@type\":\"EntryPoint\",\"urlTemplate\":\"https:\/\/www.feyalegria.org\/guatemala\/?s={search_term_string}\"},\"query-input\":{\"@type\":\"PropertyValueSpecification\",\"valueRequired\":true,\"valueName\":\"search_term_string\"}}],\"inLanguage\":\"es\"}]}<\/script>\n<!-- \/ Yoast SEO plugin. -->","yoast_head_json":{"title":"Evaluaci\u00f3n de Riesgos e Informe Anual de Control Interno - #SomosFeyAlegr\u00eda en Guatemala","robots":{"index":"index","follow":"follow","max-snippet":"max-snippet:-1","max-image-preview":"max-image-preview:large","max-video-preview":"max-video-preview:-1"},"canonical":"https:\/\/www.feyalegria.org\/guatemala\/evaluacion-riesgos\/","og_locale":"es_ES","og_type":"article","og_title":"Evaluaci\u00f3n de Riesgos e Informe Anual de Control Interno - #SomosFeyAlegr\u00eda en Guatemala","og_description":"[vc_row][vc_column][\/vc_column][\/vc_row][vc_row][vc_column width=\u00bb3\/4&#8243;][vc_column_text css=\u00bb.vc_custom_1675892466704{margin-right: 40px !important;}\u00bb] En esta p\u00e1gina encuentra informacion de dominio p\u00fablico, para dar el cumplimiento al acuerdo n\u00famero A-028-2021 de fecha 13 de julio de 2021, emitido por la Contralor\u00eda General de Cuentas. Sistema Nacional de Control Interno Gubernamental, SINACIG. \u00a0[\/vc_column_text][\/vc_column][vc_column width=\u00bb1\/4&#8243;][\/vc_column][\/vc_row][vc_row][vc_column][\/vc_column][\/vc_row][vc_row css=\u00bb.vc_custom_1675876006425{background-color: rgba(228,228,228,0.69) !important;*background-color: rgb(228,228,228) !important;border-radius: 20px !important;}\u00bb][vc_column width=\u00bb1\/2&#8243; css=\u00bb.vc_custom_1675875859254{margin-top: -30px !important;}\u00bb][info_list_father","og_url":"https:\/\/www.feyalegria.org\/guatemala\/evaluacion-riesgos\/","og_site_name":"#SomosFeyAlegr\u00eda en Guatemala","article_modified_time":"2023-02-08T21:44:13+00:00","twitter_card":"summary_large_image","twitter_misc":{"Tiempo de lectura":"2 minutos"},"schema":{"@context":"https:\/\/schema.org","@graph":[{"@type":"WebPage","@id":"https:\/\/www.feyalegria.org\/guatemala\/evaluacion-riesgos\/","url":"https:\/\/www.feyalegria.org\/guatemala\/evaluacion-riesgos\/","name":"Evaluaci\u00f3n de Riesgos e Informe Anual de Control Interno - #SomosFeyAlegr\u00eda en Guatemala","isPartOf":{"@id":"https:\/\/www.feyalegria.org\/guatemala\/#website"},"datePublished":"2023-02-08T15:55:10+00:00","dateModified":"2023-02-08T21:44:13+00:00","breadcrumb":{"@id":"https:\/\/www.feyalegria.org\/guatemala\/evaluacion-riesgos\/#breadcrumb"},"inLanguage":"es","potentialAction":[{"@type":"ReadAction","target":["https:\/\/www.feyalegria.org\/guatemala\/evaluacion-riesgos\/"]}]},{"@type":"BreadcrumbList","@id":"https:\/\/www.feyalegria.org\/guatemala\/evaluacion-riesgos\/#breadcrumb","itemListElement":[{"@type":"ListItem","position":1,"name":"Home","item":"https:\/\/www.feyalegria.org\/guatemala\/"},{"@type":"ListItem","position":2,"name":"Evaluaci\u00f3n de Riesgos e Informe Anual de Control Interno"}]},{"@type":"WebSite","@id":"https:\/\/www.feyalegria.org\/guatemala\/#website","url":"https:\/\/www.feyalegria.org\/guatemala\/","name":"#SomosFeyAlegr\u00eda en Guatemala","description":"Movimiento de Educaci\u00f3n Popular y Promoci\u00f3n Social","potentialAction":[{"@type":"SearchAction","target":{"@type":"EntryPoint","urlTemplate":"https:\/\/www.feyalegria.org\/guatemala\/?s={search_term_string}"},"query-input":{"@type":"PropertyValueSpecification","valueRequired":true,"valueName":"search_term_string"}}],"inLanguage":"es"}]}},"_links":{"self":[{"href":"https:\/\/www.feyalegria.org\/guatemala\/wp-json\/wp\/v2\/pages\/3873","targetHints":{"allow":["GET"]}}],"collection":[{"href":"https:\/\/www.feyalegria.org\/guatemala\/wp-json\/wp\/v2\/pages"}],"about":[{"href":"https:\/\/www.feyalegria.org\/guatemala\/wp-json\/wp\/v2\/types\/page"}],"author":[{"embeddable":true,"href":"https:\/\/www.feyalegria.org\/guatemala\/wp-json\/wp\/v2\/users\/17"}],"replies":[{"embeddable":true,"href":"https:\/\/www.feyalegria.org\/guatemala\/wp-json\/wp\/v2\/comments?post=3873"}],"version-history":[{"count":0,"href":"https:\/\/www.feyalegria.org\/guatemala\/wp-json\/wp\/v2\/pages\/3873\/revisions"}],"wp:attachment":[{"href":"https:\/\/www.feyalegria.org\/guatemala\/wp-json\/wp\/v2\/media?parent=3873"}],"wp:term":[{"taxonomy":"folder","embeddable":true,"href":"https:\/\/www.feyalegria.org\/guatemala\/wp-json\/wp\/v2\/folder?post=3873"}],"curies":[{"name":"wp","href":"https:\/\/api.w.org\/{rel}","templated":true}]}}