 {"id":4405,"date":"2023-11-30T13:12:49","date_gmt":"2023-11-30T18:12:49","guid":{"rendered":"https:\/\/www.feyalegria.org\/guatemala\/?page_id=4405"},"modified":"2024-11-28T12:29:24","modified_gmt":"2024-11-28T17:29:24","slug":"junta-directiva","status":"publish","type":"page","link":"https:\/\/www.feyalegria.org\/guatemala\/junta-directiva\/","title":{"rendered":"Junta Directiva"},"content":{"rendered":"<div class=\"wpb-content-wrapper\"><p>[vc_row][vc_column]<div style=\"background-color:;height: 30px\" class=\"nicdark_section  \"><\/div>[vc_column_text css=\u00bb\u00bb]<\/p>\n<h1 style=\"text-align: center;\"><span style=\"font-size: 37px;\">Integrantes de la Junta Directiva<\/span><\/h1>\n<h1 style=\"text-align: center;\"><span style=\"font-size: 28px;\">del periodo 22\/10\/2024 al 21\/10\/2027<\/span><\/h1>\n<p>[\/vc_column_text]<div style=\"background-color:;height: 20px\" class=\"nicdark_section  \"><\/div>[\/vc_column][\/vc_row][vc_row content_placement=\u00bbmiddle\u00bb][vc_column width=\u00bb1\/2&#8243;][info_list_father listclr=\u00bb#aa0f16&#8243;][info_list_son style=\u00bbicon\u00bb width=\u00bb50&#8243; height=\u00bb50&#8243; borderwidth=\u00bb10&#8243; titleclr=\u00bb#aa0f16&#8243; icon=\u00bbfas fa-user\u00bb iconclr=\u00bb#ffffff\u00bb iconbg=\u00bb#aa0f16&#8243; borderclr=\u00bb#aa0f16&#8243; title=\u00bbMiquel Cort\u00e9s Bofill, S.J.\u00bb]<strong>Presidente<\/strong><\/p>\n<p>NIT.: 6603908-8[\/info_list_son][\/info_list_father]<div style=\"background-color:;height: 15px\" class=\"nicdark_section  \"><\/div>[\/vc_column][vc_column width=\u00bb1\/2&#8243;][info_list_father listclr=\u00bb#aa0f16&#8243;][info_list_son style=\u00bbicon\u00bb width=\u00bb50&#8243; height=\u00bb50&#8243; borderwidth=\u00bb10&#8243; titleclr=\u00bb#aa0f16&#8243; icon=\u00bbfas fa-user\u00bb iconclr=\u00bb#ffffff\u00bb iconbg=\u00bb#aa0f16&#8243; borderclr=\u00bb#aa0f16&#8243; title=\u00bbNoemy Esperanza Moscoso Palma O.C.J.\u00bb]<strong>Vicepresidente<\/strong><\/p>\n<p>NIT.: 6960793-1[\/info_list_son][\/info_list_father]<div style=\"background-color:;height: 15px\" class=\"nicdark_section  \"><\/div>[\/vc_column][\/vc_row][vc_row][vc_column width=\u00bb1\/2&#8243;][info_list_father listclr=\u00bb#aa0f16&#8243;][info_list_son style=\u00bbicon\u00bb width=\u00bb50&#8243; height=\u00bb50&#8243; borderwidth=\u00bb10&#8243; titleclr=\u00bb#aa0f16&#8243; icon=\u00bbfas fa-user\u00bb iconclr=\u00bb#ffffff\u00bb iconbg=\u00bb#aa0f16&#8243; borderclr=\u00bb#aa0f16&#8243; title=\u00bbVinicio Joaquin Morales\u00bb]<strong>Secretario<\/strong><\/p>\n<p>NIT.: 697118-0[\/info_list_son][\/info_list_father]<div style=\"background-color:;height: 15px\" class=\"nicdark_section  \"><\/div>[\/vc_column][vc_column width=\u00bb1\/2&#8243;][info_list_father listclr=\u00bb#aa0f16&#8243;][info_list_son style=\u00bbicon\u00bb width=\u00bb50&#8243; height=\u00bb50&#8243; borderwidth=\u00bb10&#8243; titleclr=\u00bb#aa0f16&#8243; icon=\u00bbfas fa-user\u00bb iconclr=\u00bb#ffffff\u00bb iconbg=\u00bb#aa0f16&#8243; borderclr=\u00bb#aa0f16&#8243; title=\u00bbJulio Enrique Moreira Chavarr\u00eda, S.J.\u00bb]<strong>Tesorero<\/strong><\/p>\n<p>NIT.: 9280122-6[\/info_list_son][\/info_list_father]<div style=\"background-color:;height: 15px\" class=\"nicdark_section  \"><\/div>[\/vc_column][\/vc_row][vc_row][vc_column width=\u00bb1\/2&#8243;][info_list_father listclr=\u00bb#aa0f16&#8243;][info_list_son style=\u00bbicon\u00bb width=\u00bb50&#8243; height=\u00bb50&#8243; borderwidth=\u00bb10&#8243; titleclr=\u00bb#aa0f16&#8243; icon=\u00bbfas fa-user\u00bb iconclr=\u00bb#ffffff\u00bb iconbg=\u00bb#aa0f16&#8243; borderclr=\u00bb#aa0f16&#8243; title=\u00bbRosa Mar\u00eda Recinos Le\u00f3n de Medina\u00bb caption_url=\u00bb\u00bb]<strong>Vocal I<\/strong><\/p>\n<p>NIT.: 5245060[\/info_list_son][\/info_list_father]<div style=\"background-color:;height: 15px\" class=\"nicdark_section  \"><\/div>[\/vc_column][vc_column width=\u00bb1\/2&#8243;][info_list_father listclr=\u00bb#aa0f16&#8243;][info_list_son style=\u00bbicon\u00bb width=\u00bb50&#8243; height=\u00bb50&#8243; borderwidth=\u00bb10&#8243; titleclr=\u00bb#aa0f16&#8243; icon=\u00bbfas fa-user\u00bb iconclr=\u00bb#ffffff\u00bb iconbg=\u00bb#aa0f16&#8243; borderclr=\u00bb#aa0f16&#8243; title=\u00bbFrancisco Jos\u00e9 Iznardo Almi\u00f1ana, S.J.\u00bb]<strong>Vocal II<\/strong><\/p>\n<p>NIT.: 4904593-8[\/info_list_son][\/info_list_father]<div style=\"background-color:;height: 15px\" class=\"nicdark_section  \"><\/div>[\/vc_column][\/vc_row][vc_row][vc_column]<div style=\"background-color:;height: 30px\" class=\"nicdark_section  \"><\/div>[\/vc_column][\/vc_row]<\/p>\n<\/div>","protected":false},"excerpt":{"rendered":"<p>[vc_row][vc_column][vc_column_text css=\u00bb\u00bb] Integrantes de la Junta Directiva del periodo 22\/10\/2024 al 21\/10\/2027 [\/vc_column_text][\/vc_column][\/vc_row][vc_row content_placement=\u00bbmiddle\u00bb][vc_column width=\u00bb1\/2&#8243;][info_list_father listclr=\u00bb#aa0f16&#8243;][info_list_son style=\u00bbicon\u00bb width=\u00bb50&#8243; height=\u00bb50&#8243; borderwidth=\u00bb10&#8243; titleclr=\u00bb#aa0f16&#8243; icon=\u00bbfas fa-user\u00bb iconclr=\u00bb#ffffff\u00bb iconbg=\u00bb#aa0f16&#8243; borderclr=\u00bb#aa0f16&#8243; title=\u00bbMiquel Cort\u00e9s Bofill, S.J.\u00bb]Presidente NIT.: 6603908-8[\/info_list_son][\/info_list_father][\/vc_column][vc_column width=\u00bb1\/2&#8243;][info_list_father listclr=\u00bb#aa0f16&#8243;][info_list_son style=\u00bbicon\u00bb width=\u00bb50&#8243; height=\u00bb50&#8243; borderwidth=\u00bb10&#8243; titleclr=\u00bb#aa0f16&#8243; icon=\u00bbfas fa-user\u00bb iconclr=\u00bb#ffffff\u00bb iconbg=\u00bb#aa0f16&#8243; borderclr=\u00bb#aa0f16&#8243; title=\u00bbNoemy Esperanza Moscoso Palma O.C.J.\u00bb]Vicepresidente NIT.: 6960793-1[\/info_list_son][\/info_list_father][\/vc_column][\/vc_row][vc_row][vc_column width=\u00bb1\/2&#8243;][info_list_father listclr=\u00bb#aa0f16&#8243;][info_list_son style=\u00bbicon\u00bb width=\u00bb50&#8243;<\/p>\n","protected":false},"author":17,"featured_media":0,"parent":0,"menu_order":0,"comment_status":"closed","ping_status":"closed","template":"","meta":{"_acf_changed":false,"footnotes":""},"folder":[],"class_list":["post-4405","page","type-page","status-publish","hentry"],"acf":[],"yoast_head":"<!-- This site is optimized with the Yoast SEO plugin v27.2 - https:\/\/yoast.com\/product\/yoast-seo-wordpress\/ -->\n<title>Junta Directiva - #SomosFeyAlegr\u00eda en Guatemala<\/title>\n<meta name=\"robots\" content=\"index, follow, max-snippet:-1, max-image-preview:large, max-video-preview:-1\" \/>\n<link rel=\"canonical\" href=\"https:\/\/www.feyalegria.org\/guatemala\/junta-directiva\/\" \/>\n<meta property=\"og:locale\" content=\"es_ES\" \/>\n<meta property=\"og:type\" content=\"article\" \/>\n<meta property=\"og:title\" content=\"Junta Directiva - #SomosFeyAlegr\u00eda en Guatemala\" \/>\n<meta property=\"og:description\" content=\"[vc_row][vc_column][vc_column_text css=\u00bb\u00bb] Integrantes de la Junta Directiva del periodo 22\/10\/2024 al 21\/10\/2027 [\/vc_column_text][\/vc_column][\/vc_row][vc_row content_placement=\u00bbmiddle\u00bb][vc_column width=\u00bb1\/2&#8243;][info_list_father listclr=\u00bb#aa0f16&#8243;][info_list_son style=\u00bbicon\u00bb width=\u00bb50&#8243; height=\u00bb50&#8243; borderwidth=\u00bb10&#8243; titleclr=\u00bb#aa0f16&#8243; icon=\u00bbfas fa-user\u00bb iconclr=\u00bb#ffffff\u00bb iconbg=\u00bb#aa0f16&#8243; borderclr=\u00bb#aa0f16&#8243; title=\u00bbMiquel Cort\u00e9s Bofill, S.J.\u00bb]Presidente NIT.: 6603908-8[\/info_list_son][\/info_list_father][\/vc_column][vc_column width=\u00bb1\/2&#8243;][info_list_father listclr=\u00bb#aa0f16&#8243;][info_list_son style=\u00bbicon\u00bb width=\u00bb50&#8243; height=\u00bb50&#8243; borderwidth=\u00bb10&#8243; titleclr=\u00bb#aa0f16&#8243; icon=\u00bbfas fa-user\u00bb iconclr=\u00bb#ffffff\u00bb iconbg=\u00bb#aa0f16&#8243; borderclr=\u00bb#aa0f16&#8243; title=\u00bbNoemy Esperanza Moscoso Palma O.C.J.\u00bb]Vicepresidente NIT.: 6960793-1[\/info_list_son][\/info_list_father][\/vc_column][\/vc_row][vc_row][vc_column width=\u00bb1\/2&#8243;][info_list_father listclr=\u00bb#aa0f16&#8243;][info_list_son style=\u00bbicon\u00bb width=\u00bb50&#8243;\" \/>\n<meta property=\"og:url\" content=\"https:\/\/www.feyalegria.org\/guatemala\/junta-directiva\/\" \/>\n<meta property=\"og:site_name\" content=\"#SomosFeyAlegr\u00eda en Guatemala\" \/>\n<meta property=\"article:modified_time\" content=\"2024-11-28T17:29:24+00:00\" \/>\n<meta name=\"twitter:card\" content=\"summary_large_image\" \/>\n<meta name=\"twitter:label1\" content=\"Tiempo de lectura\" \/>\n\t<meta name=\"twitter:data1\" content=\"1 minuto\" \/>\n<script type=\"application\/ld+json\" class=\"yoast-schema-graph\">{\"@context\":\"https:\/\/schema.org\",\"@graph\":[{\"@type\":\"WebPage\",\"@id\":\"https:\/\/www.feyalegria.org\/guatemala\/junta-directiva\/\",\"url\":\"https:\/\/www.feyalegria.org\/guatemala\/junta-directiva\/\",\"name\":\"Junta Directiva - #SomosFeyAlegr\u00eda en Guatemala\",\"isPartOf\":{\"@id\":\"https:\/\/www.feyalegria.org\/guatemala\/#website\"},\"datePublished\":\"2023-11-30T18:12:49+00:00\",\"dateModified\":\"2024-11-28T17:29:24+00:00\",\"breadcrumb\":{\"@id\":\"https:\/\/www.feyalegria.org\/guatemala\/junta-directiva\/#breadcrumb\"},\"inLanguage\":\"es\",\"potentialAction\":[{\"@type\":\"ReadAction\",\"target\":[\"https:\/\/www.feyalegria.org\/guatemala\/junta-directiva\/\"]}]},{\"@type\":\"BreadcrumbList\",\"@id\":\"https:\/\/www.feyalegria.org\/guatemala\/junta-directiva\/#breadcrumb\",\"itemListElement\":[{\"@type\":\"ListItem\",\"position\":1,\"name\":\"Home\",\"item\":\"https:\/\/www.feyalegria.org\/guatemala\/\"},{\"@type\":\"ListItem\",\"position\":2,\"name\":\"Junta Directiva\"}]},{\"@type\":\"WebSite\",\"@id\":\"https:\/\/www.feyalegria.org\/guatemala\/#website\",\"url\":\"https:\/\/www.feyalegria.org\/guatemala\/\",\"name\":\"#SomosFeyAlegr\u00eda en Guatemala\",\"description\":\"Movimiento de Educaci\u00f3n Popular y Promoci\u00f3n Social\",\"potentialAction\":[{\"@type\":\"SearchAction\",\"target\":{\"@type\":\"EntryPoint\",\"urlTemplate\":\"https:\/\/www.feyalegria.org\/guatemala\/?s={search_term_string}\"},\"query-input\":{\"@type\":\"PropertyValueSpecification\",\"valueRequired\":true,\"valueName\":\"search_term_string\"}}],\"inLanguage\":\"es\"}]}<\/script>\n<!-- \/ Yoast SEO plugin. -->","yoast_head_json":{"title":"Junta Directiva - #SomosFeyAlegr\u00eda en Guatemala","robots":{"index":"index","follow":"follow","max-snippet":"max-snippet:-1","max-image-preview":"max-image-preview:large","max-video-preview":"max-video-preview:-1"},"canonical":"https:\/\/www.feyalegria.org\/guatemala\/junta-directiva\/","og_locale":"es_ES","og_type":"article","og_title":"Junta Directiva - #SomosFeyAlegr\u00eda en Guatemala","og_description":"[vc_row][vc_column][vc_column_text css=\u00bb\u00bb] Integrantes de la Junta Directiva del periodo 22\/10\/2024 al 21\/10\/2027 [\/vc_column_text][\/vc_column][\/vc_row][vc_row content_placement=\u00bbmiddle\u00bb][vc_column width=\u00bb1\/2&#8243;][info_list_father listclr=\u00bb#aa0f16&#8243;][info_list_son style=\u00bbicon\u00bb width=\u00bb50&#8243; height=\u00bb50&#8243; borderwidth=\u00bb10&#8243; titleclr=\u00bb#aa0f16&#8243; icon=\u00bbfas fa-user\u00bb iconclr=\u00bb#ffffff\u00bb iconbg=\u00bb#aa0f16&#8243; borderclr=\u00bb#aa0f16&#8243; title=\u00bbMiquel Cort\u00e9s Bofill, S.J.\u00bb]Presidente NIT.: 6603908-8[\/info_list_son][\/info_list_father][\/vc_column][vc_column width=\u00bb1\/2&#8243;][info_list_father listclr=\u00bb#aa0f16&#8243;][info_list_son style=\u00bbicon\u00bb width=\u00bb50&#8243; height=\u00bb50&#8243; borderwidth=\u00bb10&#8243; titleclr=\u00bb#aa0f16&#8243; icon=\u00bbfas fa-user\u00bb iconclr=\u00bb#ffffff\u00bb iconbg=\u00bb#aa0f16&#8243; borderclr=\u00bb#aa0f16&#8243; title=\u00bbNoemy Esperanza Moscoso Palma O.C.J.\u00bb]Vicepresidente NIT.: 6960793-1[\/info_list_son][\/info_list_father][\/vc_column][\/vc_row][vc_row][vc_column width=\u00bb1\/2&#8243;][info_list_father listclr=\u00bb#aa0f16&#8243;][info_list_son style=\u00bbicon\u00bb width=\u00bb50&#8243;","og_url":"https:\/\/www.feyalegria.org\/guatemala\/junta-directiva\/","og_site_name":"#SomosFeyAlegr\u00eda en Guatemala","article_modified_time":"2024-11-28T17:29:24+00:00","twitter_card":"summary_large_image","twitter_misc":{"Tiempo de lectura":"1 minuto"},"schema":{"@context":"https:\/\/schema.org","@graph":[{"@type":"WebPage","@id":"https:\/\/www.feyalegria.org\/guatemala\/junta-directiva\/","url":"https:\/\/www.feyalegria.org\/guatemala\/junta-directiva\/","name":"Junta Directiva - #SomosFeyAlegr\u00eda en Guatemala","isPartOf":{"@id":"https:\/\/www.feyalegria.org\/guatemala\/#website"},"datePublished":"2023-11-30T18:12:49+00:00","dateModified":"2024-11-28T17:29:24+00:00","breadcrumb":{"@id":"https:\/\/www.feyalegria.org\/guatemala\/junta-directiva\/#breadcrumb"},"inLanguage":"es","potentialAction":[{"@type":"ReadAction","target":["https:\/\/www.feyalegria.org\/guatemala\/junta-directiva\/"]}]},{"@type":"BreadcrumbList","@id":"https:\/\/www.feyalegria.org\/guatemala\/junta-directiva\/#breadcrumb","itemListElement":[{"@type":"ListItem","position":1,"name":"Home","item":"https:\/\/www.feyalegria.org\/guatemala\/"},{"@type":"ListItem","position":2,"name":"Junta Directiva"}]},{"@type":"WebSite","@id":"https:\/\/www.feyalegria.org\/guatemala\/#website","url":"https:\/\/www.feyalegria.org\/guatemala\/","name":"#SomosFeyAlegr\u00eda en Guatemala","description":"Movimiento de Educaci\u00f3n Popular y Promoci\u00f3n Social","potentialAction":[{"@type":"SearchAction","target":{"@type":"EntryPoint","urlTemplate":"https:\/\/www.feyalegria.org\/guatemala\/?s={search_term_string}"},"query-input":{"@type":"PropertyValueSpecification","valueRequired":true,"valueName":"search_term_string"}}],"inLanguage":"es"}]}},"_links":{"self":[{"href":"https:\/\/www.feyalegria.org\/guatemala\/wp-json\/wp\/v2\/pages\/4405","targetHints":{"allow":["GET"]}}],"collection":[{"href":"https:\/\/www.feyalegria.org\/guatemala\/wp-json\/wp\/v2\/pages"}],"about":[{"href":"https:\/\/www.feyalegria.org\/guatemala\/wp-json\/wp\/v2\/types\/page"}],"author":[{"embeddable":true,"href":"https:\/\/www.feyalegria.org\/guatemala\/wp-json\/wp\/v2\/users\/17"}],"replies":[{"embeddable":true,"href":"https:\/\/www.feyalegria.org\/guatemala\/wp-json\/wp\/v2\/comments?post=4405"}],"version-history":[{"count":0,"href":"https:\/\/www.feyalegria.org\/guatemala\/wp-json\/wp\/v2\/pages\/4405\/revisions"}],"wp:attachment":[{"href":"https:\/\/www.feyalegria.org\/guatemala\/wp-json\/wp\/v2\/media?parent=4405"}],"wp:term":[{"taxonomy":"folder","embeddable":true,"href":"https:\/\/www.feyalegria.org\/guatemala\/wp-json\/wp\/v2\/folder?post=4405"}],"curies":[{"name":"wp","href":"https:\/\/api.w.org\/{rel}","templated":true}]}}