 {"id":4425,"date":"2023-11-30T16:07:34","date_gmt":"2023-11-30T21:07:34","guid":{"rendered":"https:\/\/www.feyalegria.org\/guatemala\/?page_id=4425"},"modified":"2023-11-30T16:07:34","modified_gmt":"2023-11-30T21:07:34","slug":"datos-de-la-organizacion","status":"publish","type":"page","link":"https:\/\/www.feyalegria.org\/guatemala\/datos-de-la-organizacion\/","title":{"rendered":"Datos de la Organizacion"},"content":{"rendered":"<div class=\"wpb-content-wrapper\"><p>[vc_row][vc_column]<div style=\"background-color:;height: 30px\" class=\"nicdark_section  \"><\/div>[vc_column_text]<\/p>\n<h1 style=\"text-align: center\"><span style=\"font-size: 37px\"><span style=\"vertical-align: inherit\"><span style=\"vertical-align: inherit\">Datos de la Organizaci\u00f3n<\/span><\/span><\/span><\/h1>\n<p>[\/vc_column_text]<div style=\"background-color:;height: 20px\" class=\"nicdark_section  \"><\/div>[\/vc_column][\/vc_row][vc_row][vc_column width=\u00bb2\/3&#8243;][vc_column_text]<\/p>\n<p style=\"text-align: left\"><span style=\"font-size: 19px\"><strong>Nombre o raz\u00f3n social:<\/strong> FUNDACI\u00d3N EDUCATIVA FE Y ALEGRIA<\/span><\/p>\n<p style=\"text-align: left\"><span style=\"font-size: 19px\"><strong>Domicilio Fiscal:<\/strong> 12 avenida 2-17 zona 1. Guatemala, Guatemala.<\/span><\/p>\n<p style=\"text-align: left\"><span style=\"font-size: 19px\"><strong>NIT:<\/strong> 1203898-9<\/span><\/p>\n<p style=\"text-align: left\"><span style=\"font-size: 19px\"><strong>Departamento:<\/strong> Guatemala<\/span><\/p>\n<p style=\"text-align: left\"><span style=\"font-size: 19px\"><strong><span style=\"vertical-align: inherit\">Correo electr\u00f3nico:<\/span><\/strong><span style=\"vertical-align: inherit\"> fyaguatema@feyalegria.org.gt<\/span><\/span><\/p>\n<p style=\"text-align: left\"><span style=\"font-size: 19px\"><strong><span style=\"vertical-align: inherit\">Sitio web:<\/span><\/strong><span style=\"vertical-align: inherit\"> www.feyalegria.org.gt<\/span><\/span><\/p>\n<p style=\"text-align: left\"><span style=\"font-size: 19px\"><strong>Tel\u00e9fonos:<\/strong> 2324-0000\u00a0<\/span><\/p>\n<p style=\"text-align: left\"><span style=\"font-size: 19px\"><strong>Fecha de constituci\u00f3n:<\/strong> 21\/07\/1994<\/span><\/p>\n<p style=\"text-align: left\"><span style=\"font-size: 19px\"><strong>Organizaci\u00f3n legal:<\/strong> Asociaciones, Fundaciones, Instituci\u00f3n Religiosa y otras No Lucrativas.<\/span><\/p>\n<p style=\"text-align: left\"><span style=\"font-size: 19px\"><strong>Actividad econ\u00f3mica:<\/strong> Educaci\u00f3n P\u00fablica de Calidad y Promoci\u00f3n Social.<\/span><\/p>\n<p>[\/vc_column_text]<div style=\"background-color:;height: 25px\" class=\"nicdark_section  \"><\/div>[\/vc_column][vc_column width=\u00bb1\/3&#8243;][vc_single_image image=\u00bb4458&#8243; img_size=\u00bblarge\u00bb][\/vc_column][\/vc_row][vc_row][vc_column][vc_row_inner][vc_column_inner width=\u00bb1\/6&#8243;][\/vc_column_inner][vc_column_inner width=\u00bb2\/3&#8243;][vc_gmaps link=\u00bb#E-8_JTNDaWZyYW1lJTIwc3JjJTNEJTIyaHR0cHMlM0ElMkYlMkZ3d3cuZ29vZ2xlLmNvbSUyRm1hcHMlMkZlbWJlZCUzRnBiJTNEJTIxMW0xNCUyMTFtOCUyMTFtMyUyMTFkMzA4ODEuMzI0NDExNTU4MzA0JTIxMmQtOTAuNTI0NDg2MyUyMTNkMTQuNjQ2NTQyMSUyMTNtMiUyMTFpMTAyNCUyMTJpNzY4JTIxNGYxMy4xJTIxM20zJTIxMW0yJTIxMXMweDg1ODlhMzk3NWUzY2RjMTElMjUzQTB4YzhmYjUzNDg3ZWY2OTJhMiUyMTJzRnVuZGFjaSUyNUMzJTI1QjNuJTI1MjBFZHVjYXRpdmElMjUyMEZlJTI1MjB5JTI1MjBBbGVnciUyNUMzJTI1QURhJTIxNWUwJTIxM20yJTIxMXNlcyUyMTJzdmUlMjE0djE2MTUxMzk0MzE3MTUlMjE1bTIlMjExc2VzJTIxMnN2ZSUyMiUyMHdpZHRoJTNEJTIyNjAwJTIyJTIwaGVpZ2h0JTNEJTIyNDUwJTIyJTIwc3R5bGUlM0QlMjJib3JkZXIlM0EwJTNCJTIyJTIwYWxsb3dmdWxsc2NyZWVuJTNEJTIyJTIyJTIwbG9hZGluZyUzRCUyMmxhenklMjIlM0UlM0MlMkZpZnJhbWUlM0U=\u00bb][\/vc_column_inner][vc_column_inner width=\u00bb1\/6&#8243;][\/vc_column_inner][\/vc_row_inner][\/vc_column][\/vc_row]<\/p>\n<\/div>","protected":false},"excerpt":{"rendered":"<p>[vc_row][vc_column][vc_column_text] Datos de la Organizaci\u00f3n [\/vc_column_text][\/vc_column][\/vc_row][vc_row][vc_column width=\u00bb2\/3&#8243;][vc_column_text] Nombre o raz\u00f3n social: FUNDACI\u00d3N EDUCATIVA FE Y ALEGRIA Domicilio Fiscal: 12 avenida 2-17 zona 1. Guatemala, Guatemala. NIT: 1203898-9 Departamento: Guatemala Correo electr\u00f3nico: fyaguatema@feyalegria.org.gt Sitio web: www.feyalegria.org.gt Tel\u00e9fonos: 2324-0000\u00a0 Fecha de constituci\u00f3n: 21\/07\/1994 Organizaci\u00f3n legal: Asociaciones, Fundaciones, Instituci\u00f3n Religiosa y otras No Lucrativas. Actividad econ\u00f3mica: Educaci\u00f3n P\u00fablica<\/p>\n","protected":false},"author":17,"featured_media":0,"parent":0,"menu_order":0,"comment_status":"closed","ping_status":"closed","template":"","meta":{"_acf_changed":false,"footnotes":""},"folder":[],"class_list":["post-4425","page","type-page","status-publish","hentry"],"acf":[],"yoast_head":"<!-- This site is optimized with the Yoast SEO plugin v27.2 - https:\/\/yoast.com\/product\/yoast-seo-wordpress\/ -->\n<title>Datos de la Organizacion - #SomosFeyAlegr\u00eda en Guatemala<\/title>\n<meta name=\"robots\" content=\"index, follow, max-snippet:-1, max-image-preview:large, max-video-preview:-1\" \/>\n<link rel=\"canonical\" href=\"https:\/\/www.feyalegria.org\/guatemala\/datos-de-la-organizacion\/\" \/>\n<meta property=\"og:locale\" content=\"es_ES\" \/>\n<meta property=\"og:type\" content=\"article\" \/>\n<meta property=\"og:title\" content=\"Datos de la Organizacion - #SomosFeyAlegr\u00eda en Guatemala\" \/>\n<meta property=\"og:description\" content=\"[vc_row][vc_column][vc_column_text] Datos de la Organizaci\u00f3n [\/vc_column_text][\/vc_column][\/vc_row][vc_row][vc_column width=\u00bb2\/3&#8243;][vc_column_text] Nombre o raz\u00f3n social: FUNDACI\u00d3N EDUCATIVA FE Y ALEGRIA Domicilio Fiscal: 12 avenida 2-17 zona 1. Guatemala, Guatemala. NIT: 1203898-9 Departamento: Guatemala Correo electr\u00f3nico: fyaguatema@feyalegria.org.gt Sitio web: www.feyalegria.org.gt Tel\u00e9fonos: 2324-0000\u00a0 Fecha de constituci\u00f3n: 21\/07\/1994 Organizaci\u00f3n legal: Asociaciones, Fundaciones, Instituci\u00f3n Religiosa y otras No Lucrativas. Actividad econ\u00f3mica: Educaci\u00f3n P\u00fablica\" \/>\n<meta property=\"og:url\" content=\"https:\/\/www.feyalegria.org\/guatemala\/datos-de-la-organizacion\/\" \/>\n<meta property=\"og:site_name\" content=\"#SomosFeyAlegr\u00eda en Guatemala\" \/>\n<meta name=\"twitter:card\" content=\"summary_large_image\" \/>\n<meta name=\"twitter:label1\" content=\"Tiempo de lectura\" \/>\n\t<meta name=\"twitter:data1\" content=\"1 minuto\" \/>\n<script type=\"application\/ld+json\" class=\"yoast-schema-graph\">{\"@context\":\"https:\/\/schema.org\",\"@graph\":[{\"@type\":\"WebPage\",\"@id\":\"https:\/\/www.feyalegria.org\/guatemala\/datos-de-la-organizacion\/\",\"url\":\"https:\/\/www.feyalegria.org\/guatemala\/datos-de-la-organizacion\/\",\"name\":\"Datos de la Organizacion - #SomosFeyAlegr\u00eda en Guatemala\",\"isPartOf\":{\"@id\":\"https:\/\/www.feyalegria.org\/guatemala\/#website\"},\"datePublished\":\"2023-11-30T21:07:34+00:00\",\"breadcrumb\":{\"@id\":\"https:\/\/www.feyalegria.org\/guatemala\/datos-de-la-organizacion\/#breadcrumb\"},\"inLanguage\":\"es\",\"potentialAction\":[{\"@type\":\"ReadAction\",\"target\":[\"https:\/\/www.feyalegria.org\/guatemala\/datos-de-la-organizacion\/\"]}]},{\"@type\":\"BreadcrumbList\",\"@id\":\"https:\/\/www.feyalegria.org\/guatemala\/datos-de-la-organizacion\/#breadcrumb\",\"itemListElement\":[{\"@type\":\"ListItem\",\"position\":1,\"name\":\"Home\",\"item\":\"https:\/\/www.feyalegria.org\/guatemala\/\"},{\"@type\":\"ListItem\",\"position\":2,\"name\":\"Datos de la Organizacion\"}]},{\"@type\":\"WebSite\",\"@id\":\"https:\/\/www.feyalegria.org\/guatemala\/#website\",\"url\":\"https:\/\/www.feyalegria.org\/guatemala\/\",\"name\":\"#SomosFeyAlegr\u00eda en Guatemala\",\"description\":\"Movimiento de Educaci\u00f3n Popular y Promoci\u00f3n Social\",\"potentialAction\":[{\"@type\":\"SearchAction\",\"target\":{\"@type\":\"EntryPoint\",\"urlTemplate\":\"https:\/\/www.feyalegria.org\/guatemala\/?s={search_term_string}\"},\"query-input\":{\"@type\":\"PropertyValueSpecification\",\"valueRequired\":true,\"valueName\":\"search_term_string\"}}],\"inLanguage\":\"es\"}]}<\/script>\n<!-- \/ Yoast SEO plugin. -->","yoast_head_json":{"title":"Datos de la Organizacion - #SomosFeyAlegr\u00eda en Guatemala","robots":{"index":"index","follow":"follow","max-snippet":"max-snippet:-1","max-image-preview":"max-image-preview:large","max-video-preview":"max-video-preview:-1"},"canonical":"https:\/\/www.feyalegria.org\/guatemala\/datos-de-la-organizacion\/","og_locale":"es_ES","og_type":"article","og_title":"Datos de la Organizacion - #SomosFeyAlegr\u00eda en Guatemala","og_description":"[vc_row][vc_column][vc_column_text] Datos de la Organizaci\u00f3n [\/vc_column_text][\/vc_column][\/vc_row][vc_row][vc_column width=\u00bb2\/3&#8243;][vc_column_text] Nombre o raz\u00f3n social: FUNDACI\u00d3N EDUCATIVA FE Y ALEGRIA Domicilio Fiscal: 12 avenida 2-17 zona 1. Guatemala, Guatemala. NIT: 1203898-9 Departamento: Guatemala Correo electr\u00f3nico: fyaguatema@feyalegria.org.gt Sitio web: www.feyalegria.org.gt Tel\u00e9fonos: 2324-0000\u00a0 Fecha de constituci\u00f3n: 21\/07\/1994 Organizaci\u00f3n legal: Asociaciones, Fundaciones, Instituci\u00f3n Religiosa y otras No Lucrativas. Actividad econ\u00f3mica: Educaci\u00f3n P\u00fablica","og_url":"https:\/\/www.feyalegria.org\/guatemala\/datos-de-la-organizacion\/","og_site_name":"#SomosFeyAlegr\u00eda en Guatemala","twitter_card":"summary_large_image","twitter_misc":{"Tiempo de lectura":"1 minuto"},"schema":{"@context":"https:\/\/schema.org","@graph":[{"@type":"WebPage","@id":"https:\/\/www.feyalegria.org\/guatemala\/datos-de-la-organizacion\/","url":"https:\/\/www.feyalegria.org\/guatemala\/datos-de-la-organizacion\/","name":"Datos de la Organizacion - #SomosFeyAlegr\u00eda en Guatemala","isPartOf":{"@id":"https:\/\/www.feyalegria.org\/guatemala\/#website"},"datePublished":"2023-11-30T21:07:34+00:00","breadcrumb":{"@id":"https:\/\/www.feyalegria.org\/guatemala\/datos-de-la-organizacion\/#breadcrumb"},"inLanguage":"es","potentialAction":[{"@type":"ReadAction","target":["https:\/\/www.feyalegria.org\/guatemala\/datos-de-la-organizacion\/"]}]},{"@type":"BreadcrumbList","@id":"https:\/\/www.feyalegria.org\/guatemala\/datos-de-la-organizacion\/#breadcrumb","itemListElement":[{"@type":"ListItem","position":1,"name":"Home","item":"https:\/\/www.feyalegria.org\/guatemala\/"},{"@type":"ListItem","position":2,"name":"Datos de la Organizacion"}]},{"@type":"WebSite","@id":"https:\/\/www.feyalegria.org\/guatemala\/#website","url":"https:\/\/www.feyalegria.org\/guatemala\/","name":"#SomosFeyAlegr\u00eda en Guatemala","description":"Movimiento de Educaci\u00f3n Popular y Promoci\u00f3n Social","potentialAction":[{"@type":"SearchAction","target":{"@type":"EntryPoint","urlTemplate":"https:\/\/www.feyalegria.org\/guatemala\/?s={search_term_string}"},"query-input":{"@type":"PropertyValueSpecification","valueRequired":true,"valueName":"search_term_string"}}],"inLanguage":"es"}]}},"_links":{"self":[{"href":"https:\/\/www.feyalegria.org\/guatemala\/wp-json\/wp\/v2\/pages\/4425","targetHints":{"allow":["GET"]}}],"collection":[{"href":"https:\/\/www.feyalegria.org\/guatemala\/wp-json\/wp\/v2\/pages"}],"about":[{"href":"https:\/\/www.feyalegria.org\/guatemala\/wp-json\/wp\/v2\/types\/page"}],"author":[{"embeddable":true,"href":"https:\/\/www.feyalegria.org\/guatemala\/wp-json\/wp\/v2\/users\/17"}],"replies":[{"embeddable":true,"href":"https:\/\/www.feyalegria.org\/guatemala\/wp-json\/wp\/v2\/comments?post=4425"}],"version-history":[{"count":0,"href":"https:\/\/www.feyalegria.org\/guatemala\/wp-json\/wp\/v2\/pages\/4425\/revisions"}],"wp:attachment":[{"href":"https:\/\/www.feyalegria.org\/guatemala\/wp-json\/wp\/v2\/media?parent=4425"}],"wp:term":[{"taxonomy":"folder","embeddable":true,"href":"https:\/\/www.feyalegria.org\/guatemala\/wp-json\/wp\/v2\/folder?post=4425"}],"curies":[{"name":"wp","href":"https:\/\/api.w.org\/{rel}","templated":true}]}}