 {"id":500,"date":"2020-07-06T11:43:16","date_gmt":"2020-07-06T16:43:16","guid":{"rendered":"https:\/\/www.feyalegria.org\/guatemala\/?page_id=500"},"modified":"2021-03-25T15:56:50","modified_gmt":"2021-03-25T20:56:50","slug":"programas-educativos","status":"publish","type":"page","link":"https:\/\/www.feyalegria.org\/guatemala\/programas-educativos\/","title":{"rendered":"Programas educativos"},"content":{"rendered":"<div class=\"wpb-content-wrapper\"><p>[vc_row][vc_column]<div style=\"background-color:;height: 30px\" class=\"nicdark_section  \"><\/div>[\/vc_column][\/vc_row][vc_row][vc_column width=\u00bb3\/4&#8243;][vc_column_text css=\u00bb.vc_custom_1616622147418{margin-right: 40px !important;}\u00bb]Nuestros programas educativos tienen una funci\u00f3n p\u00fablica, gratuita y de calidad, basados en el modelo pedag\u00f3gico PLENITUD, que contribuye a brindar una educaci\u00f3n centrada en la persona, con una constante formaci\u00f3n docente y una gesti\u00f3n participativa.<\/p>\n<p>&nbsp;<\/p>\n<p>D\u00eda a d\u00eda nos esforzamos por mejorar la calidad educativa de los ni\u00f1os y ni\u00f1as guatemaltecas, inculcando fuertes valores que ayuden a formar hombres y mujeres de bien.<\/p>\n<p>[\/vc_column_text][\/vc_column][vc_column width=\u00bb1\/4&#8243;][vc_single_image image=\u00bb2518&#8243; img_size=\u00bbfull\u00bb alignment=\u00bbcenter\u00bb style=\u00bbvc_box_rounded\u00bb][\/vc_column][\/vc_row][vc_row css=\u00bb.vc_custom_1616645148493{padding-bottom: 40px !important;}\u00bb][vc_column][vc_row_inner css=\u00bb.vc_custom_1616645210846{padding-bottom: 30px !important;background-color: rgba(228,228,228,0.71) !important;*background-color: rgb(228,228,228) !important;border-radius: 5px !important;}\u00bb][vc_column_inner width=\u00bb1\/6&#8243;][\/vc_column_inner][vc_column_inner width=\u00bb1\/3&#8243;][info_list_father connector_h=\u00bb10&#8243; listclr=\u00bb#aa0f16&#8243;][info_list_son style=\u00bbicon\u00bb size=\u00bb20&#8243; width=\u00bb40&#8243; height=\u00bb40&#8243; borderwidth=\u00bb2&#8243; titlesize=\u00bb14&#8243; titleclr=\u00bb#3a3a3a\u00bb icon=\u00bbfas fa-book-reader\u00bb iconclr=\u00bb#ffffff\u00bb iconbg=\u00bb#aa0f16&#8243; borderclr=\u00bb#ffffff\u00bb title=\u00bbNiveles educativos:\u00bb]Educaci\u00f3n Inicial<\/p>\n<p>Educaci\u00f3n Preprimaria<\/p>\n<p>Educaci\u00f3n Primaria<\/p>\n<p>Educaci\u00f3n Media (Ciclo B\u00e1sico y Diversificado)[\/info_list_son][\/info_list_father][\/vc_column_inner][vc_column_inner width=\u00bb1\/3&#8243;][info_list_father connector_h=\u00bb10&#8243; listclr=\u00bb#aa0f16&#8243;][info_list_son style=\u00bbicon\u00bb size=\u00bb20&#8243; width=\u00bb40&#8243; height=\u00bb40&#8243; borderwidth=\u00bb2&#8243; titlesize=\u00bb14&#8243; titleclr=\u00bb#3a3a3a\u00bb icon=\u00bbfas fa-chalkboard\u00bb iconclr=\u00bb#ffffff\u00bb iconbg=\u00bb#aa0f16&#8243; borderclr=\u00bb#ffffff\u00bb title=\u00bbFormaci\u00f3n:\u00bb]Docente<\/p>\n<p>Formaci\u00f3n a padres y madres de familia<\/p>\n<p>Promoci\u00f3n social[\/info_list_son][\/info_list_father][\/vc_column_inner][vc_column_inner width=\u00bb1\/6&#8243;][\/vc_column_inner][\/vc_row_inner][\/vc_column][\/vc_row][vc_row][vc_column]<div style=\"background-color:;height: 30px\" class=\"nicdark_section  \"><\/div>[vc_column_text]<\/p>\n<h3>Programas certificados<\/h3>\n<p>[\/vc_column_text][\/vc_column][\/vc_row][vc_row][vc_column]<div style=\"background-color:;height: 20px\" class=\"nicdark_section  \"><\/div>[\/vc_column][\/vc_row][vc_row][vc_column width=\u00bb1\/2&#8243;][info_list_father theme=\u00bbright\u00bb listwidth=\u00bb2&#8243; listclr=\u00bb#aa0f16&#8243;][info_list_son style=\u00bbicon\u00bb width=\u00bb60&#8243; height=\u00bb60&#8243; borderwidth=\u00bb5&#8243; titlesize=\u00bb14&#8243; titleclr=\u00bb#3a3a3a\u00bb icon=\u00bbfas fa-award\u00bb iconclr=\u00bb#aa0f16&#8243; iconbg=\u00bb#ffffff\u00bb borderclr=\u00bb#aa0f16&#8243; title=\u00bbSistema de Mejora de la Calidad Educativa\u00bb lineheight=\u00bb5&#8243;]Es un proceso permanente de evaluaci\u00f3n y reflexi\u00f3n para la toma decisiones pertinentes e innovadoras en las comunidades educativas. Utiliza los procesos de evaluaci\u00f3n, reflexi\u00f3n, planificaci\u00f3n y sistematizaci\u00f3n.[\/info_list_son][info_list_son style=\u00bbicon\u00bb width=\u00bb60&#8243; height=\u00bb60&#8243; borderwidth=\u00bb5&#8243; titlesize=\u00bb14&#8243; titleclr=\u00bb#3a3a3a\u00bb icon=\u00bbfas fa-award\u00bb iconclr=\u00bb#aa0f16&#8243; iconbg=\u00bb#ffffff\u00bb borderclr=\u00bb#aa0f16&#8243; title=\u00bbEducaci\u00f3n para el trabajo\u00bb lineheight=\u00bb5&#8243;]Capacita a los j\u00f3venes para la vida laboral, desde un enfoque de productividad y emprendimiento.<\/p>\n<p><strong>\u00a0<\/strong>[\/info_list_son][info_list_son style=\u00bbicon\u00bb width=\u00bb60&#8243; height=\u00bb60&#8243; borderwidth=\u00bb5&#8243; titlesize=\u00bb14&#8243; titleclr=\u00bb#3a3a3a\u00bb icon=\u00bbfas fa-award\u00bb iconclr=\u00bb#aa0f16&#8243; iconbg=\u00bb#ffffff\u00bb borderclr=\u00bb#aa0f16&#8243; title=\u00bbProtagonismo juvenil organizado\u00bb lineheight=\u00bb5&#8243;]Promueve la formaci\u00f3n de las juventudes en temas de liderazgo, cultura de paz, participaci\u00f3n ciudadana, convivencia pac\u00edfica, equidad de g\u00e9nero y ciudadan\u00eda global.[\/info_list_son][info_list_son style=\u00bbicon\u00bb width=\u00bb60&#8243; height=\u00bb60&#8243; borderwidth=\u00bb5&#8243; titlesize=\u00bb14&#8243; titleclr=\u00bb#3a3a3a\u00bb icon=\u00bbfas fa-award\u00bb iconclr=\u00bb#aa0f16&#8243; iconbg=\u00bb#ffffff\u00bb borderclr=\u00bb#aa0f16&#8243; title=\u00bbCogesti\u00f3n\u00bb lineheight=\u00bb5&#8243;]Se basa en la corresponsabilidad de la comunidad tomando en cuenta a l\u00edderes locales para sumar esfuerzos y lograr la transformaci\u00f3n social. Propone una gesti\u00f3n por medio de la participaci\u00f3n de la comunidad educativa con \u00e9nfasis en las madres y padres de familia, a trav\u00e9s de: Consejos Escolares, Asociaciones de Padres y Madres de Familia y Gobiernos Escolares[\/info_list_son][\/info_list_father][\/vc_column][vc_column width=\u00bb1\/2&#8243;][info_list_father connector_h=\u00bb0&#8243; listwidth=\u00bb2&#8243; listclr=\u00bb#aa0f16&#8243;][info_list_son style=\u00bbicon\u00bb width=\u00bb60&#8243; height=\u00bb60&#8243; borderwidth=\u00bb5&#8243; titlesize=\u00bb14&#8243; titleclr=\u00bb#3a3a3a\u00bb icon=\u00bbfas fa-award\u00bb iconclr=\u00bb#aa0f16&#8243; iconbg=\u00bb#ffffff\u00bb borderclr=\u00bb#aa0f16&#8243; title=\u00bbEducaci\u00f3n Biling\u00fce Intercultural\u00bb lineheight=\u00bb5&#8243;]Es una propuesta para la inclusi\u00f3n social que promueve las relaciones interculturales basadas en el mutuo entendimiento, el derecho a vivir la propia cultura, la tolerancia y la diversidad cultural.<\/p>\n<p><strong>\u00a0<\/strong>[\/info_list_son][info_list_son style=\u00bbicon\u00bb width=\u00bb60&#8243; height=\u00bb60&#8243; borderwidth=\u00bb5&#8243; titlesize=\u00bb14&#8243; titleclr=\u00bb#3a3a3a\u00bb icon=\u00bbfas fa-award\u00bb iconclr=\u00bb#aa0f16&#8243; iconbg=\u00bb#ffffff\u00bb borderclr=\u00bb#aa0f16&#8243; title=\u00bbEscuelas saludables\u00bb lineheight=\u00bb5&#8243;]Favorece la adopci\u00f3n de estilos de vida saludables por medio de acciones de salud y cuidado ambiental. Entre las \u00e1reas de acci\u00f3n est\u00e1n: nutrici\u00f3n escolar, higiene, capacitaci\u00f3n y formaci\u00f3n y medio ambiente.[\/info_list_son][info_list_son style=\u00bbicon\u00bb width=\u00bb60&#8243; height=\u00bb60&#8243; borderwidth=\u00bb5&#8243; titlesize=\u00bb14&#8243; titleclr=\u00bb#3a3a3a\u00bb icon=\u00bbfas fa-award\u00bb iconclr=\u00bb#aa0f16&#8243; iconbg=\u00bb#ffffff\u00bb borderclr=\u00bb#aa0f16&#8243; title=\u00bbMetodolog\u00eda Plenitud\u00bb lineheight=\u00bb5&#8243; caption_url=\u00bb\u00bb]Propuesta curricular integradora que potencia el desarrollo personal y comunitario. Se orienta a desarrollar capacidades y habilidades para la vida.<\/p>\n<p>&nbsp;<\/p>\n<p style=\"text-align: left\"><strong><span style=\"color: #aa0f16\">P\u00a0 <\/span><\/strong>Promesa de valor<\/p>\n<p><strong><span style=\"color: #aa0f16\">L<\/span><\/strong>\u00a0 \u00a0Leer la realidad<\/p>\n<p><strong><span style=\"color: #aa0f16\">E<\/span><\/strong>\u00a0 \u00a0Expresar la propia palabra<\/p>\n<p><strong><span style=\"color: #aa0f16\">N<\/span><\/strong>\u00a0 \u00a0Nueva historia<\/p>\n<p><strong><span style=\"color: #aa0f16\">I<\/span><\/strong>\u00a0 \u00a0Interiorizar el aprendizaje<\/p>\n<p><strong><span style=\"color: #aa0f16\">T<\/span><\/strong>\u00a0 \u00a0Transformar la realidad<\/p>\n<p><strong><span style=\"color: #aa0f16\">U<\/span><\/strong>\u00a0 \u00a0Unir esfuerzos<\/p>\n<p><strong><span style=\"color: #aa0f16\">D<\/span><\/strong>\u00a0 \u00a0Dial\u00e9ctica entre evaluar y aprender[\/info_list_son][\/info_list_father][\/vc_column][\/vc_row][vc_row][vc_column]<div style=\"background-color:;height: 80px\" class=\"nicdark_section  \"><\/div>[vc_column_text]<\/p>\n<h3>Otros programas<\/h3>\n<p>[\/vc_column_text][\/vc_column][\/vc_row][vc_row css=\u00bb.vc_custom_1616705612451{padding-right: 50px !important;padding-bottom: 40px !important;background-color: rgba(228,228,228,0.69) !important;*background-color: rgb(228,228,228) !important;}\u00bb][vc_column width=\u00bb1\/3&#8243;][info_list_father listwidth=\u00bb2&#8243; listclr=\u00bb#aa0f16&#8243;][info_list_son style=\u00bbicon\u00bb width=\u00bb60&#8243; height=\u00bb60&#8243; borderwidth=\u00bb5&#8243; titlesize=\u00bb14&#8243; titleclr=\u00bb#3a3a3a\u00bb icon=\u00bbfas fa-chalkboard-teacher\u00bb iconclr=\u00bb#aa0f16&#8243; iconbg=\u00bb#ffffff\u00bb borderclr=\u00bb#aa0f16&#8243; title=\u00bbLa Luz de las Ni\u00f1as\u00bb lineheight=\u00bb5&#8243;]Contribuye en la construcci\u00f3n de una nueva generaci\u00f3n de ni\u00f1as, adolescentes y familias, con mejores oportunidades para el ejercicio de sus derechos y corresponsabilidades. Con espacios amigables, rincones de aprendizaje, intercambios, deporte y cultura.<\/p>\n<p><strong><a href=\"http:\/\/www.laluzdelasni\u00f1as.org\" target=\"_blank\" rel=\"noopener noreferrer\">www.laluzdelasni\u00f1as.org<\/a><\/strong>[\/info_list_son][\/info_list_father][\/vc_column][vc_column width=\u00bb1\/3&#8243;][info_list_father listwidth=\u00bb2&#8243; listclr=\u00bb#aa0f16&#8243;][info_list_son style=\u00bbicon\u00bb width=\u00bb60&#8243; height=\u00bb60&#8243; borderwidth=\u00bb5&#8243; titlesize=\u00bb14&#8243; titleclr=\u00bb#3a3a3a\u00bb icon=\u00bbfas fa-chalkboard-teacher\u00bb iconclr=\u00bb#aa0f16&#8243; iconbg=\u00bb#ffffff\u00bb borderclr=\u00bb#aa0f16&#8243; lineheight=\u00bb5&#8243; caption_url=\u00bb\u00bb title=\u00bbJ\u00f3venes Promesas\u00bb]Programa de cooperaci\u00f3n educativa sur-sur entre Guatemala, Honduras, El Salvador y M\u00e9xico, que promueve la formaci\u00f3n t\u00e9cnica media superior y el liderazgo, la ciudadan\u00eda y la cultura de paz para j\u00f3venes en situaciones de riesgo.<\/p>\n<p><strong><a href=\"https:\/\/www.jovenespromesas.net\/\" target=\"_blank\" rel=\"noopener noreferrer\">https:\/\/www.jovenespromesas.net\/<\/a><\/strong>[\/info_list_son][\/info_list_father][\/vc_column][vc_column width=\u00bb1\/3&#8243;][info_list_father listwidth=\u00bb2&#8243; listclr=\u00bb#aa0f16&#8243;][info_list_son style=\u00bbicon\u00bb width=\u00bb60&#8243; height=\u00bb60&#8243; borderwidth=\u00bb5&#8243; titlesize=\u00bb14&#8243; titleclr=\u00bb#3a3a3a\u00bb icon=\u00bbfas fa-chalkboard-teacher\u00bb iconclr=\u00bb#aa0f16&#8243; iconbg=\u00bb#ffffff\u00bb borderclr=\u00bb#aa0f16&#8243; title=\u00bbEcomunidad\u00bb lineheight=\u00bb5&#8243;]Propone una gesti\u00f3n con enfoque ambiental, favoreciendo tres \u00e1mbitos: al interno del centro educativo, en lo curricular y en lo comunitario. Por medio de actividades como: huertos escolares, radio escolar, caminata para concientizar en el cuidado del medio ambiente, reciclaje y reutilizaci\u00f3n de recursos.[\/info_list_son][\/info_list_father][\/vc_column][\/vc_row][vc_row][vc_column]<div style=\"background-color:;height: 2px\" class=\"nicdark_section  \"><\/div>[\/vc_column][\/vc_row][vc_row css=\u00bb.vc_custom_1616641945702{padding-right: 60px !important;padding-bottom: 40px !important;background-color: rgba(228,228,228,0.69) !important;*background-color: rgb(228,228,228) !important;}\u00bb][vc_column width=\u00bb1\/3&#8243;][info_list_father listwidth=\u00bb2&#8243; listclr=\u00bb#aa0f16&#8243;][info_list_son style=\u00bbicon\u00bb width=\u00bb60&#8243; height=\u00bb60&#8243; borderwidth=\u00bb5&#8243; titlesize=\u00bb14&#8243; titleclr=\u00bb#3a3a3a\u00bb icon=\u00bbfas fa-chalkboard-teacher\u00bb iconclr=\u00bb#aa0f16&#8243; iconbg=\u00bb#ffffff\u00bb borderclr=\u00bb#aa0f16&#8243; title=\u00bbGesti\u00f3n Directiva\u00bb lineheight=\u00bb5&#8243;]Estrategia organizativa a trav\u00e9s de comunidades de aprendizaje, que alienta y empodera a la comunidad a aprender y trabajar de manera conjunta para la mejora continua.[\/info_list_son][\/info_list_father][\/vc_column][vc_column width=\u00bb1\/3&#8243;][info_list_father listwidth=\u00bb2&#8243; listclr=\u00bb#aa0f16&#8243;][info_list_son style=\u00bbicon\u00bb width=\u00bb60&#8243; height=\u00bb60&#8243; borderwidth=\u00bb5&#8243; titlesize=\u00bb14&#8243; titleclr=\u00bb#3a3a3a\u00bb icon=\u00bbfas fa-chalkboard-teacher\u00bb iconclr=\u00bb#aa0f16&#8243; iconbg=\u00bb#ffffff\u00bb borderclr=\u00bb#aa0f16&#8243; lineheight=\u00bb5&#8243;]<strong><span style=\"color: #3a3a3a\">Reinserci\u00f3n de j\u00f3venes al sistema educativo<\/span><\/strong><\/p>\n<p>&nbsp;<\/p>\n<p>Reinserci\u00f3n escolar de j\u00f3venes que se han reinsertado en modalidades flexibles, en alianza con IGER.[\/info_list_son][\/info_list_father][\/vc_column][vc_column width=\u00bb1\/3&#8243;][info_list_father listwidth=\u00bb2&#8243; listclr=\u00bb#aa0f16&#8243;][info_list_son style=\u00bbicon\u00bb width=\u00bb60&#8243; height=\u00bb60&#8243; borderwidth=\u00bb5&#8243; titlesize=\u00bb14&#8243; titleclr=\u00bb#3a3a3a\u00bb icon=\u00bbfas fa-chalkboard-teacher\u00bb iconclr=\u00bb#aa0f16&#8243; iconbg=\u00bb#ffffff\u00bb borderclr=\u00bb#aa0f16&#8243; title=\u00bbModalidad flexible\u00bb lineheight=\u00bb5&#8243;]Plan fin de semana para estudiantes de Chiantla, Huehuetenango que no han logrado cursar el ciclo b\u00e1sico. Adem\u00e1s de las \u00e1reas acad\u00e9micas ofrece educaci\u00f3n t\u00e9cnica: mec\u00e1nica automotriz, carpinter\u00eda, herrer\u00eda, alimentos, corte y confecci\u00f3n, cultivos, crianza de cerdos y gallinas.[\/info_list_son][\/info_list_father][\/vc_column][\/vc_row][vc_row][vc_column]<div style=\"background-color:;height: 40px\" class=\"nicdark_section  \"><\/div>[\/vc_column][\/vc_row]<\/p>\n<\/div>","protected":false},"excerpt":{"rendered":"<p>[vc_row][vc_column][\/vc_column][\/vc_row][vc_row][vc_column width=\u00bb3\/4&#8243;][vc_column_text css=\u00bb.vc_custom_1616622147418{margin-right: 40px !important;}\u00bb]Nuestros programas educativos tienen una funci\u00f3n p\u00fablica, gratuita y de calidad, basados en el modelo pedag\u00f3gico PLENITUD, que contribuye a brindar una educaci\u00f3n centrada en la persona, con una constante formaci\u00f3n docente y una gesti\u00f3n participativa. &nbsp; D\u00eda a d\u00eda nos esforzamos por mejorar la calidad educativa de los ni\u00f1os y<\/p>\n","protected":false},"author":19,"featured_media":0,"parent":0,"menu_order":0,"comment_status":"closed","ping_status":"closed","template":"","meta":{"_acf_changed":false,"footnotes":""},"folder":[],"class_list":["post-500","page","type-page","status-publish","hentry"],"acf":[],"yoast_head":"<!-- This site is optimized with the Yoast SEO plugin v27.2 - https:\/\/yoast.com\/product\/yoast-seo-wordpress\/ -->\n<title>Programas educativos - #SomosFeyAlegr\u00eda en Guatemala<\/title>\n<meta name=\"robots\" content=\"index, follow, max-snippet:-1, max-image-preview:large, max-video-preview:-1\" \/>\n<link rel=\"canonical\" href=\"https:\/\/www.feyalegria.org\/guatemala\/programas-educativos\/\" \/>\n<meta property=\"og:locale\" content=\"es_ES\" \/>\n<meta property=\"og:type\" content=\"article\" \/>\n<meta property=\"og:title\" content=\"Programas educativos - #SomosFeyAlegr\u00eda en Guatemala\" \/>\n<meta property=\"og:description\" content=\"[vc_row][vc_column][\/vc_column][\/vc_row][vc_row][vc_column width=\u00bb3\/4&#8243;][vc_column_text css=\u00bb.vc_custom_1616622147418{margin-right: 40px !important;}\u00bb]Nuestros programas educativos tienen una funci\u00f3n p\u00fablica, gratuita y de calidad, basados en el modelo pedag\u00f3gico PLENITUD, que contribuye a brindar una educaci\u00f3n centrada en la persona, con una constante formaci\u00f3n docente y una gesti\u00f3n participativa. &nbsp; D\u00eda a d\u00eda nos esforzamos por mejorar la calidad educativa de los ni\u00f1os y\" \/>\n<meta property=\"og:url\" content=\"https:\/\/www.feyalegria.org\/guatemala\/programas-educativos\/\" \/>\n<meta property=\"og:site_name\" content=\"#SomosFeyAlegr\u00eda en Guatemala\" \/>\n<meta property=\"article:modified_time\" content=\"2021-03-25T20:56:50+00:00\" \/>\n<meta name=\"twitter:card\" content=\"summary_large_image\" \/>\n<meta name=\"twitter:label1\" content=\"Tiempo de lectura\" \/>\n\t<meta name=\"twitter:data1\" content=\"7 minutos\" \/>\n<script type=\"application\/ld+json\" class=\"yoast-schema-graph\">{\"@context\":\"https:\/\/schema.org\",\"@graph\":[{\"@type\":\"WebPage\",\"@id\":\"https:\/\/www.feyalegria.org\/guatemala\/programas-educativos\/\",\"url\":\"https:\/\/www.feyalegria.org\/guatemala\/programas-educativos\/\",\"name\":\"Programas educativos - #SomosFeyAlegr\u00eda en Guatemala\",\"isPartOf\":{\"@id\":\"https:\/\/www.feyalegria.org\/guatemala\/#website\"},\"datePublished\":\"2020-07-06T16:43:16+00:00\",\"dateModified\":\"2021-03-25T20:56:50+00:00\",\"breadcrumb\":{\"@id\":\"https:\/\/www.feyalegria.org\/guatemala\/programas-educativos\/#breadcrumb\"},\"inLanguage\":\"es\",\"potentialAction\":[{\"@type\":\"ReadAction\",\"target\":[\"https:\/\/www.feyalegria.org\/guatemala\/programas-educativos\/\"]}]},{\"@type\":\"BreadcrumbList\",\"@id\":\"https:\/\/www.feyalegria.org\/guatemala\/programas-educativos\/#breadcrumb\",\"itemListElement\":[{\"@type\":\"ListItem\",\"position\":1,\"name\":\"Home\",\"item\":\"https:\/\/www.feyalegria.org\/guatemala\/\"},{\"@type\":\"ListItem\",\"position\":2,\"name\":\"Programas educativos\"}]},{\"@type\":\"WebSite\",\"@id\":\"https:\/\/www.feyalegria.org\/guatemala\/#website\",\"url\":\"https:\/\/www.feyalegria.org\/guatemala\/\",\"name\":\"#SomosFeyAlegr\u00eda en Guatemala\",\"description\":\"Movimiento de Educaci\u00f3n Popular y Promoci\u00f3n Social\",\"potentialAction\":[{\"@type\":\"SearchAction\",\"target\":{\"@type\":\"EntryPoint\",\"urlTemplate\":\"https:\/\/www.feyalegria.org\/guatemala\/?s={search_term_string}\"},\"query-input\":{\"@type\":\"PropertyValueSpecification\",\"valueRequired\":true,\"valueName\":\"search_term_string\"}}],\"inLanguage\":\"es\"}]}<\/script>\n<!-- \/ Yoast SEO plugin. -->","yoast_head_json":{"title":"Programas educativos - #SomosFeyAlegr\u00eda en Guatemala","robots":{"index":"index","follow":"follow","max-snippet":"max-snippet:-1","max-image-preview":"max-image-preview:large","max-video-preview":"max-video-preview:-1"},"canonical":"https:\/\/www.feyalegria.org\/guatemala\/programas-educativos\/","og_locale":"es_ES","og_type":"article","og_title":"Programas educativos - #SomosFeyAlegr\u00eda en Guatemala","og_description":"[vc_row][vc_column][\/vc_column][\/vc_row][vc_row][vc_column width=\u00bb3\/4&#8243;][vc_column_text css=\u00bb.vc_custom_1616622147418{margin-right: 40px !important;}\u00bb]Nuestros programas educativos tienen una funci\u00f3n p\u00fablica, gratuita y de calidad, basados en el modelo pedag\u00f3gico PLENITUD, que contribuye a brindar una educaci\u00f3n centrada en la persona, con una constante formaci\u00f3n docente y una gesti\u00f3n participativa. &nbsp; D\u00eda a d\u00eda nos esforzamos por mejorar la calidad educativa de los ni\u00f1os y","og_url":"https:\/\/www.feyalegria.org\/guatemala\/programas-educativos\/","og_site_name":"#SomosFeyAlegr\u00eda en Guatemala","article_modified_time":"2021-03-25T20:56:50+00:00","twitter_card":"summary_large_image","twitter_misc":{"Tiempo de lectura":"7 minutos"},"schema":{"@context":"https:\/\/schema.org","@graph":[{"@type":"WebPage","@id":"https:\/\/www.feyalegria.org\/guatemala\/programas-educativos\/","url":"https:\/\/www.feyalegria.org\/guatemala\/programas-educativos\/","name":"Programas educativos - #SomosFeyAlegr\u00eda en Guatemala","isPartOf":{"@id":"https:\/\/www.feyalegria.org\/guatemala\/#website"},"datePublished":"2020-07-06T16:43:16+00:00","dateModified":"2021-03-25T20:56:50+00:00","breadcrumb":{"@id":"https:\/\/www.feyalegria.org\/guatemala\/programas-educativos\/#breadcrumb"},"inLanguage":"es","potentialAction":[{"@type":"ReadAction","target":["https:\/\/www.feyalegria.org\/guatemala\/programas-educativos\/"]}]},{"@type":"BreadcrumbList","@id":"https:\/\/www.feyalegria.org\/guatemala\/programas-educativos\/#breadcrumb","itemListElement":[{"@type":"ListItem","position":1,"name":"Home","item":"https:\/\/www.feyalegria.org\/guatemala\/"},{"@type":"ListItem","position":2,"name":"Programas educativos"}]},{"@type":"WebSite","@id":"https:\/\/www.feyalegria.org\/guatemala\/#website","url":"https:\/\/www.feyalegria.org\/guatemala\/","name":"#SomosFeyAlegr\u00eda en Guatemala","description":"Movimiento de Educaci\u00f3n Popular y Promoci\u00f3n Social","potentialAction":[{"@type":"SearchAction","target":{"@type":"EntryPoint","urlTemplate":"https:\/\/www.feyalegria.org\/guatemala\/?s={search_term_string}"},"query-input":{"@type":"PropertyValueSpecification","valueRequired":true,"valueName":"search_term_string"}}],"inLanguage":"es"}]}},"_links":{"self":[{"href":"https:\/\/www.feyalegria.org\/guatemala\/wp-json\/wp\/v2\/pages\/500","targetHints":{"allow":["GET"]}}],"collection":[{"href":"https:\/\/www.feyalegria.org\/guatemala\/wp-json\/wp\/v2\/pages"}],"about":[{"href":"https:\/\/www.feyalegria.org\/guatemala\/wp-json\/wp\/v2\/types\/page"}],"author":[{"embeddable":true,"href":"https:\/\/www.feyalegria.org\/guatemala\/wp-json\/wp\/v2\/users\/19"}],"replies":[{"embeddable":true,"href":"https:\/\/www.feyalegria.org\/guatemala\/wp-json\/wp\/v2\/comments?post=500"}],"version-history":[{"count":0,"href":"https:\/\/www.feyalegria.org\/guatemala\/wp-json\/wp\/v2\/pages\/500\/revisions"}],"wp:attachment":[{"href":"https:\/\/www.feyalegria.org\/guatemala\/wp-json\/wp\/v2\/media?parent=500"}],"wp:term":[{"taxonomy":"folder","embeddable":true,"href":"https:\/\/www.feyalegria.org\/guatemala\/wp-json\/wp\/v2\/folder?post=500"}],"curies":[{"name":"wp","href":"https:\/\/api.w.org\/{rel}","templated":true}]}}