 {"id":607,"date":"2020-07-10T15:04:02","date_gmt":"2020-07-10T20:04:02","guid":{"rendered":"https:\/\/www.feyalegria.org\/guatemala\/?page_id=607"},"modified":"2025-01-14T15:26:46","modified_gmt":"2025-01-14T20:26:46","slug":"donaciones","status":"publish","type":"page","link":"https:\/\/www.feyalegria.org\/guatemala\/donaciones\/","title":{"rendered":"Donaciones"},"content":{"rendered":"<div class=\"wpb-content-wrapper\"><p>[vc_row][vc_column]<div style=\"background-color:;height: 30px\" class=\"nicdark_section  \"><\/div>[\/vc_column][\/vc_row][vc_row][vc_column width=\u00bb2\/3&#8243;][vc_column_text]<\/p>\n<h3 style=\"text-align: center;\">C\u00f3mo colaborar<\/h3>\n<p>[\/vc_column_text][vc_row_inner css=\u00bb.vc_custom_1615145462843{background-color: #e4e4e4 !important;border-radius: 5px !important;}\u00bb][vc_column_inner][vc_column_text css=\u00bb.vc_custom_1615149652441{margin-top: -20px !important;margin-bottom: 10px !important;}\u00bb]<\/p>\n<h4>Financiamiento de proyectos<\/h4>\n<p>[\/vc_column_text][\/vc_column_inner][\/vc_row_inner]<div style=\"background-color:;height: 10px\" class=\"nicdark_section  \"><\/div>[vc_column_text]<span style=\"font-weight: 400;\">Colabore en los programas de desarrollo educativo y social de: alimentaci\u00f3n, infraestructura, equipamiento, formaci\u00f3n docente y fortalecimiento institucional.<\/span>[\/vc_column_text][vc_row_inner css=\u00bb.vc_custom_1615145462843{background-color: #e4e4e4 !important;border-radius: 5px !important;}\u00bb][vc_column_inner][vc_column_text css=\u00bb.vc_custom_1615149706912{margin-top: -20px !important;margin-bottom: 10px !important;}\u00bb]<\/p>\n<h4>Donaci\u00f3n de insumos<\/h4>\n<p>[\/vc_column_text][\/vc_column_inner][\/vc_row_inner]<div style=\"background-color:;height: 10px\" class=\"nicdark_section  \"><\/div>[vc_column_text]<span style=\"font-weight: 400;\">Puede dotar nuestros centros con mobiliario, equipo de c\u00f3mputo, equipos audiovisuales o material educativo que sea nuevo o usado en buen estado.<\/span>[\/vc_column_text][vc_row_inner css=\u00bb.vc_custom_1615145462843{background-color: #e4e4e4 !important;border-radius: 5px !important;}\u00bb][vc_column_inner][vc_column_text css=\u00bb.vc_custom_1615149719953{margin-top: -20px !important;margin-bottom: 10px !important;}\u00bb]<\/p>\n<h4>Dep\u00f3sito Bancario<\/h4>\n<p>[\/vc_column_text][\/vc_column_inner][\/vc_row_inner][vc_row_inner][vc_column_inner width=\u00bb1\/2&#8243;][vc_column_text]<strong>Banco G&amp;T Continental.<\/strong><\/p>\n<p><span style=\"font-weight: 400;\">Cuenta monetaria <\/span>| <span style=\"font-weight: 400;\">No. 066-0017438-3<\/span><\/p>\n<p><span style=\"font-weight: 400;\">A nombre de <strong>FUNDACI\u00d3N EDUCATIVA FE Y ALEGR\u00cdA<\/strong><\/span>[\/vc_column_text][\/vc_column_inner][vc_column_inner width=\u00bb1\/2&#8243;][vc_column_text]<strong>BANCO PROMERICA.<\/strong><\/p>\n<p><span style=\"font-weight: 400;\">Cuenta Monetaria | No. 12335020016015.<\/span><\/p>\n<p>A nombre de <strong>FUNDACI\u00d3N EDUCATIVA FE Y ALEGR\u00cdA \/ PROCURACI\u00d3N DE FONDOS<\/strong>[\/vc_column_text][\/vc_column_inner][\/vc_row_inner][\/vc_column][vc_column width=\u00bb1\/3&#8243;][vc_single_image image=\u00bb5110&#8243; img_size=\u00bbfull\u00bb alignment=\u00bbcenter\u00bb style=\u00bbvc_box_rounded\u00bb onclick=\u00bbcustom_link\u00bb img_link_target=\u00bb_blank\u00bb css=\u00bb.vc_custom_1736886475172{margin-right: 1px !important;margin-bottom: -5px !important;margin-left: 1px !important;}\u00bb link=\u00bbhttps:\/\/link.visaenlink.gt\/VEL8533169925c3ik7oqg2nvasbet9\/1634938639fe52450\/1662343198a4529d17118&#8243;][vc_row_inner css=\u00bb.vc_custom_1614639797095{margin-right: 1px !important;margin-bottom: 35px !important;margin-left: 1px !important;background-color: #f7f7f7 !important;}\u00bb][vc_column_inner]<a href=\"https:\/\/link.visaenlink.gt\/VEL8533169925c3ik7oqg2nvasbet9\/1634938639fe52450\/1662343198a4529d17118\" target=\"_blank\" title=\"\"  data-id=\"mpc_button-9069e0c14c48c53\" class=\"mpc-button mpc-init mpc-transition mpc-display--block \" ><div class=\"mpc-button__content mpc-effect-type--none mpc-effect-side--none\"><span class=\"mpc-button__title mpc-transition\">VisaEnLink<\/span><\/div><div class=\"mpc-button__background mpc-transition mpc-effect-type--fade mpc-effect-side--in\"><\/div><\/a>[vc_column_text css=\u00bb.vc_custom_1663623693898{margin-right: 6px !important;margin-left: 6px !important;}\u00bb]Con tu tarjetas <span style=\"font-weight: 400;\">\u00a0<strong>VISA<\/strong> o <strong>MasterCard<\/strong>\u00a0<\/span> puedes hacer una donaci\u00f3n para seguir construyendo sue\u00f1os. Una forma muy f\u00e1cil y segura de colaborar.[\/vc_column_text][\/vc_column_inner][\/vc_row_inner][\/vc_column][\/vc_row][vc_row][vc_column][vc_row_inner css=\u00bb.vc_custom_1615145462843{background-color: #e4e4e4 !important;border-radius: 5px !important;}\u00bb][vc_column_inner][vc_column_text css=\u00bb.vc_custom_1615149788107{margin-top: -20px !important;margin-bottom: 10px !important;}\u00bb]<\/p>\n<h4>Donaciones internacionales<\/h4>\n<p>[\/vc_column_text][\/vc_column_inner][\/vc_row_inner][vc_row_inner][vc_column_inner width=\u00bb1\/2&#8243;][vc_column_text]<strong>INTERMEDIARY BANK<\/strong>: BANK OF AMERICA, NA<\/p>\n<p><strong>DIRECCI\u00d3N<\/strong>: NEW YORK, N.Y.<\/p>\n<p><strong>ABA<\/strong>: 026009593 <strong>SWIFT<\/strong>: BOFAUS3N<\/p>\n<p><strong>TO DEPOSIT ACCT. NR<\/strong> 1901734945<\/p>\n<p><strong>OF BENEFICIARY&#8217; S BANK<\/strong>: Banco G &amp; T Continental, S.A. Guatemala City<\/p>\n<p><strong>SWIFT<\/strong>: GTCOGTGC[\/vc_column_text][\/vc_column_inner][vc_column_inner width=\u00bb1\/2&#8243;][vc_column_text]<strong>IBAN<\/strong> GT47GTCO02010000006658070633<\/p>\n<p><strong>BENEFICIARY&#8217;S ACCT<\/strong>: 066-5807063-3<\/p>\n<p><strong>BENEFICIARY&#8217;S NAME<\/strong>: Fundaci\u00f3n educativa\u00a0 Fe y Alegr\u00eda[\/vc_column_text][\/vc_column_inner][\/vc_row_inner][vc_column_text]<\/p>\n<p style=\"text-align: center;\"><span style=\"font-weight: 400;\">Por su aporte, le estaremos <span style=\"color: #aa0f16;\"><strong>extendiendo un recibo de donaci\u00f3n que es deducible de sus impuestos<\/strong><\/span>, d\u00e1ndole un respaldo transparente y legal a su esfuerzo.<\/span><\/p>\n<p>[\/vc_column_text][\/vc_column][\/vc_row]<\/p>\n<\/div>","protected":false},"excerpt":{"rendered":"<p>[vc_row][vc_column][\/vc_column][\/vc_row][vc_row][vc_column width=\u00bb2\/3&#8243;][vc_column_text] C\u00f3mo colaborar [\/vc_column_text][vc_row_inner css=\u00bb.vc_custom_1615145462843{background-color: #e4e4e4 !important;border-radius: 5px !important;}\u00bb][vc_column_inner][vc_column_text css=\u00bb.vc_custom_1615149652441{margin-top: -20px !important;margin-bottom: 10px !important;}\u00bb] Financiamiento de proyectos [\/vc_column_text][\/vc_column_inner][\/vc_row_inner][vc_column_text]Colabore en los programas de desarrollo educativo y social de: alimentaci\u00f3n, infraestructura, equipamiento, formaci\u00f3n docente y fortalecimiento institucional.[\/vc_column_text][vc_row_inner css=\u00bb.vc_custom_1615145462843{background-color: #e4e4e4 !important;border-radius: 5px !important;}\u00bb][vc_column_inner][vc_column_text css=\u00bb.vc_custom_1615149706912{margin-top: -20px !important;margin-bottom: 10px !important;}\u00bb] Donaci\u00f3n de insumos [\/vc_column_text][\/vc_column_inner][\/vc_row_inner][vc_column_text]Puede dotar nuestros centros con mobiliario,<\/p>\n","protected":false},"author":11,"featured_media":0,"parent":0,"menu_order":0,"comment_status":"closed","ping_status":"closed","template":"","meta":{"_acf_changed":false,"footnotes":""},"folder":[],"class_list":["post-607","page","type-page","status-publish","hentry"],"acf":[],"yoast_head":"<!-- This site is optimized with the Yoast SEO plugin v27.2 - https:\/\/yoast.com\/product\/yoast-seo-wordpress\/ -->\n<title>Donaciones - #SomosFeyAlegr\u00eda en Guatemala<\/title>\n<meta name=\"robots\" content=\"index, follow, max-snippet:-1, max-image-preview:large, max-video-preview:-1\" \/>\n<link rel=\"canonical\" href=\"https:\/\/www.feyalegria.org\/guatemala\/donaciones\/\" \/>\n<meta property=\"og:locale\" content=\"es_ES\" \/>\n<meta property=\"og:type\" content=\"article\" \/>\n<meta property=\"og:title\" content=\"Donaciones - #SomosFeyAlegr\u00eda en Guatemala\" \/>\n<meta property=\"og:description\" content=\"[vc_row][vc_column][\/vc_column][\/vc_row][vc_row][vc_column width=\u00bb2\/3&#8243;][vc_column_text] C\u00f3mo colaborar [\/vc_column_text][vc_row_inner css=\u00bb.vc_custom_1615145462843{background-color: #e4e4e4 !important;border-radius: 5px !important;}\u00bb][vc_column_inner][vc_column_text css=\u00bb.vc_custom_1615149652441{margin-top: -20px !important;margin-bottom: 10px !important;}\u00bb] Financiamiento de proyectos [\/vc_column_text][\/vc_column_inner][\/vc_row_inner][vc_column_text]Colabore en los programas de desarrollo educativo y social de: alimentaci\u00f3n, infraestructura, equipamiento, formaci\u00f3n docente y fortalecimiento institucional.[\/vc_column_text][vc_row_inner css=\u00bb.vc_custom_1615145462843{background-color: #e4e4e4 !important;border-radius: 5px !important;}\u00bb][vc_column_inner][vc_column_text css=\u00bb.vc_custom_1615149706912{margin-top: -20px !important;margin-bottom: 10px !important;}\u00bb] Donaci\u00f3n de insumos [\/vc_column_text][\/vc_column_inner][\/vc_row_inner][vc_column_text]Puede dotar nuestros centros con mobiliario,\" \/>\n<meta property=\"og:url\" content=\"https:\/\/www.feyalegria.org\/guatemala\/donaciones\/\" \/>\n<meta property=\"og:site_name\" content=\"#SomosFeyAlegr\u00eda en Guatemala\" \/>\n<meta property=\"article:modified_time\" content=\"2025-01-14T20:26:46+00:00\" \/>\n<meta name=\"twitter:card\" content=\"summary_large_image\" \/>\n<meta name=\"twitter:label1\" content=\"Tiempo de lectura\" \/>\n\t<meta name=\"twitter:data1\" content=\"2 minutos\" \/>\n<script type=\"application\/ld+json\" class=\"yoast-schema-graph\">{\"@context\":\"https:\/\/schema.org\",\"@graph\":[{\"@type\":\"WebPage\",\"@id\":\"https:\/\/www.feyalegria.org\/guatemala\/donaciones\/\",\"url\":\"https:\/\/www.feyalegria.org\/guatemala\/donaciones\/\",\"name\":\"Donaciones - #SomosFeyAlegr\u00eda en Guatemala\",\"isPartOf\":{\"@id\":\"https:\/\/www.feyalegria.org\/guatemala\/#website\"},\"datePublished\":\"2020-07-10T20:04:02+00:00\",\"dateModified\":\"2025-01-14T20:26:46+00:00\",\"breadcrumb\":{\"@id\":\"https:\/\/www.feyalegria.org\/guatemala\/donaciones\/#breadcrumb\"},\"inLanguage\":\"es\",\"potentialAction\":[{\"@type\":\"ReadAction\",\"target\":[\"https:\/\/www.feyalegria.org\/guatemala\/donaciones\/\"]}]},{\"@type\":\"BreadcrumbList\",\"@id\":\"https:\/\/www.feyalegria.org\/guatemala\/donaciones\/#breadcrumb\",\"itemListElement\":[{\"@type\":\"ListItem\",\"position\":1,\"name\":\"Home\",\"item\":\"https:\/\/www.feyalegria.org\/guatemala\/\"},{\"@type\":\"ListItem\",\"position\":2,\"name\":\"Donaciones\"}]},{\"@type\":\"WebSite\",\"@id\":\"https:\/\/www.feyalegria.org\/guatemala\/#website\",\"url\":\"https:\/\/www.feyalegria.org\/guatemala\/\",\"name\":\"#SomosFeyAlegr\u00eda en Guatemala\",\"description\":\"Movimiento de Educaci\u00f3n Popular y Promoci\u00f3n Social\",\"potentialAction\":[{\"@type\":\"SearchAction\",\"target\":{\"@type\":\"EntryPoint\",\"urlTemplate\":\"https:\/\/www.feyalegria.org\/guatemala\/?s={search_term_string}\"},\"query-input\":{\"@type\":\"PropertyValueSpecification\",\"valueRequired\":true,\"valueName\":\"search_term_string\"}}],\"inLanguage\":\"es\"}]}<\/script>\n<!-- \/ Yoast SEO plugin. -->","yoast_head_json":{"title":"Donaciones - #SomosFeyAlegr\u00eda en Guatemala","robots":{"index":"index","follow":"follow","max-snippet":"max-snippet:-1","max-image-preview":"max-image-preview:large","max-video-preview":"max-video-preview:-1"},"canonical":"https:\/\/www.feyalegria.org\/guatemala\/donaciones\/","og_locale":"es_ES","og_type":"article","og_title":"Donaciones - #SomosFeyAlegr\u00eda en Guatemala","og_description":"[vc_row][vc_column][\/vc_column][\/vc_row][vc_row][vc_column width=\u00bb2\/3&#8243;][vc_column_text] C\u00f3mo colaborar [\/vc_column_text][vc_row_inner css=\u00bb.vc_custom_1615145462843{background-color: #e4e4e4 !important;border-radius: 5px !important;}\u00bb][vc_column_inner][vc_column_text css=\u00bb.vc_custom_1615149652441{margin-top: -20px !important;margin-bottom: 10px !important;}\u00bb] Financiamiento de proyectos [\/vc_column_text][\/vc_column_inner][\/vc_row_inner][vc_column_text]Colabore en los programas de desarrollo educativo y social de: alimentaci\u00f3n, infraestructura, equipamiento, formaci\u00f3n docente y fortalecimiento institucional.[\/vc_column_text][vc_row_inner css=\u00bb.vc_custom_1615145462843{background-color: #e4e4e4 !important;border-radius: 5px !important;}\u00bb][vc_column_inner][vc_column_text css=\u00bb.vc_custom_1615149706912{margin-top: -20px !important;margin-bottom: 10px !important;}\u00bb] Donaci\u00f3n de insumos [\/vc_column_text][\/vc_column_inner][\/vc_row_inner][vc_column_text]Puede dotar nuestros centros con mobiliario,","og_url":"https:\/\/www.feyalegria.org\/guatemala\/donaciones\/","og_site_name":"#SomosFeyAlegr\u00eda en Guatemala","article_modified_time":"2025-01-14T20:26:46+00:00","twitter_card":"summary_large_image","twitter_misc":{"Tiempo de lectura":"2 minutos"},"schema":{"@context":"https:\/\/schema.org","@graph":[{"@type":"WebPage","@id":"https:\/\/www.feyalegria.org\/guatemala\/donaciones\/","url":"https:\/\/www.feyalegria.org\/guatemala\/donaciones\/","name":"Donaciones - #SomosFeyAlegr\u00eda en Guatemala","isPartOf":{"@id":"https:\/\/www.feyalegria.org\/guatemala\/#website"},"datePublished":"2020-07-10T20:04:02+00:00","dateModified":"2025-01-14T20:26:46+00:00","breadcrumb":{"@id":"https:\/\/www.feyalegria.org\/guatemala\/donaciones\/#breadcrumb"},"inLanguage":"es","potentialAction":[{"@type":"ReadAction","target":["https:\/\/www.feyalegria.org\/guatemala\/donaciones\/"]}]},{"@type":"BreadcrumbList","@id":"https:\/\/www.feyalegria.org\/guatemala\/donaciones\/#breadcrumb","itemListElement":[{"@type":"ListItem","position":1,"name":"Home","item":"https:\/\/www.feyalegria.org\/guatemala\/"},{"@type":"ListItem","position":2,"name":"Donaciones"}]},{"@type":"WebSite","@id":"https:\/\/www.feyalegria.org\/guatemala\/#website","url":"https:\/\/www.feyalegria.org\/guatemala\/","name":"#SomosFeyAlegr\u00eda en Guatemala","description":"Movimiento de Educaci\u00f3n Popular y Promoci\u00f3n Social","potentialAction":[{"@type":"SearchAction","target":{"@type":"EntryPoint","urlTemplate":"https:\/\/www.feyalegria.org\/guatemala\/?s={search_term_string}"},"query-input":{"@type":"PropertyValueSpecification","valueRequired":true,"valueName":"search_term_string"}}],"inLanguage":"es"}]}},"_links":{"self":[{"href":"https:\/\/www.feyalegria.org\/guatemala\/wp-json\/wp\/v2\/pages\/607","targetHints":{"allow":["GET"]}}],"collection":[{"href":"https:\/\/www.feyalegria.org\/guatemala\/wp-json\/wp\/v2\/pages"}],"about":[{"href":"https:\/\/www.feyalegria.org\/guatemala\/wp-json\/wp\/v2\/types\/page"}],"author":[{"embeddable":true,"href":"https:\/\/www.feyalegria.org\/guatemala\/wp-json\/wp\/v2\/users\/11"}],"replies":[{"embeddable":true,"href":"https:\/\/www.feyalegria.org\/guatemala\/wp-json\/wp\/v2\/comments?post=607"}],"version-history":[{"count":0,"href":"https:\/\/www.feyalegria.org\/guatemala\/wp-json\/wp\/v2\/pages\/607\/revisions"}],"wp:attachment":[{"href":"https:\/\/www.feyalegria.org\/guatemala\/wp-json\/wp\/v2\/media?parent=607"}],"wp:term":[{"taxonomy":"folder","embeddable":true,"href":"https:\/\/www.feyalegria.org\/guatemala\/wp-json\/wp\/v2\/folder?post=607"}],"curies":[{"name":"wp","href":"https:\/\/api.w.org\/{rel}","templated":true}]}}