 {"id":107,"date":"2017-04-10T13:00:45","date_gmt":"2017-04-10T18:00:45","guid":{"rendered":"https:\/\/www.feyalegria.org\/honduras\/ejes-iniciativa-de-trabajo\/"},"modified":"2021-03-08T18:33:43","modified_gmt":"2021-03-08T23:33:43","slug":"boletin","status":"publish","type":"page","link":"https:\/\/www.feyalegria.org\/honduras\/boletin\/","title":{"rendered":"Bolet\u00edn"},"content":{"rendered":"<div class=\"wpb-content-wrapper\"><p>[vc_row][vc_column][vc_tta_accordion][vc_tta_section i_icon_fontawesome=\u00bbfas fa-book-reader\u00bb add_icon=\u00bbtrue\u00bb title=\u00bb2021&#8243; tab_id=\u00bb1611941520336-3f12012e-a7cf\u00bb][vc_row_inner][vc_column_inner width=\u00bb1\/4&#8243;][vc_column_text]<\/p>\n<h4 style=\"text-align: center;\"><strong><span style=\"color: #aa0f16;\">Febrero<\/span><\/strong><\/h4>\n<p>[\/vc_column_text][vc_single_image image=\u00bb2908&#8243; img_size=\u00bbfull\u00bb alignment=\u00bbcenter\u00bb style=\u00bbvc_box_rounded\u00bb onclick=\u00bbcustom_link\u00bb img_link_target=\u00bb_blank\u00bb link=\u00bbhttps:\/\/mailchi.mp\/f1dcf152067e\/f6jod3t0mb\u00bb][vc_column_text]<\/p>\n<h4 style=\"text-align: center;\"><strong><span style=\"color: #aa0f16;\">Bolet\u00edn Nro. 2<\/span><\/strong><\/h4>\n<p>[\/vc_column_text][\/vc_column_inner][vc_column_inner width=\u00bb1\/4&#8243;][vc_column_text]<\/p>\n<h4 style=\"text-align: center;\"><strong><span style=\"color: #aa0f16;\">Enero<\/span><\/strong><\/h4>\n<p>[\/vc_column_text][vc_single_image image=\u00bb2908&#8243; img_size=\u00bbfull\u00bb alignment=\u00bbcenter\u00bb style=\u00bbvc_box_rounded\u00bb onclick=\u00bbcustom_link\u00bb img_link_target=\u00bb_blank\u00bb link=\u00bbhttps:\/\/mailchi.mp\/f1dcf152067e\/f6jod3t0mb\u00bb][vc_column_text]<\/p>\n<h4 style=\"text-align: center;\"><strong><span style=\"color: #aa0f16;\">Bolet\u00edn Nro. 1 <\/span><\/strong><\/h4>\n<p>[\/vc_column_text][\/vc_column_inner][vc_column_inner width=\u00bb1\/4&#8243;][\/vc_column_inner][vc_column_inner width=\u00bb1\/4&#8243;][\/vc_column_inner][\/vc_row_inner][\/vc_tta_section][\/vc_tta_accordion][\/vc_column][\/vc_row]<\/p>\n<\/div>","protected":false},"excerpt":{"rendered":"<p>[vc_row][vc_column][vc_tta_accordion][vc_tta_section i_icon_fontawesome=\u00bbfas fa-book-reader\u00bb add_icon=\u00bbtrue\u00bb title=\u00bb2021&#8243; tab_id=\u00bb1611941520336-3f12012e-a7cf\u00bb][vc_row_inner][vc_column_inner width=\u00bb1\/4&#8243;][vc_column_text] Febrero [\/vc_column_text][vc_single_image image=\u00bb2908&#8243; img_size=\u00bbfull\u00bb alignment=\u00bbcenter\u00bb style=\u00bbvc_box_rounded\u00bb onclick=\u00bbcustom_link\u00bb img_link_target=\u00bb_blank\u00bb link=\u00bbhttps:\/\/mailchi.mp\/f1dcf152067e\/f6jod3t0mb\u00bb][vc_column_text] Bolet\u00edn Nro. 2 [\/vc_column_text][\/vc_column_inner][vc_column_inner width=\u00bb1\/4&#8243;][vc_column_text] Enero [\/vc_column_text][vc_single_image image=\u00bb2908&#8243; img_size=\u00bbfull\u00bb alignment=\u00bbcenter\u00bb style=\u00bbvc_box_rounded\u00bb onclick=\u00bbcustom_link\u00bb img_link_target=\u00bb_blank\u00bb link=\u00bbhttps:\/\/mailchi.mp\/f1dcf152067e\/f6jod3t0mb\u00bb][vc_column_text] Bolet\u00edn Nro. 1 [\/vc_column_text][\/vc_column_inner][vc_column_inner width=\u00bb1\/4&#8243;][\/vc_column_inner][vc_column_inner width=\u00bb1\/4&#8243;][\/vc_column_inner][\/vc_row_inner][\/vc_tta_section][\/vc_tta_accordion][\/vc_column][\/vc_row]<\/p>\n","protected":false},"author":2,"featured_media":0,"parent":0,"menu_order":0,"comment_status":"closed","ping_status":"closed","template":"","meta":{"_acf_changed":false,"footnotes":""},"folder":[],"class_list":["post-107","page","type-page","status-publish","hentry"],"acf":[],"yoast_head":"<!-- This site is optimized with the Yoast SEO plugin v27.5 - https:\/\/yoast.com\/product\/yoast-seo-wordpress\/ -->\n<title>Bolet\u00edn - #SomosFeyAlegr\u00eda en Honduras<\/title>\n<meta name=\"robots\" content=\"index, follow, max-snippet:-1, max-image-preview:large, max-video-preview:-1\" \/>\n<link rel=\"canonical\" href=\"https:\/\/www.feyalegria.org\/honduras\/boletin\/\" \/>\n<meta property=\"og:locale\" content=\"es_ES\" \/>\n<meta property=\"og:type\" content=\"article\" \/>\n<meta property=\"og:title\" content=\"Bolet\u00edn - #SomosFeyAlegr\u00eda en Honduras\" \/>\n<meta property=\"og:description\" content=\"[vc_row][vc_column][vc_tta_accordion][vc_tta_section i_icon_fontawesome=\u00bbfas fa-book-reader\u00bb add_icon=\u00bbtrue\u00bb title=\u00bb2021&#8243; tab_id=\u00bb1611941520336-3f12012e-a7cf\u00bb][vc_row_inner][vc_column_inner width=\u00bb1\/4&#8243;][vc_column_text] Febrero [\/vc_column_text][vc_single_image image=\u00bb2908&#8243; img_size=\u00bbfull\u00bb alignment=\u00bbcenter\u00bb style=\u00bbvc_box_rounded\u00bb onclick=\u00bbcustom_link\u00bb img_link_target=\u00bb_blank\u00bb link=\u00bbhttps:\/\/mailchi.mp\/f1dcf152067e\/f6jod3t0mb\u00bb][vc_column_text] Bolet\u00edn Nro. 2 [\/vc_column_text][\/vc_column_inner][vc_column_inner width=\u00bb1\/4&#8243;][vc_column_text] Enero [\/vc_column_text][vc_single_image image=\u00bb2908&#8243; img_size=\u00bbfull\u00bb alignment=\u00bbcenter\u00bb style=\u00bbvc_box_rounded\u00bb onclick=\u00bbcustom_link\u00bb img_link_target=\u00bb_blank\u00bb link=\u00bbhttps:\/\/mailchi.mp\/f1dcf152067e\/f6jod3t0mb\u00bb][vc_column_text] Bolet\u00edn Nro. 1 [\/vc_column_text][\/vc_column_inner][vc_column_inner width=\u00bb1\/4&#8243;][\/vc_column_inner][vc_column_inner width=\u00bb1\/4&#8243;][\/vc_column_inner][\/vc_row_inner][\/vc_tta_section][\/vc_tta_accordion][\/vc_column][\/vc_row]\" \/>\n<meta property=\"og:url\" content=\"https:\/\/www.feyalegria.org\/honduras\/boletin\/\" \/>\n<meta property=\"og:site_name\" content=\"#SomosFeyAlegr\u00eda en Honduras\" \/>\n<meta property=\"article:modified_time\" content=\"2021-03-08T23:33:43+00:00\" \/>\n<meta name=\"twitter:card\" content=\"summary_large_image\" \/>\n<meta name=\"twitter:label1\" content=\"Tiempo de lectura\" \/>\n\t<meta name=\"twitter:data1\" content=\"1 minuto\" \/>\n<script type=\"application\/ld+json\" class=\"yoast-schema-graph\">{\"@context\":\"https:\\\/\\\/schema.org\",\"@graph\":[{\"@type\":\"WebPage\",\"@id\":\"https:\\\/\\\/www.feyalegria.org\\\/honduras\\\/boletin\\\/\",\"url\":\"https:\\\/\\\/www.feyalegria.org\\\/honduras\\\/boletin\\\/\",\"name\":\"Bolet\u00edn - #SomosFeyAlegr\u00eda en Honduras\",\"isPartOf\":{\"@id\":\"https:\\\/\\\/www.feyalegria.org\\\/honduras\\\/#website\"},\"datePublished\":\"2017-04-10T18:00:45+00:00\",\"dateModified\":\"2021-03-08T23:33:43+00:00\",\"breadcrumb\":{\"@id\":\"https:\\\/\\\/www.feyalegria.org\\\/honduras\\\/boletin\\\/#breadcrumb\"},\"inLanguage\":\"es\",\"potentialAction\":[{\"@type\":\"ReadAction\",\"target\":[\"https:\\\/\\\/www.feyalegria.org\\\/honduras\\\/boletin\\\/\"]}]},{\"@type\":\"BreadcrumbList\",\"@id\":\"https:\\\/\\\/www.feyalegria.org\\\/honduras\\\/boletin\\\/#breadcrumb\",\"itemListElement\":[{\"@type\":\"ListItem\",\"position\":1,\"name\":\"Home\",\"item\":\"https:\\\/\\\/www.feyalegria.org\\\/honduras\\\/\"},{\"@type\":\"ListItem\",\"position\":2,\"name\":\"Bolet\u00edn\"}]},{\"@type\":\"WebSite\",\"@id\":\"https:\\\/\\\/www.feyalegria.org\\\/honduras\\\/#website\",\"url\":\"https:\\\/\\\/www.feyalegria.org\\\/honduras\\\/\",\"name\":\"#SomosFeyAlegr\u00eda en Honduras\",\"description\":\"Movimiento de Educaci\u00f3n Popular y Promoci\u00f3n Social\",\"potentialAction\":[{\"@type\":\"SearchAction\",\"target\":{\"@type\":\"EntryPoint\",\"urlTemplate\":\"https:\\\/\\\/www.feyalegria.org\\\/honduras\\\/?s={search_term_string}\"},\"query-input\":{\"@type\":\"PropertyValueSpecification\",\"valueRequired\":true,\"valueName\":\"search_term_string\"}}],\"inLanguage\":\"es\"}]}<\/script>\n<!-- \/ Yoast SEO plugin. -->","yoast_head_json":{"title":"Bolet\u00edn - #SomosFeyAlegr\u00eda en Honduras","robots":{"index":"index","follow":"follow","max-snippet":"max-snippet:-1","max-image-preview":"max-image-preview:large","max-video-preview":"max-video-preview:-1"},"canonical":"https:\/\/www.feyalegria.org\/honduras\/boletin\/","og_locale":"es_ES","og_type":"article","og_title":"Bolet\u00edn - #SomosFeyAlegr\u00eda en Honduras","og_description":"[vc_row][vc_column][vc_tta_accordion][vc_tta_section i_icon_fontawesome=\u00bbfas fa-book-reader\u00bb add_icon=\u00bbtrue\u00bb title=\u00bb2021&#8243; tab_id=\u00bb1611941520336-3f12012e-a7cf\u00bb][vc_row_inner][vc_column_inner width=\u00bb1\/4&#8243;][vc_column_text] Febrero [\/vc_column_text][vc_single_image image=\u00bb2908&#8243; img_size=\u00bbfull\u00bb alignment=\u00bbcenter\u00bb style=\u00bbvc_box_rounded\u00bb onclick=\u00bbcustom_link\u00bb img_link_target=\u00bb_blank\u00bb link=\u00bbhttps:\/\/mailchi.mp\/f1dcf152067e\/f6jod3t0mb\u00bb][vc_column_text] Bolet\u00edn Nro. 2 [\/vc_column_text][\/vc_column_inner][vc_column_inner width=\u00bb1\/4&#8243;][vc_column_text] Enero [\/vc_column_text][vc_single_image image=\u00bb2908&#8243; img_size=\u00bbfull\u00bb alignment=\u00bbcenter\u00bb style=\u00bbvc_box_rounded\u00bb onclick=\u00bbcustom_link\u00bb img_link_target=\u00bb_blank\u00bb link=\u00bbhttps:\/\/mailchi.mp\/f1dcf152067e\/f6jod3t0mb\u00bb][vc_column_text] Bolet\u00edn Nro. 1 [\/vc_column_text][\/vc_column_inner][vc_column_inner width=\u00bb1\/4&#8243;][\/vc_column_inner][vc_column_inner width=\u00bb1\/4&#8243;][\/vc_column_inner][\/vc_row_inner][\/vc_tta_section][\/vc_tta_accordion][\/vc_column][\/vc_row]","og_url":"https:\/\/www.feyalegria.org\/honduras\/boletin\/","og_site_name":"#SomosFeyAlegr\u00eda en Honduras","article_modified_time":"2021-03-08T23:33:43+00:00","twitter_card":"summary_large_image","twitter_misc":{"Tiempo de lectura":"1 minuto"},"schema":{"@context":"https:\/\/schema.org","@graph":[{"@type":"WebPage","@id":"https:\/\/www.feyalegria.org\/honduras\/boletin\/","url":"https:\/\/www.feyalegria.org\/honduras\/boletin\/","name":"Bolet\u00edn - #SomosFeyAlegr\u00eda en Honduras","isPartOf":{"@id":"https:\/\/www.feyalegria.org\/honduras\/#website"},"datePublished":"2017-04-10T18:00:45+00:00","dateModified":"2021-03-08T23:33:43+00:00","breadcrumb":{"@id":"https:\/\/www.feyalegria.org\/honduras\/boletin\/#breadcrumb"},"inLanguage":"es","potentialAction":[{"@type":"ReadAction","target":["https:\/\/www.feyalegria.org\/honduras\/boletin\/"]}]},{"@type":"BreadcrumbList","@id":"https:\/\/www.feyalegria.org\/honduras\/boletin\/#breadcrumb","itemListElement":[{"@type":"ListItem","position":1,"name":"Home","item":"https:\/\/www.feyalegria.org\/honduras\/"},{"@type":"ListItem","position":2,"name":"Bolet\u00edn"}]},{"@type":"WebSite","@id":"https:\/\/www.feyalegria.org\/honduras\/#website","url":"https:\/\/www.feyalegria.org\/honduras\/","name":"#SomosFeyAlegr\u00eda en Honduras","description":"Movimiento de Educaci\u00f3n Popular y Promoci\u00f3n Social","potentialAction":[{"@type":"SearchAction","target":{"@type":"EntryPoint","urlTemplate":"https:\/\/www.feyalegria.org\/honduras\/?s={search_term_string}"},"query-input":{"@type":"PropertyValueSpecification","valueRequired":true,"valueName":"search_term_string"}}],"inLanguage":"es"}]}},"_links":{"self":[{"href":"https:\/\/www.feyalegria.org\/honduras\/wp-json\/wp\/v2\/pages\/107","targetHints":{"allow":["GET"]}}],"collection":[{"href":"https:\/\/www.feyalegria.org\/honduras\/wp-json\/wp\/v2\/pages"}],"about":[{"href":"https:\/\/www.feyalegria.org\/honduras\/wp-json\/wp\/v2\/types\/page"}],"author":[{"embeddable":true,"href":"https:\/\/www.feyalegria.org\/honduras\/wp-json\/wp\/v2\/users\/2"}],"replies":[{"embeddable":true,"href":"https:\/\/www.feyalegria.org\/honduras\/wp-json\/wp\/v2\/comments?post=107"}],"version-history":[{"count":0,"href":"https:\/\/www.feyalegria.org\/honduras\/wp-json\/wp\/v2\/pages\/107\/revisions"}],"wp:attachment":[{"href":"https:\/\/www.feyalegria.org\/honduras\/wp-json\/wp\/v2\/media?parent=107"}],"wp:term":[{"taxonomy":"folder","embeddable":true,"href":"https:\/\/www.feyalegria.org\/honduras\/wp-json\/wp\/v2\/folder?post=107"}],"curies":[{"name":"wp","href":"https:\/\/api.w.org\/{rel}","templated":true}]}}