 {"id":149,"date":"2020-06-25T10:03:54","date_gmt":"2020-06-25T15:03:54","guid":{"rendered":"https:\/\/www.feyalegria.org\/honduras\/?page_id=149"},"modified":"2021-03-23T00:25:25","modified_gmt":"2021-03-23T05:25:25","slug":"con-quienes-trabajamos","status":"publish","type":"page","link":"https:\/\/www.feyalegria.org\/honduras\/con-quienes-trabajamos\/","title":{"rendered":"Con qui\u00e9nes trabajamos"},"content":{"rendered":"<div class=\"wpb-content-wrapper\"><p>[vc_row][vc_column]<div style=\"background-color:;height: 20px\" class=\"nicdark_section  \"><\/div>[\/vc_column][\/vc_row][vc_row][vc_column width=\u00bb4\/5&#8243;][vc_column_text]<\/p>\n<p align=\"justify\">Trabajamos junto con personas y organizaciones que comparten nuestra misi\u00f3n y conf\u00edan en nuestra labor:<\/p>\n<p>[\/vc_column_text][vc_row_inner][vc_column_inner width=\u00bb1\/2&#8243;]<div id=\"mpc_icon_list-7869e57a64654d2\" class=\"mpc-icon-list mpc-init mpc-icon--left mpc-typography--default \"><ul class=\"mpc-list__ul\"><li class=\"mpc-list__item mpc-parent-hover mpc-transition\" data-index=\"0\"><div class=\"mpc-list__icon\"><div data-id=\"mpc_icon-8069e57a6465553\" class=\"mpc-icon mpc-init mpc-transition mpc-effect-fade mpc-icon-hover \"><div class=\"mpc-icon-wrap\"><i class=\"mpc-icon-part mpc-regular mpc-transition  fa fa-hand-o-right\"><\/i><i class=\"mpc-icon-part mpc-hover mpc-transition  fa fa-handshake-o\"><\/i><\/div><\/div><\/div><span class=\"mpc-list__title\">Centros de Formaci\u00f3n para el Trabajo<\/span><\/li><li class=\"mpc-list__item mpc-parent-hover mpc-transition\" data-index=\"1\"><div class=\"mpc-list__icon\"><div data-id=\"mpc_icon-8069e57a6465553\" class=\"mpc-icon mpc-init mpc-transition mpc-effect-fade mpc-icon-hover \"><div class=\"mpc-icon-wrap\"><i class=\"mpc-icon-part mpc-regular mpc-transition  fa fa-hand-o-right\"><\/i><i class=\"mpc-icon-part mpc-hover mpc-transition  fa fa-handshake-o\"><\/i><\/div><\/div><\/div><span class=\"mpc-list__title\">Centros de Educaci\u00f3n P\u00fablica<\/span><\/li><li class=\"mpc-list__item mpc-parent-hover mpc-transition\" data-index=\"2\"><div class=\"mpc-list__icon\"><div data-id=\"mpc_icon-8069e57a6465553\" class=\"mpc-icon mpc-init mpc-transition mpc-effect-fade mpc-icon-hover \"><div class=\"mpc-icon-wrap\"><i class=\"mpc-icon-part mpc-regular mpc-transition  fa fa-hand-o-right\"><\/i><i class=\"mpc-icon-part mpc-hover mpc-transition  fa fa-handshake-o\"><\/i><\/div><\/div><\/div><span class=\"mpc-list__title\">Organizaciones Comunitarias \n<\/span><\/li><li class=\"mpc-list__item mpc-parent-hover mpc-transition\" data-index=\"3\"><div class=\"mpc-list__icon\"><div data-id=\"mpc_icon-8069e57a6465553\" class=\"mpc-icon mpc-init mpc-transition mpc-effect-fade mpc-icon-hover \"><div class=\"mpc-icon-wrap\"><i class=\"mpc-icon-part mpc-regular mpc-transition  fa fa-hand-o-right\"><\/i><i class=\"mpc-icon-part mpc-hover mpc-transition  fa fa-handshake-o\"><\/i><\/div><\/div><\/div><span class=\"mpc-list__title\">C\u00e1maras de Comercio<\/span><\/li><\/ul><\/div>[\/vc_column_inner][vc_column_inner width=\u00bb1\/2&#8243;]<div id=\"mpc_icon_list-1269e57a64655f5\" class=\"mpc-icon-list mpc-init mpc-icon--left mpc-typography--default \"><ul class=\"mpc-list__ul\"><li class=\"mpc-list__item mpc-parent-hover mpc-transition\" data-index=\"0\"><div class=\"mpc-list__icon\"><div data-id=\"mpc_icon-3369e57a646564d\" class=\"mpc-icon mpc-init mpc-transition mpc-effect-fade mpc-icon-hover \"><div class=\"mpc-icon-wrap\"><i class=\"mpc-icon-part mpc-regular mpc-transition  fa fa-hand-o-right\"><\/i><i class=\"mpc-icon-part mpc-hover mpc-transition  fa fa-handshake-o\"><\/i><\/div><\/div><\/div><span class=\"mpc-list__title\">Empresas<\/span><\/li><li class=\"mpc-list__item mpc-parent-hover mpc-transition\" data-index=\"1\"><div class=\"mpc-list__icon\"><div data-id=\"mpc_icon-3369e57a646564d\" class=\"mpc-icon mpc-init mpc-transition mpc-effect-fade mpc-icon-hover \"><div class=\"mpc-icon-wrap\"><i class=\"mpc-icon-part mpc-regular mpc-transition  fa fa-hand-o-right\"><\/i><i class=\"mpc-icon-part mpc-hover mpc-transition  fa fa-handshake-o\"><\/i><\/div><\/div><\/div><span class=\"mpc-list__title\">Organizaciones P\u00fablicas y Privadas<\/span><\/li><li class=\"mpc-list__item mpc-parent-hover mpc-transition\" data-index=\"2\"><div class=\"mpc-list__icon\"><div data-id=\"mpc_icon-3369e57a646564d\" class=\"mpc-icon mpc-init mpc-transition mpc-effect-fade mpc-icon-hover \"><div class=\"mpc-icon-wrap\"><i class=\"mpc-icon-part mpc-regular mpc-transition  fa fa-hand-o-right\"><\/i><i class=\"mpc-icon-part mpc-hover mpc-transition  fa fa-handshake-o\"><\/i><\/div><\/div><\/div><span class=\"mpc-list__title\">Municipalidades\n<\/span><\/li><li class=\"mpc-list__item mpc-parent-hover mpc-transition\" data-index=\"3\"><div class=\"mpc-list__icon\"><div data-id=\"mpc_icon-3369e57a646564d\" class=\"mpc-icon mpc-init mpc-transition mpc-effect-fade mpc-icon-hover \"><div class=\"mpc-icon-wrap\"><i class=\"mpc-icon-part mpc-regular mpc-transition  fa fa-hand-o-right\"><\/i><i class=\"mpc-icon-part mpc-hover mpc-transition  fa fa-handshake-o\"><\/i><\/div><\/div><\/div><span class=\"mpc-list__title\">Autoridades Educativas<\/span><\/li><\/ul><\/div>[\/vc_column_inner][\/vc_row_inner][\/vc_column][vc_column width=\u00bb1\/5&#8243;][vc_single_image image=\u00bb2990&#8243; img_size=\u00bbfull\u00bb alignment=\u00bbcenter\u00bb style=\u00bbvc_box_rounded\u00bb][\/vc_column][\/vc_row][vc_row][vc_column]<div style=\"background-color:;height: 50px\" class=\"nicdark_section  \"><\/div>[\/vc_column][\/vc_row]<\/p>\n<\/div>","protected":false},"excerpt":{"rendered":"<p>[vc_row][vc_column][\/vc_column][\/vc_row][vc_row][vc_column width=\u00bb4\/5&#8243;][vc_column_text] Trabajamos junto con personas y organizaciones que comparten nuestra misi\u00f3n y conf\u00edan en nuestra labor: [\/vc_column_text][vc_row_inner][vc_column_inner width=\u00bb1\/2&#8243;][\/vc_column_inner][vc_column_inner width=\u00bb1\/2&#8243;][\/vc_column_inner][\/vc_row_inner][\/vc_column][vc_column width=\u00bb1\/5&#8243;][vc_single_image image=\u00bb2990&#8243; img_size=\u00bbfull\u00bb alignment=\u00bbcenter\u00bb style=\u00bbvc_box_rounded\u00bb][\/vc_column][\/vc_row][vc_row][vc_column][\/vc_column][\/vc_row]<\/p>\n","protected":false},"author":11,"featured_media":0,"parent":0,"menu_order":0,"comment_status":"closed","ping_status":"closed","template":"","meta":{"_acf_changed":false,"footnotes":""},"folder":[],"class_list":["post-149","page","type-page","status-publish","hentry"],"acf":[],"yoast_head":"<!-- This site is optimized with the Yoast SEO plugin v27.2 - https:\/\/yoast.com\/product\/yoast-seo-wordpress\/ -->\n<title>Con qui\u00e9nes trabajamos - #SomosFeyAlegr\u00eda en Honduras<\/title>\n<meta name=\"robots\" content=\"index, follow, max-snippet:-1, max-image-preview:large, max-video-preview:-1\" \/>\n<link rel=\"canonical\" href=\"https:\/\/www.feyalegria.org\/honduras\/con-quienes-trabajamos\/\" \/>\n<meta property=\"og:locale\" content=\"es_ES\" \/>\n<meta property=\"og:type\" content=\"article\" \/>\n<meta property=\"og:title\" content=\"Con qui\u00e9nes trabajamos - #SomosFeyAlegr\u00eda en Honduras\" \/>\n<meta property=\"og:description\" content=\"[vc_row][vc_column][\/vc_column][\/vc_row][vc_row][vc_column width=\u00bb4\/5&#8243;][vc_column_text] Trabajamos junto con personas y organizaciones que comparten nuestra misi\u00f3n y conf\u00edan en nuestra labor: [\/vc_column_text][vc_row_inner][vc_column_inner width=\u00bb1\/2&#8243;][\/vc_column_inner][vc_column_inner width=\u00bb1\/2&#8243;][\/vc_column_inner][\/vc_row_inner][\/vc_column][vc_column width=\u00bb1\/5&#8243;][vc_single_image image=\u00bb2990&#8243; img_size=\u00bbfull\u00bb alignment=\u00bbcenter\u00bb style=\u00bbvc_box_rounded\u00bb][\/vc_column][\/vc_row][vc_row][vc_column][\/vc_column][\/vc_row]\" \/>\n<meta property=\"og:url\" content=\"https:\/\/www.feyalegria.org\/honduras\/con-quienes-trabajamos\/\" \/>\n<meta property=\"og:site_name\" content=\"#SomosFeyAlegr\u00eda en Honduras\" \/>\n<meta property=\"article:modified_time\" content=\"2021-03-23T05:25:25+00:00\" \/>\n<meta name=\"twitter:card\" content=\"summary_large_image\" \/>\n<meta name=\"twitter:label1\" content=\"Tiempo de lectura\" \/>\n\t<meta name=\"twitter:data1\" content=\"2 minutos\" \/>\n<script type=\"application\/ld+json\" class=\"yoast-schema-graph\">{\"@context\":\"https:\/\/schema.org\",\"@graph\":[{\"@type\":\"WebPage\",\"@id\":\"https:\/\/www.feyalegria.org\/honduras\/con-quienes-trabajamos\/\",\"url\":\"https:\/\/www.feyalegria.org\/honduras\/con-quienes-trabajamos\/\",\"name\":\"Con qui\u00e9nes trabajamos - #SomosFeyAlegr\u00eda en Honduras\",\"isPartOf\":{\"@id\":\"https:\/\/www.feyalegria.org\/honduras\/#website\"},\"datePublished\":\"2020-06-25T15:03:54+00:00\",\"dateModified\":\"2021-03-23T05:25:25+00:00\",\"breadcrumb\":{\"@id\":\"https:\/\/www.feyalegria.org\/honduras\/con-quienes-trabajamos\/#breadcrumb\"},\"inLanguage\":\"es\",\"potentialAction\":[{\"@type\":\"ReadAction\",\"target\":[\"https:\/\/www.feyalegria.org\/honduras\/con-quienes-trabajamos\/\"]}]},{\"@type\":\"BreadcrumbList\",\"@id\":\"https:\/\/www.feyalegria.org\/honduras\/con-quienes-trabajamos\/#breadcrumb\",\"itemListElement\":[{\"@type\":\"ListItem\",\"position\":1,\"name\":\"Home\",\"item\":\"https:\/\/www.feyalegria.org\/honduras\/\"},{\"@type\":\"ListItem\",\"position\":2,\"name\":\"Con qui\u00e9nes trabajamos\"}]},{\"@type\":\"WebSite\",\"@id\":\"https:\/\/www.feyalegria.org\/honduras\/#website\",\"url\":\"https:\/\/www.feyalegria.org\/honduras\/\",\"name\":\"#SomosFeyAlegr\u00eda en Honduras\",\"description\":\"Movimiento de Educaci\u00f3n Popular y Promoci\u00f3n Social\",\"potentialAction\":[{\"@type\":\"SearchAction\",\"target\":{\"@type\":\"EntryPoint\",\"urlTemplate\":\"https:\/\/www.feyalegria.org\/honduras\/?s={search_term_string}\"},\"query-input\":{\"@type\":\"PropertyValueSpecification\",\"valueRequired\":true,\"valueName\":\"search_term_string\"}}],\"inLanguage\":\"es\"}]}<\/script>\n<!-- \/ Yoast SEO plugin. -->","yoast_head_json":{"title":"Con qui\u00e9nes trabajamos - #SomosFeyAlegr\u00eda en Honduras","robots":{"index":"index","follow":"follow","max-snippet":"max-snippet:-1","max-image-preview":"max-image-preview:large","max-video-preview":"max-video-preview:-1"},"canonical":"https:\/\/www.feyalegria.org\/honduras\/con-quienes-trabajamos\/","og_locale":"es_ES","og_type":"article","og_title":"Con qui\u00e9nes trabajamos - #SomosFeyAlegr\u00eda en Honduras","og_description":"[vc_row][vc_column][\/vc_column][\/vc_row][vc_row][vc_column width=\u00bb4\/5&#8243;][vc_column_text] Trabajamos junto con personas y organizaciones que comparten nuestra misi\u00f3n y conf\u00edan en nuestra labor: [\/vc_column_text][vc_row_inner][vc_column_inner width=\u00bb1\/2&#8243;][\/vc_column_inner][vc_column_inner width=\u00bb1\/2&#8243;][\/vc_column_inner][\/vc_row_inner][\/vc_column][vc_column width=\u00bb1\/5&#8243;][vc_single_image image=\u00bb2990&#8243; img_size=\u00bbfull\u00bb alignment=\u00bbcenter\u00bb style=\u00bbvc_box_rounded\u00bb][\/vc_column][\/vc_row][vc_row][vc_column][\/vc_column][\/vc_row]","og_url":"https:\/\/www.feyalegria.org\/honduras\/con-quienes-trabajamos\/","og_site_name":"#SomosFeyAlegr\u00eda en Honduras","article_modified_time":"2021-03-23T05:25:25+00:00","twitter_card":"summary_large_image","twitter_misc":{"Tiempo de lectura":"2 minutos"},"schema":{"@context":"https:\/\/schema.org","@graph":[{"@type":"WebPage","@id":"https:\/\/www.feyalegria.org\/honduras\/con-quienes-trabajamos\/","url":"https:\/\/www.feyalegria.org\/honduras\/con-quienes-trabajamos\/","name":"Con qui\u00e9nes trabajamos - #SomosFeyAlegr\u00eda en Honduras","isPartOf":{"@id":"https:\/\/www.feyalegria.org\/honduras\/#website"},"datePublished":"2020-06-25T15:03:54+00:00","dateModified":"2021-03-23T05:25:25+00:00","breadcrumb":{"@id":"https:\/\/www.feyalegria.org\/honduras\/con-quienes-trabajamos\/#breadcrumb"},"inLanguage":"es","potentialAction":[{"@type":"ReadAction","target":["https:\/\/www.feyalegria.org\/honduras\/con-quienes-trabajamos\/"]}]},{"@type":"BreadcrumbList","@id":"https:\/\/www.feyalegria.org\/honduras\/con-quienes-trabajamos\/#breadcrumb","itemListElement":[{"@type":"ListItem","position":1,"name":"Home","item":"https:\/\/www.feyalegria.org\/honduras\/"},{"@type":"ListItem","position":2,"name":"Con qui\u00e9nes trabajamos"}]},{"@type":"WebSite","@id":"https:\/\/www.feyalegria.org\/honduras\/#website","url":"https:\/\/www.feyalegria.org\/honduras\/","name":"#SomosFeyAlegr\u00eda en Honduras","description":"Movimiento de Educaci\u00f3n Popular y Promoci\u00f3n Social","potentialAction":[{"@type":"SearchAction","target":{"@type":"EntryPoint","urlTemplate":"https:\/\/www.feyalegria.org\/honduras\/?s={search_term_string}"},"query-input":{"@type":"PropertyValueSpecification","valueRequired":true,"valueName":"search_term_string"}}],"inLanguage":"es"}]}},"_links":{"self":[{"href":"https:\/\/www.feyalegria.org\/honduras\/wp-json\/wp\/v2\/pages\/149","targetHints":{"allow":["GET"]}}],"collection":[{"href":"https:\/\/www.feyalegria.org\/honduras\/wp-json\/wp\/v2\/pages"}],"about":[{"href":"https:\/\/www.feyalegria.org\/honduras\/wp-json\/wp\/v2\/types\/page"}],"author":[{"embeddable":true,"href":"https:\/\/www.feyalegria.org\/honduras\/wp-json\/wp\/v2\/users\/11"}],"replies":[{"embeddable":true,"href":"https:\/\/www.feyalegria.org\/honduras\/wp-json\/wp\/v2\/comments?post=149"}],"version-history":[{"count":0,"href":"https:\/\/www.feyalegria.org\/honduras\/wp-json\/wp\/v2\/pages\/149\/revisions"}],"wp:attachment":[{"href":"https:\/\/www.feyalegria.org\/honduras\/wp-json\/wp\/v2\/media?parent=149"}],"wp:term":[{"taxonomy":"folder","embeddable":true,"href":"https:\/\/www.feyalegria.org\/honduras\/wp-json\/wp\/v2\/folder?post=149"}],"curies":[{"name":"wp","href":"https:\/\/api.w.org\/{rel}","templated":true}]}}