{"id":237,"date":"2020-06-26T18:31:45","date_gmt":"2020-06-26T23:31:45","guid":{"rendered":"https:\/\/www.feyalegria.org\/honduras\/?page_id=237"},"modified":"2021-03-22T10:50:29","modified_gmt":"2021-03-22T15:50:29","slug":"donde-estamos","status":"publish","type":"page","link":"https:\/\/www.feyalegria.org\/honduras\/donde-estamos\/","title":{"rendered":"D\u00f3nde Estamos"},"content":{"rendered":"<div class=\"wpb-content-wrapper\"><p>[vc_row][vc_column]<div style=\"background-color:;height: 30px\" class=\"nicdark_section  \"><\/div>[vc_column_text]<\/p>\n<h3 style=\"text-align: center\"><strong>Con el coraz\u00f3n en Honduras<\/strong><\/h3>\n<p>[\/vc_column_text][\/vc_column][\/vc_row][vc_row][vc_column offset=\u00bbvc_hidden-md vc_hidden-sm vc_hidden-xs\u00bb]<div id=\"mpc_interactive_image-3269fde5bb5e407\" class=\"mpc-interactive_image mpc-init \"><img loading=\"lazy\" decoding=\"async\" src=\"https:\/\/d3pugrm67vf9n7.cloudfront.net\/wp-content\/uploads\/sites\/25\/2021\/01\/29153954\/mapavacioclaro-01.png\" width=\"1570\" height=\"891\" alt=\"Image\" class=\"mpc-interactive_image__image\" \/><div class=\"mpc-interactive_image-wrap\"><div id=\"mpc_hotspot-99569fde5bb5ec47\" class=\"mpc-hotspot mpc-init mpc-transition mpc-tooltip-wrap \"  data-position='[\"38.683\",\"51.477\"]'><i class=\"mpc-hotspot__icon mpc-transition  mpc-init mpc-icon-type--image mpc-tooltip-target\"><img loading=\"lazy\" decoding=\"async\" width=\"30\" height=\"30\" src=\"https:\/\/d3pugrm67vf9n7.cloudfront.net\/wp-content\/uploads\/sites\/25\/2020\/07\/22095227\/logoFyA-30-x-30.png\" class=\"attachment-thumbnail\" alt=\"\" title=\"logoFyA 30 x 30\" \/><\/i><div id=\"mpc_tooltip-3269fde5bb5ec97\" class=\"mpc-tooltip mpc-init mpc-typography--preset_0 mpc-position--right mpc-effect--slide mpc-can-hover mpc-trigger--hover \">5 Centros Educativos<\/br>\n5 Comunidades<\/br><div class=\"mpc-arrow\"><\/div><\/div><\/div><div id=\"mpc_hotspot-88269fde5bb5f1a0\" class=\"mpc-hotspot mpc-init mpc-transition mpc-tooltip-wrap \"  data-position='[\"34.850\",\"31.224\"]'><i class=\"mpc-hotspot__icon mpc-transition  mpc-init mpc-icon-type--image mpc-tooltip-target\"><img loading=\"lazy\" decoding=\"async\" width=\"30\" height=\"30\" src=\"https:\/\/d3pugrm67vf9n7.cloudfront.net\/wp-content\/uploads\/sites\/25\/2020\/07\/22095227\/logoFyA-30-x-30.png\" class=\"attachment-thumbnail\" alt=\"\" title=\"logoFyA 30 x 30\" \/><\/i><div id=\"mpc_tooltip-7369fde5bb5f1de\" class=\"mpc-tooltip mpc-init mpc-typography--preset_0 mpc-position--left mpc-effect--slide mpc-can-hover mpc-trigger--hover \">25 Centros Educativos<\/br>\n12 Comunidades<\/br><div class=\"mpc-arrow\"><\/div><\/div><\/div><div id=\"mpc_hotspot-63069fde5bb5f686\" class=\"mpc-hotspot mpc-init mpc-transition mpc-tooltip-wrap \"  data-position='[\"37.006\",\"22.785\"]'><i class=\"mpc-hotspot__icon mpc-transition  mpc-init mpc-icon-type--image mpc-tooltip-target\"><img loading=\"lazy\" decoding=\"async\" width=\"30\" height=\"30\" src=\"https:\/\/d3pugrm67vf9n7.cloudfront.net\/wp-content\/uploads\/sites\/25\/2020\/07\/22095227\/logoFyA-30-x-30.png\" class=\"attachment-thumbnail\" alt=\"\" title=\"logoFyA 30 x 30\" \/><\/i><div id=\"mpc_tooltip-10069fde5bb5f6d0\" class=\"mpc-tooltip mpc-init mpc-typography--preset_0 mpc-position--top mpc-effect--slide mpc-can-hover mpc-trigger--hover \">5 Centros Educativos<\/br>\n5 comunidades<\/br><div class=\"mpc-arrow\"><\/div><\/div><\/div><\/div><\/div>[\/vc_column][\/vc_row][vc_row][vc_column offset=\u00bbvc_hidden-lg\u00bb]<div id=\"mpc_interactive_image-3369fde5bb5f919\" class=\"mpc-interactive_image mpc-init \"><img loading=\"lazy\" decoding=\"async\" src=\"https:\/\/d3pugrm67vf9n7.cloudfront.net\/wp-content\/uploads\/sites\/25\/2021\/01\/29153954\/mapavacioclaro-01.png\" width=\"1570\" height=\"891\" alt=\"Image\" class=\"mpc-interactive_image__image\" \/><div class=\"mpc-interactive_image-wrap\"><div id=\"mpc_hotspot-93269fde5bb5f9a4\" class=\"mpc-hotspot mpc-init mpc-transition mpc-tooltip-wrap \"  data-position='[\"38.683\",\"51.477\"]'><i class=\"mpc-hotspot__icon mpc-transition  el el-map-marker mpc-init mpc-icon-type--icon mpc-tooltip-target\"><\/i><div id=\"mpc_tooltip-7769fde5bb5f9e7\" class=\"mpc-tooltip mpc-init mpc-typography--preset_0 mpc-position--right mpc-effect--slide mpc-can-hover mpc-trigger--hover \">5 Centros Educativos<\/br>\n5 Comunidades<\/br><div class=\"mpc-arrow\"><\/div><\/div><\/div><div id=\"mpc_hotspot-32569fde5bb5fa53\" class=\"mpc-hotspot mpc-init mpc-transition mpc-tooltip-wrap \"  data-position='[\"34.850\",\"31.224\"]'><i class=\"mpc-hotspot__icon mpc-transition  el el-map-marker mpc-init mpc-icon-type--icon mpc-tooltip-target\"><\/i><div id=\"mpc_tooltip-2769fde5bb5fa93\" class=\"mpc-tooltip mpc-init mpc-typography--preset_0 mpc-position--left mpc-effect--slide mpc-can-hover mpc-trigger--hover \">25 Centros Educativos<\/br>\n12 Comunidades<\/br><div class=\"mpc-arrow\"><\/div><\/div><\/div><div id=\"mpc_hotspot-18669fde5bb5faf7\" class=\"mpc-hotspot mpc-init mpc-transition mpc-tooltip-wrap \"  data-position='[\"37.006\",\"22.785\"]'><i class=\"mpc-hotspot__icon mpc-transition  el el-map-marker mpc-init mpc-icon-type--icon mpc-tooltip-target\"><\/i><div id=\"mpc_tooltip-3769fde5bb5fb28\" class=\"mpc-tooltip mpc-init mpc-typography--preset_0 mpc-position--top mpc-effect--slide mpc-can-hover mpc-trigger--hover \">5 Centros Educativos<\/br>\n5 comunidades<\/br><div class=\"mpc-arrow\"><\/div><\/div><\/div><\/div><\/div>[\/vc_column][\/vc_row][vc_row][vc_column]<div style=\"background-color:;height: 50px\" class=\"nicdark_section  \"><\/div>[\/vc_column][\/vc_row]<\/p>\n<\/div>","protected":false},"excerpt":{"rendered":"<p>[vc_row][vc_column][vc_column_text] Con el coraz\u00f3n en Honduras [\/vc_column_text][\/vc_column][\/vc_row][vc_row][vc_column offset=\u00bbvc_hidden-md vc_hidden-sm vc_hidden-xs\u00bb][\/vc_column][\/vc_row][vc_row][vc_column offset=\u00bbvc_hidden-lg\u00bb][\/vc_column][\/vc_row][vc_row][vc_column][\/vc_column][\/vc_row]<\/p>\n","protected":false},"author":19,"featured_media":0,"parent":0,"menu_order":0,"comment_status":"closed","ping_status":"closed","template":"","meta":{"_acf_changed":false,"footnotes":""},"folder":[],"class_list":["post-237","page","type-page","status-publish","hentry"],"acf":[],"yoast_head":"<!-- This site is optimized with the Yoast SEO plugin v27.5 - https:\/\/yoast.com\/product\/yoast-seo-wordpress\/ -->\n<title>D\u00f3nde Estamos - #SomosFeyAlegr\u00eda en Honduras<\/title>\n<meta name=\"robots\" content=\"index, follow, max-snippet:-1, max-image-preview:large, max-video-preview:-1\" \/>\n<link rel=\"canonical\" href=\"https:\/\/www.feyalegria.org\/honduras\/donde-estamos\/\" \/>\n<meta property=\"og:locale\" content=\"es_ES\" \/>\n<meta property=\"og:type\" content=\"article\" \/>\n<meta property=\"og:title\" content=\"D\u00f3nde Estamos - #SomosFeyAlegr\u00eda en Honduras\" \/>\n<meta property=\"og:description\" content=\"[vc_row][vc_column][vc_column_text] Con el coraz\u00f3n en Honduras [\/vc_column_text][\/vc_column][\/vc_row][vc_row][vc_column offset=\u00bbvc_hidden-md vc_hidden-sm vc_hidden-xs\u00bb][\/vc_column][\/vc_row][vc_row][vc_column offset=\u00bbvc_hidden-lg\u00bb][\/vc_column][\/vc_row][vc_row][vc_column][\/vc_column][\/vc_row]\" \/>\n<meta property=\"og:url\" content=\"https:\/\/www.feyalegria.org\/honduras\/donde-estamos\/\" \/>\n<meta property=\"og:site_name\" content=\"#SomosFeyAlegr\u00eda en Honduras\" \/>\n<meta property=\"article:modified_time\" content=\"2021-03-22T15:50:29+00:00\" \/>\n<meta name=\"twitter:card\" content=\"summary_large_image\" \/>\n<meta name=\"twitter:label1\" content=\"Tiempo de lectura\" \/>\n\t<meta name=\"twitter:data1\" content=\"3 minutos\" \/>\n<script type=\"application\/ld+json\" class=\"yoast-schema-graph\">{\"@context\":\"https:\\\/\\\/schema.org\",\"@graph\":[{\"@type\":\"WebPage\",\"@id\":\"https:\\\/\\\/www.feyalegria.org\\\/honduras\\\/donde-estamos\\\/\",\"url\":\"https:\\\/\\\/www.feyalegria.org\\\/honduras\\\/donde-estamos\\\/\",\"name\":\"D\u00f3nde Estamos - #SomosFeyAlegr\u00eda en Honduras\",\"isPartOf\":{\"@id\":\"https:\\\/\\\/www.feyalegria.org\\\/honduras\\\/#website\"},\"datePublished\":\"2020-06-26T23:31:45+00:00\",\"dateModified\":\"2021-03-22T15:50:29+00:00\",\"breadcrumb\":{\"@id\":\"https:\\\/\\\/www.feyalegria.org\\\/honduras\\\/donde-estamos\\\/#breadcrumb\"},\"inLanguage\":\"es\",\"potentialAction\":[{\"@type\":\"ReadAction\",\"target\":[\"https:\\\/\\\/www.feyalegria.org\\\/honduras\\\/donde-estamos\\\/\"]}]},{\"@type\":\"BreadcrumbList\",\"@id\":\"https:\\\/\\\/www.feyalegria.org\\\/honduras\\\/donde-estamos\\\/#breadcrumb\",\"itemListElement\":[{\"@type\":\"ListItem\",\"position\":1,\"name\":\"Home\",\"item\":\"https:\\\/\\\/www.feyalegria.org\\\/honduras\\\/\"},{\"@type\":\"ListItem\",\"position\":2,\"name\":\"D\u00f3nde Estamos\"}]},{\"@type\":\"WebSite\",\"@id\":\"https:\\\/\\\/www.feyalegria.org\\\/honduras\\\/#website\",\"url\":\"https:\\\/\\\/www.feyalegria.org\\\/honduras\\\/\",\"name\":\"#SomosFeyAlegr\u00eda en Honduras\",\"description\":\"Movimiento de Educaci\u00f3n Popular y Promoci\u00f3n Social\",\"potentialAction\":[{\"@type\":\"SearchAction\",\"target\":{\"@type\":\"EntryPoint\",\"urlTemplate\":\"https:\\\/\\\/www.feyalegria.org\\\/honduras\\\/?s={search_term_string}\"},\"query-input\":{\"@type\":\"PropertyValueSpecification\",\"valueRequired\":true,\"valueName\":\"search_term_string\"}}],\"inLanguage\":\"es\"}]}<\/script>\n<!-- \/ Yoast SEO plugin. -->","yoast_head_json":{"title":"D\u00f3nde Estamos - #SomosFeyAlegr\u00eda en Honduras","robots":{"index":"index","follow":"follow","max-snippet":"max-snippet:-1","max-image-preview":"max-image-preview:large","max-video-preview":"max-video-preview:-1"},"canonical":"https:\/\/www.feyalegria.org\/honduras\/donde-estamos\/","og_locale":"es_ES","og_type":"article","og_title":"D\u00f3nde Estamos - #SomosFeyAlegr\u00eda en Honduras","og_description":"[vc_row][vc_column][vc_column_text] Con el coraz\u00f3n en Honduras [\/vc_column_text][\/vc_column][\/vc_row][vc_row][vc_column offset=\u00bbvc_hidden-md vc_hidden-sm vc_hidden-xs\u00bb][\/vc_column][\/vc_row][vc_row][vc_column offset=\u00bbvc_hidden-lg\u00bb][\/vc_column][\/vc_row][vc_row][vc_column][\/vc_column][\/vc_row]","og_url":"https:\/\/www.feyalegria.org\/honduras\/donde-estamos\/","og_site_name":"#SomosFeyAlegr\u00eda en Honduras","article_modified_time":"2021-03-22T15:50:29+00:00","twitter_card":"summary_large_image","twitter_misc":{"Tiempo de lectura":"3 minutos"},"schema":{"@context":"https:\/\/schema.org","@graph":[{"@type":"WebPage","@id":"https:\/\/www.feyalegria.org\/honduras\/donde-estamos\/","url":"https:\/\/www.feyalegria.org\/honduras\/donde-estamos\/","name":"D\u00f3nde Estamos - #SomosFeyAlegr\u00eda en Honduras","isPartOf":{"@id":"https:\/\/www.feyalegria.org\/honduras\/#website"},"datePublished":"2020-06-26T23:31:45+00:00","dateModified":"2021-03-22T15:50:29+00:00","breadcrumb":{"@id":"https:\/\/www.feyalegria.org\/honduras\/donde-estamos\/#breadcrumb"},"inLanguage":"es","potentialAction":[{"@type":"ReadAction","target":["https:\/\/www.feyalegria.org\/honduras\/donde-estamos\/"]}]},{"@type":"BreadcrumbList","@id":"https:\/\/www.feyalegria.org\/honduras\/donde-estamos\/#breadcrumb","itemListElement":[{"@type":"ListItem","position":1,"name":"Home","item":"https:\/\/www.feyalegria.org\/honduras\/"},{"@type":"ListItem","position":2,"name":"D\u00f3nde Estamos"}]},{"@type":"WebSite","@id":"https:\/\/www.feyalegria.org\/honduras\/#website","url":"https:\/\/www.feyalegria.org\/honduras\/","name":"#SomosFeyAlegr\u00eda en Honduras","description":"Movimiento de Educaci\u00f3n Popular y Promoci\u00f3n Social","potentialAction":[{"@type":"SearchAction","target":{"@type":"EntryPoint","urlTemplate":"https:\/\/www.feyalegria.org\/honduras\/?s={search_term_string}"},"query-input":{"@type":"PropertyValueSpecification","valueRequired":true,"valueName":"search_term_string"}}],"inLanguage":"es"}]}},"_links":{"self":[{"href":"https:\/\/www.feyalegria.org\/honduras\/wp-json\/wp\/v2\/pages\/237","targetHints":{"allow":["GET"]}}],"collection":[{"href":"https:\/\/www.feyalegria.org\/honduras\/wp-json\/wp\/v2\/pages"}],"about":[{"href":"https:\/\/www.feyalegria.org\/honduras\/wp-json\/wp\/v2\/types\/page"}],"author":[{"embeddable":true,"href":"https:\/\/www.feyalegria.org\/honduras\/wp-json\/wp\/v2\/users\/19"}],"replies":[{"embeddable":true,"href":"https:\/\/www.feyalegria.org\/honduras\/wp-json\/wp\/v2\/comments?post=237"}],"version-history":[{"count":0,"href":"https:\/\/www.feyalegria.org\/honduras\/wp-json\/wp\/v2\/pages\/237\/revisions"}],"wp:attachment":[{"href":"https:\/\/www.feyalegria.org\/honduras\/wp-json\/wp\/v2\/media?parent=237"}],"wp:term":[{"taxonomy":"folder","embeddable":true,"href":"https:\/\/www.feyalegria.org\/honduras\/wp-json\/wp\/v2\/folder?post=237"}],"curies":[{"name":"wp","href":"https:\/\/api.w.org\/{rel}","templated":true}]}}