 {"id":2815,"date":"2021-01-29T16:41:28","date_gmt":"2021-01-29T21:41:28","guid":{"rendered":"https:\/\/www.feyalegria.org\/honduras\/?page_id=2815"},"modified":"2021-03-22T10:39:39","modified_gmt":"2021-03-22T15:39:39","slug":"cuantos-somos","status":"publish","type":"page","link":"https:\/\/www.feyalegria.org\/honduras\/cuantos-somos\/","title":{"rendered":"Cu\u00e1ntos Somos"},"content":{"rendered":"<div class=\"wpb-content-wrapper\"><p>[vc_row][vc_column width=\u00bb1\/6&#8243;][\/vc_column][vc_column width=\u00bb2\/3&#8243; alignment=\u00bbcenter\u00bb css=\u00bb.vc_custom_1611961921419{margin-top: -20px !important;}\u00bb]<div data-id=\"mpc_counter-8069dfbc3cc8825\" class=\"mpc-counter mpc-init mpc-transition mpc-waypoint mpc-counter--style_1 mpc-align--center \" ><div data-id=\"mpc_icon-3069dfbc3cc88dd\" class=\"mpc-icon mpc-init mpc-transition mpc-effect-none \"><div class=\"mpc-icon-wrap\"><i class=\"mpc-icon-part mpc-regular mpc-transition \"><\/i><\/div><\/div><div class=\"mpc-counter__wrap\" data-v-align=\"middle\"><div class=\"mpc-counter__counter mpc-typography--preset_0\"><div class=\"mpc-counter--target\" data-options=\"{&quot;useEasing&quot;:true,&quot;value&quot;:11.701,&quot;initial&quot;:0,&quot;duration&quot;:2.7,&quot;delay&quot;:150,&quot;decimals&quot;:0,&quot;separator&quot;:&quot;&quot;,&quot;decimal&quot;:&quot;&quot;}\" data-to=\"11.701\">0<\/div><div class=\"mpc-counter--sizer\">11.701<\/div><\/div><span class=\"mpc-counter__suffix mpc-typography--preset_0\">Beneficiarios directos<\/span><\/div><div data-id=\"mpc_divider-4969dfbc3cc8934\" class=\"mpc-divider-wrap\"><div class=\"mpc-divider mpc-init mpc-align--center mpc-disable--left \" ><div class=\"mpc-divider__line mpc-side--left\"><span><\/span><\/div><div class=\"mpc-divider__line mpc-side--right\"><span><\/span><\/div><\/div><\/div><\/div><div style=\"background-color:;height: 20px\" class=\"nicdark_section  \"><\/div>[\/vc_column][vc_column width=\u00bb1\/6&#8243;][\/vc_column][\/vc_row][vc_row][vc_column width=\u00bb1\/3&#8243; alignment=\u00bbcenter\u00bb][vc_single_image image=\u00bb2819&#8243; img_size=\u00bb300&#8243; alignment=\u00bbcenter\u00bb style=\u00bbvc_box_rounded\u00bb][\/vc_column][vc_column width=\u00bb1\/3&#8243;][vc_single_image image=\u00bb2820&#8243; img_size=\u00bb300&#8243; alignment=\u00bbcenter\u00bb style=\u00bbvc_box_rounded\u00bb][\/vc_column][vc_column width=\u00bb1\/3&#8243;][vc_single_image image=\u00bb2821&#8243; img_size=\u00bb300&#8243; alignment=\u00bbcenter\u00bb style=\u00bbvc_box_rounded\u00bb][\/vc_column][\/vc_row][vc_row css=\u00bb.vc_custom_1616427511338{background-color: #e4e4e4 !important;border-radius: 5px !important;}\u00bb][vc_column][vc_row_inner][vc_column_inner width=\u00bb1\/3&#8243;][vc_column_text css=\u00bb.vc_custom_1616427472244{margin-bottom: 10px !important;}\u00bb]<\/p>\n<h5 class=\" nd_options_first_font \" style=\"text-align: center\">Francisco Morazan<\/h5>\n<p>[\/vc_column_text]<div id=\"mpc_icon_list-4069dfbc3cc8aa0\" class=\"mpc-icon-list mpc-init mpc-icon--left mpc-typography--preset_0 \"><ul class=\"mpc-list__ul\"><li class=\"mpc-list__item mpc-parent-hover mpc-transition\" data-index=\"0\"><div class=\"mpc-list__icon\"><div data-id=\"mpc_icon-5169dfbc3cc8aff\" class=\"mpc-icon mpc-init mpc-transition mpc-effect-none mpc-icon-hover \"><div class=\"mpc-icon-wrap\"><i class=\"mpc-icon-part mpc-regular mpc-transition  fa fa-chevron-right\"><\/i><i class=\"mpc-icon-part mpc-hover mpc-transition  fa fa-check\"><\/i><\/div><\/div><\/div><span class=\"mpc-list__title\">2165 Estudiantes<\/span><\/li><li class=\"mpc-list__item mpc-parent-hover mpc-transition\" data-index=\"1\"><div class=\"mpc-list__icon\"><div data-id=\"mpc_icon-5169dfbc3cc8aff\" class=\"mpc-icon mpc-init mpc-transition mpc-effect-none mpc-icon-hover \"><div class=\"mpc-icon-wrap\"><i class=\"mpc-icon-part mpc-regular mpc-transition  fa fa-chevron-right\"><\/i><i class=\"mpc-icon-part mpc-hover mpc-transition  fa fa-check\"><\/i><\/div><\/div><\/div><span class=\"mpc-list__title\">5 Centros Educativos<\/span><\/li><li class=\"mpc-list__item mpc-parent-hover mpc-transition\" data-index=\"2\"><div class=\"mpc-list__icon\"><div data-id=\"mpc_icon-5169dfbc3cc8aff\" class=\"mpc-icon mpc-init mpc-transition mpc-effect-none mpc-icon-hover \"><div class=\"mpc-icon-wrap\"><i class=\"mpc-icon-part mpc-regular mpc-transition  fa fa-chevron-right\"><\/i><i class=\"mpc-icon-part mpc-hover mpc-transition  fa fa-check\"><\/i><\/div><\/div><\/div><span class=\"mpc-list__title\">5 Comunidades<\/span><\/li><li class=\"mpc-list__item mpc-parent-hover mpc-transition\" data-index=\"3\"><div class=\"mpc-list__icon\"><div data-id=\"mpc_icon-5169dfbc3cc8aff\" class=\"mpc-icon mpc-init mpc-transition mpc-effect-none mpc-icon-hover \"><div class=\"mpc-icon-wrap\"><i class=\"mpc-icon-part mpc-regular mpc-transition  fa fa-chevron-right\"><\/i><i class=\"mpc-icon-part mpc-hover mpc-transition  fa fa-check\"><\/i><\/div><\/div><\/div><span class=\"mpc-list__title\">89 Docentes<\/span><\/li><\/ul><\/div>[\/vc_column_inner][vc_column_inner width=\u00bb1\/3&#8243;][vc_column_text css=\u00bb.vc_custom_1615261348423{margin-bottom: 10px !important;}\u00bb]<\/p>\n<h5 class=\" nd_options_first_font \" style=\"text-align: center\">Yoro<\/h5>\n<p>[\/vc_column_text]<div id=\"mpc_icon_list-1569dfbc3cc8b92\" class=\"mpc-icon-list mpc-init mpc-icon--left mpc-typography--preset_0 \"><ul class=\"mpc-list__ul\"><li class=\"mpc-list__item mpc-parent-hover mpc-transition\" data-index=\"0\"><div class=\"mpc-list__icon\"><div data-id=\"mpc_icon-3369dfbc3cc8beb\" class=\"mpc-icon mpc-init mpc-transition mpc-effect-none mpc-icon-hover \"><div class=\"mpc-icon-wrap\"><i class=\"mpc-icon-part mpc-regular mpc-transition  fa fa-chevron-right\"><\/i><i class=\"mpc-icon-part mpc-hover mpc-transition  fa fa-check\"><\/i><\/div><\/div><\/div><span class=\"mpc-list__title\">7080 Estudiantes<\/span><\/li><li class=\"mpc-list__item mpc-parent-hover mpc-transition\" data-index=\"1\"><div class=\"mpc-list__icon\"><div data-id=\"mpc_icon-3369dfbc3cc8beb\" class=\"mpc-icon mpc-init mpc-transition mpc-effect-none mpc-icon-hover \"><div class=\"mpc-icon-wrap\"><i class=\"mpc-icon-part mpc-regular mpc-transition  fa fa-chevron-right\"><\/i><i class=\"mpc-icon-part mpc-hover mpc-transition  fa fa-check\"><\/i><\/div><\/div><\/div><span class=\"mpc-list__title\">25 Centros Educativos<\/span><\/li><li class=\"mpc-list__item mpc-parent-hover mpc-transition\" data-index=\"2\"><div class=\"mpc-list__icon\"><div data-id=\"mpc_icon-3369dfbc3cc8beb\" class=\"mpc-icon mpc-init mpc-transition mpc-effect-none mpc-icon-hover \"><div class=\"mpc-icon-wrap\"><i class=\"mpc-icon-part mpc-regular mpc-transition  fa fa-chevron-right\"><\/i><i class=\"mpc-icon-part mpc-hover mpc-transition  fa fa-check\"><\/i><\/div><\/div><\/div><span class=\"mpc-list__title\">12 Comunidades<\/span><\/li><li class=\"mpc-list__item mpc-parent-hover mpc-transition\" data-index=\"3\"><div class=\"mpc-list__icon\"><div data-id=\"mpc_icon-3369dfbc3cc8beb\" class=\"mpc-icon mpc-init mpc-transition mpc-effect-none mpc-icon-hover \"><div class=\"mpc-icon-wrap\"><i class=\"mpc-icon-part mpc-regular mpc-transition  fa fa-chevron-right\"><\/i><i class=\"mpc-icon-part mpc-hover mpc-transition  fa fa-check\"><\/i><\/div><\/div><\/div><span class=\"mpc-list__title\">215 Docentes<\/span><\/li><li class=\"mpc-list__item mpc-parent-hover mpc-transition\" data-index=\"4\"><div class=\"mpc-list__icon\"><div data-id=\"mpc_icon-3369dfbc3cc8beb\" class=\"mpc-icon mpc-init mpc-transition mpc-effect-none mpc-icon-hover \"><div class=\"mpc-icon-wrap\"><i class=\"mpc-icon-part mpc-regular mpc-transition  fa fa-chevron-right\"><\/i><i class=\"mpc-icon-part mpc-hover mpc-transition  fa fa-check\"><\/i><\/div><\/div><\/div><span class=\"mpc-list__title\">60 L\u00edderes y lideresas<\/span><\/li><li class=\"mpc-list__item mpc-parent-hover mpc-transition\" data-index=\"5\"><div class=\"mpc-list__icon\"><div data-id=\"mpc_icon-3369dfbc3cc8beb\" class=\"mpc-icon mpc-init mpc-transition mpc-effect-none mpc-icon-hover \"><div class=\"mpc-icon-wrap\"><i class=\"mpc-icon-part mpc-regular mpc-transition  fa fa-chevron-right\"><\/i><i class=\"mpc-icon-part mpc-hover mpc-transition  fa fa-check\"><\/i><\/div><\/div><\/div><span class=\"mpc-list__title\">873 Familias<\/span><\/li><\/ul><\/div>[\/vc_column_inner][vc_column_inner width=\u00bb1\/3&#8243;][vc_column_text css=\u00bb.vc_custom_1615261372391{margin-bottom: 10px !important;}\u00bb]<\/p>\n<h5 class=\" nd_options_first_font \" style=\"text-align: center\">Atl\u00e1ntida<\/h5>\n<p>[\/vc_column_text]<div id=\"mpc_icon_list-669dfbc3cc8c8c\" class=\"mpc-icon-list mpc-init mpc-icon--left mpc-typography--preset_0 \"><ul class=\"mpc-list__ul\"><li class=\"mpc-list__item mpc-parent-hover mpc-transition\" data-index=\"0\"><div class=\"mpc-list__icon\"><div data-id=\"mpc_icon-5769dfbc3cc8cdf\" class=\"mpc-icon mpc-init mpc-transition mpc-effect-none mpc-icon-hover \"><div class=\"mpc-icon-wrap\"><i class=\"mpc-icon-part mpc-regular mpc-transition  fa fa-chevron-right\"><\/i><i class=\"mpc-icon-part mpc-hover mpc-transition  fa fa-check\"><\/i><\/div><\/div><\/div><span class=\"mpc-list__title\">1108 Estudiantes<\/span><\/li><li class=\"mpc-list__item mpc-parent-hover mpc-transition\" data-index=\"1\"><div class=\"mpc-list__icon\"><div data-id=\"mpc_icon-5769dfbc3cc8cdf\" class=\"mpc-icon mpc-init mpc-transition mpc-effect-none mpc-icon-hover \"><div class=\"mpc-icon-wrap\"><i class=\"mpc-icon-part mpc-regular mpc-transition  fa fa-chevron-right\"><\/i><i class=\"mpc-icon-part mpc-hover mpc-transition  fa fa-check\"><\/i><\/div><\/div><\/div><span class=\"mpc-list__title\">5 Centros Educativos<\/span><\/li><li class=\"mpc-list__item mpc-parent-hover mpc-transition\" data-index=\"2\"><div class=\"mpc-list__icon\"><div data-id=\"mpc_icon-5769dfbc3cc8cdf\" class=\"mpc-icon mpc-init mpc-transition mpc-effect-none mpc-icon-hover \"><div class=\"mpc-icon-wrap\"><i class=\"mpc-icon-part mpc-regular mpc-transition  fa fa-chevron-right\"><\/i><i class=\"mpc-icon-part mpc-hover mpc-transition  fa fa-check\"><\/i><\/div><\/div><\/div><span class=\"mpc-list__title\">5 Comunidades<\/span><\/li><li class=\"mpc-list__item mpc-parent-hover mpc-transition\" data-index=\"3\"><div class=\"mpc-list__icon\"><div data-id=\"mpc_icon-5769dfbc3cc8cdf\" class=\"mpc-icon mpc-init mpc-transition mpc-effect-none mpc-icon-hover \"><div class=\"mpc-icon-wrap\"><i class=\"mpc-icon-part mpc-regular mpc-transition  fa fa-chevron-right\"><\/i><i class=\"mpc-icon-part mpc-hover mpc-transition  fa fa-check\"><\/i><\/div><\/div><\/div><span class=\"mpc-list__title\">61 Docentes<\/span><\/li><li class=\"mpc-list__item mpc-parent-hover mpc-transition\" data-index=\"4\"><div class=\"mpc-list__icon\"><div data-id=\"mpc_icon-5769dfbc3cc8cdf\" class=\"mpc-icon mpc-init mpc-transition mpc-effect-none mpc-icon-hover \"><div class=\"mpc-icon-wrap\"><i class=\"mpc-icon-part mpc-regular mpc-transition  fa fa-chevron-right\"><\/i><i class=\"mpc-icon-part mpc-hover mpc-transition  fa fa-check\"><\/i><\/div><\/div><\/div><span class=\"mpc-list__title\">50 L\u00edderes y lideresas<\/span><\/li><\/ul><\/div>[\/vc_column_inner][\/vc_row_inner][vc_empty_space][\/vc_column][\/vc_row][vc_row][vc_column width=\u00bb1\/3&#8243;][\/vc_column][vc_column width=\u00bb1\/3&#8243;][\/vc_column][vc_column width=\u00bb1\/3&#8243;][vc_column_text css=\u00bb.vc_custom_1615262124329{margin-top: -10px !important;margin-bottom: 10px !important;}\u00bb]<\/p>\n<h6 style=\"text-align: center\"><strong>Fuente<\/strong>: Estad\u00edsticas\u00a0 Fe y Alegr\u00eda Honduras 2019<\/h6>\n<p>[\/vc_column_text][\/vc_column][\/vc_row][vc_row][vc_column]<div style=\"background-color:;height: 40px\" class=\"nicdark_section  \"><\/div>[\/vc_column][\/vc_row]<\/p>\n<\/div>","protected":false},"excerpt":{"rendered":"<p>[vc_row][vc_column width=\u00bb1\/6&#8243;][\/vc_column][vc_column width=\u00bb2\/3&#8243; alignment=\u00bbcenter\u00bb css=\u00bb.vc_custom_1611961921419{margin-top: -20px !important;}\u00bb][\/vc_column][vc_column width=\u00bb1\/6&#8243;][\/vc_column][\/vc_row][vc_row][vc_column width=\u00bb1\/3&#8243; alignment=\u00bbcenter\u00bb][vc_single_image image=\u00bb2819&#8243; img_size=\u00bb300&#8243; alignment=\u00bbcenter\u00bb style=\u00bbvc_box_rounded\u00bb][\/vc_column][vc_column width=\u00bb1\/3&#8243;][vc_single_image image=\u00bb2820&#8243; img_size=\u00bb300&#8243; alignment=\u00bbcenter\u00bb style=\u00bbvc_box_rounded\u00bb][\/vc_column][vc_column width=\u00bb1\/3&#8243;][vc_single_image image=\u00bb2821&#8243; img_size=\u00bb300&#8243; alignment=\u00bbcenter\u00bb style=\u00bbvc_box_rounded\u00bb][\/vc_column][\/vc_row][vc_row css=\u00bb.vc_custom_1616427511338{background-color: #e4e4e4 !important;border-radius: 5px !important;}\u00bb][vc_column][vc_row_inner][vc_column_inner width=\u00bb1\/3&#8243;][vc_column_text css=\u00bb.vc_custom_1616427472244{margin-bottom: 10px !important;}\u00bb] Francisco Morazan [\/vc_column_text][\/vc_column_inner][vc_column_inner width=\u00bb1\/3&#8243;][vc_column_text css=\u00bb.vc_custom_1615261348423{margin-bottom: 10px !important;}\u00bb] Yoro [\/vc_column_text][\/vc_column_inner][vc_column_inner width=\u00bb1\/3&#8243;][vc_column_text css=\u00bb.vc_custom_1615261372391{margin-bottom: 10px !important;}\u00bb] Atl\u00e1ntida [\/vc_column_text][\/vc_column_inner][\/vc_row_inner][vc_empty_space][\/vc_column][\/vc_row][vc_row][vc_column width=\u00bb1\/3&#8243;][\/vc_column][vc_column width=\u00bb1\/3&#8243;][\/vc_column][vc_column width=\u00bb1\/3&#8243;][vc_column_text css=\u00bb.vc_custom_1615262124329{margin-top: -10px !important;margin-bottom: 10px<\/p>\n","protected":false},"author":19,"featured_media":0,"parent":0,"menu_order":0,"comment_status":"closed","ping_status":"closed","template":"","meta":{"_acf_changed":false,"footnotes":""},"folder":[],"class_list":["post-2815","page","type-page","status-publish","hentry"],"acf":[],"yoast_head":"<!-- This site is optimized with the Yoast SEO plugin v27.2 - https:\/\/yoast.com\/product\/yoast-seo-wordpress\/ -->\n<title>Cu\u00e1ntos Somos - #SomosFeyAlegr\u00eda en Honduras<\/title>\n<meta name=\"robots\" content=\"index, follow, max-snippet:-1, max-image-preview:large, max-video-preview:-1\" \/>\n<link rel=\"canonical\" href=\"https:\/\/www.feyalegria.org\/honduras\/cuantos-somos\/\" \/>\n<meta property=\"og:locale\" content=\"es_ES\" \/>\n<meta property=\"og:type\" content=\"article\" \/>\n<meta property=\"og:title\" content=\"Cu\u00e1ntos Somos - #SomosFeyAlegr\u00eda en Honduras\" \/>\n<meta property=\"og:description\" content=\"[vc_row][vc_column width=\u00bb1\/6&#8243;][\/vc_column][vc_column width=\u00bb2\/3&#8243; alignment=\u00bbcenter\u00bb css=\u00bb.vc_custom_1611961921419{margin-top: -20px !important;}\u00bb][\/vc_column][vc_column width=\u00bb1\/6&#8243;][\/vc_column][\/vc_row][vc_row][vc_column width=\u00bb1\/3&#8243; alignment=\u00bbcenter\u00bb][vc_single_image image=\u00bb2819&#8243; img_size=\u00bb300&#8243; alignment=\u00bbcenter\u00bb style=\u00bbvc_box_rounded\u00bb][\/vc_column][vc_column width=\u00bb1\/3&#8243;][vc_single_image image=\u00bb2820&#8243; img_size=\u00bb300&#8243; alignment=\u00bbcenter\u00bb style=\u00bbvc_box_rounded\u00bb][\/vc_column][vc_column width=\u00bb1\/3&#8243;][vc_single_image image=\u00bb2821&#8243; img_size=\u00bb300&#8243; alignment=\u00bbcenter\u00bb style=\u00bbvc_box_rounded\u00bb][\/vc_column][\/vc_row][vc_row css=\u00bb.vc_custom_1616427511338{background-color: #e4e4e4 !important;border-radius: 5px !important;}\u00bb][vc_column][vc_row_inner][vc_column_inner width=\u00bb1\/3&#8243;][vc_column_text css=\u00bb.vc_custom_1616427472244{margin-bottom: 10px !important;}\u00bb] Francisco Morazan [\/vc_column_text][\/vc_column_inner][vc_column_inner width=\u00bb1\/3&#8243;][vc_column_text css=\u00bb.vc_custom_1615261348423{margin-bottom: 10px !important;}\u00bb] Yoro [\/vc_column_text][\/vc_column_inner][vc_column_inner width=\u00bb1\/3&#8243;][vc_column_text css=\u00bb.vc_custom_1615261372391{margin-bottom: 10px !important;}\u00bb] Atl\u00e1ntida [\/vc_column_text][\/vc_column_inner][\/vc_row_inner][vc_empty_space][\/vc_column][\/vc_row][vc_row][vc_column width=\u00bb1\/3&#8243;][\/vc_column][vc_column width=\u00bb1\/3&#8243;][\/vc_column][vc_column width=\u00bb1\/3&#8243;][vc_column_text css=\u00bb.vc_custom_1615262124329{margin-top: -10px !important;margin-bottom: 10px\" \/>\n<meta property=\"og:url\" content=\"https:\/\/www.feyalegria.org\/honduras\/cuantos-somos\/\" \/>\n<meta property=\"og:site_name\" content=\"#SomosFeyAlegr\u00eda en Honduras\" \/>\n<meta property=\"article:modified_time\" content=\"2021-03-22T15:39:39+00:00\" \/>\n<meta name=\"twitter:card\" content=\"summary_large_image\" \/>\n<meta name=\"twitter:label1\" content=\"Tiempo de lectura\" \/>\n\t<meta name=\"twitter:data1\" content=\"4 minutos\" \/>\n<script type=\"application\/ld+json\" class=\"yoast-schema-graph\">{\"@context\":\"https:\/\/schema.org\",\"@graph\":[{\"@type\":\"WebPage\",\"@id\":\"https:\/\/www.feyalegria.org\/honduras\/cuantos-somos\/\",\"url\":\"https:\/\/www.feyalegria.org\/honduras\/cuantos-somos\/\",\"name\":\"Cu\u00e1ntos Somos - #SomosFeyAlegr\u00eda en Honduras\",\"isPartOf\":{\"@id\":\"https:\/\/www.feyalegria.org\/honduras\/#website\"},\"datePublished\":\"2021-01-29T21:41:28+00:00\",\"dateModified\":\"2021-03-22T15:39:39+00:00\",\"breadcrumb\":{\"@id\":\"https:\/\/www.feyalegria.org\/honduras\/cuantos-somos\/#breadcrumb\"},\"inLanguage\":\"es\",\"potentialAction\":[{\"@type\":\"ReadAction\",\"target\":[\"https:\/\/www.feyalegria.org\/honduras\/cuantos-somos\/\"]}]},{\"@type\":\"BreadcrumbList\",\"@id\":\"https:\/\/www.feyalegria.org\/honduras\/cuantos-somos\/#breadcrumb\",\"itemListElement\":[{\"@type\":\"ListItem\",\"position\":1,\"name\":\"Home\",\"item\":\"https:\/\/www.feyalegria.org\/honduras\/\"},{\"@type\":\"ListItem\",\"position\":2,\"name\":\"Cu\u00e1ntos Somos\"}]},{\"@type\":\"WebSite\",\"@id\":\"https:\/\/www.feyalegria.org\/honduras\/#website\",\"url\":\"https:\/\/www.feyalegria.org\/honduras\/\",\"name\":\"#SomosFeyAlegr\u00eda en Honduras\",\"description\":\"Movimiento de Educaci\u00f3n Popular y Promoci\u00f3n Social\",\"potentialAction\":[{\"@type\":\"SearchAction\",\"target\":{\"@type\":\"EntryPoint\",\"urlTemplate\":\"https:\/\/www.feyalegria.org\/honduras\/?s={search_term_string}\"},\"query-input\":{\"@type\":\"PropertyValueSpecification\",\"valueRequired\":true,\"valueName\":\"search_term_string\"}}],\"inLanguage\":\"es\"}]}<\/script>\n<!-- \/ Yoast SEO plugin. -->","yoast_head_json":{"title":"Cu\u00e1ntos Somos - #SomosFeyAlegr\u00eda en Honduras","robots":{"index":"index","follow":"follow","max-snippet":"max-snippet:-1","max-image-preview":"max-image-preview:large","max-video-preview":"max-video-preview:-1"},"canonical":"https:\/\/www.feyalegria.org\/honduras\/cuantos-somos\/","og_locale":"es_ES","og_type":"article","og_title":"Cu\u00e1ntos Somos - #SomosFeyAlegr\u00eda en Honduras","og_description":"[vc_row][vc_column width=\u00bb1\/6&#8243;][\/vc_column][vc_column width=\u00bb2\/3&#8243; alignment=\u00bbcenter\u00bb css=\u00bb.vc_custom_1611961921419{margin-top: -20px !important;}\u00bb][\/vc_column][vc_column width=\u00bb1\/6&#8243;][\/vc_column][\/vc_row][vc_row][vc_column width=\u00bb1\/3&#8243; alignment=\u00bbcenter\u00bb][vc_single_image image=\u00bb2819&#8243; img_size=\u00bb300&#8243; alignment=\u00bbcenter\u00bb style=\u00bbvc_box_rounded\u00bb][\/vc_column][vc_column width=\u00bb1\/3&#8243;][vc_single_image image=\u00bb2820&#8243; img_size=\u00bb300&#8243; alignment=\u00bbcenter\u00bb style=\u00bbvc_box_rounded\u00bb][\/vc_column][vc_column width=\u00bb1\/3&#8243;][vc_single_image image=\u00bb2821&#8243; img_size=\u00bb300&#8243; alignment=\u00bbcenter\u00bb style=\u00bbvc_box_rounded\u00bb][\/vc_column][\/vc_row][vc_row css=\u00bb.vc_custom_1616427511338{background-color: #e4e4e4 !important;border-radius: 5px !important;}\u00bb][vc_column][vc_row_inner][vc_column_inner width=\u00bb1\/3&#8243;][vc_column_text css=\u00bb.vc_custom_1616427472244{margin-bottom: 10px !important;}\u00bb] Francisco Morazan [\/vc_column_text][\/vc_column_inner][vc_column_inner width=\u00bb1\/3&#8243;][vc_column_text css=\u00bb.vc_custom_1615261348423{margin-bottom: 10px !important;}\u00bb] Yoro [\/vc_column_text][\/vc_column_inner][vc_column_inner width=\u00bb1\/3&#8243;][vc_column_text css=\u00bb.vc_custom_1615261372391{margin-bottom: 10px !important;}\u00bb] Atl\u00e1ntida [\/vc_column_text][\/vc_column_inner][\/vc_row_inner][vc_empty_space][\/vc_column][\/vc_row][vc_row][vc_column width=\u00bb1\/3&#8243;][\/vc_column][vc_column width=\u00bb1\/3&#8243;][\/vc_column][vc_column width=\u00bb1\/3&#8243;][vc_column_text css=\u00bb.vc_custom_1615262124329{margin-top: -10px !important;margin-bottom: 10px","og_url":"https:\/\/www.feyalegria.org\/honduras\/cuantos-somos\/","og_site_name":"#SomosFeyAlegr\u00eda en Honduras","article_modified_time":"2021-03-22T15:39:39+00:00","twitter_card":"summary_large_image","twitter_misc":{"Tiempo de lectura":"4 minutos"},"schema":{"@context":"https:\/\/schema.org","@graph":[{"@type":"WebPage","@id":"https:\/\/www.feyalegria.org\/honduras\/cuantos-somos\/","url":"https:\/\/www.feyalegria.org\/honduras\/cuantos-somos\/","name":"Cu\u00e1ntos Somos - #SomosFeyAlegr\u00eda en Honduras","isPartOf":{"@id":"https:\/\/www.feyalegria.org\/honduras\/#website"},"datePublished":"2021-01-29T21:41:28+00:00","dateModified":"2021-03-22T15:39:39+00:00","breadcrumb":{"@id":"https:\/\/www.feyalegria.org\/honduras\/cuantos-somos\/#breadcrumb"},"inLanguage":"es","potentialAction":[{"@type":"ReadAction","target":["https:\/\/www.feyalegria.org\/honduras\/cuantos-somos\/"]}]},{"@type":"BreadcrumbList","@id":"https:\/\/www.feyalegria.org\/honduras\/cuantos-somos\/#breadcrumb","itemListElement":[{"@type":"ListItem","position":1,"name":"Home","item":"https:\/\/www.feyalegria.org\/honduras\/"},{"@type":"ListItem","position":2,"name":"Cu\u00e1ntos Somos"}]},{"@type":"WebSite","@id":"https:\/\/www.feyalegria.org\/honduras\/#website","url":"https:\/\/www.feyalegria.org\/honduras\/","name":"#SomosFeyAlegr\u00eda en Honduras","description":"Movimiento de Educaci\u00f3n Popular y Promoci\u00f3n Social","potentialAction":[{"@type":"SearchAction","target":{"@type":"EntryPoint","urlTemplate":"https:\/\/www.feyalegria.org\/honduras\/?s={search_term_string}"},"query-input":{"@type":"PropertyValueSpecification","valueRequired":true,"valueName":"search_term_string"}}],"inLanguage":"es"}]}},"_links":{"self":[{"href":"https:\/\/www.feyalegria.org\/honduras\/wp-json\/wp\/v2\/pages\/2815","targetHints":{"allow":["GET"]}}],"collection":[{"href":"https:\/\/www.feyalegria.org\/honduras\/wp-json\/wp\/v2\/pages"}],"about":[{"href":"https:\/\/www.feyalegria.org\/honduras\/wp-json\/wp\/v2\/types\/page"}],"author":[{"embeddable":true,"href":"https:\/\/www.feyalegria.org\/honduras\/wp-json\/wp\/v2\/users\/19"}],"replies":[{"embeddable":true,"href":"https:\/\/www.feyalegria.org\/honduras\/wp-json\/wp\/v2\/comments?post=2815"}],"version-history":[{"count":0,"href":"https:\/\/www.feyalegria.org\/honduras\/wp-json\/wp\/v2\/pages\/2815\/revisions"}],"wp:attachment":[{"href":"https:\/\/www.feyalegria.org\/honduras\/wp-json\/wp\/v2\/media?parent=2815"}],"wp:term":[{"taxonomy":"folder","embeddable":true,"href":"https:\/\/www.feyalegria.org\/honduras\/wp-json\/wp\/v2\/folder?post=2815"}],"curies":[{"name":"wp","href":"https:\/\/api.w.org\/{rel}","templated":true}]}}