 {"id":2911,"date":"2021-02-02T15:16:10","date_gmt":"2021-02-02T20:16:10","guid":{"rendered":"https:\/\/www.feyalegria.org\/honduras\/?page_id=2911"},"modified":"2021-03-11T11:12:58","modified_gmt":"2021-03-11T16:12:58","slug":"contactanos","status":"publish","type":"page","link":"https:\/\/www.feyalegria.org\/honduras\/contactanos\/","title":{"rendered":"Cont\u00e1ctanos"},"content":{"rendered":"<div class=\"wpb-content-wrapper\"><p>[vc_row][vc_column]<div style=\"background-color:;height: 40px\" class=\"nicdark_section  \"><\/div>[vc_column_text]<span style=\"font-weight: 400\">Fe y Alegr\u00eda Honduras es una Asociaci\u00f3n sin Fines de Lucro. Somos un movimiento de Educaci\u00f3n Popular Integral y de Promoci\u00f3n Social, trabajamos con los sectores empobrecidos y excluidos, potenciando su desarrollo integral y participaci\u00f3n para la transformaci\u00f3n social.<\/span>[\/vc_column_text]<div style=\"background-color:;height: 40px\" class=\"nicdark_section  \"><\/div>[\/vc_column][\/vc_row][vc_row][vc_column width=\u00bb1\/2&#8243; alignment=\u00bbcenter\u00bb]\n<div class=\"wpcf7 no-js\" id=\"wpcf7-f714-o1\" lang=\"es-ES\" dir=\"ltr\" data-wpcf7-id=\"714\">\n<div class=\"screen-reader-response\"><p role=\"status\" aria-live=\"polite\" aria-atomic=\"true\"><\/p> <ul><\/ul><\/div>\n<form action=\"\/honduras\/wp-json\/wp\/v2\/pages\/2911#wpcf7-f714-o1\" method=\"post\" class=\"wpcf7-form init\" aria-label=\"Formulario de contacto\" novalidate=\"novalidate\" data-status=\"init\">\n<fieldset class=\"hidden-fields-container\"><input type=\"hidden\" name=\"_wpcf7\" value=\"714\" \/><input type=\"hidden\" name=\"_wpcf7_version\" value=\"6.1.5\" \/><input type=\"hidden\" name=\"_wpcf7_locale\" value=\"es_ES\" \/><input type=\"hidden\" name=\"_wpcf7_unit_tag\" value=\"wpcf7-f714-o1\" \/><input type=\"hidden\" name=\"_wpcf7_container_post\" value=\"0\" \/><input type=\"hidden\" name=\"_wpcf7_posted_data_hash\" value=\"\" \/>\n<\/fieldset>\n<div class=\"row\">\n\t<div>\n\t\t<p><span class=\"wpcf7-form-control-wrap\" data-name=\"your-nombre\"><input size=\"40\" maxlength=\"400\" class=\"wpcf7-form-control wpcf7-text wpcf7-validates-as-required input_field\" aria-required=\"true\" aria-invalid=\"false\" placeholder=\"Nombre*\" value=\"\" type=\"text\" name=\"your-nombre\" \/><\/span>\n\t\t<\/p>\n\t<\/div>\n\t<div>\n\t\t<p><span class=\"wpcf7-form-control-wrap\" data-name=\"your-apellido\"><input size=\"40\" maxlength=\"400\" class=\"wpcf7-form-control wpcf7-text wpcf7-validates-as-required input_field\" aria-required=\"true\" aria-invalid=\"false\" placeholder=\"Apellido*\" value=\"\" type=\"text\" name=\"your-apellido\" \/><\/span>\n\t\t<\/p>\n\t<\/div>\n\t<div>\n\t\t<p><span class=\"wpcf7-form-control-wrap\" data-name=\"your-email\"><input size=\"40\" maxlength=\"400\" class=\"wpcf7-form-control wpcf7-email wpcf7-validates-as-required wpcf7-text wpcf7-validates-as-email input_field\" aria-required=\"true\" aria-invalid=\"false\" placeholder=\"Email*\" value=\"\" type=\"email\" name=\"your-email\" \/><\/span>\n\t\t<\/p>\n\t<\/div>\n\t<div>\n\t\t<p><span class=\"wpcf7-form-control-wrap\" data-name=\"your-tel\"><input size=\"40\" maxlength=\"400\" class=\"wpcf7-form-control wpcf7-text input_field\" aria-invalid=\"false\" placeholder=\"Tel\u00e9fono\" value=\"\" type=\"text\" name=\"your-tel\" \/><\/span>\n\t\t<\/p>\n\t<\/div>\n\t<div>\n\t\t<p><span class=\"wpcf7-form-control-wrap\" data-name=\"your-mensaje\"><textarea cols=\"40\" rows=\"8\" maxlength=\"2000\" class=\"wpcf7-form-control wpcf7-textarea wpcf7-validates-as-required input_field\" id=\"your-message\" aria-required=\"true\" aria-invalid=\"false\" placeholder=\"Mensaje*\" name=\"your-mensaje\"><\/textarea><\/span>\n\t\t<\/p>\n\t<\/div>\n\t<div>\n\t\t<p><b>Acepto t\u00e9rminos y condiciones<\/b><br \/>\n<a id=\"legal\" style=\"color:#aa0f16\" href=\"#\">*Ver t\u00e9rminos legales<\/a><br \/>\n<span class=\"wpcf7-form-control-wrap\" data-name=\"terminos\"><span class=\"wpcf7-form-control wpcf7-acceptance\"><span class=\"wpcf7-list-item\"><input type=\"checkbox\" name=\"terminos\" value=\"1\" aria-invalid=\"false\" \/><\/span><\/span><\/span>\n\t\t<\/p>\n\t<\/div>\n\t<div>\n\t\t<p><input class=\"wpcf7-form-control wpcf7-submit has-spinner radius0\" type=\"submit\" value=\"Enviar mensaje\" \/>\n\t\t<\/p>\n\t<\/div>\n<\/div><p style=\"display: none !important;\" class=\"akismet-fields-container\" data-prefix=\"_wpcf7_ak_\"><label>&#916;<textarea name=\"_wpcf7_ak_hp_textarea\" cols=\"45\" rows=\"8\" maxlength=\"100\"><\/textarea><\/label><input type=\"hidden\" id=\"ak_js_1\" name=\"_wpcf7_ak_js\" value=\"148\"\/><script>document.getElementById( \"ak_js_1\" ).setAttribute( \"value\", ( new Date() ).getTime() );<\/script><\/p><input type='hidden' class='wpcf7-pum' value='{\"closepopup\":false,\"closedelay\":0,\"openpopup\":false,\"openpopup_id\":0}' \/><div class=\"wpcf7-response-output\" aria-hidden=\"true\"><\/div>\n<\/form>\n<\/div>\n[\/vc_column][vc_column width=\u00bb1\/2&#8243; alignment=\u00bbcenter\u00bb][vc_gmaps link=\u00bb#E-8_JTNDaWZyYW1lJTIwc3JjJTNEJTIyaHR0cHMlM0ElMkYlMkZ3d3cuZ29vZ2xlLmNvbSUyRm1hcHMlMkZlbWJlZCUzRnBiJTNEJTIxMW0xOCUyMTFtMTIlMjExbTMlMjExZDM4NDYuNjQxMjA1MzU1NjM5NiUyMTJkLTg3LjgxNTkyOTc1MDg4ODE1JTIxM2QxNS4zOTU5MDU4ODkyNDc0NTMlMjEybTMlMjExZjAlMjEyZjAlMjEzZjAlMjEzbTIlMjExaTEwMjQlMjEyaTc2OCUyMTRmMTMuMSUyMTNtMyUyMTFtMiUyMTFzMHg4ZjY2MTU4MDc5YjcyNDhmJTI1M0EweDQ1YWVkNDRjNjFkMTBlOSUyMTJzRmUlMjUyMHklMjUyMEFsZWdyJTI1QzMlMjVBRGElMjUyMEhvbmR1cmFzJTIxNWUwJTIxM20yJTIxMXNlcyUyMTJzY28lMjE0djE2MTMxNzU1NTg0MjQlMjE1bTIlMjExc2VzJTIxMnNjbyUyMiUyMHdpZHRoJTNEJTIyNjAwJTIyJTIwaGVpZ2h0JTNEJTIyNDUwJTIyJTIwZnJhbWVib3JkZXIlM0QlMjIwJTIyJTIwc3R5bGUlM0QlMjJib3JkZXIlM0EwJTNCJTIyJTIwYWxsb3dmdWxsc2NyZWVuJTNEJTIyJTIyJTIwYXJpYS1oaWRkZW4lM0QlMjJmYWxzZSUyMiUyMHRhYmluZGV4JTNEJTIyMCUyMiUzRSUzQyUyRmlmcmFtZSUzRQ==\u00bb][\/vc_column][\/vc_row][vc_row css=\u00bb.vc_custom_1613176181870{padding-top: 40px !important;}\u00bb][vc_column][vc_separator color=\u00bbcustom\u00bb accent_color=\u00bb#aa0f16&#8243;][\/vc_column][\/vc_row][vc_row content_placement=\u00bbmiddle\u00bb][vc_column width=\u00bb1\/2&#8243; alignment=\u00bbcenter\u00bb][vc_column_text css=\u00bb.vc_custom_1615479422268{padding-top: 20px !important;}\u00bb]<\/p>\n<h4 style=\"text-align: center\">Direcci\u00f3n:<\/h4>\n<p><span style=\"font-weight: 400\">Zona de la Compa\u00f1\u00eda, dentro del Centro T\u00e9cnico Loyola,<br \/>\nApdo. Postal 10, El Progreso, Yoro, Honduras. <\/span><br \/>\n<strong>Cel.<\/strong>: +504-3177-4870<br \/>\n<strong>Correo electr\u00f3nico<\/strong>: honduras@feyalegria.org[\/vc_column_text][\/vc_column][vc_column width=\u00bb1\/2&#8243;][vc_column_text]<\/p>\n<h4 style=\"text-align: center\"><strong><span style=\"color: #aa0f16\">Nuestras redes sociales:<\/span><\/strong><\/h4>\n<p>[\/vc_column_text][vc_row_inner][vc_column_inner width=\u00bb1\/6&#8243;][\/vc_column_inner][vc_column_inner width=\u00bb1\/6&#8243; alignment=\u00bbcenter\u00bb][vc_icon icon_fontawesome=\u00bbfab fa-facebook-f\u00bb color=\u00bbcustom\u00bb background_style=\u00bbrounded-less\u00bb background_color=\u00bbcustom\u00bb size=\u00bbsm\u00bb align=\u00bbcenter\u00bb custom_color=\u00bb#ffffff\u00bb custom_background_color=\u00bb#aa0f16&#8243; link=\u00bburl:https%3A%2F%2Fwww.facebook.com%2Ffeyalegriahonduras%2F|target:_blank\u00bb][\/vc_column_inner][vc_column_inner width=\u00bb1\/6&#8243; alignment=\u00bbcenter\u00bb][vc_icon icon_fontawesome=\u00bbfab fa-twitter\u00bb color=\u00bbcustom\u00bb background_style=\u00bbrounded-less\u00bb background_color=\u00bbcustom\u00bb size=\u00bbsm\u00bb align=\u00bbcenter\u00bb custom_color=\u00bb#ffffff\u00bb custom_background_color=\u00bb#aa0f16&#8243; link=\u00bburl:https%3A%2F%2Ftwitter.com%2Ffeyalegriahn%2F|target:_blank\u00bb][\/vc_column_inner][vc_column_inner width=\u00bb1\/6&#8243; alignment=\u00bbcenter\u00bb][vc_icon icon_fontawesome=\u00bbfab fa-instagram\u00bb color=\u00bbcustom\u00bb background_style=\u00bbrounded-less\u00bb background_color=\u00bbcustom\u00bb size=\u00bbsm\u00bb align=\u00bbcenter\u00bb custom_color=\u00bb#ffffff\u00bb custom_background_color=\u00bb#aa0f16&#8243; link=\u00bburl:https%3A%2F%2Fwww.instagram.com%2Ffeyalegriahonduras%2F|target:_blank\u00bb][\/vc_column_inner][vc_column_inner width=\u00bb1\/6&#8243; alignment=\u00bbcenter\u00bb][vc_icon icon_fontawesome=\u00bbfab fa-youtube\u00bb color=\u00bbcustom\u00bb background_style=\u00bbrounded-less\u00bb background_color=\u00bbcustom\u00bb size=\u00bbsm\u00bb align=\u00bbcenter\u00bb custom_color=\u00bb#ffffff\u00bb custom_background_color=\u00bb#aa0f16&#8243; link=\u00bburl:https%3A%2F%2Fwww.youtube.com%2Fuser%2FFyAHonduras|target:_blank\u00bb][\/vc_column_inner][vc_column_inner width=\u00bb1\/6&#8243;][\/vc_column_inner][\/vc_row_inner][\/vc_column][\/vc_row][vc_row][vc_column][vc_separator color=\u00bbcustom\u00bb accent_color=\u00bb#aa0f16&#8243;]<div style=\"background-color:;height: 50px\" class=\"nicdark_section  \"><\/div>[\/vc_column][\/vc_row]<\/p>\n<\/div>","protected":false},"excerpt":{"rendered":"<p>[vc_row][vc_column][vc_column_text]Fe y Alegr\u00eda Honduras es una Asociaci\u00f3n sin Fines de Lucro. Somos un movimiento de Educaci\u00f3n Popular Integral y de Promoci\u00f3n Social, trabajamos con los sectores empobrecidos y excluidos, potenciando su desarrollo integral y participaci\u00f3n para la transformaci\u00f3n social.[\/vc_column_text][\/vc_column][\/vc_row][vc_row][vc_column width=\u00bb1\/2&#8243; alignment=\u00bbcenter\u00bb][\/vc_column][vc_column width=\u00bb1\/2&#8243; alignment=\u00bbcenter\u00bb][vc_gmaps link=\u00bb#E-8_JTNDaWZyYW1lJTIwc3JjJTNEJTIyaHR0cHMlM0ElMkYlMkZ3d3cuZ29vZ2xlLmNvbSUyRm1hcHMlMkZlbWJlZCUzRnBiJTNEJTIxMW0xOCUyMTFtMTIlMjExbTMlMjExZDM4NDYuNjQxMjA1MzU1NjM5NiUyMTJkLTg3LjgxNTkyOTc1MDg4ODE1JTIxM2QxNS4zOTU5MDU4ODkyNDc0NTMlMjEybTMlMjExZjAlMjEyZjAlMjEzZjAlMjEzbTIlMjExaTEwMjQlMjEyaTc2OCUyMTRmMTMuMSUyMTNtMyUyMTFtMiUyMTFzMHg4ZjY2MTU4MDc5YjcyNDhmJTI1M0EweDQ1YWVkNDRjNjFkMTBlOSUyMTJzRmUlMjUyMHklMjUyMEFsZWdyJTI1QzMlMjVBRGElMjUyMEhvbmR1cmFzJTIxNWUwJTIxM20yJTIxMXNlcyUyMTJzY28lMjE0djE2MTMxNzU1NTg0MjQlMjE1bTIlMjExc2VzJTIxMnNjbyUyMiUyMHdpZHRoJTNEJTIyNjAwJTIyJTIwaGVpZ2h0JTNEJTIyNDUwJTIyJTIwZnJhbWVib3JkZXIlM0QlMjIwJTIyJTIwc3R5bGUlM0QlMjJib3JkZXIlM0EwJTNCJTIyJTIwYWxsb3dmdWxsc2NyZWVuJTNEJTIyJTIyJTIwYXJpYS1oaWRkZW4lM0QlMjJmYWxzZSUyMiUyMHRhYmluZGV4JTNEJTIyMCUyMiUzRSUzQyUyRmlmcmFtZSUzRQ==\u00bb][\/vc_column][\/vc_row][vc_row css=\u00bb.vc_custom_1613176181870{padding-top: 40px !important;}\u00bb][vc_column][vc_separator color=\u00bbcustom\u00bb accent_color=\u00bb#aa0f16&#8243;][\/vc_column][\/vc_row][vc_row content_placement=\u00bbmiddle\u00bb][vc_column width=\u00bb1\/2&#8243; alignment=\u00bbcenter\u00bb][vc_column_text css=\u00bb.vc_custom_1615479422268{padding-top: 20px !important;}\u00bb]<\/p>\n","protected":false},"author":19,"featured_media":0,"parent":0,"menu_order":0,"comment_status":"closed","ping_status":"closed","template":"","meta":{"_acf_changed":false,"footnotes":""},"folder":[],"class_list":["post-2911","page","type-page","status-publish","hentry"],"acf":[],"yoast_head":"<!-- This site is optimized with the Yoast SEO plugin v27.2 - https:\/\/yoast.com\/product\/yoast-seo-wordpress\/ -->\n<title>Cont\u00e1ctanos - #SomosFeyAlegr\u00eda en Honduras<\/title>\n<meta name=\"robots\" content=\"index, follow, max-snippet:-1, max-image-preview:large, max-video-preview:-1\" \/>\n<link rel=\"canonical\" href=\"https:\/\/www.feyalegria.org\/honduras\/contactanos\/\" \/>\n<meta property=\"og:locale\" content=\"es_ES\" \/>\n<meta property=\"og:type\" content=\"article\" \/>\n<meta property=\"og:title\" content=\"Cont\u00e1ctanos - #SomosFeyAlegr\u00eda en Honduras\" \/>\n<meta property=\"og:description\" content=\"[vc_row][vc_column][vc_column_text]Fe y Alegr\u00eda Honduras es una Asociaci\u00f3n sin Fines de Lucro. Somos un movimiento de Educaci\u00f3n Popular Integral y de Promoci\u00f3n Social, trabajamos con los sectores empobrecidos y excluidos, potenciando su desarrollo integral y participaci\u00f3n para la transformaci\u00f3n social.[\/vc_column_text][\/vc_column][\/vc_row][vc_row][vc_column width=\u00bb1\/2&#8243; alignment=\u00bbcenter\u00bb][\/vc_column][vc_column width=\u00bb1\/2&#8243; alignment=\u00bbcenter\u00bb][vc_gmaps link=\u00bb#E-8_JTNDaWZyYW1lJTIwc3JjJTNEJTIyaHR0cHMlM0ElMkYlMkZ3d3cuZ29vZ2xlLmNvbSUyRm1hcHMlMkZlbWJlZCUzRnBiJTNEJTIxMW0xOCUyMTFtMTIlMjExbTMlMjExZDM4NDYuNjQxMjA1MzU1NjM5NiUyMTJkLTg3LjgxNTkyOTc1MDg4ODE1JTIxM2QxNS4zOTU5MDU4ODkyNDc0NTMlMjEybTMlMjExZjAlMjEyZjAlMjEzZjAlMjEzbTIlMjExaTEwMjQlMjEyaTc2OCUyMTRmMTMuMSUyMTNtMyUyMTFtMiUyMTFzMHg4ZjY2MTU4MDc5YjcyNDhmJTI1M0EweDQ1YWVkNDRjNjFkMTBlOSUyMTJzRmUlMjUyMHklMjUyMEFsZWdyJTI1QzMlMjVBRGElMjUyMEhvbmR1cmFzJTIxNWUwJTIxM20yJTIxMXNlcyUyMTJzY28lMjE0djE2MTMxNzU1NTg0MjQlMjE1bTIlMjExc2VzJTIxMnNjbyUyMiUyMHdpZHRoJTNEJTIyNjAwJTIyJTIwaGVpZ2h0JTNEJTIyNDUwJTIyJTIwZnJhbWVib3JkZXIlM0QlMjIwJTIyJTIwc3R5bGUlM0QlMjJib3JkZXIlM0EwJTNCJTIyJTIwYWxsb3dmdWxsc2NyZWVuJTNEJTIyJTIyJTIwYXJpYS1oaWRkZW4lM0QlMjJmYWxzZSUyMiUyMHRhYmluZGV4JTNEJTIyMCUyMiUzRSUzQyUyRmlmcmFtZSUzRQ==\u00bb][\/vc_column][\/vc_row][vc_row css=\u00bb.vc_custom_1613176181870{padding-top: 40px !important;}\u00bb][vc_column][vc_separator color=\u00bbcustom\u00bb accent_color=\u00bb#aa0f16&#8243;][\/vc_column][\/vc_row][vc_row content_placement=\u00bbmiddle\u00bb][vc_column width=\u00bb1\/2&#8243; alignment=\u00bbcenter\u00bb][vc_column_text css=\u00bb.vc_custom_1615479422268{padding-top: 20px !important;}\u00bb]\" \/>\n<meta property=\"og:url\" content=\"https:\/\/www.feyalegria.org\/honduras\/contactanos\/\" \/>\n<meta property=\"og:site_name\" content=\"#SomosFeyAlegr\u00eda en Honduras\" \/>\n<meta property=\"article:modified_time\" content=\"2021-03-11T16:12:58+00:00\" \/>\n<meta name=\"twitter:card\" content=\"summary_large_image\" \/>\n<meta name=\"twitter:label1\" content=\"Tiempo de lectura\" \/>\n\t<meta name=\"twitter:data1\" content=\"2 minutos\" \/>\n<script type=\"application\/ld+json\" class=\"yoast-schema-graph\">{\"@context\":\"https:\/\/schema.org\",\"@graph\":[{\"@type\":\"WebPage\",\"@id\":\"https:\/\/www.feyalegria.org\/honduras\/contactanos\/\",\"url\":\"https:\/\/www.feyalegria.org\/honduras\/contactanos\/\",\"name\":\"Cont\u00e1ctanos - #SomosFeyAlegr\u00eda en Honduras\",\"isPartOf\":{\"@id\":\"https:\/\/www.feyalegria.org\/honduras\/#website\"},\"datePublished\":\"2021-02-02T20:16:10+00:00\",\"dateModified\":\"2021-03-11T16:12:58+00:00\",\"breadcrumb\":{\"@id\":\"https:\/\/www.feyalegria.org\/honduras\/contactanos\/#breadcrumb\"},\"inLanguage\":\"es\",\"potentialAction\":[{\"@type\":\"ReadAction\",\"target\":[\"https:\/\/www.feyalegria.org\/honduras\/contactanos\/\"]}]},{\"@type\":\"BreadcrumbList\",\"@id\":\"https:\/\/www.feyalegria.org\/honduras\/contactanos\/#breadcrumb\",\"itemListElement\":[{\"@type\":\"ListItem\",\"position\":1,\"name\":\"Home\",\"item\":\"https:\/\/www.feyalegria.org\/honduras\/\"},{\"@type\":\"ListItem\",\"position\":2,\"name\":\"Cont\u00e1ctanos\"}]},{\"@type\":\"WebSite\",\"@id\":\"https:\/\/www.feyalegria.org\/honduras\/#website\",\"url\":\"https:\/\/www.feyalegria.org\/honduras\/\",\"name\":\"#SomosFeyAlegr\u00eda en Honduras\",\"description\":\"Movimiento de Educaci\u00f3n Popular y Promoci\u00f3n Social\",\"potentialAction\":[{\"@type\":\"SearchAction\",\"target\":{\"@type\":\"EntryPoint\",\"urlTemplate\":\"https:\/\/www.feyalegria.org\/honduras\/?s={search_term_string}\"},\"query-input\":{\"@type\":\"PropertyValueSpecification\",\"valueRequired\":true,\"valueName\":\"search_term_string\"}}],\"inLanguage\":\"es\"}]}<\/script>\n<!-- \/ Yoast SEO plugin. -->","yoast_head_json":{"title":"Cont\u00e1ctanos - #SomosFeyAlegr\u00eda en Honduras","robots":{"index":"index","follow":"follow","max-snippet":"max-snippet:-1","max-image-preview":"max-image-preview:large","max-video-preview":"max-video-preview:-1"},"canonical":"https:\/\/www.feyalegria.org\/honduras\/contactanos\/","og_locale":"es_ES","og_type":"article","og_title":"Cont\u00e1ctanos - #SomosFeyAlegr\u00eda en Honduras","og_description":"[vc_row][vc_column][vc_column_text]Fe y Alegr\u00eda Honduras es una Asociaci\u00f3n sin Fines de Lucro. Somos un movimiento de Educaci\u00f3n Popular Integral y de Promoci\u00f3n Social, trabajamos con los sectores empobrecidos y excluidos, potenciando su desarrollo integral y participaci\u00f3n para la transformaci\u00f3n social.[\/vc_column_text][\/vc_column][\/vc_row][vc_row][vc_column width=\u00bb1\/2&#8243; alignment=\u00bbcenter\u00bb][\/vc_column][vc_column width=\u00bb1\/2&#8243; alignment=\u00bbcenter\u00bb][vc_gmaps link=\u00bb#E-8_JTNDaWZyYW1lJTIwc3JjJTNEJTIyaHR0cHMlM0ElMkYlMkZ3d3cuZ29vZ2xlLmNvbSUyRm1hcHMlMkZlbWJlZCUzRnBiJTNEJTIxMW0xOCUyMTFtMTIlMjExbTMlMjExZDM4NDYuNjQxMjA1MzU1NjM5NiUyMTJkLTg3LjgxNTkyOTc1MDg4ODE1JTIxM2QxNS4zOTU5MDU4ODkyNDc0NTMlMjEybTMlMjExZjAlMjEyZjAlMjEzZjAlMjEzbTIlMjExaTEwMjQlMjEyaTc2OCUyMTRmMTMuMSUyMTNtMyUyMTFtMiUyMTFzMHg4ZjY2MTU4MDc5YjcyNDhmJTI1M0EweDQ1YWVkNDRjNjFkMTBlOSUyMTJzRmUlMjUyMHklMjUyMEFsZWdyJTI1QzMlMjVBRGElMjUyMEhvbmR1cmFzJTIxNWUwJTIxM20yJTIxMXNlcyUyMTJzY28lMjE0djE2MTMxNzU1NTg0MjQlMjE1bTIlMjExc2VzJTIxMnNjbyUyMiUyMHdpZHRoJTNEJTIyNjAwJTIyJTIwaGVpZ2h0JTNEJTIyNDUwJTIyJTIwZnJhbWVib3JkZXIlM0QlMjIwJTIyJTIwc3R5bGUlM0QlMjJib3JkZXIlM0EwJTNCJTIyJTIwYWxsb3dmdWxsc2NyZWVuJTNEJTIyJTIyJTIwYXJpYS1oaWRkZW4lM0QlMjJmYWxzZSUyMiUyMHRhYmluZGV4JTNEJTIyMCUyMiUzRSUzQyUyRmlmcmFtZSUzRQ==\u00bb][\/vc_column][\/vc_row][vc_row css=\u00bb.vc_custom_1613176181870{padding-top: 40px !important;}\u00bb][vc_column][vc_separator color=\u00bbcustom\u00bb accent_color=\u00bb#aa0f16&#8243;][\/vc_column][\/vc_row][vc_row content_placement=\u00bbmiddle\u00bb][vc_column width=\u00bb1\/2&#8243; alignment=\u00bbcenter\u00bb][vc_column_text css=\u00bb.vc_custom_1615479422268{padding-top: 20px !important;}\u00bb]","og_url":"https:\/\/www.feyalegria.org\/honduras\/contactanos\/","og_site_name":"#SomosFeyAlegr\u00eda en Honduras","article_modified_time":"2021-03-11T16:12:58+00:00","twitter_card":"summary_large_image","twitter_misc":{"Tiempo de lectura":"2 minutos"},"schema":{"@context":"https:\/\/schema.org","@graph":[{"@type":"WebPage","@id":"https:\/\/www.feyalegria.org\/honduras\/contactanos\/","url":"https:\/\/www.feyalegria.org\/honduras\/contactanos\/","name":"Cont\u00e1ctanos - #SomosFeyAlegr\u00eda en Honduras","isPartOf":{"@id":"https:\/\/www.feyalegria.org\/honduras\/#website"},"datePublished":"2021-02-02T20:16:10+00:00","dateModified":"2021-03-11T16:12:58+00:00","breadcrumb":{"@id":"https:\/\/www.feyalegria.org\/honduras\/contactanos\/#breadcrumb"},"inLanguage":"es","potentialAction":[{"@type":"ReadAction","target":["https:\/\/www.feyalegria.org\/honduras\/contactanos\/"]}]},{"@type":"BreadcrumbList","@id":"https:\/\/www.feyalegria.org\/honduras\/contactanos\/#breadcrumb","itemListElement":[{"@type":"ListItem","position":1,"name":"Home","item":"https:\/\/www.feyalegria.org\/honduras\/"},{"@type":"ListItem","position":2,"name":"Cont\u00e1ctanos"}]},{"@type":"WebSite","@id":"https:\/\/www.feyalegria.org\/honduras\/#website","url":"https:\/\/www.feyalegria.org\/honduras\/","name":"#SomosFeyAlegr\u00eda en Honduras","description":"Movimiento de Educaci\u00f3n Popular y Promoci\u00f3n Social","potentialAction":[{"@type":"SearchAction","target":{"@type":"EntryPoint","urlTemplate":"https:\/\/www.feyalegria.org\/honduras\/?s={search_term_string}"},"query-input":{"@type":"PropertyValueSpecification","valueRequired":true,"valueName":"search_term_string"}}],"inLanguage":"es"}]}},"_links":{"self":[{"href":"https:\/\/www.feyalegria.org\/honduras\/wp-json\/wp\/v2\/pages\/2911","targetHints":{"allow":["GET"]}}],"collection":[{"href":"https:\/\/www.feyalegria.org\/honduras\/wp-json\/wp\/v2\/pages"}],"about":[{"href":"https:\/\/www.feyalegria.org\/honduras\/wp-json\/wp\/v2\/types\/page"}],"author":[{"embeddable":true,"href":"https:\/\/www.feyalegria.org\/honduras\/wp-json\/wp\/v2\/users\/19"}],"replies":[{"embeddable":true,"href":"https:\/\/www.feyalegria.org\/honduras\/wp-json\/wp\/v2\/comments?post=2911"}],"version-history":[{"count":0,"href":"https:\/\/www.feyalegria.org\/honduras\/wp-json\/wp\/v2\/pages\/2911\/revisions"}],"wp:attachment":[{"href":"https:\/\/www.feyalegria.org\/honduras\/wp-json\/wp\/v2\/media?parent=2911"}],"wp:term":[{"taxonomy":"folder","embeddable":true,"href":"https:\/\/www.feyalegria.org\/honduras\/wp-json\/wp\/v2\/folder?post=2911"}],"curies":[{"name":"wp","href":"https:\/\/api.w.org\/{rel}","templated":true}]}}