 {"id":299,"date":"2020-06-30T15:50:24","date_gmt":"2020-06-30T20:50:24","guid":{"rendered":"https:\/\/www.feyalegria.org\/honduras\/?page_id=299"},"modified":"2021-03-22T10:33:52","modified_gmt":"2021-03-22T15:33:52","slug":"nuestra-identidad","status":"publish","type":"page","link":"https:\/\/www.feyalegria.org\/honduras\/nuestra-identidad\/","title":{"rendered":"Nuestra Identidad"},"content":{"rendered":"<div class=\"wpb-content-wrapper\"><p>[vc_row][vc_column]<div style=\"background-color:;height: 30px\" class=\"nicdark_section  \"><\/div>[vc_column_text]<\/p>\n<h3 style=\"text-align: center\"><span style=\"font-weight: 400\"><strong>Somos un \u201cMovimiento de Educaci\u00f3n Popular Integral y Promoci\u00f3n Social\u201d <\/strong><\/span><\/h3>\n<p>[\/vc_column_text][\/vc_column][\/vc_row][vc_row content_placement=\u00bbmiddle\u00bb][vc_column width=\u00bb1\/3&#8243;][vc_single_image image=\u00bb2788&#8243; img_size=\u00bbfull\u00bb alignment=\u00bbright\u00bb style=\u00bbvc_box_rounded\u00bb][\/vc_column][vc_column width=\u00bb2\/3&#8243;][vc_column_text css=\u00bb.vc_custom_1616427066002{padding-right: 10px !important;padding-left: 10px !important;background-color: #ffffff !important;border-radius: 10px !important;}\u00bb]<\/p>\n<p style=\"text-align: justify\"><span style=\"font-weight: 400\">Nuestra acci\u00f3n se dirige a sectores empobrecidos y excluidos para potenciar su desarrollo personal y participaci\u00f3n social. <\/span><\/p>\n<p style=\"text-align: justify\"><span style=\"font-weight: 400\">Somos una instituci\u00f3n que es capaz de transmitir a sus miembros no solo m\u00edstica de servicio sino tambi\u00e9n continua creatividad. Estamos comprometidos a que los estudios que los ni\u00f1os y j\u00f3venes realicen, se conviertan lo nuestros ni\u00f1os, j\u00f3venes y adultos se convierta m\u00e1s pronto y mejor posible en personas de bien y agentes del cambio social.<\/span><\/p>\n<p style=\"text-align: justify\"><strong>La fuerza de Fe y Alegr\u00eda es nuestra gente<\/strong>: Los estratos de la poblaci\u00f3n empobrecida y excluida.\u00a0 Somos\u00a0<strong>una obra educativa de la compa\u00f1\u00eda de Jes\u00fas<\/strong>, de la iglesia Cat\u00f3lica.<\/p>\n<p style=\"text-align: justify\">Nacimos en Venezuela hace 65 a\u00f1os, y en la actualidad estamos presentes en 22 pa\u00edses de Am\u00e9rica Latina, \u00c1frica y Europa.<\/p>\n<p style=\"text-align: justify\"><span style=\"font-weight: 400\"><strong>En Honduras tenemos 20 a\u00f1os trabajando con ni\u00f1os, j\u00f3venes y adultos.<\/strong> Trabajamos con escuelas asociadas, l\u00edderes comunitarios y pueblos originarios.\u00a0 <\/span><span style=\"font-weight: 400\">Estamos <strong>comprometidos en construir una sociedad m\u00e1s justa que posibilite el desarrollo para las comunidades<\/strong>.\u00a0<\/span><\/p>\n<p>[\/vc_column_text][\/vc_column][\/vc_row][vc_row][vc_column]<div style=\"background-color:;height: 30px\" class=\"nicdark_section  \"><\/div>[vc_separator color=\u00bbcustom\u00bb accent_color=\u00bb#aa0f16&#8243;][\/vc_column][\/vc_row][vc_row][vc_column width=\u00bb1\/3&#8243;][vc_column_text]<\/p>\n<h3 style=\"text-align: center\"><span style=\"font-weight: 400\"><strong>Misi\u00f3n<\/strong><\/span><\/h3>\n<p>[\/vc_column_text][vc_column_text css=\u00bb.vc_custom_1611874429144{padding-right: 10px !important;padding-left: 10px !important;background-color: #ffffff !important;border-radius: 10px !important;}\u00bb]<\/p>\n<p style=\"text-align: center\"><span style=\"font-weight: 400\">Fe y Alegr\u00eda es un Movimiento Internacional de<strong><em> Educaci\u00f3n Popular y Promoci\u00f3n Social<\/em> <\/strong>que impulsa desde, con y para las comunidades en las que trabaja, procesos educativos integrales, inclusivos y de calidad, comprometi\u00e9ndose en la transformaci\u00f3n de las personas para construir sistemas sociales justos y democr\u00e1ticos.\u00a0<\/span><\/p>\n<p>[\/vc_column_text][\/vc_column][vc_column width=\u00bb1\/3&#8243;][vc_single_image image=\u00bb2789&#8243; img_size=\u00bbfull\u00bb style=\u00bbvc_box_rounded\u00bb css=\u00bb.vc_custom_1616427169806{border-radius: 10px !important;}\u00bb][\/vc_column][vc_column width=\u00bb1\/3&#8243;][vc_column_text]<\/p>\n<h3 style=\"text-align: center\"><span style=\"font-weight: 400\"><strong>Visi\u00f3n<\/strong><\/span><\/h3>\n<p>[\/vc_column_text][vc_column_text css=\u00bb.vc_custom_1611874523141{padding-right: 10px !important;padding-left: 10px !important;background-color: #ffffff !important;border-radius: 10px !important;}\u00bb]<\/p>\n<p style=\"text-align: center\"><span style=\"font-weight: 400\">Ser una Instituci\u00f3n<strong> referente de la Educaci\u00f3n Popular<\/strong> que mediante procesos socio educativos sostenibles, <strong>promueve la promoci\u00f3n de las personas y la incidencia en pol\u00edticas p\u00fablicas en favor de los m\u00e1s excluidos.<\/strong>\u00a0<\/span><\/p>\n<p>[\/vc_column_text][\/vc_column][\/vc_row][vc_row][vc_column][vc_separator color=\u00bbcustom\u00bb accent_color=\u00bb#aa0f16&#8243;]<div style=\"background-color:;height: 30px\" class=\"nicdark_section  \"><\/div>[vc_column_text]<\/p>\n<h3 style=\"text-align: center\"><span style=\"font-weight: 400\"><strong>Principios orientadores<\/strong><\/span><\/h3>\n<p>[\/vc_column_text][\/vc_column][\/vc_row][vc_row][vc_column width=\u00bb1\/4&#8243;][vc_single_image image=\u00bb2888&#8243; img_size=\u00bbfull\u00bb alignment=\u00bbcenter\u00bb style=\u00bbvc_box_outline_circle_2&#8243; css=\u00bb.vc_custom_1611975557265{border-radius: 10px !important;}\u00bb][\/vc_column][vc_column width=\u00bb1\/4&#8243;][vc_single_image image=\u00bb2887&#8243; img_size=\u00bbfull\u00bb alignment=\u00bbcenter\u00bb style=\u00bbvc_box_outline_circle_2&#8243; css=\u00bb.vc_custom_1611975574496{border-radius: 10px !important;}\u00bb][\/vc_column][vc_column width=\u00bb1\/4&#8243;][vc_single_image image=\u00bb2886&#8243; img_size=\u00bbfull\u00bb alignment=\u00bbcenter\u00bb style=\u00bbvc_box_outline_circle_2&#8243; css=\u00bb.vc_custom_1611975596545{border-radius: 10px !important;}\u00bb][\/vc_column][vc_column width=\u00bb1\/4&#8243;][vc_single_image image=\u00bb2885&#8243; img_size=\u00bbfull\u00bb alignment=\u00bbcenter\u00bb style=\u00bbvc_box_outline_circle_2&#8243; css=\u00bb.vc_custom_1611975614648{border-radius: 10px !important;}\u00bb][\/vc_column][\/vc_row][vc_row][vc_column]<div style=\"background-color:;height: 30px\" class=\"nicdark_section  \"><\/div>[vc_separator color=\u00bbcustom\u00bb accent_color=\u00bb#aa0f16&#8243;][vc_column_text]<\/p>\n<h3 style=\"text-align: center\"><span style=\"font-weight: 400\"><strong>De la chispa al incendio nace Fe y Alegr\u00eda<\/strong><\/span><\/h3>\n<p>[\/vc_column_text][\/vc_column][\/vc_row][vc_row][vc_column][vc_column_text css=\u00bb.vc_custom_1616427223978{padding-right: 10px !important;padding-left: 10px !important;background-color: #ffffff !important;border-radius: 10px !important;}\u00bb]<\/p>\n<p style=\"text-align: justify\">Fe y Alegr\u00eda naci\u00f3 en Venezuela, fue fundada por el sacerdote jesuita Jos\u00e9 Mar\u00eda V\u00e9laz. El 5 de marzo de 1955 se abrieron las puertas de la primera escuela en un barrio de Caracas, gracias a la generosidad de Abraham Reyes, un humilde alba\u00f1il que junto a su esposa Patricia, cedi\u00f3 su propia vivienda para acoger a los ni\u00f1os de la zona. As\u00ed naci\u00f3 Fe y Alegr\u00eda: en una casa regalada con 100 ni\u00f1os sentados en bloques sobre el suelo.<\/p>\n<p style=\"text-align: justify\">Luego de extenderse exitosamente por Venezuela, la idea fue germinando en otros pa\u00edses de Latinoam\u00e9rica donde Fe y Alegr\u00eda se ha convertido en un aliado estrat\u00e9gico de los Estados en materia de educaci\u00f3n p\u00fablica.<\/p>\n<p style=\"text-align: justify\">Conoce m\u00e1s detalles de <span style=\"color: #aa0f16\"><a style=\"color: #aa0f16\" href=\"https:\/\/www.feyalegria.org\/historia\/\" target=\"_blank\" rel=\"noopener noreferrer\"><strong>Nuestra Historia<\/strong><\/a><\/span><!--more--><\/p>\n<p>[\/vc_column_text][vc_separator color=\u00bbcustom\u00bb accent_color=\u00bb#aa0f16&#8243;][\/vc_column][\/vc_row][vc_row][vc_column]<div style=\"background-color:;height: 50px\" class=\"nicdark_section  \"><\/div>[\/vc_column][\/vc_row]<\/p>\n<\/div>","protected":false},"excerpt":{"rendered":"<p>[vc_row][vc_column][vc_column_text] Somos un \u201cMovimiento de Educaci\u00f3n Popular Integral y Promoci\u00f3n Social\u201d [\/vc_column_text][\/vc_column][\/vc_row][vc_row content_placement=\u00bbmiddle\u00bb][vc_column width=\u00bb1\/3&#8243;][vc_single_image image=\u00bb2788&#8243; img_size=\u00bbfull\u00bb alignment=\u00bbright\u00bb style=\u00bbvc_box_rounded\u00bb][\/vc_column][vc_column width=\u00bb2\/3&#8243;][vc_column_text css=\u00bb.vc_custom_1616427066002{padding-right: 10px !important;padding-left: 10px !important;background-color: #ffffff !important;border-radius: 10px !important;}\u00bb] Nuestra acci\u00f3n se dirige a sectores empobrecidos y excluidos para potenciar su desarrollo personal y participaci\u00f3n social. Somos una instituci\u00f3n que es capaz de transmitir a sus<\/p>\n","protected":false},"author":11,"featured_media":0,"parent":0,"menu_order":0,"comment_status":"closed","ping_status":"closed","template":"","meta":{"_acf_changed":false,"footnotes":""},"folder":[],"class_list":["post-299","page","type-page","status-publish","hentry"],"acf":[],"yoast_head":"<!-- This site is optimized with the Yoast SEO plugin v27.2 - https:\/\/yoast.com\/product\/yoast-seo-wordpress\/ -->\n<title>Nuestra Identidad - #SomosFeyAlegr\u00eda en Honduras<\/title>\n<meta name=\"robots\" content=\"index, follow, max-snippet:-1, max-image-preview:large, max-video-preview:-1\" \/>\n<link rel=\"canonical\" href=\"https:\/\/www.feyalegria.org\/honduras\/nuestra-identidad\/\" \/>\n<meta property=\"og:locale\" content=\"es_ES\" \/>\n<meta property=\"og:type\" content=\"article\" \/>\n<meta property=\"og:title\" content=\"Nuestra Identidad - #SomosFeyAlegr\u00eda en Honduras\" \/>\n<meta property=\"og:description\" content=\"[vc_row][vc_column][vc_column_text] Somos un \u201cMovimiento de Educaci\u00f3n Popular Integral y Promoci\u00f3n Social\u201d [\/vc_column_text][\/vc_column][\/vc_row][vc_row content_placement=\u00bbmiddle\u00bb][vc_column width=\u00bb1\/3&#8243;][vc_single_image image=\u00bb2788&#8243; img_size=\u00bbfull\u00bb alignment=\u00bbright\u00bb style=\u00bbvc_box_rounded\u00bb][\/vc_column][vc_column width=\u00bb2\/3&#8243;][vc_column_text css=\u00bb.vc_custom_1616427066002{padding-right: 10px !important;padding-left: 10px !important;background-color: #ffffff !important;border-radius: 10px !important;}\u00bb] Nuestra acci\u00f3n se dirige a sectores empobrecidos y excluidos para potenciar su desarrollo personal y participaci\u00f3n social. Somos una instituci\u00f3n que es capaz de transmitir a sus\" \/>\n<meta property=\"og:url\" content=\"https:\/\/www.feyalegria.org\/honduras\/nuestra-identidad\/\" \/>\n<meta property=\"og:site_name\" content=\"#SomosFeyAlegr\u00eda en Honduras\" \/>\n<meta property=\"article:modified_time\" content=\"2021-03-22T15:33:52+00:00\" \/>\n<meta name=\"twitter:card\" content=\"summary_large_image\" \/>\n<meta name=\"twitter:label1\" content=\"Tiempo de lectura\" \/>\n\t<meta name=\"twitter:data1\" content=\"4 minutos\" \/>\n<script type=\"application\/ld+json\" class=\"yoast-schema-graph\">{\"@context\":\"https:\/\/schema.org\",\"@graph\":[{\"@type\":\"WebPage\",\"@id\":\"https:\/\/www.feyalegria.org\/honduras\/nuestra-identidad\/\",\"url\":\"https:\/\/www.feyalegria.org\/honduras\/nuestra-identidad\/\",\"name\":\"Nuestra Identidad - #SomosFeyAlegr\u00eda en Honduras\",\"isPartOf\":{\"@id\":\"https:\/\/www.feyalegria.org\/honduras\/#website\"},\"datePublished\":\"2020-06-30T20:50:24+00:00\",\"dateModified\":\"2021-03-22T15:33:52+00:00\",\"breadcrumb\":{\"@id\":\"https:\/\/www.feyalegria.org\/honduras\/nuestra-identidad\/#breadcrumb\"},\"inLanguage\":\"es\",\"potentialAction\":[{\"@type\":\"ReadAction\",\"target\":[\"https:\/\/www.feyalegria.org\/honduras\/nuestra-identidad\/\"]}]},{\"@type\":\"BreadcrumbList\",\"@id\":\"https:\/\/www.feyalegria.org\/honduras\/nuestra-identidad\/#breadcrumb\",\"itemListElement\":[{\"@type\":\"ListItem\",\"position\":1,\"name\":\"Home\",\"item\":\"https:\/\/www.feyalegria.org\/honduras\/\"},{\"@type\":\"ListItem\",\"position\":2,\"name\":\"Nuestra Identidad\"}]},{\"@type\":\"WebSite\",\"@id\":\"https:\/\/www.feyalegria.org\/honduras\/#website\",\"url\":\"https:\/\/www.feyalegria.org\/honduras\/\",\"name\":\"#SomosFeyAlegr\u00eda en Honduras\",\"description\":\"Movimiento de Educaci\u00f3n Popular y Promoci\u00f3n Social\",\"potentialAction\":[{\"@type\":\"SearchAction\",\"target\":{\"@type\":\"EntryPoint\",\"urlTemplate\":\"https:\/\/www.feyalegria.org\/honduras\/?s={search_term_string}\"},\"query-input\":{\"@type\":\"PropertyValueSpecification\",\"valueRequired\":true,\"valueName\":\"search_term_string\"}}],\"inLanguage\":\"es\"}]}<\/script>\n<!-- \/ Yoast SEO plugin. -->","yoast_head_json":{"title":"Nuestra Identidad - #SomosFeyAlegr\u00eda en Honduras","robots":{"index":"index","follow":"follow","max-snippet":"max-snippet:-1","max-image-preview":"max-image-preview:large","max-video-preview":"max-video-preview:-1"},"canonical":"https:\/\/www.feyalegria.org\/honduras\/nuestra-identidad\/","og_locale":"es_ES","og_type":"article","og_title":"Nuestra Identidad - #SomosFeyAlegr\u00eda en Honduras","og_description":"[vc_row][vc_column][vc_column_text] Somos un \u201cMovimiento de Educaci\u00f3n Popular Integral y Promoci\u00f3n Social\u201d [\/vc_column_text][\/vc_column][\/vc_row][vc_row content_placement=\u00bbmiddle\u00bb][vc_column width=\u00bb1\/3&#8243;][vc_single_image image=\u00bb2788&#8243; img_size=\u00bbfull\u00bb alignment=\u00bbright\u00bb style=\u00bbvc_box_rounded\u00bb][\/vc_column][vc_column width=\u00bb2\/3&#8243;][vc_column_text css=\u00bb.vc_custom_1616427066002{padding-right: 10px !important;padding-left: 10px !important;background-color: #ffffff !important;border-radius: 10px !important;}\u00bb] Nuestra acci\u00f3n se dirige a sectores empobrecidos y excluidos para potenciar su desarrollo personal y participaci\u00f3n social. Somos una instituci\u00f3n que es capaz de transmitir a sus","og_url":"https:\/\/www.feyalegria.org\/honduras\/nuestra-identidad\/","og_site_name":"#SomosFeyAlegr\u00eda en Honduras","article_modified_time":"2021-03-22T15:33:52+00:00","twitter_card":"summary_large_image","twitter_misc":{"Tiempo de lectura":"4 minutos"},"schema":{"@context":"https:\/\/schema.org","@graph":[{"@type":"WebPage","@id":"https:\/\/www.feyalegria.org\/honduras\/nuestra-identidad\/","url":"https:\/\/www.feyalegria.org\/honduras\/nuestra-identidad\/","name":"Nuestra Identidad - #SomosFeyAlegr\u00eda en Honduras","isPartOf":{"@id":"https:\/\/www.feyalegria.org\/honduras\/#website"},"datePublished":"2020-06-30T20:50:24+00:00","dateModified":"2021-03-22T15:33:52+00:00","breadcrumb":{"@id":"https:\/\/www.feyalegria.org\/honduras\/nuestra-identidad\/#breadcrumb"},"inLanguage":"es","potentialAction":[{"@type":"ReadAction","target":["https:\/\/www.feyalegria.org\/honduras\/nuestra-identidad\/"]}]},{"@type":"BreadcrumbList","@id":"https:\/\/www.feyalegria.org\/honduras\/nuestra-identidad\/#breadcrumb","itemListElement":[{"@type":"ListItem","position":1,"name":"Home","item":"https:\/\/www.feyalegria.org\/honduras\/"},{"@type":"ListItem","position":2,"name":"Nuestra Identidad"}]},{"@type":"WebSite","@id":"https:\/\/www.feyalegria.org\/honduras\/#website","url":"https:\/\/www.feyalegria.org\/honduras\/","name":"#SomosFeyAlegr\u00eda en Honduras","description":"Movimiento de Educaci\u00f3n Popular y Promoci\u00f3n Social","potentialAction":[{"@type":"SearchAction","target":{"@type":"EntryPoint","urlTemplate":"https:\/\/www.feyalegria.org\/honduras\/?s={search_term_string}"},"query-input":{"@type":"PropertyValueSpecification","valueRequired":true,"valueName":"search_term_string"}}],"inLanguage":"es"}]}},"_links":{"self":[{"href":"https:\/\/www.feyalegria.org\/honduras\/wp-json\/wp\/v2\/pages\/299","targetHints":{"allow":["GET"]}}],"collection":[{"href":"https:\/\/www.feyalegria.org\/honduras\/wp-json\/wp\/v2\/pages"}],"about":[{"href":"https:\/\/www.feyalegria.org\/honduras\/wp-json\/wp\/v2\/types\/page"}],"author":[{"embeddable":true,"href":"https:\/\/www.feyalegria.org\/honduras\/wp-json\/wp\/v2\/users\/11"}],"replies":[{"embeddable":true,"href":"https:\/\/www.feyalegria.org\/honduras\/wp-json\/wp\/v2\/comments?post=299"}],"version-history":[{"count":0,"href":"https:\/\/www.feyalegria.org\/honduras\/wp-json\/wp\/v2\/pages\/299\/revisions"}],"wp:attachment":[{"href":"https:\/\/www.feyalegria.org\/honduras\/wp-json\/wp\/v2\/media?parent=299"}],"wp:term":[{"taxonomy":"folder","embeddable":true,"href":"https:\/\/www.feyalegria.org\/honduras\/wp-json\/wp\/v2\/folder?post=299"}],"curies":[{"name":"wp","href":"https:\/\/api.w.org\/{rel}","templated":true}]}}