 {"id":505,"date":"2020-07-06T12:55:48","date_gmt":"2020-07-06T17:55:48","guid":{"rendered":"https:\/\/www.feyalegria.org\/honduras\/?page_id=505"},"modified":"2021-03-22T10:56:22","modified_gmt":"2021-03-22T15:56:22","slug":"organizacion","status":"publish","type":"page","link":"https:\/\/www.feyalegria.org\/honduras\/organizacion\/","title":{"rendered":"Organizaci\u00f3n"},"content":{"rendered":"<div class=\"wpb-content-wrapper\"><p>[vc_row][vc_column]<div style=\"background-color:;height: 30pxpx\" class=\"nicdark_section  \"><\/div>[\/vc_column][\/vc_row][vc_row][vc_column][vc_tta_tabs active_section=\u00bb1&#8243; css_animation=\u00bbfadeIn\u00bb][vc_tta_section title=\u00bbJunta Directiva\u00bb tab_id=\u00bb1611964561509-1ef15ab4-0cad\u00bb][vc_row_inner css=\u00bb.vc_custom_1611963551019{padding-top: 40px !important;}\u00bb][vc_column_inner][vc_column_text]<\/p>\n<h3 style=\"text-align: center\"><span style=\"color: #aa0f16\"><strong>Junta Directiva Fe y Alegr\u00eda en Honduras<\/strong><\/span><\/h3>\n<p>[\/vc_column_text][vc_empty_space][vc_column_text]<\/p>\n<h4 style=\"text-align: center\"><span style=\"color: #3a3a3a\"><strong>Jes\u00fas Manuel Sariego Rodr\u00edguez<\/strong><\/span><\/h4>\n<h4 style=\"text-align: center\"><\/h4>\n<p>[\/vc_column_text][vc_column_text]<\/p>\n<h5 style=\"text-align: center\"><span style=\"color: #aa0f16\"><strong>Presidente<\/strong><\/span><\/h5>\n<h4 style=\"text-align: center\"><\/h4>\n<p>[\/vc_column_text][\/vc_column_inner][\/vc_row_inner][vc_row_inner css=\u00bb.vc_custom_1611963551019{padding-top: 40px !important;}\u00bb][vc_column_inner width=\u00bb1\/2&#8243;][vc_column_text]<\/p>\n<h4 style=\"text-align: center\"><span style=\"font-weight: 400;color: #333333\"><strong>Jos\u00e9 Gregorio V\u00e1squez Galvez<\/strong><\/span><\/h4>\n<p>[\/vc_column_text][vc_column_text]<\/p>\n<h5 style=\"text-align: center\"><span style=\"color: #aa0f16\"><strong>Vicepresidente<\/strong><\/span><\/h5>\n<h4 style=\"text-align: center\"><\/h4>\n<p>[\/vc_column_text][\/vc_column_inner][vc_column_inner width=\u00bb1\/2&#8243;][vc_column_text]<\/p>\n<h4 style=\"text-align: center\"><span style=\"font-weight: 400;color: #333333\"><strong>Blanca Aracely Medina Castillo<\/strong><\/span><\/h4>\n<p>[\/vc_column_text][vc_column_text]<\/p>\n<h5 style=\"text-align: center\"><span style=\"color: #aa0f16\"><strong>Secretaria<\/strong><\/span><\/h5>\n<h4 style=\"text-align: center\"><\/h4>\n<p>[\/vc_column_text][\/vc_column_inner][\/vc_row_inner][vc_row_inner css=\u00bb.vc_custom_1611963551019{padding-top: 40px !important;}\u00bb][vc_column_inner width=\u00bb1\/2&#8243;][vc_column_text]<\/p>\n<h4 style=\"text-align: center\"><span style=\"color: #3a3a3a\"><strong>Valent\u00edn Menendez Mart\u00ednez<\/strong><\/span><\/h4>\n<p>[\/vc_column_text][vc_column_text]<\/p>\n<h5 style=\"text-align: center\"><span style=\"color: #aa0f16\"><strong>Tesorero<\/strong><\/span><\/h5>\n<h4 style=\"text-align: center\"><\/h4>\n<p>[\/vc_column_text][\/vc_column_inner][vc_column_inner width=\u00bb1\/2&#8243;][vc_column_text]<\/p>\n<h4 style=\"text-align: center\"><span style=\"font-weight: 400;color: #333333\"><strong>Sandra Margarita Zalaya Padilla<\/strong><\/span><\/h4>\n<h4 style=\"text-align: center\"><\/h4>\n<p>[\/vc_column_text][vc_column_text]<\/p>\n<h5 style=\"text-align: center\"><span style=\"color: #aa0f16\"><strong>Fiscal<\/strong><\/span><\/h5>\n<h4 style=\"text-align: center\"><\/h4>\n<p>[\/vc_column_text][\/vc_column_inner][\/vc_row_inner][\/vc_tta_section][vc_tta_section title=\u00bbConsejo Ejecutivo\u00bb tab_id=\u00bb1611783243157-39daca2f-7afe\u00bb][vc_row_inner css=\u00bb.vc_custom_1611963551019{padding-top: 40px !important;}\u00bb][vc_column_inner width=\u00bb1\/4&#8243;][vc_single_image image=\u00bb2828&#8243; img_size=\u00bb200&#8243; alignment=\u00bbcenter\u00bb style=\u00bbvc_box_border_circle_2&#8243;][vc_column_text]<\/p>\n<h4 style=\"text-align: center\"><span style=\"color: #3a3a3a\"><strong>Miguel Molina<\/strong><\/span><\/h4>\n<h5 style=\"text-align: center\"><span style=\"color: #aa0f16\"><strong>Director Nacional<\/strong><\/span><\/h5>\n<p style=\"text-align: center\"><a href=\"mailto:m.molina@feyalegria.org.hn\"><span style=\"font-weight: 400\">m.molina@feyalegria.org.hn<\/span><\/a><\/p>\n<p>[\/vc_column_text][\/vc_column_inner][vc_column_inner width=\u00bb1\/4&#8243;][vc_single_image image=\u00bb2826&#8243; img_size=\u00bb200&#8243; alignment=\u00bbcenter\u00bb style=\u00bbvc_box_border_circle_2&#8243;][vc_column_text]<\/p>\n<h4 style=\"text-align: center\"><span style=\"font-weight: 400;color: #333333\"><strong>Amanda Abreu<\/strong> <\/span><\/h4>\n<h5 style=\"text-align: center\"><span style=\"color: #aa0f16\"><strong>Administradora<\/strong><\/span><\/h5>\n<h4 style=\"text-align: center\"><\/h4>\n<p style=\"text-align: center\"><a href=\"mailto:a.abreu@feyalegria.org.hn\"><span style=\"font-weight: 400\">a.abreu@feyalegria.org.hn<\/span><\/a><\/p>\n<p>[\/vc_column_text][\/vc_column_inner][vc_column_inner width=\u00bb1\/4&#8243;][vc_single_image image=\u00bb2829&#8243; img_size=\u00bb200&#8243; alignment=\u00bbcenter\u00bb style=\u00bbvc_box_border_circle_2&#8243;][vc_column_text]<\/p>\n<h4 style=\"text-align: center\"><span style=\"color: #3a3a3a\"><strong>Vanessa Urbina<\/strong><\/span><\/h4>\n<h5 style=\"text-align: center\"><span style=\"color: #aa0f16\"><strong>Coordinadora de Planificaci\u00f3n y Proyectos<\/strong><\/span><\/h5>\n<p style=\"text-align: center\"><a href=\"mailto:v.urbina@feyalegria.org.hn\"><span style=\"font-weight: 400\">v.urbina@feyalegria.org.hn<\/span><\/a><\/p>\n<p>[\/vc_column_text][\/vc_column_inner][vc_column_inner width=\u00bb1\/4&#8243;][vc_single_image image=\u00bb2827&#8243; img_size=\u00bb200&#8243; alignment=\u00bbcenter\u00bb style=\u00bbvc_box_border_circle_2&#8243;][vc_column_text]<\/p>\n<h4 style=\"text-align: center\"><span style=\"color: #333333\"><strong>Edwin Manueles<\/strong><\/span><\/h4>\n<h5 style=\"text-align: center\"><span style=\"color: #aa0f16\"><strong>Coordinador de Educaci\u00f3n Popular y Promoci\u00f3n Social<\/strong><\/span><\/h5>\n<p style=\"text-align: center\"><a href=\"mailto:e.manueles@feyalegria.org.hn\"><span style=\"font-weight: 400\">e.manueles@feyalegria.org.hn<\/span><\/a><\/p>\n<p>[\/vc_column_text][\/vc_column_inner][\/vc_row_inner][\/vc_tta_section][\/vc_tta_tabs][\/vc_column][\/vc_row][vc_row][vc_column]<div style=\"background-color:;height: 40px\" class=\"nicdark_section  \"><\/div>[\/vc_column][\/vc_row]<\/p>\n<\/div>","protected":false},"excerpt":{"rendered":"<p>[vc_row][vc_column][\/vc_column][\/vc_row][vc_row][vc_column][vc_tta_tabs active_section=\u00bb1&#8243; css_animation=\u00bbfadeIn\u00bb][vc_tta_section title=\u00bbJunta Directiva\u00bb tab_id=\u00bb1611964561509-1ef15ab4-0cad\u00bb][vc_row_inner css=\u00bb.vc_custom_1611963551019{padding-top: 40px !important;}\u00bb][vc_column_inner][vc_column_text] Junta Directiva Fe y Alegr\u00eda en Honduras [\/vc_column_text][vc_empty_space][vc_column_text] Jes\u00fas Manuel Sariego Rodr\u00edguez [\/vc_column_text][vc_column_text] Presidente [\/vc_column_text][\/vc_column_inner][\/vc_row_inner][vc_row_inner css=\u00bb.vc_custom_1611963551019{padding-top: 40px !important;}\u00bb][vc_column_inner width=\u00bb1\/2&#8243;][vc_column_text] Jos\u00e9 Gregorio V\u00e1squez Galvez [\/vc_column_text][vc_column_text] Vicepresidente [\/vc_column_text][\/vc_column_inner][vc_column_inner width=\u00bb1\/2&#8243;][vc_column_text] Blanca Aracely Medina Castillo [\/vc_column_text][vc_column_text] Secretaria [\/vc_column_text][\/vc_column_inner][\/vc_row_inner][vc_row_inner css=\u00bb.vc_custom_1611963551019{padding-top: 40px !important;}\u00bb][vc_column_inner width=\u00bb1\/2&#8243;][vc_column_text] Valent\u00edn Menendez Mart\u00ednez [\/vc_column_text][vc_column_text] Tesorero [\/vc_column_text][\/vc_column_inner][vc_column_inner width=\u00bb1\/2&#8243;][vc_column_text] Sandra<\/p>\n","protected":false},"author":19,"featured_media":0,"parent":0,"menu_order":0,"comment_status":"closed","ping_status":"closed","template":"","meta":{"_acf_changed":false,"footnotes":""},"folder":[],"class_list":["post-505","page","type-page","status-publish","hentry"],"acf":[],"yoast_head":"<!-- This site is optimized with the Yoast SEO plugin v27.2 - https:\/\/yoast.com\/product\/yoast-seo-wordpress\/ -->\n<title>Organizaci\u00f3n - #SomosFeyAlegr\u00eda en Honduras<\/title>\n<meta name=\"robots\" content=\"index, follow, max-snippet:-1, max-image-preview:large, max-video-preview:-1\" \/>\n<link rel=\"canonical\" href=\"https:\/\/www.feyalegria.org\/honduras\/organizacion\/\" \/>\n<meta property=\"og:locale\" content=\"es_ES\" \/>\n<meta property=\"og:type\" content=\"article\" \/>\n<meta property=\"og:title\" content=\"Organizaci\u00f3n - #SomosFeyAlegr\u00eda en Honduras\" \/>\n<meta property=\"og:description\" content=\"[vc_row][vc_column][\/vc_column][\/vc_row][vc_row][vc_column][vc_tta_tabs active_section=\u00bb1&#8243; css_animation=\u00bbfadeIn\u00bb][vc_tta_section title=\u00bbJunta Directiva\u00bb tab_id=\u00bb1611964561509-1ef15ab4-0cad\u00bb][vc_row_inner css=\u00bb.vc_custom_1611963551019{padding-top: 40px !important;}\u00bb][vc_column_inner][vc_column_text] Junta Directiva Fe y Alegr\u00eda en Honduras [\/vc_column_text][vc_empty_space][vc_column_text] Jes\u00fas Manuel Sariego Rodr\u00edguez [\/vc_column_text][vc_column_text] Presidente [\/vc_column_text][\/vc_column_inner][\/vc_row_inner][vc_row_inner css=\u00bb.vc_custom_1611963551019{padding-top: 40px !important;}\u00bb][vc_column_inner width=\u00bb1\/2&#8243;][vc_column_text] Jos\u00e9 Gregorio V\u00e1squez Galvez [\/vc_column_text][vc_column_text] Vicepresidente [\/vc_column_text][\/vc_column_inner][vc_column_inner width=\u00bb1\/2&#8243;][vc_column_text] Blanca Aracely Medina Castillo [\/vc_column_text][vc_column_text] Secretaria [\/vc_column_text][\/vc_column_inner][\/vc_row_inner][vc_row_inner css=\u00bb.vc_custom_1611963551019{padding-top: 40px !important;}\u00bb][vc_column_inner width=\u00bb1\/2&#8243;][vc_column_text] Valent\u00edn Menendez Mart\u00ednez [\/vc_column_text][vc_column_text] Tesorero [\/vc_column_text][\/vc_column_inner][vc_column_inner width=\u00bb1\/2&#8243;][vc_column_text] Sandra\" \/>\n<meta property=\"og:url\" content=\"https:\/\/www.feyalegria.org\/honduras\/organizacion\/\" \/>\n<meta property=\"og:site_name\" content=\"#SomosFeyAlegr\u00eda en Honduras\" \/>\n<meta property=\"article:modified_time\" content=\"2021-03-22T15:56:22+00:00\" \/>\n<meta name=\"twitter:card\" content=\"summary_large_image\" \/>\n<meta name=\"twitter:label1\" content=\"Tiempo de lectura\" \/>\n\t<meta name=\"twitter:data1\" content=\"2 minutos\" \/>\n<script type=\"application\/ld+json\" class=\"yoast-schema-graph\">{\"@context\":\"https:\/\/schema.org\",\"@graph\":[{\"@type\":\"WebPage\",\"@id\":\"https:\/\/www.feyalegria.org\/honduras\/organizacion\/\",\"url\":\"https:\/\/www.feyalegria.org\/honduras\/organizacion\/\",\"name\":\"Organizaci\u00f3n - #SomosFeyAlegr\u00eda en Honduras\",\"isPartOf\":{\"@id\":\"https:\/\/www.feyalegria.org\/honduras\/#website\"},\"datePublished\":\"2020-07-06T17:55:48+00:00\",\"dateModified\":\"2021-03-22T15:56:22+00:00\",\"breadcrumb\":{\"@id\":\"https:\/\/www.feyalegria.org\/honduras\/organizacion\/#breadcrumb\"},\"inLanguage\":\"es\",\"potentialAction\":[{\"@type\":\"ReadAction\",\"target\":[\"https:\/\/www.feyalegria.org\/honduras\/organizacion\/\"]}]},{\"@type\":\"BreadcrumbList\",\"@id\":\"https:\/\/www.feyalegria.org\/honduras\/organizacion\/#breadcrumb\",\"itemListElement\":[{\"@type\":\"ListItem\",\"position\":1,\"name\":\"Home\",\"item\":\"https:\/\/www.feyalegria.org\/honduras\/\"},{\"@type\":\"ListItem\",\"position\":2,\"name\":\"Organizaci\u00f3n\"}]},{\"@type\":\"WebSite\",\"@id\":\"https:\/\/www.feyalegria.org\/honduras\/#website\",\"url\":\"https:\/\/www.feyalegria.org\/honduras\/\",\"name\":\"#SomosFeyAlegr\u00eda en Honduras\",\"description\":\"Movimiento de Educaci\u00f3n Popular y Promoci\u00f3n Social\",\"potentialAction\":[{\"@type\":\"SearchAction\",\"target\":{\"@type\":\"EntryPoint\",\"urlTemplate\":\"https:\/\/www.feyalegria.org\/honduras\/?s={search_term_string}\"},\"query-input\":{\"@type\":\"PropertyValueSpecification\",\"valueRequired\":true,\"valueName\":\"search_term_string\"}}],\"inLanguage\":\"es\"}]}<\/script>\n<!-- \/ Yoast SEO plugin. -->","yoast_head_json":{"title":"Organizaci\u00f3n - #SomosFeyAlegr\u00eda en Honduras","robots":{"index":"index","follow":"follow","max-snippet":"max-snippet:-1","max-image-preview":"max-image-preview:large","max-video-preview":"max-video-preview:-1"},"canonical":"https:\/\/www.feyalegria.org\/honduras\/organizacion\/","og_locale":"es_ES","og_type":"article","og_title":"Organizaci\u00f3n - #SomosFeyAlegr\u00eda en Honduras","og_description":"[vc_row][vc_column][\/vc_column][\/vc_row][vc_row][vc_column][vc_tta_tabs active_section=\u00bb1&#8243; css_animation=\u00bbfadeIn\u00bb][vc_tta_section title=\u00bbJunta Directiva\u00bb tab_id=\u00bb1611964561509-1ef15ab4-0cad\u00bb][vc_row_inner css=\u00bb.vc_custom_1611963551019{padding-top: 40px !important;}\u00bb][vc_column_inner][vc_column_text] Junta Directiva Fe y Alegr\u00eda en Honduras [\/vc_column_text][vc_empty_space][vc_column_text] Jes\u00fas Manuel Sariego Rodr\u00edguez [\/vc_column_text][vc_column_text] Presidente [\/vc_column_text][\/vc_column_inner][\/vc_row_inner][vc_row_inner css=\u00bb.vc_custom_1611963551019{padding-top: 40px !important;}\u00bb][vc_column_inner width=\u00bb1\/2&#8243;][vc_column_text] Jos\u00e9 Gregorio V\u00e1squez Galvez [\/vc_column_text][vc_column_text] Vicepresidente [\/vc_column_text][\/vc_column_inner][vc_column_inner width=\u00bb1\/2&#8243;][vc_column_text] Blanca Aracely Medina Castillo [\/vc_column_text][vc_column_text] Secretaria [\/vc_column_text][\/vc_column_inner][\/vc_row_inner][vc_row_inner css=\u00bb.vc_custom_1611963551019{padding-top: 40px !important;}\u00bb][vc_column_inner width=\u00bb1\/2&#8243;][vc_column_text] Valent\u00edn Menendez Mart\u00ednez [\/vc_column_text][vc_column_text] Tesorero [\/vc_column_text][\/vc_column_inner][vc_column_inner width=\u00bb1\/2&#8243;][vc_column_text] Sandra","og_url":"https:\/\/www.feyalegria.org\/honduras\/organizacion\/","og_site_name":"#SomosFeyAlegr\u00eda en Honduras","article_modified_time":"2021-03-22T15:56:22+00:00","twitter_card":"summary_large_image","twitter_misc":{"Tiempo de lectura":"2 minutos"},"schema":{"@context":"https:\/\/schema.org","@graph":[{"@type":"WebPage","@id":"https:\/\/www.feyalegria.org\/honduras\/organizacion\/","url":"https:\/\/www.feyalegria.org\/honduras\/organizacion\/","name":"Organizaci\u00f3n - #SomosFeyAlegr\u00eda en Honduras","isPartOf":{"@id":"https:\/\/www.feyalegria.org\/honduras\/#website"},"datePublished":"2020-07-06T17:55:48+00:00","dateModified":"2021-03-22T15:56:22+00:00","breadcrumb":{"@id":"https:\/\/www.feyalegria.org\/honduras\/organizacion\/#breadcrumb"},"inLanguage":"es","potentialAction":[{"@type":"ReadAction","target":["https:\/\/www.feyalegria.org\/honduras\/organizacion\/"]}]},{"@type":"BreadcrumbList","@id":"https:\/\/www.feyalegria.org\/honduras\/organizacion\/#breadcrumb","itemListElement":[{"@type":"ListItem","position":1,"name":"Home","item":"https:\/\/www.feyalegria.org\/honduras\/"},{"@type":"ListItem","position":2,"name":"Organizaci\u00f3n"}]},{"@type":"WebSite","@id":"https:\/\/www.feyalegria.org\/honduras\/#website","url":"https:\/\/www.feyalegria.org\/honduras\/","name":"#SomosFeyAlegr\u00eda en Honduras","description":"Movimiento de Educaci\u00f3n Popular y Promoci\u00f3n Social","potentialAction":[{"@type":"SearchAction","target":{"@type":"EntryPoint","urlTemplate":"https:\/\/www.feyalegria.org\/honduras\/?s={search_term_string}"},"query-input":{"@type":"PropertyValueSpecification","valueRequired":true,"valueName":"search_term_string"}}],"inLanguage":"es"}]}},"_links":{"self":[{"href":"https:\/\/www.feyalegria.org\/honduras\/wp-json\/wp\/v2\/pages\/505","targetHints":{"allow":["GET"]}}],"collection":[{"href":"https:\/\/www.feyalegria.org\/honduras\/wp-json\/wp\/v2\/pages"}],"about":[{"href":"https:\/\/www.feyalegria.org\/honduras\/wp-json\/wp\/v2\/types\/page"}],"author":[{"embeddable":true,"href":"https:\/\/www.feyalegria.org\/honduras\/wp-json\/wp\/v2\/users\/19"}],"replies":[{"embeddable":true,"href":"https:\/\/www.feyalegria.org\/honduras\/wp-json\/wp\/v2\/comments?post=505"}],"version-history":[{"count":0,"href":"https:\/\/www.feyalegria.org\/honduras\/wp-json\/wp\/v2\/pages\/505\/revisions"}],"wp:attachment":[{"href":"https:\/\/www.feyalegria.org\/honduras\/wp-json\/wp\/v2\/media?parent=505"}],"wp:term":[{"taxonomy":"folder","embeddable":true,"href":"https:\/\/www.feyalegria.org\/honduras\/wp-json\/wp\/v2\/folder?post=505"}],"curies":[{"name":"wp","href":"https:\/\/api.w.org\/{rel}","templated":true}]}}